{"id":51,"date":"2025-08-19T15:19:36","date_gmt":"2025-08-19T18:19:36","guid":{"rendered":"http:\/\/institutos.ufrrj.br\/ichs\/?page_id=51"},"modified":"2025-08-19T16:36:13","modified_gmt":"2025-08-19T19:36:13","slug":"cursos_mestrado_doutorado","status":"publish","type":"page","link":"https:\/\/institutos.ufrrj.br\/ichs\/curso-de-graduacao\/pos-graduacao\/cursos_mestrado_doutorado\/","title":{"rendered":"Mestrado e Doutorado"},"content":{"rendered":"<p><strong>Mestrado e Doutorado em Ci\u00eancias Sociais<\/strong><\/p>\n<p><strong>Coordenador(a):<\/strong> Ana Paula Perrota Franco<\/p>\n<p><strong>Vice-Coordenador(a):<\/strong>\u00a0 Annelise Caetano Fraga Fernandez<\/p>\n<p><strong>Link para a p\u00e1gina do programa:<\/strong> <a href=\"https:\/\/ppgcs.ufrrj.br\/\">https:\/\/ppgcs.ufrrj.br\/<\/a><\/p>\n<p>&nbsp;<\/p>\n<p><strong> Mestrado e Doutorado em\u00a0Ci\u00eancias Sociais &#8211; Desenvolvimento, Agricultura e Sociedade (CPDA)<\/strong><\/p>\n<p><strong>Coordenador(a):<\/strong> D\u00e9bora Franco Lerrer<\/p>\n<p><strong>Vice-Coordenador(a):<\/strong> Leonardo Oct\u00e1vio Belinelli<\/p>\n<p><strong>Link para a p\u00e1gina do programa:<\/strong> <a href=\"https:\/\/institucional.ufrrj.br\/portalcpda\/\">https:\/\/institucional.ufrrj.br\/portalcpda\/<\/a><\/p>\n<p><strong>\u00a0<\/strong><\/p>\n<p><strong>Mestrado e Doutorado em Hist\u00f3ria<\/strong><\/p>\n<p><strong>Coordenador(a): <\/strong>Maria da Gl\u00f3ria de Oliveira<\/p>\n<p><strong>Vice-Coordenador(a): <\/strong>Carolina Gual da Silva<\/p>\n<p><strong>Link para a p\u00e1gina do programa<\/strong><strong>:<\/strong> <a href=\"http:\/\/cursos.ufrrj.br\/posgraduacao\/pphr\">http:\/\/cursos.ufrrj.br\/posgraduacao\/pphr<\/a><\/p>\n<p>&nbsp;<\/p>\n<p><strong>Mestrado PROFHIST\u00d3RIA (Cons\u00f3rcio Nacional)<\/strong><\/p>\n<p><strong>Coordenador(a):<\/strong> Patr\u00edcia Bastos de Azevedo<\/p>\n<p><strong>Vice-Coordenador(a):<\/strong> Fabiana de Moura Maia Rodrigues<\/p>\n<p><strong>Link para a p\u00e1gina do programa<\/strong>: <a href=\"https:\/\/sigaa.ufrrj.br\/sigaa\/public\/programa\/apresentacao.jsf?lc=pt_BR&amp;id=7649\">https:\/\/sigaa.ufrrj.br\/sigaa\/public\/programa\/apresentacao.jsf?lc=pt_BR&amp;id=7649<\/a><\/p>\n<p><strong>\u00a0<\/strong><\/p>\n<p><strong>Mestrado em Filosofia<\/strong><\/p>\n<p><strong>Coordenador(a): <\/strong>Francisco Jos\u00e9 Dias de Moraes<\/p>\n<p><strong>Vice-Coordenador(a):<\/strong> Alessandro Bandeira Duarte<\/p>\n<p><strong>Link para a p\u00e1gina do programa<\/strong><strong>:<\/strong> <a href=\"http:\/\/cursos.ufrrj.br\/posgraduacao\/ppgfil\/\">http:\/\/cursos.ufrrj.br\/posgraduacao\/ppgfil\/<\/a><\/p>\n<p>&nbsp;<\/p>\n<p><strong>Mestrado PROFLETRAS (Cons\u00f3rcio Nacional) <\/strong><\/p>\n<p><strong>Coordenador(a): <\/strong>R\u00edvia Silveira Fonseca<\/p>\n<p><strong>Vice-Coordenador(a): <\/strong>Wagner Alexandre dos Santos Costa<\/p>\n<p><strong>Link para a p\u00e1gina do programa<\/strong><strong>:<\/strong> <a href=\"http:\/\/www.comperve.ufrn.br\/conteudo\/posgraduacao.php\">http:\/\/www.comperve.ufrn.br\/conteudo\/posgraduacao.php<\/a><\/p>\n","protected":false},"excerpt":{"rendered":"<p>Mestrado e Doutorado em Ci\u00eancias Sociais Coordenador(a): Ana Paula Perrota Franco Vice-Coordenador(a):\u00a0 Annelise Caetano Fraga Fernandez Link para a p\u00e1gina do programa: [&hellip;]<\/p>\n","protected":false},"author":20,"featured_media":0,"parent":98,"menu_order":0,"comment_status":"open","ping_status":"closed","template":"","meta":{"_acf_changed":false,"_themeisle_gutenberg_block_has_review":false,"footnotes":"","_links_to":"","_links_to_target":""},"class_list":["post-51","page","type-page","status-publish","hentry"],"acf":[],"yoast_head":"<!-- This site is optimized with the Yoast SEO plugin v26.8 - https:\/\/yoast.com\/product\/yoast-seo-wordpress\/ -->\n<title>Mestrado e Doutorado - ICHS - Instituto de Ci\u00eancias Humanas e Sociais<\/title>\n<meta name=\"robots\" content=\"index, follow, max-snippet:-1, max-image-preview:large, max-video-preview:-1\" \/>\n<link rel=\"canonical\" href=\"https:\/\/institutos.ufrrj.br\/ichs\/curso-de-graduacao\/pos-graduacao\/cursos_mestrado_doutorado\/\" \/>\n<meta property=\"og:locale\" content=\"pt_BR\" \/>\n<meta property=\"og:type\" content=\"article\" \/>\n<meta property=\"og:title\" content=\"Mestrado e Doutorado - ICHS - Instituto de Ci\u00eancias Humanas e Sociais\" \/>\n<meta property=\"og:description\" content=\"Mestrado e Doutorado em Ci\u00eancias Sociais Coordenador(a): Ana Paula Perrota Franco Vice-Coordenador(a):\u00a0 Annelise Caetano Fraga Fernandez Link para a p\u00e1gina do programa: [&hellip;]\" \/>\n<meta property=\"og:url\" content=\"https:\/\/institutos.ufrrj.br\/ichs\/curso-de-graduacao\/pos-graduacao\/cursos_mestrado_doutorado\/\" \/>\n<meta property=\"og:site_name\" content=\"ICHS - Instituto de Ci\u00eancias Humanas e Sociais\" \/>\n<meta property=\"article:publisher\" content=\"https:\/\/www.facebook.com\/people\/Instituto-de-Cincias-Humanas-e-Sociais-ichsufrrj\/100064717788841\/\" \/>\n<meta property=\"article:modified_time\" content=\"2025-08-19T19:36:13+00:00\" \/>\n<meta name=\"twitter:card\" content=\"summary_large_image\" \/>\n<meta name=\"twitter:label1\" content=\"Est. tempo de leitura\" \/>\n\t<meta name=\"twitter:data1\" content=\"1 minuto\" \/>\n<script type=\"application\/ld+json\" class=\"yoast-schema-graph\">{\"@context\":\"https:\/\/schema.org\",\"@graph\":[{\"@type\":\"WebPage\",\"@id\":\"https:\/\/institutos.ufrrj.br\/ichs\/curso-de-graduacao\/pos-graduacao\/cursos_mestrado_doutorado\/\",\"url\":\"https:\/\/institutos.ufrrj.br\/ichs\/curso-de-graduacao\/pos-graduacao\/cursos_mestrado_doutorado\/\",\"name\":\"Mestrado e Doutorado - ICHS - Instituto de Ci\u00eancias Humanas e Sociais\",\"isPartOf\":{\"@id\":\"https:\/\/institutos.ufrrj.br\/ichs\/#website\"},\"datePublished\":\"2025-08-19T18:19:36+00:00\",\"dateModified\":\"2025-08-19T19:36:13+00:00\",\"breadcrumb\":{\"@id\":\"https:\/\/institutos.ufrrj.br\/ichs\/curso-de-graduacao\/pos-graduacao\/cursos_mestrado_doutorado\/#breadcrumb\"},\"inLanguage\":\"pt-BR\",\"potentialAction\":[{\"@type\":\"ReadAction\",\"target\":[\"https:\/\/institutos.ufrrj.br\/ichs\/curso-de-graduacao\/pos-graduacao\/cursos_mestrado_doutorado\/\"]}]},{\"@type\":\"BreadcrumbList\",\"@id\":\"https:\/\/institutos.ufrrj.br\/ichs\/curso-de-graduacao\/pos-graduacao\/cursos_mestrado_doutorado\/#breadcrumb\",\"itemListElement\":[{\"@type\":\"ListItem\",\"position\":1,\"name\":\"In\u00edcio\",\"item\":\"https:\/\/institutos.ufrrj.br\/ichs\/\"},{\"@type\":\"ListItem\",\"position\":2,\"name\":\"Cursos de Gradua\u00e7\u00e3o\",\"item\":\"https:\/\/institutos.ufrrj.br\/ichs\/curso-de-graduacao\/\"},{\"@type\":\"ListItem\",\"position\":3,\"name\":\"Cursos de P\u00f3s-Gradua\u00e7\u00e3o\",\"item\":\"https:\/\/institutos.ufrrj.br\/ichs\/curso-de-graduacao\/pos-graduacao\/\"},{\"@type\":\"ListItem\",\"position\":4,\"name\":\"Mestrado e Doutorado\"}]},{\"@type\":\"WebSite\",\"@id\":\"https:\/\/institutos.ufrrj.br\/ichs\/#website\",\"url\":\"https:\/\/institutos.ufrrj.br\/ichs\/\",\"name\":\"ICHS - Instituto de Ci\u00eancias Humanas e Sociais\",\"description\":\"UFRRJ\",\"publisher\":{\"@id\":\"https:\/\/institutos.ufrrj.br\/ichs\/#organization\"},\"potentialAction\":[{\"@type\":\"SearchAction\",\"target\":{\"@type\":\"EntryPoint\",\"urlTemplate\":\"https:\/\/institutos.ufrrj.br\/ichs\/?s={search_term_string}\"},\"query-input\":{\"@type\":\"PropertyValueSpecification\",\"valueRequired\":true,\"valueName\":\"search_term_string\"}}],\"inLanguage\":\"pt-BR\"},{\"@type\":\"Organization\",\"@id\":\"https:\/\/institutos.ufrrj.br\/ichs\/#organization\",\"name\":\"UFRRJ - Universidade Federal Rural do Rio de Janeiro\",\"url\":\"https:\/\/institutos.ufrrj.br\/ichs\/\",\"logo\":{\"@type\":\"ImageObject\",\"inLanguage\":\"pt-BR\",\"@id\":\"https:\/\/institutos.ufrrj.br\/ichs\/#\/schema\/logo\/image\/\",\"url\":\"https:\/\/institutos.ufrrj.br\/ichs\/wp-content\/uploads\/sites\/100\/2026\/01\/ichs-removebg-preview.png\",\"contentUrl\":\"https:\/\/institutos.ufrrj.br\/ichs\/wp-content\/uploads\/sites\/100\/2026\/01\/ichs-removebg-preview.png\",\"width\":500,\"height\":500,\"caption\":\"UFRRJ - Universidade Federal Rural do Rio de Janeiro\"},\"image\":{\"@id\":\"https:\/\/institutos.ufrrj.br\/ichs\/#\/schema\/logo\/image\/\"},\"sameAs\":[\"https:\/\/www.facebook.com\/people\/Instituto-de-Cincias-Humanas-e-Sociais-ichsufrrj\/100064717788841\/\"]}]}<\/script>\n<!-- \/ Yoast SEO plugin. -->","yoast_head_json":{"title":"Mestrado e Doutorado - ICHS - Instituto de Ci\u00eancias Humanas e Sociais","robots":{"index":"index","follow":"follow","max-snippet":"max-snippet:-1","max-image-preview":"max-image-preview:large","max-video-preview":"max-video-preview:-1"},"canonical":"https:\/\/institutos.ufrrj.br\/ichs\/curso-de-graduacao\/pos-graduacao\/cursos_mestrado_doutorado\/","og_locale":"pt_BR","og_type":"article","og_title":"Mestrado e Doutorado - ICHS - Instituto de Ci\u00eancias Humanas e Sociais","og_description":"Mestrado e Doutorado em Ci\u00eancias Sociais Coordenador(a): Ana Paula Perrota Franco Vice-Coordenador(a):\u00a0 Annelise Caetano Fraga Fernandez Link para a p\u00e1gina do programa: [&hellip;]","og_url":"https:\/\/institutos.ufrrj.br\/ichs\/curso-de-graduacao\/pos-graduacao\/cursos_mestrado_doutorado\/","og_site_name":"ICHS - Instituto de Ci\u00eancias Humanas e Sociais","article_publisher":"https:\/\/www.facebook.com\/people\/Instituto-de-Cincias-Humanas-e-Sociais-ichsufrrj\/100064717788841\/","article_modified_time":"2025-08-19T19:36:13+00:00","twitter_card":"summary_large_image","twitter_misc":{"Est. tempo de leitura":"1 minuto"},"schema":{"@context":"https:\/\/schema.org","@graph":[{"@type":"WebPage","@id":"https:\/\/institutos.ufrrj.br\/ichs\/curso-de-graduacao\/pos-graduacao\/cursos_mestrado_doutorado\/","url":"https:\/\/institutos.ufrrj.br\/ichs\/curso-de-graduacao\/pos-graduacao\/cursos_mestrado_doutorado\/","name":"Mestrado e Doutorado - ICHS - Instituto de Ci\u00eancias Humanas e Sociais","isPartOf":{"@id":"https:\/\/institutos.ufrrj.br\/ichs\/#website"},"datePublished":"2025-08-19T18:19:36+00:00","dateModified":"2025-08-19T19:36:13+00:00","breadcrumb":{"@id":"https:\/\/institutos.ufrrj.br\/ichs\/curso-de-graduacao\/pos-graduacao\/cursos_mestrado_doutorado\/#breadcrumb"},"inLanguage":"pt-BR","potentialAction":[{"@type":"ReadAction","target":["https:\/\/institutos.ufrrj.br\/ichs\/curso-de-graduacao\/pos-graduacao\/cursos_mestrado_doutorado\/"]}]},{"@type":"BreadcrumbList","@id":"https:\/\/institutos.ufrrj.br\/ichs\/curso-de-graduacao\/pos-graduacao\/cursos_mestrado_doutorado\/#breadcrumb","itemListElement":[{"@type":"ListItem","position":1,"name":"In\u00edcio","item":"https:\/\/institutos.ufrrj.br\/ichs\/"},{"@type":"ListItem","position":2,"name":"Cursos de Gradua\u00e7\u00e3o","item":"https:\/\/institutos.ufrrj.br\/ichs\/curso-de-graduacao\/"},{"@type":"ListItem","position":3,"name":"Cursos de P\u00f3s-Gradua\u00e7\u00e3o","item":"https:\/\/institutos.ufrrj.br\/ichs\/curso-de-graduacao\/pos-graduacao\/"},{"@type":"ListItem","position":4,"name":"Mestrado e Doutorado"}]},{"@type":"WebSite","@id":"https:\/\/institutos.ufrrj.br\/ichs\/#website","url":"https:\/\/institutos.ufrrj.br\/ichs\/","name":"ICHS - Instituto de Ci\u00eancias Humanas e Sociais","description":"UFRRJ","publisher":{"@id":"https:\/\/institutos.ufrrj.br\/ichs\/#organization"},"potentialAction":[{"@type":"SearchAction","target":{"@type":"EntryPoint","urlTemplate":"https:\/\/institutos.ufrrj.br\/ichs\/?s={search_term_string}"},"query-input":{"@type":"PropertyValueSpecification","valueRequired":true,"valueName":"search_term_string"}}],"inLanguage":"pt-BR"},{"@type":"Organization","@id":"https:\/\/institutos.ufrrj.br\/ichs\/#organization","name":"UFRRJ - Universidade Federal Rural do Rio de Janeiro","url":"https:\/\/institutos.ufrrj.br\/ichs\/","logo":{"@type":"ImageObject","inLanguage":"pt-BR","@id":"https:\/\/institutos.ufrrj.br\/ichs\/#\/schema\/logo\/image\/","url":"https:\/\/institutos.ufrrj.br\/ichs\/wp-content\/uploads\/sites\/100\/2026\/01\/ichs-removebg-preview.png","contentUrl":"https:\/\/institutos.ufrrj.br\/ichs\/wp-content\/uploads\/sites\/100\/2026\/01\/ichs-removebg-preview.png","width":500,"height":500,"caption":"UFRRJ - Universidade Federal Rural do Rio de Janeiro"},"image":{"@id":"https:\/\/institutos.ufrrj.br\/ichs\/#\/schema\/logo\/image\/"},"sameAs":["https:\/\/www.facebook.com\/people\/Instituto-de-Cincias-Humanas-e-Sociais-ichsufrrj\/100064717788841\/"]}]}},"_links":{"self":[{"href":"https:\/\/institutos.ufrrj.br\/ichs\/wp-json\/wp\/v2\/pages\/51","targetHints":{"allow":["GET"]}}],"collection":[{"href":"https:\/\/institutos.ufrrj.br\/ichs\/wp-json\/wp\/v2\/pages"}],"about":[{"href":"https:\/\/institutos.ufrrj.br\/ichs\/wp-json\/wp\/v2\/types\/page"}],"author":[{"embeddable":true,"href":"https:\/\/institutos.ufrrj.br\/ichs\/wp-json\/wp\/v2\/users\/20"}],"replies":[{"embeddable":true,"href":"https:\/\/institutos.ufrrj.br\/ichs\/wp-json\/wp\/v2\/comments?post=51"}],"version-history":[{"count":23,"href":"https:\/\/institutos.ufrrj.br\/ichs\/wp-json\/wp\/v2\/pages\/51\/revisions"}],"predecessor-version":[{"id":3247,"href":"https:\/\/institutos.ufrrj.br\/ichs\/wp-json\/wp\/v2\/pages\/51\/revisions\/3247"}],"up":[{"embeddable":true,"href":"https:\/\/institutos.ufrrj.br\/ichs\/wp-json\/wp\/v2\/pages\/98"}],"wp:attachment":[{"href":"https:\/\/institutos.ufrrj.br\/ichs\/wp-json\/wp\/v2\/media?parent=51"}],"curies":[{"name":"wp","href":"https:\/\/api.w.org\/{rel}","templated":true}]}}