{"id":610,"date":"2016-02-15T12:55:55","date_gmt":"2016-02-15T12:55:55","guid":{"rendered":"http:\/\/institutos.ufrrj.br\/ichs\/?page_id=610"},"modified":"2026-01-29T09:40:01","modified_gmt":"2026-01-29T12:40:01","slug":"direcao","status":"publish","type":"page","link":"https:\/\/institutos.ufrrj.br\/ichs\/o-ichs\/direcao\/","title":{"rendered":"Dire\u00e7\u00e3o"},"content":{"rendered":"<p>O \u00a0Instituto de Ci\u00eancias Humanas e Sociais (ICHS) \u00e9 uma unidade acad\u00eamica e administrativa da UFRRJ, que congrega\u00a0\u00a0<strong>7 departamentos, 8 cursos gradua\u00e7\u00e3o presencial e 5 programas e p\u00f3s-gradua\u00e7\u00e3o que ofertam curso de mestrado e doutorado, <\/strong>\u00a0atendendo a cerca de 2.600 mil alunos \u00a0(entre graduandos e p\u00f3s-graduandos),\u00a0contando com um quadro de 36 t\u00e9cnicos-administrativos e 170 professores efetivos, em sua maioria mestres e doutores.<\/p>\n<p>Atualmente os cursos de gradua\u00e7\u00e3o ofertados pelo ICHS s\u00e3o em\u00a0\u00a0<strong><a href=\"http:\/\/institutos.ufrrj.br\/ichs\/curso-de-graduacao\/belas-artes\/\" target=\"_blank\" rel=\"noopener noreferrer\">Belas Artes<\/a>,\u00a0<a href=\"http:\/\/institutos.ufrrj.br\/ichs\/curso-de-graduacao\/coordenacao-de-ciencias-sociais\/\" target=\"_blank\" rel=\"noopener noreferrer\">Ci\u00eancias Sociais<\/a>,\u00a0<a href=\"http:\/\/institutos.ufrrj.br\/ichs\/curso-de-graduacao\/curso-de-direito\/\" target=\"_blank\" rel=\"noopener noreferrer\">Direito<\/a>,\u00a0<a href=\"http:\/\/institutos.ufrrj.br\/ichs\/curso-de-graduacao\/curso-de-filosofia\/\" target=\"_blank\" rel=\"noopener noreferrer\">Filosofia<\/a>,\u00a0<a href=\"http:\/\/institutos.ufrrj.br\/ichs\/curso-de-graduacao\/curso-de-historia\/\" target=\"_blank\" rel=\"noopener noreferrer\">Hist\u00f3ria<\/a>,\u00a0<a href=\"http:\/\/institutos.ufrrj.br\/ichs\/curso-de-graduacao\/curso-de-letras\/\" target=\"_blank\" rel=\"noopener noreferrer\">Letras<\/a>,\u00a0<a href=\"http:\/\/institutos.ufrrj.br\/ichs\/curso-de-graduacao\/jornalismo\/\" target=\"_blank\" rel=\"noopener noreferrer\">Jornalismo<\/a>\u00a0e\u00a0<a href=\"http:\/\/institutos.ufrrj.br\/ichs\/curso-de-graduacao\/curso-de-relacoes-internacionais\/\" target=\"_blank\" rel=\"noopener noreferrer\">Rela\u00e7\u00f5es Internacionais<\/a>. \u00a0<\/strong>J\u00e1 os diversos programas de p\u00f3s-gradua\u00e7\u00e3o oferecem os cursos de mestrado acad\u00eamicos em <a href=\"http:\/\/institutos.ufrrj.br\/ichs\/curso-de-graduacao\/pos-graduacao\/cursos_mestrado_doutorado\/\"><strong>Hist\u00f3ria<\/strong>, <strong>Ci\u00eancias Sociais<\/strong>, <strong>Filosofia<\/strong> e <strong>Ci\u00eancias Sociais em Desenvolvimento, Agricultura e Sociedade<\/strong><\/a>; os mestrados profissionais de Letras e de Hist\u00f3ria; e os cursos de doutorado em <a href=\"http:\/\/institutos.ufrrj.br\/ichs\/curso-de-graduacao\/pos-graduacao\/cursos_mestrado_doutorado\/\"><strong>Hist\u00f3ria, Ci\u00eancias Sociais<\/strong> e em <strong>Ci\u00eancias Sociais em Desenvolvimento, Agricultura e Sociedade<\/strong>.<\/a><\/p>\n<p>A atual dire\u00e7\u00e3o (2024-2028) \u00e9 composta pelos professores Fl\u00e1via Braga Vieira e Luiz Felipe Brand\u00e3o Os\u00f3rio.<\/p>\n<p><a href=\"http:\/\/institutos.ufrrj.br\/ichs\/wp-content\/uploads\/sites\/100\/2021\/03\/Flavia-Vieira.png\"><img loading=\"lazy\" decoding=\"async\" class=\" wp-image-1195\" src=\"http:\/\/institutos.ufrrj.br\/ichs\/wp-content\/uploads\/sites\/100\/2021\/03\/Flavia-Vieira.png\" alt=\"\" width=\"159\" height=\"218\" \/><\/a><\/p>\n<p><strong>Fl\u00e1via Braga Vieira<\/strong><\/p>\n<p>Soci\u00f3loga e Doutora em Planejamento Urbano e Regional pela Universidade Federal do Rio de Janeiro (UFRJ). Desde 2010 \u00e9 Professora da Universidade Federal Rural do Rio de Janeiro (UFRRJ) onde desenvolve projetos de pesquisa e extens\u00e3o e leciona na gradua\u00e7\u00e3o e no Programa de P\u00f3s-gradua\u00e7\u00e3o em Ci\u00eancias Sociais (PPGCS). Coordena a Assessoria T\u00e9cnica e Educacional Meio Ambiente e Barragens (ATEMAB), programa de extens\u00e3o com mais de 20 anos de atividade. Tem desenvolvido e orientado pesquisas nas seguintes \u00e1reas: globaliza\u00e7\u00e3o, movimentos sociais, Estado e pol\u00edticas p\u00fablicas, desenvolvimento e conflitos socioambientais, Am\u00e9rica Latina.<\/p>\n<p>Plataforma lattes: <a href=\"http:\/\/lattes.cnpq.br\/2951088346516057\">http:\/\/lattes.cnpq.br\/2951088346516057<\/a><\/p>\n<hr \/>\n<p><a href=\"http:\/\/institutos.ufrrj.br\/ichs\/wp-content\/uploads\/sites\/100\/2021\/03\/Luiz-Felipe.png\"><img loading=\"lazy\" decoding=\"async\" class=\" wp-image-1196\" src=\"http:\/\/institutos.ufrrj.br\/ichs\/wp-content\/uploads\/sites\/100\/2021\/03\/Luiz-Felipe.png\" alt=\"\" width=\"148\" height=\"203\" \/><\/a><\/p>\n<p><strong>Luiz Felipe Brand\u00e3o Os\u00f3rio<\/strong><\/p>\n<p>Professor Adjunto de Direito e Rela\u00e7\u00f5es Internacionais na Universidade Federal Rural do Rio de Janeiro. P\u00f3s-Doutor em Direito Pol\u00edtico e Econ\u00f4mico pela Universidade Presbiteriana Mackenzie\/SP (2016). Doutor em Economia Pol\u00edtica Internacional pela Universidade Federal do Rio de Janeiro- UFRJ (2015). Mestre em Economia Pol\u00edtica Internacional pela Universidade Federal do Rio de Janeiro- UFRJ (2011). Possui gradua\u00e7\u00e3o em Direito pela Universidade Federal de Juiz de Fora- UFJF (2008).<\/p>\n<p>Plataforma Lattes: <a href=\"http:\/\/lattes.cnpq.br\/3301439900215530\">http:\/\/lattes.cnpq.br\/3301439900215530<\/a><\/p>\n<div class=\"mceTemp\"><\/div>\n","protected":false},"excerpt":{"rendered":"<p>O \u00a0Instituto de Ci\u00eancias Humanas e Sociais (ICHS) \u00e9 uma unidade acad\u00eamica e administrativa da UFRRJ, que congrega\u00a0\u00a07 departamentos, 8 cursos gradua\u00e7\u00e3o [&hellip;]<\/p>\n","protected":false},"author":13,"featured_media":0,"parent":105,"menu_order":0,"comment_status":"closed","ping_status":"closed","template":"","meta":{"_acf_changed":false,"_themeisle_gutenberg_block_has_review":false,"footnotes":"","_links_to":"","_links_to_target":""},"class_list":["post-610","page","type-page","status-publish","hentry"],"acf":[],"yoast_head":"<!-- This site is optimized with the Yoast SEO plugin v26.8 - https:\/\/yoast.com\/product\/yoast-seo-wordpress\/ -->\n<title>Dire\u00e7\u00e3o - ICHS - Instituto de Ci\u00eancias Humanas e Sociais<\/title>\n<meta name=\"robots\" content=\"index, follow, max-snippet:-1, max-image-preview:large, max-video-preview:-1\" \/>\n<link rel=\"canonical\" href=\"https:\/\/institutos.ufrrj.br\/ichs\/o-ichs\/direcao\/\" \/>\n<meta property=\"og:locale\" content=\"pt_BR\" \/>\n<meta property=\"og:type\" content=\"article\" \/>\n<meta property=\"og:title\" content=\"Dire\u00e7\u00e3o - ICHS - Instituto de Ci\u00eancias Humanas e Sociais\" \/>\n<meta property=\"og:description\" content=\"O \u00a0Instituto de Ci\u00eancias Humanas e Sociais (ICHS) \u00e9 uma unidade acad\u00eamica e administrativa da UFRRJ, que congrega\u00a0\u00a07 departamentos, 8 cursos gradua\u00e7\u00e3o [&hellip;]\" \/>\n<meta property=\"og:url\" content=\"https:\/\/institutos.ufrrj.br\/ichs\/o-ichs\/direcao\/\" \/>\n<meta property=\"og:site_name\" content=\"ICHS - Instituto de Ci\u00eancias Humanas e Sociais\" \/>\n<meta property=\"article:publisher\" content=\"https:\/\/www.facebook.com\/people\/Instituto-de-Cincias-Humanas-e-Sociais-ichsufrrj\/100064717788841\/\" \/>\n<meta property=\"article:modified_time\" content=\"2026-01-29T12:40:01+00:00\" \/>\n<meta property=\"og:image\" content=\"https:\/\/institutos.ufrrj.br\/ichs\/wp-content\/uploads\/sites\/100\/2021\/03\/Flavia-Vieira.png\" \/>\n\t<meta property=\"og:image:width\" content=\"190\" \/>\n\t<meta property=\"og:image:height\" content=\"260\" \/>\n\t<meta property=\"og:image:type\" content=\"image\/png\" \/>\n<meta name=\"twitter:card\" content=\"summary_large_image\" \/>\n<meta name=\"twitter:label1\" content=\"Est. tempo de leitura\" \/>\n\t<meta name=\"twitter:data1\" content=\"3 minutos\" \/>\n<script type=\"application\/ld+json\" class=\"yoast-schema-graph\">{\"@context\":\"https:\/\/schema.org\",\"@graph\":[{\"@type\":\"WebPage\",\"@id\":\"https:\/\/institutos.ufrrj.br\/ichs\/o-ichs\/direcao\/\",\"url\":\"https:\/\/institutos.ufrrj.br\/ichs\/o-ichs\/direcao\/\",\"name\":\"Dire\u00e7\u00e3o - ICHS - Instituto de Ci\u00eancias Humanas e Sociais\",\"isPartOf\":{\"@id\":\"https:\/\/institutos.ufrrj.br\/ichs\/#website\"},\"primaryImageOfPage\":{\"@id\":\"https:\/\/institutos.ufrrj.br\/ichs\/o-ichs\/direcao\/#primaryimage\"},\"image\":{\"@id\":\"https:\/\/institutos.ufrrj.br\/ichs\/o-ichs\/direcao\/#primaryimage\"},\"thumbnailUrl\":\"http:\/\/institutos.ufrrj.br\/ichs\/wp-content\/uploads\/sites\/100\/2021\/03\/Flavia-Vieira.png\",\"datePublished\":\"2016-02-15T12:55:55+00:00\",\"dateModified\":\"2026-01-29T12:40:01+00:00\",\"breadcrumb\":{\"@id\":\"https:\/\/institutos.ufrrj.br\/ichs\/o-ichs\/direcao\/#breadcrumb\"},\"inLanguage\":\"pt-BR\",\"potentialAction\":[{\"@type\":\"ReadAction\",\"target\":[\"https:\/\/institutos.ufrrj.br\/ichs\/o-ichs\/direcao\/\"]}]},{\"@type\":\"ImageObject\",\"inLanguage\":\"pt-BR\",\"@id\":\"https:\/\/institutos.ufrrj.br\/ichs\/o-ichs\/direcao\/#primaryimage\",\"url\":\"http:\/\/institutos.ufrrj.br\/ichs\/wp-content\/uploads\/sites\/100\/2021\/03\/Flavia-Vieira.png\",\"contentUrl\":\"http:\/\/institutos.ufrrj.br\/ichs\/wp-content\/uploads\/sites\/100\/2021\/03\/Flavia-Vieira.png\"},{\"@type\":\"BreadcrumbList\",\"@id\":\"https:\/\/institutos.ufrrj.br\/ichs\/o-ichs\/direcao\/#breadcrumb\",\"itemListElement\":[{\"@type\":\"ListItem\",\"position\":1,\"name\":\"In\u00edcio\",\"item\":\"https:\/\/institutos.ufrrj.br\/ichs\/\"},{\"@type\":\"ListItem\",\"position\":2,\"name\":\"O Instituto\",\"item\":\"https:\/\/institutos.ufrrj.br\/ichs\/o-ichs\/\"},{\"@type\":\"ListItem\",\"position\":3,\"name\":\"Dire\u00e7\u00e3o\"}]},{\"@type\":\"WebSite\",\"@id\":\"https:\/\/institutos.ufrrj.br\/ichs\/#website\",\"url\":\"https:\/\/institutos.ufrrj.br\/ichs\/\",\"name\":\"ICHS - Instituto de Ci\u00eancias Humanas e Sociais\",\"description\":\"UFRRJ\",\"publisher\":{\"@id\":\"https:\/\/institutos.ufrrj.br\/ichs\/#organization\"},\"potentialAction\":[{\"@type\":\"SearchAction\",\"target\":{\"@type\":\"EntryPoint\",\"urlTemplate\":\"https:\/\/institutos.ufrrj.br\/ichs\/?s={search_term_string}\"},\"query-input\":{\"@type\":\"PropertyValueSpecification\",\"valueRequired\":true,\"valueName\":\"search_term_string\"}}],\"inLanguage\":\"pt-BR\"},{\"@type\":\"Organization\",\"@id\":\"https:\/\/institutos.ufrrj.br\/ichs\/#organization\",\"name\":\"UFRRJ - Universidade Federal Rural do Rio de Janeiro\",\"url\":\"https:\/\/institutos.ufrrj.br\/ichs\/\",\"logo\":{\"@type\":\"ImageObject\",\"inLanguage\":\"pt-BR\",\"@id\":\"https:\/\/institutos.ufrrj.br\/ichs\/#\/schema\/logo\/image\/\",\"url\":\"https:\/\/institutos.ufrrj.br\/ichs\/wp-content\/uploads\/sites\/100\/2026\/01\/ichs-removebg-preview.png\",\"contentUrl\":\"https:\/\/institutos.ufrrj.br\/ichs\/wp-content\/uploads\/sites\/100\/2026\/01\/ichs-removebg-preview.png\",\"width\":500,\"height\":500,\"caption\":\"UFRRJ - Universidade Federal Rural do Rio de Janeiro\"},\"image\":{\"@id\":\"https:\/\/institutos.ufrrj.br\/ichs\/#\/schema\/logo\/image\/\"},\"sameAs\":[\"https:\/\/www.facebook.com\/people\/Instituto-de-Cincias-Humanas-e-Sociais-ichsufrrj\/100064717788841\/\"]}]}<\/script>\n<!-- \/ Yoast SEO plugin. -->","yoast_head_json":{"title":"Dire\u00e7\u00e3o - ICHS - Instituto de Ci\u00eancias Humanas e Sociais","robots":{"index":"index","follow":"follow","max-snippet":"max-snippet:-1","max-image-preview":"max-image-preview:large","max-video-preview":"max-video-preview:-1"},"canonical":"https:\/\/institutos.ufrrj.br\/ichs\/o-ichs\/direcao\/","og_locale":"pt_BR","og_type":"article","og_title":"Dire\u00e7\u00e3o - ICHS - Instituto de Ci\u00eancias Humanas e Sociais","og_description":"O \u00a0Instituto de Ci\u00eancias Humanas e Sociais (ICHS) \u00e9 uma unidade acad\u00eamica e administrativa da UFRRJ, que congrega\u00a0\u00a07 departamentos, 8 cursos gradua\u00e7\u00e3o [&hellip;]","og_url":"https:\/\/institutos.ufrrj.br\/ichs\/o-ichs\/direcao\/","og_site_name":"ICHS - Instituto de Ci\u00eancias Humanas e Sociais","article_publisher":"https:\/\/www.facebook.com\/people\/Instituto-de-Cincias-Humanas-e-Sociais-ichsufrrj\/100064717788841\/","article_modified_time":"2026-01-29T12:40:01+00:00","og_image":[{"width":190,"height":260,"url":"https:\/\/institutos.ufrrj.br\/ichs\/wp-content\/uploads\/sites\/100\/2021\/03\/Flavia-Vieira.png","type":"image\/png"}],"twitter_card":"summary_large_image","twitter_misc":{"Est. tempo de leitura":"3 minutos"},"schema":{"@context":"https:\/\/schema.org","@graph":[{"@type":"WebPage","@id":"https:\/\/institutos.ufrrj.br\/ichs\/o-ichs\/direcao\/","url":"https:\/\/institutos.ufrrj.br\/ichs\/o-ichs\/direcao\/","name":"Dire\u00e7\u00e3o - ICHS - Instituto de Ci\u00eancias Humanas e Sociais","isPartOf":{"@id":"https:\/\/institutos.ufrrj.br\/ichs\/#website"},"primaryImageOfPage":{"@id":"https:\/\/institutos.ufrrj.br\/ichs\/o-ichs\/direcao\/#primaryimage"},"image":{"@id":"https:\/\/institutos.ufrrj.br\/ichs\/o-ichs\/direcao\/#primaryimage"},"thumbnailUrl":"http:\/\/institutos.ufrrj.br\/ichs\/wp-content\/uploads\/sites\/100\/2021\/03\/Flavia-Vieira.png","datePublished":"2016-02-15T12:55:55+00:00","dateModified":"2026-01-29T12:40:01+00:00","breadcrumb":{"@id":"https:\/\/institutos.ufrrj.br\/ichs\/o-ichs\/direcao\/#breadcrumb"},"inLanguage":"pt-BR","potentialAction":[{"@type":"ReadAction","target":["https:\/\/institutos.ufrrj.br\/ichs\/o-ichs\/direcao\/"]}]},{"@type":"ImageObject","inLanguage":"pt-BR","@id":"https:\/\/institutos.ufrrj.br\/ichs\/o-ichs\/direcao\/#primaryimage","url":"http:\/\/institutos.ufrrj.br\/ichs\/wp-content\/uploads\/sites\/100\/2021\/03\/Flavia-Vieira.png","contentUrl":"http:\/\/institutos.ufrrj.br\/ichs\/wp-content\/uploads\/sites\/100\/2021\/03\/Flavia-Vieira.png"},{"@type":"BreadcrumbList","@id":"https:\/\/institutos.ufrrj.br\/ichs\/o-ichs\/direcao\/#breadcrumb","itemListElement":[{"@type":"ListItem","position":1,"name":"In\u00edcio","item":"https:\/\/institutos.ufrrj.br\/ichs\/"},{"@type":"ListItem","position":2,"name":"O Instituto","item":"https:\/\/institutos.ufrrj.br\/ichs\/o-ichs\/"},{"@type":"ListItem","position":3,"name":"Dire\u00e7\u00e3o"}]},{"@type":"WebSite","@id":"https:\/\/institutos.ufrrj.br\/ichs\/#website","url":"https:\/\/institutos.ufrrj.br\/ichs\/","name":"ICHS - Instituto de Ci\u00eancias Humanas e Sociais","description":"UFRRJ","publisher":{"@id":"https:\/\/institutos.ufrrj.br\/ichs\/#organization"},"potentialAction":[{"@type":"SearchAction","target":{"@type":"EntryPoint","urlTemplate":"https:\/\/institutos.ufrrj.br\/ichs\/?s={search_term_string}"},"query-input":{"@type":"PropertyValueSpecification","valueRequired":true,"valueName":"search_term_string"}}],"inLanguage":"pt-BR"},{"@type":"Organization","@id":"https:\/\/institutos.ufrrj.br\/ichs\/#organization","name":"UFRRJ - Universidade Federal Rural do Rio de Janeiro","url":"https:\/\/institutos.ufrrj.br\/ichs\/","logo":{"@type":"ImageObject","inLanguage":"pt-BR","@id":"https:\/\/institutos.ufrrj.br\/ichs\/#\/schema\/logo\/image\/","url":"https:\/\/institutos.ufrrj.br\/ichs\/wp-content\/uploads\/sites\/100\/2026\/01\/ichs-removebg-preview.png","contentUrl":"https:\/\/institutos.ufrrj.br\/ichs\/wp-content\/uploads\/sites\/100\/2026\/01\/ichs-removebg-preview.png","width":500,"height":500,"caption":"UFRRJ - Universidade Federal Rural do Rio de Janeiro"},"image":{"@id":"https:\/\/institutos.ufrrj.br\/ichs\/#\/schema\/logo\/image\/"},"sameAs":["https:\/\/www.facebook.com\/people\/Instituto-de-Cincias-Humanas-e-Sociais-ichsufrrj\/100064717788841\/"]}]}},"_links":{"self":[{"href":"https:\/\/institutos.ufrrj.br\/ichs\/wp-json\/wp\/v2\/pages\/610","targetHints":{"allow":["GET"]}}],"collection":[{"href":"https:\/\/institutos.ufrrj.br\/ichs\/wp-json\/wp\/v2\/pages"}],"about":[{"href":"https:\/\/institutos.ufrrj.br\/ichs\/wp-json\/wp\/v2\/types\/page"}],"author":[{"embeddable":true,"href":"https:\/\/institutos.ufrrj.br\/ichs\/wp-json\/wp\/v2\/users\/13"}],"replies":[{"embeddable":true,"href":"https:\/\/institutos.ufrrj.br\/ichs\/wp-json\/wp\/v2\/comments?post=610"}],"version-history":[{"count":17,"href":"https:\/\/institutos.ufrrj.br\/ichs\/wp-json\/wp\/v2\/pages\/610\/revisions"}],"predecessor-version":[{"id":3399,"href":"https:\/\/institutos.ufrrj.br\/ichs\/wp-json\/wp\/v2\/pages\/610\/revisions\/3399"}],"up":[{"embeddable":true,"href":"https:\/\/institutos.ufrrj.br\/ichs\/wp-json\/wp\/v2\/pages\/105"}],"wp:attachment":[{"href":"https:\/\/institutos.ufrrj.br\/ichs\/wp-json\/wp\/v2\/media?parent=610"}],"curies":[{"name":"wp","href":"https:\/\/api.w.org\/{rel}","templated":true}]}}