{"id":616,"date":"2016-02-15T13:09:32","date_gmt":"2016-02-15T13:09:32","guid":{"rendered":"http:\/\/institutos.ufrrj.br\/ichs\/?page_id=616"},"modified":"2024-09-11T14:34:58","modified_gmt":"2024-09-11T17:34:58","slug":"secretaria","status":"publish","type":"page","link":"https:\/\/institutos.ufrrj.br\/ichs\/o-ichs\/secretaria\/","title":{"rendered":"Secretaria Administrativa"},"content":{"rendered":"<hr \/>\n<p>A secretaria do ICHS funciona de segunda a sexta-feira, das 08h \u00e0s 17h, a fim de atender com profici\u00eancia a comunidade acad\u00eamica, formada por estudantes, professores e t\u00e9cnicos.<\/p>\n<p>Quando vier ao ICHS, procure por:<\/p>\n<p><strong>J\u00e9ssica Alves\u00a0 &#8211;<\/strong> Secret\u00e1ria Administrativa \/ Secret\u00e1ria do Consuni-ICHS<\/p>\n<p><strong>Jocivaldo dos Santos &#8211; <\/strong>Secret\u00e1rio Administrativo<\/p>\n<p><strong>Rosane Celeste &#8211;<\/strong> Secret\u00e1ria Administrativa \/ Secret\u00e1ria do CEPEA-CHLA<\/p>\n<p><strong>Juliana Pires &#8211;<\/strong> Estagi\u00e1ria<\/p>\n<p>&nbsp;<\/p>\n<h2 class=\"titulopagina\">Funcionamento da Secretaria Administrativa do ICHS<\/h2>\n<p>&nbsp;<\/p>\n<p class=\" eplus-wrapper\">O atendimento da Secretaria Administrativa do ICHS, em decorr\u00eancia da implementa\u00e7\u00e3o do Programa de Gest\u00e3o de Desempenho (PGD), est\u00e1 sendo realizado de forma h\u00edbrida \u2013 remota e presencialmente.<\/p>\n<p class=\" eplus-wrapper\">Confira a escala de trabalho presencial abaixo:<\/p>\n<figure class=\" wp-block-table eplus-wrapper\">\n<table style=\"height: 221px\" width=\"787\">\n<tbody>\n<tr>\n<td class=\"has-text-align-center\" data-align=\"center\"><strong>Segunda-feira<\/strong><\/td>\n<td class=\"has-text-align-center\" data-align=\"center\"><strong>Ter\u00e7a-feira<\/strong><\/td>\n<td class=\"has-text-align-center\" data-align=\"center\"><strong>Quarta-feira<\/strong><\/td>\n<td class=\"has-text-align-center\" data-align=\"center\"><strong>Quinta-feira<\/strong><\/td>\n<td class=\"has-text-align-center\" data-align=\"center\"><strong>Sexta-feira<\/strong><\/td>\n<\/tr>\n<tr>\n<td class=\"has-text-align-center\" data-align=\"center\">Jocivaldo Feliciano<\/p>\n<p>J\u00e9ssica Alves<\/td>\n<td class=\"has-text-align-center\" data-align=\"center\">Jocivaldo Feliciano<\/p>\n<p>Juliana Pires<\/td>\n<td class=\"has-text-align-center\" data-align=\"center\">Jocivaldo Feliciano<\/p>\n<p>J\u00e9ssica Alves<\/p>\n<p>Rosane Celeste<\/p>\n<p>Juliana Pires<\/td>\n<td class=\"has-text-align-center\" data-align=\"center\">Jocivaldo Feliciano<\/p>\n<p>Rosane Celeste<\/p>\n<p>Juliana Pires<\/td>\n<td class=\"has-text-align-center\" data-align=\"center\">Jocivaldo Feliciano<\/p>\n<p>Juliana Pires<\/td>\n<\/tr>\n<\/tbody>\n<\/table>\n<\/figure>\n<figure>Observa\u00e7\u00e3o: Essa escala pode sofrer altera\u00e7\u00f5es pontuais na semana, sem aviso pr\u00e9vio.<\/figure>\n<p>&nbsp;<\/p>\n<figure class=\" wp-block-table eplus-wrapper\"><strong>Abaixo, acesse a lista completa dos canais de contato:<\/strong><\/figure>\n<p><b>E-mail Institucional:<\/b> secretariaichs@ufrrj.br<\/p>\n<p><b>Telefone: <\/b>(21)\u00a02682-1042<\/p>\n<p><strong>WhatsApp:<\/strong> <a href=\"https:\/\/wa.me\/5521994006452\">(21) 99400-6452 <img loading=\"lazy\" decoding=\"async\" class=\"alignnone wp-image-2176\" src=\"https:\/\/institutos.ufrrj.br\/ichs\/wp-content\/uploads\/sites\/100\/2022\/07\/baixados-150x150.jpg\" alt=\"\" width=\"17\" height=\"17\" srcset=\"https:\/\/institutos.ufrrj.br\/ichs\/wp-content\/uploads\/sites\/100\/2022\/07\/baixados-150x150.jpg 150w, https:\/\/institutos.ufrrj.br\/ichs\/wp-content\/uploads\/sites\/100\/2022\/07\/baixados-75x75.jpg 75w, https:\/\/institutos.ufrrj.br\/ichs\/wp-content\/uploads\/sites\/100\/2022\/07\/baixados-100x100.jpg 100w\" sizes=\"auto, (max-width: 17px) 100vw, 17px\" \/><\/a><\/p>\n<div>\n<p>&nbsp;<\/p>\n<pre><\/pre>\n<div>\n<hr \/>\n<\/div>\n<\/div>\n","protected":false},"excerpt":{"rendered":"<p>A secretaria do ICHS funciona de segunda a sexta-feira, das 08h \u00e0s 17h, a fim de atender com profici\u00eancia a comunidade acad\u00eamica, [&hellip;]<\/p>\n","protected":false},"author":13,"featured_media":0,"parent":105,"menu_order":0,"comment_status":"closed","ping_status":"closed","template":"","meta":{"_acf_changed":false,"_themeisle_gutenberg_block_has_review":false,"footnotes":"","_links_to":"","_links_to_target":""},"class_list":["post-616","page","type-page","status-publish","hentry"],"acf":[],"yoast_head":"<!-- This site is optimized with the Yoast SEO plugin v26.8 - https:\/\/yoast.com\/product\/yoast-seo-wordpress\/ -->\n<title>Secretaria Administrativa - ICHS - Instituto de Ci\u00eancias Humanas e Sociais<\/title>\n<meta name=\"robots\" content=\"index, follow, max-snippet:-1, max-image-preview:large, max-video-preview:-1\" \/>\n<link rel=\"canonical\" href=\"https:\/\/institutos.ufrrj.br\/ichs\/o-ichs\/secretaria\/\" \/>\n<meta property=\"og:locale\" content=\"pt_BR\" \/>\n<meta property=\"og:type\" content=\"article\" \/>\n<meta property=\"og:title\" content=\"Secretaria Administrativa - ICHS - Instituto de Ci\u00eancias Humanas e Sociais\" \/>\n<meta property=\"og:description\" content=\"A secretaria do ICHS funciona de segunda a sexta-feira, das 08h \u00e0s 17h, a fim de atender com profici\u00eancia a comunidade acad\u00eamica, [&hellip;]\" \/>\n<meta property=\"og:url\" content=\"https:\/\/institutos.ufrrj.br\/ichs\/o-ichs\/secretaria\/\" \/>\n<meta property=\"og:site_name\" content=\"ICHS - Instituto de Ci\u00eancias Humanas e Sociais\" \/>\n<meta property=\"article:publisher\" content=\"https:\/\/www.facebook.com\/people\/Instituto-de-Cincias-Humanas-e-Sociais-ichsufrrj\/100064717788841\/\" \/>\n<meta property=\"article:modified_time\" content=\"2024-09-11T17:34:58+00:00\" \/>\n<meta property=\"og:image\" content=\"https:\/\/institutos.ufrrj.br\/ichs\/wp-content\/uploads\/sites\/100\/2022\/07\/baixados.jpg\" \/>\n\t<meta property=\"og:image:width\" content=\"281\" \/>\n\t<meta property=\"og:image:height\" content=\"322\" \/>\n\t<meta property=\"og:image:type\" content=\"image\/jpeg\" \/>\n<meta name=\"twitter:card\" content=\"summary_large_image\" \/>\n<meta name=\"twitter:label1\" content=\"Est. tempo de leitura\" \/>\n\t<meta name=\"twitter:data1\" content=\"1 minuto\" \/>\n<script type=\"application\/ld+json\" class=\"yoast-schema-graph\">{\"@context\":\"https:\/\/schema.org\",\"@graph\":[{\"@type\":\"WebPage\",\"@id\":\"https:\/\/institutos.ufrrj.br\/ichs\/o-ichs\/secretaria\/\",\"url\":\"https:\/\/institutos.ufrrj.br\/ichs\/o-ichs\/secretaria\/\",\"name\":\"Secretaria Administrativa - ICHS - Instituto de Ci\u00eancias Humanas e Sociais\",\"isPartOf\":{\"@id\":\"https:\/\/institutos.ufrrj.br\/ichs\/#website\"},\"primaryImageOfPage\":{\"@id\":\"https:\/\/institutos.ufrrj.br\/ichs\/o-ichs\/secretaria\/#primaryimage\"},\"image\":{\"@id\":\"https:\/\/institutos.ufrrj.br\/ichs\/o-ichs\/secretaria\/#primaryimage\"},\"thumbnailUrl\":\"https:\/\/institutos.ufrrj.br\/ichs\/wp-content\/uploads\/sites\/100\/2022\/07\/baixados-150x150.jpg\",\"datePublished\":\"2016-02-15T13:09:32+00:00\",\"dateModified\":\"2024-09-11T17:34:58+00:00\",\"breadcrumb\":{\"@id\":\"https:\/\/institutos.ufrrj.br\/ichs\/o-ichs\/secretaria\/#breadcrumb\"},\"inLanguage\":\"pt-BR\",\"potentialAction\":[{\"@type\":\"ReadAction\",\"target\":[\"https:\/\/institutos.ufrrj.br\/ichs\/o-ichs\/secretaria\/\"]}]},{\"@type\":\"ImageObject\",\"inLanguage\":\"pt-BR\",\"@id\":\"https:\/\/institutos.ufrrj.br\/ichs\/o-ichs\/secretaria\/#primaryimage\",\"url\":\"https:\/\/institutos.ufrrj.br\/ichs\/wp-content\/uploads\/sites\/100\/2022\/07\/baixados.jpg\",\"contentUrl\":\"https:\/\/institutos.ufrrj.br\/ichs\/wp-content\/uploads\/sites\/100\/2022\/07\/baixados.jpg\",\"width\":281,\"height\":322},{\"@type\":\"BreadcrumbList\",\"@id\":\"https:\/\/institutos.ufrrj.br\/ichs\/o-ichs\/secretaria\/#breadcrumb\",\"itemListElement\":[{\"@type\":\"ListItem\",\"position\":1,\"name\":\"In\u00edcio\",\"item\":\"https:\/\/institutos.ufrrj.br\/ichs\/\"},{\"@type\":\"ListItem\",\"position\":2,\"name\":\"O Instituto\",\"item\":\"https:\/\/institutos.ufrrj.br\/ichs\/o-ichs\/\"},{\"@type\":\"ListItem\",\"position\":3,\"name\":\"Secretaria Administrativa\"}]},{\"@type\":\"WebSite\",\"@id\":\"https:\/\/institutos.ufrrj.br\/ichs\/#website\",\"url\":\"https:\/\/institutos.ufrrj.br\/ichs\/\",\"name\":\"ICHS - Instituto de Ci\u00eancias Humanas e Sociais\",\"description\":\"UFRRJ\",\"publisher\":{\"@id\":\"https:\/\/institutos.ufrrj.br\/ichs\/#organization\"},\"potentialAction\":[{\"@type\":\"SearchAction\",\"target\":{\"@type\":\"EntryPoint\",\"urlTemplate\":\"https:\/\/institutos.ufrrj.br\/ichs\/?s={search_term_string}\"},\"query-input\":{\"@type\":\"PropertyValueSpecification\",\"valueRequired\":true,\"valueName\":\"search_term_string\"}}],\"inLanguage\":\"pt-BR\"},{\"@type\":\"Organization\",\"@id\":\"https:\/\/institutos.ufrrj.br\/ichs\/#organization\",\"name\":\"UFRRJ - Universidade Federal Rural do Rio de Janeiro\",\"url\":\"https:\/\/institutos.ufrrj.br\/ichs\/\",\"logo\":{\"@type\":\"ImageObject\",\"inLanguage\":\"pt-BR\",\"@id\":\"https:\/\/institutos.ufrrj.br\/ichs\/#\/schema\/logo\/image\/\",\"url\":\"https:\/\/institutos.ufrrj.br\/ichs\/wp-content\/uploads\/sites\/100\/2026\/01\/ichs-removebg-preview.png\",\"contentUrl\":\"https:\/\/institutos.ufrrj.br\/ichs\/wp-content\/uploads\/sites\/100\/2026\/01\/ichs-removebg-preview.png\",\"width\":500,\"height\":500,\"caption\":\"UFRRJ - Universidade Federal Rural do Rio de Janeiro\"},\"image\":{\"@id\":\"https:\/\/institutos.ufrrj.br\/ichs\/#\/schema\/logo\/image\/\"},\"sameAs\":[\"https:\/\/www.facebook.com\/people\/Instituto-de-Cincias-Humanas-e-Sociais-ichsufrrj\/100064717788841\/\"]}]}<\/script>\n<!-- \/ Yoast SEO plugin. -->","yoast_head_json":{"title":"Secretaria Administrativa - ICHS - Instituto de Ci\u00eancias Humanas e Sociais","robots":{"index":"index","follow":"follow","max-snippet":"max-snippet:-1","max-image-preview":"max-image-preview:large","max-video-preview":"max-video-preview:-1"},"canonical":"https:\/\/institutos.ufrrj.br\/ichs\/o-ichs\/secretaria\/","og_locale":"pt_BR","og_type":"article","og_title":"Secretaria Administrativa - ICHS - Instituto de Ci\u00eancias Humanas e Sociais","og_description":"A secretaria do ICHS funciona de segunda a sexta-feira, das 08h \u00e0s 17h, a fim de atender com profici\u00eancia a comunidade acad\u00eamica, [&hellip;]","og_url":"https:\/\/institutos.ufrrj.br\/ichs\/o-ichs\/secretaria\/","og_site_name":"ICHS - Instituto de Ci\u00eancias Humanas e Sociais","article_publisher":"https:\/\/www.facebook.com\/people\/Instituto-de-Cincias-Humanas-e-Sociais-ichsufrrj\/100064717788841\/","article_modified_time":"2024-09-11T17:34:58+00:00","og_image":[{"width":281,"height":322,"url":"https:\/\/institutos.ufrrj.br\/ichs\/wp-content\/uploads\/sites\/100\/2022\/07\/baixados.jpg","type":"image\/jpeg"}],"twitter_card":"summary_large_image","twitter_misc":{"Est. tempo de leitura":"1 minuto"},"schema":{"@context":"https:\/\/schema.org","@graph":[{"@type":"WebPage","@id":"https:\/\/institutos.ufrrj.br\/ichs\/o-ichs\/secretaria\/","url":"https:\/\/institutos.ufrrj.br\/ichs\/o-ichs\/secretaria\/","name":"Secretaria Administrativa - ICHS - Instituto de Ci\u00eancias Humanas e Sociais","isPartOf":{"@id":"https:\/\/institutos.ufrrj.br\/ichs\/#website"},"primaryImageOfPage":{"@id":"https:\/\/institutos.ufrrj.br\/ichs\/o-ichs\/secretaria\/#primaryimage"},"image":{"@id":"https:\/\/institutos.ufrrj.br\/ichs\/o-ichs\/secretaria\/#primaryimage"},"thumbnailUrl":"https:\/\/institutos.ufrrj.br\/ichs\/wp-content\/uploads\/sites\/100\/2022\/07\/baixados-150x150.jpg","datePublished":"2016-02-15T13:09:32+00:00","dateModified":"2024-09-11T17:34:58+00:00","breadcrumb":{"@id":"https:\/\/institutos.ufrrj.br\/ichs\/o-ichs\/secretaria\/#breadcrumb"},"inLanguage":"pt-BR","potentialAction":[{"@type":"ReadAction","target":["https:\/\/institutos.ufrrj.br\/ichs\/o-ichs\/secretaria\/"]}]},{"@type":"ImageObject","inLanguage":"pt-BR","@id":"https:\/\/institutos.ufrrj.br\/ichs\/o-ichs\/secretaria\/#primaryimage","url":"https:\/\/institutos.ufrrj.br\/ichs\/wp-content\/uploads\/sites\/100\/2022\/07\/baixados.jpg","contentUrl":"https:\/\/institutos.ufrrj.br\/ichs\/wp-content\/uploads\/sites\/100\/2022\/07\/baixados.jpg","width":281,"height":322},{"@type":"BreadcrumbList","@id":"https:\/\/institutos.ufrrj.br\/ichs\/o-ichs\/secretaria\/#breadcrumb","itemListElement":[{"@type":"ListItem","position":1,"name":"In\u00edcio","item":"https:\/\/institutos.ufrrj.br\/ichs\/"},{"@type":"ListItem","position":2,"name":"O Instituto","item":"https:\/\/institutos.ufrrj.br\/ichs\/o-ichs\/"},{"@type":"ListItem","position":3,"name":"Secretaria Administrativa"}]},{"@type":"WebSite","@id":"https:\/\/institutos.ufrrj.br\/ichs\/#website","url":"https:\/\/institutos.ufrrj.br\/ichs\/","name":"ICHS - Instituto de Ci\u00eancias Humanas e Sociais","description":"UFRRJ","publisher":{"@id":"https:\/\/institutos.ufrrj.br\/ichs\/#organization"},"potentialAction":[{"@type":"SearchAction","target":{"@type":"EntryPoint","urlTemplate":"https:\/\/institutos.ufrrj.br\/ichs\/?s={search_term_string}"},"query-input":{"@type":"PropertyValueSpecification","valueRequired":true,"valueName":"search_term_string"}}],"inLanguage":"pt-BR"},{"@type":"Organization","@id":"https:\/\/institutos.ufrrj.br\/ichs\/#organization","name":"UFRRJ - Universidade Federal Rural do Rio de Janeiro","url":"https:\/\/institutos.ufrrj.br\/ichs\/","logo":{"@type":"ImageObject","inLanguage":"pt-BR","@id":"https:\/\/institutos.ufrrj.br\/ichs\/#\/schema\/logo\/image\/","url":"https:\/\/institutos.ufrrj.br\/ichs\/wp-content\/uploads\/sites\/100\/2026\/01\/ichs-removebg-preview.png","contentUrl":"https:\/\/institutos.ufrrj.br\/ichs\/wp-content\/uploads\/sites\/100\/2026\/01\/ichs-removebg-preview.png","width":500,"height":500,"caption":"UFRRJ - Universidade Federal Rural do Rio de Janeiro"},"image":{"@id":"https:\/\/institutos.ufrrj.br\/ichs\/#\/schema\/logo\/image\/"},"sameAs":["https:\/\/www.facebook.com\/people\/Instituto-de-Cincias-Humanas-e-Sociais-ichsufrrj\/100064717788841\/"]}]}},"_links":{"self":[{"href":"https:\/\/institutos.ufrrj.br\/ichs\/wp-json\/wp\/v2\/pages\/616","targetHints":{"allow":["GET"]}}],"collection":[{"href":"https:\/\/institutos.ufrrj.br\/ichs\/wp-json\/wp\/v2\/pages"}],"about":[{"href":"https:\/\/institutos.ufrrj.br\/ichs\/wp-json\/wp\/v2\/types\/page"}],"author":[{"embeddable":true,"href":"https:\/\/institutos.ufrrj.br\/ichs\/wp-json\/wp\/v2\/users\/13"}],"replies":[{"embeddable":true,"href":"https:\/\/institutos.ufrrj.br\/ichs\/wp-json\/wp\/v2\/comments?post=616"}],"version-history":[{"count":30,"href":"https:\/\/institutos.ufrrj.br\/ichs\/wp-json\/wp\/v2\/pages\/616\/revisions"}],"predecessor-version":[{"id":3096,"href":"https:\/\/institutos.ufrrj.br\/ichs\/wp-json\/wp\/v2\/pages\/616\/revisions\/3096"}],"up":[{"embeddable":true,"href":"https:\/\/institutos.ufrrj.br\/ichs\/wp-json\/wp\/v2\/pages\/105"}],"wp:attachment":[{"href":"https:\/\/institutos.ufrrj.br\/ichs\/wp-json\/wp\/v2\/media?parent=616"}],"curies":[{"name":"wp","href":"https:\/\/api.w.org\/{rel}","templated":true}]}}