{"id":81,"date":"2014-11-06T19:36:54","date_gmt":"2014-11-06T19:36:54","guid":{"rendered":"http:\/\/institutos.ufrrj.br\/ichs\/?page_id=81"},"modified":"2025-07-29T11:33:16","modified_gmt":"2025-07-29T14:33:16","slug":"departamento-de-letras-e-comunicacao","status":"publish","type":"page","link":"https:\/\/institutos.ufrrj.br\/ichs\/departamentos\/departamento-de-letras-e-comunicacao\/","title":{"rendered":"Letras e Comunica\u00e7\u00e3o (DLC)"},"content":{"rendered":"<p>O Departamento de Letras e Comunica\u00e7\u00e3o (DLC) congrega professores que atuam e atedem \u00e0s demandas de disciplinas dos cursos de Jornalismo, Letras &#8211; Portugu\u00eas\/ Literaturas e Letras &#8211; Portugu\u00eas\/ Ingl\u00eas\/ Literaturas. Al\u00e9m disso, docentes do DLC ministram disciplinas para outros cursos da Universidade, atendendo \u00e0s demandas externas de disciplinas obrigat\u00f3rias e optativas nas \u00e1reas de l\u00edngua portuguesa, l\u00edngua inglesa, pr\u00e1tica e produ\u00e7\u00e3o do texto ci\u00eantifico e libras.<\/p>\n<p><strong> Chefe: <\/strong>Gerson Rodrigues da Silva<\/p>\n<p><strong>Vice-Chefe:<\/strong> Flora Cortes Daemon Souza Pinto<\/p>\n<p><strong>Secretaria: <\/strong>Zenilde Nery<\/p>\n<p><strong>E-mail Institucional:<\/strong> <a href=\"mailto:delc.ufrrj@gmail.com\">delc.ufrrj@gmail.com<\/a><\/p>\n<p><strong>Telefone: <\/strong>(21) 2681-4847\/2682-1701<\/p>\n<p><strong>Site:<\/strong> Curso de Letras &#8211;\u00a0<a href=\"https:\/\/cursos.ufrrj.br\/grad\/letras\/\">https:\/\/cursos.ufrrj.br\/grad\/letras\/<\/a><\/p>\n<p>Curso de Jornalismo &#8211; <a href=\"https:\/\/cursos.ufrrj.br\/grad\/jornalismo\/\">https:\/\/cursos.ufrrj.br\/grad\/jornalismo\/<\/a><\/p>\n<p>&nbsp;<\/p>\n<p><strong>QUADRO DOCENTE DO DEPARTAMENTO <\/strong><\/p>\n<p><a href=\"http:\/\/lattes.cnpq.br\/2251483421572756\">Adriana Tavares <\/a><\/p>\n<p><a href=\"http:\/\/lattes.cnpq.br\/5584033877464059\">Ana Paula Goulart de Andrade<\/a><\/p>\n<p><a href=\"http:\/\/lattes.cnpq.br\/2251483421572756\">Alessandra P. de Carvalho<\/a><\/p>\n<p><a href=\"http:\/\/lattes.cnpq.br\/6673984075360080\">Alexander Resende Luz<\/a><\/p>\n<p><a href=\"http:\/\/lattes.cnpq.br\/8787477509199043\">Ana Carla Ziner Nogueira<\/a><\/p>\n<p><a href=\"http:\/\/lattes.cnpq.br\/2542228301552065\">Ana Lucia Vaz<\/a><\/p>\n<p><a href=\"http:\/\/lattes.cnpq.br\/6125369589221740\">Anderson Soares Gomes <\/a><\/p>\n<p><a href=\"http:\/\/lattes.cnpq.br\/0337379141741884\">Andr\u00e9 Fabr\u00edcio da Cunha Holanda <\/a><\/p>\n<p><a href=\"http:\/\/lattes.cnpq.br\/2154959414977382\">\u00c2ngela Marina Bravin dos Santos <\/a><\/p>\n<p><a href=\"http:\/\/lattes.cnpq.br\/8310418300854054\">Cec\u00edlia Figueiredo<\/a><\/p>\n<p><a href=\"http:\/\/lattes.cnpq.br\/3638724589479153\">Cl\u00e1udia Barbieri <\/a><\/p>\n<p><a href=\"http:\/\/lattes.cnpq.br\/5387529114297003\">Cl\u00e1udia Rebello dos Santos <\/a><\/p>\n<p><a href=\"http:\/\/lattes.cnpq.br\/5980984935689337\">Christian Marie Vitor Simon Dutilleux <\/a><\/p>\n<p><a href=\"http:\/\/lattes.cnpq.br\/2914147958220659\">Cristiane Ven\u00e2ncio Martins de Oliveira<\/a><\/p>\n<p><a href=\"http:\/\/buscatextual.cnpq.br\/buscatextual\/visualizacv.do?id=K4774725H5&amp;tokenCaptchar=03AGdBq252APEkn1VUBiSxiDcF_X8XpG8iBsFrp1sCJ1JlYzpvClaUlLvzDqho9-gE1cGqHVdLmfxclZvXffP-l7boIdnOWf96jLDw8f0GebWXYm7kYyJKrY8qdPMe9fFv1Gk-r5cwXWW2RPZamVggcnyKdOHoaKjyjnBL_2cFSo1U9zra3QxABrluFuz7pPHUXEfZx3GNfYcozWwRzb_fraTHqIVBk05e7pf4sFoDp_-JC5lE-inf0Sc30onAkMJAWrlDPejeNnRjxRWR-uTiOR649GhsH2-B8E0agl_ig8Su455tN7UkFWSddlI87Coqa4YyrJj89PYeZKafm84eYHrSq7awZe5gXOpsuR72t2as59YDFc7D1kfAgFgDzAPZoYeW_eR39ZRmmRxM-RfAxVsCgfs9dLisHQXDYdVwIck4rU9cbVPI_uPtd5St57SFmwXkyczhV9mFLORI-asDes4afFSCjjf1sFVpRIFPUM0ULzdIw95cs3SchzcifuOheZHZUBXh3fMonAqw_Thtrr9qg3j5IKUXqQ\">Elisa Lima Abrantes <\/a><\/p>\n<p><a href=\"https:\/\/sigaa.ufrrj.br\/sigaa\/public\/docente\/disciplinas.jsf?siape=1949476\">Fabiane de Melo Vianna da Rocha Teixeira Rodrigues do Nascimento<\/a><\/p>\n<p><a href=\"http:\/\/lattes.cnpq.br\/5800376509102055\">Flora C\u00f4rtes Daemon de Souza Pinto<\/a><\/p>\n<p><a href=\"http:\/\/lattes.cnpq.br\/9639470174261573\">Francisco Beltr\u00e3o do Valle<\/a><\/p>\n<p><a href=\"http:\/\/lattes.cnpq.br\/0048327365729828\">Gerson Rodrigues da Silva <\/a><\/p>\n<p><a href=\"http:\/\/lattes.cnpq.br\/0282148169546037\">Gilson Costa Freire <\/a><\/p>\n<p><a href=\"http:\/\/lattes.cnpq.br\/5666373675211350\">Ivana Mendes Cardoso Barreto<\/a><\/p>\n<p><a href=\"http:\/\/buscatextual.cnpq.br\/buscatextual\/visualizacv.do?id=K4757044Y7\">Jos\u00e9 Cardoso Ferr\u00e3o Neto<\/a><\/p>\n<p><a href=\"http:\/\/lattes.cnpq.br\/6826883070257299\">Jo\u00e3o Carlos Lopes <\/a><a href=\"http:\/\/lattes.cnpq.br\/2308081723223344\">Keles <\/a><\/p>\n<p><a href=\"http:\/\/lattes.cnpq.br\/2308081723223344\">Firmina Rosa Soares <\/a><\/p>\n<p><a href=\"http:\/\/lattes.cnpq.br\/3532648581638899\">Lucio Lug\u00e3o de Macedo <\/a><\/p>\n<p><a href=\"http:\/\/lattes.cnpq.br\/1462493361956902\">Marcos Pasche <\/a><\/p>\n<p><a href=\"http:\/\/lattes.cnpq.br\/6929880550971658\">Maria de F\u00e1tima Costa de Oliveira<\/a><\/p>\n<p><a href=\"http:\/\/lattes.cnpq.br\/5872540373589107\">Marli Hermenegilda Pereira <\/a><\/p>\n<p><a href=\"http:\/\/lattes.cnpq.br\/3532441361096649\">Maria das Gra\u00e7as de Santana Salgado<\/a><\/p>\n<p><a href=\"http:\/\/lattes.cnpq.br\/2543083972755684\">Maria do Ros\u00e1rio da Silva Roxo <\/a><\/p>\n<p><a href=\"http:\/\/lattes.cnpq.br\/5033309672016894\">M\u00e1rio C\u00e9sar Newman de Queiroz <\/a><\/p>\n<p><a href=\"http:\/\/lattes.cnpq.br\/2251483421572756\">Maur\u00edcio Lessa <\/a><\/p>\n<p><a href=\"http:\/\/lattes.cnpq.br\/5604519925900913\">Regina L\u00facia de Faria <\/a><\/p>\n<p><a href=\"http:\/\/lattes.cnpq.br\/6954578111040986\">Rejane de Mattos Moreira<\/a><\/p>\n<p><a href=\"http:\/\/lattes.cnpq.br\/1527611853543898\">R\u00edvia Silveira Fonceca<\/a><\/p>\n<p><a href=\"http:\/\/lattes.cnpq.br\/6052065369706418\">Roberto Jos\u00e9 Bozzetti Navarro <\/a><\/p>\n<p><a href=\"http:\/\/lattes.cnpq.br\/6520355642674821\">Rosemary Gon\u00e7alo Afonso <\/a><\/p>\n<p><a href=\"http:\/\/lattes.cnpq.br\/5459279679649835\">Roza Maria Palomanes Ribeiro <\/a><\/p>\n<p><a href=\"http:\/\/lattes.cnpq.br\/4033316982913952\">Sandra Garcia de Souza<\/a><\/p>\n<p><a href=\"http:\/\/lattes.cnpq.br\/0911418922216244\">Simone Mattos G. Orlando<\/a><\/p>\n<p><a href=\"http:\/\/lattes.cnpq.br\/6443925493118861\">T\u00e2nia Mikaela Garcia <\/a><\/p>\n<p><a href=\"http:\/\/lattes.cnpq.br\/9549534996141074\">Wagner Cabral dos Santos <\/a><\/p>\n<p><a href=\"http:\/\/lattes.cnpq.br\/5356522896007792\">Wagner Alexandre dos Santos Costa <\/a><\/p>\n<p>&nbsp;<\/p>\n<p><strong>QUADRO DE SERVIDORES T\u00c9CNICO-ADMINISTRATIVOS <\/strong><\/p>\n<p>Libni Salador Martins<\/p>\n<p>Tamara Fran\u00e7a de Almeida<\/p>\n<p>Zenilde Nery da Silva Melo<\/p>\n","protected":false},"excerpt":{"rendered":"<p>O Departamento de Letras e Comunica\u00e7\u00e3o (DLC) congrega professores que atuam e atedem \u00e0s demandas de disciplinas dos cursos de Jornalismo, Letras [&hellip;]<\/p>\n","protected":false},"author":20,"featured_media":0,"parent":33,"menu_order":0,"comment_status":"open","ping_status":"closed","template":"","meta":{"_acf_changed":false,"_themeisle_gutenberg_block_has_review":false,"footnotes":"","_links_to":"","_links_to_target":""},"class_list":["post-81","page","type-page","status-publish","hentry"],"acf":[],"yoast_head":"<!-- This site is optimized with the Yoast SEO plugin v26.8 - https:\/\/yoast.com\/product\/yoast-seo-wordpress\/ -->\n<title>Letras e Comunica\u00e7\u00e3o (DLC) - ICHS - Instituto de Ci\u00eancias Humanas e Sociais<\/title>\n<meta name=\"robots\" content=\"index, follow, max-snippet:-1, max-image-preview:large, max-video-preview:-1\" \/>\n<link rel=\"canonical\" href=\"https:\/\/institutos.ufrrj.br\/ichs\/departamentos\/departamento-de-letras-e-comunicacao\/\" \/>\n<meta property=\"og:locale\" content=\"pt_BR\" \/>\n<meta property=\"og:type\" content=\"article\" \/>\n<meta property=\"og:title\" content=\"Letras e Comunica\u00e7\u00e3o (DLC) - ICHS - Instituto de Ci\u00eancias Humanas e Sociais\" \/>\n<meta property=\"og:description\" content=\"O Departamento de Letras e Comunica\u00e7\u00e3o (DLC) congrega professores que atuam e atedem \u00e0s demandas de disciplinas dos cursos de Jornalismo, Letras [&hellip;]\" \/>\n<meta property=\"og:url\" content=\"https:\/\/institutos.ufrrj.br\/ichs\/departamentos\/departamento-de-letras-e-comunicacao\/\" \/>\n<meta property=\"og:site_name\" content=\"ICHS - Instituto de Ci\u00eancias Humanas e Sociais\" \/>\n<meta property=\"article:publisher\" content=\"https:\/\/www.facebook.com\/people\/Instituto-de-Cincias-Humanas-e-Sociais-ichsufrrj\/100064717788841\/\" \/>\n<meta property=\"article:modified_time\" content=\"2025-07-29T14:33:16+00:00\" \/>\n<meta name=\"twitter:card\" content=\"summary_large_image\" \/>\n<meta name=\"twitter:label1\" content=\"Est. tempo de leitura\" \/>\n\t<meta name=\"twitter:data1\" content=\"2 minutos\" \/>\n<script type=\"application\/ld+json\" class=\"yoast-schema-graph\">{\"@context\":\"https:\/\/schema.org\",\"@graph\":[{\"@type\":\"WebPage\",\"@id\":\"https:\/\/institutos.ufrrj.br\/ichs\/departamentos\/departamento-de-letras-e-comunicacao\/\",\"url\":\"https:\/\/institutos.ufrrj.br\/ichs\/departamentos\/departamento-de-letras-e-comunicacao\/\",\"name\":\"Letras e Comunica\u00e7\u00e3o (DLC) - ICHS - Instituto de Ci\u00eancias Humanas e Sociais\",\"isPartOf\":{\"@id\":\"https:\/\/institutos.ufrrj.br\/ichs\/#website\"},\"datePublished\":\"2014-11-06T19:36:54+00:00\",\"dateModified\":\"2025-07-29T14:33:16+00:00\",\"breadcrumb\":{\"@id\":\"https:\/\/institutos.ufrrj.br\/ichs\/departamentos\/departamento-de-letras-e-comunicacao\/#breadcrumb\"},\"inLanguage\":\"pt-BR\",\"potentialAction\":[{\"@type\":\"ReadAction\",\"target\":[\"https:\/\/institutos.ufrrj.br\/ichs\/departamentos\/departamento-de-letras-e-comunicacao\/\"]}]},{\"@type\":\"BreadcrumbList\",\"@id\":\"https:\/\/institutos.ufrrj.br\/ichs\/departamentos\/departamento-de-letras-e-comunicacao\/#breadcrumb\",\"itemListElement\":[{\"@type\":\"ListItem\",\"position\":1,\"name\":\"In\u00edcio\",\"item\":\"https:\/\/institutos.ufrrj.br\/ichs\/\"},{\"@type\":\"ListItem\",\"position\":2,\"name\":\"Departamentos\",\"item\":\"https:\/\/institutos.ufrrj.br\/ichs\/departamentos\/\"},{\"@type\":\"ListItem\",\"position\":3,\"name\":\"Letras e Comunica\u00e7\u00e3o (DLC)\"}]},{\"@type\":\"WebSite\",\"@id\":\"https:\/\/institutos.ufrrj.br\/ichs\/#website\",\"url\":\"https:\/\/institutos.ufrrj.br\/ichs\/\",\"name\":\"ICHS - Instituto de Ci\u00eancias Humanas e Sociais\",\"description\":\"UFRRJ\",\"publisher\":{\"@id\":\"https:\/\/institutos.ufrrj.br\/ichs\/#organization\"},\"potentialAction\":[{\"@type\":\"SearchAction\",\"target\":{\"@type\":\"EntryPoint\",\"urlTemplate\":\"https:\/\/institutos.ufrrj.br\/ichs\/?s={search_term_string}\"},\"query-input\":{\"@type\":\"PropertyValueSpecification\",\"valueRequired\":true,\"valueName\":\"search_term_string\"}}],\"inLanguage\":\"pt-BR\"},{\"@type\":\"Organization\",\"@id\":\"https:\/\/institutos.ufrrj.br\/ichs\/#organization\",\"name\":\"UFRRJ - Universidade Federal Rural do Rio de Janeiro\",\"url\":\"https:\/\/institutos.ufrrj.br\/ichs\/\",\"logo\":{\"@type\":\"ImageObject\",\"inLanguage\":\"pt-BR\",\"@id\":\"https:\/\/institutos.ufrrj.br\/ichs\/#\/schema\/logo\/image\/\",\"url\":\"https:\/\/institutos.ufrrj.br\/ichs\/wp-content\/uploads\/sites\/100\/2026\/01\/ichs-removebg-preview.png\",\"contentUrl\":\"https:\/\/institutos.ufrrj.br\/ichs\/wp-content\/uploads\/sites\/100\/2026\/01\/ichs-removebg-preview.png\",\"width\":500,\"height\":500,\"caption\":\"UFRRJ - Universidade Federal Rural do Rio de Janeiro\"},\"image\":{\"@id\":\"https:\/\/institutos.ufrrj.br\/ichs\/#\/schema\/logo\/image\/\"},\"sameAs\":[\"https:\/\/www.facebook.com\/people\/Instituto-de-Cincias-Humanas-e-Sociais-ichsufrrj\/100064717788841\/\"]}]}<\/script>\n<!-- \/ Yoast SEO plugin. -->","yoast_head_json":{"title":"Letras e Comunica\u00e7\u00e3o (DLC) - ICHS - Instituto de Ci\u00eancias Humanas e Sociais","robots":{"index":"index","follow":"follow","max-snippet":"max-snippet:-1","max-image-preview":"max-image-preview:large","max-video-preview":"max-video-preview:-1"},"canonical":"https:\/\/institutos.ufrrj.br\/ichs\/departamentos\/departamento-de-letras-e-comunicacao\/","og_locale":"pt_BR","og_type":"article","og_title":"Letras e Comunica\u00e7\u00e3o (DLC) - ICHS - Instituto de Ci\u00eancias Humanas e Sociais","og_description":"O Departamento de Letras e Comunica\u00e7\u00e3o (DLC) congrega professores que atuam e atedem \u00e0s demandas de disciplinas dos cursos de Jornalismo, Letras [&hellip;]","og_url":"https:\/\/institutos.ufrrj.br\/ichs\/departamentos\/departamento-de-letras-e-comunicacao\/","og_site_name":"ICHS - Instituto de Ci\u00eancias Humanas e Sociais","article_publisher":"https:\/\/www.facebook.com\/people\/Instituto-de-Cincias-Humanas-e-Sociais-ichsufrrj\/100064717788841\/","article_modified_time":"2025-07-29T14:33:16+00:00","twitter_card":"summary_large_image","twitter_misc":{"Est. tempo de leitura":"2 minutos"},"schema":{"@context":"https:\/\/schema.org","@graph":[{"@type":"WebPage","@id":"https:\/\/institutos.ufrrj.br\/ichs\/departamentos\/departamento-de-letras-e-comunicacao\/","url":"https:\/\/institutos.ufrrj.br\/ichs\/departamentos\/departamento-de-letras-e-comunicacao\/","name":"Letras e Comunica\u00e7\u00e3o (DLC) - ICHS - Instituto de Ci\u00eancias Humanas e Sociais","isPartOf":{"@id":"https:\/\/institutos.ufrrj.br\/ichs\/#website"},"datePublished":"2014-11-06T19:36:54+00:00","dateModified":"2025-07-29T14:33:16+00:00","breadcrumb":{"@id":"https:\/\/institutos.ufrrj.br\/ichs\/departamentos\/departamento-de-letras-e-comunicacao\/#breadcrumb"},"inLanguage":"pt-BR","potentialAction":[{"@type":"ReadAction","target":["https:\/\/institutos.ufrrj.br\/ichs\/departamentos\/departamento-de-letras-e-comunicacao\/"]}]},{"@type":"BreadcrumbList","@id":"https:\/\/institutos.ufrrj.br\/ichs\/departamentos\/departamento-de-letras-e-comunicacao\/#breadcrumb","itemListElement":[{"@type":"ListItem","position":1,"name":"In\u00edcio","item":"https:\/\/institutos.ufrrj.br\/ichs\/"},{"@type":"ListItem","position":2,"name":"Departamentos","item":"https:\/\/institutos.ufrrj.br\/ichs\/departamentos\/"},{"@type":"ListItem","position":3,"name":"Letras e Comunica\u00e7\u00e3o (DLC)"}]},{"@type":"WebSite","@id":"https:\/\/institutos.ufrrj.br\/ichs\/#website","url":"https:\/\/institutos.ufrrj.br\/ichs\/","name":"ICHS - Instituto de Ci\u00eancias Humanas e Sociais","description":"UFRRJ","publisher":{"@id":"https:\/\/institutos.ufrrj.br\/ichs\/#organization"},"potentialAction":[{"@type":"SearchAction","target":{"@type":"EntryPoint","urlTemplate":"https:\/\/institutos.ufrrj.br\/ichs\/?s={search_term_string}"},"query-input":{"@type":"PropertyValueSpecification","valueRequired":true,"valueName":"search_term_string"}}],"inLanguage":"pt-BR"},{"@type":"Organization","@id":"https:\/\/institutos.ufrrj.br\/ichs\/#organization","name":"UFRRJ - Universidade Federal Rural do Rio de Janeiro","url":"https:\/\/institutos.ufrrj.br\/ichs\/","logo":{"@type":"ImageObject","inLanguage":"pt-BR","@id":"https:\/\/institutos.ufrrj.br\/ichs\/#\/schema\/logo\/image\/","url":"https:\/\/institutos.ufrrj.br\/ichs\/wp-content\/uploads\/sites\/100\/2026\/01\/ichs-removebg-preview.png","contentUrl":"https:\/\/institutos.ufrrj.br\/ichs\/wp-content\/uploads\/sites\/100\/2026\/01\/ichs-removebg-preview.png","width":500,"height":500,"caption":"UFRRJ - Universidade Federal Rural do Rio de Janeiro"},"image":{"@id":"https:\/\/institutos.ufrrj.br\/ichs\/#\/schema\/logo\/image\/"},"sameAs":["https:\/\/www.facebook.com\/people\/Instituto-de-Cincias-Humanas-e-Sociais-ichsufrrj\/100064717788841\/"]}]}},"_links":{"self":[{"href":"https:\/\/institutos.ufrrj.br\/ichs\/wp-json\/wp\/v2\/pages\/81","targetHints":{"allow":["GET"]}}],"collection":[{"href":"https:\/\/institutos.ufrrj.br\/ichs\/wp-json\/wp\/v2\/pages"}],"about":[{"href":"https:\/\/institutos.ufrrj.br\/ichs\/wp-json\/wp\/v2\/types\/page"}],"author":[{"embeddable":true,"href":"https:\/\/institutos.ufrrj.br\/ichs\/wp-json\/wp\/v2\/users\/20"}],"replies":[{"embeddable":true,"href":"https:\/\/institutos.ufrrj.br\/ichs\/wp-json\/wp\/v2\/comments?post=81"}],"version-history":[{"count":26,"href":"https:\/\/institutos.ufrrj.br\/ichs\/wp-json\/wp\/v2\/pages\/81\/revisions"}],"predecessor-version":[{"id":3225,"href":"https:\/\/institutos.ufrrj.br\/ichs\/wp-json\/wp\/v2\/pages\/81\/revisions\/3225"}],"up":[{"embeddable":true,"href":"https:\/\/institutos.ufrrj.br\/ichs\/wp-json\/wp\/v2\/pages\/33"}],"wp:attachment":[{"href":"https:\/\/institutos.ufrrj.br\/ichs\/wp-json\/wp\/v2\/media?parent=81"}],"curies":[{"name":"wp","href":"https:\/\/api.w.org\/{rel}","templated":true}]}}