{"id":83,"date":"2014-11-06T19:37:14","date_gmt":"2014-11-06T19:37:14","guid":{"rendered":"http:\/\/institutos.ufrrj.br\/ichs\/?page_id=83"},"modified":"2025-08-15T09:46:56","modified_gmt":"2025-08-15T12:46:56","slug":"departamento-de-historia-dhist","status":"publish","type":"page","link":"https:\/\/institutos.ufrrj.br\/ichs\/departamentos\/departamento-de-historia-dhist\/","title":{"rendered":"Hist\u00f3ria (DHist)"},"content":{"rendered":"<p><strong>Chefe: <\/strong>Flavio M. Heinz<\/p>\n<p><strong>Vice-Chefe: <\/strong>Patr\u00edcia Reis<\/p>\n<p><strong>Secret\u00e1ria: <\/strong>Alessandra de Castro Moreira<\/p>\n<p><strong>E-mail Institucional: <\/strong><a href=\"mailto:secretaria.dhri.ufrrj@gmail.com\">secretaria.dhri.ufrrj@gmail.com<\/a><\/p>\n<p><strong>Telefone<\/strong>:(21) 2681-4854<\/p>\n<p><strong>Site: <\/strong><a href=\"https:\/\/cursos.ufrrj.br\/grad\/historia\/\">https:\/\/cursos.ufrrj.br\/grad\/historia\/<\/a><\/p>\n<p>&nbsp;<\/p>\n<p><strong>QUADRO DOCENTE DO DEPARTAMENTO<\/strong><\/p>\n<p><a href=\"http:\/\/lattes.cnpq.br\/7574579937795901\">Adriana Barreto de Souza<\/a><\/p>\n<p>Ana Paula da Silva<\/p>\n<p><a href=\"http:\/\/lattes.cnpq.br\/7388330777837115\">Alain Pascal Kaly<\/a><\/p>\n<p><a href=\"http:\/\/lattes.cnpq.br\/2771002270804635\">Alexander Martins Vianna<\/a><\/p>\n<p>Carlos Eduardo Moutinho da Costa<\/p>\n<p><a href=\"http:\/\/lattes.cnpq.br\/5424087333230473\">Carolina Gual da Silva<\/a><\/p>\n<p><a href=\"http:\/\/lattes.cnpq.br\/7352024230076191\">Cl\u00ednio de Oliveira Amaral<\/a><\/p>\n<p><a href=\"http:\/\/lattes.cnpq.br\/9405954571177231\">Fabiane Popinigis<\/a><\/p>\n<p><a href=\"http:\/\/lattes.cnpq.br\/1193368748768771\">F\u00e1bio Henrique Lopes<\/a><\/p>\n<p><a href=\"http:\/\/lattes.cnpq.br\/9734939846059572\">F\u00e1bio Koifman<\/a><\/p>\n<p><a href=\"http:\/\/lattes.cnpq.br\/7546109343944142\">Felipe Santos Magalh\u00e3es<\/a><\/p>\n<p><a href=\"http:\/\/lattes.cnpq.br\/6016604770248827\">Flavio Madureira Heinz<\/a><\/p>\n<p><a href=\"http:\/\/lattes.cnpq.br\/8519419800237285\">Gl\u00e1ucia Cristiani Montoro<\/a><\/p>\n<p><a href=\"http:\/\/lattes.cnpq.br\/6370314820820303\">Jo\u00e3o Luiz de Ara\u00fajo Ribeiro<\/a><\/p>\n<p><a href=\"http:\/\/lattes.cnpq.br\/0314632728589613\">Jo\u00e3o M\u00e1rcio Mendes Pereira<\/a><\/p>\n<p><a href=\"http:\/\/lattes.cnpq.br\/9932214057729415\">Luciana Mendes Gandelman<\/a><\/p>\n<p><a href=\"http:\/\/lattes.cnpq.br\/7497301779570000\">Lu\u00eds Edmundo de Souza Moraes<\/a><\/p>\n<p><a href=\"http:\/\/lattes.cnpq.br\/8083002676888172\">Lu\u00eds Eduardo Lobianco<\/a><\/p>\n<p><a href=\"http:\/\/lattes.cnpq.br\/0773163431927243\">Margareth de Almeida Gon\u00e7alves<\/a><\/p>\n<p><a href=\"http:\/\/lattes.cnpq.br\/0283240106549824\">Maria da Gl\u00f3ria de Oliveira<\/a><\/p>\n<p><a href=\"http:\/\/lattes.cnpq.br\/3218494978727386\">Muniz Gon\u00e7alves Ferreira<\/a><\/p>\n<p><a href=\"http:\/\/lattes.cnpq.br\/5859614423162912\">Patr\u00edcia de Souza Faria<\/a><\/p>\n<p><a href=\"http:\/\/lattes.cnpq.br\/9808514796479539\">Pedro Henrique Pedreira Campos<\/a><\/p>\n<p><a href=\"http:\/\/lattes.cnpq.br\/0522023633864556\">Rebeca Gontijo Teixeira<\/a><\/p>\n<p><a href=\"http:\/\/lattes.cnpq.br\/8896220723032569\">Renata Rozental Sancovsky<\/a><\/p>\n<p><a href=\"http:\/\/lattes.cnpq.br\/7719432749295704\">V\u00e2nia Maria Losada Moreira<\/a><\/p>\n<p><a href=\"http:\/\/buscatextual.cnpq.br\/buscatextual\/visualizacv.do?id=K4594145A6\">Yllan de Mattos Oliveira<\/a><\/p>\n<p>&nbsp;<\/p>\n<p><strong>QUADRO DE SERVIDORES T\u00c9CNICO-ADMINISTRATIVOS <\/strong><\/p>\n<p>Alessandra de Castro Moreira<\/p>\n","protected":false},"excerpt":{"rendered":"<p>Chefe: Flavio M. Heinz Vice-Chefe: Patr\u00edcia Reis Secret\u00e1ria: Alessandra de Castro Moreira E-mail Institucional: secretaria.dhri.ufrrj@gmail.com Telefone:(21) 2681-4854 Site: https:\/\/cursos.ufrrj.br\/grad\/historia\/ &nbsp; QUADRO DOCENTE [&hellip;]<\/p>\n","protected":false},"author":20,"featured_media":0,"parent":33,"menu_order":0,"comment_status":"open","ping_status":"closed","template":"","meta":{"_acf_changed":false,"_themeisle_gutenberg_block_has_review":false,"footnotes":"","_links_to":"","_links_to_target":""},"class_list":["post-83","page","type-page","status-publish","hentry"],"acf":[],"yoast_head":"<!-- This site is optimized with the Yoast SEO plugin v26.8 - https:\/\/yoast.com\/product\/yoast-seo-wordpress\/ -->\n<title>Hist\u00f3ria (DHist) - ICHS - Instituto de Ci\u00eancias Humanas e Sociais<\/title>\n<meta name=\"robots\" content=\"index, follow, max-snippet:-1, max-image-preview:large, max-video-preview:-1\" \/>\n<link rel=\"canonical\" href=\"https:\/\/institutos.ufrrj.br\/ichs\/departamentos\/departamento-de-historia-dhist\/\" \/>\n<meta property=\"og:locale\" content=\"pt_BR\" \/>\n<meta property=\"og:type\" content=\"article\" \/>\n<meta property=\"og:title\" content=\"Hist\u00f3ria (DHist) - ICHS - Instituto de Ci\u00eancias Humanas e Sociais\" \/>\n<meta property=\"og:description\" content=\"Chefe: Flavio M. Heinz Vice-Chefe: Patr\u00edcia Reis Secret\u00e1ria: Alessandra de Castro Moreira E-mail Institucional: secretaria.dhri.ufrrj@gmail.com Telefone:(21) 2681-4854 Site: https:\/\/cursos.ufrrj.br\/grad\/historia\/ &nbsp; QUADRO DOCENTE [&hellip;]\" \/>\n<meta property=\"og:url\" content=\"https:\/\/institutos.ufrrj.br\/ichs\/departamentos\/departamento-de-historia-dhist\/\" \/>\n<meta property=\"og:site_name\" content=\"ICHS - Instituto de Ci\u00eancias Humanas e Sociais\" \/>\n<meta property=\"article:publisher\" content=\"https:\/\/www.facebook.com\/people\/Instituto-de-Cincias-Humanas-e-Sociais-ichsufrrj\/100064717788841\/\" \/>\n<meta property=\"article:modified_time\" content=\"2025-08-15T12:46:56+00:00\" \/>\n<meta name=\"twitter:card\" content=\"summary_large_image\" \/>\n<meta name=\"twitter:label1\" content=\"Est. tempo de leitura\" \/>\n\t<meta name=\"twitter:data1\" content=\"1 minuto\" \/>\n<script type=\"application\/ld+json\" class=\"yoast-schema-graph\">{\"@context\":\"https:\/\/schema.org\",\"@graph\":[{\"@type\":\"WebPage\",\"@id\":\"https:\/\/institutos.ufrrj.br\/ichs\/departamentos\/departamento-de-historia-dhist\/\",\"url\":\"https:\/\/institutos.ufrrj.br\/ichs\/departamentos\/departamento-de-historia-dhist\/\",\"name\":\"Hist\u00f3ria (DHist) - ICHS - Instituto de Ci\u00eancias Humanas e Sociais\",\"isPartOf\":{\"@id\":\"https:\/\/institutos.ufrrj.br\/ichs\/#website\"},\"datePublished\":\"2014-11-06T19:37:14+00:00\",\"dateModified\":\"2025-08-15T12:46:56+00:00\",\"breadcrumb\":{\"@id\":\"https:\/\/institutos.ufrrj.br\/ichs\/departamentos\/departamento-de-historia-dhist\/#breadcrumb\"},\"inLanguage\":\"pt-BR\",\"potentialAction\":[{\"@type\":\"ReadAction\",\"target\":[\"https:\/\/institutos.ufrrj.br\/ichs\/departamentos\/departamento-de-historia-dhist\/\"]}]},{\"@type\":\"BreadcrumbList\",\"@id\":\"https:\/\/institutos.ufrrj.br\/ichs\/departamentos\/departamento-de-historia-dhist\/#breadcrumb\",\"itemListElement\":[{\"@type\":\"ListItem\",\"position\":1,\"name\":\"In\u00edcio\",\"item\":\"https:\/\/institutos.ufrrj.br\/ichs\/\"},{\"@type\":\"ListItem\",\"position\":2,\"name\":\"Departamentos\",\"item\":\"https:\/\/institutos.ufrrj.br\/ichs\/departamentos\/\"},{\"@type\":\"ListItem\",\"position\":3,\"name\":\"Hist\u00f3ria (DHist)\"}]},{\"@type\":\"WebSite\",\"@id\":\"https:\/\/institutos.ufrrj.br\/ichs\/#website\",\"url\":\"https:\/\/institutos.ufrrj.br\/ichs\/\",\"name\":\"ICHS - Instituto de Ci\u00eancias Humanas e Sociais\",\"description\":\"UFRRJ\",\"publisher\":{\"@id\":\"https:\/\/institutos.ufrrj.br\/ichs\/#organization\"},\"potentialAction\":[{\"@type\":\"SearchAction\",\"target\":{\"@type\":\"EntryPoint\",\"urlTemplate\":\"https:\/\/institutos.ufrrj.br\/ichs\/?s={search_term_string}\"},\"query-input\":{\"@type\":\"PropertyValueSpecification\",\"valueRequired\":true,\"valueName\":\"search_term_string\"}}],\"inLanguage\":\"pt-BR\"},{\"@type\":\"Organization\",\"@id\":\"https:\/\/institutos.ufrrj.br\/ichs\/#organization\",\"name\":\"UFRRJ - Universidade Federal Rural do Rio de Janeiro\",\"url\":\"https:\/\/institutos.ufrrj.br\/ichs\/\",\"logo\":{\"@type\":\"ImageObject\",\"inLanguage\":\"pt-BR\",\"@id\":\"https:\/\/institutos.ufrrj.br\/ichs\/#\/schema\/logo\/image\/\",\"url\":\"https:\/\/institutos.ufrrj.br\/ichs\/wp-content\/uploads\/sites\/100\/2026\/01\/ichs-removebg-preview.png\",\"contentUrl\":\"https:\/\/institutos.ufrrj.br\/ichs\/wp-content\/uploads\/sites\/100\/2026\/01\/ichs-removebg-preview.png\",\"width\":500,\"height\":500,\"caption\":\"UFRRJ - Universidade Federal Rural do Rio de Janeiro\"},\"image\":{\"@id\":\"https:\/\/institutos.ufrrj.br\/ichs\/#\/schema\/logo\/image\/\"},\"sameAs\":[\"https:\/\/www.facebook.com\/people\/Instituto-de-Cincias-Humanas-e-Sociais-ichsufrrj\/100064717788841\/\"]}]}<\/script>\n<!-- \/ Yoast SEO plugin. -->","yoast_head_json":{"title":"Hist\u00f3ria (DHist) - ICHS - Instituto de Ci\u00eancias Humanas e Sociais","robots":{"index":"index","follow":"follow","max-snippet":"max-snippet:-1","max-image-preview":"max-image-preview:large","max-video-preview":"max-video-preview:-1"},"canonical":"https:\/\/institutos.ufrrj.br\/ichs\/departamentos\/departamento-de-historia-dhist\/","og_locale":"pt_BR","og_type":"article","og_title":"Hist\u00f3ria (DHist) - ICHS - Instituto de Ci\u00eancias Humanas e Sociais","og_description":"Chefe: Flavio M. Heinz Vice-Chefe: Patr\u00edcia Reis Secret\u00e1ria: Alessandra de Castro Moreira E-mail Institucional: secretaria.dhri.ufrrj@gmail.com Telefone:(21) 2681-4854 Site: https:\/\/cursos.ufrrj.br\/grad\/historia\/ &nbsp; QUADRO DOCENTE [&hellip;]","og_url":"https:\/\/institutos.ufrrj.br\/ichs\/departamentos\/departamento-de-historia-dhist\/","og_site_name":"ICHS - Instituto de Ci\u00eancias Humanas e Sociais","article_publisher":"https:\/\/www.facebook.com\/people\/Instituto-de-Cincias-Humanas-e-Sociais-ichsufrrj\/100064717788841\/","article_modified_time":"2025-08-15T12:46:56+00:00","twitter_card":"summary_large_image","twitter_misc":{"Est. tempo de leitura":"1 minuto"},"schema":{"@context":"https:\/\/schema.org","@graph":[{"@type":"WebPage","@id":"https:\/\/institutos.ufrrj.br\/ichs\/departamentos\/departamento-de-historia-dhist\/","url":"https:\/\/institutos.ufrrj.br\/ichs\/departamentos\/departamento-de-historia-dhist\/","name":"Hist\u00f3ria (DHist) - ICHS - Instituto de Ci\u00eancias Humanas e Sociais","isPartOf":{"@id":"https:\/\/institutos.ufrrj.br\/ichs\/#website"},"datePublished":"2014-11-06T19:37:14+00:00","dateModified":"2025-08-15T12:46:56+00:00","breadcrumb":{"@id":"https:\/\/institutos.ufrrj.br\/ichs\/departamentos\/departamento-de-historia-dhist\/#breadcrumb"},"inLanguage":"pt-BR","potentialAction":[{"@type":"ReadAction","target":["https:\/\/institutos.ufrrj.br\/ichs\/departamentos\/departamento-de-historia-dhist\/"]}]},{"@type":"BreadcrumbList","@id":"https:\/\/institutos.ufrrj.br\/ichs\/departamentos\/departamento-de-historia-dhist\/#breadcrumb","itemListElement":[{"@type":"ListItem","position":1,"name":"In\u00edcio","item":"https:\/\/institutos.ufrrj.br\/ichs\/"},{"@type":"ListItem","position":2,"name":"Departamentos","item":"https:\/\/institutos.ufrrj.br\/ichs\/departamentos\/"},{"@type":"ListItem","position":3,"name":"Hist\u00f3ria (DHist)"}]},{"@type":"WebSite","@id":"https:\/\/institutos.ufrrj.br\/ichs\/#website","url":"https:\/\/institutos.ufrrj.br\/ichs\/","name":"ICHS - Instituto de Ci\u00eancias Humanas e Sociais","description":"UFRRJ","publisher":{"@id":"https:\/\/institutos.ufrrj.br\/ichs\/#organization"},"potentialAction":[{"@type":"SearchAction","target":{"@type":"EntryPoint","urlTemplate":"https:\/\/institutos.ufrrj.br\/ichs\/?s={search_term_string}"},"query-input":{"@type":"PropertyValueSpecification","valueRequired":true,"valueName":"search_term_string"}}],"inLanguage":"pt-BR"},{"@type":"Organization","@id":"https:\/\/institutos.ufrrj.br\/ichs\/#organization","name":"UFRRJ - Universidade Federal Rural do Rio de Janeiro","url":"https:\/\/institutos.ufrrj.br\/ichs\/","logo":{"@type":"ImageObject","inLanguage":"pt-BR","@id":"https:\/\/institutos.ufrrj.br\/ichs\/#\/schema\/logo\/image\/","url":"https:\/\/institutos.ufrrj.br\/ichs\/wp-content\/uploads\/sites\/100\/2026\/01\/ichs-removebg-preview.png","contentUrl":"https:\/\/institutos.ufrrj.br\/ichs\/wp-content\/uploads\/sites\/100\/2026\/01\/ichs-removebg-preview.png","width":500,"height":500,"caption":"UFRRJ - Universidade Federal Rural do Rio de Janeiro"},"image":{"@id":"https:\/\/institutos.ufrrj.br\/ichs\/#\/schema\/logo\/image\/"},"sameAs":["https:\/\/www.facebook.com\/people\/Instituto-de-Cincias-Humanas-e-Sociais-ichsufrrj\/100064717788841\/"]}]}},"_links":{"self":[{"href":"https:\/\/institutos.ufrrj.br\/ichs\/wp-json\/wp\/v2\/pages\/83","targetHints":{"allow":["GET"]}}],"collection":[{"href":"https:\/\/institutos.ufrrj.br\/ichs\/wp-json\/wp\/v2\/pages"}],"about":[{"href":"https:\/\/institutos.ufrrj.br\/ichs\/wp-json\/wp\/v2\/types\/page"}],"author":[{"embeddable":true,"href":"https:\/\/institutos.ufrrj.br\/ichs\/wp-json\/wp\/v2\/users\/20"}],"replies":[{"embeddable":true,"href":"https:\/\/institutos.ufrrj.br\/ichs\/wp-json\/wp\/v2\/comments?post=83"}],"version-history":[{"count":24,"href":"https:\/\/institutos.ufrrj.br\/ichs\/wp-json\/wp\/v2\/pages\/83\/revisions"}],"predecessor-version":[{"id":3231,"href":"https:\/\/institutos.ufrrj.br\/ichs\/wp-json\/wp\/v2\/pages\/83\/revisions\/3231"}],"up":[{"embeddable":true,"href":"https:\/\/institutos.ufrrj.br\/ichs\/wp-json\/wp\/v2\/pages\/33"}],"wp:attachment":[{"href":"https:\/\/institutos.ufrrj.br\/ichs\/wp-json\/wp\/v2\/media?parent=83"}],"curies":[{"name":"wp","href":"https:\/\/api.w.org\/{rel}","templated":true}]}}