{"id":844,"date":"2025-09-02T13:52:14","date_gmt":"2025-09-02T16:52:14","guid":{"rendered":"http:\/\/institutos.ufrrj.br\/ichs\/?page_id=844"},"modified":"2025-09-02T16:03:28","modified_gmt":"2025-09-02T19:03:28","slug":"memoria","status":"publish","type":"page","link":"https:\/\/institutos.ufrrj.br\/ichs\/memoria\/","title":{"rendered":"Mem\u00f3ria"},"content":{"rendered":"<p>&nbsp;<\/p>\n<p><strong>Homenagem p\u00f3stuma<\/strong><\/p>\n<p><a href=\"http:\/\/institutos.ufrrj.br\/ichs\/predios-novos-do-ichs\/dsc07220-1\/\" rel=\"attachment wp-att-879\"><img loading=\"lazy\" decoding=\"async\" class=\"alignleft wp-image-879\" src=\"http:\/\/institutos.ufrrj.br\/ichs\/wp-content\/uploads\/sites\/100\/2016\/07\/DSC07220-1-300x225.jpg\" alt=\"\" width=\"268\" height=\"202\" srcset=\"https:\/\/institutos.ufrrj.br\/ichs\/wp-content\/uploads\/sites\/100\/2016\/07\/DSC07220-1-300x225.jpg 300w, https:\/\/institutos.ufrrj.br\/ichs\/wp-content\/uploads\/sites\/100\/2016\/07\/DSC07220-1-768x576.jpg 768w, https:\/\/institutos.ufrrj.br\/ichs\/wp-content\/uploads\/sites\/100\/2016\/07\/DSC07220-1-1024x768.jpg 1024w, https:\/\/institutos.ufrrj.br\/ichs\/wp-content\/uploads\/sites\/100\/2016\/07\/DSC07220-1-150x113.jpg 150w, https:\/\/institutos.ufrrj.br\/ichs\/wp-content\/uploads\/sites\/100\/2016\/07\/DSC07220-1-100x75.jpg 100w, https:\/\/institutos.ufrrj.br\/ichs\/wp-content\/uploads\/sites\/100\/2016\/07\/DSC07220-1.jpg 1600w\" sizes=\"auto, (max-width: 268px) 100vw, 268px\" \/><\/a><\/p>\n<p>Em 20 de setembro de 2016, o ent\u00e3o diretor do ICHS, professor Ricardo de Oliveira, nos deixou, por conta de um AVC, sofrido nas imedia\u00e7\u00f5es do Instituto, no dia 08 do referido m\u00eas.<\/p>\n<p>Ricardo foi diretor do ICHS no <strong>quadri\u00eanio\u00a02013-2016<\/strong> e havia acabado de se reeleger como diretor, tendo como vice a professora Maria do Ros\u00e1rio Roxo.<\/p>\n<p>Nesse espa\u00e7o, deixamos nossa homenagem a<strong>o\u00a0homem firme, estudioso, dedicado e amigo generoso<\/strong> que foi o professor Ricardo. Nossos agradecimentos por sua dedica\u00e7\u00e3o e amor ao ICHS.<\/p>\n<p>Era um\u00a0sonho de Ricardo ver o ICHS se expandir e crescer. Ganhar terreno literalmente.\u00a0Era um ideal ver os pr\u00e9dios novos do ICHS e ICSA, nas proximidades do PAT, serem constru\u00eddos.<\/p>\n<p>A dire\u00e7\u00e3o do Instituto est\u00e1 sens\u00edvel a essa causa e lutar\u00e1 pela constru\u00e7\u00e3o dessas obras, para que a comunidade do ICHS possa ter sua perman\u00eancia na universidade garantida com conforto, seguran\u00e7a e bem-estar.<\/p>\n<p>&#8212;<\/p>\n<p><strong>Revista dos 40 anos do ICHS<\/strong> (2010): <a href=\"https:\/\/drive.google.com\/file\/d\/10OQEyF9zKrqd0yUD-RlKvleBFFRM3wsg\/view?usp=sharing\">Clica aqui para fazer download<\/a><\/p>\n<p>&nbsp;<\/p>\n","protected":false},"excerpt":{"rendered":"<p>&nbsp; Homenagem p\u00f3stuma Em 20 de setembro de 2016, o ent\u00e3o diretor do ICHS, professor Ricardo de Oliveira, nos deixou, por conta [&hellip;]<\/p>\n","protected":false},"author":13,"featured_media":0,"parent":0,"menu_order":0,"comment_status":"closed","ping_status":"closed","template":"","meta":{"_acf_changed":false,"_themeisle_gutenberg_block_has_review":false,"footnotes":"","_links_to":"","_links_to_target":""},"class_list":["post-844","page","type-page","status-publish","hentry"],"acf":[],"yoast_head":"<!-- This site is optimized with the Yoast SEO plugin v26.8 - https:\/\/yoast.com\/product\/yoast-seo-wordpress\/ -->\n<title>Mem\u00f3ria - ICHS - Instituto de Ci\u00eancias Humanas e Sociais<\/title>\n<meta name=\"robots\" content=\"index, follow, max-snippet:-1, max-image-preview:large, max-video-preview:-1\" \/>\n<link rel=\"canonical\" href=\"https:\/\/institutos.ufrrj.br\/ichs\/memoria\/\" \/>\n<meta property=\"og:locale\" content=\"pt_BR\" \/>\n<meta property=\"og:type\" content=\"article\" \/>\n<meta property=\"og:title\" content=\"Mem\u00f3ria - ICHS - Instituto de Ci\u00eancias Humanas e Sociais\" \/>\n<meta property=\"og:description\" content=\"&nbsp; Homenagem p\u00f3stuma Em 20 de setembro de 2016, o ent\u00e3o diretor do ICHS, professor Ricardo de Oliveira, nos deixou, por conta [&hellip;]\" \/>\n<meta property=\"og:url\" content=\"https:\/\/institutos.ufrrj.br\/ichs\/memoria\/\" \/>\n<meta property=\"og:site_name\" content=\"ICHS - Instituto de Ci\u00eancias Humanas e Sociais\" \/>\n<meta property=\"article:publisher\" content=\"https:\/\/www.facebook.com\/people\/Instituto-de-Cincias-Humanas-e-Sociais-ichsufrrj\/100064717788841\/\" \/>\n<meta property=\"article:modified_time\" content=\"2025-09-02T19:03:28+00:00\" \/>\n<meta property=\"og:image\" content=\"https:\/\/institutos.ufrrj.br\/ichs\/wp-content\/uploads\/sites\/100\/2016\/07\/DSC07220-1.jpg\" \/>\n\t<meta property=\"og:image:width\" content=\"1600\" \/>\n\t<meta property=\"og:image:height\" content=\"1200\" \/>\n\t<meta property=\"og:image:type\" content=\"image\/jpeg\" \/>\n<meta name=\"twitter:card\" content=\"summary_large_image\" \/>\n<meta name=\"twitter:label1\" content=\"Est. tempo de leitura\" \/>\n\t<meta name=\"twitter:data1\" content=\"1 minuto\" \/>\n<script type=\"application\/ld+json\" class=\"yoast-schema-graph\">{\"@context\":\"https:\/\/schema.org\",\"@graph\":[{\"@type\":\"WebPage\",\"@id\":\"https:\/\/institutos.ufrrj.br\/ichs\/memoria\/\",\"url\":\"https:\/\/institutos.ufrrj.br\/ichs\/memoria\/\",\"name\":\"Mem\u00f3ria - ICHS - Instituto de Ci\u00eancias Humanas e Sociais\",\"isPartOf\":{\"@id\":\"https:\/\/institutos.ufrrj.br\/ichs\/#website\"},\"primaryImageOfPage\":{\"@id\":\"https:\/\/institutos.ufrrj.br\/ichs\/memoria\/#primaryimage\"},\"image\":{\"@id\":\"https:\/\/institutos.ufrrj.br\/ichs\/memoria\/#primaryimage\"},\"thumbnailUrl\":\"http:\/\/institutos.ufrrj.br\/ichs\/wp-content\/uploads\/sites\/100\/2016\/07\/DSC07220-1-300x225.jpg\",\"datePublished\":\"2025-09-02T16:52:14+00:00\",\"dateModified\":\"2025-09-02T19:03:28+00:00\",\"breadcrumb\":{\"@id\":\"https:\/\/institutos.ufrrj.br\/ichs\/memoria\/#breadcrumb\"},\"inLanguage\":\"pt-BR\",\"potentialAction\":[{\"@type\":\"ReadAction\",\"target\":[\"https:\/\/institutos.ufrrj.br\/ichs\/memoria\/\"]}]},{\"@type\":\"ImageObject\",\"inLanguage\":\"pt-BR\",\"@id\":\"https:\/\/institutos.ufrrj.br\/ichs\/memoria\/#primaryimage\",\"url\":\"https:\/\/institutos.ufrrj.br\/ichs\/wp-content\/uploads\/sites\/100\/2016\/07\/DSC07220-1.jpg\",\"contentUrl\":\"https:\/\/institutos.ufrrj.br\/ichs\/wp-content\/uploads\/sites\/100\/2016\/07\/DSC07220-1.jpg\",\"width\":1600,\"height\":1200},{\"@type\":\"BreadcrumbList\",\"@id\":\"https:\/\/institutos.ufrrj.br\/ichs\/memoria\/#breadcrumb\",\"itemListElement\":[{\"@type\":\"ListItem\",\"position\":1,\"name\":\"In\u00edcio\",\"item\":\"https:\/\/institutos.ufrrj.br\/ichs\/\"},{\"@type\":\"ListItem\",\"position\":2,\"name\":\"Mem\u00f3ria\"}]},{\"@type\":\"WebSite\",\"@id\":\"https:\/\/institutos.ufrrj.br\/ichs\/#website\",\"url\":\"https:\/\/institutos.ufrrj.br\/ichs\/\",\"name\":\"ICHS - Instituto de Ci\u00eancias Humanas e Sociais\",\"description\":\"UFRRJ\",\"publisher\":{\"@id\":\"https:\/\/institutos.ufrrj.br\/ichs\/#organization\"},\"potentialAction\":[{\"@type\":\"SearchAction\",\"target\":{\"@type\":\"EntryPoint\",\"urlTemplate\":\"https:\/\/institutos.ufrrj.br\/ichs\/?s={search_term_string}\"},\"query-input\":{\"@type\":\"PropertyValueSpecification\",\"valueRequired\":true,\"valueName\":\"search_term_string\"}}],\"inLanguage\":\"pt-BR\"},{\"@type\":\"Organization\",\"@id\":\"https:\/\/institutos.ufrrj.br\/ichs\/#organization\",\"name\":\"UFRRJ - Universidade Federal Rural do Rio de Janeiro\",\"url\":\"https:\/\/institutos.ufrrj.br\/ichs\/\",\"logo\":{\"@type\":\"ImageObject\",\"inLanguage\":\"pt-BR\",\"@id\":\"https:\/\/institutos.ufrrj.br\/ichs\/#\/schema\/logo\/image\/\",\"url\":\"https:\/\/institutos.ufrrj.br\/ichs\/wp-content\/uploads\/sites\/100\/2026\/01\/ichs-removebg-preview.png\",\"contentUrl\":\"https:\/\/institutos.ufrrj.br\/ichs\/wp-content\/uploads\/sites\/100\/2026\/01\/ichs-removebg-preview.png\",\"width\":500,\"height\":500,\"caption\":\"UFRRJ - Universidade Federal Rural do Rio de Janeiro\"},\"image\":{\"@id\":\"https:\/\/institutos.ufrrj.br\/ichs\/#\/schema\/logo\/image\/\"},\"sameAs\":[\"https:\/\/www.facebook.com\/people\/Instituto-de-Cincias-Humanas-e-Sociais-ichsufrrj\/100064717788841\/\"]}]}<\/script>\n<!-- \/ Yoast SEO plugin. -->","yoast_head_json":{"title":"Mem\u00f3ria - ICHS - Instituto de Ci\u00eancias Humanas e Sociais","robots":{"index":"index","follow":"follow","max-snippet":"max-snippet:-1","max-image-preview":"max-image-preview:large","max-video-preview":"max-video-preview:-1"},"canonical":"https:\/\/institutos.ufrrj.br\/ichs\/memoria\/","og_locale":"pt_BR","og_type":"article","og_title":"Mem\u00f3ria - ICHS - Instituto de Ci\u00eancias Humanas e Sociais","og_description":"&nbsp; Homenagem p\u00f3stuma Em 20 de setembro de 2016, o ent\u00e3o diretor do ICHS, professor Ricardo de Oliveira, nos deixou, por conta [&hellip;]","og_url":"https:\/\/institutos.ufrrj.br\/ichs\/memoria\/","og_site_name":"ICHS - Instituto de Ci\u00eancias Humanas e Sociais","article_publisher":"https:\/\/www.facebook.com\/people\/Instituto-de-Cincias-Humanas-e-Sociais-ichsufrrj\/100064717788841\/","article_modified_time":"2025-09-02T19:03:28+00:00","og_image":[{"width":1600,"height":1200,"url":"https:\/\/institutos.ufrrj.br\/ichs\/wp-content\/uploads\/sites\/100\/2016\/07\/DSC07220-1.jpg","type":"image\/jpeg"}],"twitter_card":"summary_large_image","twitter_misc":{"Est. tempo de leitura":"1 minuto"},"schema":{"@context":"https:\/\/schema.org","@graph":[{"@type":"WebPage","@id":"https:\/\/institutos.ufrrj.br\/ichs\/memoria\/","url":"https:\/\/institutos.ufrrj.br\/ichs\/memoria\/","name":"Mem\u00f3ria - ICHS - Instituto de Ci\u00eancias Humanas e Sociais","isPartOf":{"@id":"https:\/\/institutos.ufrrj.br\/ichs\/#website"},"primaryImageOfPage":{"@id":"https:\/\/institutos.ufrrj.br\/ichs\/memoria\/#primaryimage"},"image":{"@id":"https:\/\/institutos.ufrrj.br\/ichs\/memoria\/#primaryimage"},"thumbnailUrl":"http:\/\/institutos.ufrrj.br\/ichs\/wp-content\/uploads\/sites\/100\/2016\/07\/DSC07220-1-300x225.jpg","datePublished":"2025-09-02T16:52:14+00:00","dateModified":"2025-09-02T19:03:28+00:00","breadcrumb":{"@id":"https:\/\/institutos.ufrrj.br\/ichs\/memoria\/#breadcrumb"},"inLanguage":"pt-BR","potentialAction":[{"@type":"ReadAction","target":["https:\/\/institutos.ufrrj.br\/ichs\/memoria\/"]}]},{"@type":"ImageObject","inLanguage":"pt-BR","@id":"https:\/\/institutos.ufrrj.br\/ichs\/memoria\/#primaryimage","url":"https:\/\/institutos.ufrrj.br\/ichs\/wp-content\/uploads\/sites\/100\/2016\/07\/DSC07220-1.jpg","contentUrl":"https:\/\/institutos.ufrrj.br\/ichs\/wp-content\/uploads\/sites\/100\/2016\/07\/DSC07220-1.jpg","width":1600,"height":1200},{"@type":"BreadcrumbList","@id":"https:\/\/institutos.ufrrj.br\/ichs\/memoria\/#breadcrumb","itemListElement":[{"@type":"ListItem","position":1,"name":"In\u00edcio","item":"https:\/\/institutos.ufrrj.br\/ichs\/"},{"@type":"ListItem","position":2,"name":"Mem\u00f3ria"}]},{"@type":"WebSite","@id":"https:\/\/institutos.ufrrj.br\/ichs\/#website","url":"https:\/\/institutos.ufrrj.br\/ichs\/","name":"ICHS - Instituto de Ci\u00eancias Humanas e Sociais","description":"UFRRJ","publisher":{"@id":"https:\/\/institutos.ufrrj.br\/ichs\/#organization"},"potentialAction":[{"@type":"SearchAction","target":{"@type":"EntryPoint","urlTemplate":"https:\/\/institutos.ufrrj.br\/ichs\/?s={search_term_string}"},"query-input":{"@type":"PropertyValueSpecification","valueRequired":true,"valueName":"search_term_string"}}],"inLanguage":"pt-BR"},{"@type":"Organization","@id":"https:\/\/institutos.ufrrj.br\/ichs\/#organization","name":"UFRRJ - Universidade Federal Rural do Rio de Janeiro","url":"https:\/\/institutos.ufrrj.br\/ichs\/","logo":{"@type":"ImageObject","inLanguage":"pt-BR","@id":"https:\/\/institutos.ufrrj.br\/ichs\/#\/schema\/logo\/image\/","url":"https:\/\/institutos.ufrrj.br\/ichs\/wp-content\/uploads\/sites\/100\/2026\/01\/ichs-removebg-preview.png","contentUrl":"https:\/\/institutos.ufrrj.br\/ichs\/wp-content\/uploads\/sites\/100\/2026\/01\/ichs-removebg-preview.png","width":500,"height":500,"caption":"UFRRJ - Universidade Federal Rural do Rio de Janeiro"},"image":{"@id":"https:\/\/institutos.ufrrj.br\/ichs\/#\/schema\/logo\/image\/"},"sameAs":["https:\/\/www.facebook.com\/people\/Instituto-de-Cincias-Humanas-e-Sociais-ichsufrrj\/100064717788841\/"]}]}},"_links":{"self":[{"href":"https:\/\/institutos.ufrrj.br\/ichs\/wp-json\/wp\/v2\/pages\/844","targetHints":{"allow":["GET"]}}],"collection":[{"href":"https:\/\/institutos.ufrrj.br\/ichs\/wp-json\/wp\/v2\/pages"}],"about":[{"href":"https:\/\/institutos.ufrrj.br\/ichs\/wp-json\/wp\/v2\/types\/page"}],"author":[{"embeddable":true,"href":"https:\/\/institutos.ufrrj.br\/ichs\/wp-json\/wp\/v2\/users\/13"}],"replies":[{"embeddable":true,"href":"https:\/\/institutos.ufrrj.br\/ichs\/wp-json\/wp\/v2\/comments?post=844"}],"version-history":[{"count":9,"href":"https:\/\/institutos.ufrrj.br\/ichs\/wp-json\/wp\/v2\/pages\/844\/revisions"}],"predecessor-version":[{"id":3256,"href":"https:\/\/institutos.ufrrj.br\/ichs\/wp-json\/wp\/v2\/pages\/844\/revisions\/3256"}],"wp:attachment":[{"href":"https:\/\/institutos.ufrrj.br\/ichs\/wp-json\/wp\/v2\/media?parent=844"}],"curies":[{"name":"wp","href":"https:\/\/api.w.org\/{rel}","templated":true}]}}