{"id":86,"date":"2014-11-06T19:37:45","date_gmt":"2014-11-06T19:37:45","guid":{"rendered":"http:\/\/institutos.ufrrj.br\/ichs\/?page_id=86"},"modified":"2025-03-21T13:43:42","modified_gmt":"2025-03-21T16:43:42","slug":"departamento-de-ciencias-sociais-dcs","status":"publish","type":"page","link":"https:\/\/institutos.ufrrj.br\/ichs\/departamentos\/departamento-de-ciencias-sociais-dcs\/","title":{"rendered":"Ci\u00eancias Sociais (DCS)"},"content":{"rendered":"<p><strong>Chefe: <\/strong>Leandro Lapa<\/p>\n<p><strong>Vice-Chefe: <\/strong>Robson Am\u00e2ncio<\/p>\n<p><strong>E-mail Institucional:<\/strong> <a href=\"mailto:dcs-ichs@ufrrj.br\">dcs-ichs@ufrrj.br<\/a><\/p>\n<p><b>Telefone:<\/b> (21) 2682-1701<\/p>\n<p><strong>Site:<\/strong> <a href=\"http:\/\/r1.ufrrj.br\/graduacao\/arquivos\/docs_curso\/folder\/folder-ciencias_sociais-se.pdf\">http:\/\/r1.ufrrj.br\/graduacao\/arquivos\/docs_curso\/folder\/folder-ciencias_sociais-se.pdf\u00a0<\/a><\/p>\n<p>&nbsp;<\/p>\n<p><strong>QUADRO DOCENTE DO DEPARTAMENTO<\/strong><\/p>\n<p><a href=\"http:\/\/lattes.cnpq.br\/8189275262268204\">Alessandra de Andrade Rinaldi<\/a><\/p>\n<p>Alexandre Magno Lopes Gollo<\/p>\n<p><a href=\"http:\/\/lattes.cnpq.br\/9788663887205667\">Andr\u00e9 Luiz Videira de Figueiredo<\/a><\/p>\n<p><a href=\"http:\/\/lattes.cnpq.br\/3345036512295680\">Annelise Caetano Fraga Fernandez<\/a><\/p>\n<p><a href=\"http:\/\/lattes.cnpq.br\/4185316372594053\">Aparecida Maria Abranches<\/a><\/p>\n<p><a href=\"http:\/\/lattes.cnpq.br\/8987190774187222\">Beatriz Wey <\/a><\/p>\n<p><a href=\"http:\/\/lattes.cnpq.br\/1957451626849225\">Carly Barboza Machado<\/a><\/p>\n<p><a href=\"http:\/\/lattes.cnpq.br\/1957451626849225\">C\u00e9sar Augusto Da Ros<\/a><\/p>\n<p><a href=\"http:\/\/lattes.cnpq.br\/7139382919728306\">Darlan Ferreira Montenegro<\/a><\/p>\n<p><a href=\"http:\/\/lattes.cnpq.br\/4986360512962746\">Edson Miagusko <\/a><\/p>\n<p><a href=\"http:\/\/lattes.cnpq.br\/2414343494751533\">Elisa Guaran\u00e1 de Castro<\/a><\/p>\n<p><a href=\"http:\/\/lattes.cnpq.br\/2951088346516057\">Fl\u00e1via Braga Vieira<\/a><\/p>\n<p><a href=\"http:\/\/lattes.cnpq.br\/9571550809902884\">Glauber Rabelo Matias<\/a><\/p>\n<p><a href=\"http:\/\/lattes.cnpq.br\/7600355155295362\">Izabel Missagia de Mattos<\/a><\/p>\n<p><a href=\"http:\/\/lattes.cnpq.br\/7600355155295362\">Jaime Miranda<\/a><\/p>\n<p><a href=\"http:\/\/lattes.cnpq.br\/0745043741317989\">Jos\u00e9 Cl\u00e1udio Sousa Alves<\/a><\/p>\n<p><a href=\"http:\/\/lattes.cnpq.br\/9054184975060093\">Leandro Lapa<\/a><a href=\"http:\/\/lattes.cnpq.br\/9054184975060093\"> Azevedo e Silva\u00a0<\/a><\/p>\n<p><u><a href=\"http:\/\/lattes.cnpq.br\/6004516715704075\">Luena Nascimento Nunes Pereira<\/a><\/u><\/p>\n<p><a href=\"http:\/\/lattes.cnpq.br\/0148919635544225\">Mani Tebet Azevedo de Marins<\/a><\/p>\n<p><a href=\"http:\/\/lattes.cnpq.br\/8832406794447361\">Marcelo Duncan Alencar Guimar\u00e3es<\/a><\/p>\n<p><a href=\"http:\/\/lattes.cnpq.br\/8425624644707012\">Marcelo da Costa Maciel<\/a><\/p>\n<p><a href=\"http:\/\/lattes.cnpq.br\/3639998450131320\">Marco Antonio Perruso<\/a><\/p>\n<p><a href=\"http:\/\/lattes.cnpq.br\/0062991415613827\">Marina Carvalho de Cordeiro<\/a><\/p>\n<p><a href=\"http:\/\/lattes.cnpq.br\/3259474597429806\">Marta Regina Cioccari<\/a><\/p>\n<p><a href=\"http:\/\/lattes.cnpq.br\/8696769275634217\">Moema de Castro Guedes<\/a><\/p>\n<p><a href=\"http:\/\/lattes.cnpq.br\/2302505447006633\">Naara Lucia de Albuquerque<\/a>\u00a0<a href=\"http:\/\/lattes.cnpq.br\/2302505447006633\">Luna<\/a><\/p>\n<p><a href=\"http:\/\/lattes.cnpq.br\/9851975078166981\">Nalayne Mendon\u00e7a Pinto<\/a><\/p>\n<p><a href=\"http:\/\/lattes.cnpq.br\/8609934417466702\">Patricia Reinheimer<\/a><\/p>\n<p><a href=\"http:\/\/lattes.cnpq.br\/9333282646291761\">Robson Amancio<\/a><\/p>\n<p><a href=\"http:\/\/lattes.cnpq.br\/9949041625827224\">Sabrina Marques Parracho Sant&#8217;anna <\/a><\/p>\n<p><a href=\"http:\/\/lattes.cnpq.br\/6997242932599620\">Vladimyr Lombardo Jorge<\/a><\/p>\n<p>&nbsp;<\/p>\n","protected":false},"excerpt":{"rendered":"<p>Chefe: Leandro Lapa Vice-Chefe: Robson Am\u00e2ncio E-mail Institucional: dcs-ichs@ufrrj.br Telefone: (21) 2682-1701 Site: http:\/\/r1.ufrrj.br\/graduacao\/arquivos\/docs_curso\/folder\/folder-ciencias_sociais-se.pdf\u00a0 &nbsp; QUADRO DOCENTE DO DEPARTAMENTO Alessandra de Andrade [&hellip;]<\/p>\n","protected":false},"author":20,"featured_media":0,"parent":33,"menu_order":0,"comment_status":"open","ping_status":"closed","template":"","meta":{"_acf_changed":false,"_themeisle_gutenberg_block_has_review":false,"footnotes":"","_links_to":"","_links_to_target":""},"class_list":["post-86","page","type-page","status-publish","hentry"],"acf":[],"yoast_head":"<!-- This site is optimized with the Yoast SEO plugin v26.8 - https:\/\/yoast.com\/product\/yoast-seo-wordpress\/ -->\n<title>Ci\u00eancias Sociais (DCS) - ICHS - Instituto de Ci\u00eancias Humanas e Sociais<\/title>\n<meta name=\"robots\" content=\"index, follow, max-snippet:-1, max-image-preview:large, max-video-preview:-1\" \/>\n<link rel=\"canonical\" href=\"https:\/\/institutos.ufrrj.br\/ichs\/departamentos\/departamento-de-ciencias-sociais-dcs\/\" \/>\n<meta property=\"og:locale\" content=\"pt_BR\" \/>\n<meta property=\"og:type\" content=\"article\" \/>\n<meta property=\"og:title\" content=\"Ci\u00eancias Sociais (DCS) - ICHS - Instituto de Ci\u00eancias Humanas e Sociais\" \/>\n<meta property=\"og:description\" content=\"Chefe: Leandro Lapa Vice-Chefe: Robson Am\u00e2ncio E-mail Institucional: dcs-ichs@ufrrj.br Telefone: (21) 2682-1701 Site: http:\/\/r1.ufrrj.br\/graduacao\/arquivos\/docs_curso\/folder\/folder-ciencias_sociais-se.pdf\u00a0 &nbsp; QUADRO DOCENTE DO DEPARTAMENTO Alessandra de Andrade [&hellip;]\" \/>\n<meta property=\"og:url\" content=\"https:\/\/institutos.ufrrj.br\/ichs\/departamentos\/departamento-de-ciencias-sociais-dcs\/\" \/>\n<meta property=\"og:site_name\" content=\"ICHS - Instituto de Ci\u00eancias Humanas e Sociais\" \/>\n<meta property=\"article:publisher\" content=\"https:\/\/www.facebook.com\/people\/Instituto-de-Cincias-Humanas-e-Sociais-ichsufrrj\/100064717788841\/\" \/>\n<meta property=\"article:modified_time\" content=\"2025-03-21T16:43:42+00:00\" \/>\n<meta name=\"twitter:card\" content=\"summary_large_image\" \/>\n<meta name=\"twitter:label1\" content=\"Est. tempo de leitura\" \/>\n\t<meta name=\"twitter:data1\" content=\"1 minuto\" \/>\n<script type=\"application\/ld+json\" class=\"yoast-schema-graph\">{\"@context\":\"https:\/\/schema.org\",\"@graph\":[{\"@type\":\"WebPage\",\"@id\":\"https:\/\/institutos.ufrrj.br\/ichs\/departamentos\/departamento-de-ciencias-sociais-dcs\/\",\"url\":\"https:\/\/institutos.ufrrj.br\/ichs\/departamentos\/departamento-de-ciencias-sociais-dcs\/\",\"name\":\"Ci\u00eancias Sociais (DCS) - ICHS - Instituto de Ci\u00eancias Humanas e Sociais\",\"isPartOf\":{\"@id\":\"https:\/\/institutos.ufrrj.br\/ichs\/#website\"},\"datePublished\":\"2014-11-06T19:37:45+00:00\",\"dateModified\":\"2025-03-21T16:43:42+00:00\",\"breadcrumb\":{\"@id\":\"https:\/\/institutos.ufrrj.br\/ichs\/departamentos\/departamento-de-ciencias-sociais-dcs\/#breadcrumb\"},\"inLanguage\":\"pt-BR\",\"potentialAction\":[{\"@type\":\"ReadAction\",\"target\":[\"https:\/\/institutos.ufrrj.br\/ichs\/departamentos\/departamento-de-ciencias-sociais-dcs\/\"]}]},{\"@type\":\"BreadcrumbList\",\"@id\":\"https:\/\/institutos.ufrrj.br\/ichs\/departamentos\/departamento-de-ciencias-sociais-dcs\/#breadcrumb\",\"itemListElement\":[{\"@type\":\"ListItem\",\"position\":1,\"name\":\"In\u00edcio\",\"item\":\"https:\/\/institutos.ufrrj.br\/ichs\/\"},{\"@type\":\"ListItem\",\"position\":2,\"name\":\"Departamentos\",\"item\":\"https:\/\/institutos.ufrrj.br\/ichs\/departamentos\/\"},{\"@type\":\"ListItem\",\"position\":3,\"name\":\"Ci\u00eancias Sociais (DCS)\"}]},{\"@type\":\"WebSite\",\"@id\":\"https:\/\/institutos.ufrrj.br\/ichs\/#website\",\"url\":\"https:\/\/institutos.ufrrj.br\/ichs\/\",\"name\":\"ICHS - Instituto de Ci\u00eancias Humanas e Sociais\",\"description\":\"UFRRJ\",\"publisher\":{\"@id\":\"https:\/\/institutos.ufrrj.br\/ichs\/#organization\"},\"potentialAction\":[{\"@type\":\"SearchAction\",\"target\":{\"@type\":\"EntryPoint\",\"urlTemplate\":\"https:\/\/institutos.ufrrj.br\/ichs\/?s={search_term_string}\"},\"query-input\":{\"@type\":\"PropertyValueSpecification\",\"valueRequired\":true,\"valueName\":\"search_term_string\"}}],\"inLanguage\":\"pt-BR\"},{\"@type\":\"Organization\",\"@id\":\"https:\/\/institutos.ufrrj.br\/ichs\/#organization\",\"name\":\"UFRRJ - Universidade Federal Rural do Rio de Janeiro\",\"url\":\"https:\/\/institutos.ufrrj.br\/ichs\/\",\"logo\":{\"@type\":\"ImageObject\",\"inLanguage\":\"pt-BR\",\"@id\":\"https:\/\/institutos.ufrrj.br\/ichs\/#\/schema\/logo\/image\/\",\"url\":\"https:\/\/institutos.ufrrj.br\/ichs\/wp-content\/uploads\/sites\/100\/2026\/01\/ichs-removebg-preview.png\",\"contentUrl\":\"https:\/\/institutos.ufrrj.br\/ichs\/wp-content\/uploads\/sites\/100\/2026\/01\/ichs-removebg-preview.png\",\"width\":500,\"height\":500,\"caption\":\"UFRRJ - Universidade Federal Rural do Rio de Janeiro\"},\"image\":{\"@id\":\"https:\/\/institutos.ufrrj.br\/ichs\/#\/schema\/logo\/image\/\"},\"sameAs\":[\"https:\/\/www.facebook.com\/people\/Instituto-de-Cincias-Humanas-e-Sociais-ichsufrrj\/100064717788841\/\"]}]}<\/script>\n<!-- \/ Yoast SEO plugin. -->","yoast_head_json":{"title":"Ci\u00eancias Sociais (DCS) - ICHS - Instituto de Ci\u00eancias Humanas e Sociais","robots":{"index":"index","follow":"follow","max-snippet":"max-snippet:-1","max-image-preview":"max-image-preview:large","max-video-preview":"max-video-preview:-1"},"canonical":"https:\/\/institutos.ufrrj.br\/ichs\/departamentos\/departamento-de-ciencias-sociais-dcs\/","og_locale":"pt_BR","og_type":"article","og_title":"Ci\u00eancias Sociais (DCS) - ICHS - Instituto de Ci\u00eancias Humanas e Sociais","og_description":"Chefe: Leandro Lapa Vice-Chefe: Robson Am\u00e2ncio E-mail Institucional: dcs-ichs@ufrrj.br Telefone: (21) 2682-1701 Site: http:\/\/r1.ufrrj.br\/graduacao\/arquivos\/docs_curso\/folder\/folder-ciencias_sociais-se.pdf\u00a0 &nbsp; QUADRO DOCENTE DO DEPARTAMENTO Alessandra de Andrade [&hellip;]","og_url":"https:\/\/institutos.ufrrj.br\/ichs\/departamentos\/departamento-de-ciencias-sociais-dcs\/","og_site_name":"ICHS - Instituto de Ci\u00eancias Humanas e Sociais","article_publisher":"https:\/\/www.facebook.com\/people\/Instituto-de-Cincias-Humanas-e-Sociais-ichsufrrj\/100064717788841\/","article_modified_time":"2025-03-21T16:43:42+00:00","twitter_card":"summary_large_image","twitter_misc":{"Est. tempo de leitura":"1 minuto"},"schema":{"@context":"https:\/\/schema.org","@graph":[{"@type":"WebPage","@id":"https:\/\/institutos.ufrrj.br\/ichs\/departamentos\/departamento-de-ciencias-sociais-dcs\/","url":"https:\/\/institutos.ufrrj.br\/ichs\/departamentos\/departamento-de-ciencias-sociais-dcs\/","name":"Ci\u00eancias Sociais (DCS) - ICHS - Instituto de Ci\u00eancias Humanas e Sociais","isPartOf":{"@id":"https:\/\/institutos.ufrrj.br\/ichs\/#website"},"datePublished":"2014-11-06T19:37:45+00:00","dateModified":"2025-03-21T16:43:42+00:00","breadcrumb":{"@id":"https:\/\/institutos.ufrrj.br\/ichs\/departamentos\/departamento-de-ciencias-sociais-dcs\/#breadcrumb"},"inLanguage":"pt-BR","potentialAction":[{"@type":"ReadAction","target":["https:\/\/institutos.ufrrj.br\/ichs\/departamentos\/departamento-de-ciencias-sociais-dcs\/"]}]},{"@type":"BreadcrumbList","@id":"https:\/\/institutos.ufrrj.br\/ichs\/departamentos\/departamento-de-ciencias-sociais-dcs\/#breadcrumb","itemListElement":[{"@type":"ListItem","position":1,"name":"In\u00edcio","item":"https:\/\/institutos.ufrrj.br\/ichs\/"},{"@type":"ListItem","position":2,"name":"Departamentos","item":"https:\/\/institutos.ufrrj.br\/ichs\/departamentos\/"},{"@type":"ListItem","position":3,"name":"Ci\u00eancias Sociais (DCS)"}]},{"@type":"WebSite","@id":"https:\/\/institutos.ufrrj.br\/ichs\/#website","url":"https:\/\/institutos.ufrrj.br\/ichs\/","name":"ICHS - Instituto de Ci\u00eancias Humanas e Sociais","description":"UFRRJ","publisher":{"@id":"https:\/\/institutos.ufrrj.br\/ichs\/#organization"},"potentialAction":[{"@type":"SearchAction","target":{"@type":"EntryPoint","urlTemplate":"https:\/\/institutos.ufrrj.br\/ichs\/?s={search_term_string}"},"query-input":{"@type":"PropertyValueSpecification","valueRequired":true,"valueName":"search_term_string"}}],"inLanguage":"pt-BR"},{"@type":"Organization","@id":"https:\/\/institutos.ufrrj.br\/ichs\/#organization","name":"UFRRJ - Universidade Federal Rural do Rio de Janeiro","url":"https:\/\/institutos.ufrrj.br\/ichs\/","logo":{"@type":"ImageObject","inLanguage":"pt-BR","@id":"https:\/\/institutos.ufrrj.br\/ichs\/#\/schema\/logo\/image\/","url":"https:\/\/institutos.ufrrj.br\/ichs\/wp-content\/uploads\/sites\/100\/2026\/01\/ichs-removebg-preview.png","contentUrl":"https:\/\/institutos.ufrrj.br\/ichs\/wp-content\/uploads\/sites\/100\/2026\/01\/ichs-removebg-preview.png","width":500,"height":500,"caption":"UFRRJ - Universidade Federal Rural do Rio de Janeiro"},"image":{"@id":"https:\/\/institutos.ufrrj.br\/ichs\/#\/schema\/logo\/image\/"},"sameAs":["https:\/\/www.facebook.com\/people\/Instituto-de-Cincias-Humanas-e-Sociais-ichsufrrj\/100064717788841\/"]}]}},"_links":{"self":[{"href":"https:\/\/institutos.ufrrj.br\/ichs\/wp-json\/wp\/v2\/pages\/86","targetHints":{"allow":["GET"]}}],"collection":[{"href":"https:\/\/institutos.ufrrj.br\/ichs\/wp-json\/wp\/v2\/pages"}],"about":[{"href":"https:\/\/institutos.ufrrj.br\/ichs\/wp-json\/wp\/v2\/types\/page"}],"author":[{"embeddable":true,"href":"https:\/\/institutos.ufrrj.br\/ichs\/wp-json\/wp\/v2\/users\/20"}],"replies":[{"embeddable":true,"href":"https:\/\/institutos.ufrrj.br\/ichs\/wp-json\/wp\/v2\/comments?post=86"}],"version-history":[{"count":34,"href":"https:\/\/institutos.ufrrj.br\/ichs\/wp-json\/wp\/v2\/pages\/86\/revisions"}],"predecessor-version":[{"id":3150,"href":"https:\/\/institutos.ufrrj.br\/ichs\/wp-json\/wp\/v2\/pages\/86\/revisions\/3150"}],"up":[{"embeddable":true,"href":"https:\/\/institutos.ufrrj.br\/ichs\/wp-json\/wp\/v2\/pages\/33"}],"wp:attachment":[{"href":"https:\/\/institutos.ufrrj.br\/ichs\/wp-json\/wp\/v2\/media?parent=86"}],"curies":[{"name":"wp","href":"https:\/\/api.w.org\/{rel}","templated":true}]}}