{"id":88,"date":"2014-11-06T19:38:11","date_gmt":"2014-11-06T19:38:11","guid":{"rendered":"http:\/\/institutos.ufrrj.br\/ichs\/?page_id=88"},"modified":"2024-05-14T10:58:42","modified_gmt":"2024-05-14T13:58:42","slug":"departamento-de-artes-dart","status":"publish","type":"page","link":"https:\/\/institutos.ufrrj.br\/ichs\/departamentos\/departamento-de-artes-dart\/","title":{"rendered":"Artes (DArt)"},"content":{"rendered":"<p><strong>Chefe: <\/strong>Renato Alvim<\/p>\n<p><strong>Vice-Chefe: <\/strong>Dario Tuttolomondo<\/p>\n<p><strong>Secret\u00e1ria:<\/strong> Sheila Seg\u00f3via<\/p>\n<p><strong>E-mail institucional<\/strong>: <a href=\"mailto:dartesufrrj@gmail.com\">dartesufrrj@gmail.com<\/a> ou <a href=\"mailto:dartes@ufrrj.br\">dartes@ufrrj.br <\/a><\/p>\n<p><strong>Telefone: <\/strong>(21) 2681-4935<\/p>\n<p><strong>Site:<\/strong> <a href=\"http:\/\/cursos.ufrrj.br\/grad\/belasartes\/\" target=\"_blank\" rel=\"noopener noreferrer\" data-saferedirecturl=\"https:\/\/www.google.com\/url?q=http:\/\/cursos.ufrrj.br\/grad\/belasartes\/&amp;source=gmail&amp;ust=1616606568626000&amp;usg=AFQjCNEznVhn3JZNsDiQqCbOU2o-ozNMtQ\">http:\/\/cursos.ufrrj.br\/grad\/belasartes\/<\/a><\/p>\n<p>&nbsp;<\/p>\n<p><strong>QUADRO DOCENTE DO DEPARTAMENTO<\/strong><\/p>\n<p>Adrian Moutinho Somma<\/p>\n<p><a href=\"http:\/\/lattes.cnpq.br\/2192088953090945\">Alexandre Linhares Guedes<\/a><\/p>\n<p><a href=\"http:\/\/lattes.cnpq.br\/2203964454591127\">Alexandre Neves Alves<\/a><\/p>\n<p><a href=\"http:\/\/lattes.cnpq.br\/6937419959837198\">Ana Cristina dos Santos Moura <\/a><\/p>\n<p><a href=\"http:\/\/lattes.cnpq.br\/2984108409434963\">Ant\u00f4nio Jos\u00e9 da Silveira<\/a><\/p>\n<p><a href=\"http:\/\/lattes.cnpq.br\/6586475368967673\">Arthur Gomes Valle<\/a><\/p>\n<p>Dario Ion Tuttolomondo<\/p>\n<p><a href=\"http:\/\/lattes.cnpq.br\/0423533589985477\">F\u00e1bio Pereira Cerdera <\/a><\/p>\n<p><a href=\"http:\/\/lattes.cnpq.br\/6904450078250156\">F\u00e1bio Ricardo Reis de Mac\u00eado<\/a><\/p>\n<p><a href=\"http:\/\/lattes.cnpq.br\/8005167111518211\">Klaus Almeida Reis Ribeiro de Novaes<\/a><\/p>\n<p><a href=\"http:\/\/lattes.cnpq.br\/9002099783022805\">Luciana Dil\u00e1scio Neves<\/a><\/p>\n<p><a href=\"http:\/\/lattes.cnpq.br\/7567816601010800\">Marisa Vales de Oliveira<\/a><\/p>\n<p><a href=\"http:\/\/lattes.cnpq.br\/1482192861276155\">Paulo Ormindo Bastos Tavares <\/a><\/p>\n<p>Ronaldo Henrique Nunes da Rocha<\/p>\n<p>Sebasti\u00e3o de Sousa Gon\u00e7alves<\/p>\n<p><a href=\"http:\/\/lattes.cnpq.br\/2300850249050875\">Vin\u00edcius Queiroz Gomes<\/a><\/p>\n<p>&nbsp;<\/p>\n<p><strong>QUADRO DE SERVIDORES T\u00c9CNICO-ADMINISTRATIVOS <\/strong><\/p>\n<p>Sheila Raquel Ferreira Seg\u00f3via<\/p>\n<p>Thalles Yvson Alves de Souza<\/p>\n<p>&nbsp;<\/p>\n<p><strong>ANISTIADO <\/strong><\/p>\n<p>Clesio Ferreira de Assump\u00e7\u00e3o<\/p>\n","protected":false},"excerpt":{"rendered":"<p>Chefe: Renato Alvim Vice-Chefe: Dario Tuttolomondo Secret\u00e1ria: Sheila Seg\u00f3via E-mail institucional: dartesufrrj@gmail.com ou dartes@ufrrj.br Telefone: (21) 2681-4935 Site: http:\/\/cursos.ufrrj.br\/grad\/belasartes\/ &nbsp; QUADRO DOCENTE [&hellip;]<\/p>\n","protected":false},"author":20,"featured_media":0,"parent":33,"menu_order":0,"comment_status":"open","ping_status":"closed","template":"","meta":{"_acf_changed":false,"_themeisle_gutenberg_block_has_review":false,"footnotes":"","_links_to":"","_links_to_target":""},"class_list":["post-88","page","type-page","status-publish","hentry"],"acf":[],"yoast_head":"<!-- This site is optimized with the Yoast SEO plugin v26.8 - https:\/\/yoast.com\/product\/yoast-seo-wordpress\/ -->\n<title>Artes (DArt) - ICHS - Instituto de Ci\u00eancias Humanas e Sociais<\/title>\n<meta name=\"robots\" content=\"index, follow, max-snippet:-1, max-image-preview:large, max-video-preview:-1\" \/>\n<link rel=\"canonical\" href=\"https:\/\/institutos.ufrrj.br\/ichs\/departamentos\/departamento-de-artes-dart\/\" \/>\n<meta property=\"og:locale\" content=\"pt_BR\" \/>\n<meta property=\"og:type\" content=\"article\" \/>\n<meta property=\"og:title\" content=\"Artes (DArt) - ICHS - Instituto de Ci\u00eancias Humanas e Sociais\" \/>\n<meta property=\"og:description\" content=\"Chefe: Renato Alvim Vice-Chefe: Dario Tuttolomondo Secret\u00e1ria: Sheila Seg\u00f3via E-mail institucional: dartesufrrj@gmail.com ou dartes@ufrrj.br Telefone: (21) 2681-4935 Site: http:\/\/cursos.ufrrj.br\/grad\/belasartes\/ &nbsp; QUADRO DOCENTE [&hellip;]\" \/>\n<meta property=\"og:url\" content=\"https:\/\/institutos.ufrrj.br\/ichs\/departamentos\/departamento-de-artes-dart\/\" \/>\n<meta property=\"og:site_name\" content=\"ICHS - Instituto de Ci\u00eancias Humanas e Sociais\" \/>\n<meta property=\"article:publisher\" content=\"https:\/\/www.facebook.com\/people\/Instituto-de-Cincias-Humanas-e-Sociais-ichsufrrj\/100064717788841\/\" \/>\n<meta property=\"article:modified_time\" content=\"2024-05-14T13:58:42+00:00\" \/>\n<meta name=\"twitter:card\" content=\"summary_large_image\" \/>\n<meta name=\"twitter:label1\" content=\"Est. tempo de leitura\" \/>\n\t<meta name=\"twitter:data1\" content=\"1 minuto\" \/>\n<script type=\"application\/ld+json\" class=\"yoast-schema-graph\">{\"@context\":\"https:\/\/schema.org\",\"@graph\":[{\"@type\":\"WebPage\",\"@id\":\"https:\/\/institutos.ufrrj.br\/ichs\/departamentos\/departamento-de-artes-dart\/\",\"url\":\"https:\/\/institutos.ufrrj.br\/ichs\/departamentos\/departamento-de-artes-dart\/\",\"name\":\"Artes (DArt) - ICHS - Instituto de Ci\u00eancias Humanas e Sociais\",\"isPartOf\":{\"@id\":\"https:\/\/institutos.ufrrj.br\/ichs\/#website\"},\"datePublished\":\"2014-11-06T19:38:11+00:00\",\"dateModified\":\"2024-05-14T13:58:42+00:00\",\"breadcrumb\":{\"@id\":\"https:\/\/institutos.ufrrj.br\/ichs\/departamentos\/departamento-de-artes-dart\/#breadcrumb\"},\"inLanguage\":\"pt-BR\",\"potentialAction\":[{\"@type\":\"ReadAction\",\"target\":[\"https:\/\/institutos.ufrrj.br\/ichs\/departamentos\/departamento-de-artes-dart\/\"]}]},{\"@type\":\"BreadcrumbList\",\"@id\":\"https:\/\/institutos.ufrrj.br\/ichs\/departamentos\/departamento-de-artes-dart\/#breadcrumb\",\"itemListElement\":[{\"@type\":\"ListItem\",\"position\":1,\"name\":\"In\u00edcio\",\"item\":\"https:\/\/institutos.ufrrj.br\/ichs\/\"},{\"@type\":\"ListItem\",\"position\":2,\"name\":\"Departamentos\",\"item\":\"https:\/\/institutos.ufrrj.br\/ichs\/departamentos\/\"},{\"@type\":\"ListItem\",\"position\":3,\"name\":\"Artes (DArt)\"}]},{\"@type\":\"WebSite\",\"@id\":\"https:\/\/institutos.ufrrj.br\/ichs\/#website\",\"url\":\"https:\/\/institutos.ufrrj.br\/ichs\/\",\"name\":\"ICHS - Instituto de Ci\u00eancias Humanas e Sociais\",\"description\":\"UFRRJ\",\"publisher\":{\"@id\":\"https:\/\/institutos.ufrrj.br\/ichs\/#organization\"},\"potentialAction\":[{\"@type\":\"SearchAction\",\"target\":{\"@type\":\"EntryPoint\",\"urlTemplate\":\"https:\/\/institutos.ufrrj.br\/ichs\/?s={search_term_string}\"},\"query-input\":{\"@type\":\"PropertyValueSpecification\",\"valueRequired\":true,\"valueName\":\"search_term_string\"}}],\"inLanguage\":\"pt-BR\"},{\"@type\":\"Organization\",\"@id\":\"https:\/\/institutos.ufrrj.br\/ichs\/#organization\",\"name\":\"UFRRJ - Universidade Federal Rural do Rio de Janeiro\",\"url\":\"https:\/\/institutos.ufrrj.br\/ichs\/\",\"logo\":{\"@type\":\"ImageObject\",\"inLanguage\":\"pt-BR\",\"@id\":\"https:\/\/institutos.ufrrj.br\/ichs\/#\/schema\/logo\/image\/\",\"url\":\"https:\/\/institutos.ufrrj.br\/ichs\/wp-content\/uploads\/sites\/100\/2026\/01\/ichs-removebg-preview.png\",\"contentUrl\":\"https:\/\/institutos.ufrrj.br\/ichs\/wp-content\/uploads\/sites\/100\/2026\/01\/ichs-removebg-preview.png\",\"width\":500,\"height\":500,\"caption\":\"UFRRJ - Universidade Federal Rural do Rio de Janeiro\"},\"image\":{\"@id\":\"https:\/\/institutos.ufrrj.br\/ichs\/#\/schema\/logo\/image\/\"},\"sameAs\":[\"https:\/\/www.facebook.com\/people\/Instituto-de-Cincias-Humanas-e-Sociais-ichsufrrj\/100064717788841\/\"]}]}<\/script>\n<!-- \/ Yoast SEO plugin. -->","yoast_head_json":{"title":"Artes (DArt) - ICHS - Instituto de Ci\u00eancias Humanas e Sociais","robots":{"index":"index","follow":"follow","max-snippet":"max-snippet:-1","max-image-preview":"max-image-preview:large","max-video-preview":"max-video-preview:-1"},"canonical":"https:\/\/institutos.ufrrj.br\/ichs\/departamentos\/departamento-de-artes-dart\/","og_locale":"pt_BR","og_type":"article","og_title":"Artes (DArt) - ICHS - Instituto de Ci\u00eancias Humanas e Sociais","og_description":"Chefe: Renato Alvim Vice-Chefe: Dario Tuttolomondo Secret\u00e1ria: Sheila Seg\u00f3via E-mail institucional: dartesufrrj@gmail.com ou dartes@ufrrj.br Telefone: (21) 2681-4935 Site: http:\/\/cursos.ufrrj.br\/grad\/belasartes\/ &nbsp; QUADRO DOCENTE [&hellip;]","og_url":"https:\/\/institutos.ufrrj.br\/ichs\/departamentos\/departamento-de-artes-dart\/","og_site_name":"ICHS - Instituto de Ci\u00eancias Humanas e Sociais","article_publisher":"https:\/\/www.facebook.com\/people\/Instituto-de-Cincias-Humanas-e-Sociais-ichsufrrj\/100064717788841\/","article_modified_time":"2024-05-14T13:58:42+00:00","twitter_card":"summary_large_image","twitter_misc":{"Est. tempo de leitura":"1 minuto"},"schema":{"@context":"https:\/\/schema.org","@graph":[{"@type":"WebPage","@id":"https:\/\/institutos.ufrrj.br\/ichs\/departamentos\/departamento-de-artes-dart\/","url":"https:\/\/institutos.ufrrj.br\/ichs\/departamentos\/departamento-de-artes-dart\/","name":"Artes (DArt) - ICHS - Instituto de Ci\u00eancias Humanas e Sociais","isPartOf":{"@id":"https:\/\/institutos.ufrrj.br\/ichs\/#website"},"datePublished":"2014-11-06T19:38:11+00:00","dateModified":"2024-05-14T13:58:42+00:00","breadcrumb":{"@id":"https:\/\/institutos.ufrrj.br\/ichs\/departamentos\/departamento-de-artes-dart\/#breadcrumb"},"inLanguage":"pt-BR","potentialAction":[{"@type":"ReadAction","target":["https:\/\/institutos.ufrrj.br\/ichs\/departamentos\/departamento-de-artes-dart\/"]}]},{"@type":"BreadcrumbList","@id":"https:\/\/institutos.ufrrj.br\/ichs\/departamentos\/departamento-de-artes-dart\/#breadcrumb","itemListElement":[{"@type":"ListItem","position":1,"name":"In\u00edcio","item":"https:\/\/institutos.ufrrj.br\/ichs\/"},{"@type":"ListItem","position":2,"name":"Departamentos","item":"https:\/\/institutos.ufrrj.br\/ichs\/departamentos\/"},{"@type":"ListItem","position":3,"name":"Artes (DArt)"}]},{"@type":"WebSite","@id":"https:\/\/institutos.ufrrj.br\/ichs\/#website","url":"https:\/\/institutos.ufrrj.br\/ichs\/","name":"ICHS - Instituto de Ci\u00eancias Humanas e Sociais","description":"UFRRJ","publisher":{"@id":"https:\/\/institutos.ufrrj.br\/ichs\/#organization"},"potentialAction":[{"@type":"SearchAction","target":{"@type":"EntryPoint","urlTemplate":"https:\/\/institutos.ufrrj.br\/ichs\/?s={search_term_string}"},"query-input":{"@type":"PropertyValueSpecification","valueRequired":true,"valueName":"search_term_string"}}],"inLanguage":"pt-BR"},{"@type":"Organization","@id":"https:\/\/institutos.ufrrj.br\/ichs\/#organization","name":"UFRRJ - Universidade Federal Rural do Rio de Janeiro","url":"https:\/\/institutos.ufrrj.br\/ichs\/","logo":{"@type":"ImageObject","inLanguage":"pt-BR","@id":"https:\/\/institutos.ufrrj.br\/ichs\/#\/schema\/logo\/image\/","url":"https:\/\/institutos.ufrrj.br\/ichs\/wp-content\/uploads\/sites\/100\/2026\/01\/ichs-removebg-preview.png","contentUrl":"https:\/\/institutos.ufrrj.br\/ichs\/wp-content\/uploads\/sites\/100\/2026\/01\/ichs-removebg-preview.png","width":500,"height":500,"caption":"UFRRJ - Universidade Federal Rural do Rio de Janeiro"},"image":{"@id":"https:\/\/institutos.ufrrj.br\/ichs\/#\/schema\/logo\/image\/"},"sameAs":["https:\/\/www.facebook.com\/people\/Instituto-de-Cincias-Humanas-e-Sociais-ichsufrrj\/100064717788841\/"]}]}},"_links":{"self":[{"href":"https:\/\/institutos.ufrrj.br\/ichs\/wp-json\/wp\/v2\/pages\/88","targetHints":{"allow":["GET"]}}],"collection":[{"href":"https:\/\/institutos.ufrrj.br\/ichs\/wp-json\/wp\/v2\/pages"}],"about":[{"href":"https:\/\/institutos.ufrrj.br\/ichs\/wp-json\/wp\/v2\/types\/page"}],"author":[{"embeddable":true,"href":"https:\/\/institutos.ufrrj.br\/ichs\/wp-json\/wp\/v2\/users\/20"}],"replies":[{"embeddable":true,"href":"https:\/\/institutos.ufrrj.br\/ichs\/wp-json\/wp\/v2\/comments?post=88"}],"version-history":[{"count":49,"href":"https:\/\/institutos.ufrrj.br\/ichs\/wp-json\/wp\/v2\/pages\/88\/revisions"}],"predecessor-version":[{"id":2909,"href":"https:\/\/institutos.ufrrj.br\/ichs\/wp-json\/wp\/v2\/pages\/88\/revisions\/2909"}],"up":[{"embeddable":true,"href":"https:\/\/institutos.ufrrj.br\/ichs\/wp-json\/wp\/v2\/pages\/33"}],"wp:attachment":[{"href":"https:\/\/institutos.ufrrj.br\/ichs\/wp-json\/wp\/v2\/media?parent=88"}],"curies":[{"name":"wp","href":"https:\/\/api.w.org\/{rel}","templated":true}]}}