{"id":156,"date":"2017-02-01T15:42:03","date_gmt":"2017-02-01T15:42:03","guid":{"rendered":"http:\/\/institutos.ufrrj.br\/icsa\/?page_id=156"},"modified":"2025-08-12T16:59:35","modified_gmt":"2025-08-12T19:59:35","slug":"administracao","status":"publish","type":"page","link":"https:\/\/institutos.ufrrj.br\/icsa\/administracao\/","title":{"rendered":""},"content":{"rendered":"<h1><span style=\"color: #003366;\">ADMINISTRA\u00c7\u00c3O:<\/span><\/h1>\n<p>O curso de Administra\u00e7\u00e3o visa formar profissionais aptos em agregar valor \u00e0 empresa, ao produto, ao cliente e \u00e0 comunidade. Profissionais capazes de transitar pelos tr\u00eas setores da economia e de atuar efetivamente, em micro, pequenas e m\u00e9dias empresas, bem como em estruturas produtivas de maior complexidade. Em fun\u00e7\u00e3o do atual cen\u00e1rio econ\u00f4mico, social e pol\u00edtico o curso oprima pelo desenvolvimento de uma sociedade mais justa, com forma\u00e7\u00e3o humanista, gerando melhor distribui\u00e7\u00e3o de renda e continua gera\u00e7\u00e3o de empregos, uma vez que este processo est\u00e1 estritamente relacionado com as pr\u00e1ticas de organiza\u00e7\u00e3o e administra\u00e7\u00e3o do trabalho adotadas pela sociedade no decorrer do processo de desenvolvimento, tanto na \u00e1rea p\u00fablica quanto privada. Dessa forma, o curso visa consolidar a forma\u00e7\u00e3o de administradores como agentes de mudan\u00e7a, com capacidades cr\u00edtica e estrat\u00e9gica, necess\u00e1rias ao exerc\u00edcio competente e efetivo da profiss\u00e3o.<\/p>\n<hr \/>\n<h3><span style=\"color: #003366;\">COORDENA\u00c7\u00c3O:<\/span><\/h3>\n<p><span style=\"color: #003366;\"><strong>Coordenadora:<\/strong><\/span> Profa. Dra. Andreia Cristina de Almeida<\/p>\n<p><span style=\"color: #003366;\"><strong>Vice-coordenador:<\/strong><\/span> Profa. Dra. Patr\u00edcia Leite da Silva<\/p>\n<p><span style=\"color: #003366;\"><strong>E-mail:<\/strong><\/span> <a href=\"mailto:admcoord@ufrrj.br\">admcoord@ufrrj.br<\/a><\/p>\n<p><span style=\"color: #003366;\"><strong>Secret\u00e1ria:<\/strong><\/span> Marcia Cristina Pedrosa da Silva<\/p>\n<p><span style=\"color: #003366;\"><strong>E-mail:<\/strong><\/span> <a href=\"mailto:mcpedrosas@yahoo.com.br\">mcpedrosas@yahoo.com.br<\/a><\/p>\n<p><span style=\"color: #003366;\"><strong>Telefone:<\/strong> <\/span>(21) 2681-4916<\/p>\n<hr \/>\n<pre><a href=\"https:\/\/cursos.ufrrj.br\/grad\/administracao\/\">Para saber mais sobre este Curso, acesse seu site clicando aqui<\/a><\/pre>\n<pre><a href=\"http:\/\/r1.ufrrj.br\/graduacao\/arquivos\/docs_curso\/matriz\/SEROPEDICA\/11-administracao_matriz_2010.pdf\" target=\"_blank\" rel=\"noopener noreferrer\">Confira aqui a Grade Curricular do Curso<\/a><\/pre>\n<p style=\"text-align: left;\">\u00a0<\/p>\n\n\n<figure class=\"wp-block-table\"><table><tbody><tr><td><strong>DOCENTE<\/strong><\/td><td><strong>LATTES<\/strong><\/td><\/tr><tr><td>ALESSANDRA CASSOL<\/td><td><a href=\"http:\/\/lattes.cnpq.br\/9005547281638334\"><img decoding=\"async\" style=\"width: 25px;\" src=\"https:\/\/institutos.ufrrj.br\/icsa\/wp-content\/uploads\/sites\/101\/2024\/02\/Captura-de-tela-2024-02-01-152404-1.png\" alt=\"\"><\/a><\/td><\/tr><tr><td>ANDRE LUIS DE CARVALHO<\/td><td><a href=\"http:\/\/lattes.cnpq.br\/1346376813275703\"><img decoding=\"async\" style=\"width: 25px;\" src=\"https:\/\/institutos.ufrrj.br\/icsa\/wp-content\/uploads\/sites\/101\/2024\/02\/Captura-de-tela-2024-02-01-152404-1.png\" alt=\"\"><\/a><\/td><\/tr><tr><td>ANDREIA CRISTINA RESENDE DE ALMEIDA<\/td><td><a href=\"http:\/\/lattes.cnpq.br\/3863808749612995\"><img decoding=\"async\" style=\"width: 25px;\" src=\"https:\/\/institutos.ufrrj.br\/icsa\/wp-content\/uploads\/sites\/101\/2024\/02\/Captura-de-tela-2024-02-01-152404-1.png\" alt=\"\"><\/a><\/td><\/tr><tr><td>AYALA LIBERATO BRAGA<\/td><td><a href=\"http:\/\/lattes.cnpq.br\/8613681965033056\"><img decoding=\"async\" style=\"width: 25px;\" src=\"https:\/\/institutos.ufrrj.br\/icsa\/wp-content\/uploads\/sites\/101\/2024\/02\/Captura-de-tela-2024-02-01-152404-1.png\" alt=\"\"><\/a><\/td><\/tr><tr><td>ELIZABETH JORGE HATCHUEL<\/td><td><a href=\"http:\/\/lattes.cnpq.br\/9716684329545397\"><img decoding=\"async\" style=\"width: 25px;\" src=\"https:\/\/institutos.ufrrj.br\/icsa\/wp-content\/uploads\/sites\/101\/2024\/02\/Captura-de-tela-2024-02-01-152404-1.png\" alt=\"\"><\/a><\/td><\/tr><tr><td>FABIO DE SOUZA BRAND\u00c3O<\/td><td><a href=\"http:\/\/lattes.cnpq.br\/7228901426234853\"><img decoding=\"async\" style=\"width: 25px;\" src=\"https:\/\/institutos.ufrrj.br\/icsa\/wp-content\/uploads\/sites\/101\/2024\/02\/Captura-de-tela-2024-02-01-152404-1.png\" alt=\"\"><\/a><\/td><\/tr><tr><td>FERNANDA SILVA FERREIRA CHAER<\/td><td><strong><img decoding=\"async\" style=\"width: 25px;\" src=\"https:\/\/institutos.ufrrj.br\/icsa\/wp-content\/uploads\/sites\/101\/2024\/02\/Captura-de-tela-2024-02-01-152404-1.png\" alt=\"\"><\/strong><\/td><\/tr><tr><td>FLAVIA LUZIA OLIVEIRA DA CUNHA GALINDO<\/td><td><a href=\"http:\/\/lattes.cnpq.br\/6473625072239932\"><img decoding=\"async\" style=\"width: 25px;\" src=\"https:\/\/institutos.ufrrj.br\/icsa\/wp-content\/uploads\/sites\/101\/2024\/02\/Captura-de-tela-2024-02-01-152404-1.png\" alt=\"\"><\/a><\/td><\/tr><tr><td>FLAVIO HENRIQUE GOMES BORGES<\/td><td><a href=\"http:\/\/lattes.cnpq.br\/3974117267159901\"><img decoding=\"async\" style=\"width: 25px;\" src=\"https:\/\/institutos.ufrrj.br\/icsa\/wp-content\/uploads\/sites\/101\/2024\/02\/Captura-de-tela-2024-02-01-152404-1.png\" alt=\"\"><\/a><\/td><\/tr><tr><td>JOAO LUIS ALVES PINHEIRO<\/td><td><a href=\"http:\/\/lattes.cnpq.br\/3974117267159901\"><img decoding=\"async\" style=\"width: 25px;\" src=\"https:\/\/institutos.ufrrj.br\/icsa\/wp-content\/uploads\/sites\/101\/2024\/02\/Captura-de-tela-2024-02-01-152404-1.png\" alt=\"\"><\/a><\/td><\/tr><tr><td>LUCIENE GOUVEIA BATISTA<\/td><td><a href=\"http:\/\/lattes.cnpq.br\/3974117267159901\"><img decoding=\"async\" style=\"width: 25px;\" src=\"https:\/\/institutos.ufrrj.br\/icsa\/wp-content\/uploads\/sites\/101\/2024\/02\/Captura-de-tela-2024-02-01-152404-1.png\" alt=\"\"><\/a><\/td><\/tr><tr><td>LUIZ ALBERTO DE LIMA LEANDRO<\/td><td><a href=\"http:\/\/lattes.cnpq.br\/5575803524887775\"><img decoding=\"async\" style=\"width: 25px;\" src=\"https:\/\/institutos.ufrrj.br\/icsa\/wp-content\/uploads\/sites\/101\/2024\/02\/Captura-de-tela-2024-02-01-152404-1.png\" alt=\"\"><\/a><\/td><\/tr><tr><td>MARCELLO VINICIUS DORIA CALVOSA<\/td><td><a href=\"http:\/\/lattes.cnpq.br\/2844242339593000\"><img decoding=\"async\" style=\"width: 25px;\" src=\"https:\/\/institutos.ufrrj.br\/icsa\/wp-content\/uploads\/sites\/101\/2024\/02\/Captura-de-tela-2024-02-01-152404-1.png\" alt=\"\"><\/a><\/td><\/tr><tr><td>MARCELO SALES FERREIRA<\/td><td><a href=\"http:\/\/lattes.cnpq.br\/8194523141613358\"><img decoding=\"async\" style=\"width: 25px;\" src=\"https:\/\/institutos.ufrrj.br\/icsa\/wp-content\/uploads\/sites\/101\/2024\/02\/Captura-de-tela-2024-02-01-152404-1.png\" alt=\"\"><\/a><\/td><\/tr><tr><td>MARCELO SOBREIRO<\/td><td><a href=\"http:\/\/lattes.cnpq.br\/8194523141613358\"><img decoding=\"async\" style=\"width: 25px;\" src=\"https:\/\/institutos.ufrrj.br\/icsa\/wp-content\/uploads\/sites\/101\/2024\/02\/Captura-de-tela-2024-02-01-152404-1.png\" alt=\"\"><\/a><\/td><\/tr><tr><td>MARCIO LUIZ MARIETTO<\/td><td><a href=\"http:\/\/lattes.cnpq.br\/5808655315359719\"><img decoding=\"async\" style=\"width: 25px;\" src=\"https:\/\/institutos.ufrrj.br\/icsa\/wp-content\/uploads\/sites\/101\/2024\/02\/Captura-de-tela-2024-02-01-152404-1.png\" alt=\"\"><\/a><\/td><\/tr><tr><td>MARCO ANTONIO FERREIRA DE SOUZA<\/td><td><a href=\"http:\/\/lattes.cnpq.br\/5708227944301103\"><img decoding=\"async\" style=\"width: 25px;\" src=\"https:\/\/institutos.ufrrj.br\/icsa\/wp-content\/uploads\/sites\/101\/2024\/02\/Captura-de-tela-2024-02-01-152404-1.png\" alt=\"\"><\/a><\/td><\/tr><tr><td>PATRICIA LEITE DA SILVA<\/td><td><a href=\"http:\/\/lattes.cnpq.br\/6097082664548980\"><img decoding=\"async\" style=\"width: 25px;\" src=\"https:\/\/institutos.ufrrj.br\/icsa\/wp-content\/uploads\/sites\/101\/2024\/02\/Captura-de-tela-2024-02-01-152404-1.png\" alt=\"\"><\/a><\/td><\/tr><tr><td>PAULA FURTADO HARTMANN DE QUEIROZ MONTEIRO<\/td><td><a href=\"http:\/\/lattes.cnpq.br\/8265645312694830\"><img decoding=\"async\" style=\"width: 25px;\" src=\"https:\/\/institutos.ufrrj.br\/icsa\/wp-content\/uploads\/sites\/101\/2024\/02\/Captura-de-tela-2024-02-01-152404-1.png\" alt=\"\"><\/a><\/td><\/tr><tr><td>PRISCILA CORREA FRANCO AMARAL<\/td><td><a href=\"http:\/\/lattes.cnpq.br\/3132288437946019\"><img decoding=\"async\" style=\"width: 25px;\" src=\"https:\/\/institutos.ufrrj.br\/icsa\/wp-content\/uploads\/sites\/101\/2024\/02\/Captura-de-tela-2024-02-01-152404-1.png\" alt=\"\"><\/a><\/td><\/tr><tr><td>RICARDO NASCIMENTO FERREIRA<\/td><td><a href=\"http:\/\/lattes.cnpq.br\/9294641183110577\"><img decoding=\"async\" style=\"width: 25px;\" src=\"https:\/\/institutos.ufrrj.br\/icsa\/wp-content\/uploads\/sites\/101\/2024\/02\/Captura-de-tela-2024-02-01-152404-1.png\" alt=\"\"><\/a><\/td><\/tr><tr><td>ROSA AMELITA SA MENEZES DA MOTTA<\/td><td><a href=\"http:\/\/lattes.cnpq.br\/2261847197059663\"><img decoding=\"async\" style=\"width: 25px;\" src=\"https:\/\/institutos.ufrrj.br\/icsa\/wp-content\/uploads\/sites\/101\/2024\/02\/Captura-de-tela-2024-02-01-152404-1.png\" alt=\"\"><\/a><\/td><\/tr><tr><td>ROSANA FRUJUELLE<\/td><td><a href=\"http:\/\/lattes.cnpq.br\/6027663760311589\"><img decoding=\"async\" style=\"width: 25px;\" src=\"https:\/\/institutos.ufrrj.br\/icsa\/wp-content\/uploads\/sites\/101\/2024\/02\/Captura-de-tela-2024-02-01-152404-1.png\" alt=\"\"><\/a><\/td><\/tr><tr><td>TALITA BARBOSA MATOS PEIXOTO<\/td><td><a href=\"http:\/\/lattes.cnpq.br\/3962197204771149\"><img decoding=\"async\" style=\"width: 25px;\" src=\"https:\/\/institutos.ufrrj.br\/icsa\/wp-content\/uploads\/sites\/101\/2024\/02\/Captura-de-tela-2024-02-01-152404-1.png\" alt=\"\"><\/a><\/td><\/tr><\/tbody><\/table><\/figure>\n","protected":false},"excerpt":{"rendered":"<p>ADMINISTRA\u00c7\u00c3O: O curso de Administra\u00e7\u00e3o visa formar profissionais aptos em agregar valor \u00e0 empresa, ao produto, ao cliente e \u00e0 <a class=\"read-more\" href=\"https:\/\/institutos.ufrrj.br\/icsa\/administracao\/\">&#8230; <em>leia mais <\/em> <i class=\"fa fa-long-arrow-right\"><\/i><\/a><\/p>\n","protected":false},"author":22,"featured_media":0,"parent":0,"menu_order":0,"comment_status":"closed","ping_status":"closed","template":"","meta":{"_acf_changed":false,"_themeisle_gutenberg_block_has_review":false,"footnotes":"","_links_to":"","_links_to_target":""},"class_list":["post-156","page","type-page","status-publish","hentry"],"acf":[],"yoast_head":"<!-- This site is optimized with the Yoast SEO plugin v26.8 - https:\/\/yoast.com\/product\/yoast-seo-wordpress\/ -->\n<title>- ICSA<\/title>\n<meta name=\"robots\" content=\"index, follow, max-snippet:-1, max-image-preview:large, max-video-preview:-1\" \/>\n<link rel=\"canonical\" href=\"https:\/\/institutos.ufrrj.br\/icsa\/administracao\/\" \/>\n<meta property=\"og:locale\" content=\"pt_BR\" \/>\n<meta property=\"og:type\" content=\"article\" \/>\n<meta property=\"og:title\" content=\"- ICSA\" \/>\n<meta property=\"og:description\" content=\"ADMINISTRA\u00c7\u00c3O: O curso de Administra\u00e7\u00e3o visa formar profissionais aptos em agregar valor \u00e0 empresa, ao produto, ao cliente e \u00e0 ... leia mais\" \/>\n<meta property=\"og:url\" content=\"https:\/\/institutos.ufrrj.br\/icsa\/administracao\/\" \/>\n<meta property=\"og:site_name\" content=\"ICSA\" \/>\n<meta property=\"article:publisher\" content=\"https:\/\/www.facebook.com\/ICSA-189767328193686\/\" \/>\n<meta property=\"article:modified_time\" content=\"2025-08-12T19:59:35+00:00\" \/>\n<meta property=\"og:image\" content=\"https:\/\/institutos.ufrrj.br\/icsa\/wp-content\/uploads\/sites\/101\/2024\/02\/Captura-de-tela-2024-02-01-152404-1.png\" \/>\n<meta name=\"twitter:card\" content=\"summary_large_image\" \/>\n<meta name=\"twitter:label1\" content=\"Est. tempo de leitura\" \/>\n\t<meta name=\"twitter:data1\" content=\"7 minutos\" \/>\n<script type=\"application\/ld+json\" class=\"yoast-schema-graph\">{\"@context\":\"https:\/\/schema.org\",\"@graph\":[{\"@type\":\"WebPage\",\"@id\":\"https:\/\/institutos.ufrrj.br\/icsa\/administracao\/\",\"url\":\"https:\/\/institutos.ufrrj.br\/icsa\/administracao\/\",\"name\":\"- ICSA\",\"isPartOf\":{\"@id\":\"https:\/\/institutos.ufrrj.br\/icsa\/#website\"},\"primaryImageOfPage\":{\"@id\":\"https:\/\/institutos.ufrrj.br\/icsa\/administracao\/#primaryimage\"},\"image\":{\"@id\":\"https:\/\/institutos.ufrrj.br\/icsa\/administracao\/#primaryimage\"},\"thumbnailUrl\":\"https:\/\/institutos.ufrrj.br\/icsa\/wp-content\/uploads\/sites\/101\/2024\/02\/Captura-de-tela-2024-02-01-152404-1.png\",\"datePublished\":\"2017-02-01T15:42:03+00:00\",\"dateModified\":\"2025-08-12T19:59:35+00:00\",\"inLanguage\":\"pt-BR\",\"potentialAction\":[{\"@type\":\"ReadAction\",\"target\":[\"https:\/\/institutos.ufrrj.br\/icsa\/administracao\/\"]}]},{\"@type\":\"ImageObject\",\"inLanguage\":\"pt-BR\",\"@id\":\"https:\/\/institutos.ufrrj.br\/icsa\/administracao\/#primaryimage\",\"url\":\"https:\/\/institutos.ufrrj.br\/icsa\/wp-content\/uploads\/sites\/101\/2024\/02\/Captura-de-tela-2024-02-01-152404-1.png\",\"contentUrl\":\"https:\/\/institutos.ufrrj.br\/icsa\/wp-content\/uploads\/sites\/101\/2024\/02\/Captura-de-tela-2024-02-01-152404-1.png\",\"width\":323,\"height\":355},{\"@type\":\"WebSite\",\"@id\":\"https:\/\/institutos.ufrrj.br\/icsa\/#website\",\"url\":\"https:\/\/institutos.ufrrj.br\/icsa\/\",\"name\":\"ICSA\",\"description\":\"Institutos de Ci\u00eancias Sociais Aplicadas\",\"publisher\":{\"@id\":\"https:\/\/institutos.ufrrj.br\/icsa\/#organization\"},\"potentialAction\":[{\"@type\":\"SearchAction\",\"target\":{\"@type\":\"EntryPoint\",\"urlTemplate\":\"https:\/\/institutos.ufrrj.br\/icsa\/?s={search_term_string}\"},\"query-input\":{\"@type\":\"PropertyValueSpecification\",\"valueRequired\":true,\"valueName\":\"search_term_string\"}}],\"inLanguage\":\"pt-BR\"},{\"@type\":\"Organization\",\"@id\":\"https:\/\/institutos.ufrrj.br\/icsa\/#organization\",\"name\":\"ICSA\",\"url\":\"https:\/\/institutos.ufrrj.br\/icsa\/\",\"logo\":{\"@type\":\"ImageObject\",\"inLanguage\":\"pt-BR\",\"@id\":\"https:\/\/institutos.ufrrj.br\/icsa\/#\/schema\/logo\/image\/\",\"url\":\"https:\/\/institutos.ufrrj.br\/icsa\/wp-content\/uploads\/sites\/101\/2023\/10\/logo_icsa_cor_horz_01-4-1.png\",\"contentUrl\":\"https:\/\/institutos.ufrrj.br\/icsa\/wp-content\/uploads\/sites\/101\/2023\/10\/logo_icsa_cor_horz_01-4-1.png\",\"width\":300,\"height\":101,\"caption\":\"ICSA\"},\"image\":{\"@id\":\"https:\/\/institutos.ufrrj.br\/icsa\/#\/schema\/logo\/image\/\"},\"sameAs\":[\"https:\/\/www.facebook.com\/ICSA-189767328193686\/\",\"https:\/\/www.instagram.com\/icsa.ufrrj\/\",\"https:\/\/www.youtube.com\/@icsaufrrj\"]}]}<\/script>\n<!-- \/ Yoast SEO plugin. -->","yoast_head_json":{"title":"- ICSA","robots":{"index":"index","follow":"follow","max-snippet":"max-snippet:-1","max-image-preview":"max-image-preview:large","max-video-preview":"max-video-preview:-1"},"canonical":"https:\/\/institutos.ufrrj.br\/icsa\/administracao\/","og_locale":"pt_BR","og_type":"article","og_title":"- ICSA","og_description":"ADMINISTRA\u00c7\u00c3O: O curso de Administra\u00e7\u00e3o visa formar profissionais aptos em agregar valor \u00e0 empresa, ao produto, ao cliente e \u00e0 ... leia mais","og_url":"https:\/\/institutos.ufrrj.br\/icsa\/administracao\/","og_site_name":"ICSA","article_publisher":"https:\/\/www.facebook.com\/ICSA-189767328193686\/","article_modified_time":"2025-08-12T19:59:35+00:00","og_image":[{"url":"https:\/\/institutos.ufrrj.br\/icsa\/wp-content\/uploads\/sites\/101\/2024\/02\/Captura-de-tela-2024-02-01-152404-1.png","type":"","width":"","height":""}],"twitter_card":"summary_large_image","twitter_misc":{"Est. tempo de leitura":"7 minutos"},"schema":{"@context":"https:\/\/schema.org","@graph":[{"@type":"WebPage","@id":"https:\/\/institutos.ufrrj.br\/icsa\/administracao\/","url":"https:\/\/institutos.ufrrj.br\/icsa\/administracao\/","name":"- ICSA","isPartOf":{"@id":"https:\/\/institutos.ufrrj.br\/icsa\/#website"},"primaryImageOfPage":{"@id":"https:\/\/institutos.ufrrj.br\/icsa\/administracao\/#primaryimage"},"image":{"@id":"https:\/\/institutos.ufrrj.br\/icsa\/administracao\/#primaryimage"},"thumbnailUrl":"https:\/\/institutos.ufrrj.br\/icsa\/wp-content\/uploads\/sites\/101\/2024\/02\/Captura-de-tela-2024-02-01-152404-1.png","datePublished":"2017-02-01T15:42:03+00:00","dateModified":"2025-08-12T19:59:35+00:00","inLanguage":"pt-BR","potentialAction":[{"@type":"ReadAction","target":["https:\/\/institutos.ufrrj.br\/icsa\/administracao\/"]}]},{"@type":"ImageObject","inLanguage":"pt-BR","@id":"https:\/\/institutos.ufrrj.br\/icsa\/administracao\/#primaryimage","url":"https:\/\/institutos.ufrrj.br\/icsa\/wp-content\/uploads\/sites\/101\/2024\/02\/Captura-de-tela-2024-02-01-152404-1.png","contentUrl":"https:\/\/institutos.ufrrj.br\/icsa\/wp-content\/uploads\/sites\/101\/2024\/02\/Captura-de-tela-2024-02-01-152404-1.png","width":323,"height":355},{"@type":"WebSite","@id":"https:\/\/institutos.ufrrj.br\/icsa\/#website","url":"https:\/\/institutos.ufrrj.br\/icsa\/","name":"ICSA","description":"Institutos de Ci\u00eancias Sociais Aplicadas","publisher":{"@id":"https:\/\/institutos.ufrrj.br\/icsa\/#organization"},"potentialAction":[{"@type":"SearchAction","target":{"@type":"EntryPoint","urlTemplate":"https:\/\/institutos.ufrrj.br\/icsa\/?s={search_term_string}"},"query-input":{"@type":"PropertyValueSpecification","valueRequired":true,"valueName":"search_term_string"}}],"inLanguage":"pt-BR"},{"@type":"Organization","@id":"https:\/\/institutos.ufrrj.br\/icsa\/#organization","name":"ICSA","url":"https:\/\/institutos.ufrrj.br\/icsa\/","logo":{"@type":"ImageObject","inLanguage":"pt-BR","@id":"https:\/\/institutos.ufrrj.br\/icsa\/#\/schema\/logo\/image\/","url":"https:\/\/institutos.ufrrj.br\/icsa\/wp-content\/uploads\/sites\/101\/2023\/10\/logo_icsa_cor_horz_01-4-1.png","contentUrl":"https:\/\/institutos.ufrrj.br\/icsa\/wp-content\/uploads\/sites\/101\/2023\/10\/logo_icsa_cor_horz_01-4-1.png","width":300,"height":101,"caption":"ICSA"},"image":{"@id":"https:\/\/institutos.ufrrj.br\/icsa\/#\/schema\/logo\/image\/"},"sameAs":["https:\/\/www.facebook.com\/ICSA-189767328193686\/","https:\/\/www.instagram.com\/icsa.ufrrj\/","https:\/\/www.youtube.com\/@icsaufrrj"]}]}},"_links":{"self":[{"href":"https:\/\/institutos.ufrrj.br\/icsa\/wp-json\/wp\/v2\/pages\/156","targetHints":{"allow":["GET"]}}],"collection":[{"href":"https:\/\/institutos.ufrrj.br\/icsa\/wp-json\/wp\/v2\/pages"}],"about":[{"href":"https:\/\/institutos.ufrrj.br\/icsa\/wp-json\/wp\/v2\/types\/page"}],"author":[{"embeddable":true,"href":"https:\/\/institutos.ufrrj.br\/icsa\/wp-json\/wp\/v2\/users\/22"}],"replies":[{"embeddable":true,"href":"https:\/\/institutos.ufrrj.br\/icsa\/wp-json\/wp\/v2\/comments?post=156"}],"version-history":[{"count":35,"href":"https:\/\/institutos.ufrrj.br\/icsa\/wp-json\/wp\/v2\/pages\/156\/revisions"}],"predecessor-version":[{"id":9220,"href":"https:\/\/institutos.ufrrj.br\/icsa\/wp-json\/wp\/v2\/pages\/156\/revisions\/9220"}],"wp:attachment":[{"href":"https:\/\/institutos.ufrrj.br\/icsa\/wp-json\/wp\/v2\/media?parent=156"}],"curies":[{"name":"wp","href":"https:\/\/api.w.org\/{rel}","templated":true}]}}