{"id":162,"date":"2017-02-01T15:50:15","date_gmt":"2017-02-01T15:50:15","guid":{"rendered":"http:\/\/institutos.ufrrj.br\/icsa\/?page_id=162"},"modified":"2025-07-22T02:39:55","modified_gmt":"2025-07-22T05:39:55","slug":"administracao-publica-2","status":"publish","type":"page","link":"https:\/\/institutos.ufrrj.br\/icsa\/administracao-publica-2\/","title":{"rendered":""},"content":{"rendered":"<h1><span style=\"color: #000080;\">ADMINISTRA\u00c7\u00c3O P\u00daBLICA:<\/span><\/h1>\n<p>A gradua\u00e7\u00e3o em Administra\u00e7\u00e3o P\u00fablica \u00e9 um curso multidisciplinar, que oferece ao aluno no\u00e7\u00f5es de direito, hist\u00f3ria, economia, administra\u00e7\u00e3o e pol\u00edtica, contudo, n\u00e3o se resume ou limita a uma destas \u00e1reas. O administrador p\u00fablico deve ter uma vis\u00e3o ampla da profiss\u00e3o, sendo capaz de realizar a pr\u00e1tica e exercer um pensamento cr\u00edtico. Poder\u00e1 desempenhar sua compet\u00eancia pol\u00edtica para conciliar demandas sociais e precisar\u00e1 utilizar sua capacidade t\u00e9cnica para definir prioridades e metas, formular estrat\u00e9gias e gerir recursos escassos.<\/p>\n<hr \/>\n<h3><span style=\"color: #000080;\">COORDENA\u00c7\u00c3O:<\/span><\/h3>\n<p><span style=\"color: #000080;\">Coordenadora:<\/span> Profa. Dra. Deise Luce de Souza Marques<\/p>\n<p><span style=\"color: #000080;\">Vice-Coordenadora:<\/span> Profa. Dra. Maria Gracinda Carvalho Teixeira<\/p>\n<p><span style=\"color: #000080;\">Secret\u00e1ria:<\/span> Ana Cl\u00e1udia Arcanjo<br \/><span style=\"color: #000080;\">E-mail:<\/span> admpublicaufrrj@gmail.com<\/p>\n<p><span style=\"color: #000080;\">Telefone:<\/span> (21) 2681-4917<\/p>\n<hr \/>\n<pre><a href=\"https:\/\/cursos.ufrrj.br\/grad\/admpublica\/\">Para saber mais sobre este Curso, acesse seu site clicando aqui<\/a><br \/><br \/><\/pre>\n\n\n<pre class=\"wp-block-preformatted\"><a href=\"https:\/\/cursos.ufrrj.br\/grad\/admpublica\/obrigatorias\/\">Confira aqui a Grade Curricular do Curso<\/a><\/pre>\n\n\n\n<figure class=\"wp-block-table\"><table><tbody><tr><td><strong>DOCENTE<\/strong><\/td><td><strong>LATTES<\/strong><\/td><\/tr><tr><td>ALDENILSON DOS SANTOS VITORINO COSTA<\/td><td><a href=\"http:\/\/lattes.cnpq.br\/4660914198065434\"><img decoding=\"async\" style=\"width: 25px;\" src=\"https:\/\/institutos.ufrrj.br\/icsa\/wp-content\/uploads\/sites\/101\/2024\/02\/Captura-de-tela-2024-02-01-152404-1.png\" alt=\"\"><\/a><\/td><\/tr><tr><td>BEATRIZ QUIROZ VILLARDI<\/td><td><a href=\"http:\/\/lattes.cnpq.br\/3613664703389917\"><img decoding=\"async\" style=\"width: 25px;\" src=\"https:\/\/institutos.ufrrj.br\/icsa\/wp-content\/uploads\/sites\/101\/2024\/02\/Captura-de-tela-2024-02-01-152404-1.png\" alt=\"\"><\/a><\/td><\/tr><tr><td>BIANCCA SCARPELINE DE CASTRO<\/td><td><a href=\"http:\/\/lattes.cnpq.br\/6803897679311046\"><img decoding=\"async\" style=\"width: 25px;\" src=\"https:\/\/institutos.ufrrj.br\/icsa\/wp-content\/uploads\/sites\/101\/2024\/02\/Captura-de-tela-2024-02-01-152404-1.png\" alt=\"\"><\/a><\/td><\/tr><tr><td>CAIO PEIXOTO CHAIN<\/td><td><a href=\"http:\/\/lattes.cnpq.br\/1332414714659455\"><img decoding=\"async\" style=\"width: 25px;\" src=\"https:\/\/institutos.ufrrj.br\/icsa\/wp-content\/uploads\/sites\/101\/2024\/02\/Captura-de-tela-2024-02-01-152404-1.png\" alt=\"\"><\/a><\/td><\/tr><tr><td>DEISE LUCE DE SOUZA MARQUES<\/td><td><a href=\"http:\/\/lattes.cnpq.br\/6774909034956423\"><img decoding=\"async\" style=\"width: 25px;\" src=\"https:\/\/institutos.ufrrj.br\/icsa\/wp-content\/uploads\/sites\/101\/2024\/02\/Captura-de-tela-2024-02-01-152404-1.png\" alt=\"\"><\/a><\/td><\/tr><tr><td>GUSTAVO LOPES OLIVARES<\/td><td><a href=\"http:\/\/lattes.cnpq.br\/1726136669646025\"><img decoding=\"async\" style=\"width: 25px;\" src=\"https:\/\/institutos.ufrrj.br\/icsa\/wp-content\/uploads\/sites\/101\/2024\/02\/Captura-de-tela-2024-02-01-152404-1.png\" alt=\"\"><\/a><\/td><\/tr><tr><td>MARCOS FERREIRA<\/td><td><a href=\"http:\/\/lattes.cnpq.br\/9723448246360453\"><img decoding=\"async\" style=\"width: 25px;\" src=\"https:\/\/institutos.ufrrj.br\/icsa\/wp-content\/uploads\/sites\/101\/2024\/02\/Captura-de-tela-2024-02-01-152404-1.png\" alt=\"\"><\/a><\/td><\/tr><tr><td>MARIA GRACINDA CARVALHO TEIXEIRA<\/td><td><a href=\"http:\/\/lattes.cnpq.br\/8230657832492432\"><img decoding=\"async\" style=\"width: 25px;\" src=\"https:\/\/institutos.ufrrj.br\/icsa\/wp-content\/uploads\/sites\/101\/2024\/02\/Captura-de-tela-2024-02-01-152404-1.png\" alt=\"\"><\/a><\/td><\/tr><tr><td>MARINES STEFFANELLO<\/td><td><a href=\"http:\/\/lattes.cnpq.br\/7760107397354397\"><img decoding=\"async\" style=\"width: 25px;\" src=\"https:\/\/institutos.ufrrj.br\/icsa\/wp-content\/uploads\/sites\/101\/2024\/02\/Captura-de-tela-2024-02-01-152404-1.png\" alt=\"\"><\/a><\/td><\/tr><tr><td>NAIARA TAVARES DA SILVA<\/td><td><a href=\"http:\/\/lattes.cnpq.br\/2785413802844433\"><img decoding=\"async\" style=\"width: 25px;\" src=\"https:\/\/institutos.ufrrj.br\/icsa\/wp-content\/uploads\/sites\/101\/2024\/02\/Captura-de-tela-2024-02-01-152404-1.png\" alt=\"\"><\/a><\/td><\/tr><tr><td>RONALDO RAASCH<\/td><td><a href=\"http:\/\/lattes.cnpq.br\/2806657478691911\"><img decoding=\"async\" style=\"width: 25px;\" src=\"https:\/\/institutos.ufrrj.br\/icsa\/wp-content\/uploads\/sites\/101\/2024\/02\/Captura-de-tela-2024-02-01-152404-1.png\" alt=\"\"><\/a><\/td><\/tr><tr><td>VERA REGINA RAMOS PINTO<\/td><td><a href=\"http:\/\/lattes.cnpq.br\/2906207119869583\"><img decoding=\"async\" style=\"width: 25px;\" src=\"https:\/\/institutos.ufrrj.br\/icsa\/wp-content\/uploads\/sites\/101\/2024\/02\/Captura-de-tela-2024-02-01-152404-1.png\" alt=\"\"><\/a><\/td><\/tr><tr><td>VINICIUS FERREIRA BAPTISTA<\/td><td><a href=\"http:\/\/lattes.cnpq.br\/1519850039767968\"><img decoding=\"async\" style=\"width: 25px;\" src=\"https:\/\/institutos.ufrrj.br\/icsa\/wp-content\/uploads\/sites\/101\/2024\/02\/Captura-de-tela-2024-02-01-152404-1.png\" alt=\"\"><\/a><\/td><\/tr><\/tbody><\/table><\/figure>\n","protected":false},"excerpt":{"rendered":"<p>ADMINISTRA\u00c7\u00c3O P\u00daBLICA: A gradua\u00e7\u00e3o em Administra\u00e7\u00e3o P\u00fablica \u00e9 um curso multidisciplinar, que oferece ao aluno no\u00e7\u00f5es de direito, hist\u00f3ria, economia, <a class=\"read-more\" href=\"https:\/\/institutos.ufrrj.br\/icsa\/administracao-publica-2\/\">&#8230; <em>leia mais <\/em> <i class=\"fa fa-long-arrow-right\"><\/i><\/a><\/p>\n","protected":false},"author":22,"featured_media":0,"parent":0,"menu_order":0,"comment_status":"closed","ping_status":"closed","template":"","meta":{"_acf_changed":false,"_themeisle_gutenberg_block_has_review":false,"footnotes":"","_links_to":"","_links_to_target":""},"class_list":["post-162","page","type-page","status-publish","hentry"],"acf":[],"yoast_head":"<!-- This site is optimized with the Yoast SEO plugin v26.8 - https:\/\/yoast.com\/product\/yoast-seo-wordpress\/ -->\n<title>- ICSA<\/title>\n<meta name=\"robots\" content=\"index, follow, max-snippet:-1, max-image-preview:large, max-video-preview:-1\" \/>\n<link rel=\"canonical\" href=\"https:\/\/institutos.ufrrj.br\/icsa\/administracao-publica-2\/\" \/>\n<meta property=\"og:locale\" content=\"pt_BR\" \/>\n<meta property=\"og:type\" content=\"article\" \/>\n<meta property=\"og:title\" content=\"- ICSA\" \/>\n<meta property=\"og:description\" content=\"ADMINISTRA\u00c7\u00c3O P\u00daBLICA: A gradua\u00e7\u00e3o em Administra\u00e7\u00e3o P\u00fablica \u00e9 um curso multidisciplinar, que oferece ao aluno no\u00e7\u00f5es de direito, hist\u00f3ria, economia, ... leia mais\" \/>\n<meta property=\"og:url\" content=\"https:\/\/institutos.ufrrj.br\/icsa\/administracao-publica-2\/\" \/>\n<meta property=\"og:site_name\" content=\"ICSA\" \/>\n<meta property=\"article:publisher\" content=\"https:\/\/www.facebook.com\/ICSA-189767328193686\/\" \/>\n<meta property=\"article:modified_time\" content=\"2025-07-22T05:39:55+00:00\" \/>\n<meta property=\"og:image\" content=\"https:\/\/institutos.ufrrj.br\/icsa\/wp-content\/uploads\/sites\/101\/2024\/02\/Captura-de-tela-2024-02-01-152404-1.png\" \/>\n<meta name=\"twitter:card\" content=\"summary_large_image\" \/>\n<meta name=\"twitter:label1\" content=\"Est. tempo de leitura\" \/>\n\t<meta name=\"twitter:data1\" content=\"4 minutos\" \/>\n<script type=\"application\/ld+json\" class=\"yoast-schema-graph\">{\"@context\":\"https:\/\/schema.org\",\"@graph\":[{\"@type\":\"WebPage\",\"@id\":\"https:\/\/institutos.ufrrj.br\/icsa\/administracao-publica-2\/\",\"url\":\"https:\/\/institutos.ufrrj.br\/icsa\/administracao-publica-2\/\",\"name\":\"- ICSA\",\"isPartOf\":{\"@id\":\"https:\/\/institutos.ufrrj.br\/icsa\/#website\"},\"primaryImageOfPage\":{\"@id\":\"https:\/\/institutos.ufrrj.br\/icsa\/administracao-publica-2\/#primaryimage\"},\"image\":{\"@id\":\"https:\/\/institutos.ufrrj.br\/icsa\/administracao-publica-2\/#primaryimage\"},\"thumbnailUrl\":\"https:\/\/institutos.ufrrj.br\/icsa\/wp-content\/uploads\/sites\/101\/2024\/02\/Captura-de-tela-2024-02-01-152404-1.png\",\"datePublished\":\"2017-02-01T15:50:15+00:00\",\"dateModified\":\"2025-07-22T05:39:55+00:00\",\"inLanguage\":\"pt-BR\",\"potentialAction\":[{\"@type\":\"ReadAction\",\"target\":[\"https:\/\/institutos.ufrrj.br\/icsa\/administracao-publica-2\/\"]}]},{\"@type\":\"ImageObject\",\"inLanguage\":\"pt-BR\",\"@id\":\"https:\/\/institutos.ufrrj.br\/icsa\/administracao-publica-2\/#primaryimage\",\"url\":\"https:\/\/institutos.ufrrj.br\/icsa\/wp-content\/uploads\/sites\/101\/2024\/02\/Captura-de-tela-2024-02-01-152404-1.png\",\"contentUrl\":\"https:\/\/institutos.ufrrj.br\/icsa\/wp-content\/uploads\/sites\/101\/2024\/02\/Captura-de-tela-2024-02-01-152404-1.png\",\"width\":323,\"height\":355},{\"@type\":\"WebSite\",\"@id\":\"https:\/\/institutos.ufrrj.br\/icsa\/#website\",\"url\":\"https:\/\/institutos.ufrrj.br\/icsa\/\",\"name\":\"ICSA\",\"description\":\"Institutos de Ci\u00eancias Sociais Aplicadas\",\"publisher\":{\"@id\":\"https:\/\/institutos.ufrrj.br\/icsa\/#organization\"},\"potentialAction\":[{\"@type\":\"SearchAction\",\"target\":{\"@type\":\"EntryPoint\",\"urlTemplate\":\"https:\/\/institutos.ufrrj.br\/icsa\/?s={search_term_string}\"},\"query-input\":{\"@type\":\"PropertyValueSpecification\",\"valueRequired\":true,\"valueName\":\"search_term_string\"}}],\"inLanguage\":\"pt-BR\"},{\"@type\":\"Organization\",\"@id\":\"https:\/\/institutos.ufrrj.br\/icsa\/#organization\",\"name\":\"ICSA\",\"url\":\"https:\/\/institutos.ufrrj.br\/icsa\/\",\"logo\":{\"@type\":\"ImageObject\",\"inLanguage\":\"pt-BR\",\"@id\":\"https:\/\/institutos.ufrrj.br\/icsa\/#\/schema\/logo\/image\/\",\"url\":\"https:\/\/institutos.ufrrj.br\/icsa\/wp-content\/uploads\/sites\/101\/2023\/10\/logo_icsa_cor_horz_01-4-1.png\",\"contentUrl\":\"https:\/\/institutos.ufrrj.br\/icsa\/wp-content\/uploads\/sites\/101\/2023\/10\/logo_icsa_cor_horz_01-4-1.png\",\"width\":300,\"height\":101,\"caption\":\"ICSA\"},\"image\":{\"@id\":\"https:\/\/institutos.ufrrj.br\/icsa\/#\/schema\/logo\/image\/\"},\"sameAs\":[\"https:\/\/www.facebook.com\/ICSA-189767328193686\/\",\"https:\/\/www.instagram.com\/icsa.ufrrj\/\",\"https:\/\/www.youtube.com\/@icsaufrrj\"]}]}<\/script>\n<!-- \/ Yoast SEO plugin. -->","yoast_head_json":{"title":"- ICSA","robots":{"index":"index","follow":"follow","max-snippet":"max-snippet:-1","max-image-preview":"max-image-preview:large","max-video-preview":"max-video-preview:-1"},"canonical":"https:\/\/institutos.ufrrj.br\/icsa\/administracao-publica-2\/","og_locale":"pt_BR","og_type":"article","og_title":"- ICSA","og_description":"ADMINISTRA\u00c7\u00c3O P\u00daBLICA: A gradua\u00e7\u00e3o em Administra\u00e7\u00e3o P\u00fablica \u00e9 um curso multidisciplinar, que oferece ao aluno no\u00e7\u00f5es de direito, hist\u00f3ria, economia, ... leia mais","og_url":"https:\/\/institutos.ufrrj.br\/icsa\/administracao-publica-2\/","og_site_name":"ICSA","article_publisher":"https:\/\/www.facebook.com\/ICSA-189767328193686\/","article_modified_time":"2025-07-22T05:39:55+00:00","og_image":[{"url":"https:\/\/institutos.ufrrj.br\/icsa\/wp-content\/uploads\/sites\/101\/2024\/02\/Captura-de-tela-2024-02-01-152404-1.png","type":"","width":"","height":""}],"twitter_card":"summary_large_image","twitter_misc":{"Est. tempo de leitura":"4 minutos"},"schema":{"@context":"https:\/\/schema.org","@graph":[{"@type":"WebPage","@id":"https:\/\/institutos.ufrrj.br\/icsa\/administracao-publica-2\/","url":"https:\/\/institutos.ufrrj.br\/icsa\/administracao-publica-2\/","name":"- ICSA","isPartOf":{"@id":"https:\/\/institutos.ufrrj.br\/icsa\/#website"},"primaryImageOfPage":{"@id":"https:\/\/institutos.ufrrj.br\/icsa\/administracao-publica-2\/#primaryimage"},"image":{"@id":"https:\/\/institutos.ufrrj.br\/icsa\/administracao-publica-2\/#primaryimage"},"thumbnailUrl":"https:\/\/institutos.ufrrj.br\/icsa\/wp-content\/uploads\/sites\/101\/2024\/02\/Captura-de-tela-2024-02-01-152404-1.png","datePublished":"2017-02-01T15:50:15+00:00","dateModified":"2025-07-22T05:39:55+00:00","inLanguage":"pt-BR","potentialAction":[{"@type":"ReadAction","target":["https:\/\/institutos.ufrrj.br\/icsa\/administracao-publica-2\/"]}]},{"@type":"ImageObject","inLanguage":"pt-BR","@id":"https:\/\/institutos.ufrrj.br\/icsa\/administracao-publica-2\/#primaryimage","url":"https:\/\/institutos.ufrrj.br\/icsa\/wp-content\/uploads\/sites\/101\/2024\/02\/Captura-de-tela-2024-02-01-152404-1.png","contentUrl":"https:\/\/institutos.ufrrj.br\/icsa\/wp-content\/uploads\/sites\/101\/2024\/02\/Captura-de-tela-2024-02-01-152404-1.png","width":323,"height":355},{"@type":"WebSite","@id":"https:\/\/institutos.ufrrj.br\/icsa\/#website","url":"https:\/\/institutos.ufrrj.br\/icsa\/","name":"ICSA","description":"Institutos de Ci\u00eancias Sociais Aplicadas","publisher":{"@id":"https:\/\/institutos.ufrrj.br\/icsa\/#organization"},"potentialAction":[{"@type":"SearchAction","target":{"@type":"EntryPoint","urlTemplate":"https:\/\/institutos.ufrrj.br\/icsa\/?s={search_term_string}"},"query-input":{"@type":"PropertyValueSpecification","valueRequired":true,"valueName":"search_term_string"}}],"inLanguage":"pt-BR"},{"@type":"Organization","@id":"https:\/\/institutos.ufrrj.br\/icsa\/#organization","name":"ICSA","url":"https:\/\/institutos.ufrrj.br\/icsa\/","logo":{"@type":"ImageObject","inLanguage":"pt-BR","@id":"https:\/\/institutos.ufrrj.br\/icsa\/#\/schema\/logo\/image\/","url":"https:\/\/institutos.ufrrj.br\/icsa\/wp-content\/uploads\/sites\/101\/2023\/10\/logo_icsa_cor_horz_01-4-1.png","contentUrl":"https:\/\/institutos.ufrrj.br\/icsa\/wp-content\/uploads\/sites\/101\/2023\/10\/logo_icsa_cor_horz_01-4-1.png","width":300,"height":101,"caption":"ICSA"},"image":{"@id":"https:\/\/institutos.ufrrj.br\/icsa\/#\/schema\/logo\/image\/"},"sameAs":["https:\/\/www.facebook.com\/ICSA-189767328193686\/","https:\/\/www.instagram.com\/icsa.ufrrj\/","https:\/\/www.youtube.com\/@icsaufrrj"]}]}},"_links":{"self":[{"href":"https:\/\/institutos.ufrrj.br\/icsa\/wp-json\/wp\/v2\/pages\/162","targetHints":{"allow":["GET"]}}],"collection":[{"href":"https:\/\/institutos.ufrrj.br\/icsa\/wp-json\/wp\/v2\/pages"}],"about":[{"href":"https:\/\/institutos.ufrrj.br\/icsa\/wp-json\/wp\/v2\/types\/page"}],"author":[{"embeddable":true,"href":"https:\/\/institutos.ufrrj.br\/icsa\/wp-json\/wp\/v2\/users\/22"}],"replies":[{"embeddable":true,"href":"https:\/\/institutos.ufrrj.br\/icsa\/wp-json\/wp\/v2\/comments?post=162"}],"version-history":[{"count":29,"href":"https:\/\/institutos.ufrrj.br\/icsa\/wp-json\/wp\/v2\/pages\/162\/revisions"}],"predecessor-version":[{"id":9054,"href":"https:\/\/institutos.ufrrj.br\/icsa\/wp-json\/wp\/v2\/pages\/162\/revisions\/9054"}],"wp:attachment":[{"href":"https:\/\/institutos.ufrrj.br\/icsa\/wp-json\/wp\/v2\/media?parent=162"}],"curies":[{"name":"wp","href":"https:\/\/api.w.org\/{rel}","templated":true}]}}