{"id":168,"date":"2017-02-01T15:53:33","date_gmt":"2017-02-01T15:53:33","guid":{"rendered":"http:\/\/institutos.ufrrj.br\/icsa\/?page_id=168"},"modified":"2026-02-03T13:09:13","modified_gmt":"2026-02-03T16:09:13","slug":"ciencias-contabeis","status":"publish","type":"page","link":"https:\/\/institutos.ufrrj.br\/icsa\/ciencias-contabeis\/","title":{"rendered":""},"content":{"rendered":"<h1><span style=\"color: #000080;\">CI\u00caNCIAS CONT\u00c1BEIS<\/span><\/h1>\n<p>A gradua\u00e7\u00e3o em Ci\u00eancias Cont\u00e1beis \u00e9 um curso que apresenta conte\u00fados relacionados com outras \u00e1reas, sobre tudo Administra\u00e7\u00e3o, Economia, Direito, M\u00e9todos Quantitativos, Matem\u00e1tica e Estat\u00edstica; conte\u00fados de forma\u00e7\u00e3o profissional, e estudos espec\u00edficos atinentes \u00e0s Teorias da Contabilidade, como as no\u00e7\u00f5es de atividades atuariais e de quantifica\u00e7\u00f5es de informa\u00e7\u00f5es financeiras, patrimoniais, governamentais e m\u00e3o governamentais, de auditorias, per\u00edcias e arbitragens e controladoria, com suas aplica\u00e7\u00f5es no setor p\u00fablico e privado; e os conte\u00fados de forma\u00e7\u00e3o te\u00f3rico-pr\u00e1tica como o Est\u00e1gio Curricular Supervisionado, Atividades Complementares, Conte\u00fados Optativos e Pr\u00e1tica em Laborat\u00f3rio.<\/p>\n<hr \/>\n<h3><span style=\"color: #003366;\"><strong>COORDENA\u00c7\u00c3O<\/strong><\/span>:<\/h3>\n<p><strong><span style=\"color: #003366;\">Coordenadora<\/span>:<\/strong> Prof. Dr. Alessandro Pereira Alves<\/p>\n<p><span style=\"color: #003366;\"><strong>Vice-coordenador: <\/strong><span style=\"color: #000000;\">Prof. Dr. S\u00e9rgio Correia Barbosa<\/span><\/span><\/p>\n<p><strong style=\"font-size: revert; color: initial;\"><span style=\"color: #003366;\">Secret\u00e1ria<\/span>:<\/strong><span style=\"font-size: revert; color: initial;\"> Carlos Marcelo Fernandes da Silva<\/span><\/p>\n<p><span style=\"color: #003366;\"><strong>E-mail:<\/strong><\/span> dccf@ufrrj.br\/coordcontabeisufrrj@gmail.com<\/p>\n<p><strong><span style=\"color: #003366;\">Telefone<\/span>:<\/strong>\u00a0(21) 2681-4913<\/p>\n<hr \/>\n<pre><a href=\"https:\/\/cursos.ufrrj.br\/grad\/cienciascontabeis\/\">Para saber mais sobre este Curso, acesse seu site clicando aqui<\/a><\/pre>\n<pre style=\"text-align: left;\"><a href=\"http:\/\/r1.ufrrj.br\/graduacao\/arquivos\/docs_curso\/matriz\/SEROPEDICA\/46_bach_ciencias_contabeis_matriz_2010-2.pdf\" target=\"_blank\" rel=\"noopener noreferrer\">Confira aqui a Grade Curricular do Curso<\/a><\/pre>\n\n\n<figure class=\"wp-block-table\"><table><tbody><tr><td><strong>DOCENTE<\/strong><\/td><td><strong>LATTES<\/strong><\/td><\/tr><tr><td>ALESSANDRO PEREIRA ALVES<\/td><td><a href=\"http:\/\/lattes.cnpq.br\/2504124134793647\"><img decoding=\"async\" style=\"width: 25px;\" src=\"https:\/\/institutos.ufrrj.br\/icsa\/wp-content\/uploads\/sites\/101\/2024\/02\/Captura-de-tela-2024-02-01-152404-1.png\" alt=\"\"><\/a><\/td><\/tr><tr><td>ALEXANDRE JOSE TEIXEIRA<\/td><td><a href=\"http:\/\/lattes.cnpq.br\/1608151722246023\"><img decoding=\"async\" style=\"width: 25px;\" src=\"https:\/\/institutos.ufrrj.br\/icsa\/wp-content\/uploads\/sites\/101\/2024\/02\/Captura-de-tela-2024-02-01-152404-1.png\" alt=\"\"><\/a><\/td><\/tr><tr><td>ANTONIO JOSE PATROCINIO PEREIRA<\/td><td><a href=\"http:\/\/lattes.cnpq.br\/3397367282894074\"><img decoding=\"async\" style=\"width: 25px;\" src=\"https:\/\/institutos.ufrrj.br\/icsa\/wp-content\/uploads\/sites\/101\/2024\/02\/Captura-de-tela-2024-02-01-152404-1.png\" alt=\"\"><\/a><\/td><\/tr><tr><td>BRUNO D ASSIS ROCHA<\/td><td><a href=\"http:\/\/lattes.cnpq.br\/7460110031138270\"><img decoding=\"async\" style=\"width: 25px;\" src=\"https:\/\/institutos.ufrrj.br\/icsa\/wp-content\/uploads\/sites\/101\/2024\/02\/Captura-de-tela-2024-02-01-152404-1.png\" alt=\"\"><\/a><\/td><\/tr><tr><td>CARLOS JOSE VIEIRA<\/td><td><a href=\"http:\/\/lattes.cnpq.br\/6247870752162537\"><img decoding=\"async\" style=\"width: 25px;\" src=\"https:\/\/institutos.ufrrj.br\/icsa\/wp-content\/uploads\/sites\/101\/2024\/02\/Captura-de-tela-2024-02-01-152404-1.png\" alt=\"\"><\/a><\/td><\/tr><tr><td>CLEIA MARIA DA SILVA<\/td><td><a href=\"http:\/\/lattes.cnpq.br\/7532477514028142\"><img decoding=\"async\" style=\"width: 25px;\" src=\"https:\/\/institutos.ufrrj.br\/icsa\/wp-content\/uploads\/sites\/101\/2024\/02\/Captura-de-tela-2024-02-01-152404-1.png\" alt=\"\"><\/a><\/td><\/tr><tr><td>FABRICIA DE FARIAS DA SILVA CONSTANTINO<\/td><td><a href=\"http:\/\/lattes.cnpq.br\/7529250270305957\"><img decoding=\"async\" style=\"width: 25px;\" src=\"https:\/\/institutos.ufrrj.br\/icsa\/wp-content\/uploads\/sites\/101\/2024\/02\/Captura-de-tela-2024-02-01-152404-1.png\" alt=\"\"><\/a><\/td><\/tr><tr><td>GISELLE DA SILVA CARVALHO<\/td><td><a href=\"http:\/\/lattes.cnpq.br\/8617022598093691\"><img decoding=\"async\" style=\"width: 25px;\" src=\"https:\/\/institutos.ufrrj.br\/icsa\/wp-content\/uploads\/sites\/101\/2024\/02\/Captura-de-tela-2024-02-01-152404-1.png\" alt=\"\"><\/a><\/td><\/tr><tr><td>HELOISA SIQUEIRA LORDELLO<\/td><td><a href=\"http:\/\/lattes.cnpq.br\/4335742245921665\"><img decoding=\"async\" style=\"width: 25px;\" src=\"https:\/\/institutos.ufrrj.br\/icsa\/wp-content\/uploads\/sites\/101\/2024\/02\/Captura-de-tela-2024-02-01-152404-1.png\" alt=\"\"><\/a><\/td><\/tr><tr><td>KATIA DE ALMEIDA<\/td><td><a href=\"http:\/\/lattes.cnpq.br\/7541996533929431\"><img decoding=\"async\" style=\"width: 25px;\" src=\"https:\/\/institutos.ufrrj.br\/icsa\/wp-content\/uploads\/sites\/101\/2024\/02\/Captura-de-tela-2024-02-01-152404-1.png\" alt=\"\"><\/a><\/td><\/tr><tr><td>LEANDRO FERNANDES DE JESUS<\/td><td><a href=\"http:\/\/lattes.cnpq.br\/7541996533929431\"><img decoding=\"async\" style=\"width: 25px;\" src=\"https:\/\/institutos.ufrrj.br\/icsa\/wp-content\/uploads\/sites\/101\/2024\/02\/Captura-de-tela-2024-02-01-152404-1.png\" alt=\"\"><\/a><\/td><\/tr><tr><td>MARCELLO SARTORE DE OLIVEIRA<\/td><td><a href=\"http:\/\/lattes.cnpq.br\/0335675911587747\"><img decoding=\"async\" style=\"width: 25px;\" src=\"https:\/\/institutos.ufrrj.br\/icsa\/wp-content\/uploads\/sites\/101\/2024\/02\/Captura-de-tela-2024-02-01-152404-1.png\" alt=\"\"><\/a><\/td><\/tr><tr><td>MARIA APARECIDA DO NASCIMENTO CAVALCANTI MARQUES<\/td><td><a href=\"http:\/\/lattes.cnpq.br\/7579270133111421\"><img decoding=\"async\" style=\"width: 25px;\" src=\"https:\/\/institutos.ufrrj.br\/icsa\/wp-content\/uploads\/sites\/101\/2024\/02\/Captura-de-tela-2024-02-01-152404-1.png\" alt=\"\"><\/a><\/td><\/tr><tr><td>MARIANA CAMPAGNONI<\/td><td><a href=\"http:\/\/lattes.cnpq.br\/5741422560857484\"><img decoding=\"async\" style=\"width: 25px;\" src=\"https:\/\/institutos.ufrrj.br\/icsa\/wp-content\/uploads\/sites\/101\/2024\/02\/Captura-de-tela-2024-02-01-152404-1.png\" alt=\"\"><\/a><\/td><\/tr><tr><td>RAFAELA CARVALHO NASCIMENTO SILVA<\/td><td><a href=\"http:\/\/lattes.cnpq.br\/8538743663663765\"><img decoding=\"async\" style=\"width: 25px;\" src=\"https:\/\/institutos.ufrrj.br\/icsa\/wp-content\/uploads\/sites\/101\/2024\/02\/Captura-de-tela-2024-02-01-152404-1.png\" alt=\"\"><\/a><\/td><\/tr><tr><td>RODOLFO ROCHA DOS SANTOS<\/td><td><a href=\"http:\/\/lattes.cnpq.br\/7328996020686497\"><img decoding=\"async\" style=\"width: 25px;\" src=\"https:\/\/institutos.ufrrj.br\/icsa\/wp-content\/uploads\/sites\/101\/2024\/02\/Captura-de-tela-2024-02-01-152404-1.png\" alt=\"\"><\/a><\/td><\/tr><tr><td>RODRIGO CARLOS MARQUES PEREIRA<\/td><td><a href=\"http:\/\/lattes.cnpq.br\/4647734720150457\"><img decoding=\"async\" style=\"width: 25px;\" src=\"https:\/\/institutos.ufrrj.br\/icsa\/wp-content\/uploads\/sites\/101\/2024\/02\/Captura-de-tela-2024-02-01-152404-1.png\" alt=\"\"><\/a><\/td><\/tr><tr><td>SELMA VELOZO FONTES<\/td><td><a href=\"http:\/\/lattes.cnpq.br\/5006471121311105\"><img decoding=\"async\" style=\"width: 25px;\" src=\"https:\/\/institutos.ufrrj.br\/icsa\/wp-content\/uploads\/sites\/101\/2024\/02\/Captura-de-tela-2024-02-01-152404-1.png\" alt=\"\"><\/a><\/td><\/tr><tr><td>SERGIO CORREIA BARBOSA<\/td><td><a href=\"http:\/\/lattes.cnpq.br\/5976336597868303\"><img decoding=\"async\" style=\"width: 25px;\" src=\"https:\/\/institutos.ufrrj.br\/icsa\/wp-content\/uploads\/sites\/101\/2024\/02\/Captura-de-tela-2024-02-01-152404-1.png\" alt=\"\"><\/a><\/td><\/tr><tr><td>TEREZA DE JESUS RAMOS DA SILVA<\/td><td><a href=\"http:\/\/lattes.cnpq.br\/8617022598093691\"><img decoding=\"async\" style=\"width: 25px;\" src=\"https:\/\/institutos.ufrrj.br\/icsa\/wp-content\/uploads\/sites\/101\/2024\/02\/Captura-de-tela-2024-02-01-152404-1.png\" alt=\"\"><\/a><\/td><\/tr><tr><td>THAUAN FELIPE MEDEIROS DE CARVALHO<\/td><td><a href=\"http:\/\/lattes.cnpq.br\/4256181764067043\"><img decoding=\"async\" style=\"width: 25px;\" src=\"https:\/\/institutos.ufrrj.br\/icsa\/wp-content\/uploads\/sites\/101\/2024\/02\/Captura-de-tela-2024-02-01-152404-1.png\" alt=\"\"><\/a><\/td><\/tr><tr><td>VALDIR DE JESUS LAMEIRA<\/td><td><a href=\"http:\/\/lattes.cnpq.br\/2307132758477248\"><img decoding=\"async\" style=\"width: 25px;\" src=\"https:\/\/institutos.ufrrj.br\/icsa\/wp-content\/uploads\/sites\/101\/2024\/02\/Captura-de-tela-2024-02-01-152404-1.png\" alt=\"\"><\/a><\/td><\/tr><\/tbody><\/table><\/figure>\n","protected":false},"excerpt":{"rendered":"<p>CI\u00caNCIAS CONT\u00c1BEIS A gradua\u00e7\u00e3o em Ci\u00eancias Cont\u00e1beis \u00e9 um curso que apresenta conte\u00fados relacionados com outras \u00e1reas, sobre tudo Administra\u00e7\u00e3o, <a class=\"read-more\" href=\"https:\/\/institutos.ufrrj.br\/icsa\/ciencias-contabeis\/\">&#8230; <em>leia mais <\/em> <i class=\"fa fa-long-arrow-right\"><\/i><\/a><\/p>\n","protected":false},"author":22,"featured_media":0,"parent":0,"menu_order":0,"comment_status":"closed","ping_status":"closed","template":"","meta":{"_acf_changed":false,"_themeisle_gutenberg_block_has_review":false,"footnotes":"","_links_to":"","_links_to_target":""},"class_list":["post-168","page","type-page","status-publish","hentry"],"acf":[],"yoast_head":"<!-- This site is optimized with the Yoast SEO plugin v26.8 - https:\/\/yoast.com\/product\/yoast-seo-wordpress\/ -->\n<title>- ICSA<\/title>\n<meta name=\"robots\" content=\"index, follow, max-snippet:-1, max-image-preview:large, max-video-preview:-1\" \/>\n<link rel=\"canonical\" href=\"https:\/\/institutos.ufrrj.br\/icsa\/ciencias-contabeis\/\" \/>\n<meta property=\"og:locale\" content=\"pt_BR\" \/>\n<meta property=\"og:type\" content=\"article\" \/>\n<meta property=\"og:title\" content=\"- ICSA\" \/>\n<meta property=\"og:description\" content=\"CI\u00caNCIAS CONT\u00c1BEIS A gradua\u00e7\u00e3o em Ci\u00eancias Cont\u00e1beis \u00e9 um curso que apresenta conte\u00fados relacionados com outras \u00e1reas, sobre tudo Administra\u00e7\u00e3o, ... leia mais\" \/>\n<meta property=\"og:url\" content=\"https:\/\/institutos.ufrrj.br\/icsa\/ciencias-contabeis\/\" \/>\n<meta property=\"og:site_name\" content=\"ICSA\" \/>\n<meta property=\"article:publisher\" content=\"https:\/\/www.facebook.com\/ICSA-189767328193686\/\" \/>\n<meta property=\"article:modified_time\" content=\"2026-02-03T16:09:13+00:00\" \/>\n<meta property=\"og:image\" content=\"https:\/\/institutos.ufrrj.br\/icsa\/wp-content\/uploads\/sites\/101\/2024\/02\/Captura-de-tela-2024-02-01-152404-1.png\" \/>\n<meta name=\"twitter:card\" content=\"summary_large_image\" \/>\n<meta name=\"twitter:label1\" content=\"Est. tempo de leitura\" \/>\n\t<meta name=\"twitter:data1\" content=\"6 minutos\" \/>\n<script type=\"application\/ld+json\" class=\"yoast-schema-graph\">{\"@context\":\"https:\/\/schema.org\",\"@graph\":[{\"@type\":\"WebPage\",\"@id\":\"https:\/\/institutos.ufrrj.br\/icsa\/ciencias-contabeis\/\",\"url\":\"https:\/\/institutos.ufrrj.br\/icsa\/ciencias-contabeis\/\",\"name\":\"- ICSA\",\"isPartOf\":{\"@id\":\"https:\/\/institutos.ufrrj.br\/icsa\/#website\"},\"primaryImageOfPage\":{\"@id\":\"https:\/\/institutos.ufrrj.br\/icsa\/ciencias-contabeis\/#primaryimage\"},\"image\":{\"@id\":\"https:\/\/institutos.ufrrj.br\/icsa\/ciencias-contabeis\/#primaryimage\"},\"thumbnailUrl\":\"https:\/\/institutos.ufrrj.br\/icsa\/wp-content\/uploads\/sites\/101\/2024\/02\/Captura-de-tela-2024-02-01-152404-1.png\",\"datePublished\":\"2017-02-01T15:53:33+00:00\",\"dateModified\":\"2026-02-03T16:09:13+00:00\",\"inLanguage\":\"pt-BR\",\"potentialAction\":[{\"@type\":\"ReadAction\",\"target\":[\"https:\/\/institutos.ufrrj.br\/icsa\/ciencias-contabeis\/\"]}]},{\"@type\":\"ImageObject\",\"inLanguage\":\"pt-BR\",\"@id\":\"https:\/\/institutos.ufrrj.br\/icsa\/ciencias-contabeis\/#primaryimage\",\"url\":\"https:\/\/institutos.ufrrj.br\/icsa\/wp-content\/uploads\/sites\/101\/2024\/02\/Captura-de-tela-2024-02-01-152404-1.png\",\"contentUrl\":\"https:\/\/institutos.ufrrj.br\/icsa\/wp-content\/uploads\/sites\/101\/2024\/02\/Captura-de-tela-2024-02-01-152404-1.png\",\"width\":323,\"height\":355},{\"@type\":\"WebSite\",\"@id\":\"https:\/\/institutos.ufrrj.br\/icsa\/#website\",\"url\":\"https:\/\/institutos.ufrrj.br\/icsa\/\",\"name\":\"ICSA\",\"description\":\"Institutos de Ci\u00eancias Sociais Aplicadas\",\"publisher\":{\"@id\":\"https:\/\/institutos.ufrrj.br\/icsa\/#organization\"},\"potentialAction\":[{\"@type\":\"SearchAction\",\"target\":{\"@type\":\"EntryPoint\",\"urlTemplate\":\"https:\/\/institutos.ufrrj.br\/icsa\/?s={search_term_string}\"},\"query-input\":{\"@type\":\"PropertyValueSpecification\",\"valueRequired\":true,\"valueName\":\"search_term_string\"}}],\"inLanguage\":\"pt-BR\"},{\"@type\":\"Organization\",\"@id\":\"https:\/\/institutos.ufrrj.br\/icsa\/#organization\",\"name\":\"ICSA\",\"url\":\"https:\/\/institutos.ufrrj.br\/icsa\/\",\"logo\":{\"@type\":\"ImageObject\",\"inLanguage\":\"pt-BR\",\"@id\":\"https:\/\/institutos.ufrrj.br\/icsa\/#\/schema\/logo\/image\/\",\"url\":\"https:\/\/institutos.ufrrj.br\/icsa\/wp-content\/uploads\/sites\/101\/2023\/10\/logo_icsa_cor_horz_01-4-1.png\",\"contentUrl\":\"https:\/\/institutos.ufrrj.br\/icsa\/wp-content\/uploads\/sites\/101\/2023\/10\/logo_icsa_cor_horz_01-4-1.png\",\"width\":300,\"height\":101,\"caption\":\"ICSA\"},\"image\":{\"@id\":\"https:\/\/institutos.ufrrj.br\/icsa\/#\/schema\/logo\/image\/\"},\"sameAs\":[\"https:\/\/www.facebook.com\/ICSA-189767328193686\/\",\"https:\/\/www.instagram.com\/icsa.ufrrj\/\",\"https:\/\/www.youtube.com\/@icsaufrrj\"]}]}<\/script>\n<!-- \/ Yoast SEO plugin. -->","yoast_head_json":{"title":"- ICSA","robots":{"index":"index","follow":"follow","max-snippet":"max-snippet:-1","max-image-preview":"max-image-preview:large","max-video-preview":"max-video-preview:-1"},"canonical":"https:\/\/institutos.ufrrj.br\/icsa\/ciencias-contabeis\/","og_locale":"pt_BR","og_type":"article","og_title":"- ICSA","og_description":"CI\u00caNCIAS CONT\u00c1BEIS A gradua\u00e7\u00e3o em Ci\u00eancias Cont\u00e1beis \u00e9 um curso que apresenta conte\u00fados relacionados com outras \u00e1reas, sobre tudo Administra\u00e7\u00e3o, ... leia mais","og_url":"https:\/\/institutos.ufrrj.br\/icsa\/ciencias-contabeis\/","og_site_name":"ICSA","article_publisher":"https:\/\/www.facebook.com\/ICSA-189767328193686\/","article_modified_time":"2026-02-03T16:09:13+00:00","og_image":[{"url":"https:\/\/institutos.ufrrj.br\/icsa\/wp-content\/uploads\/sites\/101\/2024\/02\/Captura-de-tela-2024-02-01-152404-1.png","type":"","width":"","height":""}],"twitter_card":"summary_large_image","twitter_misc":{"Est. tempo de leitura":"6 minutos"},"schema":{"@context":"https:\/\/schema.org","@graph":[{"@type":"WebPage","@id":"https:\/\/institutos.ufrrj.br\/icsa\/ciencias-contabeis\/","url":"https:\/\/institutos.ufrrj.br\/icsa\/ciencias-contabeis\/","name":"- ICSA","isPartOf":{"@id":"https:\/\/institutos.ufrrj.br\/icsa\/#website"},"primaryImageOfPage":{"@id":"https:\/\/institutos.ufrrj.br\/icsa\/ciencias-contabeis\/#primaryimage"},"image":{"@id":"https:\/\/institutos.ufrrj.br\/icsa\/ciencias-contabeis\/#primaryimage"},"thumbnailUrl":"https:\/\/institutos.ufrrj.br\/icsa\/wp-content\/uploads\/sites\/101\/2024\/02\/Captura-de-tela-2024-02-01-152404-1.png","datePublished":"2017-02-01T15:53:33+00:00","dateModified":"2026-02-03T16:09:13+00:00","inLanguage":"pt-BR","potentialAction":[{"@type":"ReadAction","target":["https:\/\/institutos.ufrrj.br\/icsa\/ciencias-contabeis\/"]}]},{"@type":"ImageObject","inLanguage":"pt-BR","@id":"https:\/\/institutos.ufrrj.br\/icsa\/ciencias-contabeis\/#primaryimage","url":"https:\/\/institutos.ufrrj.br\/icsa\/wp-content\/uploads\/sites\/101\/2024\/02\/Captura-de-tela-2024-02-01-152404-1.png","contentUrl":"https:\/\/institutos.ufrrj.br\/icsa\/wp-content\/uploads\/sites\/101\/2024\/02\/Captura-de-tela-2024-02-01-152404-1.png","width":323,"height":355},{"@type":"WebSite","@id":"https:\/\/institutos.ufrrj.br\/icsa\/#website","url":"https:\/\/institutos.ufrrj.br\/icsa\/","name":"ICSA","description":"Institutos de Ci\u00eancias Sociais Aplicadas","publisher":{"@id":"https:\/\/institutos.ufrrj.br\/icsa\/#organization"},"potentialAction":[{"@type":"SearchAction","target":{"@type":"EntryPoint","urlTemplate":"https:\/\/institutos.ufrrj.br\/icsa\/?s={search_term_string}"},"query-input":{"@type":"PropertyValueSpecification","valueRequired":true,"valueName":"search_term_string"}}],"inLanguage":"pt-BR"},{"@type":"Organization","@id":"https:\/\/institutos.ufrrj.br\/icsa\/#organization","name":"ICSA","url":"https:\/\/institutos.ufrrj.br\/icsa\/","logo":{"@type":"ImageObject","inLanguage":"pt-BR","@id":"https:\/\/institutos.ufrrj.br\/icsa\/#\/schema\/logo\/image\/","url":"https:\/\/institutos.ufrrj.br\/icsa\/wp-content\/uploads\/sites\/101\/2023\/10\/logo_icsa_cor_horz_01-4-1.png","contentUrl":"https:\/\/institutos.ufrrj.br\/icsa\/wp-content\/uploads\/sites\/101\/2023\/10\/logo_icsa_cor_horz_01-4-1.png","width":300,"height":101,"caption":"ICSA"},"image":{"@id":"https:\/\/institutos.ufrrj.br\/icsa\/#\/schema\/logo\/image\/"},"sameAs":["https:\/\/www.facebook.com\/ICSA-189767328193686\/","https:\/\/www.instagram.com\/icsa.ufrrj\/","https:\/\/www.youtube.com\/@icsaufrrj"]}]}},"_links":{"self":[{"href":"https:\/\/institutos.ufrrj.br\/icsa\/wp-json\/wp\/v2\/pages\/168","targetHints":{"allow":["GET"]}}],"collection":[{"href":"https:\/\/institutos.ufrrj.br\/icsa\/wp-json\/wp\/v2\/pages"}],"about":[{"href":"https:\/\/institutos.ufrrj.br\/icsa\/wp-json\/wp\/v2\/types\/page"}],"author":[{"embeddable":true,"href":"https:\/\/institutos.ufrrj.br\/icsa\/wp-json\/wp\/v2\/users\/22"}],"replies":[{"embeddable":true,"href":"https:\/\/institutos.ufrrj.br\/icsa\/wp-json\/wp\/v2\/comments?post=168"}],"version-history":[{"count":33,"href":"https:\/\/institutos.ufrrj.br\/icsa\/wp-json\/wp\/v2\/pages\/168\/revisions"}],"predecessor-version":[{"id":9694,"href":"https:\/\/institutos.ufrrj.br\/icsa\/wp-json\/wp\/v2\/pages\/168\/revisions\/9694"}],"wp:attachment":[{"href":"https:\/\/institutos.ufrrj.br\/icsa\/wp-json\/wp\/v2\/media?parent=168"}],"curies":[{"name":"wp","href":"https:\/\/api.w.org\/{rel}","templated":true}]}}