{"id":177,"date":"2017-02-01T15:56:09","date_gmt":"2017-02-01T15:56:09","guid":{"rendered":"http:\/\/institutos.ufrrj.br\/icsa\/?page_id=177"},"modified":"2026-02-03T13:21:29","modified_gmt":"2026-02-03T16:21:29","slug":"hotelaria","status":"publish","type":"page","link":"https:\/\/institutos.ufrrj.br\/icsa\/hotelaria\/","title":{"rendered":""},"content":{"rendered":"<h1><span style=\"color: #003366;\">HOTELARIA<\/span><\/h1>\n<p style=\"text-align: left;\">O Curso de Bacharelado em Hotelaria vincula-se ao Instituto de Ci\u00eancias Sociais Aplicadas (ICSA) da Universidade Federal Rural do Rio de Janeiro (UFRRJ). Sua cria\u00e7\u00e3o data do in\u00edcio de 2010, sendo devidamente fundamentada pelo Conselho Universit\u00e1rio da UFRRJ atrav\u00e9s da Delibera\u00e7\u00e3o n\u00ba 31, de 14 de agosto de 2009. Em 2014, passa pela \u201cRenova\u00e7\u00e3o de Reconhecimento\u201d, obtendo conceito 4.0 (cujo m\u00e1ximo \u00e9 5.0) junto ao MEC. Tais crit\u00e9rios avaliativos foram devidamente registrados atrav\u00e9s da Portaria n\u00ba 67, de 29 de janeiro de 2015 (Secretaria de Regula\u00e7\u00e3o e Supervis\u00e3o da Educa\u00e7\u00e3o Superior). Em 2019 o curso passa pela \u201cRenova\u00e7\u00e3o do Reconhecimento\u201d, mantendo seu conceito 4.0, o que pode ser corroborado atrav\u00e9s da Portaria n\u00ba 172 de 10 de junho de 2020. Isto posto, o objetivo do curso \u00e9 formar profissionais com capacidade de tomar decis\u00f5es administrativas, oferecendo-lhes conhecimentos t\u00e9cnicos espec\u00edficos e de fun\u00e7\u00f5es gerenciais e operacionais, de maneira que estes indiv\u00edduos se estruturem enquanto profissionais empreendedores, transformadores e capazes de dar suporte cient\u00edfico \u00e0s camadas hier\u00e1rquicas administrativas e de assessoria a executivos e dirigentes no desempenho de suas fun\u00e7\u00f5es.<\/p>\n<hr \/>\n<h3><span style=\"color: #003366;\"><strong>COORDENA\u00c7\u00c3O:<\/strong><\/span><\/h3>\n<p><span style=\"color: #003366;\"><strong>Coordenador<\/strong><\/span>: Prof. Dr. Marcelo de Oliveira Nunes<\/p>\n<p><span style=\"color: #003366;\"><strong>Vice Coordenador<\/strong>: <span style=\"color: #000000;\">Prof. Dr. Rafael Cunha Ferro<\/span><\/span><\/p>\n<p><span style=\"color: #003366;\"><strong>Secret\u00e1rio:\u00a0<\/strong><\/span><span style=\"color: #000000;\">Marconi Silveira Costa<\/span><\/p>\n<p><strong><span style=\"color: #003366;\">E-mail:\u00a0<\/span><\/strong><span style=\"color: #000000;\">coordhotelaria@ufrrj.br<\/span><\/p>\n<p><span style=\"color: #003366;\"><strong>Telefone:\u00a0<\/strong><\/span><span style=\"color: #000000;\">(21) 2681-4915<\/span><\/p>\n<hr \/>\n<pre><a href=\"https:\/\/cursos.ufrrj.br\/grad\/hotelaria\/\">Para saber mais sobre este Curso, acesse seu site clicando aqui<\/a><\/pre>\n<pre style=\"text-align: left;\"><a href=\"http:\/\/r1.ufrrj.br\/graduacao\/arquivos\/docs_curso\/matriz\/SEROPEDICA\/48_bach_hotelaria_matriz_2010.pdf\" target=\"_blank\" rel=\"noopener noreferrer\">Confira aqui a Grade Curricular do Curso<\/a><\/pre>\n\n\n<figure class=\"wp-block-table\"><table><tbody><tr><td><strong>DOCENTE<\/strong><\/td><td>LATTES<\/td><\/tr><tr><td>ANDREA DE LIMA FERREIRA<\/td><td><img decoding=\"async\" style=\"width: 25px;\" src=\"https:\/\/institutos.ufrrj.br\/icsa\/wp-content\/uploads\/sites\/101\/2024\/02\/Captura-de-tela-2024-02-01-152404-1.png\" alt=\"\"><\/td><\/tr><tr><td>CONSUELO SALVATERRA MAGALHAES<\/td><td><a href=\"http:\/\/lattes.cnpq.br\/8361586108400002\"><img decoding=\"async\" style=\"width: 25px;\" src=\"https:\/\/institutos.ufrrj.br\/icsa\/wp-content\/uploads\/sites\/101\/2024\/02\/Captura-de-tela-2024-02-01-152404-1.png\" alt=\"\"><\/a><\/td><\/tr><tr><td>DAN GABRIEL D ONOFRE ANDRADE SILVA CORDEIRO<\/td><td><a href=\"http:\/\/lattes.cnpq.br\/7927925298802020\"><img decoding=\"async\" style=\"width: 25px;\" src=\"https:\/\/institutos.ufrrj.br\/icsa\/wp-content\/uploads\/sites\/101\/2024\/02\/Captura-de-tela-2024-02-01-152404-1.png\" alt=\"\"><\/a><\/td><\/tr><tr><td>DEBORA PIRES TEIXEIRA<\/td><td><a href=\"http:\/\/lattes.cnpq.br\/2910697556921693\"><img decoding=\"async\" style=\"width: 25px;\" src=\"https:\/\/institutos.ufrrj.br\/icsa\/wp-content\/uploads\/sites\/101\/2024\/02\/Captura-de-tela-2024-02-01-152404-1.png\" alt=\"\"><\/a><\/td><\/tr><tr><td>ELGA BATISTA DA SILVA<\/td><td><a href=\"http:\/\/lattes.cnpq.br\/0915082828647660\"><img decoding=\"async\" style=\"width: 25px;\" src=\"https:\/\/institutos.ufrrj.br\/icsa\/wp-content\/uploads\/sites\/101\/2024\/02\/Captura-de-tela-2024-02-01-152404-1.png\" alt=\"\"><\/a><\/td><\/tr><tr><td>ELOA DE ARAUJO NAGIPE<\/td><td><a href=\"http:\/\/lattes.cnpq.br\/4823444818095314\"><img decoding=\"async\" style=\"width: 25px;\" src=\"https:\/\/institutos.ufrrj.br\/icsa\/wp-content\/uploads\/sites\/101\/2024\/02\/Captura-de-tela-2024-02-01-152404-1.png\" alt=\"\"><\/a><\/td><\/tr><tr><td>KATIA CILENE TABAI<\/td><td><a href=\"http:\/\/lattes.cnpq.br\/5973361421417139\"><img decoding=\"async\" style=\"width: 25px;\" src=\"https:\/\/institutos.ufrrj.br\/icsa\/wp-content\/uploads\/sites\/101\/2024\/02\/Captura-de-tela-2024-02-01-152404-1.png\" alt=\"\"><\/a><\/td><\/tr><tr><td>LAISSA PACHECO DOS SANTOS<\/td><td><a href=\"http:\/\/lattes.cnpq.br\/6318195011949016\"><img decoding=\"async\" style=\"width: 25px;\" src=\"https:\/\/institutos.ufrrj.br\/icsa\/wp-content\/uploads\/sites\/101\/2024\/02\/Captura-de-tela-2024-02-01-152404-1.png\" alt=\"\"><\/a><\/td><\/tr><tr><td>MARCELO DE OLIVEIRA NUNES<\/td><td><a href=\"http:\/\/lattes.cnpq.br\/3099992532757666\"><img decoding=\"async\" style=\"width: 25px;\" src=\"https:\/\/institutos.ufrrj.br\/icsa\/wp-content\/uploads\/sites\/101\/2024\/02\/Captura-de-tela-2024-02-01-152404-1.png\" alt=\"\"><\/a><\/td><\/tr><tr><td>MARIA LUCIA ALMEIDA MARTINS<\/td><td><a href=\"http:\/\/lattes.cnpq.br\/8796028694822223\"><img decoding=\"async\" style=\"width: 25px;\" src=\"https:\/\/institutos.ufrrj.br\/icsa\/wp-content\/uploads\/sites\/101\/2024\/02\/Captura-de-tela-2024-02-01-152404-1.png\" alt=\"\"><\/a><\/td><\/tr><tr><td>MARIANA PIRES VIDAL LOPEZ<\/td><td><a href=\"http:\/\/lattes.cnpq.br\/4227513007041165\"><img decoding=\"async\" style=\"width: 25px;\" src=\"https:\/\/institutos.ufrrj.br\/icsa\/wp-content\/uploads\/sites\/101\/2024\/02\/Captura-de-tela-2024-02-01-152404-1.png\" alt=\"\"><\/a><\/td><\/tr><tr><td>OSVALDO DO NASCIMENTO VERAS<\/td><td><a href=\"http:\/\/lattes.cnpq.br\/4916845411350913\"><img decoding=\"async\" style=\"width: 25px;\" src=\"https:\/\/institutos.ufrrj.br\/icsa\/wp-content\/uploads\/sites\/101\/2024\/02\/Captura-de-tela-2024-02-01-152404-1.png\" alt=\"\"><\/a><\/td><\/tr><tr><td>PATRICIA OLIVEIRA DE FREITAS<\/td><td><a href=\"http:\/\/lattes.cnpq.br\/0661505225339423\"><img decoding=\"async\" style=\"width: 25px;\" src=\"https:\/\/institutos.ufrrj.br\/icsa\/wp-content\/uploads\/sites\/101\/2024\/02\/Captura-de-tela-2024-02-01-152404-1.png\" alt=\"\"><\/a><\/td><\/tr><tr><td>RAFAEL CUNHA FERRO<\/td><td><a href=\"http:\/\/lattes.cnpq.br\/9643271002123963\"><img decoding=\"async\" style=\"width: 25px;\" src=\"https:\/\/institutos.ufrrj.br\/icsa\/wp-content\/uploads\/sites\/101\/2024\/02\/Captura-de-tela-2024-02-01-152404-1.png\" alt=\"\"><\/a><\/td><\/tr><tr><td>RODRIGO AMADO DOS SANTOS<\/td><td><a href=\"http:\/\/lattes.cnpq.br\/1796719676504640\"><img decoding=\"async\" style=\"width: 25px;\" src=\"https:\/\/institutos.ufrrj.br\/icsa\/wp-content\/uploads\/sites\/101\/2024\/02\/Captura-de-tela-2024-02-01-152404-1.png\" alt=\"\"><\/a><\/td><\/tr><tr><td>SALOME LIMA FERREIRA DE ALMEIDA<\/td><td><a href=\"http:\/\/lattes.cnpq.br\/9387001055941248\"><img decoding=\"async\" style=\"width: 25px;\" src=\"https:\/\/institutos.ufrrj.br\/icsa\/wp-content\/uploads\/sites\/101\/2024\/02\/Captura-de-tela-2024-02-01-152404-1.png\" alt=\"\"><\/a><\/td><\/tr><tr><td>SERGIO DOMINGOS DE OLIVEIRA<\/td><td><a href=\"http:\/\/lattes.cnpq.br\/1308620825913970\"><img decoding=\"async\" style=\"width: 25px;\" src=\"https:\/\/institutos.ufrrj.br\/icsa\/wp-content\/uploads\/sites\/101\/2024\/02\/Captura-de-tela-2024-02-01-152404-1.png\" alt=\"\"><\/a><\/td><\/tr><tr><td>SUELI APARECIDA MOREIRA<\/td><td><a href=\"http:\/\/lattes.cnpq.br\/9469781068838287\"><img decoding=\"async\" style=\"width: 25px;\" src=\"https:\/\/institutos.ufrrj.br\/icsa\/wp-content\/uploads\/sites\/101\/2024\/02\/Captura-de-tela-2024-02-01-152404-1.png\" alt=\"\"><\/a><\/td><\/tr><\/tbody><\/table><\/figure>\n","protected":false},"excerpt":{"rendered":"<p>HOTELARIA O Curso de Bacharelado em Hotelaria vincula-se ao Instituto de Ci\u00eancias Sociais Aplicadas (ICSA) da Universidade Federal Rural do <a class=\"read-more\" href=\"https:\/\/institutos.ufrrj.br\/icsa\/hotelaria\/\">&#8230; <em>leia mais <\/em> <i class=\"fa fa-long-arrow-right\"><\/i><\/a><\/p>\n","protected":false},"author":22,"featured_media":0,"parent":0,"menu_order":0,"comment_status":"closed","ping_status":"closed","template":"","meta":{"_acf_changed":false,"_themeisle_gutenberg_block_has_review":false,"footnotes":"","_links_to":"","_links_to_target":""},"class_list":["post-177","page","type-page","status-publish","hentry"],"acf":[],"yoast_head":"<!-- This site is optimized with the Yoast SEO plugin v26.8 - https:\/\/yoast.com\/product\/yoast-seo-wordpress\/ -->\n<title>- ICSA<\/title>\n<meta name=\"robots\" content=\"index, follow, max-snippet:-1, max-image-preview:large, max-video-preview:-1\" \/>\n<link rel=\"canonical\" href=\"https:\/\/institutos.ufrrj.br\/icsa\/hotelaria\/\" \/>\n<meta property=\"og:locale\" content=\"pt_BR\" \/>\n<meta property=\"og:type\" content=\"article\" \/>\n<meta property=\"og:title\" content=\"- ICSA\" \/>\n<meta property=\"og:description\" content=\"HOTELARIA O Curso de Bacharelado em Hotelaria vincula-se ao Instituto de Ci\u00eancias Sociais Aplicadas (ICSA) da Universidade Federal Rural do ... leia mais\" \/>\n<meta property=\"og:url\" content=\"https:\/\/institutos.ufrrj.br\/icsa\/hotelaria\/\" \/>\n<meta property=\"og:site_name\" content=\"ICSA\" \/>\n<meta property=\"article:publisher\" content=\"https:\/\/www.facebook.com\/ICSA-189767328193686\/\" \/>\n<meta property=\"article:modified_time\" content=\"2026-02-03T16:21:29+00:00\" \/>\n<meta property=\"og:image\" content=\"https:\/\/institutos.ufrrj.br\/icsa\/wp-content\/uploads\/sites\/101\/2024\/02\/Captura-de-tela-2024-02-01-152404-1.png\" \/>\n<meta name=\"twitter:card\" content=\"summary_large_image\" \/>\n<meta name=\"twitter:label1\" content=\"Est. tempo de leitura\" \/>\n\t<meta name=\"twitter:data1\" content=\"6 minutos\" \/>\n<script type=\"application\/ld+json\" class=\"yoast-schema-graph\">{\"@context\":\"https:\/\/schema.org\",\"@graph\":[{\"@type\":\"WebPage\",\"@id\":\"https:\/\/institutos.ufrrj.br\/icsa\/hotelaria\/\",\"url\":\"https:\/\/institutos.ufrrj.br\/icsa\/hotelaria\/\",\"name\":\"- ICSA\",\"isPartOf\":{\"@id\":\"https:\/\/institutos.ufrrj.br\/icsa\/#website\"},\"primaryImageOfPage\":{\"@id\":\"https:\/\/institutos.ufrrj.br\/icsa\/hotelaria\/#primaryimage\"},\"image\":{\"@id\":\"https:\/\/institutos.ufrrj.br\/icsa\/hotelaria\/#primaryimage\"},\"thumbnailUrl\":\"https:\/\/institutos.ufrrj.br\/icsa\/wp-content\/uploads\/sites\/101\/2024\/02\/Captura-de-tela-2024-02-01-152404-1.png\",\"datePublished\":\"2017-02-01T15:56:09+00:00\",\"dateModified\":\"2026-02-03T16:21:29+00:00\",\"inLanguage\":\"pt-BR\",\"potentialAction\":[{\"@type\":\"ReadAction\",\"target\":[\"https:\/\/institutos.ufrrj.br\/icsa\/hotelaria\/\"]}]},{\"@type\":\"ImageObject\",\"inLanguage\":\"pt-BR\",\"@id\":\"https:\/\/institutos.ufrrj.br\/icsa\/hotelaria\/#primaryimage\",\"url\":\"https:\/\/institutos.ufrrj.br\/icsa\/wp-content\/uploads\/sites\/101\/2024\/02\/Captura-de-tela-2024-02-01-152404-1.png\",\"contentUrl\":\"https:\/\/institutos.ufrrj.br\/icsa\/wp-content\/uploads\/sites\/101\/2024\/02\/Captura-de-tela-2024-02-01-152404-1.png\",\"width\":323,\"height\":355},{\"@type\":\"WebSite\",\"@id\":\"https:\/\/institutos.ufrrj.br\/icsa\/#website\",\"url\":\"https:\/\/institutos.ufrrj.br\/icsa\/\",\"name\":\"ICSA\",\"description\":\"Institutos de Ci\u00eancias Sociais Aplicadas\",\"publisher\":{\"@id\":\"https:\/\/institutos.ufrrj.br\/icsa\/#organization\"},\"potentialAction\":[{\"@type\":\"SearchAction\",\"target\":{\"@type\":\"EntryPoint\",\"urlTemplate\":\"https:\/\/institutos.ufrrj.br\/icsa\/?s={search_term_string}\"},\"query-input\":{\"@type\":\"PropertyValueSpecification\",\"valueRequired\":true,\"valueName\":\"search_term_string\"}}],\"inLanguage\":\"pt-BR\"},{\"@type\":\"Organization\",\"@id\":\"https:\/\/institutos.ufrrj.br\/icsa\/#organization\",\"name\":\"ICSA\",\"url\":\"https:\/\/institutos.ufrrj.br\/icsa\/\",\"logo\":{\"@type\":\"ImageObject\",\"inLanguage\":\"pt-BR\",\"@id\":\"https:\/\/institutos.ufrrj.br\/icsa\/#\/schema\/logo\/image\/\",\"url\":\"https:\/\/institutos.ufrrj.br\/icsa\/wp-content\/uploads\/sites\/101\/2023\/10\/logo_icsa_cor_horz_01-4-1.png\",\"contentUrl\":\"https:\/\/institutos.ufrrj.br\/icsa\/wp-content\/uploads\/sites\/101\/2023\/10\/logo_icsa_cor_horz_01-4-1.png\",\"width\":300,\"height\":101,\"caption\":\"ICSA\"},\"image\":{\"@id\":\"https:\/\/institutos.ufrrj.br\/icsa\/#\/schema\/logo\/image\/\"},\"sameAs\":[\"https:\/\/www.facebook.com\/ICSA-189767328193686\/\",\"https:\/\/www.instagram.com\/icsa.ufrrj\/\",\"https:\/\/www.youtube.com\/@icsaufrrj\"]}]}<\/script>\n<!-- \/ Yoast SEO plugin. -->","yoast_head_json":{"title":"- ICSA","robots":{"index":"index","follow":"follow","max-snippet":"max-snippet:-1","max-image-preview":"max-image-preview:large","max-video-preview":"max-video-preview:-1"},"canonical":"https:\/\/institutos.ufrrj.br\/icsa\/hotelaria\/","og_locale":"pt_BR","og_type":"article","og_title":"- ICSA","og_description":"HOTELARIA O Curso de Bacharelado em Hotelaria vincula-se ao Instituto de Ci\u00eancias Sociais Aplicadas (ICSA) da Universidade Federal Rural do ... leia mais","og_url":"https:\/\/institutos.ufrrj.br\/icsa\/hotelaria\/","og_site_name":"ICSA","article_publisher":"https:\/\/www.facebook.com\/ICSA-189767328193686\/","article_modified_time":"2026-02-03T16:21:29+00:00","og_image":[{"url":"https:\/\/institutos.ufrrj.br\/icsa\/wp-content\/uploads\/sites\/101\/2024\/02\/Captura-de-tela-2024-02-01-152404-1.png","type":"","width":"","height":""}],"twitter_card":"summary_large_image","twitter_misc":{"Est. tempo de leitura":"6 minutos"},"schema":{"@context":"https:\/\/schema.org","@graph":[{"@type":"WebPage","@id":"https:\/\/institutos.ufrrj.br\/icsa\/hotelaria\/","url":"https:\/\/institutos.ufrrj.br\/icsa\/hotelaria\/","name":"- ICSA","isPartOf":{"@id":"https:\/\/institutos.ufrrj.br\/icsa\/#website"},"primaryImageOfPage":{"@id":"https:\/\/institutos.ufrrj.br\/icsa\/hotelaria\/#primaryimage"},"image":{"@id":"https:\/\/institutos.ufrrj.br\/icsa\/hotelaria\/#primaryimage"},"thumbnailUrl":"https:\/\/institutos.ufrrj.br\/icsa\/wp-content\/uploads\/sites\/101\/2024\/02\/Captura-de-tela-2024-02-01-152404-1.png","datePublished":"2017-02-01T15:56:09+00:00","dateModified":"2026-02-03T16:21:29+00:00","inLanguage":"pt-BR","potentialAction":[{"@type":"ReadAction","target":["https:\/\/institutos.ufrrj.br\/icsa\/hotelaria\/"]}]},{"@type":"ImageObject","inLanguage":"pt-BR","@id":"https:\/\/institutos.ufrrj.br\/icsa\/hotelaria\/#primaryimage","url":"https:\/\/institutos.ufrrj.br\/icsa\/wp-content\/uploads\/sites\/101\/2024\/02\/Captura-de-tela-2024-02-01-152404-1.png","contentUrl":"https:\/\/institutos.ufrrj.br\/icsa\/wp-content\/uploads\/sites\/101\/2024\/02\/Captura-de-tela-2024-02-01-152404-1.png","width":323,"height":355},{"@type":"WebSite","@id":"https:\/\/institutos.ufrrj.br\/icsa\/#website","url":"https:\/\/institutos.ufrrj.br\/icsa\/","name":"ICSA","description":"Institutos de Ci\u00eancias Sociais Aplicadas","publisher":{"@id":"https:\/\/institutos.ufrrj.br\/icsa\/#organization"},"potentialAction":[{"@type":"SearchAction","target":{"@type":"EntryPoint","urlTemplate":"https:\/\/institutos.ufrrj.br\/icsa\/?s={search_term_string}"},"query-input":{"@type":"PropertyValueSpecification","valueRequired":true,"valueName":"search_term_string"}}],"inLanguage":"pt-BR"},{"@type":"Organization","@id":"https:\/\/institutos.ufrrj.br\/icsa\/#organization","name":"ICSA","url":"https:\/\/institutos.ufrrj.br\/icsa\/","logo":{"@type":"ImageObject","inLanguage":"pt-BR","@id":"https:\/\/institutos.ufrrj.br\/icsa\/#\/schema\/logo\/image\/","url":"https:\/\/institutos.ufrrj.br\/icsa\/wp-content\/uploads\/sites\/101\/2023\/10\/logo_icsa_cor_horz_01-4-1.png","contentUrl":"https:\/\/institutos.ufrrj.br\/icsa\/wp-content\/uploads\/sites\/101\/2023\/10\/logo_icsa_cor_horz_01-4-1.png","width":300,"height":101,"caption":"ICSA"},"image":{"@id":"https:\/\/institutos.ufrrj.br\/icsa\/#\/schema\/logo\/image\/"},"sameAs":["https:\/\/www.facebook.com\/ICSA-189767328193686\/","https:\/\/www.instagram.com\/icsa.ufrrj\/","https:\/\/www.youtube.com\/@icsaufrrj"]}]}},"_links":{"self":[{"href":"https:\/\/institutos.ufrrj.br\/icsa\/wp-json\/wp\/v2\/pages\/177","targetHints":{"allow":["GET"]}}],"collection":[{"href":"https:\/\/institutos.ufrrj.br\/icsa\/wp-json\/wp\/v2\/pages"}],"about":[{"href":"https:\/\/institutos.ufrrj.br\/icsa\/wp-json\/wp\/v2\/types\/page"}],"author":[{"embeddable":true,"href":"https:\/\/institutos.ufrrj.br\/icsa\/wp-json\/wp\/v2\/users\/22"}],"replies":[{"embeddable":true,"href":"https:\/\/institutos.ufrrj.br\/icsa\/wp-json\/wp\/v2\/comments?post=177"}],"version-history":[{"count":32,"href":"https:\/\/institutos.ufrrj.br\/icsa\/wp-json\/wp\/v2\/pages\/177\/revisions"}],"predecessor-version":[{"id":9695,"href":"https:\/\/institutos.ufrrj.br\/icsa\/wp-json\/wp\/v2\/pages\/177\/revisions\/9695"}],"wp:attachment":[{"href":"https:\/\/institutos.ufrrj.br\/icsa\/wp-json\/wp\/v2\/media?parent=177"}],"curies":[{"name":"wp","href":"https:\/\/api.w.org\/{rel}","templated":true}]}}