{"id":180,"date":"2017-02-01T15:56:52","date_gmt":"2017-02-01T15:56:52","guid":{"rendered":"http:\/\/institutos.ufrrj.br\/icsa\/?page_id=180"},"modified":"2025-09-11T13:14:30","modified_gmt":"2025-09-11T16:14:30","slug":"servico-social","status":"publish","type":"page","link":"https:\/\/institutos.ufrrj.br\/icsa\/servico-social\/","title":{"rendered":""},"content":{"rendered":"<p style=\"text-align: left;\"><span style=\"color: #000000;\">\u00a0<\/span><\/p>\n<h1><span style=\"color: #003366;\">Servi\u00e7o Social<\/span><\/h1>\n<p>O curso de Servi\u00e7o Social prepara os futuros assistentes sociais para a compreens\u00e3o do significado social da profiss\u00e3o e de seu desenvolvimento s\u00f3cio-hist\u00f3rico, nos cen\u00e1rios internacional e nacional, desvelando as possibilidades de a\u00e7\u00e3o contidas na realidade, bem como a identifica\u00e7\u00e3o das demandas presentes na sociedade, visando a formular respostas profissionais para o enfrentamento da quest\u00e3o social.<\/p>\n<p>O curso tem por objetivo formar assistentes sociais capazes de apreender o significado social e hist\u00f3rico da profiss\u00e3o e intervir de forma cr\u00edtica e qualificada nos espa\u00e7os de atua\u00e7\u00e3o profissional, com fundamenta\u00e7\u00e3o te\u00f3rico-metod\u00f3logica e posicionamento \u00e9tico-pol\u00edtico, de acordo com a Regulamenta\u00e7\u00e3o da Profiss\u00e3o (Lei no 8.662\/93) e com o C\u00f3digo de \u00c9tica do Assistente Social (Resolu\u00e7\u00e3o CFESS no 273\/93).<\/p>\n<p>O assistente social conta com um perfil profissional com forma\u00e7\u00e3o intelectual e cultural generalista e cr\u00edtica, referenciada no conhecimento das ci\u00eancias sociais e da teoria social, habilitado te\u00f3rica, metodol\u00f3gica e politicamente para atuar nas m\u00faltiplas express\u00f5es da \u201cquest\u00e3o social\u201d, com capacidade de inser\u00e7\u00e3o criativa e propositiva no conjunto das rela\u00e7\u00f5es sociais e no mercado de trabalho, e compet\u00eancia para analisar, decifrar e responder as demandas s\u00f3cio-hist\u00f3ricas dos usu\u00e1rios dos servi\u00e7os sociais.<\/p>\n<hr \/>\n<h3><span style=\"color: #003366;\"><strong>Coordena\u00e7\u00e3o:<\/strong><\/span><\/h3>\n<p><span style=\"color: #003366;\"><strong>Coordenadora:<\/strong><\/span> Profa. Dra. Adriana Amaral Ferreira<\/p>\n<p><span style=\"color: #003366;\"><strong>Vice-coordenadora: <\/strong><span style=\"color: #000000;\">Profa. Dra. Larissa Costa Murad<\/span><\/span><\/p>\n<p><span style=\"color: #003366;\"><strong>Secret\u00e1ria: <\/strong><\/span>Silvia Regina Medeiros Santos<br \/><span style=\"color: #003366;\"><strong>E-mail:<\/strong><\/span> coordservsocial.ufrrj@gmail.com<\/p>\n<p><span style=\"color: #003366;\"><strong>Telefone:<\/strong><\/span> (21) 2681-4914<\/p>\n<hr \/>\n<pre><a href=\"https:\/\/cursos.ufrrj.br\/grad\/servicosocial\/\">Para saber mais sobre este Curso, acesse seu site clicando aqui<\/a><\/pre>\n\n\n<pre class=\"wp-block-preformatted\"><a href=\"https:\/\/cursos.ufrrj.br\/grad\/servicosocial\/files\/2023\/03\/Matriz-curricular-atualizada-em-marco-de-2023.pdf\">Confira aqui a Grade Curricular do Curso<\/a><\/pre>\n\n\n\n<figure class=\"wp-block-table\"><table><tbody><tr><td>DOCENTES<\/td><td>LATTES<\/td><\/tr><tr><td>ADRIANA AMARAL FERREIRA<\/td><td><a href=\"http:\/\/lattes.cnpq.br\/4129039099252689\"><img decoding=\"async\" style=\"width: 25px;\" src=\"https:\/\/institutos.ufrrj.br\/icsa\/wp-content\/uploads\/sites\/101\/2024\/02\/Captura-de-tela-2024-02-01-152404-1.png\" alt=\"\"><\/a><\/td><\/tr><tr><td>ADRIANA SANTOS SILVA<\/td><td><a href=\"http:\/\/lattes.cnpq.br\/8095233730507806\"><img decoding=\"async\" style=\"width: 25px;\" src=\"https:\/\/institutos.ufrrj.br\/icsa\/wp-content\/uploads\/sites\/101\/2024\/02\/Captura-de-tela-2024-02-01-152404-1.png\" alt=\"\"><\/a><\/td><\/tr><tr><td>CARMEN OLIVEIRA FRADE<\/td><td><a href=\"http:\/\/lattes.cnpq.br\/8075426365980915\"><img decoding=\"async\" style=\"width: 25px;\" src=\"https:\/\/institutos.ufrrj.br\/icsa\/wp-content\/uploads\/sites\/101\/2024\/02\/Captura-de-tela-2024-02-01-152404-1.png\" alt=\"\"><\/a><\/td><\/tr><tr><td>FABIANA SCHMIDT<\/td><td><a href=\"http:\/\/lattes.cnpq.br\/3029442407821233\"><img decoding=\"async\" style=\"width: 25px;\" src=\"https:\/\/institutos.ufrrj.br\/icsa\/wp-content\/uploads\/sites\/101\/2024\/02\/Captura-de-tela-2024-02-01-152404-1.png\" alt=\"\"><\/a><\/td><\/tr><tr><td>JORGE LUIZ DE GOES PEREIRA<\/td><td><a href=\"http:\/\/lattes.cnpq.br\/7830280739527128\"><img decoding=\"async\" style=\"width: 25px;\" src=\"https:\/\/institutos.ufrrj.br\/icsa\/wp-content\/uploads\/sites\/101\/2024\/02\/Captura-de-tela-2024-02-01-152404-1.png\" alt=\"\"><\/a><\/td><\/tr><tr><td>LARISSA COSTA MURAD<\/td><td><a href=\"http:\/\/lattes.cnpq.br\/7154547867183839\"><img decoding=\"async\" style=\"width: 25px;\" src=\"https:\/\/institutos.ufrrj.br\/icsa\/wp-content\/uploads\/sites\/101\/2024\/02\/Captura-de-tela-2024-02-01-152404-1.png\" alt=\"\"><\/a><\/td><\/tr><tr><td>MARISOL VALENCIA ORREGO<\/td><td><a href=\"http:\/\/lattes.cnpq.br\/7812981829373536\"><img decoding=\"async\" style=\"width: 25px;\" src=\"https:\/\/institutos.ufrrj.br\/icsa\/wp-content\/uploads\/sites\/101\/2024\/02\/Captura-de-tela-2024-02-01-152404-1.png\" alt=\"\"><\/a><\/td><\/tr><tr><td>MAURICIO CAETANO MATIAS SOARES<\/td><td><a href=\"http:\/\/lattes.cnpq.br\/7975195053769500\"><img decoding=\"async\" style=\"width: 25px;\" src=\"https:\/\/institutos.ufrrj.br\/icsa\/wp-content\/uploads\/sites\/101\/2024\/02\/Captura-de-tela-2024-02-01-152404-1.png\" alt=\"\"><\/a><\/td><\/tr><tr><td>MONICA APARECIDA DEL RIO BENEVENUTO<\/td><td><a href=\"http:\/\/lattes.cnpq.br\/8157644491604380\"><img decoding=\"async\" style=\"width: 25px;\" src=\"https:\/\/institutos.ufrrj.br\/icsa\/wp-content\/uploads\/sites\/101\/2024\/02\/Captura-de-tela-2024-02-01-152404-1.png\" alt=\"\"><\/a><\/td><\/tr><tr><td>SIMONE DA CUNHA TOURINO BARROS<\/td><td><a href=\"http:\/\/lattes.cnpq.br\/9210208873370420\"><img decoding=\"async\" style=\"width: 25px;\" src=\"https:\/\/institutos.ufrrj.br\/icsa\/wp-content\/uploads\/sites\/101\/2024\/02\/Captura-de-tela-2024-02-01-152404-1.png\" alt=\"\"><\/a><\/td><\/tr><tr><td>SUELLEN FERREIRA GUARIENTO<\/td><td><a href=\"http:\/\/lattes.cnpq.br\/3321123579378354\"><img decoding=\"async\" style=\"width: 25px;\" src=\"https:\/\/institutos.ufrrj.br\/icsa\/wp-content\/uploads\/sites\/101\/2024\/02\/Captura-de-tela-2024-02-01-152404-1.png\" alt=\"\"><\/a><\/td><\/tr><tr><td>TATIANE DE OLIVEIRA PINTO<\/td><td><a href=\"http:\/\/lattes.cnpq.br\/3177719407647641\"><img decoding=\"async\" style=\"width: 25px;\" src=\"https:\/\/institutos.ufrrj.br\/icsa\/wp-content\/uploads\/sites\/101\/2024\/02\/Captura-de-tela-2024-02-01-152404-1.png\" alt=\"\"><\/a><\/td><\/tr><\/tbody><\/table><\/figure>\n","protected":false},"excerpt":{"rendered":"<p>\u00a0 Servi\u00e7o Social O curso de Servi\u00e7o Social prepara os futuros assistentes sociais para a compreens\u00e3o do significado social da <a class=\"read-more\" href=\"https:\/\/institutos.ufrrj.br\/icsa\/servico-social\/\">&#8230; <em>leia mais <\/em> <i class=\"fa fa-long-arrow-right\"><\/i><\/a><\/p>\n","protected":false},"author":22,"featured_media":0,"parent":0,"menu_order":0,"comment_status":"closed","ping_status":"closed","template":"","meta":{"_acf_changed":false,"_themeisle_gutenberg_block_has_review":false,"footnotes":"","_links_to":"","_links_to_target":""},"class_list":["post-180","page","type-page","status-publish","hentry"],"acf":[],"yoast_head":"<!-- This site is optimized with the Yoast SEO plugin v26.8 - https:\/\/yoast.com\/product\/yoast-seo-wordpress\/ -->\n<title>- ICSA<\/title>\n<meta name=\"robots\" content=\"index, follow, max-snippet:-1, max-image-preview:large, max-video-preview:-1\" \/>\n<link rel=\"canonical\" href=\"https:\/\/institutos.ufrrj.br\/icsa\/servico-social\/\" \/>\n<meta property=\"og:locale\" content=\"pt_BR\" \/>\n<meta property=\"og:type\" content=\"article\" \/>\n<meta property=\"og:title\" content=\"- ICSA\" \/>\n<meta property=\"og:description\" content=\"\u00a0 Servi\u00e7o Social O curso de Servi\u00e7o Social prepara os futuros assistentes sociais para a compreens\u00e3o do significado social da ... leia mais\" \/>\n<meta property=\"og:url\" content=\"https:\/\/institutos.ufrrj.br\/icsa\/servico-social\/\" \/>\n<meta property=\"og:site_name\" content=\"ICSA\" \/>\n<meta property=\"article:publisher\" content=\"https:\/\/www.facebook.com\/ICSA-189767328193686\/\" \/>\n<meta property=\"article:modified_time\" content=\"2025-09-11T16:14:30+00:00\" \/>\n<meta property=\"og:image\" content=\"https:\/\/institutos.ufrrj.br\/icsa\/wp-content\/uploads\/sites\/101\/2024\/02\/Captura-de-tela-2024-02-01-152404-1.png\" \/>\n<meta name=\"twitter:card\" content=\"summary_large_image\" \/>\n<meta name=\"twitter:label1\" content=\"Est. tempo de leitura\" \/>\n\t<meta name=\"twitter:data1\" content=\"4 minutos\" \/>\n<script type=\"application\/ld+json\" class=\"yoast-schema-graph\">{\"@context\":\"https:\/\/schema.org\",\"@graph\":[{\"@type\":\"WebPage\",\"@id\":\"https:\/\/institutos.ufrrj.br\/icsa\/servico-social\/\",\"url\":\"https:\/\/institutos.ufrrj.br\/icsa\/servico-social\/\",\"name\":\"- ICSA\",\"isPartOf\":{\"@id\":\"https:\/\/institutos.ufrrj.br\/icsa\/#website\"},\"primaryImageOfPage\":{\"@id\":\"https:\/\/institutos.ufrrj.br\/icsa\/servico-social\/#primaryimage\"},\"image\":{\"@id\":\"https:\/\/institutos.ufrrj.br\/icsa\/servico-social\/#primaryimage\"},\"thumbnailUrl\":\"https:\/\/institutos.ufrrj.br\/icsa\/wp-content\/uploads\/sites\/101\/2024\/02\/Captura-de-tela-2024-02-01-152404-1.png\",\"datePublished\":\"2017-02-01T15:56:52+00:00\",\"dateModified\":\"2025-09-11T16:14:30+00:00\",\"inLanguage\":\"pt-BR\",\"potentialAction\":[{\"@type\":\"ReadAction\",\"target\":[\"https:\/\/institutos.ufrrj.br\/icsa\/servico-social\/\"]}]},{\"@type\":\"ImageObject\",\"inLanguage\":\"pt-BR\",\"@id\":\"https:\/\/institutos.ufrrj.br\/icsa\/servico-social\/#primaryimage\",\"url\":\"https:\/\/institutos.ufrrj.br\/icsa\/wp-content\/uploads\/sites\/101\/2024\/02\/Captura-de-tela-2024-02-01-152404-1.png\",\"contentUrl\":\"https:\/\/institutos.ufrrj.br\/icsa\/wp-content\/uploads\/sites\/101\/2024\/02\/Captura-de-tela-2024-02-01-152404-1.png\",\"width\":323,\"height\":355},{\"@type\":\"WebSite\",\"@id\":\"https:\/\/institutos.ufrrj.br\/icsa\/#website\",\"url\":\"https:\/\/institutos.ufrrj.br\/icsa\/\",\"name\":\"ICSA\",\"description\":\"Institutos de Ci\u00eancias Sociais Aplicadas\",\"publisher\":{\"@id\":\"https:\/\/institutos.ufrrj.br\/icsa\/#organization\"},\"potentialAction\":[{\"@type\":\"SearchAction\",\"target\":{\"@type\":\"EntryPoint\",\"urlTemplate\":\"https:\/\/institutos.ufrrj.br\/icsa\/?s={search_term_string}\"},\"query-input\":{\"@type\":\"PropertyValueSpecification\",\"valueRequired\":true,\"valueName\":\"search_term_string\"}}],\"inLanguage\":\"pt-BR\"},{\"@type\":\"Organization\",\"@id\":\"https:\/\/institutos.ufrrj.br\/icsa\/#organization\",\"name\":\"ICSA\",\"url\":\"https:\/\/institutos.ufrrj.br\/icsa\/\",\"logo\":{\"@type\":\"ImageObject\",\"inLanguage\":\"pt-BR\",\"@id\":\"https:\/\/institutos.ufrrj.br\/icsa\/#\/schema\/logo\/image\/\",\"url\":\"https:\/\/institutos.ufrrj.br\/icsa\/wp-content\/uploads\/sites\/101\/2023\/10\/logo_icsa_cor_horz_01-4-1.png\",\"contentUrl\":\"https:\/\/institutos.ufrrj.br\/icsa\/wp-content\/uploads\/sites\/101\/2023\/10\/logo_icsa_cor_horz_01-4-1.png\",\"width\":300,\"height\":101,\"caption\":\"ICSA\"},\"image\":{\"@id\":\"https:\/\/institutos.ufrrj.br\/icsa\/#\/schema\/logo\/image\/\"},\"sameAs\":[\"https:\/\/www.facebook.com\/ICSA-189767328193686\/\",\"https:\/\/www.instagram.com\/icsa.ufrrj\/\",\"https:\/\/www.youtube.com\/@icsaufrrj\"]}]}<\/script>\n<!-- \/ Yoast SEO plugin. -->","yoast_head_json":{"title":"- ICSA","robots":{"index":"index","follow":"follow","max-snippet":"max-snippet:-1","max-image-preview":"max-image-preview:large","max-video-preview":"max-video-preview:-1"},"canonical":"https:\/\/institutos.ufrrj.br\/icsa\/servico-social\/","og_locale":"pt_BR","og_type":"article","og_title":"- ICSA","og_description":"\u00a0 Servi\u00e7o Social O curso de Servi\u00e7o Social prepara os futuros assistentes sociais para a compreens\u00e3o do significado social da ... leia mais","og_url":"https:\/\/institutos.ufrrj.br\/icsa\/servico-social\/","og_site_name":"ICSA","article_publisher":"https:\/\/www.facebook.com\/ICSA-189767328193686\/","article_modified_time":"2025-09-11T16:14:30+00:00","og_image":[{"url":"https:\/\/institutos.ufrrj.br\/icsa\/wp-content\/uploads\/sites\/101\/2024\/02\/Captura-de-tela-2024-02-01-152404-1.png","type":"","width":"","height":""}],"twitter_card":"summary_large_image","twitter_misc":{"Est. tempo de leitura":"4 minutos"},"schema":{"@context":"https:\/\/schema.org","@graph":[{"@type":"WebPage","@id":"https:\/\/institutos.ufrrj.br\/icsa\/servico-social\/","url":"https:\/\/institutos.ufrrj.br\/icsa\/servico-social\/","name":"- ICSA","isPartOf":{"@id":"https:\/\/institutos.ufrrj.br\/icsa\/#website"},"primaryImageOfPage":{"@id":"https:\/\/institutos.ufrrj.br\/icsa\/servico-social\/#primaryimage"},"image":{"@id":"https:\/\/institutos.ufrrj.br\/icsa\/servico-social\/#primaryimage"},"thumbnailUrl":"https:\/\/institutos.ufrrj.br\/icsa\/wp-content\/uploads\/sites\/101\/2024\/02\/Captura-de-tela-2024-02-01-152404-1.png","datePublished":"2017-02-01T15:56:52+00:00","dateModified":"2025-09-11T16:14:30+00:00","inLanguage":"pt-BR","potentialAction":[{"@type":"ReadAction","target":["https:\/\/institutos.ufrrj.br\/icsa\/servico-social\/"]}]},{"@type":"ImageObject","inLanguage":"pt-BR","@id":"https:\/\/institutos.ufrrj.br\/icsa\/servico-social\/#primaryimage","url":"https:\/\/institutos.ufrrj.br\/icsa\/wp-content\/uploads\/sites\/101\/2024\/02\/Captura-de-tela-2024-02-01-152404-1.png","contentUrl":"https:\/\/institutos.ufrrj.br\/icsa\/wp-content\/uploads\/sites\/101\/2024\/02\/Captura-de-tela-2024-02-01-152404-1.png","width":323,"height":355},{"@type":"WebSite","@id":"https:\/\/institutos.ufrrj.br\/icsa\/#website","url":"https:\/\/institutos.ufrrj.br\/icsa\/","name":"ICSA","description":"Institutos de Ci\u00eancias Sociais Aplicadas","publisher":{"@id":"https:\/\/institutos.ufrrj.br\/icsa\/#organization"},"potentialAction":[{"@type":"SearchAction","target":{"@type":"EntryPoint","urlTemplate":"https:\/\/institutos.ufrrj.br\/icsa\/?s={search_term_string}"},"query-input":{"@type":"PropertyValueSpecification","valueRequired":true,"valueName":"search_term_string"}}],"inLanguage":"pt-BR"},{"@type":"Organization","@id":"https:\/\/institutos.ufrrj.br\/icsa\/#organization","name":"ICSA","url":"https:\/\/institutos.ufrrj.br\/icsa\/","logo":{"@type":"ImageObject","inLanguage":"pt-BR","@id":"https:\/\/institutos.ufrrj.br\/icsa\/#\/schema\/logo\/image\/","url":"https:\/\/institutos.ufrrj.br\/icsa\/wp-content\/uploads\/sites\/101\/2023\/10\/logo_icsa_cor_horz_01-4-1.png","contentUrl":"https:\/\/institutos.ufrrj.br\/icsa\/wp-content\/uploads\/sites\/101\/2023\/10\/logo_icsa_cor_horz_01-4-1.png","width":300,"height":101,"caption":"ICSA"},"image":{"@id":"https:\/\/institutos.ufrrj.br\/icsa\/#\/schema\/logo\/image\/"},"sameAs":["https:\/\/www.facebook.com\/ICSA-189767328193686\/","https:\/\/www.instagram.com\/icsa.ufrrj\/","https:\/\/www.youtube.com\/@icsaufrrj"]}]}},"_links":{"self":[{"href":"https:\/\/institutos.ufrrj.br\/icsa\/wp-json\/wp\/v2\/pages\/180","targetHints":{"allow":["GET"]}}],"collection":[{"href":"https:\/\/institutos.ufrrj.br\/icsa\/wp-json\/wp\/v2\/pages"}],"about":[{"href":"https:\/\/institutos.ufrrj.br\/icsa\/wp-json\/wp\/v2\/types\/page"}],"author":[{"embeddable":true,"href":"https:\/\/institutos.ufrrj.br\/icsa\/wp-json\/wp\/v2\/users\/22"}],"replies":[{"embeddable":true,"href":"https:\/\/institutos.ufrrj.br\/icsa\/wp-json\/wp\/v2\/comments?post=180"}],"version-history":[{"count":40,"href":"https:\/\/institutos.ufrrj.br\/icsa\/wp-json\/wp\/v2\/pages\/180\/revisions"}],"predecessor-version":[{"id":9399,"href":"https:\/\/institutos.ufrrj.br\/icsa\/wp-json\/wp\/v2\/pages\/180\/revisions\/9399"}],"wp:attachment":[{"href":"https:\/\/institutos.ufrrj.br\/icsa\/wp-json\/wp\/v2\/media?parent=180"}],"curies":[{"name":"wp","href":"https:\/\/api.w.org\/{rel}","templated":true}]}}