{"id":189,"date":"2017-02-01T16:08:24","date_gmt":"2017-02-01T16:08:24","guid":{"rendered":"http:\/\/institutos.ufrrj.br\/icsa\/?page_id=189"},"modified":"2023-03-06T11:57:24","modified_gmt":"2023-03-06T14:57:24","slug":"dca","status":"publish","type":"page","link":"https:\/\/institutos.ufrrj.br\/icsa\/dca\/","title":{"rendered":"CI\u00caNCIAS ADMINISTRATIVAS"},"content":{"rendered":"\n<h3 class=\"wp-block-heading\">Departamento de Ci\u00eancias Administrativas &#8211; DCA<\/h3>\n\n\n\n<p><strong>Chefia:<\/strong> Prof. Dr. Jo\u00e3o Lu\u00eds Alves Pinheiro<br><strong>E-mail:<\/strong>&nbsp;<span dir=\"ltr\">chefia.dca@ufrrj.br<\/span><\/p>\n\n\n\n<p><strong>Vice-Chefia:<\/strong> Prof. Dr\u00aa Andreia Cristina Resende de Almeida<br><strong>E-mail:<\/strong> andreia.almeida.res@gmail.com<\/p>\n\n\n\n<p><strong>Secretaria do DCA:<\/strong><br><strong>E-mail:<\/strong> secretaria.dca@ufrrj.br<\/p>\n\n\n\n<div style=\"height:30px\" aria-hidden=\"true\" class=\"wp-block-spacer\"><\/div>\n\n\n\n<p><strong>Corpo Docente:<\/strong><\/p>\n\n\n\n<figure class=\"wp-block-table\"><table><tbody><tr><td><strong>Docente <\/strong><\/td><td><strong>E-mail<\/strong><\/td><\/tr><tr><td>Alessandra Cassol<\/td><td>alessandracassol@ufrrj.br<\/td><\/tr><tr><td>Andr\u00e9 Lu\u00eds de Carvalho<\/td><td>adm-andre@uol.com.br<\/td><\/tr><tr><td>Andr\u00e9ia Cristina Resende de Almeida<\/td><td>andreiadealmeida@ufrrj.br<\/td><\/tr><tr><td>Ant\u00f4nio Martinez Fandino<\/td><td>fandino@gmail.com<\/td><\/tr><tr><td>Ayala Liberato Braga<\/td><td>ayala.braga@gmail.com<\/td><\/tr><tr><td>Edival Dan<\/td><td>edivaldan@uol.com.br<\/td><\/tr><tr><td>Elizabeth Jorge Hatchuel<\/td><td>elizabeth.hatchuel@gmail.com<\/td><\/tr><tr><td>Flavia Luiza O. da Cunha Galindo<\/td><td>flaviagalindo@uol.com.br<\/td><\/tr><tr><td>Gustavo Lopes Olivares<\/td><td>olivares.rural@gmail.com<\/td><\/tr><tr><td>Jo\u00e3o Lu\u00fais Alves Pinheiro<\/td><td>jla.pinheiro@yahoo.com.br<\/td><\/tr><tr><td>Luciene Gouveia Batista<\/td><td>lucienegouveia@hotmail.com<\/td><\/tr><tr><td>Luiz Alberto de Lima Leandro<\/td><td>luizleandrorj@globo.com<\/td><\/tr><tr><td>Marcello Vin\u00edcius D\u00f3ria Calvosa<\/td><td>mvcalvosa@yahoo.com.br<\/td><\/tr><tr><td>Marcelo Sales Ferreira<\/td><td>marcelog@ufrrj.br<\/td><\/tr><tr><td>Marcelo Sobreiro<\/td><td>sobremar@ufrrj.br<\/td><\/tr><tr><td>Marco Ant\u00f4nio Ferreira de Souza<\/td><td>marcobauhaus@gmail.com<\/td><\/tr><tr><td>Patr\u00edcia Leite da Silva Scatulino<\/td><td>patricialeiteadm@hotmail.com<\/td><\/tr><tr><td>Rosana Frujuelle<\/td><td>rosanafrujuell@yahoo.com.br<\/td><\/tr><tr><td>Saulo Barbar\u00e1 de Oliveira<\/td><td>saulobarbara@gmail.com<\/td><\/tr><tr><td>Thiago Borges Renault<\/td><td>thiagorenault@gmail.com<\/td><\/tr><\/tbody><\/table><\/figure>\n","protected":false},"excerpt":{"rendered":"<p>Departamento de Ci\u00eancias Administrativas &#8211; DCA Chefia: Prof. Dr. Jo\u00e3o Lu\u00eds Alves PinheiroE-mail:&nbsp;chefia.dca@ufrrj.br Vice-Chefia: Prof. Dr\u00aa Andreia Cristina Resende de <a class=\"read-more\" href=\"https:\/\/institutos.ufrrj.br\/icsa\/dca\/\">&#8230; <em>leia mais <\/em> <i class=\"fa fa-long-arrow-right\"><\/i><\/a><\/p>\n","protected":false},"author":22,"featured_media":0,"parent":0,"menu_order":0,"comment_status":"closed","ping_status":"closed","template":"","meta":{"_acf_changed":false,"_themeisle_gutenberg_block_has_review":false,"footnotes":"","_links_to":"","_links_to_target":""},"class_list":["post-189","page","type-page","status-publish","hentry"],"acf":[],"yoast_head":"<!-- This site is optimized with the Yoast SEO plugin v26.8 - https:\/\/yoast.com\/product\/yoast-seo-wordpress\/ -->\n<title>CI\u00caNCIAS ADMINISTRATIVAS - ICSA<\/title>\n<meta name=\"robots\" content=\"index, follow, max-snippet:-1, max-image-preview:large, max-video-preview:-1\" \/>\n<link rel=\"canonical\" href=\"https:\/\/institutos.ufrrj.br\/icsa\/dca\/\" \/>\n<meta property=\"og:locale\" content=\"pt_BR\" \/>\n<meta property=\"og:type\" content=\"article\" \/>\n<meta property=\"og:title\" content=\"CI\u00caNCIAS ADMINISTRATIVAS - ICSA\" \/>\n<meta property=\"og:description\" content=\"Departamento de Ci\u00eancias Administrativas &#8211; DCA Chefia: Prof. Dr. Jo\u00e3o Lu\u00eds Alves PinheiroE-mail:&nbsp;chefia.dca@ufrrj.br Vice-Chefia: Prof. Dr\u00aa Andreia Cristina Resende de ... leia mais\" \/>\n<meta property=\"og:url\" content=\"https:\/\/institutos.ufrrj.br\/icsa\/dca\/\" \/>\n<meta property=\"og:site_name\" content=\"ICSA\" \/>\n<meta property=\"article:publisher\" content=\"https:\/\/www.facebook.com\/ICSA-189767328193686\/\" \/>\n<meta property=\"article:modified_time\" content=\"2023-03-06T14:57:24+00:00\" \/>\n<meta name=\"twitter:card\" content=\"summary_large_image\" \/>\n<meta name=\"twitter:label1\" content=\"Est. tempo de leitura\" \/>\n\t<meta name=\"twitter:data1\" content=\"1 minuto\" \/>\n<script type=\"application\/ld+json\" class=\"yoast-schema-graph\">{\"@context\":\"https:\/\/schema.org\",\"@graph\":[{\"@type\":\"WebPage\",\"@id\":\"https:\/\/institutos.ufrrj.br\/icsa\/dca\/\",\"url\":\"https:\/\/institutos.ufrrj.br\/icsa\/dca\/\",\"name\":\"CI\u00caNCIAS ADMINISTRATIVAS - ICSA\",\"isPartOf\":{\"@id\":\"https:\/\/institutos.ufrrj.br\/icsa\/#website\"},\"datePublished\":\"2017-02-01T16:08:24+00:00\",\"dateModified\":\"2023-03-06T14:57:24+00:00\",\"breadcrumb\":{\"@id\":\"https:\/\/institutos.ufrrj.br\/icsa\/dca\/#breadcrumb\"},\"inLanguage\":\"pt-BR\",\"potentialAction\":[{\"@type\":\"ReadAction\",\"target\":[\"https:\/\/institutos.ufrrj.br\/icsa\/dca\/\"]}]},{\"@type\":\"BreadcrumbList\",\"@id\":\"https:\/\/institutos.ufrrj.br\/icsa\/dca\/#breadcrumb\",\"itemListElement\":[{\"@type\":\"ListItem\",\"position\":1,\"name\":\"In\u00edcio\",\"item\":\"https:\/\/institutos.ufrrj.br\/icsa\/\"},{\"@type\":\"ListItem\",\"position\":2,\"name\":\"CI\u00caNCIAS ADMINISTRATIVAS\"}]},{\"@type\":\"WebSite\",\"@id\":\"https:\/\/institutos.ufrrj.br\/icsa\/#website\",\"url\":\"https:\/\/institutos.ufrrj.br\/icsa\/\",\"name\":\"ICSA\",\"description\":\"Institutos de Ci\u00eancias Sociais Aplicadas\",\"publisher\":{\"@id\":\"https:\/\/institutos.ufrrj.br\/icsa\/#organization\"},\"potentialAction\":[{\"@type\":\"SearchAction\",\"target\":{\"@type\":\"EntryPoint\",\"urlTemplate\":\"https:\/\/institutos.ufrrj.br\/icsa\/?s={search_term_string}\"},\"query-input\":{\"@type\":\"PropertyValueSpecification\",\"valueRequired\":true,\"valueName\":\"search_term_string\"}}],\"inLanguage\":\"pt-BR\"},{\"@type\":\"Organization\",\"@id\":\"https:\/\/institutos.ufrrj.br\/icsa\/#organization\",\"name\":\"ICSA\",\"url\":\"https:\/\/institutos.ufrrj.br\/icsa\/\",\"logo\":{\"@type\":\"ImageObject\",\"inLanguage\":\"pt-BR\",\"@id\":\"https:\/\/institutos.ufrrj.br\/icsa\/#\/schema\/logo\/image\/\",\"url\":\"https:\/\/institutos.ufrrj.br\/icsa\/wp-content\/uploads\/sites\/101\/2023\/10\/logo_icsa_cor_horz_01-4-1.png\",\"contentUrl\":\"https:\/\/institutos.ufrrj.br\/icsa\/wp-content\/uploads\/sites\/101\/2023\/10\/logo_icsa_cor_horz_01-4-1.png\",\"width\":300,\"height\":101,\"caption\":\"ICSA\"},\"image\":{\"@id\":\"https:\/\/institutos.ufrrj.br\/icsa\/#\/schema\/logo\/image\/\"},\"sameAs\":[\"https:\/\/www.facebook.com\/ICSA-189767328193686\/\",\"https:\/\/www.instagram.com\/icsa.ufrrj\/\",\"https:\/\/www.youtube.com\/@icsaufrrj\"]}]}<\/script>\n<!-- \/ Yoast SEO plugin. -->","yoast_head_json":{"title":"CI\u00caNCIAS ADMINISTRATIVAS - ICSA","robots":{"index":"index","follow":"follow","max-snippet":"max-snippet:-1","max-image-preview":"max-image-preview:large","max-video-preview":"max-video-preview:-1"},"canonical":"https:\/\/institutos.ufrrj.br\/icsa\/dca\/","og_locale":"pt_BR","og_type":"article","og_title":"CI\u00caNCIAS ADMINISTRATIVAS - ICSA","og_description":"Departamento de Ci\u00eancias Administrativas &#8211; DCA Chefia: Prof. Dr. Jo\u00e3o Lu\u00eds Alves PinheiroE-mail:&nbsp;chefia.dca@ufrrj.br Vice-Chefia: Prof. Dr\u00aa Andreia Cristina Resende de ... leia mais","og_url":"https:\/\/institutos.ufrrj.br\/icsa\/dca\/","og_site_name":"ICSA","article_publisher":"https:\/\/www.facebook.com\/ICSA-189767328193686\/","article_modified_time":"2023-03-06T14:57:24+00:00","twitter_card":"summary_large_image","twitter_misc":{"Est. tempo de leitura":"1 minuto"},"schema":{"@context":"https:\/\/schema.org","@graph":[{"@type":"WebPage","@id":"https:\/\/institutos.ufrrj.br\/icsa\/dca\/","url":"https:\/\/institutos.ufrrj.br\/icsa\/dca\/","name":"CI\u00caNCIAS ADMINISTRATIVAS - ICSA","isPartOf":{"@id":"https:\/\/institutos.ufrrj.br\/icsa\/#website"},"datePublished":"2017-02-01T16:08:24+00:00","dateModified":"2023-03-06T14:57:24+00:00","breadcrumb":{"@id":"https:\/\/institutos.ufrrj.br\/icsa\/dca\/#breadcrumb"},"inLanguage":"pt-BR","potentialAction":[{"@type":"ReadAction","target":["https:\/\/institutos.ufrrj.br\/icsa\/dca\/"]}]},{"@type":"BreadcrumbList","@id":"https:\/\/institutos.ufrrj.br\/icsa\/dca\/#breadcrumb","itemListElement":[{"@type":"ListItem","position":1,"name":"In\u00edcio","item":"https:\/\/institutos.ufrrj.br\/icsa\/"},{"@type":"ListItem","position":2,"name":"CI\u00caNCIAS ADMINISTRATIVAS"}]},{"@type":"WebSite","@id":"https:\/\/institutos.ufrrj.br\/icsa\/#website","url":"https:\/\/institutos.ufrrj.br\/icsa\/","name":"ICSA","description":"Institutos de Ci\u00eancias Sociais Aplicadas","publisher":{"@id":"https:\/\/institutos.ufrrj.br\/icsa\/#organization"},"potentialAction":[{"@type":"SearchAction","target":{"@type":"EntryPoint","urlTemplate":"https:\/\/institutos.ufrrj.br\/icsa\/?s={search_term_string}"},"query-input":{"@type":"PropertyValueSpecification","valueRequired":true,"valueName":"search_term_string"}}],"inLanguage":"pt-BR"},{"@type":"Organization","@id":"https:\/\/institutos.ufrrj.br\/icsa\/#organization","name":"ICSA","url":"https:\/\/institutos.ufrrj.br\/icsa\/","logo":{"@type":"ImageObject","inLanguage":"pt-BR","@id":"https:\/\/institutos.ufrrj.br\/icsa\/#\/schema\/logo\/image\/","url":"https:\/\/institutos.ufrrj.br\/icsa\/wp-content\/uploads\/sites\/101\/2023\/10\/logo_icsa_cor_horz_01-4-1.png","contentUrl":"https:\/\/institutos.ufrrj.br\/icsa\/wp-content\/uploads\/sites\/101\/2023\/10\/logo_icsa_cor_horz_01-4-1.png","width":300,"height":101,"caption":"ICSA"},"image":{"@id":"https:\/\/institutos.ufrrj.br\/icsa\/#\/schema\/logo\/image\/"},"sameAs":["https:\/\/www.facebook.com\/ICSA-189767328193686\/","https:\/\/www.instagram.com\/icsa.ufrrj\/","https:\/\/www.youtube.com\/@icsaufrrj"]}]}},"_links":{"self":[{"href":"https:\/\/institutos.ufrrj.br\/icsa\/wp-json\/wp\/v2\/pages\/189","targetHints":{"allow":["GET"]}}],"collection":[{"href":"https:\/\/institutos.ufrrj.br\/icsa\/wp-json\/wp\/v2\/pages"}],"about":[{"href":"https:\/\/institutos.ufrrj.br\/icsa\/wp-json\/wp\/v2\/types\/page"}],"author":[{"embeddable":true,"href":"https:\/\/institutos.ufrrj.br\/icsa\/wp-json\/wp\/v2\/users\/22"}],"replies":[{"embeddable":true,"href":"https:\/\/institutos.ufrrj.br\/icsa\/wp-json\/wp\/v2\/comments?post=189"}],"version-history":[{"count":16,"href":"https:\/\/institutos.ufrrj.br\/icsa\/wp-json\/wp\/v2\/pages\/189\/revisions"}],"predecessor-version":[{"id":5850,"href":"https:\/\/institutos.ufrrj.br\/icsa\/wp-json\/wp\/v2\/pages\/189\/revisions\/5850"}],"wp:attachment":[{"href":"https:\/\/institutos.ufrrj.br\/icsa\/wp-json\/wp\/v2\/media?parent=189"}],"curies":[{"name":"wp","href":"https:\/\/api.w.org\/{rel}","templated":true}]}}