{"id":197,"date":"2018-10-30T16:11:41","date_gmt":"2018-10-30T16:11:41","guid":{"rendered":"http:\/\/institutos.ufrrj.br\/icsa\/?page_id=197"},"modified":"2025-08-12T17:48:26","modified_gmt":"2025-08-12T20:48:26","slug":"dap","status":"publish","type":"page","link":"https:\/\/institutos.ufrrj.br\/icsa\/dap\/","title":{"rendered":"ADMINISTRA\u00c7\u00c3O P\u00daBLICA"},"content":{"rendered":"<p><strong>CHEFIA DO DEPARTAMENTO DE ADMINISTRA\u00c7\u00c3O P\u00daBLICA<\/strong><\/p>\n<p><strong>Chefe: <\/strong>Vinicius Ferreira Baptista<\/p>\n<p><strong>E-mail: <\/strong>viniciusferbap@ufrrj.br<\/p>\n<p><strong>Vice:<\/strong> Vera Regina Ramos Pinto<\/p>\n<p><strong>E-mail: <\/strong>verareginarp@ufrrj.br<\/p>\n<p><strong>Secret\u00e1ria:<\/strong>\u00a0Patr\u00edcia Fernandes<\/p>\n<p><strong>E-mail:\u00a0<\/strong>dap@ufrrj.br<\/p>\n<p><strong>MONITORIA<\/strong><\/p>\n<p style=\"text-align: left;\">Monitor Matheus da Silva Quadros &#8211; disciplinas de introdu\u00e7\u00e3o a administra\u00e7\u00e3o p\u00fablica e fundamentos do pensamento administrativo.<\/p>\n<table width=\"111%\">\n<tbody>\n<tr>\n<td colspan=\"6\" width=\"629\"><strong>HORARIO DE ATENDIMENTO\u00a0<\/strong><\/td>\n<\/tr>\n<tr>\n<td width=\"63\">TURNO<\/td>\n<td width=\"111\">SEGUNDA<\/td>\n<td width=\"112\">TER\u00c7A<\/td>\n<td width=\"111\">QUARTA<\/td>\n<td width=\"111\">QUINTA<\/td>\n<td width=\"110\">SEXTA<\/td>\n<\/tr>\n<tr>\n<td width=\"63\">Tarde<\/td>\n<td width=\"111\">17h \u00e0s 18h<\/td>\n<td width=\"112\">15h \u00e0s 18h<\/td>\n<td width=\"111\">17h \u00e0s 18h<\/td>\n<td width=\"111\">15h \u00c0s 18h<\/td>\n<td width=\"110\">13h \u00e0s 18h<\/td>\n<\/tr>\n<tr>\n<td width=\"63\">LOCAL(Sala e Instituto)<\/td>\n<td width=\"111\">\u00a0Sala de estudos\/ sala de cultura<\/td>\n<td width=\"112\">\u00a0Sala de estudos\/ sala de cultura<\/td>\n<td width=\"111\">\u00a0Sala de estudos\/ sala de cultura<\/td>\n<td width=\"111\">\u00a0Sala de estudos\/ sala de cultura<\/td>\n<td width=\"110\">\u00a0Sala de estudos\/ sala de cultura<\/td>\n<\/tr>\n<tr>\n<td colspan=\"6\" width=\"629\">Email: <a href=\"mailto:Mat.quadros@gmail.com\">mat.quadros@gmail.com<\/a>Celular: (21) 989598322OBS.: Atendimento online e presencial (Por favor, agendar antes).<strong>Descri\u00e7\u00e3o Sum\u00e1ria das Atividades:<\/strong> Auxiliar os alunos em suas d\u00favidas, passar exerc\u00edcios de refor\u00e7o e fornecer qualquer tipo de suporte necess\u00e1rio para o desenvolvimento do aluno nas mat\u00e9rias, introdu\u00e7\u00e3o a administra\u00e7\u00e3o p\u00fablica e fundamentos do pensamento administrativo.<\/td>\n<\/tr>\n<\/tbody>\n<\/table>\n\n\n<p><\/p>\n\n\n\n<p><\/p>\n\n\n\n<p><\/p>\n\n\n\n<p><\/p>\n","protected":false},"excerpt":{"rendered":"<p>CHEFIA DO DEPARTAMENTO DE ADMINISTRA\u00c7\u00c3O P\u00daBLICA Chefe: Vinicius Ferreira Baptista E-mail: viniciusferbap@ufrrj.br Vice: Vera Regina Ramos Pinto E-mail: verareginarp@ufrrj.br Secret\u00e1ria:\u00a0Patr\u00edcia <a class=\"read-more\" href=\"https:\/\/institutos.ufrrj.br\/icsa\/dap\/\">&#8230; <em>leia mais <\/em> <i class=\"fa fa-long-arrow-right\"><\/i><\/a><\/p>\n","protected":false},"author":22,"featured_media":0,"parent":0,"menu_order":0,"comment_status":"closed","ping_status":"closed","template":"","meta":{"_acf_changed":false,"_themeisle_gutenberg_block_has_review":false,"footnotes":"","_links_to":"","_links_to_target":""},"class_list":["post-197","page","type-page","status-publish","hentry"],"acf":[],"yoast_head":"<!-- This site is optimized with the Yoast SEO plugin v26.8 - https:\/\/yoast.com\/product\/yoast-seo-wordpress\/ -->\n<title>ADMINISTRA\u00c7\u00c3O P\u00daBLICA - ICSA<\/title>\n<meta name=\"robots\" content=\"index, follow, max-snippet:-1, max-image-preview:large, max-video-preview:-1\" \/>\n<link rel=\"canonical\" href=\"https:\/\/institutos.ufrrj.br\/icsa\/dap\/\" \/>\n<meta property=\"og:locale\" content=\"pt_BR\" \/>\n<meta property=\"og:type\" content=\"article\" \/>\n<meta property=\"og:title\" content=\"ADMINISTRA\u00c7\u00c3O P\u00daBLICA - ICSA\" \/>\n<meta property=\"og:description\" content=\"CHEFIA DO DEPARTAMENTO DE ADMINISTRA\u00c7\u00c3O P\u00daBLICA Chefe: Vinicius Ferreira Baptista E-mail: viniciusferbap@ufrrj.br Vice: Vera Regina Ramos Pinto E-mail: verareginarp@ufrrj.br Secret\u00e1ria:\u00a0Patr\u00edcia ... leia mais\" \/>\n<meta property=\"og:url\" content=\"https:\/\/institutos.ufrrj.br\/icsa\/dap\/\" \/>\n<meta property=\"og:site_name\" content=\"ICSA\" \/>\n<meta property=\"article:publisher\" content=\"https:\/\/www.facebook.com\/ICSA-189767328193686\/\" \/>\n<meta property=\"article:modified_time\" content=\"2025-08-12T20:48:26+00:00\" \/>\n<meta name=\"twitter:card\" content=\"summary_large_image\" \/>\n<meta name=\"twitter:label1\" content=\"Est. tempo de leitura\" \/>\n\t<meta name=\"twitter:data1\" content=\"1 minuto\" \/>\n<script type=\"application\/ld+json\" class=\"yoast-schema-graph\">{\"@context\":\"https:\/\/schema.org\",\"@graph\":[{\"@type\":\"WebPage\",\"@id\":\"https:\/\/institutos.ufrrj.br\/icsa\/dap\/\",\"url\":\"https:\/\/institutos.ufrrj.br\/icsa\/dap\/\",\"name\":\"ADMINISTRA\u00c7\u00c3O P\u00daBLICA - ICSA\",\"isPartOf\":{\"@id\":\"https:\/\/institutos.ufrrj.br\/icsa\/#website\"},\"datePublished\":\"2018-10-30T16:11:41+00:00\",\"dateModified\":\"2025-08-12T20:48:26+00:00\",\"breadcrumb\":{\"@id\":\"https:\/\/institutos.ufrrj.br\/icsa\/dap\/#breadcrumb\"},\"inLanguage\":\"pt-BR\",\"potentialAction\":[{\"@type\":\"ReadAction\",\"target\":[\"https:\/\/institutos.ufrrj.br\/icsa\/dap\/\"]}]},{\"@type\":\"BreadcrumbList\",\"@id\":\"https:\/\/institutos.ufrrj.br\/icsa\/dap\/#breadcrumb\",\"itemListElement\":[{\"@type\":\"ListItem\",\"position\":1,\"name\":\"In\u00edcio\",\"item\":\"https:\/\/institutos.ufrrj.br\/icsa\/\"},{\"@type\":\"ListItem\",\"position\":2,\"name\":\"ADMINISTRA\u00c7\u00c3O P\u00daBLICA\"}]},{\"@type\":\"WebSite\",\"@id\":\"https:\/\/institutos.ufrrj.br\/icsa\/#website\",\"url\":\"https:\/\/institutos.ufrrj.br\/icsa\/\",\"name\":\"ICSA\",\"description\":\"Institutos de Ci\u00eancias Sociais Aplicadas\",\"publisher\":{\"@id\":\"https:\/\/institutos.ufrrj.br\/icsa\/#organization\"},\"potentialAction\":[{\"@type\":\"SearchAction\",\"target\":{\"@type\":\"EntryPoint\",\"urlTemplate\":\"https:\/\/institutos.ufrrj.br\/icsa\/?s={search_term_string}\"},\"query-input\":{\"@type\":\"PropertyValueSpecification\",\"valueRequired\":true,\"valueName\":\"search_term_string\"}}],\"inLanguage\":\"pt-BR\"},{\"@type\":\"Organization\",\"@id\":\"https:\/\/institutos.ufrrj.br\/icsa\/#organization\",\"name\":\"ICSA\",\"url\":\"https:\/\/institutos.ufrrj.br\/icsa\/\",\"logo\":{\"@type\":\"ImageObject\",\"inLanguage\":\"pt-BR\",\"@id\":\"https:\/\/institutos.ufrrj.br\/icsa\/#\/schema\/logo\/image\/\",\"url\":\"https:\/\/institutos.ufrrj.br\/icsa\/wp-content\/uploads\/sites\/101\/2023\/10\/logo_icsa_cor_horz_01-4-1.png\",\"contentUrl\":\"https:\/\/institutos.ufrrj.br\/icsa\/wp-content\/uploads\/sites\/101\/2023\/10\/logo_icsa_cor_horz_01-4-1.png\",\"width\":300,\"height\":101,\"caption\":\"ICSA\"},\"image\":{\"@id\":\"https:\/\/institutos.ufrrj.br\/icsa\/#\/schema\/logo\/image\/\"},\"sameAs\":[\"https:\/\/www.facebook.com\/ICSA-189767328193686\/\",\"https:\/\/www.instagram.com\/icsa.ufrrj\/\",\"https:\/\/www.youtube.com\/@icsaufrrj\"]}]}<\/script>\n<!-- \/ Yoast SEO plugin. -->","yoast_head_json":{"title":"ADMINISTRA\u00c7\u00c3O P\u00daBLICA - ICSA","robots":{"index":"index","follow":"follow","max-snippet":"max-snippet:-1","max-image-preview":"max-image-preview:large","max-video-preview":"max-video-preview:-1"},"canonical":"https:\/\/institutos.ufrrj.br\/icsa\/dap\/","og_locale":"pt_BR","og_type":"article","og_title":"ADMINISTRA\u00c7\u00c3O P\u00daBLICA - ICSA","og_description":"CHEFIA DO DEPARTAMENTO DE ADMINISTRA\u00c7\u00c3O P\u00daBLICA Chefe: Vinicius Ferreira Baptista E-mail: viniciusferbap@ufrrj.br Vice: Vera Regina Ramos Pinto E-mail: verareginarp@ufrrj.br Secret\u00e1ria:\u00a0Patr\u00edcia ... leia mais","og_url":"https:\/\/institutos.ufrrj.br\/icsa\/dap\/","og_site_name":"ICSA","article_publisher":"https:\/\/www.facebook.com\/ICSA-189767328193686\/","article_modified_time":"2025-08-12T20:48:26+00:00","twitter_card":"summary_large_image","twitter_misc":{"Est. tempo de leitura":"1 minuto"},"schema":{"@context":"https:\/\/schema.org","@graph":[{"@type":"WebPage","@id":"https:\/\/institutos.ufrrj.br\/icsa\/dap\/","url":"https:\/\/institutos.ufrrj.br\/icsa\/dap\/","name":"ADMINISTRA\u00c7\u00c3O P\u00daBLICA - ICSA","isPartOf":{"@id":"https:\/\/institutos.ufrrj.br\/icsa\/#website"},"datePublished":"2018-10-30T16:11:41+00:00","dateModified":"2025-08-12T20:48:26+00:00","breadcrumb":{"@id":"https:\/\/institutos.ufrrj.br\/icsa\/dap\/#breadcrumb"},"inLanguage":"pt-BR","potentialAction":[{"@type":"ReadAction","target":["https:\/\/institutos.ufrrj.br\/icsa\/dap\/"]}]},{"@type":"BreadcrumbList","@id":"https:\/\/institutos.ufrrj.br\/icsa\/dap\/#breadcrumb","itemListElement":[{"@type":"ListItem","position":1,"name":"In\u00edcio","item":"https:\/\/institutos.ufrrj.br\/icsa\/"},{"@type":"ListItem","position":2,"name":"ADMINISTRA\u00c7\u00c3O P\u00daBLICA"}]},{"@type":"WebSite","@id":"https:\/\/institutos.ufrrj.br\/icsa\/#website","url":"https:\/\/institutos.ufrrj.br\/icsa\/","name":"ICSA","description":"Institutos de Ci\u00eancias Sociais Aplicadas","publisher":{"@id":"https:\/\/institutos.ufrrj.br\/icsa\/#organization"},"potentialAction":[{"@type":"SearchAction","target":{"@type":"EntryPoint","urlTemplate":"https:\/\/institutos.ufrrj.br\/icsa\/?s={search_term_string}"},"query-input":{"@type":"PropertyValueSpecification","valueRequired":true,"valueName":"search_term_string"}}],"inLanguage":"pt-BR"},{"@type":"Organization","@id":"https:\/\/institutos.ufrrj.br\/icsa\/#organization","name":"ICSA","url":"https:\/\/institutos.ufrrj.br\/icsa\/","logo":{"@type":"ImageObject","inLanguage":"pt-BR","@id":"https:\/\/institutos.ufrrj.br\/icsa\/#\/schema\/logo\/image\/","url":"https:\/\/institutos.ufrrj.br\/icsa\/wp-content\/uploads\/sites\/101\/2023\/10\/logo_icsa_cor_horz_01-4-1.png","contentUrl":"https:\/\/institutos.ufrrj.br\/icsa\/wp-content\/uploads\/sites\/101\/2023\/10\/logo_icsa_cor_horz_01-4-1.png","width":300,"height":101,"caption":"ICSA"},"image":{"@id":"https:\/\/institutos.ufrrj.br\/icsa\/#\/schema\/logo\/image\/"},"sameAs":["https:\/\/www.facebook.com\/ICSA-189767328193686\/","https:\/\/www.instagram.com\/icsa.ufrrj\/","https:\/\/www.youtube.com\/@icsaufrrj"]}]}},"_links":{"self":[{"href":"https:\/\/institutos.ufrrj.br\/icsa\/wp-json\/wp\/v2\/pages\/197","targetHints":{"allow":["GET"]}}],"collection":[{"href":"https:\/\/institutos.ufrrj.br\/icsa\/wp-json\/wp\/v2\/pages"}],"about":[{"href":"https:\/\/institutos.ufrrj.br\/icsa\/wp-json\/wp\/v2\/types\/page"}],"author":[{"embeddable":true,"href":"https:\/\/institutos.ufrrj.br\/icsa\/wp-json\/wp\/v2\/users\/22"}],"replies":[{"embeddable":true,"href":"https:\/\/institutos.ufrrj.br\/icsa\/wp-json\/wp\/v2\/comments?post=197"}],"version-history":[{"count":47,"href":"https:\/\/institutos.ufrrj.br\/icsa\/wp-json\/wp\/v2\/pages\/197\/revisions"}],"predecessor-version":[{"id":9227,"href":"https:\/\/institutos.ufrrj.br\/icsa\/wp-json\/wp\/v2\/pages\/197\/revisions\/9227"}],"wp:attachment":[{"href":"https:\/\/institutos.ufrrj.br\/icsa\/wp-json\/wp\/v2\/media?parent=197"}],"curies":[{"name":"wp","href":"https:\/\/api.w.org\/{rel}","templated":true}]}}