{"id":203,"date":"2017-02-01T16:12:47","date_gmt":"2017-02-01T16:12:47","guid":{"rendered":"http:\/\/institutos.ufrrj.br\/icsa\/?page_id=203"},"modified":"2023-03-06T11:46:04","modified_gmt":"2023-03-06T14:46:04","slug":"dece","status":"publish","type":"page","link":"https:\/\/institutos.ufrrj.br\/icsa\/dece\/","title":{"rendered":"CI\u00caNCIAS ECON\u00d4MICAS"},"content":{"rendered":"\n<h3 class=\"wp-block-heading\">O DeCE \u00e9 o Departamento de Ci\u00eancias Econ\u00f4micas do Instituto de Ci\u00eancias Sociais Aplicadas \u2013 ICSA da UFRRJ.<\/h3>\n\n\n\n<p><strong>Chefe:<\/strong> Cleber Ferrer Barbosa<br><strong>E-mail:<\/strong> bacleber@ufrrj.br \/ baclaber@hotmail.com<\/p>\n\n\n\n<p><strong>Vice-Chefe:<\/strong> Adriana Vassallo<br><strong>E-mail:<\/strong> adrianah_dvm@yahoo.com.br<\/p>\n\n\n\n<p><strong>Secret\u00e1rio:<\/strong>&nbsp;Melquisedeque Nestor<br><strong>E-mail:<\/strong> dececon@ufrrj.br<br><strong>Telefone:<\/strong> 2681-4971<br><\/p>\n\n\n\n<p><strong>Corpo Docente:<\/strong><\/p>\n\n\n\n\n\n<figure class=\"wp-block-table is-style-stripes\"><table><tbody><tr><td><strong>Nome<\/strong><\/td><td><strong>E-mail<\/strong><\/td><\/tr><tr><td>Adriana Vassallo Martins<\/td><td>adrianah_dvm@yahoo.com.br<\/td><\/tr><tr><td>Alexandre Jer\u00f4nimo de Freitas<\/td><td>alexandrefreitas76@gmail.com<\/td><\/tr><tr><td>Ant\u00f4nio Jos\u00e9 Alves J\u00fanior<\/td><td>antoniojbr@yahoo.com.br<\/td><\/tr><tr><td>Cleber Ferrer Barbosa<\/td><td>bacleber@hotmail.com<\/td><\/tr><tr><td>Carlos Otavio de Freitas<\/td><td>carlos.freitas87@gmail.com<\/td><\/tr><tr><td>Daniel Ribeiro de Oliveira<\/td><td>daniel.eco@uol.com.br<\/td><\/tr><tr><td>Eduardo Mendes Callado<\/td><td>eecallado@yahoo.com.br<\/td><\/tr><tr><td>Everlam Elias Montibeler<\/td><td>everlamelias@gmail.com<\/td><\/tr><tr><td>Guilherme Weber Martins<\/td><td>guilhermeweber@gmail.com<\/td><\/tr><tr><td>Jo\u00edlson de Assis Cabral<\/td><td>cabraljoilson@gmail.com<\/td><\/tr><tr><td>Jose Antonio de Souza Veiga<\/td><td>joseantonio@ufrrj.br<\/td><\/tr><tr><td>Lamounier Erthal Villela<\/td><td>lamounier.erthal@gmail.com<\/td><\/tr><tr><td>Luciana da Silva Ferreira<\/td><td>ferreira_lucianarj@yahoo.com.br<\/td><\/tr><tr><td>Luiz Carlos de Oliveira Lima<\/td><td>llima@ufrrj.br<\/td><\/tr><tr><td>Marcelo Pereira Fernandes<\/td><td>mapefern@gmail.com<\/td><\/tr><tr><td>Maria Viviana de Freitas<\/td><td>mvivianafreitas@gmail.com<\/td><\/tr><tr><td>Miguel Henriques de Carvalho<\/td><td>miguehc85@gmail.com<\/td><\/tr><tr><td>Rosana Curzel<\/td><td>rcurzel@gmail.com<\/td><\/tr><tr><td>Rubia Cristina Wegner<\/td><td>rubicawegner@gmail.com<\/td><\/tr><\/tbody><\/table><\/figure>\n","protected":false},"excerpt":{"rendered":"<p>O DeCE \u00e9 o Departamento de Ci\u00eancias Econ\u00f4micas do Instituto de Ci\u00eancias Sociais Aplicadas \u2013 ICSA da UFRRJ. Chefe: Cleber <a class=\"read-more\" href=\"https:\/\/institutos.ufrrj.br\/icsa\/dece\/\">&#8230; <em>leia mais <\/em> <i class=\"fa fa-long-arrow-right\"><\/i><\/a><\/p>\n","protected":false},"author":22,"featured_media":0,"parent":0,"menu_order":0,"comment_status":"closed","ping_status":"closed","template":"","meta":{"_acf_changed":false,"_themeisle_gutenberg_block_has_review":false,"footnotes":"","_links_to":"","_links_to_target":""},"class_list":["post-203","page","type-page","status-publish","hentry"],"acf":[],"yoast_head":"<!-- This site is optimized with the Yoast SEO plugin v26.8 - https:\/\/yoast.com\/product\/yoast-seo-wordpress\/ -->\n<title>CI\u00caNCIAS ECON\u00d4MICAS - ICSA<\/title>\n<meta name=\"robots\" content=\"index, follow, max-snippet:-1, max-image-preview:large, max-video-preview:-1\" \/>\n<link rel=\"canonical\" href=\"https:\/\/institutos.ufrrj.br\/icsa\/dece\/\" \/>\n<meta property=\"og:locale\" content=\"pt_BR\" \/>\n<meta property=\"og:type\" content=\"article\" \/>\n<meta property=\"og:title\" content=\"CI\u00caNCIAS ECON\u00d4MICAS - ICSA\" \/>\n<meta property=\"og:description\" content=\"O DeCE \u00e9 o Departamento de Ci\u00eancias Econ\u00f4micas do Instituto de Ci\u00eancias Sociais Aplicadas \u2013 ICSA da UFRRJ. Chefe: Cleber ... leia mais\" \/>\n<meta property=\"og:url\" content=\"https:\/\/institutos.ufrrj.br\/icsa\/dece\/\" \/>\n<meta property=\"og:site_name\" content=\"ICSA\" \/>\n<meta property=\"article:publisher\" content=\"https:\/\/www.facebook.com\/ICSA-189767328193686\/\" \/>\n<meta property=\"article:modified_time\" content=\"2023-03-06T14:46:04+00:00\" \/>\n<meta name=\"twitter:card\" content=\"summary_large_image\" \/>\n<meta name=\"twitter:label1\" content=\"Est. tempo de leitura\" \/>\n\t<meta name=\"twitter:data1\" content=\"1 minuto\" \/>\n<script type=\"application\/ld+json\" class=\"yoast-schema-graph\">{\"@context\":\"https:\/\/schema.org\",\"@graph\":[{\"@type\":\"WebPage\",\"@id\":\"https:\/\/institutos.ufrrj.br\/icsa\/dece\/\",\"url\":\"https:\/\/institutos.ufrrj.br\/icsa\/dece\/\",\"name\":\"CI\u00caNCIAS ECON\u00d4MICAS - ICSA\",\"isPartOf\":{\"@id\":\"https:\/\/institutos.ufrrj.br\/icsa\/#website\"},\"datePublished\":\"2017-02-01T16:12:47+00:00\",\"dateModified\":\"2023-03-06T14:46:04+00:00\",\"breadcrumb\":{\"@id\":\"https:\/\/institutos.ufrrj.br\/icsa\/dece\/#breadcrumb\"},\"inLanguage\":\"pt-BR\",\"potentialAction\":[{\"@type\":\"ReadAction\",\"target\":[\"https:\/\/institutos.ufrrj.br\/icsa\/dece\/\"]}]},{\"@type\":\"BreadcrumbList\",\"@id\":\"https:\/\/institutos.ufrrj.br\/icsa\/dece\/#breadcrumb\",\"itemListElement\":[{\"@type\":\"ListItem\",\"position\":1,\"name\":\"In\u00edcio\",\"item\":\"https:\/\/institutos.ufrrj.br\/icsa\/\"},{\"@type\":\"ListItem\",\"position\":2,\"name\":\"CI\u00caNCIAS ECON\u00d4MICAS\"}]},{\"@type\":\"WebSite\",\"@id\":\"https:\/\/institutos.ufrrj.br\/icsa\/#website\",\"url\":\"https:\/\/institutos.ufrrj.br\/icsa\/\",\"name\":\"ICSA\",\"description\":\"Institutos de Ci\u00eancias Sociais Aplicadas\",\"publisher\":{\"@id\":\"https:\/\/institutos.ufrrj.br\/icsa\/#organization\"},\"potentialAction\":[{\"@type\":\"SearchAction\",\"target\":{\"@type\":\"EntryPoint\",\"urlTemplate\":\"https:\/\/institutos.ufrrj.br\/icsa\/?s={search_term_string}\"},\"query-input\":{\"@type\":\"PropertyValueSpecification\",\"valueRequired\":true,\"valueName\":\"search_term_string\"}}],\"inLanguage\":\"pt-BR\"},{\"@type\":\"Organization\",\"@id\":\"https:\/\/institutos.ufrrj.br\/icsa\/#organization\",\"name\":\"ICSA\",\"url\":\"https:\/\/institutos.ufrrj.br\/icsa\/\",\"logo\":{\"@type\":\"ImageObject\",\"inLanguage\":\"pt-BR\",\"@id\":\"https:\/\/institutos.ufrrj.br\/icsa\/#\/schema\/logo\/image\/\",\"url\":\"https:\/\/institutos.ufrrj.br\/icsa\/wp-content\/uploads\/sites\/101\/2023\/10\/logo_icsa_cor_horz_01-4-1.png\",\"contentUrl\":\"https:\/\/institutos.ufrrj.br\/icsa\/wp-content\/uploads\/sites\/101\/2023\/10\/logo_icsa_cor_horz_01-4-1.png\",\"width\":300,\"height\":101,\"caption\":\"ICSA\"},\"image\":{\"@id\":\"https:\/\/institutos.ufrrj.br\/icsa\/#\/schema\/logo\/image\/\"},\"sameAs\":[\"https:\/\/www.facebook.com\/ICSA-189767328193686\/\",\"https:\/\/www.instagram.com\/icsa.ufrrj\/\",\"https:\/\/www.youtube.com\/@icsaufrrj\"]}]}<\/script>\n<!-- \/ Yoast SEO plugin. -->","yoast_head_json":{"title":"CI\u00caNCIAS ECON\u00d4MICAS - ICSA","robots":{"index":"index","follow":"follow","max-snippet":"max-snippet:-1","max-image-preview":"max-image-preview:large","max-video-preview":"max-video-preview:-1"},"canonical":"https:\/\/institutos.ufrrj.br\/icsa\/dece\/","og_locale":"pt_BR","og_type":"article","og_title":"CI\u00caNCIAS ECON\u00d4MICAS - ICSA","og_description":"O DeCE \u00e9 o Departamento de Ci\u00eancias Econ\u00f4micas do Instituto de Ci\u00eancias Sociais Aplicadas \u2013 ICSA da UFRRJ. Chefe: Cleber ... leia mais","og_url":"https:\/\/institutos.ufrrj.br\/icsa\/dece\/","og_site_name":"ICSA","article_publisher":"https:\/\/www.facebook.com\/ICSA-189767328193686\/","article_modified_time":"2023-03-06T14:46:04+00:00","twitter_card":"summary_large_image","twitter_misc":{"Est. tempo de leitura":"1 minuto"},"schema":{"@context":"https:\/\/schema.org","@graph":[{"@type":"WebPage","@id":"https:\/\/institutos.ufrrj.br\/icsa\/dece\/","url":"https:\/\/institutos.ufrrj.br\/icsa\/dece\/","name":"CI\u00caNCIAS ECON\u00d4MICAS - ICSA","isPartOf":{"@id":"https:\/\/institutos.ufrrj.br\/icsa\/#website"},"datePublished":"2017-02-01T16:12:47+00:00","dateModified":"2023-03-06T14:46:04+00:00","breadcrumb":{"@id":"https:\/\/institutos.ufrrj.br\/icsa\/dece\/#breadcrumb"},"inLanguage":"pt-BR","potentialAction":[{"@type":"ReadAction","target":["https:\/\/institutos.ufrrj.br\/icsa\/dece\/"]}]},{"@type":"BreadcrumbList","@id":"https:\/\/institutos.ufrrj.br\/icsa\/dece\/#breadcrumb","itemListElement":[{"@type":"ListItem","position":1,"name":"In\u00edcio","item":"https:\/\/institutos.ufrrj.br\/icsa\/"},{"@type":"ListItem","position":2,"name":"CI\u00caNCIAS ECON\u00d4MICAS"}]},{"@type":"WebSite","@id":"https:\/\/institutos.ufrrj.br\/icsa\/#website","url":"https:\/\/institutos.ufrrj.br\/icsa\/","name":"ICSA","description":"Institutos de Ci\u00eancias Sociais Aplicadas","publisher":{"@id":"https:\/\/institutos.ufrrj.br\/icsa\/#organization"},"potentialAction":[{"@type":"SearchAction","target":{"@type":"EntryPoint","urlTemplate":"https:\/\/institutos.ufrrj.br\/icsa\/?s={search_term_string}"},"query-input":{"@type":"PropertyValueSpecification","valueRequired":true,"valueName":"search_term_string"}}],"inLanguage":"pt-BR"},{"@type":"Organization","@id":"https:\/\/institutos.ufrrj.br\/icsa\/#organization","name":"ICSA","url":"https:\/\/institutos.ufrrj.br\/icsa\/","logo":{"@type":"ImageObject","inLanguage":"pt-BR","@id":"https:\/\/institutos.ufrrj.br\/icsa\/#\/schema\/logo\/image\/","url":"https:\/\/institutos.ufrrj.br\/icsa\/wp-content\/uploads\/sites\/101\/2023\/10\/logo_icsa_cor_horz_01-4-1.png","contentUrl":"https:\/\/institutos.ufrrj.br\/icsa\/wp-content\/uploads\/sites\/101\/2023\/10\/logo_icsa_cor_horz_01-4-1.png","width":300,"height":101,"caption":"ICSA"},"image":{"@id":"https:\/\/institutos.ufrrj.br\/icsa\/#\/schema\/logo\/image\/"},"sameAs":["https:\/\/www.facebook.com\/ICSA-189767328193686\/","https:\/\/www.instagram.com\/icsa.ufrrj\/","https:\/\/www.youtube.com\/@icsaufrrj"]}]}},"_links":{"self":[{"href":"https:\/\/institutos.ufrrj.br\/icsa\/wp-json\/wp\/v2\/pages\/203","targetHints":{"allow":["GET"]}}],"collection":[{"href":"https:\/\/institutos.ufrrj.br\/icsa\/wp-json\/wp\/v2\/pages"}],"about":[{"href":"https:\/\/institutos.ufrrj.br\/icsa\/wp-json\/wp\/v2\/types\/page"}],"author":[{"embeddable":true,"href":"https:\/\/institutos.ufrrj.br\/icsa\/wp-json\/wp\/v2\/users\/22"}],"replies":[{"embeddable":true,"href":"https:\/\/institutos.ufrrj.br\/icsa\/wp-json\/wp\/v2\/comments?post=203"}],"version-history":[{"count":14,"href":"https:\/\/institutos.ufrrj.br\/icsa\/wp-json\/wp\/v2\/pages\/203\/revisions"}],"predecessor-version":[{"id":5844,"href":"https:\/\/institutos.ufrrj.br\/icsa\/wp-json\/wp\/v2\/pages\/203\/revisions\/5844"}],"wp:attachment":[{"href":"https:\/\/institutos.ufrrj.br\/icsa\/wp-json\/wp\/v2\/media?parent=203"}],"curies":[{"name":"wp","href":"https:\/\/api.w.org\/{rel}","templated":true}]}}