{"id":231,"date":"2017-02-01T16:45:27","date_gmt":"2017-02-01T16:45:27","guid":{"rendered":"http:\/\/institutos.ufrrj.br\/icsa\/?page_id=231"},"modified":"2025-08-26T14:23:44","modified_gmt":"2025-08-26T17:23:44","slug":"diretoria","status":"publish","type":"page","link":"https:\/\/institutos.ufrrj.br\/icsa\/diretoria\/","title":{"rendered":""},"content":{"rendered":"<p>Concebido em 2013, por meio da Delibera\u00e7\u00e3o n\u00ba 60, de 30 de julho de 2013, a Dire\u00e7\u00e3o do Instituto de Ci\u00eancias Sociais Aplicadas (ICSA) tem sob sua responsabilidade principal coordenar, fiscalizar e superintender as atividades desenvolvidas em seu espa\u00e7o institucional. Ademais, o artigo 67 do Regimento da UFRRJ \u2013 clique <strong><a href=\"https:\/\/institucional.ufrrj.br\/soc\/files\/2018\/10\/Delib015CONSU2012Regimento.pdf\">aqui<\/a> <\/strong>\u2013 lista todas as compet\u00eancias\/responsabilidades dos Diretores da UFRRJ. No que tange sua composi\u00e7\u00e3o, a Dire\u00e7\u00e3o ICSA teve as seguintes forma\u00e7\u00f5es:<\/p>\n<hr \/>\n<p><strong>DIRE\u00c7\u00c3O ICSA (2023\/2027):<\/strong><br \/>\n<strong>Diretor<\/strong>: Prof. Dr. Rodrigo Amado dos Santos \/ <strong><a href=\"https:\/\/institutos.ufrrj.br\/icsa\/wp-content\/uploads\/sites\/101\/2024\/01\/Portaria-de-Designacao-Diretor-Rodrigo-1.pdf\">Portaria de Designa\u00e7\u00e3o<\/a><\/strong><br \/>\n<strong>Vice Diretor<\/strong>: Prof. Dr. Caio Peixoto Chain \/ <a href=\"https:\/\/institutos.ufrrj.br\/icsa\/wp-content\/uploads\/sites\/101\/2024\/01\/Portaria-de-Designacao-Vice-Diretor-Caio-Chain.pdf\"><strong>Portaria de Designa\u00e7\u00e3o<\/strong><\/a><br \/>\n<strong>Secretaria<\/strong> Administrativa: Wanderson C\u00e9sar dos Santos \u2013 E-mail: icsa@ufrrj.br<\/p>\n<hr \/>\n<p><strong>DIRE\u00c7\u00c3O ICSA (2015\/2023):<\/strong><br \/>\n<strong>Diretor<\/strong>: Prof. Dr. Daniel Ribeiro de Oliveira<br \/>\n<strong>Vices-Diretores<\/strong>: Prof. Dr. Saulo Barbar\u00e1 de Oliveira; Profa. Dra. Patr\u00edcia Oliveira de Freitas; Prof. Dr. Gustavo Lopes Olivares; e Prof. Dr. Rodrigo Amado dos Santos<\/p>\n<hr \/>\n<p><strong>DIRE\u00c7\u00c3O ICSA (2013\/2015):<\/strong><br \/>\n<strong>Diretor<\/strong>: Prof. Dr. Marco Ant\u00f4nio Ferreira de Souza<br \/>\n<strong>Vice-Diretores<\/strong>: Profa. Dra. Lenice Freiman de Oliveira; e Prof. Dr. Daniel Ribeiro de Oliveira<\/p>\n","protected":false},"excerpt":{"rendered":"<p>Concebido em 2013, por meio da Delibera\u00e7\u00e3o n\u00ba 60, de 30 de julho de 2013, a Dire\u00e7\u00e3o do Instituto de <a class=\"read-more\" href=\"https:\/\/institutos.ufrrj.br\/icsa\/diretoria\/\">&#8230; <em>leia mais <\/em> <i class=\"fa fa-long-arrow-right\"><\/i><\/a><\/p>\n","protected":false},"author":22,"featured_media":0,"parent":0,"menu_order":0,"comment_status":"closed","ping_status":"closed","template":"","meta":{"_acf_changed":false,"_themeisle_gutenberg_block_has_review":false,"footnotes":"","_links_to":"","_links_to_target":""},"class_list":["post-231","page","type-page","status-publish","hentry"],"acf":[],"yoast_head":"<!-- This site is optimized with the Yoast SEO plugin v26.8 - https:\/\/yoast.com\/product\/yoast-seo-wordpress\/ -->\n<title>- ICSA<\/title>\n<meta name=\"robots\" content=\"index, follow, max-snippet:-1, max-image-preview:large, max-video-preview:-1\" \/>\n<link rel=\"canonical\" href=\"https:\/\/institutos.ufrrj.br\/icsa\/diretoria\/\" \/>\n<meta property=\"og:locale\" content=\"pt_BR\" \/>\n<meta property=\"og:type\" content=\"article\" \/>\n<meta property=\"og:title\" content=\"- ICSA\" \/>\n<meta property=\"og:description\" content=\"Concebido em 2013, por meio da Delibera\u00e7\u00e3o n\u00ba 60, de 30 de julho de 2013, a Dire\u00e7\u00e3o do Instituto de ... leia mais\" \/>\n<meta property=\"og:url\" content=\"https:\/\/institutos.ufrrj.br\/icsa\/diretoria\/\" \/>\n<meta property=\"og:site_name\" content=\"ICSA\" \/>\n<meta property=\"article:publisher\" content=\"https:\/\/www.facebook.com\/ICSA-189767328193686\/\" \/>\n<meta property=\"article:modified_time\" content=\"2025-08-26T17:23:44+00:00\" \/>\n<meta name=\"twitter:card\" content=\"summary_large_image\" \/>\n<meta name=\"twitter:label1\" content=\"Est. tempo de leitura\" \/>\n\t<meta name=\"twitter:data1\" content=\"1 minuto\" \/>\n<script type=\"application\/ld+json\" class=\"yoast-schema-graph\">{\"@context\":\"https:\/\/schema.org\",\"@graph\":[{\"@type\":\"WebPage\",\"@id\":\"https:\/\/institutos.ufrrj.br\/icsa\/diretoria\/\",\"url\":\"https:\/\/institutos.ufrrj.br\/icsa\/diretoria\/\",\"name\":\"- ICSA\",\"isPartOf\":{\"@id\":\"https:\/\/institutos.ufrrj.br\/icsa\/#website\"},\"datePublished\":\"2017-02-01T16:45:27+00:00\",\"dateModified\":\"2025-08-26T17:23:44+00:00\",\"inLanguage\":\"pt-BR\",\"potentialAction\":[{\"@type\":\"ReadAction\",\"target\":[\"https:\/\/institutos.ufrrj.br\/icsa\/diretoria\/\"]}]},{\"@type\":\"WebSite\",\"@id\":\"https:\/\/institutos.ufrrj.br\/icsa\/#website\",\"url\":\"https:\/\/institutos.ufrrj.br\/icsa\/\",\"name\":\"ICSA\",\"description\":\"Institutos de Ci\u00eancias Sociais Aplicadas\",\"publisher\":{\"@id\":\"https:\/\/institutos.ufrrj.br\/icsa\/#organization\"},\"potentialAction\":[{\"@type\":\"SearchAction\",\"target\":{\"@type\":\"EntryPoint\",\"urlTemplate\":\"https:\/\/institutos.ufrrj.br\/icsa\/?s={search_term_string}\"},\"query-input\":{\"@type\":\"PropertyValueSpecification\",\"valueRequired\":true,\"valueName\":\"search_term_string\"}}],\"inLanguage\":\"pt-BR\"},{\"@type\":\"Organization\",\"@id\":\"https:\/\/institutos.ufrrj.br\/icsa\/#organization\",\"name\":\"ICSA\",\"url\":\"https:\/\/institutos.ufrrj.br\/icsa\/\",\"logo\":{\"@type\":\"ImageObject\",\"inLanguage\":\"pt-BR\",\"@id\":\"https:\/\/institutos.ufrrj.br\/icsa\/#\/schema\/logo\/image\/\",\"url\":\"https:\/\/institutos.ufrrj.br\/icsa\/wp-content\/uploads\/sites\/101\/2023\/10\/logo_icsa_cor_horz_01-4-1.png\",\"contentUrl\":\"https:\/\/institutos.ufrrj.br\/icsa\/wp-content\/uploads\/sites\/101\/2023\/10\/logo_icsa_cor_horz_01-4-1.png\",\"width\":300,\"height\":101,\"caption\":\"ICSA\"},\"image\":{\"@id\":\"https:\/\/institutos.ufrrj.br\/icsa\/#\/schema\/logo\/image\/\"},\"sameAs\":[\"https:\/\/www.facebook.com\/ICSA-189767328193686\/\",\"https:\/\/www.instagram.com\/icsa.ufrrj\/\",\"https:\/\/www.youtube.com\/@icsaufrrj\"]}]}<\/script>\n<!-- \/ Yoast SEO plugin. -->","yoast_head_json":{"title":"- ICSA","robots":{"index":"index","follow":"follow","max-snippet":"max-snippet:-1","max-image-preview":"max-image-preview:large","max-video-preview":"max-video-preview:-1"},"canonical":"https:\/\/institutos.ufrrj.br\/icsa\/diretoria\/","og_locale":"pt_BR","og_type":"article","og_title":"- ICSA","og_description":"Concebido em 2013, por meio da Delibera\u00e7\u00e3o n\u00ba 60, de 30 de julho de 2013, a Dire\u00e7\u00e3o do Instituto de ... leia mais","og_url":"https:\/\/institutos.ufrrj.br\/icsa\/diretoria\/","og_site_name":"ICSA","article_publisher":"https:\/\/www.facebook.com\/ICSA-189767328193686\/","article_modified_time":"2025-08-26T17:23:44+00:00","twitter_card":"summary_large_image","twitter_misc":{"Est. tempo de leitura":"1 minuto"},"schema":{"@context":"https:\/\/schema.org","@graph":[{"@type":"WebPage","@id":"https:\/\/institutos.ufrrj.br\/icsa\/diretoria\/","url":"https:\/\/institutos.ufrrj.br\/icsa\/diretoria\/","name":"- ICSA","isPartOf":{"@id":"https:\/\/institutos.ufrrj.br\/icsa\/#website"},"datePublished":"2017-02-01T16:45:27+00:00","dateModified":"2025-08-26T17:23:44+00:00","inLanguage":"pt-BR","potentialAction":[{"@type":"ReadAction","target":["https:\/\/institutos.ufrrj.br\/icsa\/diretoria\/"]}]},{"@type":"WebSite","@id":"https:\/\/institutos.ufrrj.br\/icsa\/#website","url":"https:\/\/institutos.ufrrj.br\/icsa\/","name":"ICSA","description":"Institutos de Ci\u00eancias Sociais Aplicadas","publisher":{"@id":"https:\/\/institutos.ufrrj.br\/icsa\/#organization"},"potentialAction":[{"@type":"SearchAction","target":{"@type":"EntryPoint","urlTemplate":"https:\/\/institutos.ufrrj.br\/icsa\/?s={search_term_string}"},"query-input":{"@type":"PropertyValueSpecification","valueRequired":true,"valueName":"search_term_string"}}],"inLanguage":"pt-BR"},{"@type":"Organization","@id":"https:\/\/institutos.ufrrj.br\/icsa\/#organization","name":"ICSA","url":"https:\/\/institutos.ufrrj.br\/icsa\/","logo":{"@type":"ImageObject","inLanguage":"pt-BR","@id":"https:\/\/institutos.ufrrj.br\/icsa\/#\/schema\/logo\/image\/","url":"https:\/\/institutos.ufrrj.br\/icsa\/wp-content\/uploads\/sites\/101\/2023\/10\/logo_icsa_cor_horz_01-4-1.png","contentUrl":"https:\/\/institutos.ufrrj.br\/icsa\/wp-content\/uploads\/sites\/101\/2023\/10\/logo_icsa_cor_horz_01-4-1.png","width":300,"height":101,"caption":"ICSA"},"image":{"@id":"https:\/\/institutos.ufrrj.br\/icsa\/#\/schema\/logo\/image\/"},"sameAs":["https:\/\/www.facebook.com\/ICSA-189767328193686\/","https:\/\/www.instagram.com\/icsa.ufrrj\/","https:\/\/www.youtube.com\/@icsaufrrj"]}]}},"_links":{"self":[{"href":"https:\/\/institutos.ufrrj.br\/icsa\/wp-json\/wp\/v2\/pages\/231","targetHints":{"allow":["GET"]}}],"collection":[{"href":"https:\/\/institutos.ufrrj.br\/icsa\/wp-json\/wp\/v2\/pages"}],"about":[{"href":"https:\/\/institutos.ufrrj.br\/icsa\/wp-json\/wp\/v2\/types\/page"}],"author":[{"embeddable":true,"href":"https:\/\/institutos.ufrrj.br\/icsa\/wp-json\/wp\/v2\/users\/22"}],"replies":[{"embeddable":true,"href":"https:\/\/institutos.ufrrj.br\/icsa\/wp-json\/wp\/v2\/comments?post=231"}],"version-history":[{"count":43,"href":"https:\/\/institutos.ufrrj.br\/icsa\/wp-json\/wp\/v2\/pages\/231\/revisions"}],"predecessor-version":[{"id":9347,"href":"https:\/\/institutos.ufrrj.br\/icsa\/wp-json\/wp\/v2\/pages\/231\/revisions\/9347"}],"wp:attachment":[{"href":"https:\/\/institutos.ufrrj.br\/icsa\/wp-json\/wp\/v2\/media?parent=231"}],"curies":[{"name":"wp","href":"https:\/\/api.w.org\/{rel}","templated":true}]}}