{"id":2399,"date":"2018-07-22T20:33:26","date_gmt":"2018-07-22T20:33:26","guid":{"rendered":"http:\/\/institutos.ufrrj.br\/icsa\/?page_id=2399"},"modified":"2018-09-18T17:08:35","modified_gmt":"2018-09-18T17:08:35","slug":"colegiado-do-departamento-de-administracao-publica","status":"publish","type":"page","link":"https:\/\/institutos.ufrrj.br\/icsa\/colegiado-do-departamento-de-administracao-publica\/","title":{"rendered":"Colegiado do Departamento de Administra\u00e7\u00e3o P\u00fablica"},"content":{"rendered":"<p>Art. 81 \u2013 O Colegiado do Departamento \u00e9 o \u00f3rg\u00e3o de consulta e delibera\u00e7\u00e3o coletiva do\u00a0Departamento em assuntos acad\u00eamicos, administrativos e disciplinares.<\/p>\n<p>Art. 82 \u2013 Compete ao Colegiado do Departamento:<\/p>\n<p>I \u2013 exercer, na qualidade de \u00f3rg\u00e3o deliberativo, a jurisdi\u00e7\u00e3o no \u00e2mbito do Departamento;<br \/>\nII \u2013 organizar a escolha do Chefe e do Vice-Chefe, de acordo com o disposto neste\u00a0Regimento;<br \/>\nIII \u2013 propor a concess\u00e3o de t\u00edtulos honor\u00edficos e outras dignidades universit\u00e1rias;<br \/>\nIV \u2013 elaborar e aprovar o Plano Anual das Atividades do Departamento para o exerc\u00edcio\u00a0seguinte;<br \/>\nV \u2013 promover a articula\u00e7\u00e3o e a compatibiliza\u00e7\u00e3o das atividades e planos de trabalho\u00a0acad\u00eamicos do Departamento;<br \/>\nVI \u2013 avaliar o relat\u00f3rio das atividades desenvolvidas no Departamento, encaminhado pela\u00a0Chefia;<br \/>\nVII \u2013 avaliar o desempenho global do Departamento;<br \/>\nVIII \u2013 avaliar, no \u00e2mbito do Departamento, as pol\u00edticas de desenvolvimento de pessoal\u00a0adotadas pela Universidade;<br \/>\nIX \u2013 aprovar diretrizes sobre assuntos de ordem acad\u00eamica e infraestrutura;<br \/>\nX \u2013 avaliar propostas relativas \u00e0 admiss\u00e3o, dispensa, transfer\u00eancia e remo\u00e7\u00e3o de servidor para\u00a0encaminhamento ao CONSUNI;<br \/>\nXI \u2013 aprovar a cria\u00e7\u00e3o de disciplinas para encaminhamento ao CONSUNI e a atualiza\u00e7\u00e3o\u00a0peri\u00f3dica dos programas das disciplinas em intera\u00e7\u00e3o com os colegiados de cursos;<br \/>\nXII \u2013 aprovar projetos de ensino, pesquisa e extens\u00e3o;<br \/>\nXIII \u2013 aprovar bancas de concursos p\u00fablicos para docentes;<br \/>\nXIV \u2013 aprovar bancas de processo seletivo para docentes substitutos;<br \/>\nXV \u2013 aprovar pedidos de afastamento de docentes e t\u00e9cnico-administrativos;<br \/>\nXVI \u2013 avaliar os pedidos de progress\u00e3o de docentes;<br \/>\nXVII \u2013 julgar os recursos de sua compet\u00eancia;<br \/>\nXVIII \u2013 manifestar-se sobre qualquer mat\u00e9ria da compet\u00eancia do Chefe, quando por ele solicitado<\/p>\n<p>Art. 83 \u2013 O Colegiado do Departamento \u00e9 composto por:<\/p>\n<p>a) Chefe;<br \/>\nb) Vice-Chefe;<br \/>\nc) todos os docentes lotados no Departamento;<br \/>\nd) at\u00e9 dez por cento do colegiado constitu\u00eddo por representantes dos t\u00e9cnico-administrativos<br \/>\nlotados no Departamento;<br \/>\ne) vinte por cento do colegiado constitu\u00eddo por representantes discentes dos cursos do mesmo<br \/>\nInstituto, para os quais o Departamento oferece disciplinas.<\/p>\n<p>\u00a7 1\u00ba \u2013 O Colegiado do Departamento tem reuni\u00f5es ordin\u00e1rias mensais e extraordin\u00e1rias por<br \/>\nconvoca\u00e7\u00e3o de seu presidente ou por decis\u00e3o de dois ter\u00e7os de seus membros.<\/p>\n<p>\u00a7 2\u00ba \u2013 O Colegiado do Departamento pode propor ao CONSU alterar a representa\u00e7\u00e3o de que<br \/>\ntrata a al\u00ednea \u201ce\u201d, mantida a participa\u00e7\u00e3o em vinte por cento do colegiado.<\/p>\n","protected":false},"excerpt":{"rendered":"<p>Art. 81 \u2013 O Colegiado do Departamento \u00e9 o \u00f3rg\u00e3o de consulta e delibera\u00e7\u00e3o coletiva do\u00a0Departamento em assuntos acad\u00eamicos, administrativos <a class=\"read-more\" href=\"https:\/\/institutos.ufrrj.br\/icsa\/colegiado-do-departamento-de-administracao-publica\/\">&#8230; <em>leia mais <\/em> <i class=\"fa fa-long-arrow-right\"><\/i><\/a><\/p>\n","protected":false},"author":37,"featured_media":0,"parent":0,"menu_order":0,"comment_status":"closed","ping_status":"closed","template":"","meta":{"_acf_changed":false,"_themeisle_gutenberg_block_has_review":false,"footnotes":"","_links_to":"","_links_to_target":""},"class_list":["post-2399","page","type-page","status-publish","hentry"],"acf":[],"yoast_head":"<!-- This site is optimized with the Yoast SEO plugin v26.8 - https:\/\/yoast.com\/product\/yoast-seo-wordpress\/ -->\n<title>Colegiado do Departamento de Administra\u00e7\u00e3o P\u00fablica - ICSA<\/title>\n<meta name=\"robots\" content=\"index, follow, max-snippet:-1, max-image-preview:large, max-video-preview:-1\" \/>\n<link rel=\"canonical\" href=\"https:\/\/institutos.ufrrj.br\/icsa\/colegiado-do-departamento-de-administracao-publica\/\" \/>\n<meta property=\"og:locale\" content=\"pt_BR\" \/>\n<meta property=\"og:type\" content=\"article\" \/>\n<meta property=\"og:title\" content=\"Colegiado do Departamento de Administra\u00e7\u00e3o P\u00fablica - ICSA\" \/>\n<meta property=\"og:description\" content=\"Art. 81 \u2013 O Colegiado do Departamento \u00e9 o \u00f3rg\u00e3o de consulta e delibera\u00e7\u00e3o coletiva do\u00a0Departamento em assuntos acad\u00eamicos, administrativos ... leia mais\" \/>\n<meta property=\"og:url\" content=\"https:\/\/institutos.ufrrj.br\/icsa\/colegiado-do-departamento-de-administracao-publica\/\" \/>\n<meta property=\"og:site_name\" content=\"ICSA\" \/>\n<meta property=\"article:publisher\" content=\"https:\/\/www.facebook.com\/ICSA-189767328193686\/\" \/>\n<meta property=\"article:modified_time\" content=\"2018-09-18T17:08:35+00:00\" \/>\n<meta name=\"twitter:card\" content=\"summary_large_image\" \/>\n<meta name=\"twitter:label1\" content=\"Est. tempo de leitura\" \/>\n\t<meta name=\"twitter:data1\" content=\"2 minutos\" \/>\n<script type=\"application\/ld+json\" class=\"yoast-schema-graph\">{\"@context\":\"https:\/\/schema.org\",\"@graph\":[{\"@type\":\"WebPage\",\"@id\":\"https:\/\/institutos.ufrrj.br\/icsa\/colegiado-do-departamento-de-administracao-publica\/\",\"url\":\"https:\/\/institutos.ufrrj.br\/icsa\/colegiado-do-departamento-de-administracao-publica\/\",\"name\":\"Colegiado do Departamento de Administra\u00e7\u00e3o P\u00fablica - ICSA\",\"isPartOf\":{\"@id\":\"https:\/\/institutos.ufrrj.br\/icsa\/#website\"},\"datePublished\":\"2018-07-22T20:33:26+00:00\",\"dateModified\":\"2018-09-18T17:08:35+00:00\",\"breadcrumb\":{\"@id\":\"https:\/\/institutos.ufrrj.br\/icsa\/colegiado-do-departamento-de-administracao-publica\/#breadcrumb\"},\"inLanguage\":\"pt-BR\",\"potentialAction\":[{\"@type\":\"ReadAction\",\"target\":[\"https:\/\/institutos.ufrrj.br\/icsa\/colegiado-do-departamento-de-administracao-publica\/\"]}]},{\"@type\":\"BreadcrumbList\",\"@id\":\"https:\/\/institutos.ufrrj.br\/icsa\/colegiado-do-departamento-de-administracao-publica\/#breadcrumb\",\"itemListElement\":[{\"@type\":\"ListItem\",\"position\":1,\"name\":\"In\u00edcio\",\"item\":\"https:\/\/institutos.ufrrj.br\/icsa\/\"},{\"@type\":\"ListItem\",\"position\":2,\"name\":\"Colegiado do Departamento de Administra\u00e7\u00e3o P\u00fablica\"}]},{\"@type\":\"WebSite\",\"@id\":\"https:\/\/institutos.ufrrj.br\/icsa\/#website\",\"url\":\"https:\/\/institutos.ufrrj.br\/icsa\/\",\"name\":\"ICSA\",\"description\":\"Institutos de Ci\u00eancias Sociais Aplicadas\",\"publisher\":{\"@id\":\"https:\/\/institutos.ufrrj.br\/icsa\/#organization\"},\"potentialAction\":[{\"@type\":\"SearchAction\",\"target\":{\"@type\":\"EntryPoint\",\"urlTemplate\":\"https:\/\/institutos.ufrrj.br\/icsa\/?s={search_term_string}\"},\"query-input\":{\"@type\":\"PropertyValueSpecification\",\"valueRequired\":true,\"valueName\":\"search_term_string\"}}],\"inLanguage\":\"pt-BR\"},{\"@type\":\"Organization\",\"@id\":\"https:\/\/institutos.ufrrj.br\/icsa\/#organization\",\"name\":\"ICSA\",\"url\":\"https:\/\/institutos.ufrrj.br\/icsa\/\",\"logo\":{\"@type\":\"ImageObject\",\"inLanguage\":\"pt-BR\",\"@id\":\"https:\/\/institutos.ufrrj.br\/icsa\/#\/schema\/logo\/image\/\",\"url\":\"https:\/\/institutos.ufrrj.br\/icsa\/wp-content\/uploads\/sites\/101\/2023\/10\/logo_icsa_cor_horz_01-4-1.png\",\"contentUrl\":\"https:\/\/institutos.ufrrj.br\/icsa\/wp-content\/uploads\/sites\/101\/2023\/10\/logo_icsa_cor_horz_01-4-1.png\",\"width\":300,\"height\":101,\"caption\":\"ICSA\"},\"image\":{\"@id\":\"https:\/\/institutos.ufrrj.br\/icsa\/#\/schema\/logo\/image\/\"},\"sameAs\":[\"https:\/\/www.facebook.com\/ICSA-189767328193686\/\",\"https:\/\/www.instagram.com\/icsa.ufrrj\/\",\"https:\/\/www.youtube.com\/@icsaufrrj\"]}]}<\/script>\n<!-- \/ Yoast SEO plugin. -->","yoast_head_json":{"title":"Colegiado do Departamento de Administra\u00e7\u00e3o P\u00fablica - ICSA","robots":{"index":"index","follow":"follow","max-snippet":"max-snippet:-1","max-image-preview":"max-image-preview:large","max-video-preview":"max-video-preview:-1"},"canonical":"https:\/\/institutos.ufrrj.br\/icsa\/colegiado-do-departamento-de-administracao-publica\/","og_locale":"pt_BR","og_type":"article","og_title":"Colegiado do Departamento de Administra\u00e7\u00e3o P\u00fablica - ICSA","og_description":"Art. 81 \u2013 O Colegiado do Departamento \u00e9 o \u00f3rg\u00e3o de consulta e delibera\u00e7\u00e3o coletiva do\u00a0Departamento em assuntos acad\u00eamicos, administrativos ... leia mais","og_url":"https:\/\/institutos.ufrrj.br\/icsa\/colegiado-do-departamento-de-administracao-publica\/","og_site_name":"ICSA","article_publisher":"https:\/\/www.facebook.com\/ICSA-189767328193686\/","article_modified_time":"2018-09-18T17:08:35+00:00","twitter_card":"summary_large_image","twitter_misc":{"Est. tempo de leitura":"2 minutos"},"schema":{"@context":"https:\/\/schema.org","@graph":[{"@type":"WebPage","@id":"https:\/\/institutos.ufrrj.br\/icsa\/colegiado-do-departamento-de-administracao-publica\/","url":"https:\/\/institutos.ufrrj.br\/icsa\/colegiado-do-departamento-de-administracao-publica\/","name":"Colegiado do Departamento de Administra\u00e7\u00e3o P\u00fablica - ICSA","isPartOf":{"@id":"https:\/\/institutos.ufrrj.br\/icsa\/#website"},"datePublished":"2018-07-22T20:33:26+00:00","dateModified":"2018-09-18T17:08:35+00:00","breadcrumb":{"@id":"https:\/\/institutos.ufrrj.br\/icsa\/colegiado-do-departamento-de-administracao-publica\/#breadcrumb"},"inLanguage":"pt-BR","potentialAction":[{"@type":"ReadAction","target":["https:\/\/institutos.ufrrj.br\/icsa\/colegiado-do-departamento-de-administracao-publica\/"]}]},{"@type":"BreadcrumbList","@id":"https:\/\/institutos.ufrrj.br\/icsa\/colegiado-do-departamento-de-administracao-publica\/#breadcrumb","itemListElement":[{"@type":"ListItem","position":1,"name":"In\u00edcio","item":"https:\/\/institutos.ufrrj.br\/icsa\/"},{"@type":"ListItem","position":2,"name":"Colegiado do Departamento de Administra\u00e7\u00e3o P\u00fablica"}]},{"@type":"WebSite","@id":"https:\/\/institutos.ufrrj.br\/icsa\/#website","url":"https:\/\/institutos.ufrrj.br\/icsa\/","name":"ICSA","description":"Institutos de Ci\u00eancias Sociais Aplicadas","publisher":{"@id":"https:\/\/institutos.ufrrj.br\/icsa\/#organization"},"potentialAction":[{"@type":"SearchAction","target":{"@type":"EntryPoint","urlTemplate":"https:\/\/institutos.ufrrj.br\/icsa\/?s={search_term_string}"},"query-input":{"@type":"PropertyValueSpecification","valueRequired":true,"valueName":"search_term_string"}}],"inLanguage":"pt-BR"},{"@type":"Organization","@id":"https:\/\/institutos.ufrrj.br\/icsa\/#organization","name":"ICSA","url":"https:\/\/institutos.ufrrj.br\/icsa\/","logo":{"@type":"ImageObject","inLanguage":"pt-BR","@id":"https:\/\/institutos.ufrrj.br\/icsa\/#\/schema\/logo\/image\/","url":"https:\/\/institutos.ufrrj.br\/icsa\/wp-content\/uploads\/sites\/101\/2023\/10\/logo_icsa_cor_horz_01-4-1.png","contentUrl":"https:\/\/institutos.ufrrj.br\/icsa\/wp-content\/uploads\/sites\/101\/2023\/10\/logo_icsa_cor_horz_01-4-1.png","width":300,"height":101,"caption":"ICSA"},"image":{"@id":"https:\/\/institutos.ufrrj.br\/icsa\/#\/schema\/logo\/image\/"},"sameAs":["https:\/\/www.facebook.com\/ICSA-189767328193686\/","https:\/\/www.instagram.com\/icsa.ufrrj\/","https:\/\/www.youtube.com\/@icsaufrrj"]}]}},"_links":{"self":[{"href":"https:\/\/institutos.ufrrj.br\/icsa\/wp-json\/wp\/v2\/pages\/2399","targetHints":{"allow":["GET"]}}],"collection":[{"href":"https:\/\/institutos.ufrrj.br\/icsa\/wp-json\/wp\/v2\/pages"}],"about":[{"href":"https:\/\/institutos.ufrrj.br\/icsa\/wp-json\/wp\/v2\/types\/page"}],"author":[{"embeddable":true,"href":"https:\/\/institutos.ufrrj.br\/icsa\/wp-json\/wp\/v2\/users\/37"}],"replies":[{"embeddable":true,"href":"https:\/\/institutos.ufrrj.br\/icsa\/wp-json\/wp\/v2\/comments?post=2399"}],"version-history":[{"count":3,"href":"https:\/\/institutos.ufrrj.br\/icsa\/wp-json\/wp\/v2\/pages\/2399\/revisions"}],"predecessor-version":[{"id":2402,"href":"https:\/\/institutos.ufrrj.br\/icsa\/wp-json\/wp\/v2\/pages\/2399\/revisions\/2402"}],"wp:attachment":[{"href":"https:\/\/institutos.ufrrj.br\/icsa\/wp-json\/wp\/v2\/media?parent=2399"}],"curies":[{"name":"wp","href":"https:\/\/api.w.org\/{rel}","templated":true}]}}