{"id":2414,"date":"2018-11-06T16:27:16","date_gmt":"2018-11-06T16:27:16","guid":{"rendered":"http:\/\/institutos.ufrrj.br\/icsa\/?page_id=2414"},"modified":"2024-08-28T14:45:18","modified_gmt":"2024-08-28T17:45:18","slug":"disciplinas","status":"publish","type":"page","link":"https:\/\/institutos.ufrrj.br\/icsa\/dap\/disciplinas\/","title":{"rendered":"Matriz Curricular e disciplinas"},"content":{"rendered":"\n<p>O curso de Administra\u00e7\u00e3o P\u00fablica da Universidade Federal Rural do Rio de Janeiro foi concebido e estruturado em um m\u00f3dulo de forma\u00e7\u00e3o b\u00e1sica e dois m\u00f3dulos de especializa\u00e7\u00e3o multidisciplinar. A forma\u00e7\u00e3o b\u00e1sica \u00e9 constitu\u00edda por disciplinas que visam propiciar ao aluno uma vis\u00e3o geral dos aspectos legais, sociais, econ\u00f4micos e pol\u00edticos que caracterizam a administra\u00e7\u00e3o brasileira, enquanto que a especializa\u00e7\u00e3o \u00e9 destinada \u00e0 forma\u00e7\u00e3o do Administrador P\u00fablico, direcionada por dois eixos: (1) Elabora\u00e7\u00e3o e Gest\u00e3o de Pol\u00edticas P\u00fablicas; e (2) Gest\u00e3o de Or\u00e7amento e Finan\u00e7as P\u00fablicas. Ao todo, o curso \u00e9 composto por 40 disciplinas, 37 obrigat\u00f3rias e 3 optativas, sendo que 18 mat\u00e9rias foram criadas para atender especificamente aos eixos de forma\u00e7\u00e3o e s\u00e3o ministradas a partir do quarto per\u00edodo letivo.<\/p>\n\n\n\n<p>Ao longo do curso s\u00e3o tamb\u00e9m ministradas as disciplinas integradoras que visam \u00e0 consolida\u00e7\u00e3o da base de conhecimentos dos m\u00f3dulos de especializa\u00e7\u00e3o. Essas disciplinas devem integrar os conhecimentos adquiridos e consolidar o aprendizado, uma vez que sua carga-hor\u00e1ria se divide em teoria e pr\u00e1tica, facilitando a realiza\u00e7\u00e3o de oficinas de car\u00e1ter pragm\u00e1tico. As disciplinas integradoras, juntamente com o Est\u00e1gio Curricular Supervisionado, possibilitam ao aluno empreender interven\u00e7\u00f5es nas organiza\u00e7\u00f5es com vista a compreender o seu processo de gest\u00e3o e propor iniciativas voltadas para a melhoria do seu desempenho.<\/p>\n\n\n\n<p>O conte\u00fado do Curso de Gradua\u00e7\u00e3o em Administra\u00e7\u00e3o P\u00fablica da UFRRJ est\u00e1 estruturado na forma de cr\u00e9ditos e em blocos (m\u00f3dulos) com caracter\u00edsticas afins visando sua aplicabilidade nas organiza\u00e7\u00f5es.<\/p>\n\n\n\n<p>Em 2013, come\u00e7ou-se a discutir a inclus\u00e3o do Trabalho de Conclus\u00e3o de Curso \u2013 TCC como requisito parcial, por\u00e9m obrigat\u00f3rio, para a forma\u00e7\u00e3o dos estudantes. A inclus\u00e3o do TCC na matriz curricular do curso foi amplamente debatida por professores e alunos no \u00e2mbito do colegiado do curso, que, ao final, deliberaram pela realiza\u00e7\u00e3o do TCC em dois per\u00edodos, com defesa p\u00fablica presencial perante uma banca de professores. Tal exig\u00eancia foi implementada a partir da turma que iniciou&nbsp; o curso no ano de 2014.<\/p>\n\n\n\n<p>Todas as informa\u00e7\u00f5es referente a matriz curricular e ementa das disciplinas est\u00e3o dispon\u00edveis no <a rel=\"noreferrer noopener\" href=\"https:\/\/institutos.ufrrj.br\/icsa\/wp-content\/uploads\/sites\/101\/2023\/05\/Projeto-Pedagogico-do-Curso-de-Graduacao-em-Administracao-Publica-2018_Biancca-2.pdf\" data-type=\"URL\" data-id=\"https:\/\/institutos.ufrrj.br\/icsa\/wp-content\/uploads\/sites\/101\/2023\/05\/Projeto-Pedagogico-do-Curso-de-Graduacao-em-Administracao-Publica-2018_Biancca-2.pdf\" target=\"_blank\">PPC (Projeto Pol\u00edtico Pedag\u00f3gico do Curso).<\/a><\/p>\n\n\n\n<p><\/p>\n","protected":false},"excerpt":{"rendered":"<p>O curso de Administra\u00e7\u00e3o P\u00fablica da Universidade Federal Rural do Rio de Janeiro foi concebido e estruturado em um m\u00f3dulo <a class=\"read-more\" href=\"https:\/\/institutos.ufrrj.br\/icsa\/dap\/disciplinas\/\">&#8230; <em>leia mais <\/em> <i class=\"fa fa-long-arrow-right\"><\/i><\/a><\/p>\n","protected":false},"author":20,"featured_media":0,"parent":197,"menu_order":0,"comment_status":"closed","ping_status":"closed","template":"","meta":{"_acf_changed":false,"_themeisle_gutenberg_block_has_review":false,"footnotes":"","_links_to":"","_links_to_target":""},"class_list":["post-2414","page","type-page","status-publish","hentry"],"acf":[],"yoast_head":"<!-- This site is optimized with the Yoast SEO plugin v26.8 - https:\/\/yoast.com\/product\/yoast-seo-wordpress\/ -->\n<title>Matriz Curricular e disciplinas - ICSA<\/title>\n<meta name=\"robots\" content=\"index, follow, max-snippet:-1, max-image-preview:large, max-video-preview:-1\" \/>\n<link rel=\"canonical\" href=\"https:\/\/institutos.ufrrj.br\/icsa\/dap\/disciplinas\/\" \/>\n<meta property=\"og:locale\" content=\"pt_BR\" \/>\n<meta property=\"og:type\" content=\"article\" \/>\n<meta property=\"og:title\" content=\"Matriz Curricular e disciplinas - ICSA\" \/>\n<meta property=\"og:description\" content=\"O curso de Administra\u00e7\u00e3o P\u00fablica da Universidade Federal Rural do Rio de Janeiro foi concebido e estruturado em um m\u00f3dulo ... leia mais\" \/>\n<meta property=\"og:url\" content=\"https:\/\/institutos.ufrrj.br\/icsa\/dap\/disciplinas\/\" \/>\n<meta property=\"og:site_name\" content=\"ICSA\" \/>\n<meta property=\"article:publisher\" content=\"https:\/\/www.facebook.com\/ICSA-189767328193686\/\" \/>\n<meta property=\"article:modified_time\" content=\"2024-08-28T17:45:18+00:00\" \/>\n<meta name=\"twitter:card\" content=\"summary_large_image\" \/>\n<meta name=\"twitter:label1\" content=\"Est. tempo de leitura\" \/>\n\t<meta name=\"twitter:data1\" content=\"2 minutos\" \/>\n<script type=\"application\/ld+json\" class=\"yoast-schema-graph\">{\"@context\":\"https:\/\/schema.org\",\"@graph\":[{\"@type\":\"WebPage\",\"@id\":\"https:\/\/institutos.ufrrj.br\/icsa\/dap\/disciplinas\/\",\"url\":\"https:\/\/institutos.ufrrj.br\/icsa\/dap\/disciplinas\/\",\"name\":\"Matriz Curricular e disciplinas - ICSA\",\"isPartOf\":{\"@id\":\"https:\/\/institutos.ufrrj.br\/icsa\/#website\"},\"datePublished\":\"2018-11-06T16:27:16+00:00\",\"dateModified\":\"2024-08-28T17:45:18+00:00\",\"breadcrumb\":{\"@id\":\"https:\/\/institutos.ufrrj.br\/icsa\/dap\/disciplinas\/#breadcrumb\"},\"inLanguage\":\"pt-BR\",\"potentialAction\":[{\"@type\":\"ReadAction\",\"target\":[\"https:\/\/institutos.ufrrj.br\/icsa\/dap\/disciplinas\/\"]}]},{\"@type\":\"BreadcrumbList\",\"@id\":\"https:\/\/institutos.ufrrj.br\/icsa\/dap\/disciplinas\/#breadcrumb\",\"itemListElement\":[{\"@type\":\"ListItem\",\"position\":1,\"name\":\"In\u00edcio\",\"item\":\"https:\/\/institutos.ufrrj.br\/icsa\/\"},{\"@type\":\"ListItem\",\"position\":2,\"name\":\"ADMINISTRA\u00c7\u00c3O P\u00daBLICA\",\"item\":\"https:\/\/institutos.ufrrj.br\/icsa\/dap\/\"},{\"@type\":\"ListItem\",\"position\":3,\"name\":\"Matriz Curricular e disciplinas\"}]},{\"@type\":\"WebSite\",\"@id\":\"https:\/\/institutos.ufrrj.br\/icsa\/#website\",\"url\":\"https:\/\/institutos.ufrrj.br\/icsa\/\",\"name\":\"ICSA\",\"description\":\"Institutos de Ci\u00eancias Sociais Aplicadas\",\"publisher\":{\"@id\":\"https:\/\/institutos.ufrrj.br\/icsa\/#organization\"},\"potentialAction\":[{\"@type\":\"SearchAction\",\"target\":{\"@type\":\"EntryPoint\",\"urlTemplate\":\"https:\/\/institutos.ufrrj.br\/icsa\/?s={search_term_string}\"},\"query-input\":{\"@type\":\"PropertyValueSpecification\",\"valueRequired\":true,\"valueName\":\"search_term_string\"}}],\"inLanguage\":\"pt-BR\"},{\"@type\":\"Organization\",\"@id\":\"https:\/\/institutos.ufrrj.br\/icsa\/#organization\",\"name\":\"ICSA\",\"url\":\"https:\/\/institutos.ufrrj.br\/icsa\/\",\"logo\":{\"@type\":\"ImageObject\",\"inLanguage\":\"pt-BR\",\"@id\":\"https:\/\/institutos.ufrrj.br\/icsa\/#\/schema\/logo\/image\/\",\"url\":\"https:\/\/institutos.ufrrj.br\/icsa\/wp-content\/uploads\/sites\/101\/2023\/10\/logo_icsa_cor_horz_01-4-1.png\",\"contentUrl\":\"https:\/\/institutos.ufrrj.br\/icsa\/wp-content\/uploads\/sites\/101\/2023\/10\/logo_icsa_cor_horz_01-4-1.png\",\"width\":300,\"height\":101,\"caption\":\"ICSA\"},\"image\":{\"@id\":\"https:\/\/institutos.ufrrj.br\/icsa\/#\/schema\/logo\/image\/\"},\"sameAs\":[\"https:\/\/www.facebook.com\/ICSA-189767328193686\/\",\"https:\/\/www.instagram.com\/icsa.ufrrj\/\",\"https:\/\/www.youtube.com\/@icsaufrrj\"]}]}<\/script>\n<!-- \/ Yoast SEO plugin. -->","yoast_head_json":{"title":"Matriz Curricular e disciplinas - ICSA","robots":{"index":"index","follow":"follow","max-snippet":"max-snippet:-1","max-image-preview":"max-image-preview:large","max-video-preview":"max-video-preview:-1"},"canonical":"https:\/\/institutos.ufrrj.br\/icsa\/dap\/disciplinas\/","og_locale":"pt_BR","og_type":"article","og_title":"Matriz Curricular e disciplinas - ICSA","og_description":"O curso de Administra\u00e7\u00e3o P\u00fablica da Universidade Federal Rural do Rio de Janeiro foi concebido e estruturado em um m\u00f3dulo ... leia mais","og_url":"https:\/\/institutos.ufrrj.br\/icsa\/dap\/disciplinas\/","og_site_name":"ICSA","article_publisher":"https:\/\/www.facebook.com\/ICSA-189767328193686\/","article_modified_time":"2024-08-28T17:45:18+00:00","twitter_card":"summary_large_image","twitter_misc":{"Est. tempo de leitura":"2 minutos"},"schema":{"@context":"https:\/\/schema.org","@graph":[{"@type":"WebPage","@id":"https:\/\/institutos.ufrrj.br\/icsa\/dap\/disciplinas\/","url":"https:\/\/institutos.ufrrj.br\/icsa\/dap\/disciplinas\/","name":"Matriz Curricular e disciplinas - ICSA","isPartOf":{"@id":"https:\/\/institutos.ufrrj.br\/icsa\/#website"},"datePublished":"2018-11-06T16:27:16+00:00","dateModified":"2024-08-28T17:45:18+00:00","breadcrumb":{"@id":"https:\/\/institutos.ufrrj.br\/icsa\/dap\/disciplinas\/#breadcrumb"},"inLanguage":"pt-BR","potentialAction":[{"@type":"ReadAction","target":["https:\/\/institutos.ufrrj.br\/icsa\/dap\/disciplinas\/"]}]},{"@type":"BreadcrumbList","@id":"https:\/\/institutos.ufrrj.br\/icsa\/dap\/disciplinas\/#breadcrumb","itemListElement":[{"@type":"ListItem","position":1,"name":"In\u00edcio","item":"https:\/\/institutos.ufrrj.br\/icsa\/"},{"@type":"ListItem","position":2,"name":"ADMINISTRA\u00c7\u00c3O P\u00daBLICA","item":"https:\/\/institutos.ufrrj.br\/icsa\/dap\/"},{"@type":"ListItem","position":3,"name":"Matriz Curricular e disciplinas"}]},{"@type":"WebSite","@id":"https:\/\/institutos.ufrrj.br\/icsa\/#website","url":"https:\/\/institutos.ufrrj.br\/icsa\/","name":"ICSA","description":"Institutos de Ci\u00eancias Sociais Aplicadas","publisher":{"@id":"https:\/\/institutos.ufrrj.br\/icsa\/#organization"},"potentialAction":[{"@type":"SearchAction","target":{"@type":"EntryPoint","urlTemplate":"https:\/\/institutos.ufrrj.br\/icsa\/?s={search_term_string}"},"query-input":{"@type":"PropertyValueSpecification","valueRequired":true,"valueName":"search_term_string"}}],"inLanguage":"pt-BR"},{"@type":"Organization","@id":"https:\/\/institutos.ufrrj.br\/icsa\/#organization","name":"ICSA","url":"https:\/\/institutos.ufrrj.br\/icsa\/","logo":{"@type":"ImageObject","inLanguage":"pt-BR","@id":"https:\/\/institutos.ufrrj.br\/icsa\/#\/schema\/logo\/image\/","url":"https:\/\/institutos.ufrrj.br\/icsa\/wp-content\/uploads\/sites\/101\/2023\/10\/logo_icsa_cor_horz_01-4-1.png","contentUrl":"https:\/\/institutos.ufrrj.br\/icsa\/wp-content\/uploads\/sites\/101\/2023\/10\/logo_icsa_cor_horz_01-4-1.png","width":300,"height":101,"caption":"ICSA"},"image":{"@id":"https:\/\/institutos.ufrrj.br\/icsa\/#\/schema\/logo\/image\/"},"sameAs":["https:\/\/www.facebook.com\/ICSA-189767328193686\/","https:\/\/www.instagram.com\/icsa.ufrrj\/","https:\/\/www.youtube.com\/@icsaufrrj"]}]}},"_links":{"self":[{"href":"https:\/\/institutos.ufrrj.br\/icsa\/wp-json\/wp\/v2\/pages\/2414","targetHints":{"allow":["GET"]}}],"collection":[{"href":"https:\/\/institutos.ufrrj.br\/icsa\/wp-json\/wp\/v2\/pages"}],"about":[{"href":"https:\/\/institutos.ufrrj.br\/icsa\/wp-json\/wp\/v2\/types\/page"}],"author":[{"embeddable":true,"href":"https:\/\/institutos.ufrrj.br\/icsa\/wp-json\/wp\/v2\/users\/20"}],"replies":[{"embeddable":true,"href":"https:\/\/institutos.ufrrj.br\/icsa\/wp-json\/wp\/v2\/comments?post=2414"}],"version-history":[{"count":31,"href":"https:\/\/institutos.ufrrj.br\/icsa\/wp-json\/wp\/v2\/pages\/2414\/revisions"}],"predecessor-version":[{"id":8354,"href":"https:\/\/institutos.ufrrj.br\/icsa\/wp-json\/wp\/v2\/pages\/2414\/revisions\/8354"}],"up":[{"embeddable":true,"href":"https:\/\/institutos.ufrrj.br\/icsa\/wp-json\/wp\/v2\/pages\/197"}],"wp:attachment":[{"href":"https:\/\/institutos.ufrrj.br\/icsa\/wp-json\/wp\/v2\/media?parent=2414"}],"curies":[{"name":"wp","href":"https:\/\/api.w.org\/{rel}","templated":true}]}}