{"id":2420,"date":"2018-11-08T15:20:28","date_gmt":"2018-11-08T15:20:28","guid":{"rendered":"http:\/\/institutos.ufrrj.br\/icsa\/?page_id=2420"},"modified":"2023-05-24T19:55:47","modified_gmt":"2023-05-24T22:55:47","slug":"funcoes-do-colegiado-do-departamento","status":"publish","type":"page","link":"https:\/\/institutos.ufrrj.br\/icsa\/dap\/funcoes-do-colegiado-do-departamento\/","title":{"rendered":"Fun\u00e7\u00f5es do Colegiado"},"content":{"rendered":"<p>O Colegiado do Departamento \u00e9 o \u00f3rg\u00e3o de consulta e delibera\u00e7\u00e3o coletiva do Departamento em assuntos acad\u00eamicos, administrativos e disciplinares (art. 81 da Delibera\u00e7\u00e3o n\u00ba 15 de 23\/03\/2012). Segundo o art. 82 da Delibera\u00e7\u00e3o n\u00ba. 15 de 23\/03\/2012 e seus incisos, compete a ele:<\/p>\n<p>I \u2013 exercer, na qualidade de \u00f3rg\u00e3o deliberativo, a jurisdi\u00e7\u00e3o no \u00e2mbito do Departamento;<br \/>\nII \u2013 organizar a escolha do Chefe e do Vice-Chefe, de acordo com o disposto neste Regimento;<br \/>\nIII \u2013 propor a concess\u00e3o de t\u00edtulos honor\u00edficos e outras dignidades universit\u00e1rias;<br \/>\nIV \u2013 elaborar e aprovar o Plano Anual das Atividades do Departamento para o exerc\u00edcio seguinte;<br \/>\nV \u2013 promover a articula\u00e7\u00e3o e a compatibiliza\u00e7\u00e3o das atividades e planos de trabalho acad\u00eamicos do Departamento;<br \/>\nVI \u2013 avaliar o relat\u00f3rio das atividades desenvolvidas no Departamento, encaminhado pela Chefia;<br \/>\nVII \u2013 avaliar o desempenho global do Departamento;<br \/>\nVIII \u2013 avaliar, no \u00e2mbito do Departamento, as pol\u00edticas de desenvolvimento de pessoal adotadas pela Universidade;<br \/>\nIX \u2013 aprovar diretrizes sobre assuntos de ordem acad\u00eamica e infraestrutura;<br \/>\nX \u2013 avaliar propostas relativas \u00e0 admiss\u00e3o, dispensa, transfer\u00eancia e remo\u00e7\u00e3o de servidor para encaminhamento ao CONSUNI;<br \/>\nXI \u2013 aprovar a cria\u00e7\u00e3o de disciplinas para encaminhamento ao CONSUNI e a atualiza\u00e7\u00e3o peri\u00f3dica dos programas das disciplinas em intera\u00e7\u00e3o com os colegiados de cursos;<br \/>\nXII \u2013 aprovar projetos de ensino, pesquisa e extens\u00e3o;<br \/>\nXIII \u2013 aprovar bancas de concursos p\u00fablicos para docentes;<br \/>\nXIV \u2013 aprovar bancas de processo seletivo para docentes substitutos;<br \/>\nXV \u2013 aprovar pedidos de afastamento de docentes e t\u00e9cnico-administrativos;<br \/>\nXVI \u2013 avaliar os pedidos de progress\u00e3o de docentes;<br \/>\nXVII \u2013 julgar os recursos de sua compet\u00eancia;<br \/>\nXVIII \u2013 manifestar-se sobre qualquer mat\u00e9ria da compet\u00eancia do Chefe, quando por ele solicitado.<\/p>\n","protected":false},"excerpt":{"rendered":"<p>O Colegiado do Departamento \u00e9 o \u00f3rg\u00e3o de consulta e delibera\u00e7\u00e3o coletiva do Departamento em assuntos acad\u00eamicos, administrativos e disciplinares <a class=\"read-more\" href=\"https:\/\/institutos.ufrrj.br\/icsa\/dap\/funcoes-do-colegiado-do-departamento\/\">&#8230; <em>leia mais <\/em> <i class=\"fa fa-long-arrow-right\"><\/i><\/a><\/p>\n","protected":false},"author":20,"featured_media":0,"parent":197,"menu_order":0,"comment_status":"closed","ping_status":"closed","template":"","meta":{"_acf_changed":false,"_themeisle_gutenberg_block_has_review":false,"footnotes":"","_links_to":"","_links_to_target":""},"class_list":["post-2420","page","type-page","status-publish","hentry"],"acf":[],"yoast_head":"<!-- This site is optimized with the Yoast SEO plugin v26.8 - https:\/\/yoast.com\/product\/yoast-seo-wordpress\/ -->\n<title>Fun\u00e7\u00f5es do Colegiado - ICSA<\/title>\n<meta name=\"robots\" content=\"index, follow, max-snippet:-1, max-image-preview:large, max-video-preview:-1\" \/>\n<link rel=\"canonical\" href=\"https:\/\/institutos.ufrrj.br\/icsa\/dap\/funcoes-do-colegiado-do-departamento\/\" \/>\n<meta property=\"og:locale\" content=\"pt_BR\" \/>\n<meta property=\"og:type\" content=\"article\" \/>\n<meta property=\"og:title\" content=\"Fun\u00e7\u00f5es do Colegiado - ICSA\" \/>\n<meta property=\"og:description\" content=\"O Colegiado do Departamento \u00e9 o \u00f3rg\u00e3o de consulta e delibera\u00e7\u00e3o coletiva do Departamento em assuntos acad\u00eamicos, administrativos e disciplinares ... leia mais\" \/>\n<meta property=\"og:url\" content=\"https:\/\/institutos.ufrrj.br\/icsa\/dap\/funcoes-do-colegiado-do-departamento\/\" \/>\n<meta property=\"og:site_name\" content=\"ICSA\" \/>\n<meta property=\"article:publisher\" content=\"https:\/\/www.facebook.com\/ICSA-189767328193686\/\" \/>\n<meta property=\"article:modified_time\" content=\"2023-05-24T22:55:47+00:00\" \/>\n<meta name=\"twitter:card\" content=\"summary_large_image\" \/>\n<meta name=\"twitter:label1\" content=\"Est. tempo de leitura\" \/>\n\t<meta name=\"twitter:data1\" content=\"1 minuto\" \/>\n<script type=\"application\/ld+json\" class=\"yoast-schema-graph\">{\"@context\":\"https:\/\/schema.org\",\"@graph\":[{\"@type\":\"WebPage\",\"@id\":\"https:\/\/institutos.ufrrj.br\/icsa\/dap\/funcoes-do-colegiado-do-departamento\/\",\"url\":\"https:\/\/institutos.ufrrj.br\/icsa\/dap\/funcoes-do-colegiado-do-departamento\/\",\"name\":\"Fun\u00e7\u00f5es do Colegiado - ICSA\",\"isPartOf\":{\"@id\":\"https:\/\/institutos.ufrrj.br\/icsa\/#website\"},\"datePublished\":\"2018-11-08T15:20:28+00:00\",\"dateModified\":\"2023-05-24T22:55:47+00:00\",\"breadcrumb\":{\"@id\":\"https:\/\/institutos.ufrrj.br\/icsa\/dap\/funcoes-do-colegiado-do-departamento\/#breadcrumb\"},\"inLanguage\":\"pt-BR\",\"potentialAction\":[{\"@type\":\"ReadAction\",\"target\":[\"https:\/\/institutos.ufrrj.br\/icsa\/dap\/funcoes-do-colegiado-do-departamento\/\"]}]},{\"@type\":\"BreadcrumbList\",\"@id\":\"https:\/\/institutos.ufrrj.br\/icsa\/dap\/funcoes-do-colegiado-do-departamento\/#breadcrumb\",\"itemListElement\":[{\"@type\":\"ListItem\",\"position\":1,\"name\":\"In\u00edcio\",\"item\":\"https:\/\/institutos.ufrrj.br\/icsa\/\"},{\"@type\":\"ListItem\",\"position\":2,\"name\":\"ADMINISTRA\u00c7\u00c3O P\u00daBLICA\",\"item\":\"https:\/\/institutos.ufrrj.br\/icsa\/dap\/\"},{\"@type\":\"ListItem\",\"position\":3,\"name\":\"Fun\u00e7\u00f5es do Colegiado\"}]},{\"@type\":\"WebSite\",\"@id\":\"https:\/\/institutos.ufrrj.br\/icsa\/#website\",\"url\":\"https:\/\/institutos.ufrrj.br\/icsa\/\",\"name\":\"ICSA\",\"description\":\"Institutos de Ci\u00eancias Sociais Aplicadas\",\"publisher\":{\"@id\":\"https:\/\/institutos.ufrrj.br\/icsa\/#organization\"},\"potentialAction\":[{\"@type\":\"SearchAction\",\"target\":{\"@type\":\"EntryPoint\",\"urlTemplate\":\"https:\/\/institutos.ufrrj.br\/icsa\/?s={search_term_string}\"},\"query-input\":{\"@type\":\"PropertyValueSpecification\",\"valueRequired\":true,\"valueName\":\"search_term_string\"}}],\"inLanguage\":\"pt-BR\"},{\"@type\":\"Organization\",\"@id\":\"https:\/\/institutos.ufrrj.br\/icsa\/#organization\",\"name\":\"ICSA\",\"url\":\"https:\/\/institutos.ufrrj.br\/icsa\/\",\"logo\":{\"@type\":\"ImageObject\",\"inLanguage\":\"pt-BR\",\"@id\":\"https:\/\/institutos.ufrrj.br\/icsa\/#\/schema\/logo\/image\/\",\"url\":\"https:\/\/institutos.ufrrj.br\/icsa\/wp-content\/uploads\/sites\/101\/2023\/10\/logo_icsa_cor_horz_01-4-1.png\",\"contentUrl\":\"https:\/\/institutos.ufrrj.br\/icsa\/wp-content\/uploads\/sites\/101\/2023\/10\/logo_icsa_cor_horz_01-4-1.png\",\"width\":300,\"height\":101,\"caption\":\"ICSA\"},\"image\":{\"@id\":\"https:\/\/institutos.ufrrj.br\/icsa\/#\/schema\/logo\/image\/\"},\"sameAs\":[\"https:\/\/www.facebook.com\/ICSA-189767328193686\/\",\"https:\/\/www.instagram.com\/icsa.ufrrj\/\",\"https:\/\/www.youtube.com\/@icsaufrrj\"]}]}<\/script>\n<!-- \/ Yoast SEO plugin. -->","yoast_head_json":{"title":"Fun\u00e7\u00f5es do Colegiado - ICSA","robots":{"index":"index","follow":"follow","max-snippet":"max-snippet:-1","max-image-preview":"max-image-preview:large","max-video-preview":"max-video-preview:-1"},"canonical":"https:\/\/institutos.ufrrj.br\/icsa\/dap\/funcoes-do-colegiado-do-departamento\/","og_locale":"pt_BR","og_type":"article","og_title":"Fun\u00e7\u00f5es do Colegiado - ICSA","og_description":"O Colegiado do Departamento \u00e9 o \u00f3rg\u00e3o de consulta e delibera\u00e7\u00e3o coletiva do Departamento em assuntos acad\u00eamicos, administrativos e disciplinares ... leia mais","og_url":"https:\/\/institutos.ufrrj.br\/icsa\/dap\/funcoes-do-colegiado-do-departamento\/","og_site_name":"ICSA","article_publisher":"https:\/\/www.facebook.com\/ICSA-189767328193686\/","article_modified_time":"2023-05-24T22:55:47+00:00","twitter_card":"summary_large_image","twitter_misc":{"Est. tempo de leitura":"1 minuto"},"schema":{"@context":"https:\/\/schema.org","@graph":[{"@type":"WebPage","@id":"https:\/\/institutos.ufrrj.br\/icsa\/dap\/funcoes-do-colegiado-do-departamento\/","url":"https:\/\/institutos.ufrrj.br\/icsa\/dap\/funcoes-do-colegiado-do-departamento\/","name":"Fun\u00e7\u00f5es do Colegiado - ICSA","isPartOf":{"@id":"https:\/\/institutos.ufrrj.br\/icsa\/#website"},"datePublished":"2018-11-08T15:20:28+00:00","dateModified":"2023-05-24T22:55:47+00:00","breadcrumb":{"@id":"https:\/\/institutos.ufrrj.br\/icsa\/dap\/funcoes-do-colegiado-do-departamento\/#breadcrumb"},"inLanguage":"pt-BR","potentialAction":[{"@type":"ReadAction","target":["https:\/\/institutos.ufrrj.br\/icsa\/dap\/funcoes-do-colegiado-do-departamento\/"]}]},{"@type":"BreadcrumbList","@id":"https:\/\/institutos.ufrrj.br\/icsa\/dap\/funcoes-do-colegiado-do-departamento\/#breadcrumb","itemListElement":[{"@type":"ListItem","position":1,"name":"In\u00edcio","item":"https:\/\/institutos.ufrrj.br\/icsa\/"},{"@type":"ListItem","position":2,"name":"ADMINISTRA\u00c7\u00c3O P\u00daBLICA","item":"https:\/\/institutos.ufrrj.br\/icsa\/dap\/"},{"@type":"ListItem","position":3,"name":"Fun\u00e7\u00f5es do Colegiado"}]},{"@type":"WebSite","@id":"https:\/\/institutos.ufrrj.br\/icsa\/#website","url":"https:\/\/institutos.ufrrj.br\/icsa\/","name":"ICSA","description":"Institutos de Ci\u00eancias Sociais Aplicadas","publisher":{"@id":"https:\/\/institutos.ufrrj.br\/icsa\/#organization"},"potentialAction":[{"@type":"SearchAction","target":{"@type":"EntryPoint","urlTemplate":"https:\/\/institutos.ufrrj.br\/icsa\/?s={search_term_string}"},"query-input":{"@type":"PropertyValueSpecification","valueRequired":true,"valueName":"search_term_string"}}],"inLanguage":"pt-BR"},{"@type":"Organization","@id":"https:\/\/institutos.ufrrj.br\/icsa\/#organization","name":"ICSA","url":"https:\/\/institutos.ufrrj.br\/icsa\/","logo":{"@type":"ImageObject","inLanguage":"pt-BR","@id":"https:\/\/institutos.ufrrj.br\/icsa\/#\/schema\/logo\/image\/","url":"https:\/\/institutos.ufrrj.br\/icsa\/wp-content\/uploads\/sites\/101\/2023\/10\/logo_icsa_cor_horz_01-4-1.png","contentUrl":"https:\/\/institutos.ufrrj.br\/icsa\/wp-content\/uploads\/sites\/101\/2023\/10\/logo_icsa_cor_horz_01-4-1.png","width":300,"height":101,"caption":"ICSA"},"image":{"@id":"https:\/\/institutos.ufrrj.br\/icsa\/#\/schema\/logo\/image\/"},"sameAs":["https:\/\/www.facebook.com\/ICSA-189767328193686\/","https:\/\/www.instagram.com\/icsa.ufrrj\/","https:\/\/www.youtube.com\/@icsaufrrj"]}]}},"_links":{"self":[{"href":"https:\/\/institutos.ufrrj.br\/icsa\/wp-json\/wp\/v2\/pages\/2420","targetHints":{"allow":["GET"]}}],"collection":[{"href":"https:\/\/institutos.ufrrj.br\/icsa\/wp-json\/wp\/v2\/pages"}],"about":[{"href":"https:\/\/institutos.ufrrj.br\/icsa\/wp-json\/wp\/v2\/types\/page"}],"author":[{"embeddable":true,"href":"https:\/\/institutos.ufrrj.br\/icsa\/wp-json\/wp\/v2\/users\/20"}],"replies":[{"embeddable":true,"href":"https:\/\/institutos.ufrrj.br\/icsa\/wp-json\/wp\/v2\/comments?post=2420"}],"version-history":[{"count":6,"href":"https:\/\/institutos.ufrrj.br\/icsa\/wp-json\/wp\/v2\/pages\/2420\/revisions"}],"predecessor-version":[{"id":6086,"href":"https:\/\/institutos.ufrrj.br\/icsa\/wp-json\/wp\/v2\/pages\/2420\/revisions\/6086"}],"up":[{"embeddable":true,"href":"https:\/\/institutos.ufrrj.br\/icsa\/wp-json\/wp\/v2\/pages\/197"}],"wp:attachment":[{"href":"https:\/\/institutos.ufrrj.br\/icsa\/wp-json\/wp\/v2\/media?parent=2420"}],"curies":[{"name":"wp","href":"https:\/\/api.w.org\/{rel}","templated":true}]}}