{"id":2422,"date":"2018-10-16T17:18:57","date_gmt":"2018-10-16T17:18:57","guid":{"rendered":"http:\/\/institutos.ufrrj.br\/icsa\/?page_id=2422"},"modified":"2025-08-12T17:36:28","modified_gmt":"2025-08-12T20:36:28","slug":"membros-do-colegiado-do-departamento","status":"publish","type":"page","link":"https:\/\/institutos.ufrrj.br\/icsa\/dap\/membros-do-colegiado-do-departamento\/","title":{"rendered":"Membros do Colegiado"},"content":{"rendered":"<p>O Colegiado do Departamento \u00e9 composto pelo Chefe e Vice-Chefe, bem como por todos os docentes lotados no Departamento; representante dos t\u00e9cnico-administrativos lotado no Departamento; e, representantes discentes regularmente matriculados no curso de administra\u00e7\u00e3o p\u00fablica (art. 83 do Regimento Geral).<\/p>\n<p><img loading=\"lazy\" decoding=\"async\" class=\"alignnone wp-image-2865\" src=\"http:\/\/institutos.ufrrj.br\/icsa\/wp-content\/uploads\/sites\/101\/2018\/07\/symbol-2480163_1280-300x300.png\" alt=\"\" width=\"16\" height=\"16\" srcset=\"https:\/\/institutos.ufrrj.br\/icsa\/wp-content\/uploads\/sites\/101\/2018\/07\/symbol-2480163_1280-300x300.png 300w, https:\/\/institutos.ufrrj.br\/icsa\/wp-content\/uploads\/sites\/101\/2018\/07\/symbol-2480163_1280-150x150.png 150w, https:\/\/institutos.ufrrj.br\/icsa\/wp-content\/uploads\/sites\/101\/2018\/07\/symbol-2480163_1280-768x768.png 768w, https:\/\/institutos.ufrrj.br\/icsa\/wp-content\/uploads\/sites\/101\/2018\/07\/symbol-2480163_1280-1024x1024.png 1024w, https:\/\/institutos.ufrrj.br\/icsa\/wp-content\/uploads\/sites\/101\/2018\/07\/symbol-2480163_1280.png 1280w\" sizes=\"auto, (max-width: 16px) 100vw, 16px\" \/>\u00a0<strong>Membros docentes:<\/strong><\/p>\n<p>Aldenilson dos Santos Vitorino Costa<\/p>\n<p>Beatriz Quiroz Villardi<\/p>\n<p>Biancca Scarpeline de Castro<\/p>\n<p>Caio Peixoto Chain<\/p>\n<p>Deise Luce de Sousa Marques<\/p>\n<p>Gabriel Gomes Menezes<\/p>\n<p>Gustavo Lopes Olivares<\/p>\n<p>Marcos Ferreira<\/p>\n<p>Maria Gracinda Carvalho Teixeira<\/p>\n<p>Naiara Tavares da Silva<\/p>\n<p>Ronaldo Raasch<\/p>\n<p>Vin\u00edcius Ferreira Baptista<\/p>\n<p>Vera Regina Ramos Pinto<\/p>\n<p><img loading=\"lazy\" decoding=\"async\" class=\"alignnone wp-image-2865\" src=\"http:\/\/institutos.ufrrj.br\/icsa\/wp-content\/uploads\/sites\/101\/2018\/07\/symbol-2480163_1280-300x300.png\" alt=\"\" width=\"16\" height=\"16\" srcset=\"https:\/\/institutos.ufrrj.br\/icsa\/wp-content\/uploads\/sites\/101\/2018\/07\/symbol-2480163_1280-300x300.png 300w, https:\/\/institutos.ufrrj.br\/icsa\/wp-content\/uploads\/sites\/101\/2018\/07\/symbol-2480163_1280-150x150.png 150w, https:\/\/institutos.ufrrj.br\/icsa\/wp-content\/uploads\/sites\/101\/2018\/07\/symbol-2480163_1280-768x768.png 768w, https:\/\/institutos.ufrrj.br\/icsa\/wp-content\/uploads\/sites\/101\/2018\/07\/symbol-2480163_1280-1024x1024.png 1024w, https:\/\/institutos.ufrrj.br\/icsa\/wp-content\/uploads\/sites\/101\/2018\/07\/symbol-2480163_1280.png 1280w\" sizes=\"auto, (max-width: 16px) 100vw, 16px\" \/>\u00a0<strong>Membro T\u00e9cnico-Administrativo:<\/strong><\/p>\n<p>Patricia Fernandes de Oliveira Santos<\/p>\n<p><img loading=\"lazy\" decoding=\"async\" class=\"alignnone wp-image-2865\" src=\"http:\/\/institutos.ufrrj.br\/icsa\/wp-content\/uploads\/sites\/101\/2018\/07\/symbol-2480163_1280-300x300.png\" alt=\"\" width=\"16\" height=\"16\" srcset=\"https:\/\/institutos.ufrrj.br\/icsa\/wp-content\/uploads\/sites\/101\/2018\/07\/symbol-2480163_1280-300x300.png 300w, https:\/\/institutos.ufrrj.br\/icsa\/wp-content\/uploads\/sites\/101\/2018\/07\/symbol-2480163_1280-150x150.png 150w, https:\/\/institutos.ufrrj.br\/icsa\/wp-content\/uploads\/sites\/101\/2018\/07\/symbol-2480163_1280-768x768.png 768w, https:\/\/institutos.ufrrj.br\/icsa\/wp-content\/uploads\/sites\/101\/2018\/07\/symbol-2480163_1280-1024x1024.png 1024w, https:\/\/institutos.ufrrj.br\/icsa\/wp-content\/uploads\/sites\/101\/2018\/07\/symbol-2480163_1280.png 1280w\" sizes=\"auto, (max-width: 16px) 100vw, 16px\" \/>\u00a0<strong>Representantes discentes no colegiado do Departamento de Administra\u00e7\u00e3o P\u00fablica (Agosto\/2024 a Julho\/2025)<\/strong><\/p>\n<p><span class=\"fontstyle0\"><strong>Representantes titulares:<\/strong><\/span><\/p>\n<p><span class=\"fontstyle0\"><br \/>\n<\/span><span class=\"fontstyle0\">RAYANE DA SILVA TAVARES (<\/span><span class=\"fontstyle2\">Matr\u00edcula 20210023946)<\/span><\/p>\n<p>LA\u00cdS CARDOSO DE OLIVEIRA ROSA (Matr\u00edcula 20220026941)<\/p>\n<p><span class=\"fontstyle0\"><strong>Representantes suplentes:<\/strong><br \/>\n<\/span><span class=\"fontstyle2\"><br \/>\n<\/span><span class=\"fontstyle0\">CELSO SILVA DE LIMA FILHO<\/span><span class=\"fontstyle2\"> (Matr\u00edcula 20210029959)<\/span><\/p>\n<p>RAYSSA DOMINGUES INES (matr\u00edcula 20230029446)<\/p>\n<p><img loading=\"lazy\" decoding=\"async\" class=\"alignnone wp-image-2864\" src=\"http:\/\/institutos.ufrrj.br\/icsa\/wp-content\/uploads\/sites\/101\/2018\/07\/sign-304093_1280-300x264.png\" alt=\"\" width=\"17\" height=\"15\" srcset=\"https:\/\/institutos.ufrrj.br\/icsa\/wp-content\/uploads\/sites\/101\/2018\/07\/sign-304093_1280-300x264.png 300w, https:\/\/institutos.ufrrj.br\/icsa\/wp-content\/uploads\/sites\/101\/2018\/07\/sign-304093_1280-768x677.png 768w, https:\/\/institutos.ufrrj.br\/icsa\/wp-content\/uploads\/sites\/101\/2018\/07\/sign-304093_1280-1024x902.png 1024w, https:\/\/institutos.ufrrj.br\/icsa\/wp-content\/uploads\/sites\/101\/2018\/07\/sign-304093_1280.png 1280w\" sizes=\"auto, (max-width: 17px) 100vw, 17px\" \/> Os representantes discentes nos colegiados t\u00eam mandato de um ano, permitida uma recondu\u00e7\u00e3o. (Delibera\u00e7\u00e3o n\u00ba 15 de 23\/03\/2012, Art. 37, \u00a7 4\u00ba).<\/p>\n","protected":false},"excerpt":{"rendered":"<p>O Colegiado do Departamento \u00e9 composto pelo Chefe e Vice-Chefe, bem como por todos os docentes lotados no Departamento; representante <a class=\"read-more\" href=\"https:\/\/institutos.ufrrj.br\/icsa\/dap\/membros-do-colegiado-do-departamento\/\">&#8230; <em>leia mais <\/em> <i class=\"fa fa-long-arrow-right\"><\/i><\/a><\/p>\n","protected":false},"author":20,"featured_media":0,"parent":197,"menu_order":0,"comment_status":"closed","ping_status":"closed","template":"","meta":{"_acf_changed":false,"_themeisle_gutenberg_block_has_review":false,"footnotes":"","_links_to":"","_links_to_target":""},"class_list":["post-2422","page","type-page","status-publish","hentry"],"acf":[],"yoast_head":"<!-- This site is optimized with the Yoast SEO plugin v26.8 - https:\/\/yoast.com\/product\/yoast-seo-wordpress\/ -->\n<title>Membros do Colegiado - ICSA<\/title>\n<meta name=\"robots\" content=\"index, follow, max-snippet:-1, max-image-preview:large, max-video-preview:-1\" \/>\n<link rel=\"canonical\" href=\"https:\/\/institutos.ufrrj.br\/icsa\/dap\/membros-do-colegiado-do-departamento\/\" \/>\n<meta property=\"og:locale\" content=\"pt_BR\" \/>\n<meta property=\"og:type\" content=\"article\" \/>\n<meta property=\"og:title\" content=\"Membros do Colegiado - ICSA\" \/>\n<meta property=\"og:description\" content=\"O Colegiado do Departamento \u00e9 composto pelo Chefe e Vice-Chefe, bem como por todos os docentes lotados no Departamento; representante ... leia mais\" \/>\n<meta property=\"og:url\" content=\"https:\/\/institutos.ufrrj.br\/icsa\/dap\/membros-do-colegiado-do-departamento\/\" \/>\n<meta property=\"og:site_name\" content=\"ICSA\" \/>\n<meta property=\"article:publisher\" content=\"https:\/\/www.facebook.com\/ICSA-189767328193686\/\" \/>\n<meta property=\"article:modified_time\" content=\"2025-08-12T20:36:28+00:00\" \/>\n<meta property=\"og:image\" content=\"http:\/\/institutos.ufrrj.br\/icsa\/wp-content\/uploads\/sites\/101\/2018\/07\/symbol-2480163_1280-300x300.png\" \/>\n<meta name=\"twitter:card\" content=\"summary_large_image\" \/>\n<meta name=\"twitter:label1\" content=\"Est. tempo de leitura\" \/>\n\t<meta name=\"twitter:data1\" content=\"2 minutos\" \/>\n<script type=\"application\/ld+json\" class=\"yoast-schema-graph\">{\"@context\":\"https:\/\/schema.org\",\"@graph\":[{\"@type\":\"WebPage\",\"@id\":\"https:\/\/institutos.ufrrj.br\/icsa\/dap\/membros-do-colegiado-do-departamento\/\",\"url\":\"https:\/\/institutos.ufrrj.br\/icsa\/dap\/membros-do-colegiado-do-departamento\/\",\"name\":\"Membros do Colegiado - ICSA\",\"isPartOf\":{\"@id\":\"https:\/\/institutos.ufrrj.br\/icsa\/#website\"},\"primaryImageOfPage\":{\"@id\":\"https:\/\/institutos.ufrrj.br\/icsa\/dap\/membros-do-colegiado-do-departamento\/#primaryimage\"},\"image\":{\"@id\":\"https:\/\/institutos.ufrrj.br\/icsa\/dap\/membros-do-colegiado-do-departamento\/#primaryimage\"},\"thumbnailUrl\":\"http:\/\/institutos.ufrrj.br\/icsa\/wp-content\/uploads\/sites\/101\/2018\/07\/symbol-2480163_1280-300x300.png\",\"datePublished\":\"2018-10-16T17:18:57+00:00\",\"dateModified\":\"2025-08-12T20:36:28+00:00\",\"breadcrumb\":{\"@id\":\"https:\/\/institutos.ufrrj.br\/icsa\/dap\/membros-do-colegiado-do-departamento\/#breadcrumb\"},\"inLanguage\":\"pt-BR\",\"potentialAction\":[{\"@type\":\"ReadAction\",\"target\":[\"https:\/\/institutos.ufrrj.br\/icsa\/dap\/membros-do-colegiado-do-departamento\/\"]}]},{\"@type\":\"ImageObject\",\"inLanguage\":\"pt-BR\",\"@id\":\"https:\/\/institutos.ufrrj.br\/icsa\/dap\/membros-do-colegiado-do-departamento\/#primaryimage\",\"url\":\"https:\/\/institutos.ufrrj.br\/icsa\/wp-content\/uploads\/sites\/101\/2018\/07\/symbol-2480163_1280.png\",\"contentUrl\":\"https:\/\/institutos.ufrrj.br\/icsa\/wp-content\/uploads\/sites\/101\/2018\/07\/symbol-2480163_1280.png\",\"width\":1280,\"height\":1280},{\"@type\":\"BreadcrumbList\",\"@id\":\"https:\/\/institutos.ufrrj.br\/icsa\/dap\/membros-do-colegiado-do-departamento\/#breadcrumb\",\"itemListElement\":[{\"@type\":\"ListItem\",\"position\":1,\"name\":\"In\u00edcio\",\"item\":\"https:\/\/institutos.ufrrj.br\/icsa\/\"},{\"@type\":\"ListItem\",\"position\":2,\"name\":\"ADMINISTRA\u00c7\u00c3O P\u00daBLICA\",\"item\":\"https:\/\/institutos.ufrrj.br\/icsa\/dap\/\"},{\"@type\":\"ListItem\",\"position\":3,\"name\":\"Membros do Colegiado\"}]},{\"@type\":\"WebSite\",\"@id\":\"https:\/\/institutos.ufrrj.br\/icsa\/#website\",\"url\":\"https:\/\/institutos.ufrrj.br\/icsa\/\",\"name\":\"ICSA\",\"description\":\"Institutos de Ci\u00eancias Sociais Aplicadas\",\"publisher\":{\"@id\":\"https:\/\/institutos.ufrrj.br\/icsa\/#organization\"},\"potentialAction\":[{\"@type\":\"SearchAction\",\"target\":{\"@type\":\"EntryPoint\",\"urlTemplate\":\"https:\/\/institutos.ufrrj.br\/icsa\/?s={search_term_string}\"},\"query-input\":{\"@type\":\"PropertyValueSpecification\",\"valueRequired\":true,\"valueName\":\"search_term_string\"}}],\"inLanguage\":\"pt-BR\"},{\"@type\":\"Organization\",\"@id\":\"https:\/\/institutos.ufrrj.br\/icsa\/#organization\",\"name\":\"ICSA\",\"url\":\"https:\/\/institutos.ufrrj.br\/icsa\/\",\"logo\":{\"@type\":\"ImageObject\",\"inLanguage\":\"pt-BR\",\"@id\":\"https:\/\/institutos.ufrrj.br\/icsa\/#\/schema\/logo\/image\/\",\"url\":\"https:\/\/institutos.ufrrj.br\/icsa\/wp-content\/uploads\/sites\/101\/2023\/10\/logo_icsa_cor_horz_01-4-1.png\",\"contentUrl\":\"https:\/\/institutos.ufrrj.br\/icsa\/wp-content\/uploads\/sites\/101\/2023\/10\/logo_icsa_cor_horz_01-4-1.png\",\"width\":300,\"height\":101,\"caption\":\"ICSA\"},\"image\":{\"@id\":\"https:\/\/institutos.ufrrj.br\/icsa\/#\/schema\/logo\/image\/\"},\"sameAs\":[\"https:\/\/www.facebook.com\/ICSA-189767328193686\/\",\"https:\/\/www.instagram.com\/icsa.ufrrj\/\",\"https:\/\/www.youtube.com\/@icsaufrrj\"]}]}<\/script>\n<!-- \/ Yoast SEO plugin. -->","yoast_head_json":{"title":"Membros do Colegiado - ICSA","robots":{"index":"index","follow":"follow","max-snippet":"max-snippet:-1","max-image-preview":"max-image-preview:large","max-video-preview":"max-video-preview:-1"},"canonical":"https:\/\/institutos.ufrrj.br\/icsa\/dap\/membros-do-colegiado-do-departamento\/","og_locale":"pt_BR","og_type":"article","og_title":"Membros do Colegiado - ICSA","og_description":"O Colegiado do Departamento \u00e9 composto pelo Chefe e Vice-Chefe, bem como por todos os docentes lotados no Departamento; representante ... leia mais","og_url":"https:\/\/institutos.ufrrj.br\/icsa\/dap\/membros-do-colegiado-do-departamento\/","og_site_name":"ICSA","article_publisher":"https:\/\/www.facebook.com\/ICSA-189767328193686\/","article_modified_time":"2025-08-12T20:36:28+00:00","og_image":[{"url":"http:\/\/institutos.ufrrj.br\/icsa\/wp-content\/uploads\/sites\/101\/2018\/07\/symbol-2480163_1280-300x300.png","type":"","width":"","height":""}],"twitter_card":"summary_large_image","twitter_misc":{"Est. tempo de leitura":"2 minutos"},"schema":{"@context":"https:\/\/schema.org","@graph":[{"@type":"WebPage","@id":"https:\/\/institutos.ufrrj.br\/icsa\/dap\/membros-do-colegiado-do-departamento\/","url":"https:\/\/institutos.ufrrj.br\/icsa\/dap\/membros-do-colegiado-do-departamento\/","name":"Membros do Colegiado - ICSA","isPartOf":{"@id":"https:\/\/institutos.ufrrj.br\/icsa\/#website"},"primaryImageOfPage":{"@id":"https:\/\/institutos.ufrrj.br\/icsa\/dap\/membros-do-colegiado-do-departamento\/#primaryimage"},"image":{"@id":"https:\/\/institutos.ufrrj.br\/icsa\/dap\/membros-do-colegiado-do-departamento\/#primaryimage"},"thumbnailUrl":"http:\/\/institutos.ufrrj.br\/icsa\/wp-content\/uploads\/sites\/101\/2018\/07\/symbol-2480163_1280-300x300.png","datePublished":"2018-10-16T17:18:57+00:00","dateModified":"2025-08-12T20:36:28+00:00","breadcrumb":{"@id":"https:\/\/institutos.ufrrj.br\/icsa\/dap\/membros-do-colegiado-do-departamento\/#breadcrumb"},"inLanguage":"pt-BR","potentialAction":[{"@type":"ReadAction","target":["https:\/\/institutos.ufrrj.br\/icsa\/dap\/membros-do-colegiado-do-departamento\/"]}]},{"@type":"ImageObject","inLanguage":"pt-BR","@id":"https:\/\/institutos.ufrrj.br\/icsa\/dap\/membros-do-colegiado-do-departamento\/#primaryimage","url":"https:\/\/institutos.ufrrj.br\/icsa\/wp-content\/uploads\/sites\/101\/2018\/07\/symbol-2480163_1280.png","contentUrl":"https:\/\/institutos.ufrrj.br\/icsa\/wp-content\/uploads\/sites\/101\/2018\/07\/symbol-2480163_1280.png","width":1280,"height":1280},{"@type":"BreadcrumbList","@id":"https:\/\/institutos.ufrrj.br\/icsa\/dap\/membros-do-colegiado-do-departamento\/#breadcrumb","itemListElement":[{"@type":"ListItem","position":1,"name":"In\u00edcio","item":"https:\/\/institutos.ufrrj.br\/icsa\/"},{"@type":"ListItem","position":2,"name":"ADMINISTRA\u00c7\u00c3O P\u00daBLICA","item":"https:\/\/institutos.ufrrj.br\/icsa\/dap\/"},{"@type":"ListItem","position":3,"name":"Membros do Colegiado"}]},{"@type":"WebSite","@id":"https:\/\/institutos.ufrrj.br\/icsa\/#website","url":"https:\/\/institutos.ufrrj.br\/icsa\/","name":"ICSA","description":"Institutos de Ci\u00eancias Sociais Aplicadas","publisher":{"@id":"https:\/\/institutos.ufrrj.br\/icsa\/#organization"},"potentialAction":[{"@type":"SearchAction","target":{"@type":"EntryPoint","urlTemplate":"https:\/\/institutos.ufrrj.br\/icsa\/?s={search_term_string}"},"query-input":{"@type":"PropertyValueSpecification","valueRequired":true,"valueName":"search_term_string"}}],"inLanguage":"pt-BR"},{"@type":"Organization","@id":"https:\/\/institutos.ufrrj.br\/icsa\/#organization","name":"ICSA","url":"https:\/\/institutos.ufrrj.br\/icsa\/","logo":{"@type":"ImageObject","inLanguage":"pt-BR","@id":"https:\/\/institutos.ufrrj.br\/icsa\/#\/schema\/logo\/image\/","url":"https:\/\/institutos.ufrrj.br\/icsa\/wp-content\/uploads\/sites\/101\/2023\/10\/logo_icsa_cor_horz_01-4-1.png","contentUrl":"https:\/\/institutos.ufrrj.br\/icsa\/wp-content\/uploads\/sites\/101\/2023\/10\/logo_icsa_cor_horz_01-4-1.png","width":300,"height":101,"caption":"ICSA"},"image":{"@id":"https:\/\/institutos.ufrrj.br\/icsa\/#\/schema\/logo\/image\/"},"sameAs":["https:\/\/www.facebook.com\/ICSA-189767328193686\/","https:\/\/www.instagram.com\/icsa.ufrrj\/","https:\/\/www.youtube.com\/@icsaufrrj"]}]}},"_links":{"self":[{"href":"https:\/\/institutos.ufrrj.br\/icsa\/wp-json\/wp\/v2\/pages\/2422","targetHints":{"allow":["GET"]}}],"collection":[{"href":"https:\/\/institutos.ufrrj.br\/icsa\/wp-json\/wp\/v2\/pages"}],"about":[{"href":"https:\/\/institutos.ufrrj.br\/icsa\/wp-json\/wp\/v2\/types\/page"}],"author":[{"embeddable":true,"href":"https:\/\/institutos.ufrrj.br\/icsa\/wp-json\/wp\/v2\/users\/20"}],"replies":[{"embeddable":true,"href":"https:\/\/institutos.ufrrj.br\/icsa\/wp-json\/wp\/v2\/comments?post=2422"}],"version-history":[{"count":26,"href":"https:\/\/institutos.ufrrj.br\/icsa\/wp-json\/wp\/v2\/pages\/2422\/revisions"}],"predecessor-version":[{"id":9225,"href":"https:\/\/institutos.ufrrj.br\/icsa\/wp-json\/wp\/v2\/pages\/2422\/revisions\/9225"}],"up":[{"embeddable":true,"href":"https:\/\/institutos.ufrrj.br\/icsa\/wp-json\/wp\/v2\/pages\/197"}],"wp:attachment":[{"href":"https:\/\/institutos.ufrrj.br\/icsa\/wp-json\/wp\/v2\/media?parent=2422"}],"curies":[{"name":"wp","href":"https:\/\/api.w.org\/{rel}","templated":true}]}}