{"id":2476,"date":"2018-09-17T16:22:33","date_gmt":"2018-09-17T16:22:33","guid":{"rendered":"http:\/\/institutos.ufrrj.br\/icsa\/?page_id=2476"},"modified":"2025-08-14T09:44:39","modified_gmt":"2025-08-14T12:44:39","slug":"chefia-do-dccf","status":"publish","type":"page","link":"https:\/\/institutos.ufrrj.br\/icsa\/dccf\/chefia-do-dccf\/","title":{"rendered":"Chefia do DCCF"},"content":{"rendered":"<p><strong>Chefe Titular (Pr\u00f3-tempore):<\/strong> Alexandre Jos\u00e9 Teixeira\u00a0 \u00a0 \u00a0 \u00a0 \u00a0 \u00a0 \u00a0 \u00a0 \u00a0 \u00a0 \u00a0 \u00a0 \u00a0<strong>E-mail:<\/strong>\u00a0<span dir=\"ltr\">alexandrejoseteixeira@ufrrj.br<\/span><\/p>\n<p><strong>Vice-chefe Titular (Pr\u00f3-tempore): <\/strong>Fabr\u00edcia de Farias da Silva Constantino\u00a0 <strong>E-mail:<\/strong> fabriciadefarias@ufrrj.br<\/p>\n<p><strong>Chefia<\/strong> <strong>DCCF<\/strong>\u00a0 \u00a0 \u00a0 \u00a0 \u00a0 \u00a0 \u00a0 \u00a0 \u00a0 \u00a0 \u00a0 \u00a0 \u00a0 \u00a0 \u00a0 \u00a0 \u00a0 \u00a0 \u00a0 \u00a0 \u00a0 \u00a0 \u00a0 \u00a0 \u00a0 \u00a0 \u00a0 \u00a0 \u00a0 \u00a0 \u00a0 \u00a0 \u00a0 \u00a0 \u00a0 \u00a0 \u00a0 \u00a0 \u00a0 \u00a0 \u00a0 \u00a0 \u00a0 \u00a0 \u00a0 <strong>E-mail:<\/strong>\u00a0<span dir=\"ltr\">dccf@ufrrj.br<\/span><\/p>\n<p><strong>Secret\u00e1rio:<\/strong> Paulo Vitor dos Santos\u00a0 \u00a0 \u00a0 \u00a0 \u00a0 \u00a0 \u00a0 \u00a0 \u00a0 \u00a0 \u00a0 \u00a0 \u00a0 \u00a0 \u00a0 \u00a0 \u00a0 \u00a0 \u00a0 \u00a0 \u00a0 \u00a0 \u00a0 \u00a0 \u00a0 \u00a0 \u00a0 \u00a0<strong>E-mail: <\/strong>paulovitor@ufrrj.br<\/p>\n<p><strong>Composi\u00e7\u00e3o e Compet\u00eancia da Chefia do Departamento previsto no Regimento Interno da UFRRJ &#8211; (DELIBERA\u00c7\u00c3O N\u00ba015, DE 23 DE MAR\u00c7O DE 2012).\u00a0<\/strong><\/p>\n<p><strong>Da Chefia de Departamento<\/strong><\/p>\n<p><strong>Art. 79 \u2013 A Chefia de Departamento \u00e9 composta por:<\/strong><br \/>\na) Chefe;<br \/>\nb) Vice-Chefe;<br \/>\nc) Secretaria Administrativa.<\/p>\n<p><strong>Art. 80 \u2013 Compete ao Chefe de Departamento:<\/strong><br \/>\nI \u2013 a gest\u00e3o e a superintend\u00eancia das atividades do Departamento;<br \/>\nII \u2013 representar o Departamento;<br \/>\nIII \u2013 presidir as reuni\u00f5es do Colegiado do Departamento;<br \/>\nIV \u2013 elaborar a distribui\u00e7\u00e3o de disciplinas de cada per\u00edodo letivo em conson\u00e2ncia com as coordena\u00e7\u00f5es dos cursos para os quais o Departamento oferece disciplinas;<br \/>\nV \u2013 encaminhar as delibera\u00e7\u00f5es do Departamento \u00e0s inst\u00e2ncias competentes, zelando para que as mesmas venham a ser fielmente cumpridas;<br \/>\nVI \u2013 dar cumprimento \u00e0s delibera\u00e7\u00f5es do CONSUNI e do Colegiado do Departamento;<br \/>\nVII \u2013 supervisionar e avaliar o desenvolvimento das atividades de ensino, pesquisa e extens\u00e3o do Departamento para prover acerca de sua regularidade, disciplina, decoro e efic\u00e1cia;<br \/>\nVIII \u2013 promover a divulga\u00e7\u00e3o das atividades do Departamento;<br \/>\nIX \u2013 propor conv\u00eanios, contratos, acordos e ajustes;<br \/>\nX \u2013 estimular e apoiar a participa\u00e7\u00e3o do Departamento em eventos culturais;<br \/>\nXI \u2013 superintender a administra\u00e7\u00e3o dos bens patrimoniais em uso no Departamento e o emprego de recursos financeiros, prestando contas aos \u00f3rg\u00e3os competentes da Universidade;<br \/>\nXII \u2013 propor execu\u00e7\u00e3o de servi\u00e7os ou obras e aquisi\u00e7\u00e3o de material;<br \/>\nXIII \u2013 assegurar a execu\u00e7\u00e3o do regime did\u00e1tico, especialmente no que concerne a programas e hor\u00e1rios das disciplinas do Departamento;<br \/>\nXIV \u2013 cumprir e fazer cumprir o Estatuto da Universidade, este Regimento, normas legais e decis\u00f5es administrativas;<br \/>\nXV \u2013 promover reuni\u00f5es, semin\u00e1rios e encontros cient\u00edficos e culturais;<br \/>\nXVI \u2013 zelar pelo fiel cumprimento do regime disciplinar a que est\u00e3o sujeitos os docentes e t\u00e9cnico-administrativos da Universidade, no \u00e2mbito do Departamento;<br \/>\nXVII \u2013 encaminhar \u00e0 Diretoria do Instituto, nos prazos regulamentares, o Plano Anual das Atividades do Departamento para o exerc\u00edcio seguinte;<br \/>\nXVIII \u2013 apresentar \u00e0 Diretoria do Instituto nos prazos regulamentares e tornar p\u00fablico o relat\u00f3rio das atividades desenvolvidas no Departamento;<br \/>\nXIX \u2013 fiscalizar a frequ\u00eancia dos servidores, manter a ordem e a disciplina, propor a instaura\u00e7\u00e3o de sindic\u00e2ncias e processos administrativos disciplinares;<br \/>\nXX \u2013 propor \u00e0 Diretoria do Instituto a constitui\u00e7\u00e3o de comiss\u00f5es ou grupos de trabalho destinados \u00e0 realiza\u00e7\u00e3o de tarefas espec\u00edficas;<br \/>\nXXI \u2013 desempenhar outras fun\u00e7\u00f5es inerentes ao cargo, de acordo com o disposto no Estatuto e neste Regimento;<br \/>\nXXII \u2013 adotar medidas de urg\u00eancia, ad referendum do Colegiado do Departamento.<br \/>\n\u00a7 1\u00ba \u2013 O Chefe e o Vice-Chefe s\u00e3o docentes do quadro permanente do Departamento em regime de tempo integral, eleitos para mandatos de dois anos, com possibilidade de at\u00e9 tr\u00eas recondu\u00e7\u00f5es, nos termos da legisla\u00e7\u00e3o vigente e deste Regimento.<br \/>\n\u00a7 2\u00ba \u2013 Participam da escolha do Chefe e do Vice-Chefe docentes e t\u00e9cnicos lotados no departamento e discentes dos cursos que participam da escolha de representantes junto ao Colegiado do Departamento.<\/p>\n","protected":false},"excerpt":{"rendered":"<p>Chefe Titular (Pr\u00f3-tempore): Alexandre Jos\u00e9 Teixeira\u00a0 \u00a0 \u00a0 \u00a0 \u00a0 \u00a0 \u00a0 \u00a0 \u00a0 \u00a0 \u00a0 \u00a0 \u00a0E-mail:\u00a0alexandrejoseteixeira@ufrrj.br Vice-chefe Titular <a class=\"read-more\" href=\"https:\/\/institutos.ufrrj.br\/icsa\/dccf\/chefia-do-dccf\/\">&#8230; <em>leia mais <\/em> <i class=\"fa fa-long-arrow-right\"><\/i><\/a><\/p>\n","protected":false},"author":20,"featured_media":0,"parent":194,"menu_order":0,"comment_status":"closed","ping_status":"closed","template":"","meta":{"_acf_changed":false,"_themeisle_gutenberg_block_has_review":false,"footnotes":"","_links_to":"","_links_to_target":""},"class_list":["post-2476","page","type-page","status-publish","hentry"],"acf":[],"yoast_head":"<!-- This site is optimized with the Yoast SEO plugin v26.8 - https:\/\/yoast.com\/product\/yoast-seo-wordpress\/ -->\n<title>Chefia do DCCF - ICSA<\/title>\n<meta name=\"robots\" content=\"index, follow, max-snippet:-1, max-image-preview:large, max-video-preview:-1\" \/>\n<link rel=\"canonical\" href=\"https:\/\/institutos.ufrrj.br\/icsa\/dccf\/chefia-do-dccf\/\" \/>\n<meta property=\"og:locale\" content=\"pt_BR\" \/>\n<meta property=\"og:type\" content=\"article\" \/>\n<meta property=\"og:title\" content=\"Chefia do DCCF - ICSA\" \/>\n<meta property=\"og:description\" content=\"Chefe Titular (Pr\u00f3-tempore): Alexandre Jos\u00e9 Teixeira\u00a0 \u00a0 \u00a0 \u00a0 \u00a0 \u00a0 \u00a0 \u00a0 \u00a0 \u00a0 \u00a0 \u00a0 \u00a0E-mail:\u00a0alexandrejoseteixeira@ufrrj.br Vice-chefe Titular ... leia mais\" \/>\n<meta property=\"og:url\" content=\"https:\/\/institutos.ufrrj.br\/icsa\/dccf\/chefia-do-dccf\/\" \/>\n<meta property=\"og:site_name\" content=\"ICSA\" \/>\n<meta property=\"article:publisher\" content=\"https:\/\/www.facebook.com\/ICSA-189767328193686\/\" \/>\n<meta property=\"article:modified_time\" content=\"2025-08-14T12:44:39+00:00\" \/>\n<meta name=\"twitter:card\" content=\"summary_large_image\" \/>\n<meta name=\"twitter:label1\" content=\"Est. tempo de leitura\" \/>\n\t<meta name=\"twitter:data1\" content=\"3 minutos\" \/>\n<script type=\"application\/ld+json\" class=\"yoast-schema-graph\">{\"@context\":\"https:\/\/schema.org\",\"@graph\":[{\"@type\":\"WebPage\",\"@id\":\"https:\/\/institutos.ufrrj.br\/icsa\/dccf\/chefia-do-dccf\/\",\"url\":\"https:\/\/institutos.ufrrj.br\/icsa\/dccf\/chefia-do-dccf\/\",\"name\":\"Chefia do DCCF - ICSA\",\"isPartOf\":{\"@id\":\"https:\/\/institutos.ufrrj.br\/icsa\/#website\"},\"datePublished\":\"2018-09-17T16:22:33+00:00\",\"dateModified\":\"2025-08-14T12:44:39+00:00\",\"breadcrumb\":{\"@id\":\"https:\/\/institutos.ufrrj.br\/icsa\/dccf\/chefia-do-dccf\/#breadcrumb\"},\"inLanguage\":\"pt-BR\",\"potentialAction\":[{\"@type\":\"ReadAction\",\"target\":[\"https:\/\/institutos.ufrrj.br\/icsa\/dccf\/chefia-do-dccf\/\"]}]},{\"@type\":\"BreadcrumbList\",\"@id\":\"https:\/\/institutos.ufrrj.br\/icsa\/dccf\/chefia-do-dccf\/#breadcrumb\",\"itemListElement\":[{\"@type\":\"ListItem\",\"position\":1,\"name\":\"In\u00edcio\",\"item\":\"https:\/\/institutos.ufrrj.br\/icsa\/\"},{\"@type\":\"ListItem\",\"position\":2,\"name\":\"CI\u00caNCIAS CONT\u00c1BEIS E FINAN\u00c7AS (DCCF)\",\"item\":\"https:\/\/institutos.ufrrj.br\/icsa\/dccf\/\"},{\"@type\":\"ListItem\",\"position\":3,\"name\":\"Chefia do DCCF\"}]},{\"@type\":\"WebSite\",\"@id\":\"https:\/\/institutos.ufrrj.br\/icsa\/#website\",\"url\":\"https:\/\/institutos.ufrrj.br\/icsa\/\",\"name\":\"ICSA\",\"description\":\"Institutos de Ci\u00eancias Sociais Aplicadas\",\"publisher\":{\"@id\":\"https:\/\/institutos.ufrrj.br\/icsa\/#organization\"},\"potentialAction\":[{\"@type\":\"SearchAction\",\"target\":{\"@type\":\"EntryPoint\",\"urlTemplate\":\"https:\/\/institutos.ufrrj.br\/icsa\/?s={search_term_string}\"},\"query-input\":{\"@type\":\"PropertyValueSpecification\",\"valueRequired\":true,\"valueName\":\"search_term_string\"}}],\"inLanguage\":\"pt-BR\"},{\"@type\":\"Organization\",\"@id\":\"https:\/\/institutos.ufrrj.br\/icsa\/#organization\",\"name\":\"ICSA\",\"url\":\"https:\/\/institutos.ufrrj.br\/icsa\/\",\"logo\":{\"@type\":\"ImageObject\",\"inLanguage\":\"pt-BR\",\"@id\":\"https:\/\/institutos.ufrrj.br\/icsa\/#\/schema\/logo\/image\/\",\"url\":\"https:\/\/institutos.ufrrj.br\/icsa\/wp-content\/uploads\/sites\/101\/2023\/10\/logo_icsa_cor_horz_01-4-1.png\",\"contentUrl\":\"https:\/\/institutos.ufrrj.br\/icsa\/wp-content\/uploads\/sites\/101\/2023\/10\/logo_icsa_cor_horz_01-4-1.png\",\"width\":300,\"height\":101,\"caption\":\"ICSA\"},\"image\":{\"@id\":\"https:\/\/institutos.ufrrj.br\/icsa\/#\/schema\/logo\/image\/\"},\"sameAs\":[\"https:\/\/www.facebook.com\/ICSA-189767328193686\/\",\"https:\/\/www.instagram.com\/icsa.ufrrj\/\",\"https:\/\/www.youtube.com\/@icsaufrrj\"]}]}<\/script>\n<!-- \/ Yoast SEO plugin. -->","yoast_head_json":{"title":"Chefia do DCCF - ICSA","robots":{"index":"index","follow":"follow","max-snippet":"max-snippet:-1","max-image-preview":"max-image-preview:large","max-video-preview":"max-video-preview:-1"},"canonical":"https:\/\/institutos.ufrrj.br\/icsa\/dccf\/chefia-do-dccf\/","og_locale":"pt_BR","og_type":"article","og_title":"Chefia do DCCF - ICSA","og_description":"Chefe Titular (Pr\u00f3-tempore): Alexandre Jos\u00e9 Teixeira\u00a0 \u00a0 \u00a0 \u00a0 \u00a0 \u00a0 \u00a0 \u00a0 \u00a0 \u00a0 \u00a0 \u00a0 \u00a0E-mail:\u00a0alexandrejoseteixeira@ufrrj.br Vice-chefe Titular ... leia mais","og_url":"https:\/\/institutos.ufrrj.br\/icsa\/dccf\/chefia-do-dccf\/","og_site_name":"ICSA","article_publisher":"https:\/\/www.facebook.com\/ICSA-189767328193686\/","article_modified_time":"2025-08-14T12:44:39+00:00","twitter_card":"summary_large_image","twitter_misc":{"Est. tempo de leitura":"3 minutos"},"schema":{"@context":"https:\/\/schema.org","@graph":[{"@type":"WebPage","@id":"https:\/\/institutos.ufrrj.br\/icsa\/dccf\/chefia-do-dccf\/","url":"https:\/\/institutos.ufrrj.br\/icsa\/dccf\/chefia-do-dccf\/","name":"Chefia do DCCF - ICSA","isPartOf":{"@id":"https:\/\/institutos.ufrrj.br\/icsa\/#website"},"datePublished":"2018-09-17T16:22:33+00:00","dateModified":"2025-08-14T12:44:39+00:00","breadcrumb":{"@id":"https:\/\/institutos.ufrrj.br\/icsa\/dccf\/chefia-do-dccf\/#breadcrumb"},"inLanguage":"pt-BR","potentialAction":[{"@type":"ReadAction","target":["https:\/\/institutos.ufrrj.br\/icsa\/dccf\/chefia-do-dccf\/"]}]},{"@type":"BreadcrumbList","@id":"https:\/\/institutos.ufrrj.br\/icsa\/dccf\/chefia-do-dccf\/#breadcrumb","itemListElement":[{"@type":"ListItem","position":1,"name":"In\u00edcio","item":"https:\/\/institutos.ufrrj.br\/icsa\/"},{"@type":"ListItem","position":2,"name":"CI\u00caNCIAS CONT\u00c1BEIS E FINAN\u00c7AS (DCCF)","item":"https:\/\/institutos.ufrrj.br\/icsa\/dccf\/"},{"@type":"ListItem","position":3,"name":"Chefia do DCCF"}]},{"@type":"WebSite","@id":"https:\/\/institutos.ufrrj.br\/icsa\/#website","url":"https:\/\/institutos.ufrrj.br\/icsa\/","name":"ICSA","description":"Institutos de Ci\u00eancias Sociais Aplicadas","publisher":{"@id":"https:\/\/institutos.ufrrj.br\/icsa\/#organization"},"potentialAction":[{"@type":"SearchAction","target":{"@type":"EntryPoint","urlTemplate":"https:\/\/institutos.ufrrj.br\/icsa\/?s={search_term_string}"},"query-input":{"@type":"PropertyValueSpecification","valueRequired":true,"valueName":"search_term_string"}}],"inLanguage":"pt-BR"},{"@type":"Organization","@id":"https:\/\/institutos.ufrrj.br\/icsa\/#organization","name":"ICSA","url":"https:\/\/institutos.ufrrj.br\/icsa\/","logo":{"@type":"ImageObject","inLanguage":"pt-BR","@id":"https:\/\/institutos.ufrrj.br\/icsa\/#\/schema\/logo\/image\/","url":"https:\/\/institutos.ufrrj.br\/icsa\/wp-content\/uploads\/sites\/101\/2023\/10\/logo_icsa_cor_horz_01-4-1.png","contentUrl":"https:\/\/institutos.ufrrj.br\/icsa\/wp-content\/uploads\/sites\/101\/2023\/10\/logo_icsa_cor_horz_01-4-1.png","width":300,"height":101,"caption":"ICSA"},"image":{"@id":"https:\/\/institutos.ufrrj.br\/icsa\/#\/schema\/logo\/image\/"},"sameAs":["https:\/\/www.facebook.com\/ICSA-189767328193686\/","https:\/\/www.instagram.com\/icsa.ufrrj\/","https:\/\/www.youtube.com\/@icsaufrrj"]}]}},"_links":{"self":[{"href":"https:\/\/institutos.ufrrj.br\/icsa\/wp-json\/wp\/v2\/pages\/2476","targetHints":{"allow":["GET"]}}],"collection":[{"href":"https:\/\/institutos.ufrrj.br\/icsa\/wp-json\/wp\/v2\/pages"}],"about":[{"href":"https:\/\/institutos.ufrrj.br\/icsa\/wp-json\/wp\/v2\/types\/page"}],"author":[{"embeddable":true,"href":"https:\/\/institutos.ufrrj.br\/icsa\/wp-json\/wp\/v2\/users\/20"}],"replies":[{"embeddable":true,"href":"https:\/\/institutos.ufrrj.br\/icsa\/wp-json\/wp\/v2\/comments?post=2476"}],"version-history":[{"count":25,"href":"https:\/\/institutos.ufrrj.br\/icsa\/wp-json\/wp\/v2\/pages\/2476\/revisions"}],"predecessor-version":[{"id":9279,"href":"https:\/\/institutos.ufrrj.br\/icsa\/wp-json\/wp\/v2\/pages\/2476\/revisions\/9279"}],"up":[{"embeddable":true,"href":"https:\/\/institutos.ufrrj.br\/icsa\/wp-json\/wp\/v2\/pages\/194"}],"wp:attachment":[{"href":"https:\/\/institutos.ufrrj.br\/icsa\/wp-json\/wp\/v2\/media?parent=2476"}],"curies":[{"name":"wp","href":"https:\/\/api.w.org\/{rel}","templated":true}]}}