{"id":2480,"date":"2018-09-17T16:23:06","date_gmt":"2018-09-17T16:23:06","guid":{"rendered":"http:\/\/institutos.ufrrj.br\/icsa\/?page_id=2480"},"modified":"2024-01-23T11:06:25","modified_gmt":"2024-01-23T14:06:25","slug":"componentes-curriculares","status":"publish","type":"page","link":"https:\/\/institutos.ufrrj.br\/icsa\/dccf\/componentes-curriculares\/","title":{"rendered":""},"content":{"rendered":"\n<figure class=\"wp-block-table is-style-stripes\"><table><tbody><tr><td>IH169<\/td><td>ADMINISTRA\u00c7\u00c3O FINANCEIRA <\/td><td>60 h<\/td><td>DISCIPLINA<\/td><td>Presencial<\/td><td>https:\/\/drive.google.com\/file\/d\/1h06Jn2fqxbUe8F7cog1-GOXXWHQNTE54\/view?usp=sharing <\/td><\/tr><tr><td>IH169<\/td><td>ADMINISTRA\u00c7\u00c3O FINANCEIRA I<\/td><td>60 h<\/td><td>DISCIPLINA<\/td><td>Presencial<\/td><td><\/td><\/tr><tr><td>IH170<\/td><td>ADMINISTRA\u00c7\u00c3O FINANCEIRA II<\/td><td>60 h<\/td><td>DISCIPLINA<\/td><td><\/td><td><\/td><\/tr><tr><td>IS417<\/td><td>AN\u00c1LISE CONT\u00c1BIL-FINANCEIRA<\/td><td>60 h<\/td><td>DISCIPLINA<\/td><td><\/td><td><\/td><\/tr><tr><td>IH173<\/td><td>AN\u00c1LISE DAS DEMONSTRA\u00c7\u00d5ES CONT\u00c1BEIS<\/td><td>60 h<\/td><td>DISCIPLINA<\/td><td><\/td><td><\/td><\/tr><tr><td>IS408<\/td><td>ASPECTOS TE\u00d3RICOS DA CONTABILIDADE<\/td><td>60 h<\/td><td>DISCIPLINA<\/td><td><\/td><td><\/td><\/tr><tr><td>TH106<\/td><td>AUDITORIA EMPRESARIAL<\/td><td>60 h<\/td><td>DISCIPLINA<\/td><td><\/td><td><\/td><\/tr><tr><td>IS420<\/td><td>AUDITORIA EMPRESARIAL I<\/td><td>30 h<\/td><td>DISCIPLINA<\/td><td><\/td><td><\/td><\/tr><tr><td>IS421<\/td><td>AUDITORIA EMPRESARIAL II<\/td><td>60 h<\/td><td>DISCIPLINA<\/td><td><\/td><td><\/td><\/tr><tr><td>IH693<\/td><td>AUDITORIA GOVERNAMENTAL<\/td><td>60 h<\/td><td>DISCIPLINA<\/td><td><\/td><td><\/td><\/tr><tr><td>IS427<\/td><td>AUDITORIA P\u00daBLICA<\/td><td>30 h<\/td><td>DISCIPLINA<\/td><td><\/td><td><\/td><\/tr><tr><td>TH109<\/td><td>AVALIA\u00c7\u00c3O DE ATIVIDADES ATUARIAIS<\/td><td>60 h<\/td><td>DISCIPLINA<\/td><td><\/td><td><\/td><\/tr><tr><td>TH102<\/td><td>BALAN\u00c7O SOCIAL E AMBIENTAL NAS EMPRESAS<\/td><td>60 h<\/td><td>DISCIPLINA<\/td><td><\/td><td><\/td><\/tr><tr><td>IH692<\/td><td>CONTABILIDADE APLICADA \u00c0 INSTITUI\u00c7\u00d5ES FINANCEIRAS<\/td><td>60 h<\/td><td>DISCIPLINA<\/td><td><\/td><td><\/td><\/tr><tr><td>IS423<\/td><td>CONTABILIDADE ATUARIAL E DE SEGUROS<\/td><td>60 h<\/td><td>DISCIPLINA<\/td><td><\/td><td><\/td><\/tr><tr><td>TH107<\/td><td>CONTABILIDADE AVAN\u00c7ADA I<\/td><td>60 h<\/td><td>DISCIPLINA<\/td><td><\/td><td><\/td><\/tr><tr><td>TH108<\/td><td>CONTABILIDADE AVAN\u00c7ADA II<\/td><td>60 h<\/td><td>DISCIPLINA<\/td><td><\/td><td><\/td><\/tr><tr><td>IH149<\/td><td>CONTABILIDADE B\u00c1SICA<\/td><td>60 h<\/td><td>DISCIPLINA<\/td><td><\/td><td><\/td><\/tr><tr><td>IH685<\/td><td>CONTABILIDADE DE AGRONEG\u00d3CIO<\/td><td>60 h<\/td><td>DISCIPLINA<\/td><td><\/td><td><\/td><\/tr><tr><td>IS405<\/td><td>CONTABILIDADE DE CUSTOS<\/td><td>60 h<\/td><td>DISCIPLINA<\/td><td><\/td><td><\/td><\/tr><tr><td>IS431<\/td><td>CONTABILIDADE DE INSTITUI\u00c7\u00d5ES FINANCEIRAS<\/td><td>30 h<\/td><td>DISCIPLINA<\/td><td><\/td><td><\/td><\/tr><tr><td>IH683<\/td><td>CONTABILIDADE E AN\u00c1LISE DE CUSTOS<\/td><td>60 h<\/td><td>DISCIPLINA<\/td><td><\/td><td><\/td><\/tr><tr><td>IS414<\/td><td>CONTABILIDADE EM ENTIDADES DO TERCEIRO SETOR<\/td><td>30 h<\/td><td>DISCIPLINA<\/td><td><\/td><td><\/td><\/tr><tr><td>IH689<\/td><td>CONTABILIDADE EM ORGANIZA\u00c7\u00d5ES DO TERCEIRO SETOR<\/td><td>60 h<\/td><td>DISCIPLINA<\/td><td><\/td><td><\/td><\/tr><tr><td>IS416<\/td><td>CONTABILIDADE FINANCEIRA AVAN\u00c7ADA I<\/td><td>60 h<\/td><td>DISCIPLINA<\/td><td><\/td><td><\/td><\/tr><tr><td>IS422<\/td><td>CONTABILIDADE FINANCEIRA AVAN\u00c7ADA II<\/td><td>60 h<\/td><td>DISCIPLINA<\/td><td><\/td><td><\/td><\/tr><tr><td>IS430<\/td><td>CONTABILIDADE FINANCEIRA DO AGRONEG\u00d3CIO<\/td><td>30 h<\/td><td>DISCIPLINA<\/td><td><\/td><td><\/td><\/tr><tr><td>IS434<\/td><td>CONTABILIDADE GERAL<\/td><td>60 h<\/td><td>DISCIPLINA<\/td><td><\/td><td><\/td><\/tr><tr><td>IH122<\/td><td>CONTABILIDADE GERAL I<\/td><td>60 h<\/td><td>DISCIPLINA<\/td><td><\/td><td><\/td><\/tr><tr><td>IH123<\/td><td>CONTABILIDADE GERAL II<\/td><td>60 h<\/td><td>DISCIPLINA<\/td><td><\/td><td><\/td><\/tr><tr><td>IS429<\/td><td>CONTABILIDADE GERAL PARA HOT\u00c9IS<\/td><td>60 h<\/td><td>DISCIPLINA<\/td><td><\/td><td><\/td><\/tr><tr><td>IH697<\/td><td>CONTABILIDADE GERENCIAL<\/td><td>60 h<\/td><td>DISCIPLINA<\/td><td><\/td><td><\/td><\/tr><tr><td>IS409<\/td><td>CONTABILIDADE GERENCIAL PARA TOMADA DE DECIS\u00c3O<\/td><td>60 h<\/td><td>DISCIPLINA<\/td><td><\/td><td><\/td><\/tr><tr><td>TH103<\/td><td>CONTABILIDADE GOVERNAMENTAL<\/td><td>60 h<\/td><td>DISCIPLINA<\/td><td><\/td><td><\/td><\/tr><tr><td>IS410<\/td><td>CONTABILIDADE GOVERNAMENTAL I<\/td><td>60 h<\/td><td>DISCIPLINA<\/td><td><\/td><td><\/td><\/tr><tr><td>IS412<\/td><td>CONTABILIDADE GOVERNAMENTAL II<\/td><td>60 h<\/td><td>DISCIPLINA<\/td><td><\/td><td><\/td><\/tr><tr><td>IH687<\/td><td>CONTABILIDADE HOTELEIRA<\/td><td>60 h<\/td><td>DISCIPLINA<\/td><td><\/td><td><\/td><\/tr><tr><td>IH677<\/td><td>CONTABILIDADE I<\/td><td>60 h<\/td><td>DISCIPLINA<\/td><td><\/td><td><\/td><\/tr><tr><td>IH678<\/td><td>CONTABILIDADE II<\/td><td>60 h<\/td><td>DISCIPLINA<\/td><td><\/td><td><\/td><\/tr><tr><td>IH682<\/td><td>CONTABILIDADE III<\/td><td>60 h<\/td><td>DISCIPLINA<\/td><td><\/td><td><\/td><\/tr><tr><td>IS403<\/td><td>CONTABILIDADE INTERMEDI\u00c1RIA I<\/td><td>60 h<\/td><td>DISCIPLINA<\/td><td><\/td><td><\/td><\/tr><tr><td>IS411<\/td><td>CONTABILIDADE INTERMEDI\u00c1RIA II<\/td><td>60 h<\/td><td>DISCIPLINA<\/td><td><\/td><td><\/td><\/tr><tr><td>IS401<\/td><td>CONTABILIDADE INTRODUT\u00d3RIA I<\/td><td>60 h<\/td><td>DISCIPLINA<\/td><td><\/td><td><\/td><\/tr><tr><td>IS402<\/td><td>CONTABILIDADE INTRODUT\u00d3RIA II<\/td><td>60 h<\/td><td>DISCIPLINA<\/td><td><\/td><td><\/td><\/tr><tr><td>IS428<\/td><td>CONTABILIDADE SOCIOAMBIENTAL<\/td><td>30 h<\/td><td>DISCIPLINA<\/td><td><\/td><td><\/td><\/tr><tr><td>TH101<\/td><td>CONTABILIDADE TRIBUT\u00c1RIA<\/td><td>60 h<\/td><td>DISCIPLINA<\/td><td><\/td><td><\/td><\/tr><tr><td>TH114<\/td><td>CONTABILIDADE TRIBUT\u00c1RIA AVAN\u00c7ADA<\/td><td>60 h<\/td><td>DISCIPLINA<\/td><td><\/td><td><\/td><\/tr><tr><td>IS413<\/td><td>CONTABILIDADE TRIBUT\u00c1RIA I<\/td><td>60 h<\/td><td>DISCIPLINA<\/td><td><\/td><td><\/td><\/tr><tr><td>IS419<\/td><td>CONTABILIDADE TRIBUT\u00c1RIA II<\/td><td>30 h<\/td><td>DISCIPLINA<\/td><td><\/td><td><\/td><\/tr><tr><td>TH104<\/td><td>CONTROLADORIA<\/td><td>60 h<\/td><td>DISCIPLINA<\/td><td><\/td><td><\/td><\/tr><tr><td>IS418<\/td><td>CONTROLADORIA ESTRAT\u00c9GICA<\/td><td>60 h<\/td><td>DISCIPLINA<\/td><td><\/td><td><\/td><\/tr><tr><td>IH699<\/td><td>ELABORA\u00c7\u00c3O DAS DEMONSTRA\u00c7\u00d5ES CONT\u00c1BEIS<\/td><td>60 h<\/td><td>DISCIPLINA<\/td><td><\/td><td><\/td><\/tr><tr><td>TH111<\/td><td>EST\u00c1GIO CURRICULAR SUPERVISIONADO<\/td><td>30 h<\/td><td>DISCIPLINA<\/td><td><\/td><td><\/td><\/tr><tr><td>IS407<\/td><td>\u00c9TICA GERAL E PROFISSIONAL EM CONTABILIDADE<\/td><td>30 h<\/td><td>DISCIPLINA<\/td><td><\/td><td><\/td><\/tr><tr><td>TH116<\/td><td>FINAN\u00c7AS PESSOAIS<\/td><td>60 h<\/td><td>DISCIPLINA<\/td><td><\/td><td><\/td><\/tr><tr><td>IS433<\/td><td>FINAN\u00c7AS PESSOAIS<\/td><td>60 h<\/td><td>DISCIPLINA<\/td><td><\/td><td><\/td><\/tr><tr><td>IH168<\/td><td>GER\u00caNCIA DE INVESTIMENTOS<\/td><td>60 h<\/td><td>DISCIPLINA<\/td><td><\/td><td><\/td><\/tr><tr><td>IS439<\/td><td>GEST\u00c3O CONT\u00c1BIL DO MICROEMPREENDEDOR INDIVIDUAL \u2013 MEI<\/td><td>60 h<\/td><td>DISCIPLINA<\/td><td><\/td><td><\/td><\/tr><tr><td>IS435<\/td><td>GEST\u00c3O E CONTABILIDADE DE CUSTOS<\/td><td>60 h<\/td><td>DISCIPLINA<\/td><td><\/td><td><\/td><\/tr><tr><td>IS436<\/td><td>GEST\u00c3O FINANCEIRA DE CURTO PRAZO<\/td><td>60 h<\/td><td>DISCIPLINA<\/td><td><\/td><td><\/td><\/tr><tr><td>IS437<\/td><td>GEST\u00c3O FINANCEIRA DE LONGO PRAZO &#8211; FINANCIAMENTO<\/td><td>60 h<\/td><td>DISCIPLINA<\/td><td><\/td><td><\/td><\/tr><tr><td>IS438<\/td><td>GEST\u00c3O FINANCEIRA DE LONGO PRAZO &#8211; INVESTIMENTO<\/td><td>60 h<\/td><td>DISCIPLINA<\/td><td><\/td><td><\/td><\/tr><tr><td>TH105<\/td><td>LABORAT\u00d3RIO CONT\u00c1BIL<\/td><td>60 h<\/td><td>DISCIPLINA<\/td><td><\/td><td><\/td><\/tr><tr><td>IH130<\/td><td>MATEM\u00c1TICA FINANCEIRA<\/td><td>60 h<\/td><td>DISCIPLINA<\/td><td><\/td><td><\/td><\/tr><tr><td>IH131<\/td><td>MERCADO FINANCEIRO<\/td><td>60 h<\/td><td>DISCIPLINA<\/td><td><\/td><td><\/td><\/tr><tr><td>IS406<\/td><td>M\u00c9TODOS E T\u00c9CNICAS DE PESQUISA EM CONTABILIDADE<\/td><td>30 h<\/td><td>DISCIPLINA<\/td><td><\/td><td><\/td><\/tr><tr><td>IH132<\/td><td>OR\u00c7AMENTO DE EMPRESA<\/td><td>60 h<\/td><td>DISCIPLINA<\/td><td><\/td><td><\/td><\/tr><tr><td>IH698<\/td><td>OR\u00c7AMENTO E AN\u00c1LISE DE PROJETOS EMPRESARIAIS<\/td><td>60 h<\/td><td>DISCIPLINA<\/td><td><\/td><td><\/td><\/tr><tr><td>TH110<\/td><td>PER\u00cdCIA CONT\u00c1BIL E ARBITRAGEM<\/td><td>60 h<\/td><td>DISCIPLINA<\/td><td><\/td><td><\/td><\/tr><tr><td>IS426<\/td><td>PER\u00cdCIA CONT\u00c1BIL JUDICIAL, EXTRAJUDICIAL E ARBITRAL<\/td><td>60 h<\/td><td>DISCIPLINA<\/td><td><\/td><td><\/td><\/tr><tr><td>IH134<\/td><td>PESQUISA OPERACIONAL I<\/td><td>60 h<\/td><td>DISCIPLINA<\/td><td><\/td><td><\/td><\/tr><tr><td>IS440<\/td><td>PLANEJAMENTO TRIBUT\u00c1RIO<\/td><td>30 h<\/td><td>DISCIPLINA<\/td><td><\/td><td><\/td><\/tr><tr><td>IS415<\/td><td>PR\u00c1TICAS CONT\u00c1BEIS I<\/td><td>30 h<\/td><td>DISCIPLINA<\/td><td><\/td><td><\/td><\/tr><tr><td>IS424<\/td><td>PR\u00c1TICAS CONT\u00c1BEIS II<\/td><td>30 h<\/td><td>DISCIPLINA<\/td><td><\/td><td><\/td><\/tr><tr><td>IS425<\/td><td>PROJETO DE PESQUISA EM CONTABILIDADE<\/td><td>30 h<\/td><td>DISCIPLINA<\/td><td><\/td><td><\/td><\/tr><tr><td>IH690<\/td><td>SISTEMAS DE INFORMA\u00c7\u00d5ES CONT\u00c1BEIS<\/td><td>60 h<\/td><td>DISCIPLINA<\/td><td><\/td><td><\/td><\/tr><tr><td>IS404<\/td><td>SISTEMAS DE INFORMA\u00c7\u00d5ES E PR\u00c1TICAS CONT\u00c1BEIS<\/td><td>60 h<\/td><td>DISCIPLINA<\/td><td><\/td><td><\/td><\/tr><tr><td>IH659<\/td><td>TEORIA DA CONTABILIDADE<\/td><td>60 h<\/td><td>DISCIPLINA<\/td><td><\/td><td><\/td><\/tr><tr><td>IH140<\/td><td>TEORIA E CONTABILIDADE DE CUSTOS<\/td><td>60 h<\/td><td>DISCIPLINA<\/td><td><\/td><td><\/td><\/tr><tr><td>IS432<\/td><td>T\u00d3PICOS AVAN\u00c7ADOS EM CONTABILIDADE INTERNACIONAL<\/td><td>30 h<\/td><td>DISCIPLINA<\/td><td><\/td><td><\/td><\/tr><tr><td>TH115<\/td><td>T\u00d3PICOS AVAN\u00c7ADOS EM CONTABILIDADE INTERNACIONAL<\/td><td>60 h<\/td><td>DISCIPLINA<\/td><td><\/td><td><\/td><\/tr><tr><td>IH686<\/td><td>T\u00d3PICOS CONTEMPOR\u00c2NEOS EM CONTABILIDADE<\/td><td>60 h<\/td><td>DISCIPLINA<\/td><td><\/td><td><\/td><\/tr><\/tbody><\/table><\/figure>\n","protected":false},"excerpt":{"rendered":"<p>IH169 ADMINISTRA\u00c7\u00c3O FINANCEIRA 60 h DISCIPLINA Presencial https:\/\/drive.google.com\/file\/d\/1h06Jn2fqxbUe8F7cog1-GOXXWHQNTE54\/view?usp=sharing IH169 ADMINISTRA\u00c7\u00c3O FINANCEIRA I 60 h DISCIPLINA Presencial IH170 ADMINISTRA\u00c7\u00c3O FINANCEIRA II <a class=\"read-more\" href=\"https:\/\/institutos.ufrrj.br\/icsa\/dccf\/componentes-curriculares\/\">&#8230; <em>leia mais <\/em> <i class=\"fa fa-long-arrow-right\"><\/i><\/a><\/p>\n","protected":false},"author":20,"featured_media":0,"parent":194,"menu_order":0,"comment_status":"closed","ping_status":"closed","template":"","meta":{"_acf_changed":false,"_themeisle_gutenberg_block_has_review":false,"footnotes":"","_links_to":"","_links_to_target":""},"class_list":["post-2480","page","type-page","status-publish","hentry"],"acf":[],"yoast_head":"<!-- This site is optimized with the Yoast SEO plugin v26.8 - https:\/\/yoast.com\/product\/yoast-seo-wordpress\/ -->\n<title>- ICSA<\/title>\n<meta name=\"robots\" content=\"index, follow, max-snippet:-1, max-image-preview:large, max-video-preview:-1\" \/>\n<link rel=\"canonical\" href=\"https:\/\/institutos.ufrrj.br\/icsa\/dccf\/componentes-curriculares\/\" \/>\n<meta property=\"og:locale\" content=\"pt_BR\" \/>\n<meta property=\"og:type\" content=\"article\" \/>\n<meta property=\"og:title\" content=\"- ICSA\" \/>\n<meta property=\"og:description\" content=\"IH169 ADMINISTRA\u00c7\u00c3O FINANCEIRA 60 h DISCIPLINA Presencial https:\/\/drive.google.com\/file\/d\/1h06Jn2fqxbUe8F7cog1-GOXXWHQNTE54\/view?usp=sharing IH169 ADMINISTRA\u00c7\u00c3O FINANCEIRA I 60 h DISCIPLINA Presencial IH170 ADMINISTRA\u00c7\u00c3O FINANCEIRA II ... leia mais\" \/>\n<meta property=\"og:url\" content=\"https:\/\/institutos.ufrrj.br\/icsa\/dccf\/componentes-curriculares\/\" \/>\n<meta property=\"og:site_name\" content=\"ICSA\" \/>\n<meta property=\"article:publisher\" content=\"https:\/\/www.facebook.com\/ICSA-189767328193686\/\" \/>\n<meta property=\"article:modified_time\" content=\"2024-01-23T14:06:25+00:00\" \/>\n<meta name=\"twitter:card\" content=\"summary_large_image\" \/>\n<meta name=\"twitter:label1\" content=\"Est. tempo de leitura\" \/>\n\t<meta name=\"twitter:data1\" content=\"4 minutos\" \/>\n<script type=\"application\/ld+json\" class=\"yoast-schema-graph\">{\"@context\":\"https:\/\/schema.org\",\"@graph\":[{\"@type\":\"WebPage\",\"@id\":\"https:\/\/institutos.ufrrj.br\/icsa\/dccf\/componentes-curriculares\/\",\"url\":\"https:\/\/institutos.ufrrj.br\/icsa\/dccf\/componentes-curriculares\/\",\"name\":\"- ICSA\",\"isPartOf\":{\"@id\":\"https:\/\/institutos.ufrrj.br\/icsa\/#website\"},\"datePublished\":\"2018-09-17T16:23:06+00:00\",\"dateModified\":\"2024-01-23T14:06:25+00:00\",\"breadcrumb\":{\"@id\":\"https:\/\/institutos.ufrrj.br\/icsa\/dccf\/componentes-curriculares\/#breadcrumb\"},\"inLanguage\":\"pt-BR\",\"potentialAction\":[{\"@type\":\"ReadAction\",\"target\":[\"https:\/\/institutos.ufrrj.br\/icsa\/dccf\/componentes-curriculares\/\"]}]},{\"@type\":\"BreadcrumbList\",\"@id\":\"https:\/\/institutos.ufrrj.br\/icsa\/dccf\/componentes-curriculares\/#breadcrumb\",\"itemListElement\":[{\"@type\":\"ListItem\",\"position\":1,\"name\":\"In\u00edcio\",\"item\":\"https:\/\/institutos.ufrrj.br\/icsa\/\"},{\"@type\":\"ListItem\",\"position\":2,\"name\":\"CI\u00caNCIAS CONT\u00c1BEIS E FINAN\u00c7AS (DCCF)\",\"item\":\"https:\/\/institutos.ufrrj.br\/icsa\/dccf\/\"}]},{\"@type\":\"WebSite\",\"@id\":\"https:\/\/institutos.ufrrj.br\/icsa\/#website\",\"url\":\"https:\/\/institutos.ufrrj.br\/icsa\/\",\"name\":\"ICSA\",\"description\":\"Institutos de Ci\u00eancias Sociais Aplicadas\",\"publisher\":{\"@id\":\"https:\/\/institutos.ufrrj.br\/icsa\/#organization\"},\"potentialAction\":[{\"@type\":\"SearchAction\",\"target\":{\"@type\":\"EntryPoint\",\"urlTemplate\":\"https:\/\/institutos.ufrrj.br\/icsa\/?s={search_term_string}\"},\"query-input\":{\"@type\":\"PropertyValueSpecification\",\"valueRequired\":true,\"valueName\":\"search_term_string\"}}],\"inLanguage\":\"pt-BR\"},{\"@type\":\"Organization\",\"@id\":\"https:\/\/institutos.ufrrj.br\/icsa\/#organization\",\"name\":\"ICSA\",\"url\":\"https:\/\/institutos.ufrrj.br\/icsa\/\",\"logo\":{\"@type\":\"ImageObject\",\"inLanguage\":\"pt-BR\",\"@id\":\"https:\/\/institutos.ufrrj.br\/icsa\/#\/schema\/logo\/image\/\",\"url\":\"https:\/\/institutos.ufrrj.br\/icsa\/wp-content\/uploads\/sites\/101\/2023\/10\/logo_icsa_cor_horz_01-4-1.png\",\"contentUrl\":\"https:\/\/institutos.ufrrj.br\/icsa\/wp-content\/uploads\/sites\/101\/2023\/10\/logo_icsa_cor_horz_01-4-1.png\",\"width\":300,\"height\":101,\"caption\":\"ICSA\"},\"image\":{\"@id\":\"https:\/\/institutos.ufrrj.br\/icsa\/#\/schema\/logo\/image\/\"},\"sameAs\":[\"https:\/\/www.facebook.com\/ICSA-189767328193686\/\",\"https:\/\/www.instagram.com\/icsa.ufrrj\/\",\"https:\/\/www.youtube.com\/@icsaufrrj\"]}]}<\/script>\n<!-- \/ Yoast SEO plugin. -->","yoast_head_json":{"title":"- ICSA","robots":{"index":"index","follow":"follow","max-snippet":"max-snippet:-1","max-image-preview":"max-image-preview:large","max-video-preview":"max-video-preview:-1"},"canonical":"https:\/\/institutos.ufrrj.br\/icsa\/dccf\/componentes-curriculares\/","og_locale":"pt_BR","og_type":"article","og_title":"- ICSA","og_description":"IH169 ADMINISTRA\u00c7\u00c3O FINANCEIRA 60 h DISCIPLINA Presencial https:\/\/drive.google.com\/file\/d\/1h06Jn2fqxbUe8F7cog1-GOXXWHQNTE54\/view?usp=sharing IH169 ADMINISTRA\u00c7\u00c3O FINANCEIRA I 60 h DISCIPLINA Presencial IH170 ADMINISTRA\u00c7\u00c3O FINANCEIRA II ... leia mais","og_url":"https:\/\/institutos.ufrrj.br\/icsa\/dccf\/componentes-curriculares\/","og_site_name":"ICSA","article_publisher":"https:\/\/www.facebook.com\/ICSA-189767328193686\/","article_modified_time":"2024-01-23T14:06:25+00:00","twitter_card":"summary_large_image","twitter_misc":{"Est. tempo de leitura":"4 minutos"},"schema":{"@context":"https:\/\/schema.org","@graph":[{"@type":"WebPage","@id":"https:\/\/institutos.ufrrj.br\/icsa\/dccf\/componentes-curriculares\/","url":"https:\/\/institutos.ufrrj.br\/icsa\/dccf\/componentes-curriculares\/","name":"- ICSA","isPartOf":{"@id":"https:\/\/institutos.ufrrj.br\/icsa\/#website"},"datePublished":"2018-09-17T16:23:06+00:00","dateModified":"2024-01-23T14:06:25+00:00","breadcrumb":{"@id":"https:\/\/institutos.ufrrj.br\/icsa\/dccf\/componentes-curriculares\/#breadcrumb"},"inLanguage":"pt-BR","potentialAction":[{"@type":"ReadAction","target":["https:\/\/institutos.ufrrj.br\/icsa\/dccf\/componentes-curriculares\/"]}]},{"@type":"BreadcrumbList","@id":"https:\/\/institutos.ufrrj.br\/icsa\/dccf\/componentes-curriculares\/#breadcrumb","itemListElement":[{"@type":"ListItem","position":1,"name":"In\u00edcio","item":"https:\/\/institutos.ufrrj.br\/icsa\/"},{"@type":"ListItem","position":2,"name":"CI\u00caNCIAS CONT\u00c1BEIS E FINAN\u00c7AS (DCCF)","item":"https:\/\/institutos.ufrrj.br\/icsa\/dccf\/"}]},{"@type":"WebSite","@id":"https:\/\/institutos.ufrrj.br\/icsa\/#website","url":"https:\/\/institutos.ufrrj.br\/icsa\/","name":"ICSA","description":"Institutos de Ci\u00eancias Sociais Aplicadas","publisher":{"@id":"https:\/\/institutos.ufrrj.br\/icsa\/#organization"},"potentialAction":[{"@type":"SearchAction","target":{"@type":"EntryPoint","urlTemplate":"https:\/\/institutos.ufrrj.br\/icsa\/?s={search_term_string}"},"query-input":{"@type":"PropertyValueSpecification","valueRequired":true,"valueName":"search_term_string"}}],"inLanguage":"pt-BR"},{"@type":"Organization","@id":"https:\/\/institutos.ufrrj.br\/icsa\/#organization","name":"ICSA","url":"https:\/\/institutos.ufrrj.br\/icsa\/","logo":{"@type":"ImageObject","inLanguage":"pt-BR","@id":"https:\/\/institutos.ufrrj.br\/icsa\/#\/schema\/logo\/image\/","url":"https:\/\/institutos.ufrrj.br\/icsa\/wp-content\/uploads\/sites\/101\/2023\/10\/logo_icsa_cor_horz_01-4-1.png","contentUrl":"https:\/\/institutos.ufrrj.br\/icsa\/wp-content\/uploads\/sites\/101\/2023\/10\/logo_icsa_cor_horz_01-4-1.png","width":300,"height":101,"caption":"ICSA"},"image":{"@id":"https:\/\/institutos.ufrrj.br\/icsa\/#\/schema\/logo\/image\/"},"sameAs":["https:\/\/www.facebook.com\/ICSA-189767328193686\/","https:\/\/www.instagram.com\/icsa.ufrrj\/","https:\/\/www.youtube.com\/@icsaufrrj"]}]}},"_links":{"self":[{"href":"https:\/\/institutos.ufrrj.br\/icsa\/wp-json\/wp\/v2\/pages\/2480","targetHints":{"allow":["GET"]}}],"collection":[{"href":"https:\/\/institutos.ufrrj.br\/icsa\/wp-json\/wp\/v2\/pages"}],"about":[{"href":"https:\/\/institutos.ufrrj.br\/icsa\/wp-json\/wp\/v2\/types\/page"}],"author":[{"embeddable":true,"href":"https:\/\/institutos.ufrrj.br\/icsa\/wp-json\/wp\/v2\/users\/20"}],"replies":[{"embeddable":true,"href":"https:\/\/institutos.ufrrj.br\/icsa\/wp-json\/wp\/v2\/comments?post=2480"}],"version-history":[{"count":22,"href":"https:\/\/institutos.ufrrj.br\/icsa\/wp-json\/wp\/v2\/pages\/2480\/revisions"}],"predecessor-version":[{"id":7277,"href":"https:\/\/institutos.ufrrj.br\/icsa\/wp-json\/wp\/v2\/pages\/2480\/revisions\/7277"}],"up":[{"embeddable":true,"href":"https:\/\/institutos.ufrrj.br\/icsa\/wp-json\/wp\/v2\/pages\/194"}],"wp:attachment":[{"href":"https:\/\/institutos.ufrrj.br\/icsa\/wp-json\/wp\/v2\/media?parent=2480"}],"curies":[{"name":"wp","href":"https:\/\/api.w.org\/{rel}","templated":true}]}}