{"id":265,"date":"2017-02-02T18:19:02","date_gmt":"2017-02-02T18:19:02","guid":{"rendered":"http:\/\/institutos.ufrrj.br\/icsa\/?page_id=265"},"modified":"2026-01-17T15:25:05","modified_gmt":"2026-01-17T18:25:05","slug":"o-instituto","status":"publish","type":"page","link":"https:\/\/institutos.ufrrj.br\/icsa\/o-instituto\/","title":{"rendered":""},"content":{"rendered":"\n<p>O Instituto de Ci\u00eancias Sociais Aplicadas (ICSA) da Universidade Federal Rural do Rio de Janeiro (UFRRJ) foi criado pela <a rel=\"noreferrer noopener\" href=\"https:\/\/institutos.ufrrj.br\/icsa\/wp-content\/uploads\/sites\/101\/2023\/09\/Deliberacao-no-60-de-30-de-julho-de-2013.pdf\" data-type=\"URL\" data-id=\"https:\/\/institutos.ufrrj.br\/icsa\/wp-content\/uploads\/sites\/101\/2023\/09\/Deliberacao-no-60-de-30-de-julho-de-2013.pdf\" target=\"_blank\"><strong>Delibera\u00e7\u00e3o n\u00ba 60, de 30 de julho de 2013<\/strong><\/a>, tendo como miss\u00e3o \u201cser um instituto inovador, comprometido com a excel\u00eancia acad\u00eamica, cient\u00edfica e tecnol\u00f3gica, formando cidad\u00e3os conscientes do seu papel transformador na sociedade, respeitando a \u00e9tica e a valoriza\u00e7\u00e3o de identidades e culturas com responsabilidade social\u201d (ICSA, s\/d, p. 01). Isto posto, os componentes de sua estrutura organizacional (ver Figura 1) buscam promover o desenvolvimento de a\u00e7\u00f5es que contemplem o trip\u00e9 \u2013 ensino, pesquisa e extens\u00e3o \u2013 de uma universidade p\u00fablica, gratuita e de qualidade.<\/p>\n\n\n\n<div style=\"height:32px\" aria-hidden=\"true\" class=\"wp-block-spacer\"><\/div>\n\n\n\n<p><strong>Figura 1:<\/strong> Composi\u00e7\u00e3o do ICSA UFRRJ<\/p>\n\n\n\n<p><\/p>\n\n\n\n<figure class=\"wp-block-gallery has-nested-images columns-default is-cropped wp-block-gallery-1 is-layout-flex wp-block-gallery-is-layout-flex\">\n<figure class=\"wp-block-image size-large\"><img loading=\"lazy\" decoding=\"async\" width=\"960\" height=\"720\" data-id=\"7565\" src=\"https:\/\/institutos.ufrrj.br\/icsa\/wp-content\/uploads\/sites\/101\/2024\/02\/WhatsApp-Image-2024-02-07-at-14.24.40-1.jpeg\" alt=\"\" class=\"wp-image-7565\" srcset=\"https:\/\/institutos.ufrrj.br\/icsa\/wp-content\/uploads\/sites\/101\/2024\/02\/WhatsApp-Image-2024-02-07-at-14.24.40-1.jpeg 960w, https:\/\/institutos.ufrrj.br\/icsa\/wp-content\/uploads\/sites\/101\/2024\/02\/WhatsApp-Image-2024-02-07-at-14.24.40-1-300x225.jpeg 300w, https:\/\/institutos.ufrrj.br\/icsa\/wp-content\/uploads\/sites\/101\/2024\/02\/WhatsApp-Image-2024-02-07-at-14.24.40-1-768x576.jpeg 768w, https:\/\/institutos.ufrrj.br\/icsa\/wp-content\/uploads\/sites\/101\/2024\/02\/WhatsApp-Image-2024-02-07-at-14.24.40-1-150x113.jpeg 150w, https:\/\/institutos.ufrrj.br\/icsa\/wp-content\/uploads\/sites\/101\/2024\/02\/WhatsApp-Image-2024-02-07-at-14.24.40-1-100x75.jpeg 100w\" sizes=\"auto, (max-width: 960px) 100vw, 960px\" \/><\/figure>\n<\/figure>\n\n\n\n<p class=\"has-small-font-size\"><strong>Fonte:<\/strong> Elaborado pela Dire\u00e7\u00e3o ICSA 2023\/2027.<\/p>\n\n\n\n<div style=\"height:20px\" aria-hidden=\"true\" class=\"wp-block-spacer\"><\/div>\n\n\n\n<p>Logo, o ICSA promove, juntamente com seus cursos de gradua\u00e7\u00e3o e programas de p\u00f3s-gradua\u00e7\u00e3o, a\u00e7\u00f5es educativas que englobam dimens\u00f5es humanit\u00e1rias, favorecendo o desenvolvimento de um conhecimento elaborado coletivamente e que propicia um aprimoramento das compet\u00eancias, t\u00e9cnicas, cogni\u00e7\u00f5es e habilidades intelectuais de sua comunidade. Algo que, sem d\u00favida, s\u00f3 se consolida gra\u00e7as a implanta\u00e7\u00e3o de uma cultura do trabalho pautada pelos preceitos da gest\u00e3o participativa, do esfor\u00e7o e engajamento coletivo, bem como da qualifica\u00e7\u00e3o cont\u00ednua.<\/p>\n\n\n","protected":false},"excerpt":{"rendered":"<p>O Instituto de Ci\u00eancias Sociais Aplicadas (ICSA) da Universidade Federal Rural do Rio de Janeiro (UFRRJ) foi criado pela Delibera\u00e7\u00e3o <a class=\"read-more\" href=\"https:\/\/institutos.ufrrj.br\/icsa\/o-instituto\/\">&#8230; <em>leia mais <\/em> <i class=\"fa fa-long-arrow-right\"><\/i><\/a><\/p>\n","protected":false},"author":89,"featured_media":0,"parent":0,"menu_order":0,"comment_status":"closed","ping_status":"closed","template":"","meta":{"_acf_changed":false,"_themeisle_gutenberg_block_has_review":false,"footnotes":"","_links_to":"","_links_to_target":""},"class_list":["post-265","page","type-page","status-publish","hentry"],"acf":[],"yoast_head":"<!-- This site is optimized with the Yoast SEO plugin v26.8 - https:\/\/yoast.com\/product\/yoast-seo-wordpress\/ -->\n<title>- ICSA<\/title>\n<meta name=\"robots\" content=\"index, follow, max-snippet:-1, max-image-preview:large, max-video-preview:-1\" \/>\n<link rel=\"canonical\" href=\"https:\/\/institutos.ufrrj.br\/icsa\/o-instituto\/\" \/>\n<meta property=\"og:locale\" content=\"pt_BR\" \/>\n<meta property=\"og:type\" content=\"article\" \/>\n<meta property=\"og:title\" content=\"- ICSA\" \/>\n<meta property=\"og:description\" content=\"O Instituto de Ci\u00eancias Sociais Aplicadas (ICSA) da Universidade Federal Rural do Rio de Janeiro (UFRRJ) foi criado pela Delibera\u00e7\u00e3o ... leia mais\" \/>\n<meta property=\"og:url\" content=\"https:\/\/institutos.ufrrj.br\/icsa\/o-instituto\/\" \/>\n<meta property=\"og:site_name\" content=\"ICSA\" \/>\n<meta property=\"article:publisher\" content=\"https:\/\/www.facebook.com\/ICSA-189767328193686\/\" \/>\n<meta property=\"article:modified_time\" content=\"2026-01-17T18:25:05+00:00\" \/>\n<meta property=\"og:image\" content=\"https:\/\/institutos.ufrrj.br\/icsa\/wp-content\/uploads\/sites\/101\/2024\/02\/WhatsApp-Image-2024-02-07-at-14.24.40-1.jpeg\" \/>\n<meta name=\"twitter:card\" content=\"summary_large_image\" \/>\n<meta name=\"twitter:label1\" content=\"Est. tempo de leitura\" \/>\n\t<meta name=\"twitter:data1\" content=\"2 minutos\" \/>\n<script type=\"application\/ld+json\" class=\"yoast-schema-graph\">{\"@context\":\"https:\/\/schema.org\",\"@graph\":[{\"@type\":\"WebPage\",\"@id\":\"https:\/\/institutos.ufrrj.br\/icsa\/o-instituto\/\",\"url\":\"https:\/\/institutos.ufrrj.br\/icsa\/o-instituto\/\",\"name\":\"- ICSA\",\"isPartOf\":{\"@id\":\"https:\/\/institutos.ufrrj.br\/icsa\/#website\"},\"primaryImageOfPage\":{\"@id\":\"https:\/\/institutos.ufrrj.br\/icsa\/o-instituto\/#primaryimage\"},\"image\":{\"@id\":\"https:\/\/institutos.ufrrj.br\/icsa\/o-instituto\/#primaryimage\"},\"thumbnailUrl\":\"https:\/\/institutos.ufrrj.br\/icsa\/wp-content\/uploads\/sites\/101\/2024\/02\/WhatsApp-Image-2024-02-07-at-14.24.40-1.jpeg\",\"datePublished\":\"2017-02-02T18:19:02+00:00\",\"dateModified\":\"2026-01-17T18:25:05+00:00\",\"inLanguage\":\"pt-BR\",\"potentialAction\":[{\"@type\":\"ReadAction\",\"target\":[\"https:\/\/institutos.ufrrj.br\/icsa\/o-instituto\/\"]}]},{\"@type\":\"ImageObject\",\"inLanguage\":\"pt-BR\",\"@id\":\"https:\/\/institutos.ufrrj.br\/icsa\/o-instituto\/#primaryimage\",\"url\":\"https:\/\/institutos.ufrrj.br\/icsa\/wp-content\/uploads\/sites\/101\/2024\/02\/WhatsApp-Image-2024-02-07-at-14.24.40-1.jpeg\",\"contentUrl\":\"https:\/\/institutos.ufrrj.br\/icsa\/wp-content\/uploads\/sites\/101\/2024\/02\/WhatsApp-Image-2024-02-07-at-14.24.40-1.jpeg\",\"width\":960,\"height\":720},{\"@type\":\"WebSite\",\"@id\":\"https:\/\/institutos.ufrrj.br\/icsa\/#website\",\"url\":\"https:\/\/institutos.ufrrj.br\/icsa\/\",\"name\":\"ICSA\",\"description\":\"Institutos de Ci\u00eancias Sociais Aplicadas\",\"publisher\":{\"@id\":\"https:\/\/institutos.ufrrj.br\/icsa\/#organization\"},\"potentialAction\":[{\"@type\":\"SearchAction\",\"target\":{\"@type\":\"EntryPoint\",\"urlTemplate\":\"https:\/\/institutos.ufrrj.br\/icsa\/?s={search_term_string}\"},\"query-input\":{\"@type\":\"PropertyValueSpecification\",\"valueRequired\":true,\"valueName\":\"search_term_string\"}}],\"inLanguage\":\"pt-BR\"},{\"@type\":\"Organization\",\"@id\":\"https:\/\/institutos.ufrrj.br\/icsa\/#organization\",\"name\":\"ICSA\",\"url\":\"https:\/\/institutos.ufrrj.br\/icsa\/\",\"logo\":{\"@type\":\"ImageObject\",\"inLanguage\":\"pt-BR\",\"@id\":\"https:\/\/institutos.ufrrj.br\/icsa\/#\/schema\/logo\/image\/\",\"url\":\"https:\/\/institutos.ufrrj.br\/icsa\/wp-content\/uploads\/sites\/101\/2023\/10\/logo_icsa_cor_horz_01-4-1.png\",\"contentUrl\":\"https:\/\/institutos.ufrrj.br\/icsa\/wp-content\/uploads\/sites\/101\/2023\/10\/logo_icsa_cor_horz_01-4-1.png\",\"width\":300,\"height\":101,\"caption\":\"ICSA\"},\"image\":{\"@id\":\"https:\/\/institutos.ufrrj.br\/icsa\/#\/schema\/logo\/image\/\"},\"sameAs\":[\"https:\/\/www.facebook.com\/ICSA-189767328193686\/\",\"https:\/\/www.instagram.com\/icsa.ufrrj\/\",\"https:\/\/www.youtube.com\/@icsaufrrj\"]}]}<\/script>\n<!-- \/ Yoast SEO plugin. -->","yoast_head_json":{"title":"- ICSA","robots":{"index":"index","follow":"follow","max-snippet":"max-snippet:-1","max-image-preview":"max-image-preview:large","max-video-preview":"max-video-preview:-1"},"canonical":"https:\/\/institutos.ufrrj.br\/icsa\/o-instituto\/","og_locale":"pt_BR","og_type":"article","og_title":"- ICSA","og_description":"O Instituto de Ci\u00eancias Sociais Aplicadas (ICSA) da Universidade Federal Rural do Rio de Janeiro (UFRRJ) foi criado pela Delibera\u00e7\u00e3o ... leia mais","og_url":"https:\/\/institutos.ufrrj.br\/icsa\/o-instituto\/","og_site_name":"ICSA","article_publisher":"https:\/\/www.facebook.com\/ICSA-189767328193686\/","article_modified_time":"2026-01-17T18:25:05+00:00","og_image":[{"url":"https:\/\/institutos.ufrrj.br\/icsa\/wp-content\/uploads\/sites\/101\/2024\/02\/WhatsApp-Image-2024-02-07-at-14.24.40-1.jpeg","type":"","width":"","height":""}],"twitter_card":"summary_large_image","twitter_misc":{"Est. tempo de leitura":"2 minutos"},"schema":{"@context":"https:\/\/schema.org","@graph":[{"@type":"WebPage","@id":"https:\/\/institutos.ufrrj.br\/icsa\/o-instituto\/","url":"https:\/\/institutos.ufrrj.br\/icsa\/o-instituto\/","name":"- ICSA","isPartOf":{"@id":"https:\/\/institutos.ufrrj.br\/icsa\/#website"},"primaryImageOfPage":{"@id":"https:\/\/institutos.ufrrj.br\/icsa\/o-instituto\/#primaryimage"},"image":{"@id":"https:\/\/institutos.ufrrj.br\/icsa\/o-instituto\/#primaryimage"},"thumbnailUrl":"https:\/\/institutos.ufrrj.br\/icsa\/wp-content\/uploads\/sites\/101\/2024\/02\/WhatsApp-Image-2024-02-07-at-14.24.40-1.jpeg","datePublished":"2017-02-02T18:19:02+00:00","dateModified":"2026-01-17T18:25:05+00:00","inLanguage":"pt-BR","potentialAction":[{"@type":"ReadAction","target":["https:\/\/institutos.ufrrj.br\/icsa\/o-instituto\/"]}]},{"@type":"ImageObject","inLanguage":"pt-BR","@id":"https:\/\/institutos.ufrrj.br\/icsa\/o-instituto\/#primaryimage","url":"https:\/\/institutos.ufrrj.br\/icsa\/wp-content\/uploads\/sites\/101\/2024\/02\/WhatsApp-Image-2024-02-07-at-14.24.40-1.jpeg","contentUrl":"https:\/\/institutos.ufrrj.br\/icsa\/wp-content\/uploads\/sites\/101\/2024\/02\/WhatsApp-Image-2024-02-07-at-14.24.40-1.jpeg","width":960,"height":720},{"@type":"WebSite","@id":"https:\/\/institutos.ufrrj.br\/icsa\/#website","url":"https:\/\/institutos.ufrrj.br\/icsa\/","name":"ICSA","description":"Institutos de Ci\u00eancias Sociais Aplicadas","publisher":{"@id":"https:\/\/institutos.ufrrj.br\/icsa\/#organization"},"potentialAction":[{"@type":"SearchAction","target":{"@type":"EntryPoint","urlTemplate":"https:\/\/institutos.ufrrj.br\/icsa\/?s={search_term_string}"},"query-input":{"@type":"PropertyValueSpecification","valueRequired":true,"valueName":"search_term_string"}}],"inLanguage":"pt-BR"},{"@type":"Organization","@id":"https:\/\/institutos.ufrrj.br\/icsa\/#organization","name":"ICSA","url":"https:\/\/institutos.ufrrj.br\/icsa\/","logo":{"@type":"ImageObject","inLanguage":"pt-BR","@id":"https:\/\/institutos.ufrrj.br\/icsa\/#\/schema\/logo\/image\/","url":"https:\/\/institutos.ufrrj.br\/icsa\/wp-content\/uploads\/sites\/101\/2023\/10\/logo_icsa_cor_horz_01-4-1.png","contentUrl":"https:\/\/institutos.ufrrj.br\/icsa\/wp-content\/uploads\/sites\/101\/2023\/10\/logo_icsa_cor_horz_01-4-1.png","width":300,"height":101,"caption":"ICSA"},"image":{"@id":"https:\/\/institutos.ufrrj.br\/icsa\/#\/schema\/logo\/image\/"},"sameAs":["https:\/\/www.facebook.com\/ICSA-189767328193686\/","https:\/\/www.instagram.com\/icsa.ufrrj\/","https:\/\/www.youtube.com\/@icsaufrrj"]}]}},"_links":{"self":[{"href":"https:\/\/institutos.ufrrj.br\/icsa\/wp-json\/wp\/v2\/pages\/265","targetHints":{"allow":["GET"]}}],"collection":[{"href":"https:\/\/institutos.ufrrj.br\/icsa\/wp-json\/wp\/v2\/pages"}],"about":[{"href":"https:\/\/institutos.ufrrj.br\/icsa\/wp-json\/wp\/v2\/types\/page"}],"author":[{"embeddable":true,"href":"https:\/\/institutos.ufrrj.br\/icsa\/wp-json\/wp\/v2\/users\/89"}],"replies":[{"embeddable":true,"href":"https:\/\/institutos.ufrrj.br\/icsa\/wp-json\/wp\/v2\/comments?post=265"}],"version-history":[{"count":13,"href":"https:\/\/institutos.ufrrj.br\/icsa\/wp-json\/wp\/v2\/pages\/265\/revisions"}],"predecessor-version":[{"id":7566,"href":"https:\/\/institutos.ufrrj.br\/icsa\/wp-json\/wp\/v2\/pages\/265\/revisions\/7566"}],"wp:attachment":[{"href":"https:\/\/institutos.ufrrj.br\/icsa\/wp-json\/wp\/v2\/media?parent=265"}],"curies":[{"name":"wp","href":"https:\/\/api.w.org\/{rel}","templated":true}]}}