{"id":405,"date":"2017-02-09T17:34:24","date_gmt":"2017-02-09T17:34:24","guid":{"rendered":"http:\/\/institutos.ufrrj.br\/icsa\/?page_id=405"},"modified":"2026-02-03T11:09:00","modified_gmt":"2026-02-03T14:09:00","slug":"administracao-ead","status":"publish","type":"page","link":"https:\/\/institutos.ufrrj.br\/icsa\/administracao-ead\/","title":{"rendered":""},"content":{"rendered":"<h1><strong><span style=\"color: #000080;\">ADMINISTRA\u00c7\u00c3O EAD<\/span><\/strong><\/h1>\n<p style=\"text-align: left;\">A forma\u00e7\u00e3o em Administra\u00e7\u00e3o exige que as atividades do curso de gradua\u00e7\u00e3o a dist\u00e2ncia tenham como orienta\u00e7\u00e3o fundamental seu inter-relacionamento e uma natureza preponderantemente sistem\u00e1tica, procurando ultrapassar, por\u00e9m, os limites da mera forma\u00e7\u00e3o profissional e abranger conte\u00fados informativos sobre as a\u00e7\u00f5es administrativas nos setores p\u00fablico e privado.<\/p>\n<p style=\"text-align: left;\">A transforma\u00e7\u00e3o do bin\u00f4mio ensino\/pesquisa em trin\u00f4mio ensino\/pesquisa\/pr\u00e1tica profissional visa \u00e0 integra\u00e7\u00e3o do estudante no corpo social como elemento ativo, participante na cria\u00e7\u00e3o do conhecimento, e n\u00e3o como mero recept\u00e1culo deste que deve caracterizar as atividades de ensino sob uma \u00f3tica central n\u00e3o escolarizada, em que a \u00eanfase no processo de ensino se d\u00ea por meio da utiliza\u00e7\u00e3o de estudos de caso e da pr\u00f3pria pr\u00e1tica pr\u00e9-profissional (est\u00e1gio supervisionado), al\u00e9m de outras atividades complementares.<\/p>\n<p style=\"text-align: left;\">Assim, curso busca formar administradores, capacitando-os a despertar o esp\u00edrito empreendedor, atentos \u00e0s inova\u00e7\u00f5es tecnol\u00f3gicas e humanas, transferindo conhecimento cient\u00edfico e cultural, imbu\u00eddos de valores \u00e9ticos, promovendo antecipando transforma\u00e7\u00f5es, com vis\u00e3o sist\u00eamica em rela\u00e7\u00e3o contexto socioecon\u00f4mico cultural.<\/p>\n<hr \/>\n<h3><span style=\"color: #003366;\">COORDENA\u00c7\u00c3O:<\/span><\/h3>\n<p><span style=\"color: #003366;\"><strong>Coordenador:<\/strong><\/span> Profa. Dra. Rosana Frujuele<\/p>\n<p><span style=\"color: #003366;\"><strong>E-mail<\/strong>: <a href=\"mailto:adm.ead.rural@ufrrj.br\"><span style=\"color: #003366;\">adm.ead.rural@ufrrj.br<\/span><\/a><\/span><\/p>\n<hr \/>\n<pre><a href=\"https:\/\/www.cecierj.edu.br\/wp-content\/uploads\/2023\/02\/Matriz-Administracao-UFRRJ-Nova-2023.1.pdf\" target=\"_blank\" rel=\"noopener\">Confira aqui a Matriz Curricular do Curso<\/a><\/pre>\n\n\n<pre class=\"wp-block-preformatted\"><a href=\"https:\/\/www.cecierj.edu.br\/consorcio-cederj\/cursos\/administracao\/\">Para saber mais sobre este Curso, acesse seu site clicando aqui<\/a><\/pre>\n","protected":false},"excerpt":{"rendered":"<p>ADMINISTRA\u00c7\u00c3O EAD A forma\u00e7\u00e3o em Administra\u00e7\u00e3o exige que as atividades do curso de gradua\u00e7\u00e3o a dist\u00e2ncia tenham como orienta\u00e7\u00e3o fundamental <a class=\"read-more\" href=\"https:\/\/institutos.ufrrj.br\/icsa\/administracao-ead\/\">&#8230; <em>leia mais <\/em> <i class=\"fa fa-long-arrow-right\"><\/i><\/a><\/p>\n","protected":false},"author":22,"featured_media":0,"parent":0,"menu_order":0,"comment_status":"closed","ping_status":"closed","template":"","meta":{"_acf_changed":false,"_themeisle_gutenberg_block_has_review":false,"footnotes":"","_links_to":"","_links_to_target":""},"class_list":["post-405","page","type-page","status-publish","hentry"],"acf":[],"yoast_head":"<!-- This site is optimized with the Yoast SEO plugin v26.8 - https:\/\/yoast.com\/product\/yoast-seo-wordpress\/ -->\n<title>- ICSA<\/title>\n<meta name=\"robots\" content=\"index, follow, max-snippet:-1, max-image-preview:large, max-video-preview:-1\" \/>\n<link rel=\"canonical\" href=\"https:\/\/institutos.ufrrj.br\/icsa\/administracao-ead\/\" \/>\n<meta property=\"og:locale\" content=\"pt_BR\" \/>\n<meta property=\"og:type\" content=\"article\" \/>\n<meta property=\"og:title\" content=\"- ICSA\" \/>\n<meta property=\"og:description\" content=\"ADMINISTRA\u00c7\u00c3O EAD A forma\u00e7\u00e3o em Administra\u00e7\u00e3o exige que as atividades do curso de gradua\u00e7\u00e3o a dist\u00e2ncia tenham como orienta\u00e7\u00e3o fundamental ... leia mais\" \/>\n<meta property=\"og:url\" content=\"https:\/\/institutos.ufrrj.br\/icsa\/administracao-ead\/\" \/>\n<meta property=\"og:site_name\" content=\"ICSA\" \/>\n<meta property=\"article:publisher\" content=\"https:\/\/www.facebook.com\/ICSA-189767328193686\/\" \/>\n<meta property=\"article:modified_time\" content=\"2026-02-03T14:09:00+00:00\" \/>\n<meta name=\"twitter:card\" content=\"summary_large_image\" \/>\n<meta name=\"twitter:label1\" content=\"Est. tempo de leitura\" \/>\n\t<meta name=\"twitter:data1\" content=\"1 minuto\" \/>\n<script type=\"application\/ld+json\" class=\"yoast-schema-graph\">{\"@context\":\"https:\/\/schema.org\",\"@graph\":[{\"@type\":\"WebPage\",\"@id\":\"https:\/\/institutos.ufrrj.br\/icsa\/administracao-ead\/\",\"url\":\"https:\/\/institutos.ufrrj.br\/icsa\/administracao-ead\/\",\"name\":\"- ICSA\",\"isPartOf\":{\"@id\":\"https:\/\/institutos.ufrrj.br\/icsa\/#website\"},\"datePublished\":\"2017-02-09T17:34:24+00:00\",\"dateModified\":\"2026-02-03T14:09:00+00:00\",\"inLanguage\":\"pt-BR\",\"potentialAction\":[{\"@type\":\"ReadAction\",\"target\":[\"https:\/\/institutos.ufrrj.br\/icsa\/administracao-ead\/\"]}]},{\"@type\":\"WebSite\",\"@id\":\"https:\/\/institutos.ufrrj.br\/icsa\/#website\",\"url\":\"https:\/\/institutos.ufrrj.br\/icsa\/\",\"name\":\"ICSA\",\"description\":\"Institutos de Ci\u00eancias Sociais Aplicadas\",\"publisher\":{\"@id\":\"https:\/\/institutos.ufrrj.br\/icsa\/#organization\"},\"potentialAction\":[{\"@type\":\"SearchAction\",\"target\":{\"@type\":\"EntryPoint\",\"urlTemplate\":\"https:\/\/institutos.ufrrj.br\/icsa\/?s={search_term_string}\"},\"query-input\":{\"@type\":\"PropertyValueSpecification\",\"valueRequired\":true,\"valueName\":\"search_term_string\"}}],\"inLanguage\":\"pt-BR\"},{\"@type\":\"Organization\",\"@id\":\"https:\/\/institutos.ufrrj.br\/icsa\/#organization\",\"name\":\"ICSA\",\"url\":\"https:\/\/institutos.ufrrj.br\/icsa\/\",\"logo\":{\"@type\":\"ImageObject\",\"inLanguage\":\"pt-BR\",\"@id\":\"https:\/\/institutos.ufrrj.br\/icsa\/#\/schema\/logo\/image\/\",\"url\":\"https:\/\/institutos.ufrrj.br\/icsa\/wp-content\/uploads\/sites\/101\/2023\/10\/logo_icsa_cor_horz_01-4-1.png\",\"contentUrl\":\"https:\/\/institutos.ufrrj.br\/icsa\/wp-content\/uploads\/sites\/101\/2023\/10\/logo_icsa_cor_horz_01-4-1.png\",\"width\":300,\"height\":101,\"caption\":\"ICSA\"},\"image\":{\"@id\":\"https:\/\/institutos.ufrrj.br\/icsa\/#\/schema\/logo\/image\/\"},\"sameAs\":[\"https:\/\/www.facebook.com\/ICSA-189767328193686\/\",\"https:\/\/www.instagram.com\/icsa.ufrrj\/\",\"https:\/\/www.youtube.com\/@icsaufrrj\"]}]}<\/script>\n<!-- \/ Yoast SEO plugin. -->","yoast_head_json":{"title":"- ICSA","robots":{"index":"index","follow":"follow","max-snippet":"max-snippet:-1","max-image-preview":"max-image-preview:large","max-video-preview":"max-video-preview:-1"},"canonical":"https:\/\/institutos.ufrrj.br\/icsa\/administracao-ead\/","og_locale":"pt_BR","og_type":"article","og_title":"- ICSA","og_description":"ADMINISTRA\u00c7\u00c3O EAD A forma\u00e7\u00e3o em Administra\u00e7\u00e3o exige que as atividades do curso de gradua\u00e7\u00e3o a dist\u00e2ncia tenham como orienta\u00e7\u00e3o fundamental ... leia mais","og_url":"https:\/\/institutos.ufrrj.br\/icsa\/administracao-ead\/","og_site_name":"ICSA","article_publisher":"https:\/\/www.facebook.com\/ICSA-189767328193686\/","article_modified_time":"2026-02-03T14:09:00+00:00","twitter_card":"summary_large_image","twitter_misc":{"Est. tempo de leitura":"1 minuto"},"schema":{"@context":"https:\/\/schema.org","@graph":[{"@type":"WebPage","@id":"https:\/\/institutos.ufrrj.br\/icsa\/administracao-ead\/","url":"https:\/\/institutos.ufrrj.br\/icsa\/administracao-ead\/","name":"- ICSA","isPartOf":{"@id":"https:\/\/institutos.ufrrj.br\/icsa\/#website"},"datePublished":"2017-02-09T17:34:24+00:00","dateModified":"2026-02-03T14:09:00+00:00","inLanguage":"pt-BR","potentialAction":[{"@type":"ReadAction","target":["https:\/\/institutos.ufrrj.br\/icsa\/administracao-ead\/"]}]},{"@type":"WebSite","@id":"https:\/\/institutos.ufrrj.br\/icsa\/#website","url":"https:\/\/institutos.ufrrj.br\/icsa\/","name":"ICSA","description":"Institutos de Ci\u00eancias Sociais Aplicadas","publisher":{"@id":"https:\/\/institutos.ufrrj.br\/icsa\/#organization"},"potentialAction":[{"@type":"SearchAction","target":{"@type":"EntryPoint","urlTemplate":"https:\/\/institutos.ufrrj.br\/icsa\/?s={search_term_string}"},"query-input":{"@type":"PropertyValueSpecification","valueRequired":true,"valueName":"search_term_string"}}],"inLanguage":"pt-BR"},{"@type":"Organization","@id":"https:\/\/institutos.ufrrj.br\/icsa\/#organization","name":"ICSA","url":"https:\/\/institutos.ufrrj.br\/icsa\/","logo":{"@type":"ImageObject","inLanguage":"pt-BR","@id":"https:\/\/institutos.ufrrj.br\/icsa\/#\/schema\/logo\/image\/","url":"https:\/\/institutos.ufrrj.br\/icsa\/wp-content\/uploads\/sites\/101\/2023\/10\/logo_icsa_cor_horz_01-4-1.png","contentUrl":"https:\/\/institutos.ufrrj.br\/icsa\/wp-content\/uploads\/sites\/101\/2023\/10\/logo_icsa_cor_horz_01-4-1.png","width":300,"height":101,"caption":"ICSA"},"image":{"@id":"https:\/\/institutos.ufrrj.br\/icsa\/#\/schema\/logo\/image\/"},"sameAs":["https:\/\/www.facebook.com\/ICSA-189767328193686\/","https:\/\/www.instagram.com\/icsa.ufrrj\/","https:\/\/www.youtube.com\/@icsaufrrj"]}]}},"_links":{"self":[{"href":"https:\/\/institutos.ufrrj.br\/icsa\/wp-json\/wp\/v2\/pages\/405","targetHints":{"allow":["GET"]}}],"collection":[{"href":"https:\/\/institutos.ufrrj.br\/icsa\/wp-json\/wp\/v2\/pages"}],"about":[{"href":"https:\/\/institutos.ufrrj.br\/icsa\/wp-json\/wp\/v2\/types\/page"}],"author":[{"embeddable":true,"href":"https:\/\/institutos.ufrrj.br\/icsa\/wp-json\/wp\/v2\/users\/22"}],"replies":[{"embeddable":true,"href":"https:\/\/institutos.ufrrj.br\/icsa\/wp-json\/wp\/v2\/comments?post=405"}],"version-history":[{"count":23,"href":"https:\/\/institutos.ufrrj.br\/icsa\/wp-json\/wp\/v2\/pages\/405\/revisions"}],"predecessor-version":[{"id":9687,"href":"https:\/\/institutos.ufrrj.br\/icsa\/wp-json\/wp\/v2\/pages\/405\/revisions\/9687"}],"wp:attachment":[{"href":"https:\/\/institutos.ufrrj.br\/icsa\/wp-json\/wp\/v2\/media?parent=405"}],"curies":[{"name":"wp","href":"https:\/\/api.w.org\/{rel}","templated":true}]}}