{"id":456,"date":"2025-01-13T14:44:31","date_gmt":"2025-01-13T17:44:31","guid":{"rendered":"http:\/\/institutos.ufrrj.br\/icsa\/?page_id=456"},"modified":"2026-03-16T17:23:40","modified_gmt":"2026-03-16T20:23:40","slug":"calendario-reunioes-ordinarias","status":"publish","type":"page","link":"https:\/\/institutos.ufrrj.br\/icsa\/calendario-reunioes-ordinarias\/","title":{"rendered":"CALEND\u00c1RIO DE REUNI\u00d5ES ORDIN\u00c1RIAS"},"content":{"rendered":"\n<figure class=\"wp-block-image size-full\"><img loading=\"lazy\" decoding=\"async\" width=\"486\" height=\"720\" src=\"https:\/\/institutos.ufrrj.br\/icsa\/wp-content\/uploads\/sites\/101\/2025\/12\/image.png\" alt=\"\" class=\"wp-image-9595\" srcset=\"https:\/\/institutos.ufrrj.br\/icsa\/wp-content\/uploads\/sites\/101\/2025\/12\/image.png 486w, https:\/\/institutos.ufrrj.br\/icsa\/wp-content\/uploads\/sites\/101\/2025\/12\/image-203x300.png 203w\" sizes=\"auto, (max-width: 486px) 100vw, 486px\" \/><\/figure>\n\n\n\n<figure class=\"wp-block-image size-full\"><img loading=\"lazy\" decoding=\"async\" width=\"487\" height=\"715\" src=\"https:\/\/institutos.ufrrj.br\/icsa\/wp-content\/uploads\/sites\/101\/2025\/12\/image-1.png\" alt=\"\" class=\"wp-image-9597\" srcset=\"https:\/\/institutos.ufrrj.br\/icsa\/wp-content\/uploads\/sites\/101\/2025\/12\/image-1.png 487w, https:\/\/institutos.ufrrj.br\/icsa\/wp-content\/uploads\/sites\/101\/2025\/12\/image-1-204x300.png 204w\" sizes=\"auto, (max-width: 487px) 100vw, 487px\" \/><\/figure>\n\n\n\n<p><a href=\"https:\/\/institutos.ufrrj.br\/icsa\/wp-content\/uploads\/sites\/101\/2025\/12\/CONSUNI-ICSA-2026.xlsx\"><strong>CALEND\u00c1RIO CONSUNI ICSA &#8211; 2026<\/strong><\/a><\/p>\n\n\n\n<p><strong><a href=\"https:\/\/institutos.ufrrj.br\/icsa\/wp-content\/uploads\/sites\/101\/2025\/01\/CONSUNI-ICSA-2025-1.xlsx\">CALEND\u00c1RIO CONSUNI ICSA &#8211; 2025<\/a><\/strong><\/p>\n\n\n\n<p><strong><a href=\"https:\/\/institutos.ufrrj.br\/icsa\/wp-content\/uploads\/sites\/101\/2024\/01\/Calendario-CONSUNI-ICSA-2024-2.pdf\">CALEND\u00c1RIO CONSUNI ICSA &#8211; 2024<\/a><\/strong><\/p>\n\n\n\n<div class=\"wp-block-group\"><div class=\"wp-block-group__inner-container is-layout-flow wp-block-group-is-layout-flow\">\n<p><a data-type=\"URL\" data-id=\"https:\/\/institutos.ufrrj.br\/icsa\/wp-content\/uploads\/sites\/101\/2023\/09\/CONSUNI-ICSA-2023.2.pdf\" href=\"https:\/\/institutos.ufrrj.br\/icsa\/wp-content\/uploads\/sites\/101\/2023\/09\/CONSUNI-ICSA-2023.2.pdf\"><strong>CALEND\u00c1RIO CONSUNI ICSA &#8211; 2023.2<\/strong><\/a><\/p>\n<\/div><\/div>\n\n\n\n<p><a data-type=\"URL\" data-id=\"https:\/\/institutos.ufrrj.br\/icsa\/wp-content\/uploads\/sites\/101\/2023\/09\/CONSUNI-ICSA-2023.1.pdf\" href=\"https:\/\/institutos.ufrrj.br\/icsa\/wp-content\/uploads\/sites\/101\/2023\/09\/CONSUNI-ICSA-2023.1.pdf\"><strong>CALEND\u00c1RIO CONSUNI ICSA &#8211; 2023.1<\/strong><\/a><\/p>\n","protected":false},"excerpt":{"rendered":"<p>CALEND\u00c1RIO CONSUNI ICSA &#8211; 2026 CALEND\u00c1RIO CONSUNI ICSA &#8211; 2025 CALEND\u00c1RIO CONSUNI ICSA &#8211; 2024 CALEND\u00c1RIO CONSUNI ICSA &#8211; 2023.2 <a class=\"read-more\" href=\"https:\/\/institutos.ufrrj.br\/icsa\/calendario-reunioes-ordinarias\/\">&#8230; <em>leia mais <\/em> <i class=\"fa fa-long-arrow-right\"><\/i><\/a><\/p>\n","protected":false},"author":89,"featured_media":0,"parent":0,"menu_order":0,"comment_status":"closed","ping_status":"closed","template":"","meta":{"_acf_changed":false,"_themeisle_gutenberg_block_has_review":false,"footnotes":"","_links_to":"","_links_to_target":""},"class_list":["post-456","page","type-page","status-publish","hentry"],"acf":[],"yoast_head":"<!-- This site is optimized with the Yoast SEO plugin v26.8 - https:\/\/yoast.com\/product\/yoast-seo-wordpress\/ -->\n<title>CALEND\u00c1RIO DE REUNI\u00d5ES ORDIN\u00c1RIAS - ICSA<\/title>\n<meta name=\"robots\" content=\"index, follow, max-snippet:-1, max-image-preview:large, max-video-preview:-1\" \/>\n<link rel=\"canonical\" href=\"https:\/\/institutos.ufrrj.br\/icsa\/calendario-reunioes-ordinarias\/\" \/>\n<meta property=\"og:locale\" content=\"pt_BR\" \/>\n<meta property=\"og:type\" content=\"article\" \/>\n<meta property=\"og:title\" content=\"CALEND\u00c1RIO DE REUNI\u00d5ES ORDIN\u00c1RIAS - ICSA\" \/>\n<meta property=\"og:description\" content=\"CALEND\u00c1RIO CONSUNI ICSA &#8211; 2026 CALEND\u00c1RIO CONSUNI ICSA &#8211; 2025 CALEND\u00c1RIO CONSUNI ICSA &#8211; 2024 CALEND\u00c1RIO CONSUNI ICSA &#8211; 2023.2 ... leia mais\" \/>\n<meta property=\"og:url\" content=\"https:\/\/institutos.ufrrj.br\/icsa\/calendario-reunioes-ordinarias\/\" \/>\n<meta property=\"og:site_name\" content=\"ICSA\" \/>\n<meta property=\"article:publisher\" content=\"https:\/\/www.facebook.com\/ICSA-189767328193686\/\" \/>\n<meta property=\"article:modified_time\" content=\"2026-03-16T20:23:40+00:00\" \/>\n<meta property=\"og:image\" content=\"https:\/\/institutos.ufrrj.br\/icsa\/wp-content\/uploads\/sites\/101\/2025\/12\/image.png\" \/>\n\t<meta property=\"og:image:width\" content=\"486\" \/>\n\t<meta property=\"og:image:height\" content=\"720\" \/>\n\t<meta property=\"og:image:type\" content=\"image\/png\" \/>\n<meta name=\"twitter:card\" content=\"summary_large_image\" \/>\n<meta name=\"twitter:label1\" content=\"Est. tempo de leitura\" \/>\n\t<meta name=\"twitter:data1\" content=\"1 minuto\" \/>\n<script type=\"application\/ld+json\" class=\"yoast-schema-graph\">{\"@context\":\"https:\/\/schema.org\",\"@graph\":[{\"@type\":\"WebPage\",\"@id\":\"https:\/\/institutos.ufrrj.br\/icsa\/calendario-reunioes-ordinarias\/\",\"url\":\"https:\/\/institutos.ufrrj.br\/icsa\/calendario-reunioes-ordinarias\/\",\"name\":\"CALEND\u00c1RIO DE REUNI\u00d5ES ORDIN\u00c1RIAS - ICSA\",\"isPartOf\":{\"@id\":\"https:\/\/institutos.ufrrj.br\/icsa\/#website\"},\"primaryImageOfPage\":{\"@id\":\"https:\/\/institutos.ufrrj.br\/icsa\/calendario-reunioes-ordinarias\/#primaryimage\"},\"image\":{\"@id\":\"https:\/\/institutos.ufrrj.br\/icsa\/calendario-reunioes-ordinarias\/#primaryimage\"},\"thumbnailUrl\":\"https:\/\/institutos.ufrrj.br\/icsa\/wp-content\/uploads\/sites\/101\/2025\/12\/image.png\",\"datePublished\":\"2025-01-13T17:44:31+00:00\",\"dateModified\":\"2026-03-16T20:23:40+00:00\",\"breadcrumb\":{\"@id\":\"https:\/\/institutos.ufrrj.br\/icsa\/calendario-reunioes-ordinarias\/#breadcrumb\"},\"inLanguage\":\"pt-BR\",\"potentialAction\":[{\"@type\":\"ReadAction\",\"target\":[\"https:\/\/institutos.ufrrj.br\/icsa\/calendario-reunioes-ordinarias\/\"]}]},{\"@type\":\"ImageObject\",\"inLanguage\":\"pt-BR\",\"@id\":\"https:\/\/institutos.ufrrj.br\/icsa\/calendario-reunioes-ordinarias\/#primaryimage\",\"url\":\"https:\/\/institutos.ufrrj.br\/icsa\/wp-content\/uploads\/sites\/101\/2025\/12\/image.png\",\"contentUrl\":\"https:\/\/institutos.ufrrj.br\/icsa\/wp-content\/uploads\/sites\/101\/2025\/12\/image.png\",\"width\":486,\"height\":720},{\"@type\":\"BreadcrumbList\",\"@id\":\"https:\/\/institutos.ufrrj.br\/icsa\/calendario-reunioes-ordinarias\/#breadcrumb\",\"itemListElement\":[{\"@type\":\"ListItem\",\"position\":1,\"name\":\"In\u00edcio\",\"item\":\"https:\/\/institutos.ufrrj.br\/icsa\/\"},{\"@type\":\"ListItem\",\"position\":2,\"name\":\"CALEND\u00c1RIO DE REUNI\u00d5ES ORDIN\u00c1RIAS\"}]},{\"@type\":\"WebSite\",\"@id\":\"https:\/\/institutos.ufrrj.br\/icsa\/#website\",\"url\":\"https:\/\/institutos.ufrrj.br\/icsa\/\",\"name\":\"ICSA\",\"description\":\"Institutos de Ci\u00eancias Sociais Aplicadas\",\"publisher\":{\"@id\":\"https:\/\/institutos.ufrrj.br\/icsa\/#organization\"},\"potentialAction\":[{\"@type\":\"SearchAction\",\"target\":{\"@type\":\"EntryPoint\",\"urlTemplate\":\"https:\/\/institutos.ufrrj.br\/icsa\/?s={search_term_string}\"},\"query-input\":{\"@type\":\"PropertyValueSpecification\",\"valueRequired\":true,\"valueName\":\"search_term_string\"}}],\"inLanguage\":\"pt-BR\"},{\"@type\":\"Organization\",\"@id\":\"https:\/\/institutos.ufrrj.br\/icsa\/#organization\",\"name\":\"ICSA\",\"url\":\"https:\/\/institutos.ufrrj.br\/icsa\/\",\"logo\":{\"@type\":\"ImageObject\",\"inLanguage\":\"pt-BR\",\"@id\":\"https:\/\/institutos.ufrrj.br\/icsa\/#\/schema\/logo\/image\/\",\"url\":\"https:\/\/institutos.ufrrj.br\/icsa\/wp-content\/uploads\/sites\/101\/2023\/10\/logo_icsa_cor_horz_01-4-1.png\",\"contentUrl\":\"https:\/\/institutos.ufrrj.br\/icsa\/wp-content\/uploads\/sites\/101\/2023\/10\/logo_icsa_cor_horz_01-4-1.png\",\"width\":300,\"height\":101,\"caption\":\"ICSA\"},\"image\":{\"@id\":\"https:\/\/institutos.ufrrj.br\/icsa\/#\/schema\/logo\/image\/\"},\"sameAs\":[\"https:\/\/www.facebook.com\/ICSA-189767328193686\/\",\"https:\/\/www.instagram.com\/icsa.ufrrj\/\",\"https:\/\/www.youtube.com\/@icsaufrrj\"]}]}<\/script>\n<!-- \/ Yoast SEO plugin. -->","yoast_head_json":{"title":"CALEND\u00c1RIO DE REUNI\u00d5ES ORDIN\u00c1RIAS - ICSA","robots":{"index":"index","follow":"follow","max-snippet":"max-snippet:-1","max-image-preview":"max-image-preview:large","max-video-preview":"max-video-preview:-1"},"canonical":"https:\/\/institutos.ufrrj.br\/icsa\/calendario-reunioes-ordinarias\/","og_locale":"pt_BR","og_type":"article","og_title":"CALEND\u00c1RIO DE REUNI\u00d5ES ORDIN\u00c1RIAS - ICSA","og_description":"CALEND\u00c1RIO CONSUNI ICSA &#8211; 2026 CALEND\u00c1RIO CONSUNI ICSA &#8211; 2025 CALEND\u00c1RIO CONSUNI ICSA &#8211; 2024 CALEND\u00c1RIO CONSUNI ICSA &#8211; 2023.2 ... leia mais","og_url":"https:\/\/institutos.ufrrj.br\/icsa\/calendario-reunioes-ordinarias\/","og_site_name":"ICSA","article_publisher":"https:\/\/www.facebook.com\/ICSA-189767328193686\/","article_modified_time":"2026-03-16T20:23:40+00:00","og_image":[{"width":486,"height":720,"url":"https:\/\/institutos.ufrrj.br\/icsa\/wp-content\/uploads\/sites\/101\/2025\/12\/image.png","type":"image\/png"}],"twitter_card":"summary_large_image","twitter_misc":{"Est. tempo de leitura":"1 minuto"},"schema":{"@context":"https:\/\/schema.org","@graph":[{"@type":"WebPage","@id":"https:\/\/institutos.ufrrj.br\/icsa\/calendario-reunioes-ordinarias\/","url":"https:\/\/institutos.ufrrj.br\/icsa\/calendario-reunioes-ordinarias\/","name":"CALEND\u00c1RIO DE REUNI\u00d5ES ORDIN\u00c1RIAS - ICSA","isPartOf":{"@id":"https:\/\/institutos.ufrrj.br\/icsa\/#website"},"primaryImageOfPage":{"@id":"https:\/\/institutos.ufrrj.br\/icsa\/calendario-reunioes-ordinarias\/#primaryimage"},"image":{"@id":"https:\/\/institutos.ufrrj.br\/icsa\/calendario-reunioes-ordinarias\/#primaryimage"},"thumbnailUrl":"https:\/\/institutos.ufrrj.br\/icsa\/wp-content\/uploads\/sites\/101\/2025\/12\/image.png","datePublished":"2025-01-13T17:44:31+00:00","dateModified":"2026-03-16T20:23:40+00:00","breadcrumb":{"@id":"https:\/\/institutos.ufrrj.br\/icsa\/calendario-reunioes-ordinarias\/#breadcrumb"},"inLanguage":"pt-BR","potentialAction":[{"@type":"ReadAction","target":["https:\/\/institutos.ufrrj.br\/icsa\/calendario-reunioes-ordinarias\/"]}]},{"@type":"ImageObject","inLanguage":"pt-BR","@id":"https:\/\/institutos.ufrrj.br\/icsa\/calendario-reunioes-ordinarias\/#primaryimage","url":"https:\/\/institutos.ufrrj.br\/icsa\/wp-content\/uploads\/sites\/101\/2025\/12\/image.png","contentUrl":"https:\/\/institutos.ufrrj.br\/icsa\/wp-content\/uploads\/sites\/101\/2025\/12\/image.png","width":486,"height":720},{"@type":"BreadcrumbList","@id":"https:\/\/institutos.ufrrj.br\/icsa\/calendario-reunioes-ordinarias\/#breadcrumb","itemListElement":[{"@type":"ListItem","position":1,"name":"In\u00edcio","item":"https:\/\/institutos.ufrrj.br\/icsa\/"},{"@type":"ListItem","position":2,"name":"CALEND\u00c1RIO DE REUNI\u00d5ES ORDIN\u00c1RIAS"}]},{"@type":"WebSite","@id":"https:\/\/institutos.ufrrj.br\/icsa\/#website","url":"https:\/\/institutos.ufrrj.br\/icsa\/","name":"ICSA","description":"Institutos de Ci\u00eancias Sociais Aplicadas","publisher":{"@id":"https:\/\/institutos.ufrrj.br\/icsa\/#organization"},"potentialAction":[{"@type":"SearchAction","target":{"@type":"EntryPoint","urlTemplate":"https:\/\/institutos.ufrrj.br\/icsa\/?s={search_term_string}"},"query-input":{"@type":"PropertyValueSpecification","valueRequired":true,"valueName":"search_term_string"}}],"inLanguage":"pt-BR"},{"@type":"Organization","@id":"https:\/\/institutos.ufrrj.br\/icsa\/#organization","name":"ICSA","url":"https:\/\/institutos.ufrrj.br\/icsa\/","logo":{"@type":"ImageObject","inLanguage":"pt-BR","@id":"https:\/\/institutos.ufrrj.br\/icsa\/#\/schema\/logo\/image\/","url":"https:\/\/institutos.ufrrj.br\/icsa\/wp-content\/uploads\/sites\/101\/2023\/10\/logo_icsa_cor_horz_01-4-1.png","contentUrl":"https:\/\/institutos.ufrrj.br\/icsa\/wp-content\/uploads\/sites\/101\/2023\/10\/logo_icsa_cor_horz_01-4-1.png","width":300,"height":101,"caption":"ICSA"},"image":{"@id":"https:\/\/institutos.ufrrj.br\/icsa\/#\/schema\/logo\/image\/"},"sameAs":["https:\/\/www.facebook.com\/ICSA-189767328193686\/","https:\/\/www.instagram.com\/icsa.ufrrj\/","https:\/\/www.youtube.com\/@icsaufrrj"]}]}},"_links":{"self":[{"href":"https:\/\/institutos.ufrrj.br\/icsa\/wp-json\/wp\/v2\/pages\/456","targetHints":{"allow":["GET"]}}],"collection":[{"href":"https:\/\/institutos.ufrrj.br\/icsa\/wp-json\/wp\/v2\/pages"}],"about":[{"href":"https:\/\/institutos.ufrrj.br\/icsa\/wp-json\/wp\/v2\/types\/page"}],"author":[{"embeddable":true,"href":"https:\/\/institutos.ufrrj.br\/icsa\/wp-json\/wp\/v2\/users\/89"}],"replies":[{"embeddable":true,"href":"https:\/\/institutos.ufrrj.br\/icsa\/wp-json\/wp\/v2\/comments?post=456"}],"version-history":[{"count":41,"href":"https:\/\/institutos.ufrrj.br\/icsa\/wp-json\/wp\/v2\/pages\/456\/revisions"}],"predecessor-version":[{"id":9773,"href":"https:\/\/institutos.ufrrj.br\/icsa\/wp-json\/wp\/v2\/pages\/456\/revisions\/9773"}],"wp:attachment":[{"href":"https:\/\/institutos.ufrrj.br\/icsa\/wp-json\/wp\/v2\/media?parent=456"}],"curies":[{"name":"wp","href":"https:\/\/api.w.org\/{rel}","templated":true}]}}