{"id":497,"date":"2017-03-21T18:45:54","date_gmt":"2017-03-21T18:45:54","guid":{"rendered":"http:\/\/institutos.ufrrj.br\/icsa\/?page_id=497"},"modified":"2026-03-26T15:43:36","modified_gmt":"2026-03-26T18:43:36","slug":"contatosuteis","status":"publish","type":"page","link":"https:\/\/institutos.ufrrj.br\/icsa\/contatosuteis\/","title":{"rendered":"CONTATOS \u00daTEIS"},"content":{"rendered":"\n<div class=\"wp-block-group\"><div class=\"wp-block-group__inner-container is-layout-constrained wp-block-group-is-layout-constrained\">\n<h5 style=\"text-align: center;\"><img loading=\"lazy\" decoding=\"async\" class=\"aligncenter size-full wp-image-3689\" src=\"http:\/\/institutos.ufrrj.br\/icsa\/wp-content\/uploads\/sites\/101\/2019\/05\/CONTATOS.jpg\" alt=\"\" width=\"456\" height=\"41\" srcset=\"https:\/\/institutos.ufrrj.br\/icsa\/wp-content\/uploads\/sites\/101\/2019\/05\/CONTATOS.jpg 456w, https:\/\/institutos.ufrrj.br\/icsa\/wp-content\/uploads\/sites\/101\/2019\/05\/CONTATOS-300x27.jpg 300w\" sizes=\"auto, (max-width: 456px) 100vw, 456px\" \/><\/h5>\n<p><strong>Pr\u00e9dio do ICSA<\/strong><\/p>\n<table width=\"96%\">\n<tbody>\n<tr>\n<td rowspan=\"2\">\n<p>Dire\u00e7\u00e3o ICSA<\/p>\n<\/td>\n<td>\n<p style=\"text-align: center;\"><strong>2681 4999<\/strong><\/p>\n<\/td>\n<\/tr>\n<tr>\n<td>\n<p style=\"text-align: center;\"><a href=\"mailto:icsa@ufrrj.br\"><strong>icsa@ufrrj.br<\/strong><\/a><\/p>\n<\/td>\n<\/tr>\n<tr>\n<td>\n<p>Secretaria do ICSA<\/p>\n<\/td>\n<td>\n<p style=\"text-align: center;\"><strong>2681 4969<\/strong><\/p>\n<\/td>\n<\/tr>\n<tr>\n<td>\n<p>Sala de Projetos ICSA<\/p>\n<\/td>\n<td>\n<p style=\"text-align: center;\"><strong>2681 4912<\/strong><\/p>\n<\/td>\n<\/tr>\n<tr>\n<td>\n<p>Departamento de Administra\u00e7\u00e3o P\u00fablica (DAP)<\/p>\n<\/td>\n<td>\n<p style=\"text-align: center;\"><strong>2681 4917<\/strong><\/p>\n<\/td>\n<\/tr>\n<tr>\n<td>\n<p>P\u00f3s-Gradua\u00e7\u00e3o em Economia Regional e Desenvolvimento (PPGER)<\/p>\n<\/td>\n<td>\n<p style=\"text-align: center;\"><strong>2681 4962<\/strong><\/p>\n<\/td>\n<\/tr>\n<\/tbody>\n<\/table>\n<p><strong>Demais unidades:<\/strong><\/p>\n<table style=\"height: 384px;\" width=\"802\">\n<tbody>\n<tr>\n<td width=\"84%\">\n<p>Coordena\u00e7\u00e3o Administra\u00e7\u00e3o<\/p>\n<\/td>\n<td width=\"15%\">\n<p style=\"text-align: center;\"><strong>2681 4916<\/strong><\/p>\n<\/td>\n<\/tr>\n<tr>\n<td width=\"84%\">\n<p>Coordena\u00e7\u00e3o Administra\u00e7\u00e3o P\u00fablica<\/p>\n<\/td>\n<td width=\"15%\">\n<p style=\"text-align: center;\"><strong>2681 &#8211; \/ \/ &#8211;<\/strong><\/p>\n<\/td>\n<\/tr>\n<tr>\n<td width=\"84%\">\n<p>Coordena\u00e7\u00e3o Ci\u00eancias Cont\u00e1beis<\/p>\n<\/td>\n<td width=\"15%\">\n<p style=\"text-align: center;\"><strong>2681 4913<\/strong><\/p>\n<\/td>\n<\/tr>\n<tr>\n<td width=\"84%\">\n<p>Coordena\u00e7\u00e3o Ci\u00eancias Econ\u00f4micas<\/p>\n<\/td>\n<td width=\"15%\">\n<p style=\"text-align: center;\"><strong>2681 4918<\/strong><\/p>\n<\/td>\n<\/tr>\n<tr>\n<td width=\"84%\">\n<p>Coordena\u00e7\u00e3o Hotelaria<\/p>\n<\/td>\n<td width=\"15%\">\n<p style=\"text-align: center;\"><strong>2681 4915<\/strong><\/p>\n<\/td>\n<\/tr>\n<tr>\n<td width=\"84%\">\n<p>Coordena\u00e7\u00e3o Servi\u00e7o Social<\/p>\n<\/td>\n<td width=\"15%\">\n<p style=\"text-align: center;\"><strong>2681 4914<\/strong><\/p>\n<\/td>\n<\/tr>\n<\/tbody>\n<\/table>\n<\/div><\/div>\n","protected":false},"excerpt":{"rendered":"<p>Pr\u00e9dio do ICSA Dire\u00e7\u00e3o ICSA 2681 4999 icsa@ufrrj.br Secretaria do ICSA 2681 4969 Sala de Projetos ICSA 2681 4912 Departamento <a class=\"read-more\" href=\"https:\/\/institutos.ufrrj.br\/icsa\/contatosuteis\/\">&#8230; <em>leia mais <\/em> <i class=\"fa fa-long-arrow-right\"><\/i><\/a><\/p>\n","protected":false},"author":22,"featured_media":0,"parent":0,"menu_order":0,"comment_status":"closed","ping_status":"closed","template":"","meta":{"_acf_changed":false,"_themeisle_gutenberg_block_has_review":false,"footnotes":"","_links_to":"","_links_to_target":""},"class_list":["post-497","page","type-page","status-publish","hentry"],"acf":[],"yoast_head":"<!-- This site is optimized with the Yoast SEO plugin v26.8 - https:\/\/yoast.com\/product\/yoast-seo-wordpress\/ -->\n<title>CONTATOS \u00daTEIS - ICSA<\/title>\n<meta name=\"robots\" content=\"index, follow, max-snippet:-1, max-image-preview:large, max-video-preview:-1\" \/>\n<link rel=\"canonical\" href=\"https:\/\/institutos.ufrrj.br\/icsa\/contatosuteis\/\" \/>\n<meta property=\"og:locale\" content=\"pt_BR\" \/>\n<meta property=\"og:type\" content=\"article\" \/>\n<meta property=\"og:title\" content=\"CONTATOS \u00daTEIS - ICSA\" \/>\n<meta property=\"og:description\" content=\"Pr\u00e9dio do ICSA Dire\u00e7\u00e3o ICSA 2681 4999 icsa@ufrrj.br Secretaria do ICSA 2681 4969 Sala de Projetos ICSA 2681 4912 Departamento ... leia mais\" \/>\n<meta property=\"og:url\" content=\"https:\/\/institutos.ufrrj.br\/icsa\/contatosuteis\/\" \/>\n<meta property=\"og:site_name\" content=\"ICSA\" \/>\n<meta property=\"article:publisher\" content=\"https:\/\/www.facebook.com\/ICSA-189767328193686\/\" \/>\n<meta property=\"article:modified_time\" content=\"2026-03-26T18:43:36+00:00\" \/>\n<meta property=\"og:image\" content=\"https:\/\/institutos.ufrrj.br\/icsa\/wp-content\/uploads\/sites\/101\/2019\/05\/CONTATOS.jpg\" \/>\n\t<meta property=\"og:image:width\" content=\"456\" \/>\n\t<meta property=\"og:image:height\" content=\"41\" \/>\n\t<meta property=\"og:image:type\" content=\"image\/jpeg\" \/>\n<meta name=\"twitter:card\" content=\"summary_large_image\" \/>\n<meta name=\"twitter:label1\" content=\"Est. tempo de leitura\" \/>\n\t<meta name=\"twitter:data1\" content=\"1 minuto\" \/>\n<script type=\"application\/ld+json\" class=\"yoast-schema-graph\">{\"@context\":\"https:\/\/schema.org\",\"@graph\":[{\"@type\":\"WebPage\",\"@id\":\"https:\/\/institutos.ufrrj.br\/icsa\/contatosuteis\/\",\"url\":\"https:\/\/institutos.ufrrj.br\/icsa\/contatosuteis\/\",\"name\":\"CONTATOS \u00daTEIS - ICSA\",\"isPartOf\":{\"@id\":\"https:\/\/institutos.ufrrj.br\/icsa\/#website\"},\"primaryImageOfPage\":{\"@id\":\"https:\/\/institutos.ufrrj.br\/icsa\/contatosuteis\/#primaryimage\"},\"image\":{\"@id\":\"https:\/\/institutos.ufrrj.br\/icsa\/contatosuteis\/#primaryimage\"},\"thumbnailUrl\":\"http:\/\/institutos.ufrrj.br\/icsa\/wp-content\/uploads\/sites\/101\/2019\/05\/CONTATOS.jpg\",\"datePublished\":\"2017-03-21T18:45:54+00:00\",\"dateModified\":\"2026-03-26T18:43:36+00:00\",\"breadcrumb\":{\"@id\":\"https:\/\/institutos.ufrrj.br\/icsa\/contatosuteis\/#breadcrumb\"},\"inLanguage\":\"pt-BR\",\"potentialAction\":[{\"@type\":\"ReadAction\",\"target\":[\"https:\/\/institutos.ufrrj.br\/icsa\/contatosuteis\/\"]}]},{\"@type\":\"ImageObject\",\"inLanguage\":\"pt-BR\",\"@id\":\"https:\/\/institutos.ufrrj.br\/icsa\/contatosuteis\/#primaryimage\",\"url\":\"https:\/\/institutos.ufrrj.br\/icsa\/wp-content\/uploads\/sites\/101\/2019\/05\/CONTATOS.jpg\",\"contentUrl\":\"https:\/\/institutos.ufrrj.br\/icsa\/wp-content\/uploads\/sites\/101\/2019\/05\/CONTATOS.jpg\",\"width\":456,\"height\":41},{\"@type\":\"BreadcrumbList\",\"@id\":\"https:\/\/institutos.ufrrj.br\/icsa\/contatosuteis\/#breadcrumb\",\"itemListElement\":[{\"@type\":\"ListItem\",\"position\":1,\"name\":\"In\u00edcio\",\"item\":\"https:\/\/institutos.ufrrj.br\/icsa\/\"},{\"@type\":\"ListItem\",\"position\":2,\"name\":\"CONTATOS \u00daTEIS\"}]},{\"@type\":\"WebSite\",\"@id\":\"https:\/\/institutos.ufrrj.br\/icsa\/#website\",\"url\":\"https:\/\/institutos.ufrrj.br\/icsa\/\",\"name\":\"ICSA\",\"description\":\"Institutos de Ci\u00eancias Sociais Aplicadas\",\"publisher\":{\"@id\":\"https:\/\/institutos.ufrrj.br\/icsa\/#organization\"},\"potentialAction\":[{\"@type\":\"SearchAction\",\"target\":{\"@type\":\"EntryPoint\",\"urlTemplate\":\"https:\/\/institutos.ufrrj.br\/icsa\/?s={search_term_string}\"},\"query-input\":{\"@type\":\"PropertyValueSpecification\",\"valueRequired\":true,\"valueName\":\"search_term_string\"}}],\"inLanguage\":\"pt-BR\"},{\"@type\":\"Organization\",\"@id\":\"https:\/\/institutos.ufrrj.br\/icsa\/#organization\",\"name\":\"ICSA\",\"url\":\"https:\/\/institutos.ufrrj.br\/icsa\/\",\"logo\":{\"@type\":\"ImageObject\",\"inLanguage\":\"pt-BR\",\"@id\":\"https:\/\/institutos.ufrrj.br\/icsa\/#\/schema\/logo\/image\/\",\"url\":\"https:\/\/institutos.ufrrj.br\/icsa\/wp-content\/uploads\/sites\/101\/2023\/10\/logo_icsa_cor_horz_01-4-1.png\",\"contentUrl\":\"https:\/\/institutos.ufrrj.br\/icsa\/wp-content\/uploads\/sites\/101\/2023\/10\/logo_icsa_cor_horz_01-4-1.png\",\"width\":300,\"height\":101,\"caption\":\"ICSA\"},\"image\":{\"@id\":\"https:\/\/institutos.ufrrj.br\/icsa\/#\/schema\/logo\/image\/\"},\"sameAs\":[\"https:\/\/www.facebook.com\/ICSA-189767328193686\/\",\"https:\/\/www.instagram.com\/icsa.ufrrj\/\",\"https:\/\/www.youtube.com\/@icsaufrrj\"]}]}<\/script>\n<!-- \/ Yoast SEO plugin. -->","yoast_head_json":{"title":"CONTATOS \u00daTEIS - ICSA","robots":{"index":"index","follow":"follow","max-snippet":"max-snippet:-1","max-image-preview":"max-image-preview:large","max-video-preview":"max-video-preview:-1"},"canonical":"https:\/\/institutos.ufrrj.br\/icsa\/contatosuteis\/","og_locale":"pt_BR","og_type":"article","og_title":"CONTATOS \u00daTEIS - ICSA","og_description":"Pr\u00e9dio do ICSA Dire\u00e7\u00e3o ICSA 2681 4999 icsa@ufrrj.br Secretaria do ICSA 2681 4969 Sala de Projetos ICSA 2681 4912 Departamento ... leia mais","og_url":"https:\/\/institutos.ufrrj.br\/icsa\/contatosuteis\/","og_site_name":"ICSA","article_publisher":"https:\/\/www.facebook.com\/ICSA-189767328193686\/","article_modified_time":"2026-03-26T18:43:36+00:00","og_image":[{"width":456,"height":41,"url":"https:\/\/institutos.ufrrj.br\/icsa\/wp-content\/uploads\/sites\/101\/2019\/05\/CONTATOS.jpg","type":"image\/jpeg"}],"twitter_card":"summary_large_image","twitter_misc":{"Est. tempo de leitura":"1 minuto"},"schema":{"@context":"https:\/\/schema.org","@graph":[{"@type":"WebPage","@id":"https:\/\/institutos.ufrrj.br\/icsa\/contatosuteis\/","url":"https:\/\/institutos.ufrrj.br\/icsa\/contatosuteis\/","name":"CONTATOS \u00daTEIS - ICSA","isPartOf":{"@id":"https:\/\/institutos.ufrrj.br\/icsa\/#website"},"primaryImageOfPage":{"@id":"https:\/\/institutos.ufrrj.br\/icsa\/contatosuteis\/#primaryimage"},"image":{"@id":"https:\/\/institutos.ufrrj.br\/icsa\/contatosuteis\/#primaryimage"},"thumbnailUrl":"http:\/\/institutos.ufrrj.br\/icsa\/wp-content\/uploads\/sites\/101\/2019\/05\/CONTATOS.jpg","datePublished":"2017-03-21T18:45:54+00:00","dateModified":"2026-03-26T18:43:36+00:00","breadcrumb":{"@id":"https:\/\/institutos.ufrrj.br\/icsa\/contatosuteis\/#breadcrumb"},"inLanguage":"pt-BR","potentialAction":[{"@type":"ReadAction","target":["https:\/\/institutos.ufrrj.br\/icsa\/contatosuteis\/"]}]},{"@type":"ImageObject","inLanguage":"pt-BR","@id":"https:\/\/institutos.ufrrj.br\/icsa\/contatosuteis\/#primaryimage","url":"https:\/\/institutos.ufrrj.br\/icsa\/wp-content\/uploads\/sites\/101\/2019\/05\/CONTATOS.jpg","contentUrl":"https:\/\/institutos.ufrrj.br\/icsa\/wp-content\/uploads\/sites\/101\/2019\/05\/CONTATOS.jpg","width":456,"height":41},{"@type":"BreadcrumbList","@id":"https:\/\/institutos.ufrrj.br\/icsa\/contatosuteis\/#breadcrumb","itemListElement":[{"@type":"ListItem","position":1,"name":"In\u00edcio","item":"https:\/\/institutos.ufrrj.br\/icsa\/"},{"@type":"ListItem","position":2,"name":"CONTATOS \u00daTEIS"}]},{"@type":"WebSite","@id":"https:\/\/institutos.ufrrj.br\/icsa\/#website","url":"https:\/\/institutos.ufrrj.br\/icsa\/","name":"ICSA","description":"Institutos de Ci\u00eancias Sociais Aplicadas","publisher":{"@id":"https:\/\/institutos.ufrrj.br\/icsa\/#organization"},"potentialAction":[{"@type":"SearchAction","target":{"@type":"EntryPoint","urlTemplate":"https:\/\/institutos.ufrrj.br\/icsa\/?s={search_term_string}"},"query-input":{"@type":"PropertyValueSpecification","valueRequired":true,"valueName":"search_term_string"}}],"inLanguage":"pt-BR"},{"@type":"Organization","@id":"https:\/\/institutos.ufrrj.br\/icsa\/#organization","name":"ICSA","url":"https:\/\/institutos.ufrrj.br\/icsa\/","logo":{"@type":"ImageObject","inLanguage":"pt-BR","@id":"https:\/\/institutos.ufrrj.br\/icsa\/#\/schema\/logo\/image\/","url":"https:\/\/institutos.ufrrj.br\/icsa\/wp-content\/uploads\/sites\/101\/2023\/10\/logo_icsa_cor_horz_01-4-1.png","contentUrl":"https:\/\/institutos.ufrrj.br\/icsa\/wp-content\/uploads\/sites\/101\/2023\/10\/logo_icsa_cor_horz_01-4-1.png","width":300,"height":101,"caption":"ICSA"},"image":{"@id":"https:\/\/institutos.ufrrj.br\/icsa\/#\/schema\/logo\/image\/"},"sameAs":["https:\/\/www.facebook.com\/ICSA-189767328193686\/","https:\/\/www.instagram.com\/icsa.ufrrj\/","https:\/\/www.youtube.com\/@icsaufrrj"]}]}},"_links":{"self":[{"href":"https:\/\/institutos.ufrrj.br\/icsa\/wp-json\/wp\/v2\/pages\/497","targetHints":{"allow":["GET"]}}],"collection":[{"href":"https:\/\/institutos.ufrrj.br\/icsa\/wp-json\/wp\/v2\/pages"}],"about":[{"href":"https:\/\/institutos.ufrrj.br\/icsa\/wp-json\/wp\/v2\/types\/page"}],"author":[{"embeddable":true,"href":"https:\/\/institutos.ufrrj.br\/icsa\/wp-json\/wp\/v2\/users\/22"}],"replies":[{"embeddable":true,"href":"https:\/\/institutos.ufrrj.br\/icsa\/wp-json\/wp\/v2\/comments?post=497"}],"version-history":[{"count":12,"href":"https:\/\/institutos.ufrrj.br\/icsa\/wp-json\/wp\/v2\/pages\/497\/revisions"}],"predecessor-version":[{"id":9818,"href":"https:\/\/institutos.ufrrj.br\/icsa\/wp-json\/wp\/v2\/pages\/497\/revisions\/9818"}],"wp:attachment":[{"href":"https:\/\/institutos.ufrrj.br\/icsa\/wp-json\/wp\/v2\/media?parent=497"}],"curies":[{"name":"wp","href":"https:\/\/api.w.org\/{rel}","templated":true}]}}