{"id":5790,"date":"2023-02-15T17:01:16","date_gmt":"2023-02-15T20:01:16","guid":{"rendered":"https:\/\/institutos.ufrrj.br\/icsa\/?page_id=5790"},"modified":"2026-03-31T15:01:17","modified_gmt":"2026-03-31T18:01:17","slug":"comissao-setorial-de-extensao-icsa","status":"publish","type":"page","link":"https:\/\/institutos.ufrrj.br\/icsa\/comissao-setorial-de-extensao-icsa\/","title":{"rendered":"COMISS\u00c3O SETORIAL DE EXTENS\u00c3O"},"content":{"rendered":"\n<div class=\"wp-block-buttons is-layout-flex wp-block-buttons-is-layout-flex\"><\/div>\n\n\n\n<figure class=\"wp-block-table\"><table><tbody><tr><td class=\"has-text-align-center\" data-align=\"center\"><strong>NOME<\/strong><\/td><td class=\"has-text-align-center\" data-align=\"center\"><strong>SIAPE<\/strong><\/td><td class=\"has-text-align-center\" data-align=\"center\"><strong>DEPARTAMENTO<\/strong><\/td><\/tr><tr><td class=\"has-text-align-center\" data-align=\"center\">Caio Peixoto Chain <em><strong>(presidente)<\/strong><\/em><\/td><td class=\"has-text-align-center\" data-align=\"center\">1258701<\/td><td class=\"has-text-align-center\" data-align=\"center\">DAP<\/td><\/tr><tr><td class=\"has-text-align-center\" data-align=\"center\">Elga Batista da Silva<\/td><td class=\"has-text-align-center\" data-align=\"center\">2256765<\/td><td class=\"has-text-align-center\" data-align=\"center\">DHSS<\/td><\/tr><tr><td class=\"has-text-align-center\" data-align=\"center\">Maur\u00edcio Caetano Matias Soares<\/td><td class=\"has-text-align-center\" data-align=\"center\">3309615<\/td><td class=\"has-text-align-center\" data-align=\"center\">DHSS<\/td><\/tr><tr><td class=\"has-text-align-center\" data-align=\"center\">Vinicius Ferreira Baptista<\/td><td class=\"has-text-align-center\" data-align=\"center\">&nbsp;2159036<\/td><td class=\"has-text-align-center\" data-align=\"center\">DAP<\/td><\/tr><tr><td class=\"has-text-align-center\" data-align=\"center\">Selma Velozo Fontes<\/td><td class=\"has-text-align-center\" data-align=\"center\">2316388<\/td><td class=\"has-text-align-center\" data-align=\"center\">DCA<\/td><\/tr><tr><td class=\"has-text-align-center\" data-align=\"center\">R\u00fabia Cristina Wegner<\/td><td class=\"has-text-align-center\" data-align=\"center\">2946873<\/td><td class=\"has-text-align-center\" data-align=\"center\">DeCE<\/td><\/tr><tr><td class=\"has-text-align-center\" data-align=\"center\">Lamounier Erthal Villela<\/td><td class=\"has-text-align-center\" data-align=\"center\">1802640<\/td><td class=\"has-text-align-center\" data-align=\"center\">DeCE<\/td><\/tr><tr><td class=\"has-text-align-center\" data-align=\"center\">Miguel Henriques de Carvalho<\/td><td class=\"has-text-align-center\" data-align=\"center\">3229065<\/td><td class=\"has-text-align-center\" data-align=\"center\">DeCE<\/td><\/tr><tr><td class=\"has-text-align-center\" data-align=\"center\">Rosana Frujuelle<\/td><td class=\"has-text-align-center\" data-align=\"center\">387434<\/td><td class=\"has-text-align-center\" data-align=\"center\">DCA<\/td><\/tr><tr><td class=\"has-text-align-center\" data-align=\"center\">Marcello Vin\u00edcius Doria Calvosa<\/td><td class=\"has-text-align-center\" data-align=\"center\">2434101<\/td><td class=\"has-text-align-center\" data-align=\"center\">DCA<\/td><\/tr><tr><td class=\"has-text-align-center\" data-align=\"center\"><strong>T\u00c9CNICOS-ADMINISTRATIVOS<\/strong><\/td><td class=\"has-text-align-center\" data-align=\"center\"><strong>SIAPE<\/strong><\/td><td class=\"has-text-align-center\" data-align=\"center\"><strong>DEPARTAMENTO<\/strong><\/td><\/tr><tr><td class=\"has-text-align-center\" data-align=\"center\">PATRICIA FERNANDES DE OLIVEIRA SANTOS <strong>(titular)<\/strong><\/td><td class=\"has-text-align-center\" data-align=\"center\">1752478<\/td><td class=\"has-text-align-center\" data-align=\"center\">DAP<\/td><\/tr><tr><td class=\"has-text-align-center\" data-align=\"center\">FL\u00c1VIO NOGUEIRA LESSA <strong>(suplente)<\/strong><\/td><td class=\"has-text-align-center\" data-align=\"center\">3345517<\/td><td class=\"has-text-align-center\" data-align=\"center\">DeCE<\/td><\/tr><tr><td class=\"has-text-align-center\" data-align=\"center\"><strong>DISCENTES<\/strong><\/td><td class=\"has-text-align-center\" data-align=\"center\"><strong>MATR\u00cdCULA<\/strong><\/td><td class=\"has-text-align-center\" data-align=\"center\"><strong>CURSO<\/strong><\/td><\/tr><tr><td class=\"has-text-align-center\" data-align=\"center\">BRUNO OLIVEIRA DE ARAUJO NUNES <strong>(titular)<\/strong><\/td><td class=\"has-text-align-center\" data-align=\"center\">20200076721<\/td><td class=\"has-text-align-center\" data-align=\"center\">Administra\u00e7\u00e3o P\u00fablica<\/td><\/tr><tr><td class=\"has-text-align-center\" data-align=\"center\">GABRIELLY LIMA DE FARIA <strong>(suplente)<\/strong><\/td><td class=\"has-text-align-center\" data-align=\"center\">20230001991<\/td><td class=\"has-text-align-center\" data-align=\"center\">Administra\u00e7\u00e3o<\/td><\/tr><\/tbody><\/table><\/figure>\n\n\n\n<p><\/p>\n\n\n\n<p><strong>PORTARIAS:<\/strong><\/p>\n\n\n\n<p><a href=\"https:\/\/institutos.ufrrj.br\/icsa\/wp-content\/uploads\/sites\/101\/2025\/12\/sipac.ufrrj_.br_public_jsp_documentos_documento_visualizacao.jsf_idDoc2018340.pdf\">PORTARIA N\u00ba 8876<\/a><\/p>\n\n\n\n<p><a href=\"https:\/\/institutos.ufrrj.br\/icsa\/wp-content\/uploads\/sites\/101\/2025\/03\/PORTARIA-EXTENSAO-ICSA.pdf\">PORTARIA N\u00ba 1642<\/a><\/p>\n\n\n\n<p><a href=\"https:\/\/institutos.ufrrj.br\/icsa\/wp-content\/uploads\/sites\/101\/2024\/09\/3a-Portaria-CSE_ICSA-16.ago_.24-2.pdf\">PORTARIA N\u00ba 5422<\/a><\/p>\n\n\n\n<p><a href=\"https:\/\/institutos.ufrrj.br\/icsa\/wp-content\/uploads\/sites\/101\/2023\/02\/CSE_ICSA_-2022.pdf\">PORTARIA N\u00ba 1645<\/a><\/p>\n\n\n\n<p><a href=\"https:\/\/institutos.ufrrj.br\/icsa\/wp-content\/uploads\/sites\/101\/2023\/02\/CSE_ICSA_-2022DCCF.pdf\">PORTARIA N\u00ba 3971<\/a><\/p>\n","protected":false},"excerpt":{"rendered":"<p>NOME SIAPE DEPARTAMENTO Caio Peixoto Chain (presidente) 1258701 DAP Elga Batista da Silva 2256765 DHSS Maur\u00edcio Caetano Matias Soares 3309615 <a class=\"read-more\" href=\"https:\/\/institutos.ufrrj.br\/icsa\/comissao-setorial-de-extensao-icsa\/\">&#8230; <em>leia mais <\/em> <i class=\"fa fa-long-arrow-right\"><\/i><\/a><\/p>\n","protected":false},"author":45,"featured_media":0,"parent":0,"menu_order":0,"comment_status":"closed","ping_status":"closed","template":"","meta":{"_acf_changed":false,"_themeisle_gutenberg_block_has_review":false,"footnotes":"","_links_to":"","_links_to_target":""},"class_list":["post-5790","page","type-page","status-publish","hentry"],"acf":[],"yoast_head":"<!-- This site is optimized with the Yoast SEO plugin v26.8 - https:\/\/yoast.com\/product\/yoast-seo-wordpress\/ -->\n<title>COMISS\u00c3O SETORIAL DE EXTENS\u00c3O - ICSA<\/title>\n<meta name=\"robots\" content=\"index, follow, max-snippet:-1, max-image-preview:large, max-video-preview:-1\" \/>\n<link rel=\"canonical\" href=\"https:\/\/institutos.ufrrj.br\/icsa\/comissao-setorial-de-extensao-icsa\/\" \/>\n<meta property=\"og:locale\" content=\"pt_BR\" \/>\n<meta property=\"og:type\" content=\"article\" \/>\n<meta property=\"og:title\" content=\"COMISS\u00c3O SETORIAL DE EXTENS\u00c3O - ICSA\" \/>\n<meta property=\"og:description\" content=\"NOME SIAPE DEPARTAMENTO Caio Peixoto Chain (presidente) 1258701 DAP Elga Batista da Silva 2256765 DHSS Maur\u00edcio Caetano Matias Soares 3309615 ... leia mais\" \/>\n<meta property=\"og:url\" content=\"https:\/\/institutos.ufrrj.br\/icsa\/comissao-setorial-de-extensao-icsa\/\" \/>\n<meta property=\"og:site_name\" content=\"ICSA\" \/>\n<meta property=\"article:publisher\" content=\"https:\/\/www.facebook.com\/ICSA-189767328193686\/\" \/>\n<meta property=\"article:modified_time\" content=\"2026-03-31T18:01:17+00:00\" \/>\n<meta name=\"twitter:card\" content=\"summary_large_image\" \/>\n<meta name=\"twitter:label1\" content=\"Est. tempo de leitura\" \/>\n\t<meta name=\"twitter:data1\" content=\"1 minuto\" \/>\n<script type=\"application\/ld+json\" class=\"yoast-schema-graph\">{\"@context\":\"https:\/\/schema.org\",\"@graph\":[{\"@type\":\"WebPage\",\"@id\":\"https:\/\/institutos.ufrrj.br\/icsa\/comissao-setorial-de-extensao-icsa\/\",\"url\":\"https:\/\/institutos.ufrrj.br\/icsa\/comissao-setorial-de-extensao-icsa\/\",\"name\":\"COMISS\u00c3O SETORIAL DE EXTENS\u00c3O - ICSA\",\"isPartOf\":{\"@id\":\"https:\/\/institutos.ufrrj.br\/icsa\/#website\"},\"datePublished\":\"2023-02-15T20:01:16+00:00\",\"dateModified\":\"2026-03-31T18:01:17+00:00\",\"breadcrumb\":{\"@id\":\"https:\/\/institutos.ufrrj.br\/icsa\/comissao-setorial-de-extensao-icsa\/#breadcrumb\"},\"inLanguage\":\"pt-BR\",\"potentialAction\":[{\"@type\":\"ReadAction\",\"target\":[\"https:\/\/institutos.ufrrj.br\/icsa\/comissao-setorial-de-extensao-icsa\/\"]}]},{\"@type\":\"BreadcrumbList\",\"@id\":\"https:\/\/institutos.ufrrj.br\/icsa\/comissao-setorial-de-extensao-icsa\/#breadcrumb\",\"itemListElement\":[{\"@type\":\"ListItem\",\"position\":1,\"name\":\"In\u00edcio\",\"item\":\"https:\/\/institutos.ufrrj.br\/icsa\/\"},{\"@type\":\"ListItem\",\"position\":2,\"name\":\"COMISS\u00c3O SETORIAL DE EXTENS\u00c3O\"}]},{\"@type\":\"WebSite\",\"@id\":\"https:\/\/institutos.ufrrj.br\/icsa\/#website\",\"url\":\"https:\/\/institutos.ufrrj.br\/icsa\/\",\"name\":\"ICSA\",\"description\":\"Institutos de Ci\u00eancias Sociais Aplicadas\",\"publisher\":{\"@id\":\"https:\/\/institutos.ufrrj.br\/icsa\/#organization\"},\"potentialAction\":[{\"@type\":\"SearchAction\",\"target\":{\"@type\":\"EntryPoint\",\"urlTemplate\":\"https:\/\/institutos.ufrrj.br\/icsa\/?s={search_term_string}\"},\"query-input\":{\"@type\":\"PropertyValueSpecification\",\"valueRequired\":true,\"valueName\":\"search_term_string\"}}],\"inLanguage\":\"pt-BR\"},{\"@type\":\"Organization\",\"@id\":\"https:\/\/institutos.ufrrj.br\/icsa\/#organization\",\"name\":\"ICSA\",\"url\":\"https:\/\/institutos.ufrrj.br\/icsa\/\",\"logo\":{\"@type\":\"ImageObject\",\"inLanguage\":\"pt-BR\",\"@id\":\"https:\/\/institutos.ufrrj.br\/icsa\/#\/schema\/logo\/image\/\",\"url\":\"https:\/\/institutos.ufrrj.br\/icsa\/wp-content\/uploads\/sites\/101\/2023\/10\/logo_icsa_cor_horz_01-4-1.png\",\"contentUrl\":\"https:\/\/institutos.ufrrj.br\/icsa\/wp-content\/uploads\/sites\/101\/2023\/10\/logo_icsa_cor_horz_01-4-1.png\",\"width\":300,\"height\":101,\"caption\":\"ICSA\"},\"image\":{\"@id\":\"https:\/\/institutos.ufrrj.br\/icsa\/#\/schema\/logo\/image\/\"},\"sameAs\":[\"https:\/\/www.facebook.com\/ICSA-189767328193686\/\",\"https:\/\/www.instagram.com\/icsa.ufrrj\/\",\"https:\/\/www.youtube.com\/@icsaufrrj\"]}]}<\/script>\n<!-- \/ Yoast SEO plugin. -->","yoast_head_json":{"title":"COMISS\u00c3O SETORIAL DE EXTENS\u00c3O - ICSA","robots":{"index":"index","follow":"follow","max-snippet":"max-snippet:-1","max-image-preview":"max-image-preview:large","max-video-preview":"max-video-preview:-1"},"canonical":"https:\/\/institutos.ufrrj.br\/icsa\/comissao-setorial-de-extensao-icsa\/","og_locale":"pt_BR","og_type":"article","og_title":"COMISS\u00c3O SETORIAL DE EXTENS\u00c3O - ICSA","og_description":"NOME SIAPE DEPARTAMENTO Caio Peixoto Chain (presidente) 1258701 DAP Elga Batista da Silva 2256765 DHSS Maur\u00edcio Caetano Matias Soares 3309615 ... leia mais","og_url":"https:\/\/institutos.ufrrj.br\/icsa\/comissao-setorial-de-extensao-icsa\/","og_site_name":"ICSA","article_publisher":"https:\/\/www.facebook.com\/ICSA-189767328193686\/","article_modified_time":"2026-03-31T18:01:17+00:00","twitter_card":"summary_large_image","twitter_misc":{"Est. tempo de leitura":"1 minuto"},"schema":{"@context":"https:\/\/schema.org","@graph":[{"@type":"WebPage","@id":"https:\/\/institutos.ufrrj.br\/icsa\/comissao-setorial-de-extensao-icsa\/","url":"https:\/\/institutos.ufrrj.br\/icsa\/comissao-setorial-de-extensao-icsa\/","name":"COMISS\u00c3O SETORIAL DE EXTENS\u00c3O - ICSA","isPartOf":{"@id":"https:\/\/institutos.ufrrj.br\/icsa\/#website"},"datePublished":"2023-02-15T20:01:16+00:00","dateModified":"2026-03-31T18:01:17+00:00","breadcrumb":{"@id":"https:\/\/institutos.ufrrj.br\/icsa\/comissao-setorial-de-extensao-icsa\/#breadcrumb"},"inLanguage":"pt-BR","potentialAction":[{"@type":"ReadAction","target":["https:\/\/institutos.ufrrj.br\/icsa\/comissao-setorial-de-extensao-icsa\/"]}]},{"@type":"BreadcrumbList","@id":"https:\/\/institutos.ufrrj.br\/icsa\/comissao-setorial-de-extensao-icsa\/#breadcrumb","itemListElement":[{"@type":"ListItem","position":1,"name":"In\u00edcio","item":"https:\/\/institutos.ufrrj.br\/icsa\/"},{"@type":"ListItem","position":2,"name":"COMISS\u00c3O SETORIAL DE EXTENS\u00c3O"}]},{"@type":"WebSite","@id":"https:\/\/institutos.ufrrj.br\/icsa\/#website","url":"https:\/\/institutos.ufrrj.br\/icsa\/","name":"ICSA","description":"Institutos de Ci\u00eancias Sociais Aplicadas","publisher":{"@id":"https:\/\/institutos.ufrrj.br\/icsa\/#organization"},"potentialAction":[{"@type":"SearchAction","target":{"@type":"EntryPoint","urlTemplate":"https:\/\/institutos.ufrrj.br\/icsa\/?s={search_term_string}"},"query-input":{"@type":"PropertyValueSpecification","valueRequired":true,"valueName":"search_term_string"}}],"inLanguage":"pt-BR"},{"@type":"Organization","@id":"https:\/\/institutos.ufrrj.br\/icsa\/#organization","name":"ICSA","url":"https:\/\/institutos.ufrrj.br\/icsa\/","logo":{"@type":"ImageObject","inLanguage":"pt-BR","@id":"https:\/\/institutos.ufrrj.br\/icsa\/#\/schema\/logo\/image\/","url":"https:\/\/institutos.ufrrj.br\/icsa\/wp-content\/uploads\/sites\/101\/2023\/10\/logo_icsa_cor_horz_01-4-1.png","contentUrl":"https:\/\/institutos.ufrrj.br\/icsa\/wp-content\/uploads\/sites\/101\/2023\/10\/logo_icsa_cor_horz_01-4-1.png","width":300,"height":101,"caption":"ICSA"},"image":{"@id":"https:\/\/institutos.ufrrj.br\/icsa\/#\/schema\/logo\/image\/"},"sameAs":["https:\/\/www.facebook.com\/ICSA-189767328193686\/","https:\/\/www.instagram.com\/icsa.ufrrj\/","https:\/\/www.youtube.com\/@icsaufrrj"]}]}},"_links":{"self":[{"href":"https:\/\/institutos.ufrrj.br\/icsa\/wp-json\/wp\/v2\/pages\/5790","targetHints":{"allow":["GET"]}}],"collection":[{"href":"https:\/\/institutos.ufrrj.br\/icsa\/wp-json\/wp\/v2\/pages"}],"about":[{"href":"https:\/\/institutos.ufrrj.br\/icsa\/wp-json\/wp\/v2\/types\/page"}],"author":[{"embeddable":true,"href":"https:\/\/institutos.ufrrj.br\/icsa\/wp-json\/wp\/v2\/users\/45"}],"replies":[{"embeddable":true,"href":"https:\/\/institutos.ufrrj.br\/icsa\/wp-json\/wp\/v2\/comments?post=5790"}],"version-history":[{"count":20,"href":"https:\/\/institutos.ufrrj.br\/icsa\/wp-json\/wp\/v2\/pages\/5790\/revisions"}],"predecessor-version":[{"id":9831,"href":"https:\/\/institutos.ufrrj.br\/icsa\/wp-json\/wp\/v2\/pages\/5790\/revisions\/9831"}],"wp:attachment":[{"href":"https:\/\/institutos.ufrrj.br\/icsa\/wp-json\/wp\/v2\/media?parent=5790"}],"curies":[{"name":"wp","href":"https:\/\/api.w.org\/{rel}","templated":true}]}}