{"id":6562,"date":"2023-09-19T14:53:51","date_gmt":"2023-09-19T17:53:51","guid":{"rendered":"https:\/\/institutos.ufrrj.br\/icsa\/?page_id=6562"},"modified":"2023-09-26T17:44:37","modified_gmt":"2023-09-26T20:44:37","slug":"agi","status":"publish","type":"page","link":"https:\/\/institutos.ufrrj.br\/icsa\/agi\/","title":{"rendered":"ACAD\u00caMICO GESTOR DA INFORMA\u00c7\u00c3O (AGI)"},"content":{"rendered":"\n<p>O Acad\u00eamico Gestor da Informa\u00e7\u00e3o (AGI) \u00e9 um grupo de representantes (titulares e suplentes) discentes vinculado ao Instituto de Ci\u00eancias Sociais Aplicadas (ICSA) da Universidade Federal Rural do Rio de Janeiro (UFRRJ). Criado em 13 de junho de 2023, esta inst\u00e2ncia consultiva \u00e9 formada por: cursos de gradua\u00e7\u00e3o; diret\u00f3rios e centros acad\u00eamicos; e empresas juniores situadas no ICSA.<br>Com reuni\u00f5es mensais ordin\u00e1rias presididas pela Dire\u00e7\u00e3o ICSA 2023\/2027, seus membros discutem quest\u00f5es vinculadas ao ensino, pesquisa, extens\u00e3o e ritos administrativos do Instituto supracitado, sempre com os objetivos de: elevar a qualidade destas pr\u00e1ticas; e zelar pelo relacionamento com a comunidade ICSA, compreendendo seus n\u00edveis de satisfa\u00e7\u00e3o para que as tomadas de decis\u00e3o sejam cada vez mais assertivas.<br>Dito isso, abaixo est\u00e3o dispostos: os calend\u00e1rios de reuni\u00f5es; as portarias que explicitam as representa\u00e7\u00f5es discentes aqui indicadas; e as atas destas reuni\u00f5es consultivas.<\/p>\n\n\n\n<p><\/p>\n\n\n\n<p><\/p>\n","protected":false},"excerpt":{"rendered":"<p>O Acad\u00eamico Gestor da Informa\u00e7\u00e3o (AGI) \u00e9 um grupo de representantes (titulares e suplentes) discentes vinculado ao Instituto de Ci\u00eancias <a class=\"read-more\" href=\"https:\/\/institutos.ufrrj.br\/icsa\/agi\/\">&#8230; <em>leia mais <\/em> <i class=\"fa fa-long-arrow-right\"><\/i><\/a><\/p>\n","protected":false},"author":89,"featured_media":0,"parent":0,"menu_order":0,"comment_status":"closed","ping_status":"closed","template":"","meta":{"_acf_changed":false,"_themeisle_gutenberg_block_has_review":false,"footnotes":"","_links_to":"","_links_to_target":""},"class_list":["post-6562","page","type-page","status-publish","hentry"],"acf":[],"yoast_head":"<!-- This site is optimized with the Yoast SEO plugin v26.8 - https:\/\/yoast.com\/product\/yoast-seo-wordpress\/ -->\n<title>ACAD\u00caMICO GESTOR DA INFORMA\u00c7\u00c3O (AGI) - ICSA<\/title>\n<meta name=\"robots\" content=\"index, follow, max-snippet:-1, max-image-preview:large, max-video-preview:-1\" \/>\n<link rel=\"canonical\" href=\"https:\/\/institutos.ufrrj.br\/icsa\/agi\/\" \/>\n<meta property=\"og:locale\" content=\"pt_BR\" \/>\n<meta property=\"og:type\" content=\"article\" \/>\n<meta property=\"og:title\" content=\"ACAD\u00caMICO GESTOR DA INFORMA\u00c7\u00c3O (AGI) - ICSA\" \/>\n<meta property=\"og:description\" content=\"O Acad\u00eamico Gestor da Informa\u00e7\u00e3o (AGI) \u00e9 um grupo de representantes (titulares e suplentes) discentes vinculado ao Instituto de Ci\u00eancias ... leia mais\" \/>\n<meta property=\"og:url\" content=\"https:\/\/institutos.ufrrj.br\/icsa\/agi\/\" \/>\n<meta property=\"og:site_name\" content=\"ICSA\" \/>\n<meta property=\"article:publisher\" content=\"https:\/\/www.facebook.com\/ICSA-189767328193686\/\" \/>\n<meta property=\"article:modified_time\" content=\"2023-09-26T20:44:37+00:00\" \/>\n<meta name=\"twitter:card\" content=\"summary_large_image\" \/>\n<meta name=\"twitter:label1\" content=\"Est. tempo de leitura\" \/>\n\t<meta name=\"twitter:data1\" content=\"1 minuto\" \/>\n<script type=\"application\/ld+json\" class=\"yoast-schema-graph\">{\"@context\":\"https:\/\/schema.org\",\"@graph\":[{\"@type\":\"WebPage\",\"@id\":\"https:\/\/institutos.ufrrj.br\/icsa\/agi\/\",\"url\":\"https:\/\/institutos.ufrrj.br\/icsa\/agi\/\",\"name\":\"ACAD\u00caMICO GESTOR DA INFORMA\u00c7\u00c3O (AGI) - ICSA\",\"isPartOf\":{\"@id\":\"https:\/\/institutos.ufrrj.br\/icsa\/#website\"},\"datePublished\":\"2023-09-19T17:53:51+00:00\",\"dateModified\":\"2023-09-26T20:44:37+00:00\",\"breadcrumb\":{\"@id\":\"https:\/\/institutos.ufrrj.br\/icsa\/agi\/#breadcrumb\"},\"inLanguage\":\"pt-BR\",\"potentialAction\":[{\"@type\":\"ReadAction\",\"target\":[\"https:\/\/institutos.ufrrj.br\/icsa\/agi\/\"]}]},{\"@type\":\"BreadcrumbList\",\"@id\":\"https:\/\/institutos.ufrrj.br\/icsa\/agi\/#breadcrumb\",\"itemListElement\":[{\"@type\":\"ListItem\",\"position\":1,\"name\":\"In\u00edcio\",\"item\":\"https:\/\/institutos.ufrrj.br\/icsa\/\"},{\"@type\":\"ListItem\",\"position\":2,\"name\":\"ACAD\u00caMICO GESTOR DA INFORMA\u00c7\u00c3O (AGI)\"}]},{\"@type\":\"WebSite\",\"@id\":\"https:\/\/institutos.ufrrj.br\/icsa\/#website\",\"url\":\"https:\/\/institutos.ufrrj.br\/icsa\/\",\"name\":\"ICSA\",\"description\":\"Institutos de Ci\u00eancias Sociais Aplicadas\",\"publisher\":{\"@id\":\"https:\/\/institutos.ufrrj.br\/icsa\/#organization\"},\"potentialAction\":[{\"@type\":\"SearchAction\",\"target\":{\"@type\":\"EntryPoint\",\"urlTemplate\":\"https:\/\/institutos.ufrrj.br\/icsa\/?s={search_term_string}\"},\"query-input\":{\"@type\":\"PropertyValueSpecification\",\"valueRequired\":true,\"valueName\":\"search_term_string\"}}],\"inLanguage\":\"pt-BR\"},{\"@type\":\"Organization\",\"@id\":\"https:\/\/institutos.ufrrj.br\/icsa\/#organization\",\"name\":\"ICSA\",\"url\":\"https:\/\/institutos.ufrrj.br\/icsa\/\",\"logo\":{\"@type\":\"ImageObject\",\"inLanguage\":\"pt-BR\",\"@id\":\"https:\/\/institutos.ufrrj.br\/icsa\/#\/schema\/logo\/image\/\",\"url\":\"https:\/\/institutos.ufrrj.br\/icsa\/wp-content\/uploads\/sites\/101\/2023\/10\/logo_icsa_cor_horz_01-4-1.png\",\"contentUrl\":\"https:\/\/institutos.ufrrj.br\/icsa\/wp-content\/uploads\/sites\/101\/2023\/10\/logo_icsa_cor_horz_01-4-1.png\",\"width\":300,\"height\":101,\"caption\":\"ICSA\"},\"image\":{\"@id\":\"https:\/\/institutos.ufrrj.br\/icsa\/#\/schema\/logo\/image\/\"},\"sameAs\":[\"https:\/\/www.facebook.com\/ICSA-189767328193686\/\",\"https:\/\/www.instagram.com\/icsa.ufrrj\/\",\"https:\/\/www.youtube.com\/@icsaufrrj\"]}]}<\/script>\n<!-- \/ Yoast SEO plugin. -->","yoast_head_json":{"title":"ACAD\u00caMICO GESTOR DA INFORMA\u00c7\u00c3O (AGI) - ICSA","robots":{"index":"index","follow":"follow","max-snippet":"max-snippet:-1","max-image-preview":"max-image-preview:large","max-video-preview":"max-video-preview:-1"},"canonical":"https:\/\/institutos.ufrrj.br\/icsa\/agi\/","og_locale":"pt_BR","og_type":"article","og_title":"ACAD\u00caMICO GESTOR DA INFORMA\u00c7\u00c3O (AGI) - ICSA","og_description":"O Acad\u00eamico Gestor da Informa\u00e7\u00e3o (AGI) \u00e9 um grupo de representantes (titulares e suplentes) discentes vinculado ao Instituto de Ci\u00eancias ... leia mais","og_url":"https:\/\/institutos.ufrrj.br\/icsa\/agi\/","og_site_name":"ICSA","article_publisher":"https:\/\/www.facebook.com\/ICSA-189767328193686\/","article_modified_time":"2023-09-26T20:44:37+00:00","twitter_card":"summary_large_image","twitter_misc":{"Est. tempo de leitura":"1 minuto"},"schema":{"@context":"https:\/\/schema.org","@graph":[{"@type":"WebPage","@id":"https:\/\/institutos.ufrrj.br\/icsa\/agi\/","url":"https:\/\/institutos.ufrrj.br\/icsa\/agi\/","name":"ACAD\u00caMICO GESTOR DA INFORMA\u00c7\u00c3O (AGI) - ICSA","isPartOf":{"@id":"https:\/\/institutos.ufrrj.br\/icsa\/#website"},"datePublished":"2023-09-19T17:53:51+00:00","dateModified":"2023-09-26T20:44:37+00:00","breadcrumb":{"@id":"https:\/\/institutos.ufrrj.br\/icsa\/agi\/#breadcrumb"},"inLanguage":"pt-BR","potentialAction":[{"@type":"ReadAction","target":["https:\/\/institutos.ufrrj.br\/icsa\/agi\/"]}]},{"@type":"BreadcrumbList","@id":"https:\/\/institutos.ufrrj.br\/icsa\/agi\/#breadcrumb","itemListElement":[{"@type":"ListItem","position":1,"name":"In\u00edcio","item":"https:\/\/institutos.ufrrj.br\/icsa\/"},{"@type":"ListItem","position":2,"name":"ACAD\u00caMICO GESTOR DA INFORMA\u00c7\u00c3O (AGI)"}]},{"@type":"WebSite","@id":"https:\/\/institutos.ufrrj.br\/icsa\/#website","url":"https:\/\/institutos.ufrrj.br\/icsa\/","name":"ICSA","description":"Institutos de Ci\u00eancias Sociais Aplicadas","publisher":{"@id":"https:\/\/institutos.ufrrj.br\/icsa\/#organization"},"potentialAction":[{"@type":"SearchAction","target":{"@type":"EntryPoint","urlTemplate":"https:\/\/institutos.ufrrj.br\/icsa\/?s={search_term_string}"},"query-input":{"@type":"PropertyValueSpecification","valueRequired":true,"valueName":"search_term_string"}}],"inLanguage":"pt-BR"},{"@type":"Organization","@id":"https:\/\/institutos.ufrrj.br\/icsa\/#organization","name":"ICSA","url":"https:\/\/institutos.ufrrj.br\/icsa\/","logo":{"@type":"ImageObject","inLanguage":"pt-BR","@id":"https:\/\/institutos.ufrrj.br\/icsa\/#\/schema\/logo\/image\/","url":"https:\/\/institutos.ufrrj.br\/icsa\/wp-content\/uploads\/sites\/101\/2023\/10\/logo_icsa_cor_horz_01-4-1.png","contentUrl":"https:\/\/institutos.ufrrj.br\/icsa\/wp-content\/uploads\/sites\/101\/2023\/10\/logo_icsa_cor_horz_01-4-1.png","width":300,"height":101,"caption":"ICSA"},"image":{"@id":"https:\/\/institutos.ufrrj.br\/icsa\/#\/schema\/logo\/image\/"},"sameAs":["https:\/\/www.facebook.com\/ICSA-189767328193686\/","https:\/\/www.instagram.com\/icsa.ufrrj\/","https:\/\/www.youtube.com\/@icsaufrrj"]}]}},"_links":{"self":[{"href":"https:\/\/institutos.ufrrj.br\/icsa\/wp-json\/wp\/v2\/pages\/6562","targetHints":{"allow":["GET"]}}],"collection":[{"href":"https:\/\/institutos.ufrrj.br\/icsa\/wp-json\/wp\/v2\/pages"}],"about":[{"href":"https:\/\/institutos.ufrrj.br\/icsa\/wp-json\/wp\/v2\/types\/page"}],"author":[{"embeddable":true,"href":"https:\/\/institutos.ufrrj.br\/icsa\/wp-json\/wp\/v2\/users\/89"}],"replies":[{"embeddable":true,"href":"https:\/\/institutos.ufrrj.br\/icsa\/wp-json\/wp\/v2\/comments?post=6562"}],"version-history":[{"count":3,"href":"https:\/\/institutos.ufrrj.br\/icsa\/wp-json\/wp\/v2\/pages\/6562\/revisions"}],"predecessor-version":[{"id":6685,"href":"https:\/\/institutos.ufrrj.br\/icsa\/wp-json\/wp\/v2\/pages\/6562\/revisions\/6685"}],"wp:attachment":[{"href":"https:\/\/institutos.ufrrj.br\/icsa\/wp-json\/wp\/v2\/media?parent=6562"}],"curies":[{"name":"wp","href":"https:\/\/api.w.org\/{rel}","templated":true}]}}