{"id":6674,"date":"2023-09-26T16:11:26","date_gmt":"2023-09-26T19:11:26","guid":{"rendered":"https:\/\/institutos.ufrrj.br\/icsa\/?page_id=6674"},"modified":"2025-04-24T12:31:20","modified_gmt":"2025-04-24T15:31:20","slug":"2023-3","status":"publish","type":"page","link":"https:\/\/institutos.ufrrj.br\/icsa\/2023-3\/","title":{"rendered":""},"content":{"rendered":"\n<p><strong>I OFICINA DE CAPACITA\u00c7\u00c3O DISCENTE, DOCENTE E TAE DO ICSA<\/strong><br><strong>Data Docente\/TAE:<\/strong> 13 e 14 de julho de 2023<br><strong>Data Discente:<\/strong> 28 e 29 de setembro de 2023<br><strong>Tema das Oficinas<\/strong>: <em>Tipos de Fontes, Motores de Busca e An\u00e1lises Bibliom\u00e9tricas.<\/em><br>Estas oficinas objetivaram evidenciar as especificidades das pesquisas cient\u00edficas na contemporaneidade, com \u00eanfase na realiza\u00e7\u00e3o de estudos na \u00e1rea de ci\u00eancias sociais aplicadas, ilustrando os cuidados a serem tomados para que os resultados obtidos em motores de busca sejam coerentes, plaus\u00edveis, \u00e9ticos, relevantes e veross\u00edmeis.<\/p>\n\n\n\n<p>Para saber mais sobre essas oficinas: <a data-type=\"URL\" data-id=\"https:\/\/institutos.ufrrj.br\/icsa\/oficina-de-capacitacao-tipos-de-fontes-motores-de-busca-e-analises-bibliometricas\/\" href=\"https:\/\/institutos.ufrrj.br\/icsa\/oficina-de-capacitacao-tipos-de-fontes-motores-de-busca-e-analises-bibliometricas\/\"><strong>clique aqui<\/strong><\/a><\/p>\n\n\n\n<hr class=\"wp-block-separator has-alpha-channel-opacity\"\/>\n\n\n\n<p><strong>II OFICINA DE CAPACITA\u00c7\u00c3O DISCENTE E TAE DO ICSA<\/strong><\/p>\n\n\n\n<p><strong>Data: <\/strong>14 e 15 de setembro de 2023<\/p>\n\n\n\n<p><strong>Tema da Oficina<\/strong>:<em> As Especificidades da Produ\u00e7\u00e3o de um Artigo Cient\u00edfico<\/em>.<\/p>\n\n\n\n<p>O objetivo dessa capacita\u00e7\u00e3o foi expor os preceitos que alicer\u00e7am o desenvolvimento das pesquisas cient\u00edficas, proporcionando conhecimentos, t\u00e9cnicas, habilidades e compet\u00eancias que permitam definir, controlar e coordenar as m\u00faltiplas vari\u00e1veis de um estudo contempor\u00e2neo.<\/p>\n\n\n\n<p>Para saber mais sobre essa Oficina: <a href=\"https:\/\/institutos.ufrrj.br\/icsa\/ii-oficina-de-capacitacao-discente-icsa-as-especificidades-da-producao-de-um-artigo-cientifico\/\"><strong>clique aqui<\/strong><\/a><\/p>\n\n\n\n<hr class=\"wp-block-separator has-alpha-channel-opacity\"\/>\n\n\n\n<p><strong>II OFICINA DE CAPACITA\u00c7\u00c3O DOCENTE E TAE DO ICSA<\/strong><\/p>\n\n\n\n<p><strong>Data<\/strong>: 18 de setembro de 2023<\/p>\n\n\n\n<p><strong>Tema da Oficina<\/strong>: <em>Power Bi<\/em><\/p>\n\n\n\n<p><em>Em 18 de setembro de 2023, a Dire\u00e7\u00e3o do ICSA 2023\/2027 realizou a II Oficina de Capacita\u00e7\u00e3o destinada aos docentes e t\u00e9cnicos-administrativos lotados no ICSA. Esta atividade objetivou apresentar as funcionalidades e aplica\u00e7\u00f5es da ferramenta de an\u00e1lise de dados PoweBI. Destaca-se o fato desta oficina ter sido ministrada pela Profa. Rayane Ruas, doutoranda em Turismo na Universidade de Aveiro, onde investiga a utiliza\u00e7\u00e3o das tecnologias e do Big Data no turismo.<\/em><\/p>\n\n\n\n<p> Para saber mais sobre essa Oficina: <a href=\"https:\/\/institutos.ufrrj.br\/icsa\/ii-oficina-de-capacitacao-docente-tae-icsa-power-bi\/\"><strong>clique aqui<\/strong><\/a><\/p>\n\n\n\n<hr class=\"wp-block-separator has-alpha-channel-opacity\"\/>\n\n\n\n<p><strong>AMBEV CONECTA<\/strong><\/p>\n\n\n\n<p><strong>Data: <\/strong>4 de setembro de 2023<\/p>\n\n\n\n<p>A Dire\u00e7\u00e3o ICSA 2023\/2027 realizou no dia 04 de setembro de 2023, em parceria com o Grupo AMBEV, o \u201cAMBEV Conecta\u201d. Esse evento oportunizou aos participantes um conhecimento sobre as principais produtos, caracter\u00edsticas, princ\u00edpios e valores do referido grupo. Al\u00e9m disso, os participantes tiveram a oportunidade de entender um pouco mais sobre dois processos seletivos \u2013 est\u00e1gio e trainee \u2013 que estar\u00e3o abertos entre os dias 05 e 25 de setembro de 2023. Evento sensacional!!! Oportunidade \u00fanica concedida aos discentes do Instituto de Ci\u00eancias Sociais Aplicadas da Universidade Federal Rural do Rio de Janeiro!!! #vemprarural #vemparaoicsa #porumicsaunido<\/p>\n\n\n\n<p> Para saber mais sobre esse evento: <strong><a href=\"https:\/\/institutos.ufrrj.br\/icsa\/ambev-conecta\/\">clique aqui<\/a><\/strong><\/p>\n\n\n\n<hr class=\"wp-block-separator has-alpha-channel-opacity\"\/>\n\n\n\n<p><strong>CELEBRA 10 ANOS ICSA\/I FEIRA DE EST\u00c1GIO DO ICSA<\/strong><\/p>\n\n\n\n<p><strong>Data: <\/strong>9, 10 e 16 de outubro de 2023<\/p>\n\n\n\n<p>Em 2023 comemoramos o primeiro dec\u00eanio do Instituto de Ci\u00eancias Sociais Aplicadas (ICSA). Durante essa trajet\u00f3ria, \u00e9 importante destacar que, de maneira engajada, nossa comunidade perseverou para que a miss\u00e3o do ICSA fosse diuturnamente cumprida: a de ser um instituto inovador e comprometido com a excel\u00eancia acad\u00eamica e cient\u00edfica, formando cidad\u00e3os conscientes do seu papel transformador na sociedade.<\/p>\n\n\n\n<p>Logo, o ICSA promove, juntamente com seus cursos de gradua\u00e7\u00e3o e programas de p\u00f3s-gradua\u00e7\u00e3o, a\u00e7\u00f5es educativas que englobam dimens\u00f5es humanit\u00e1rias, favorecendo o desenvolvimento de um conhecimento elaborado coletivamente e que propicia um aprimoramento das compet\u00eancias, t\u00e9cnicas, habilidades e cogni\u00e7\u00f5es de sua comunidade.<\/p>\n\n\n\n<p>Para celebrarmos este marco dos 10 anos, a Dire\u00e7\u00e3o do ICSA 2023\/2027, juntamente com representantes do Acad\u00eamico Gestor da Informa\u00e7\u00e3o (AGI ICSA), elaboraram a programa\u00e7\u00e3o desta atividade.<\/p>\n\n\n\n<p>Para saber mais sobre a programa\u00e7\u00e3o deste evento: <strong><a href=\"https:\/\/institutos.ufrrj.br\/icsa\/10-anos-do-icsa-primeiro-dia\/\">clique a<\/a><a href=\"https:\/\/institutos.ufrrj.br\/icsa\/inscricoes-e-programacao-celebra-10-anos-icsa\/\">qui<\/a><\/strong><\/p>\n\n\n\n<p>Para saber mais sobre este evento: <strong><a href=\"https:\/\/institutos.ufrrj.br\/icsa\/10-anos-do-icsa-primeiro-dia\/\">clique aqui<\/a><\/strong><\/p>\n\n\n\n<p>Para saber quais foram as empresas participantes da I Feira de Est\u00e1gio do ICSA: <strong><a href=\"https:\/\/institutos.ufrrj.br\/icsa\/10-anos-do-instituto-de-ciencias-sociais-aplicadas\/\">clique aqui<\/a><\/strong><\/p>\n\n\n\n<hr class=\"wp-block-separator has-alpha-channel-opacity\"\/>\n\n\n\n<p><\/p>\n","protected":false},"excerpt":{"rendered":"<p>I OFICINA DE CAPACITA\u00c7\u00c3O DISCENTE, DOCENTE E TAE DO ICSAData Docente\/TAE: 13 e 14 de julho de 2023Data Discente: 28 <a class=\"read-more\" href=\"https:\/\/institutos.ufrrj.br\/icsa\/2023-3\/\">&#8230; <em>leia mais <\/em> <i class=\"fa fa-long-arrow-right\"><\/i><\/a><\/p>\n","protected":false},"author":89,"featured_media":0,"parent":0,"menu_order":0,"comment_status":"closed","ping_status":"closed","template":"","meta":{"_acf_changed":false,"_themeisle_gutenberg_block_has_review":false,"footnotes":"","_links_to":"","_links_to_target":""},"class_list":["post-6674","page","type-page","status-publish","hentry"],"acf":[],"yoast_head":"<!-- This site is optimized with the Yoast SEO plugin v26.8 - https:\/\/yoast.com\/product\/yoast-seo-wordpress\/ -->\n<title>- ICSA<\/title>\n<meta name=\"robots\" content=\"index, follow, max-snippet:-1, max-image-preview:large, max-video-preview:-1\" \/>\n<link rel=\"canonical\" href=\"https:\/\/institutos.ufrrj.br\/icsa\/2023-3\/\" \/>\n<meta property=\"og:locale\" content=\"pt_BR\" \/>\n<meta property=\"og:type\" content=\"article\" \/>\n<meta property=\"og:title\" content=\"- ICSA\" \/>\n<meta property=\"og:description\" content=\"I OFICINA DE CAPACITA\u00c7\u00c3O DISCENTE, DOCENTE E TAE DO ICSAData Docente\/TAE: 13 e 14 de julho de 2023Data Discente: 28 ... leia mais\" \/>\n<meta property=\"og:url\" content=\"https:\/\/institutos.ufrrj.br\/icsa\/2023-3\/\" \/>\n<meta property=\"og:site_name\" content=\"ICSA\" \/>\n<meta property=\"article:publisher\" content=\"https:\/\/www.facebook.com\/ICSA-189767328193686\/\" \/>\n<meta property=\"article:modified_time\" content=\"2025-04-24T15:31:20+00:00\" \/>\n<meta name=\"twitter:card\" content=\"summary_large_image\" \/>\n<script type=\"application\/ld+json\" class=\"yoast-schema-graph\">{\"@context\":\"https:\/\/schema.org\",\"@graph\":[{\"@type\":\"WebPage\",\"@id\":\"https:\/\/institutos.ufrrj.br\/icsa\/2023-3\/\",\"url\":\"https:\/\/institutos.ufrrj.br\/icsa\/2023-3\/\",\"name\":\"- ICSA\",\"isPartOf\":{\"@id\":\"https:\/\/institutos.ufrrj.br\/icsa\/#website\"},\"datePublished\":\"2023-09-26T19:11:26+00:00\",\"dateModified\":\"2025-04-24T15:31:20+00:00\",\"inLanguage\":\"pt-BR\",\"potentialAction\":[{\"@type\":\"ReadAction\",\"target\":[\"https:\/\/institutos.ufrrj.br\/icsa\/2023-3\/\"]}]},{\"@type\":\"WebSite\",\"@id\":\"https:\/\/institutos.ufrrj.br\/icsa\/#website\",\"url\":\"https:\/\/institutos.ufrrj.br\/icsa\/\",\"name\":\"ICSA\",\"description\":\"Institutos de Ci\u00eancias Sociais Aplicadas\",\"publisher\":{\"@id\":\"https:\/\/institutos.ufrrj.br\/icsa\/#organization\"},\"potentialAction\":[{\"@type\":\"SearchAction\",\"target\":{\"@type\":\"EntryPoint\",\"urlTemplate\":\"https:\/\/institutos.ufrrj.br\/icsa\/?s={search_term_string}\"},\"query-input\":{\"@type\":\"PropertyValueSpecification\",\"valueRequired\":true,\"valueName\":\"search_term_string\"}}],\"inLanguage\":\"pt-BR\"},{\"@type\":\"Organization\",\"@id\":\"https:\/\/institutos.ufrrj.br\/icsa\/#organization\",\"name\":\"ICSA\",\"url\":\"https:\/\/institutos.ufrrj.br\/icsa\/\",\"logo\":{\"@type\":\"ImageObject\",\"inLanguage\":\"pt-BR\",\"@id\":\"https:\/\/institutos.ufrrj.br\/icsa\/#\/schema\/logo\/image\/\",\"url\":\"https:\/\/institutos.ufrrj.br\/icsa\/wp-content\/uploads\/sites\/101\/2023\/10\/logo_icsa_cor_horz_01-4-1.png\",\"contentUrl\":\"https:\/\/institutos.ufrrj.br\/icsa\/wp-content\/uploads\/sites\/101\/2023\/10\/logo_icsa_cor_horz_01-4-1.png\",\"width\":300,\"height\":101,\"caption\":\"ICSA\"},\"image\":{\"@id\":\"https:\/\/institutos.ufrrj.br\/icsa\/#\/schema\/logo\/image\/\"},\"sameAs\":[\"https:\/\/www.facebook.com\/ICSA-189767328193686\/\",\"https:\/\/www.instagram.com\/icsa.ufrrj\/\",\"https:\/\/www.youtube.com\/@icsaufrrj\"]}]}<\/script>\n<!-- \/ Yoast SEO plugin. -->","yoast_head_json":{"title":"- ICSA","robots":{"index":"index","follow":"follow","max-snippet":"max-snippet:-1","max-image-preview":"max-image-preview:large","max-video-preview":"max-video-preview:-1"},"canonical":"https:\/\/institutos.ufrrj.br\/icsa\/2023-3\/","og_locale":"pt_BR","og_type":"article","og_title":"- ICSA","og_description":"I OFICINA DE CAPACITA\u00c7\u00c3O DISCENTE, DOCENTE E TAE DO ICSAData Docente\/TAE: 13 e 14 de julho de 2023Data Discente: 28 ... leia mais","og_url":"https:\/\/institutos.ufrrj.br\/icsa\/2023-3\/","og_site_name":"ICSA","article_publisher":"https:\/\/www.facebook.com\/ICSA-189767328193686\/","article_modified_time":"2025-04-24T15:31:20+00:00","twitter_card":"summary_large_image","schema":{"@context":"https:\/\/schema.org","@graph":[{"@type":"WebPage","@id":"https:\/\/institutos.ufrrj.br\/icsa\/2023-3\/","url":"https:\/\/institutos.ufrrj.br\/icsa\/2023-3\/","name":"- ICSA","isPartOf":{"@id":"https:\/\/institutos.ufrrj.br\/icsa\/#website"},"datePublished":"2023-09-26T19:11:26+00:00","dateModified":"2025-04-24T15:31:20+00:00","inLanguage":"pt-BR","potentialAction":[{"@type":"ReadAction","target":["https:\/\/institutos.ufrrj.br\/icsa\/2023-3\/"]}]},{"@type":"WebSite","@id":"https:\/\/institutos.ufrrj.br\/icsa\/#website","url":"https:\/\/institutos.ufrrj.br\/icsa\/","name":"ICSA","description":"Institutos de Ci\u00eancias Sociais Aplicadas","publisher":{"@id":"https:\/\/institutos.ufrrj.br\/icsa\/#organization"},"potentialAction":[{"@type":"SearchAction","target":{"@type":"EntryPoint","urlTemplate":"https:\/\/institutos.ufrrj.br\/icsa\/?s={search_term_string}"},"query-input":{"@type":"PropertyValueSpecification","valueRequired":true,"valueName":"search_term_string"}}],"inLanguage":"pt-BR"},{"@type":"Organization","@id":"https:\/\/institutos.ufrrj.br\/icsa\/#organization","name":"ICSA","url":"https:\/\/institutos.ufrrj.br\/icsa\/","logo":{"@type":"ImageObject","inLanguage":"pt-BR","@id":"https:\/\/institutos.ufrrj.br\/icsa\/#\/schema\/logo\/image\/","url":"https:\/\/institutos.ufrrj.br\/icsa\/wp-content\/uploads\/sites\/101\/2023\/10\/logo_icsa_cor_horz_01-4-1.png","contentUrl":"https:\/\/institutos.ufrrj.br\/icsa\/wp-content\/uploads\/sites\/101\/2023\/10\/logo_icsa_cor_horz_01-4-1.png","width":300,"height":101,"caption":"ICSA"},"image":{"@id":"https:\/\/institutos.ufrrj.br\/icsa\/#\/schema\/logo\/image\/"},"sameAs":["https:\/\/www.facebook.com\/ICSA-189767328193686\/","https:\/\/www.instagram.com\/icsa.ufrrj\/","https:\/\/www.youtube.com\/@icsaufrrj"]}]}},"_links":{"self":[{"href":"https:\/\/institutos.ufrrj.br\/icsa\/wp-json\/wp\/v2\/pages\/6674","targetHints":{"allow":["GET"]}}],"collection":[{"href":"https:\/\/institutos.ufrrj.br\/icsa\/wp-json\/wp\/v2\/pages"}],"about":[{"href":"https:\/\/institutos.ufrrj.br\/icsa\/wp-json\/wp\/v2\/types\/page"}],"author":[{"embeddable":true,"href":"https:\/\/institutos.ufrrj.br\/icsa\/wp-json\/wp\/v2\/users\/89"}],"replies":[{"embeddable":true,"href":"https:\/\/institutos.ufrrj.br\/icsa\/wp-json\/wp\/v2\/comments?post=6674"}],"version-history":[{"count":25,"href":"https:\/\/institutos.ufrrj.br\/icsa\/wp-json\/wp\/v2\/pages\/6674\/revisions"}],"predecessor-version":[{"id":8838,"href":"https:\/\/institutos.ufrrj.br\/icsa\/wp-json\/wp\/v2\/pages\/6674\/revisions\/8838"}],"wp:attachment":[{"href":"https:\/\/institutos.ufrrj.br\/icsa\/wp-json\/wp\/v2\/media?parent=6674"}],"curies":[{"name":"wp","href":"https:\/\/api.w.org\/{rel}","templated":true}]}}