{"id":7185,"date":"2024-01-24T15:41:19","date_gmt":"2024-01-24T18:41:19","guid":{"rendered":"https:\/\/institutos.ufrrj.br\/icsa\/?page_id=7185"},"modified":"2026-02-21T12:59:22","modified_gmt":"2026-02-21T15:59:22","slug":"programa-de-pos-graduacao-em-gestao-e-estrategia","status":"publish","type":"page","link":"https:\/\/institutos.ufrrj.br\/icsa\/programa-de-pos-graduacao-em-gestao-e-estrategia\/","title":{"rendered":""},"content":{"rendered":"\n<p>O Programa de Mestrado Profissional em Gest\u00e3o e Estrat\u00e9gia (PPGE) da UFRRJ \u00e9 um programa recomendado e aprovado pela CAPES\/MEC desde 2002 para atingir os patamares m\u00e1ximos de qualifica\u00e7\u00e3o da educa\u00e7\u00e3o superior em p\u00f3s-gradua\u00e7\u00e3o stricto sensu.<\/p>\n\n\n\n<p>Ao longo de sua opera\u00e7\u00e3o cont\u00ednua em mais de duas d\u00e9cadas, o PPGE construiu um legado importante no campo da Administra\u00e7\u00e3o, atendendo ao bin\u00f4mio mercado\/academia, por compreender essas dimens\u00f5es em sinergia e de maneira hol\u00edstica.<\/p>\n\n\n\n<p>O Programa de P\u00f3s-Gradua\u00e7\u00e3o Mestrado Profissional em Gest\u00e3o e Estrat\u00e9gia est\u00e1 vinculado ao ICSA \u2013 Instituto de Ci\u00eancias Sociais Aplicadas da UFRRJ \u2013 Universidade Federal Rural do Rio de Janeiro. E segue as Normas CAPES 2017-2020 que estabelecem as diretrizes da p\u00f3s-gradua\u00e7\u00e3o stricto sensu no pa\u00eds.<\/p>\n\n\n\n<p>O programa opera de forma pioneira na \u00e1rea de concentra\u00e7\u00e3o em Gest\u00e3o e Estrat\u00e9gia, dois termos indissoci\u00e1veis para a ubiquidade da a\u00e7\u00e3o organizacional transformadora, que se faz social e utilitarista, ao mesmo tempo. \u00c9 utilitarista quando se prop\u00f5e a pensar em compet\u00eancias gerenciais, t\u00e9cnicas e inovadoras para o funcionamento sist\u00eamico e organizacional para o alcance de metas. E tem dimens\u00e3o social quando se considera sua condi\u00e7\u00e3o dial\u00f3gica e participativa, que aciona uma rede complexa de sujeitos sociais em assimetria para o agir.<\/p>\n\n\n\n<p>O planejamento do programa tem metas claras que contemplam as dire\u00e7\u00f5es dadas pela Ficha de Avalia\u00e7\u00e3o da CAPES (2019), buscando mais acuidade do bin\u00f4mio planejamento\/a\u00e7\u00e3o do programa.<\/p>\n\n\n\n<p>O PPGE tem identidade! Ser \u201cemepegeano\u201d se mescla com o ser \u201cruralino\u201d, que emerge no passado nas ci\u00eancias agr\u00e1rias e hoje est\u00e1 na ponta da revolu\u00e7\u00e3o ambiental que busca processos inovadores para a sustentabilidade da vida humana, produzindo conhecimento e desenvolvimento. Trata-se de um programa que integra uma institui\u00e7\u00e3o centen\u00e1ria, e que possui uma identidade pr\u00f3pria associada \u00e0 modalidade profissional. Representa a transforma\u00e7\u00e3o social pela educa\u00e7\u00e3o superior human\u00edstica, para a qualifica\u00e7\u00e3o de profissionais cr\u00edticos, solid\u00e1rios e cidad\u00e3os.<\/p>\n\n\n\n<hr class=\"wp-block-separator has-alpha-channel-opacity\"\/>\n\n\n\n<p><strong>COORDENADOR:<\/strong> Prof. Dr. Daniel Ribeiro de Oliveira<\/p>\n\n\n\n<p><strong>VICE-COORDENADORA:\u00a0<\/strong>Profa. Dra. Patricia Leite da Silva<\/p>\n\n\n\n<p><strong>SECRET\u00c1RIA:<\/strong>&nbsp;Rosa Cec\u00edlia Doria Couto Melo &#8211;  secretariappge@ufrrj.br<\/p>\n\n\n\n<p><strong>TELEFONE: <\/strong>(21) 2681-4938<\/p>\n\n\n\n<hr class=\"wp-block-separator has-alpha-channel-opacity\"\/>\n\n\n\n<pre class=\"wp-block-preformatted\"><strong><a href=\"https:\/\/cursos.ufrrj.br\/posgraduacao\/ppge\/\">Para saber mais sobre este Programa, acesse seu site clicando aqui<\/a><\/strong><\/pre>\n\n\n\n<pre class=\"wp-block-preformatted\"><strong><a href=\"https:\/\/www.facebook.com\/MestradoProfissionalEmGestaoeEstrategia\">Acompanhe o PPGE em sua m\u00eddia social clicando aqui<\/a><\/strong><\/pre>\n","protected":false},"excerpt":{"rendered":"<p>O Programa de Mestrado Profissional em Gest\u00e3o e Estrat\u00e9gia (PPGE) da UFRRJ \u00e9 um programa recomendado e aprovado pela CAPES\/MEC <a class=\"read-more\" href=\"https:\/\/institutos.ufrrj.br\/icsa\/programa-de-pos-graduacao-em-gestao-e-estrategia\/\">&#8230; <em>leia mais <\/em> <i class=\"fa fa-long-arrow-right\"><\/i><\/a><\/p>\n","protected":false},"author":89,"featured_media":0,"parent":0,"menu_order":0,"comment_status":"closed","ping_status":"closed","template":"","meta":{"_acf_changed":false,"_themeisle_gutenberg_block_has_review":false,"footnotes":"","_links_to":"","_links_to_target":""},"class_list":["post-7185","page","type-page","status-publish","hentry"],"acf":[],"yoast_head":"<!-- This site is optimized with the Yoast SEO plugin v26.8 - https:\/\/yoast.com\/product\/yoast-seo-wordpress\/ -->\n<title>- ICSA<\/title>\n<meta name=\"robots\" content=\"index, follow, max-snippet:-1, max-image-preview:large, max-video-preview:-1\" \/>\n<link rel=\"canonical\" href=\"https:\/\/institutos.ufrrj.br\/icsa\/programa-de-pos-graduacao-em-gestao-e-estrategia\/\" \/>\n<meta property=\"og:locale\" content=\"pt_BR\" \/>\n<meta property=\"og:type\" content=\"article\" \/>\n<meta property=\"og:title\" content=\"- ICSA\" \/>\n<meta property=\"og:description\" content=\"O Programa de Mestrado Profissional em Gest\u00e3o e Estrat\u00e9gia (PPGE) da UFRRJ \u00e9 um programa recomendado e aprovado pela CAPES\/MEC ... leia mais\" \/>\n<meta property=\"og:url\" content=\"https:\/\/institutos.ufrrj.br\/icsa\/programa-de-pos-graduacao-em-gestao-e-estrategia\/\" \/>\n<meta property=\"og:site_name\" content=\"ICSA\" \/>\n<meta property=\"article:publisher\" content=\"https:\/\/www.facebook.com\/ICSA-189767328193686\/\" \/>\n<meta property=\"article:modified_time\" content=\"2026-02-21T15:59:22+00:00\" \/>\n<meta name=\"twitter:card\" content=\"summary_large_image\" \/>\n<meta name=\"twitter:label1\" content=\"Est. tempo de leitura\" \/>\n\t<meta name=\"twitter:data1\" content=\"2 minutos\" \/>\n<script type=\"application\/ld+json\" class=\"yoast-schema-graph\">{\"@context\":\"https:\/\/schema.org\",\"@graph\":[{\"@type\":\"WebPage\",\"@id\":\"https:\/\/institutos.ufrrj.br\/icsa\/programa-de-pos-graduacao-em-gestao-e-estrategia\/\",\"url\":\"https:\/\/institutos.ufrrj.br\/icsa\/programa-de-pos-graduacao-em-gestao-e-estrategia\/\",\"name\":\"- ICSA\",\"isPartOf\":{\"@id\":\"https:\/\/institutos.ufrrj.br\/icsa\/#website\"},\"datePublished\":\"2024-01-24T18:41:19+00:00\",\"dateModified\":\"2026-02-21T15:59:22+00:00\",\"inLanguage\":\"pt-BR\",\"potentialAction\":[{\"@type\":\"ReadAction\",\"target\":[\"https:\/\/institutos.ufrrj.br\/icsa\/programa-de-pos-graduacao-em-gestao-e-estrategia\/\"]}]},{\"@type\":\"WebSite\",\"@id\":\"https:\/\/institutos.ufrrj.br\/icsa\/#website\",\"url\":\"https:\/\/institutos.ufrrj.br\/icsa\/\",\"name\":\"ICSA\",\"description\":\"Institutos de Ci\u00eancias Sociais Aplicadas\",\"publisher\":{\"@id\":\"https:\/\/institutos.ufrrj.br\/icsa\/#organization\"},\"potentialAction\":[{\"@type\":\"SearchAction\",\"target\":{\"@type\":\"EntryPoint\",\"urlTemplate\":\"https:\/\/institutos.ufrrj.br\/icsa\/?s={search_term_string}\"},\"query-input\":{\"@type\":\"PropertyValueSpecification\",\"valueRequired\":true,\"valueName\":\"search_term_string\"}}],\"inLanguage\":\"pt-BR\"},{\"@type\":\"Organization\",\"@id\":\"https:\/\/institutos.ufrrj.br\/icsa\/#organization\",\"name\":\"ICSA\",\"url\":\"https:\/\/institutos.ufrrj.br\/icsa\/\",\"logo\":{\"@type\":\"ImageObject\",\"inLanguage\":\"pt-BR\",\"@id\":\"https:\/\/institutos.ufrrj.br\/icsa\/#\/schema\/logo\/image\/\",\"url\":\"https:\/\/institutos.ufrrj.br\/icsa\/wp-content\/uploads\/sites\/101\/2023\/10\/logo_icsa_cor_horz_01-4-1.png\",\"contentUrl\":\"https:\/\/institutos.ufrrj.br\/icsa\/wp-content\/uploads\/sites\/101\/2023\/10\/logo_icsa_cor_horz_01-4-1.png\",\"width\":300,\"height\":101,\"caption\":\"ICSA\"},\"image\":{\"@id\":\"https:\/\/institutos.ufrrj.br\/icsa\/#\/schema\/logo\/image\/\"},\"sameAs\":[\"https:\/\/www.facebook.com\/ICSA-189767328193686\/\",\"https:\/\/www.instagram.com\/icsa.ufrrj\/\",\"https:\/\/www.youtube.com\/@icsaufrrj\"]}]}<\/script>\n<!-- \/ Yoast SEO plugin. -->","yoast_head_json":{"title":"- ICSA","robots":{"index":"index","follow":"follow","max-snippet":"max-snippet:-1","max-image-preview":"max-image-preview:large","max-video-preview":"max-video-preview:-1"},"canonical":"https:\/\/institutos.ufrrj.br\/icsa\/programa-de-pos-graduacao-em-gestao-e-estrategia\/","og_locale":"pt_BR","og_type":"article","og_title":"- ICSA","og_description":"O Programa de Mestrado Profissional em Gest\u00e3o e Estrat\u00e9gia (PPGE) da UFRRJ \u00e9 um programa recomendado e aprovado pela CAPES\/MEC ... leia mais","og_url":"https:\/\/institutos.ufrrj.br\/icsa\/programa-de-pos-graduacao-em-gestao-e-estrategia\/","og_site_name":"ICSA","article_publisher":"https:\/\/www.facebook.com\/ICSA-189767328193686\/","article_modified_time":"2026-02-21T15:59:22+00:00","twitter_card":"summary_large_image","twitter_misc":{"Est. tempo de leitura":"2 minutos"},"schema":{"@context":"https:\/\/schema.org","@graph":[{"@type":"WebPage","@id":"https:\/\/institutos.ufrrj.br\/icsa\/programa-de-pos-graduacao-em-gestao-e-estrategia\/","url":"https:\/\/institutos.ufrrj.br\/icsa\/programa-de-pos-graduacao-em-gestao-e-estrategia\/","name":"- ICSA","isPartOf":{"@id":"https:\/\/institutos.ufrrj.br\/icsa\/#website"},"datePublished":"2024-01-24T18:41:19+00:00","dateModified":"2026-02-21T15:59:22+00:00","inLanguage":"pt-BR","potentialAction":[{"@type":"ReadAction","target":["https:\/\/institutos.ufrrj.br\/icsa\/programa-de-pos-graduacao-em-gestao-e-estrategia\/"]}]},{"@type":"WebSite","@id":"https:\/\/institutos.ufrrj.br\/icsa\/#website","url":"https:\/\/institutos.ufrrj.br\/icsa\/","name":"ICSA","description":"Institutos de Ci\u00eancias Sociais Aplicadas","publisher":{"@id":"https:\/\/institutos.ufrrj.br\/icsa\/#organization"},"potentialAction":[{"@type":"SearchAction","target":{"@type":"EntryPoint","urlTemplate":"https:\/\/institutos.ufrrj.br\/icsa\/?s={search_term_string}"},"query-input":{"@type":"PropertyValueSpecification","valueRequired":true,"valueName":"search_term_string"}}],"inLanguage":"pt-BR"},{"@type":"Organization","@id":"https:\/\/institutos.ufrrj.br\/icsa\/#organization","name":"ICSA","url":"https:\/\/institutos.ufrrj.br\/icsa\/","logo":{"@type":"ImageObject","inLanguage":"pt-BR","@id":"https:\/\/institutos.ufrrj.br\/icsa\/#\/schema\/logo\/image\/","url":"https:\/\/institutos.ufrrj.br\/icsa\/wp-content\/uploads\/sites\/101\/2023\/10\/logo_icsa_cor_horz_01-4-1.png","contentUrl":"https:\/\/institutos.ufrrj.br\/icsa\/wp-content\/uploads\/sites\/101\/2023\/10\/logo_icsa_cor_horz_01-4-1.png","width":300,"height":101,"caption":"ICSA"},"image":{"@id":"https:\/\/institutos.ufrrj.br\/icsa\/#\/schema\/logo\/image\/"},"sameAs":["https:\/\/www.facebook.com\/ICSA-189767328193686\/","https:\/\/www.instagram.com\/icsa.ufrrj\/","https:\/\/www.youtube.com\/@icsaufrrj"]}]}},"_links":{"self":[{"href":"https:\/\/institutos.ufrrj.br\/icsa\/wp-json\/wp\/v2\/pages\/7185","targetHints":{"allow":["GET"]}}],"collection":[{"href":"https:\/\/institutos.ufrrj.br\/icsa\/wp-json\/wp\/v2\/pages"}],"about":[{"href":"https:\/\/institutos.ufrrj.br\/icsa\/wp-json\/wp\/v2\/types\/page"}],"author":[{"embeddable":true,"href":"https:\/\/institutos.ufrrj.br\/icsa\/wp-json\/wp\/v2\/users\/89"}],"replies":[{"embeddable":true,"href":"https:\/\/institutos.ufrrj.br\/icsa\/wp-json\/wp\/v2\/comments?post=7185"}],"version-history":[{"count":8,"href":"https:\/\/institutos.ufrrj.br\/icsa\/wp-json\/wp\/v2\/pages\/7185\/revisions"}],"predecessor-version":[{"id":9728,"href":"https:\/\/institutos.ufrrj.br\/icsa\/wp-json\/wp\/v2\/pages\/7185\/revisions\/9728"}],"wp:attachment":[{"href":"https:\/\/institutos.ufrrj.br\/icsa\/wp-json\/wp\/v2\/media?parent=7185"}],"curies":[{"name":"wp","href":"https:\/\/api.w.org\/{rel}","templated":true}]}}