{"id":7187,"date":"2024-01-24T15:41:19","date_gmt":"2024-01-24T18:41:19","guid":{"rendered":"https:\/\/institutos.ufrrj.br\/icsa\/?page_id=7187"},"modified":"2025-08-12T17:04:18","modified_gmt":"2025-08-12T20:04:18","slug":"programa-de-pos-graduacao-em-gestao-e-desenvolvimento-territorial-e-politicas-publicas","status":"publish","type":"page","link":"https:\/\/institutos.ufrrj.br\/icsa\/programa-de-pos-graduacao-em-gestao-e-desenvolvimento-territorial-e-politicas-publicas\/","title":{"rendered":""},"content":{"rendered":"\n<p>A origem do PPGDT-UFRRJ remonta ao interesse de diversos pesquisadores em aprofundar suas investiga\u00e7\u00f5es sobre a natureza territorial dos fen\u00f4menos capitalistas e do papel do Estado como articulador e formulador de pol\u00edticas p\u00fablicas. De natureza multi e interdisciplinar por excel\u00eancia, a \u00e1rea de Planejamento Urbano e Regional, \u00e0 qual o PPGDT-UFRRJ \u00e9 subjacente, agrega docentes de \u00e1reas as mais diversas no \u00e2mbito da institui\u00e7\u00e3o, desde as Ci\u00eancias Econ\u00f4micas e Arquitetura e Urbanismo, passando pelas Ci\u00eancias Sociais e Agronomia, abrangendo ainda Hist\u00f3ria, Geografia, Ci\u00eancias Jur\u00eddicas, Administra\u00e7\u00e3o e Administra\u00e7\u00e3o P\u00fablica. Alocado administrativamente no Instituto de Ci\u00eancias Sociais Aplicadas, no campus de Serop\u00e9dica, ser\u00e1 o primeiro curso de doutorado acad\u00eamico do Instituto.<\/p>\n\n\n\n<p>O PPGDT inicia sua segunda d\u00e9cada de exist\u00eancia com todos os seus professores desenvolvendo projetos certificados no Diret\u00f3rio de Grupos de Pesquisa do CNPq, seja na condi\u00e7\u00e3o de pesquisador ou de l\u00edder, integrando pelos menos dois grupos de pesquisas, buscando constituir uma rede interinstitucional de reflex\u00e3o. Os Grupos de Pesquisa refletem tamb\u00e9m a disposi\u00e7\u00e3o dos docentes na busca por recursos financeiros por meio de editais das ag\u00eancias de fomento FAPERJ, CNPq, CAPES, Funda\u00e7\u00e3o Celso Furtado e Regional Studies Association. De modo geral, podemos destacar a articula\u00e7\u00e3o dos projetos com as linhas de pesquisa, com objetos relacionados \u00e0s tem\u00e1ticas de: (a) desenvolvimento territorial sustent\u00e1vel; (b) pol\u00edticas p\u00fablicas e desenvolvimento local; (c) sustentabilidade ambiental urbana e rural; (d) territ\u00f3rios urbanos e ruralidades; (e) transforma\u00e7\u00e3o da paisagem urbana e periurbana; (f) planejamento urbano em regi\u00e3o de periferia.<\/p>\n\n\n\n<hr class=\"wp-block-separator has-alpha-channel-opacity\"\/>\n\n\n\n<p><strong>COORDENADORA: <\/strong>Profa. Dra.<strong> <\/strong>Tatiana Cotta Gon\u00e7alves Pereira<\/p>\n\n\n\n<p><strong>VICE-COORDENADOR<\/strong>: Prof. Dr. Aldenilson dos Santos Vitorino Costa<\/p>\n\n\n\n<p><strong>SECRETARIA ACAD\u00caMICA:<\/strong> Monique de Queiroz Nunes &#8211; ppgdt@ufrrj.br<\/p>\n\n\n\n<hr class=\"wp-block-separator has-alpha-channel-opacity\"\/>\n\n\n\n<pre class=\"wp-block-preformatted\"><a href=\"https:\/\/cursos.ufrrj.br\/posgraduacao\/ppgdt\/\"><strong>Para saber mais sobre este Programa, acesse seu site clicando aqui<\/strong><\/a>\n<\/pre>\n\n\n\n<pre class=\"wp-block-preformatted\"><strong><a href=\"https:\/\/www.instagram.com\/ppgdt.ufrrj\/\">Acompanhe o PPDGT em sua m\u00eddia digital<\/a><\/strong><\/pre>\n","protected":false},"excerpt":{"rendered":"<p>A origem do PPGDT-UFRRJ remonta ao interesse de diversos pesquisadores em aprofundar suas investiga\u00e7\u00f5es sobre a natureza territorial dos fen\u00f4menos <a class=\"read-more\" href=\"https:\/\/institutos.ufrrj.br\/icsa\/programa-de-pos-graduacao-em-gestao-e-desenvolvimento-territorial-e-politicas-publicas\/\">&#8230; <em>leia mais <\/em> <i class=\"fa fa-long-arrow-right\"><\/i><\/a><\/p>\n","protected":false},"author":89,"featured_media":0,"parent":0,"menu_order":0,"comment_status":"closed","ping_status":"closed","template":"","meta":{"_acf_changed":false,"_themeisle_gutenberg_block_has_review":false,"footnotes":"","_links_to":"","_links_to_target":""},"class_list":["post-7187","page","type-page","status-publish","hentry"],"acf":[],"yoast_head":"<!-- This site is optimized with the Yoast SEO plugin v26.8 - https:\/\/yoast.com\/product\/yoast-seo-wordpress\/ -->\n<title>- ICSA<\/title>\n<meta name=\"robots\" content=\"index, follow, max-snippet:-1, max-image-preview:large, max-video-preview:-1\" \/>\n<link rel=\"canonical\" href=\"https:\/\/institutos.ufrrj.br\/icsa\/programa-de-pos-graduacao-em-gestao-e-desenvolvimento-territorial-e-politicas-publicas\/\" \/>\n<meta property=\"og:locale\" content=\"pt_BR\" \/>\n<meta property=\"og:type\" content=\"article\" \/>\n<meta property=\"og:title\" content=\"- ICSA\" \/>\n<meta property=\"og:description\" content=\"A origem do PPGDT-UFRRJ remonta ao interesse de diversos pesquisadores em aprofundar suas investiga\u00e7\u00f5es sobre a natureza territorial dos fen\u00f4menos ... leia mais\" \/>\n<meta property=\"og:url\" content=\"https:\/\/institutos.ufrrj.br\/icsa\/programa-de-pos-graduacao-em-gestao-e-desenvolvimento-territorial-e-politicas-publicas\/\" \/>\n<meta property=\"og:site_name\" content=\"ICSA\" \/>\n<meta property=\"article:publisher\" content=\"https:\/\/www.facebook.com\/ICSA-189767328193686\/\" \/>\n<meta property=\"article:modified_time\" content=\"2025-08-12T20:04:18+00:00\" \/>\n<meta name=\"twitter:card\" content=\"summary_large_image\" \/>\n<meta name=\"twitter:label1\" content=\"Est. tempo de leitura\" \/>\n\t<meta name=\"twitter:data1\" content=\"2 minutos\" \/>\n<script type=\"application\/ld+json\" class=\"yoast-schema-graph\">{\"@context\":\"https:\/\/schema.org\",\"@graph\":[{\"@type\":\"WebPage\",\"@id\":\"https:\/\/institutos.ufrrj.br\/icsa\/programa-de-pos-graduacao-em-gestao-e-desenvolvimento-territorial-e-politicas-publicas\/\",\"url\":\"https:\/\/institutos.ufrrj.br\/icsa\/programa-de-pos-graduacao-em-gestao-e-desenvolvimento-territorial-e-politicas-publicas\/\",\"name\":\"- ICSA\",\"isPartOf\":{\"@id\":\"https:\/\/institutos.ufrrj.br\/icsa\/#website\"},\"datePublished\":\"2024-01-24T18:41:19+00:00\",\"dateModified\":\"2025-08-12T20:04:18+00:00\",\"inLanguage\":\"pt-BR\",\"potentialAction\":[{\"@type\":\"ReadAction\",\"target\":[\"https:\/\/institutos.ufrrj.br\/icsa\/programa-de-pos-graduacao-em-gestao-e-desenvolvimento-territorial-e-politicas-publicas\/\"]}]},{\"@type\":\"WebSite\",\"@id\":\"https:\/\/institutos.ufrrj.br\/icsa\/#website\",\"url\":\"https:\/\/institutos.ufrrj.br\/icsa\/\",\"name\":\"ICSA\",\"description\":\"Institutos de Ci\u00eancias Sociais Aplicadas\",\"publisher\":{\"@id\":\"https:\/\/institutos.ufrrj.br\/icsa\/#organization\"},\"potentialAction\":[{\"@type\":\"SearchAction\",\"target\":{\"@type\":\"EntryPoint\",\"urlTemplate\":\"https:\/\/institutos.ufrrj.br\/icsa\/?s={search_term_string}\"},\"query-input\":{\"@type\":\"PropertyValueSpecification\",\"valueRequired\":true,\"valueName\":\"search_term_string\"}}],\"inLanguage\":\"pt-BR\"},{\"@type\":\"Organization\",\"@id\":\"https:\/\/institutos.ufrrj.br\/icsa\/#organization\",\"name\":\"ICSA\",\"url\":\"https:\/\/institutos.ufrrj.br\/icsa\/\",\"logo\":{\"@type\":\"ImageObject\",\"inLanguage\":\"pt-BR\",\"@id\":\"https:\/\/institutos.ufrrj.br\/icsa\/#\/schema\/logo\/image\/\",\"url\":\"https:\/\/institutos.ufrrj.br\/icsa\/wp-content\/uploads\/sites\/101\/2023\/10\/logo_icsa_cor_horz_01-4-1.png\",\"contentUrl\":\"https:\/\/institutos.ufrrj.br\/icsa\/wp-content\/uploads\/sites\/101\/2023\/10\/logo_icsa_cor_horz_01-4-1.png\",\"width\":300,\"height\":101,\"caption\":\"ICSA\"},\"image\":{\"@id\":\"https:\/\/institutos.ufrrj.br\/icsa\/#\/schema\/logo\/image\/\"},\"sameAs\":[\"https:\/\/www.facebook.com\/ICSA-189767328193686\/\",\"https:\/\/www.instagram.com\/icsa.ufrrj\/\",\"https:\/\/www.youtube.com\/@icsaufrrj\"]}]}<\/script>\n<!-- \/ Yoast SEO plugin. -->","yoast_head_json":{"title":"- ICSA","robots":{"index":"index","follow":"follow","max-snippet":"max-snippet:-1","max-image-preview":"max-image-preview:large","max-video-preview":"max-video-preview:-1"},"canonical":"https:\/\/institutos.ufrrj.br\/icsa\/programa-de-pos-graduacao-em-gestao-e-desenvolvimento-territorial-e-politicas-publicas\/","og_locale":"pt_BR","og_type":"article","og_title":"- ICSA","og_description":"A origem do PPGDT-UFRRJ remonta ao interesse de diversos pesquisadores em aprofundar suas investiga\u00e7\u00f5es sobre a natureza territorial dos fen\u00f4menos ... leia mais","og_url":"https:\/\/institutos.ufrrj.br\/icsa\/programa-de-pos-graduacao-em-gestao-e-desenvolvimento-territorial-e-politicas-publicas\/","og_site_name":"ICSA","article_publisher":"https:\/\/www.facebook.com\/ICSA-189767328193686\/","article_modified_time":"2025-08-12T20:04:18+00:00","twitter_card":"summary_large_image","twitter_misc":{"Est. tempo de leitura":"2 minutos"},"schema":{"@context":"https:\/\/schema.org","@graph":[{"@type":"WebPage","@id":"https:\/\/institutos.ufrrj.br\/icsa\/programa-de-pos-graduacao-em-gestao-e-desenvolvimento-territorial-e-politicas-publicas\/","url":"https:\/\/institutos.ufrrj.br\/icsa\/programa-de-pos-graduacao-em-gestao-e-desenvolvimento-territorial-e-politicas-publicas\/","name":"- ICSA","isPartOf":{"@id":"https:\/\/institutos.ufrrj.br\/icsa\/#website"},"datePublished":"2024-01-24T18:41:19+00:00","dateModified":"2025-08-12T20:04:18+00:00","inLanguage":"pt-BR","potentialAction":[{"@type":"ReadAction","target":["https:\/\/institutos.ufrrj.br\/icsa\/programa-de-pos-graduacao-em-gestao-e-desenvolvimento-territorial-e-politicas-publicas\/"]}]},{"@type":"WebSite","@id":"https:\/\/institutos.ufrrj.br\/icsa\/#website","url":"https:\/\/institutos.ufrrj.br\/icsa\/","name":"ICSA","description":"Institutos de Ci\u00eancias Sociais Aplicadas","publisher":{"@id":"https:\/\/institutos.ufrrj.br\/icsa\/#organization"},"potentialAction":[{"@type":"SearchAction","target":{"@type":"EntryPoint","urlTemplate":"https:\/\/institutos.ufrrj.br\/icsa\/?s={search_term_string}"},"query-input":{"@type":"PropertyValueSpecification","valueRequired":true,"valueName":"search_term_string"}}],"inLanguage":"pt-BR"},{"@type":"Organization","@id":"https:\/\/institutos.ufrrj.br\/icsa\/#organization","name":"ICSA","url":"https:\/\/institutos.ufrrj.br\/icsa\/","logo":{"@type":"ImageObject","inLanguage":"pt-BR","@id":"https:\/\/institutos.ufrrj.br\/icsa\/#\/schema\/logo\/image\/","url":"https:\/\/institutos.ufrrj.br\/icsa\/wp-content\/uploads\/sites\/101\/2023\/10\/logo_icsa_cor_horz_01-4-1.png","contentUrl":"https:\/\/institutos.ufrrj.br\/icsa\/wp-content\/uploads\/sites\/101\/2023\/10\/logo_icsa_cor_horz_01-4-1.png","width":300,"height":101,"caption":"ICSA"},"image":{"@id":"https:\/\/institutos.ufrrj.br\/icsa\/#\/schema\/logo\/image\/"},"sameAs":["https:\/\/www.facebook.com\/ICSA-189767328193686\/","https:\/\/www.instagram.com\/icsa.ufrrj\/","https:\/\/www.youtube.com\/@icsaufrrj"]}]}},"_links":{"self":[{"href":"https:\/\/institutos.ufrrj.br\/icsa\/wp-json\/wp\/v2\/pages\/7187","targetHints":{"allow":["GET"]}}],"collection":[{"href":"https:\/\/institutos.ufrrj.br\/icsa\/wp-json\/wp\/v2\/pages"}],"about":[{"href":"https:\/\/institutos.ufrrj.br\/icsa\/wp-json\/wp\/v2\/types\/page"}],"author":[{"embeddable":true,"href":"https:\/\/institutos.ufrrj.br\/icsa\/wp-json\/wp\/v2\/users\/89"}],"replies":[{"embeddable":true,"href":"https:\/\/institutos.ufrrj.br\/icsa\/wp-json\/wp\/v2\/comments?post=7187"}],"version-history":[{"count":9,"href":"https:\/\/institutos.ufrrj.br\/icsa\/wp-json\/wp\/v2\/pages\/7187\/revisions"}],"predecessor-version":[{"id":9223,"href":"https:\/\/institutos.ufrrj.br\/icsa\/wp-json\/wp\/v2\/pages\/7187\/revisions\/9223"}],"wp:attachment":[{"href":"https:\/\/institutos.ufrrj.br\/icsa\/wp-json\/wp\/v2\/media?parent=7187"}],"curies":[{"name":"wp","href":"https:\/\/api.w.org\/{rel}","templated":true}]}}