{"id":7188,"date":"2024-01-24T15:41:19","date_gmt":"2024-01-24T18:41:19","guid":{"rendered":"https:\/\/institutos.ufrrj.br\/icsa\/?page_id=7188"},"modified":"2025-01-08T11:46:55","modified_gmt":"2025-01-08T14:46:55","slug":"programa-de-pos-graduacao-em-economia-regional-e-desenvolvimento","status":"publish","type":"page","link":"https:\/\/institutos.ufrrj.br\/icsa\/programa-de-pos-graduacao-em-economia-regional-e-desenvolvimento\/","title":{"rendered":""},"content":{"rendered":"\n<p>O Programa de P\u00f3s-gradua\u00e7\u00e3o em Economia Regional e Desenvolvimento (PPGER) est\u00e1 avaliado na \u00e1rea Capes de Economia, cuja \u00e1rea de concentra\u00e7\u00e3o \u00e9 \u2018Economia Regional e Desenvolvimento\u2019, em torno da qual se estruturam as seguintes linhas de pesquisas:<\/p>\n\n\n\n<ul class=\"wp-block-list\">\n<li>Economia Regional: estudo das disparidades regionais em seus aspectos econ\u00f4micos e sociais e identifica\u00e7\u00e3o das potencialidades para promo\u00e7\u00e3o do desenvolvimento.<\/li>\n\n\n\n<li>Desenvolvimento Econ\u00f4mico: an\u00e1lise dos padr\u00f5es hist\u00f3ricos e as estrat\u00e9gias contempor\u00e2neas de desenvolvimento dos pa\u00edses da Am\u00e9rica Latina e do Brasil.<\/li>\n<\/ul>\n\n\n\n<p>O PPGER, em n\u00edvel de mestrado acad\u00eamico, aprovado pela Capes em outubro de 2018, tem como objetivo constituir um espa\u00e7o de pesquisa, reflex\u00e3o cr\u00edtica, produ\u00e7\u00e3o de conhecimento e refer\u00eancia em economia regional e desenvolvimento econ\u00f4mico. Ademais, o PPGER objetiva contribuir na forma\u00e7\u00e3o para a doc\u00eancia e pesquisa, lastreada na compreens\u00e3o e contextualiza\u00e7\u00e3o das quest\u00f5es pol\u00edticas e socioecon\u00f4micas locais, regionais e nacionais e na capacidade de realiza\u00e7\u00e3o de atividades de planejamento, execu\u00e7\u00e3o e avalia\u00e7\u00e3o de pol\u00edticas p\u00fablicas voltadas para o desenvolvimento.<\/p>\n\n\n\n<p>Espera-se que o Mestre em Economia Regional e Desenvolvimento possa apresentar um olhar multifacetado capaz de compreender as quest\u00f5es pol\u00edticas e socioecon\u00f4micas locais, regionais e nacionais; ser capaz de trabalhar em redes e grupos de pesquisa; ser capaz de planejar, executar e avaliar pol\u00edticas p\u00fablicas que contribuam para o desenvolvimento; ser capaz de cumprir fun\u00e7\u00f5es nos setores p\u00fablico e privado; ser capaz de elaborar estudos e pesquisas de modo a dar continuidade \u00e0 forma\u00e7\u00e3o acad\u00eamica em um Programa de P\u00f3s-gradua\u00e7\u00e3o em n\u00edvel de doutorado.<\/p>\n\n\n\n<p>Uma contribui\u00e7\u00e3o importante do PPGER est\u00e1 no fato de o Programa sistematizar uma agenda de estudos com enfoque em desenvolvimento econ\u00f4mico e regional por meio de suas linhas de pesquisa, preenchendo a lacuna existente tanto no \u00e2mbito local quanto regional.<\/p>\n\n\n\n<hr class=\"wp-block-separator has-alpha-channel-opacity\"\/>\n\n\n\n<p><strong>COORDENADORA:<\/strong> Prof. Dr. Joilson de Assis Cabral<\/p>\n\n\n\n<p><strong>VICE-COORDENADOR:<\/strong> Prof. Dr. Caio Peixoto Chain<\/p>\n\n\n\n<p><strong>SECRET\u00c1RIA:<\/strong> Ana Beatriz Borges Ramos Duarte<\/p>\n\n\n\n<p><strong>E-MAIL: <\/strong>ppger@ufrrj.br<\/p>\n\n\n\n<p><strong>TELEFONE<\/strong>: (21) 2681 4962<\/p>\n\n\n\n<hr class=\"wp-block-separator has-alpha-channel-opacity\"\/>\n\n\n\n<pre class=\"wp-block-preformatted\"><strong><a href=\"https:\/\/cursos.ufrrj.br\/posgraduacao\/ppger\/\">Para saber mais sobre este Programa, acesse seu site clicando aqui<\/a><\/strong><\/pre>\n\n\n\n<pre class=\"wp-block-preformatted\"><strong><a href=\"https:\/\/www.instagram.com\/ppger_ufrrj\/\">Acompanhe o PPGER em sua m\u00eddia social clicando aqui<\/a><\/strong>\n<\/pre>\n","protected":false},"excerpt":{"rendered":"<p>O Programa de P\u00f3s-gradua\u00e7\u00e3o em Economia Regional e Desenvolvimento (PPGER) est\u00e1 avaliado na \u00e1rea Capes de Economia, cuja \u00e1rea de <a class=\"read-more\" href=\"https:\/\/institutos.ufrrj.br\/icsa\/programa-de-pos-graduacao-em-economia-regional-e-desenvolvimento\/\">&#8230; <em>leia mais <\/em> <i class=\"fa fa-long-arrow-right\"><\/i><\/a><\/p>\n","protected":false},"author":89,"featured_media":0,"parent":0,"menu_order":0,"comment_status":"closed","ping_status":"closed","template":"","meta":{"_acf_changed":false,"_themeisle_gutenberg_block_has_review":false,"footnotes":"","_links_to":"","_links_to_target":""},"class_list":["post-7188","page","type-page","status-publish","hentry"],"acf":[],"yoast_head":"<!-- This site is optimized with the Yoast SEO plugin v26.8 - https:\/\/yoast.com\/product\/yoast-seo-wordpress\/ -->\n<title>- ICSA<\/title>\n<meta name=\"robots\" content=\"index, follow, max-snippet:-1, max-image-preview:large, max-video-preview:-1\" \/>\n<link rel=\"canonical\" href=\"https:\/\/institutos.ufrrj.br\/icsa\/programa-de-pos-graduacao-em-economia-regional-e-desenvolvimento\/\" \/>\n<meta property=\"og:locale\" content=\"pt_BR\" \/>\n<meta property=\"og:type\" content=\"article\" \/>\n<meta property=\"og:title\" content=\"- ICSA\" \/>\n<meta property=\"og:description\" content=\"O Programa de P\u00f3s-gradua\u00e7\u00e3o em Economia Regional e Desenvolvimento (PPGER) est\u00e1 avaliado na \u00e1rea Capes de Economia, cuja \u00e1rea de ... leia mais\" \/>\n<meta property=\"og:url\" content=\"https:\/\/institutos.ufrrj.br\/icsa\/programa-de-pos-graduacao-em-economia-regional-e-desenvolvimento\/\" \/>\n<meta property=\"og:site_name\" content=\"ICSA\" \/>\n<meta property=\"article:publisher\" content=\"https:\/\/www.facebook.com\/ICSA-189767328193686\/\" \/>\n<meta property=\"article:modified_time\" content=\"2025-01-08T14:46:55+00:00\" \/>\n<meta name=\"twitter:card\" content=\"summary_large_image\" \/>\n<meta name=\"twitter:label1\" content=\"Est. tempo de leitura\" \/>\n\t<meta name=\"twitter:data1\" content=\"2 minutos\" \/>\n<script type=\"application\/ld+json\" class=\"yoast-schema-graph\">{\"@context\":\"https:\/\/schema.org\",\"@graph\":[{\"@type\":\"WebPage\",\"@id\":\"https:\/\/institutos.ufrrj.br\/icsa\/programa-de-pos-graduacao-em-economia-regional-e-desenvolvimento\/\",\"url\":\"https:\/\/institutos.ufrrj.br\/icsa\/programa-de-pos-graduacao-em-economia-regional-e-desenvolvimento\/\",\"name\":\"- ICSA\",\"isPartOf\":{\"@id\":\"https:\/\/institutos.ufrrj.br\/icsa\/#website\"},\"datePublished\":\"2024-01-24T18:41:19+00:00\",\"dateModified\":\"2025-01-08T14:46:55+00:00\",\"inLanguage\":\"pt-BR\",\"potentialAction\":[{\"@type\":\"ReadAction\",\"target\":[\"https:\/\/institutos.ufrrj.br\/icsa\/programa-de-pos-graduacao-em-economia-regional-e-desenvolvimento\/\"]}]},{\"@type\":\"WebSite\",\"@id\":\"https:\/\/institutos.ufrrj.br\/icsa\/#website\",\"url\":\"https:\/\/institutos.ufrrj.br\/icsa\/\",\"name\":\"ICSA\",\"description\":\"Institutos de Ci\u00eancias Sociais Aplicadas\",\"publisher\":{\"@id\":\"https:\/\/institutos.ufrrj.br\/icsa\/#organization\"},\"potentialAction\":[{\"@type\":\"SearchAction\",\"target\":{\"@type\":\"EntryPoint\",\"urlTemplate\":\"https:\/\/institutos.ufrrj.br\/icsa\/?s={search_term_string}\"},\"query-input\":{\"@type\":\"PropertyValueSpecification\",\"valueRequired\":true,\"valueName\":\"search_term_string\"}}],\"inLanguage\":\"pt-BR\"},{\"@type\":\"Organization\",\"@id\":\"https:\/\/institutos.ufrrj.br\/icsa\/#organization\",\"name\":\"ICSA\",\"url\":\"https:\/\/institutos.ufrrj.br\/icsa\/\",\"logo\":{\"@type\":\"ImageObject\",\"inLanguage\":\"pt-BR\",\"@id\":\"https:\/\/institutos.ufrrj.br\/icsa\/#\/schema\/logo\/image\/\",\"url\":\"https:\/\/institutos.ufrrj.br\/icsa\/wp-content\/uploads\/sites\/101\/2023\/10\/logo_icsa_cor_horz_01-4-1.png\",\"contentUrl\":\"https:\/\/institutos.ufrrj.br\/icsa\/wp-content\/uploads\/sites\/101\/2023\/10\/logo_icsa_cor_horz_01-4-1.png\",\"width\":300,\"height\":101,\"caption\":\"ICSA\"},\"image\":{\"@id\":\"https:\/\/institutos.ufrrj.br\/icsa\/#\/schema\/logo\/image\/\"},\"sameAs\":[\"https:\/\/www.facebook.com\/ICSA-189767328193686\/\",\"https:\/\/www.instagram.com\/icsa.ufrrj\/\",\"https:\/\/www.youtube.com\/@icsaufrrj\"]}]}<\/script>\n<!-- \/ Yoast SEO plugin. -->","yoast_head_json":{"title":"- ICSA","robots":{"index":"index","follow":"follow","max-snippet":"max-snippet:-1","max-image-preview":"max-image-preview:large","max-video-preview":"max-video-preview:-1"},"canonical":"https:\/\/institutos.ufrrj.br\/icsa\/programa-de-pos-graduacao-em-economia-regional-e-desenvolvimento\/","og_locale":"pt_BR","og_type":"article","og_title":"- ICSA","og_description":"O Programa de P\u00f3s-gradua\u00e7\u00e3o em Economia Regional e Desenvolvimento (PPGER) est\u00e1 avaliado na \u00e1rea Capes de Economia, cuja \u00e1rea de ... leia mais","og_url":"https:\/\/institutos.ufrrj.br\/icsa\/programa-de-pos-graduacao-em-economia-regional-e-desenvolvimento\/","og_site_name":"ICSA","article_publisher":"https:\/\/www.facebook.com\/ICSA-189767328193686\/","article_modified_time":"2025-01-08T14:46:55+00:00","twitter_card":"summary_large_image","twitter_misc":{"Est. tempo de leitura":"2 minutos"},"schema":{"@context":"https:\/\/schema.org","@graph":[{"@type":"WebPage","@id":"https:\/\/institutos.ufrrj.br\/icsa\/programa-de-pos-graduacao-em-economia-regional-e-desenvolvimento\/","url":"https:\/\/institutos.ufrrj.br\/icsa\/programa-de-pos-graduacao-em-economia-regional-e-desenvolvimento\/","name":"- ICSA","isPartOf":{"@id":"https:\/\/institutos.ufrrj.br\/icsa\/#website"},"datePublished":"2024-01-24T18:41:19+00:00","dateModified":"2025-01-08T14:46:55+00:00","inLanguage":"pt-BR","potentialAction":[{"@type":"ReadAction","target":["https:\/\/institutos.ufrrj.br\/icsa\/programa-de-pos-graduacao-em-economia-regional-e-desenvolvimento\/"]}]},{"@type":"WebSite","@id":"https:\/\/institutos.ufrrj.br\/icsa\/#website","url":"https:\/\/institutos.ufrrj.br\/icsa\/","name":"ICSA","description":"Institutos de Ci\u00eancias Sociais Aplicadas","publisher":{"@id":"https:\/\/institutos.ufrrj.br\/icsa\/#organization"},"potentialAction":[{"@type":"SearchAction","target":{"@type":"EntryPoint","urlTemplate":"https:\/\/institutos.ufrrj.br\/icsa\/?s={search_term_string}"},"query-input":{"@type":"PropertyValueSpecification","valueRequired":true,"valueName":"search_term_string"}}],"inLanguage":"pt-BR"},{"@type":"Organization","@id":"https:\/\/institutos.ufrrj.br\/icsa\/#organization","name":"ICSA","url":"https:\/\/institutos.ufrrj.br\/icsa\/","logo":{"@type":"ImageObject","inLanguage":"pt-BR","@id":"https:\/\/institutos.ufrrj.br\/icsa\/#\/schema\/logo\/image\/","url":"https:\/\/institutos.ufrrj.br\/icsa\/wp-content\/uploads\/sites\/101\/2023\/10\/logo_icsa_cor_horz_01-4-1.png","contentUrl":"https:\/\/institutos.ufrrj.br\/icsa\/wp-content\/uploads\/sites\/101\/2023\/10\/logo_icsa_cor_horz_01-4-1.png","width":300,"height":101,"caption":"ICSA"},"image":{"@id":"https:\/\/institutos.ufrrj.br\/icsa\/#\/schema\/logo\/image\/"},"sameAs":["https:\/\/www.facebook.com\/ICSA-189767328193686\/","https:\/\/www.instagram.com\/icsa.ufrrj\/","https:\/\/www.youtube.com\/@icsaufrrj"]}]}},"_links":{"self":[{"href":"https:\/\/institutos.ufrrj.br\/icsa\/wp-json\/wp\/v2\/pages\/7188","targetHints":{"allow":["GET"]}}],"collection":[{"href":"https:\/\/institutos.ufrrj.br\/icsa\/wp-json\/wp\/v2\/pages"}],"about":[{"href":"https:\/\/institutos.ufrrj.br\/icsa\/wp-json\/wp\/v2\/types\/page"}],"author":[{"embeddable":true,"href":"https:\/\/institutos.ufrrj.br\/icsa\/wp-json\/wp\/v2\/users\/89"}],"replies":[{"embeddable":true,"href":"https:\/\/institutos.ufrrj.br\/icsa\/wp-json\/wp\/v2\/comments?post=7188"}],"version-history":[{"count":16,"href":"https:\/\/institutos.ufrrj.br\/icsa\/wp-json\/wp\/v2\/pages\/7188\/revisions"}],"predecessor-version":[{"id":8589,"href":"https:\/\/institutos.ufrrj.br\/icsa\/wp-json\/wp\/v2\/pages\/7188\/revisions\/8589"}],"wp:attachment":[{"href":"https:\/\/institutos.ufrrj.br\/icsa\/wp-json\/wp\/v2\/media?parent=7188"}],"curies":[{"name":"wp","href":"https:\/\/api.w.org\/{rel}","templated":true}]}}