{"id":7539,"date":"2024-02-01T16:53:47","date_gmt":"2024-02-01T19:53:47","guid":{"rendered":"https:\/\/institutos.ufrrj.br\/icsa\/?page_id=7539"},"modified":"2024-02-08T15:40:07","modified_gmt":"2024-02-08T18:40:07","slug":"ciencias-contabeis-e-financas-dccf","status":"publish","type":"page","link":"https:\/\/institutos.ufrrj.br\/icsa\/ciencias-contabeis-e-financas-dccf\/","title":{"rendered":"CI\u00caNCIAS CONT\u00c1BEIS E FINAN\u00c7AS (DCCF)"},"content":{"rendered":"\n<p><strong>Chefia:\u00a0<\/strong>Prof. Me. Alexandre Jos\u00e9 Teixeira<\/p>\n\n\n\n<p><strong>Secretaria do DCA:<\/strong>\u00a0Paulo Vitor dos Santos<br><strong>E-mail<\/strong>: dccf@ufrrj.br<\/p>\n\n\n\n<figure class=\"wp-block-table\"><table><tbody><tr><td><strong>DOCENTES<\/strong><\/td><td><strong>LATTES<\/strong><\/td><\/tr><tr><td>Alexandre Jos\u00e9 Teixeira<\/td><td><a href=\"https:\/\/buscatextual.cnpq.br\/buscatextual\/visualizacv.do?id=K4138296Z2\"><img decoding=\"async\" style=\"width: 25px;\" src=\"https:\/\/institutos.ufrrj.br\/icsa\/wp-content\/uploads\/sites\/101\/2024\/02\/Captura-de-tela-2024-02-01-152404-1.png\" alt=\"\"><\/a><\/td><\/tr><tr><td>Antonio Jose Patroc\u00ednio Pereira<\/td><td><a href=\"https:\/\/buscatextual.cnpq.br\/buscatextual\/visualizacv.do?id=K4258294A6\"><img decoding=\"async\" style=\"width: 25px;\" src=\"https:\/\/institutos.ufrrj.br\/icsa\/wp-content\/uploads\/sites\/101\/2024\/02\/Captura-de-tela-2024-02-01-152404-1.png\" alt=\"\"><\/a><\/td><\/tr><tr><td>Bruno D&#8217;Assis Rocha<\/td><td><a href=\"https:\/\/buscatextual.cnpq.br\/buscatextual\/visualizacv.do?id=K4453335T5\"><img decoding=\"async\" style=\"width: 25px;\" src=\"https:\/\/institutos.ufrrj.br\/icsa\/wp-content\/uploads\/sites\/101\/2024\/02\/Captura-de-tela-2024-02-01-152404-1.png\" alt=\"\"><\/a><\/td><\/tr><tr><td>Cleia Maria da Silva<\/td><td><a href=\"https:\/\/buscatextual.cnpq.br\/buscatextual\/visualizacv.do?id=K4457182D3\"><img decoding=\"async\" style=\"width: 25px;\" src=\"https:\/\/institutos.ufrrj.br\/icsa\/wp-content\/uploads\/sites\/101\/2024\/02\/Captura-de-tela-2024-02-01-152404-1.png\" alt=\"\"><\/a><\/td><\/tr><tr><td>Fabricia de Farias da Silva Constantino<\/td><td><a href=\"https:\/\/buscatextual.cnpq.br\/buscatextual\/visualizacv.do?id=K4233467Y1\"><img decoding=\"async\" style=\"width: 25px;\" src=\"https:\/\/institutos.ufrrj.br\/icsa\/wp-content\/uploads\/sites\/101\/2024\/02\/Captura-de-tela-2024-02-01-152404-1.png\" alt=\"\"><\/a><\/td><\/tr><tr><td>Giselle da Silva Carvalho<\/td><td><a href=\"https:\/\/buscatextual.cnpq.br\/buscatextual\/visualizacv.do?id=K4239284D0\"><img decoding=\"async\" style=\"width: 25px;\" src=\"https:\/\/institutos.ufrrj.br\/icsa\/wp-content\/uploads\/sites\/101\/2024\/02\/Captura-de-tela-2024-02-01-152404-1.png\" alt=\"\"><\/a><\/td><\/tr><tr><td>Heloisa Siqueira Lordello <\/td><td><a href=\"https:\/\/buscatextual.cnpq.br\/buscatextual\/visualizacv.do?id=K4260262A0\"><img decoding=\"async\" style=\"width: 25px;\" src=\"https:\/\/institutos.ufrrj.br\/icsa\/wp-content\/uploads\/sites\/101\/2024\/02\/Captura-de-tela-2024-02-01-152404-1.png\" alt=\"\"><\/a><\/td><\/tr><tr><td>Katia de Almeida<\/td><td><a href=\"https:\/\/buscatextual.cnpq.br\/buscatextual\/visualizacv.do?id=K4537813T2\"><img decoding=\"async\" style=\"width: 25px;\" src=\"https:\/\/institutos.ufrrj.br\/icsa\/wp-content\/uploads\/sites\/101\/2024\/02\/Captura-de-tela-2024-02-01-152404-1.png\" alt=\"\"><\/a><\/td><\/tr><tr><td>Leandro Fernandes de Jesus<\/td><td><a href=\"https:\/\/buscatextual.cnpq.br\/buscatextual\/visualizacv.do?id=K8540053Y6\"><img decoding=\"async\" style=\"width: 25px;\" src=\"https:\/\/institutos.ufrrj.br\/icsa\/wp-content\/uploads\/sites\/101\/2024\/02\/Captura-de-tela-2024-02-01-152404-1.png\" alt=\"\"><\/a><\/td><\/tr><tr><td>Marcello Sartore de Oliveira<\/td><td><a href=\"https:\/\/buscatextual.cnpq.br\/buscatextual\/visualizacv.do?id=K4361053J5\"><img decoding=\"async\" style=\"width: 25px;\" src=\"https:\/\/institutos.ufrrj.br\/icsa\/wp-content\/uploads\/sites\/101\/2024\/02\/Captura-de-tela-2024-02-01-152404-1.png\" alt=\"\"><\/a><\/td><\/tr><tr><td>Mariana Campagnoni<\/td><td><a href=\"https:\/\/lattes.cnpq.br\/5741422560857484\"><img decoding=\"async\" style=\"width: 25px;\" src=\"https:\/\/institutos.ufrrj.br\/icsa\/wp-content\/uploads\/sites\/101\/2024\/02\/Captura-de-tela-2024-02-01-152404-1.png\" alt=\"\"><\/a><\/td><\/tr><tr><td>Rodolfo Rocha dos Santos<\/td><td><a href=\"https:\/\/lattes.cnpq.br\/7328996020686497\"><img decoding=\"async\" style=\"width: 25px;\" src=\"https:\/\/institutos.ufrrj.br\/icsa\/wp-content\/uploads\/sites\/101\/2024\/02\/Captura-de-tela-2024-02-01-152404-1.png\" alt=\"\"><\/a><\/td><\/tr><tr><td>Rodrigo Carlos Marques Pereira<\/td><td><a href=\"https:\/\/buscatextual.cnpq.br\/buscatextual\/visualizacv.do?id=K4130913P3\"><img decoding=\"async\" style=\"width: 25px;\" src=\"https:\/\/institutos.ufrrj.br\/icsa\/wp-content\/uploads\/sites\/101\/2024\/02\/Captura-de-tela-2024-02-01-152404-1.png\" alt=\"\"><\/a><\/td><\/tr><tr><td>Selma Velozo Fontes<\/td><td><a href=\"https:\/\/buscatextual.cnpq.br\/buscatextual\/visualizacv.do?id=K4509831Y3\"><img decoding=\"async\" style=\"width: 25px;\" src=\"https:\/\/institutos.ufrrj.br\/icsa\/wp-content\/uploads\/sites\/101\/2024\/02\/Captura-de-tela-2024-02-01-152404-1.png\" alt=\"\"><\/a><\/td><\/tr><tr><td>Sergio Correia Barbosa<\/td><td><a href=\"https:\/\/buscatextual.cnpq.br\/buscatextual\/visualizacv.do?id=K4243867Y6\"><img decoding=\"async\" style=\"width: 25px;\" src=\"https:\/\/institutos.ufrrj.br\/icsa\/wp-content\/uploads\/sites\/101\/2024\/02\/Captura-de-tela-2024-02-01-152404-1.png\" alt=\"\"><\/a><\/td><\/tr><tr><td>Tereza de Jesus Ramos da Silva<\/td><td><a href=\"https:\/\/buscatextual.cnpq.br\/buscatextual\/visualizacv.do?id=K4592652J6\"><img decoding=\"async\" style=\"width: 25px;\" src=\"https:\/\/institutos.ufrrj.br\/icsa\/wp-content\/uploads\/sites\/101\/2024\/02\/Captura-de-tela-2024-02-01-152404-1.png\" alt=\"\"><\/a><\/td><\/tr><\/tbody><\/table><\/figure>\n","protected":false},"excerpt":{"rendered":"<p>Chefia:\u00a0Prof. Me. Alexandre Jos\u00e9 Teixeira Secretaria do DCA:\u00a0Paulo Vitor dos SantosE-mail: dccf@ufrrj.br DOCENTES LATTES Alexandre Jos\u00e9 Teixeira Antonio Jose Patroc\u00ednio <a class=\"read-more\" href=\"https:\/\/institutos.ufrrj.br\/icsa\/ciencias-contabeis-e-financas-dccf\/\">&#8230; <em>leia mais <\/em> <i class=\"fa fa-long-arrow-right\"><\/i><\/a><\/p>\n","protected":false},"author":89,"featured_media":0,"parent":0,"menu_order":0,"comment_status":"closed","ping_status":"closed","template":"","meta":{"_acf_changed":false,"_themeisle_gutenberg_block_has_review":false,"footnotes":"","_links_to":"","_links_to_target":""},"class_list":["post-7539","page","type-page","status-publish","hentry"],"acf":[],"yoast_head":"<!-- This site is optimized with the Yoast SEO plugin v26.8 - https:\/\/yoast.com\/product\/yoast-seo-wordpress\/ -->\n<title>CI\u00caNCIAS CONT\u00c1BEIS E FINAN\u00c7AS (DCCF) - ICSA<\/title>\n<meta name=\"robots\" content=\"index, follow, max-snippet:-1, max-image-preview:large, max-video-preview:-1\" \/>\n<link rel=\"canonical\" href=\"https:\/\/institutos.ufrrj.br\/icsa\/ciencias-contabeis-e-financas-dccf\/\" \/>\n<meta property=\"og:locale\" content=\"pt_BR\" \/>\n<meta property=\"og:type\" content=\"article\" \/>\n<meta property=\"og:title\" content=\"CI\u00caNCIAS CONT\u00c1BEIS E FINAN\u00c7AS (DCCF) - ICSA\" \/>\n<meta property=\"og:description\" content=\"Chefia:\u00a0Prof. Me. Alexandre Jos\u00e9 Teixeira Secretaria do DCA:\u00a0Paulo Vitor dos SantosE-mail: dccf@ufrrj.br DOCENTES LATTES Alexandre Jos\u00e9 Teixeira Antonio Jose Patroc\u00ednio ... leia mais\" \/>\n<meta property=\"og:url\" content=\"https:\/\/institutos.ufrrj.br\/icsa\/ciencias-contabeis-e-financas-dccf\/\" \/>\n<meta property=\"og:site_name\" content=\"ICSA\" \/>\n<meta property=\"article:publisher\" content=\"https:\/\/www.facebook.com\/ICSA-189767328193686\/\" \/>\n<meta property=\"article:modified_time\" content=\"2024-02-08T18:40:07+00:00\" \/>\n<meta property=\"og:image\" content=\"https:\/\/institutos.ufrrj.br\/icsa\/wp-content\/uploads\/sites\/101\/2024\/02\/Captura-de-tela-2024-02-01-152404-1.png\" \/>\n<meta name=\"twitter:card\" content=\"summary_large_image\" \/>\n<meta name=\"twitter:label1\" content=\"Est. tempo de leitura\" \/>\n\t<meta name=\"twitter:data1\" content=\"4 minutos\" \/>\n<script type=\"application\/ld+json\" class=\"yoast-schema-graph\">{\"@context\":\"https:\/\/schema.org\",\"@graph\":[{\"@type\":\"WebPage\",\"@id\":\"https:\/\/institutos.ufrrj.br\/icsa\/ciencias-contabeis-e-financas-dccf\/\",\"url\":\"https:\/\/institutos.ufrrj.br\/icsa\/ciencias-contabeis-e-financas-dccf\/\",\"name\":\"CI\u00caNCIAS CONT\u00c1BEIS E FINAN\u00c7AS (DCCF) - ICSA\",\"isPartOf\":{\"@id\":\"https:\/\/institutos.ufrrj.br\/icsa\/#website\"},\"primaryImageOfPage\":{\"@id\":\"https:\/\/institutos.ufrrj.br\/icsa\/ciencias-contabeis-e-financas-dccf\/#primaryimage\"},\"image\":{\"@id\":\"https:\/\/institutos.ufrrj.br\/icsa\/ciencias-contabeis-e-financas-dccf\/#primaryimage\"},\"thumbnailUrl\":\"https:\/\/institutos.ufrrj.br\/icsa\/wp-content\/uploads\/sites\/101\/2024\/02\/Captura-de-tela-2024-02-01-152404-1.png\",\"datePublished\":\"2024-02-01T19:53:47+00:00\",\"dateModified\":\"2024-02-08T18:40:07+00:00\",\"breadcrumb\":{\"@id\":\"https:\/\/institutos.ufrrj.br\/icsa\/ciencias-contabeis-e-financas-dccf\/#breadcrumb\"},\"inLanguage\":\"pt-BR\",\"potentialAction\":[{\"@type\":\"ReadAction\",\"target\":[\"https:\/\/institutos.ufrrj.br\/icsa\/ciencias-contabeis-e-financas-dccf\/\"]}]},{\"@type\":\"ImageObject\",\"inLanguage\":\"pt-BR\",\"@id\":\"https:\/\/institutos.ufrrj.br\/icsa\/ciencias-contabeis-e-financas-dccf\/#primaryimage\",\"url\":\"https:\/\/institutos.ufrrj.br\/icsa\/wp-content\/uploads\/sites\/101\/2024\/02\/Captura-de-tela-2024-02-01-152404-1.png\",\"contentUrl\":\"https:\/\/institutos.ufrrj.br\/icsa\/wp-content\/uploads\/sites\/101\/2024\/02\/Captura-de-tela-2024-02-01-152404-1.png\",\"width\":323,\"height\":355},{\"@type\":\"BreadcrumbList\",\"@id\":\"https:\/\/institutos.ufrrj.br\/icsa\/ciencias-contabeis-e-financas-dccf\/#breadcrumb\",\"itemListElement\":[{\"@type\":\"ListItem\",\"position\":1,\"name\":\"In\u00edcio\",\"item\":\"https:\/\/institutos.ufrrj.br\/icsa\/\"},{\"@type\":\"ListItem\",\"position\":2,\"name\":\"CI\u00caNCIAS CONT\u00c1BEIS E FINAN\u00c7AS (DCCF)\"}]},{\"@type\":\"WebSite\",\"@id\":\"https:\/\/institutos.ufrrj.br\/icsa\/#website\",\"url\":\"https:\/\/institutos.ufrrj.br\/icsa\/\",\"name\":\"ICSA\",\"description\":\"Institutos de Ci\u00eancias Sociais Aplicadas\",\"publisher\":{\"@id\":\"https:\/\/institutos.ufrrj.br\/icsa\/#organization\"},\"potentialAction\":[{\"@type\":\"SearchAction\",\"target\":{\"@type\":\"EntryPoint\",\"urlTemplate\":\"https:\/\/institutos.ufrrj.br\/icsa\/?s={search_term_string}\"},\"query-input\":{\"@type\":\"PropertyValueSpecification\",\"valueRequired\":true,\"valueName\":\"search_term_string\"}}],\"inLanguage\":\"pt-BR\"},{\"@type\":\"Organization\",\"@id\":\"https:\/\/institutos.ufrrj.br\/icsa\/#organization\",\"name\":\"ICSA\",\"url\":\"https:\/\/institutos.ufrrj.br\/icsa\/\",\"logo\":{\"@type\":\"ImageObject\",\"inLanguage\":\"pt-BR\",\"@id\":\"https:\/\/institutos.ufrrj.br\/icsa\/#\/schema\/logo\/image\/\",\"url\":\"https:\/\/institutos.ufrrj.br\/icsa\/wp-content\/uploads\/sites\/101\/2023\/10\/logo_icsa_cor_horz_01-4-1.png\",\"contentUrl\":\"https:\/\/institutos.ufrrj.br\/icsa\/wp-content\/uploads\/sites\/101\/2023\/10\/logo_icsa_cor_horz_01-4-1.png\",\"width\":300,\"height\":101,\"caption\":\"ICSA\"},\"image\":{\"@id\":\"https:\/\/institutos.ufrrj.br\/icsa\/#\/schema\/logo\/image\/\"},\"sameAs\":[\"https:\/\/www.facebook.com\/ICSA-189767328193686\/\",\"https:\/\/www.instagram.com\/icsa.ufrrj\/\",\"https:\/\/www.youtube.com\/@icsaufrrj\"]}]}<\/script>\n<!-- \/ Yoast SEO plugin. -->","yoast_head_json":{"title":"CI\u00caNCIAS CONT\u00c1BEIS E FINAN\u00c7AS (DCCF) - ICSA","robots":{"index":"index","follow":"follow","max-snippet":"max-snippet:-1","max-image-preview":"max-image-preview:large","max-video-preview":"max-video-preview:-1"},"canonical":"https:\/\/institutos.ufrrj.br\/icsa\/ciencias-contabeis-e-financas-dccf\/","og_locale":"pt_BR","og_type":"article","og_title":"CI\u00caNCIAS CONT\u00c1BEIS E FINAN\u00c7AS (DCCF) - ICSA","og_description":"Chefia:\u00a0Prof. Me. Alexandre Jos\u00e9 Teixeira Secretaria do DCA:\u00a0Paulo Vitor dos SantosE-mail: dccf@ufrrj.br DOCENTES LATTES Alexandre Jos\u00e9 Teixeira Antonio Jose Patroc\u00ednio ... leia mais","og_url":"https:\/\/institutos.ufrrj.br\/icsa\/ciencias-contabeis-e-financas-dccf\/","og_site_name":"ICSA","article_publisher":"https:\/\/www.facebook.com\/ICSA-189767328193686\/","article_modified_time":"2024-02-08T18:40:07+00:00","og_image":[{"url":"https:\/\/institutos.ufrrj.br\/icsa\/wp-content\/uploads\/sites\/101\/2024\/02\/Captura-de-tela-2024-02-01-152404-1.png","type":"","width":"","height":""}],"twitter_card":"summary_large_image","twitter_misc":{"Est. tempo de leitura":"4 minutos"},"schema":{"@context":"https:\/\/schema.org","@graph":[{"@type":"WebPage","@id":"https:\/\/institutos.ufrrj.br\/icsa\/ciencias-contabeis-e-financas-dccf\/","url":"https:\/\/institutos.ufrrj.br\/icsa\/ciencias-contabeis-e-financas-dccf\/","name":"CI\u00caNCIAS CONT\u00c1BEIS E FINAN\u00c7AS (DCCF) - ICSA","isPartOf":{"@id":"https:\/\/institutos.ufrrj.br\/icsa\/#website"},"primaryImageOfPage":{"@id":"https:\/\/institutos.ufrrj.br\/icsa\/ciencias-contabeis-e-financas-dccf\/#primaryimage"},"image":{"@id":"https:\/\/institutos.ufrrj.br\/icsa\/ciencias-contabeis-e-financas-dccf\/#primaryimage"},"thumbnailUrl":"https:\/\/institutos.ufrrj.br\/icsa\/wp-content\/uploads\/sites\/101\/2024\/02\/Captura-de-tela-2024-02-01-152404-1.png","datePublished":"2024-02-01T19:53:47+00:00","dateModified":"2024-02-08T18:40:07+00:00","breadcrumb":{"@id":"https:\/\/institutos.ufrrj.br\/icsa\/ciencias-contabeis-e-financas-dccf\/#breadcrumb"},"inLanguage":"pt-BR","potentialAction":[{"@type":"ReadAction","target":["https:\/\/institutos.ufrrj.br\/icsa\/ciencias-contabeis-e-financas-dccf\/"]}]},{"@type":"ImageObject","inLanguage":"pt-BR","@id":"https:\/\/institutos.ufrrj.br\/icsa\/ciencias-contabeis-e-financas-dccf\/#primaryimage","url":"https:\/\/institutos.ufrrj.br\/icsa\/wp-content\/uploads\/sites\/101\/2024\/02\/Captura-de-tela-2024-02-01-152404-1.png","contentUrl":"https:\/\/institutos.ufrrj.br\/icsa\/wp-content\/uploads\/sites\/101\/2024\/02\/Captura-de-tela-2024-02-01-152404-1.png","width":323,"height":355},{"@type":"BreadcrumbList","@id":"https:\/\/institutos.ufrrj.br\/icsa\/ciencias-contabeis-e-financas-dccf\/#breadcrumb","itemListElement":[{"@type":"ListItem","position":1,"name":"In\u00edcio","item":"https:\/\/institutos.ufrrj.br\/icsa\/"},{"@type":"ListItem","position":2,"name":"CI\u00caNCIAS CONT\u00c1BEIS E FINAN\u00c7AS (DCCF)"}]},{"@type":"WebSite","@id":"https:\/\/institutos.ufrrj.br\/icsa\/#website","url":"https:\/\/institutos.ufrrj.br\/icsa\/","name":"ICSA","description":"Institutos de Ci\u00eancias Sociais Aplicadas","publisher":{"@id":"https:\/\/institutos.ufrrj.br\/icsa\/#organization"},"potentialAction":[{"@type":"SearchAction","target":{"@type":"EntryPoint","urlTemplate":"https:\/\/institutos.ufrrj.br\/icsa\/?s={search_term_string}"},"query-input":{"@type":"PropertyValueSpecification","valueRequired":true,"valueName":"search_term_string"}}],"inLanguage":"pt-BR"},{"@type":"Organization","@id":"https:\/\/institutos.ufrrj.br\/icsa\/#organization","name":"ICSA","url":"https:\/\/institutos.ufrrj.br\/icsa\/","logo":{"@type":"ImageObject","inLanguage":"pt-BR","@id":"https:\/\/institutos.ufrrj.br\/icsa\/#\/schema\/logo\/image\/","url":"https:\/\/institutos.ufrrj.br\/icsa\/wp-content\/uploads\/sites\/101\/2023\/10\/logo_icsa_cor_horz_01-4-1.png","contentUrl":"https:\/\/institutos.ufrrj.br\/icsa\/wp-content\/uploads\/sites\/101\/2023\/10\/logo_icsa_cor_horz_01-4-1.png","width":300,"height":101,"caption":"ICSA"},"image":{"@id":"https:\/\/institutos.ufrrj.br\/icsa\/#\/schema\/logo\/image\/"},"sameAs":["https:\/\/www.facebook.com\/ICSA-189767328193686\/","https:\/\/www.instagram.com\/icsa.ufrrj\/","https:\/\/www.youtube.com\/@icsaufrrj"]}]}},"_links":{"self":[{"href":"https:\/\/institutos.ufrrj.br\/icsa\/wp-json\/wp\/v2\/pages\/7539","targetHints":{"allow":["GET"]}}],"collection":[{"href":"https:\/\/institutos.ufrrj.br\/icsa\/wp-json\/wp\/v2\/pages"}],"about":[{"href":"https:\/\/institutos.ufrrj.br\/icsa\/wp-json\/wp\/v2\/types\/page"}],"author":[{"embeddable":true,"href":"https:\/\/institutos.ufrrj.br\/icsa\/wp-json\/wp\/v2\/users\/89"}],"replies":[{"embeddable":true,"href":"https:\/\/institutos.ufrrj.br\/icsa\/wp-json\/wp\/v2\/comments?post=7539"}],"version-history":[{"count":11,"href":"https:\/\/institutos.ufrrj.br\/icsa\/wp-json\/wp\/v2\/pages\/7539\/revisions"}],"predecessor-version":[{"id":7638,"href":"https:\/\/institutos.ufrrj.br\/icsa\/wp-json\/wp\/v2\/pages\/7539\/revisions\/7638"}],"wp:attachment":[{"href":"https:\/\/institutos.ufrrj.br\/icsa\/wp-json\/wp\/v2\/media?parent=7539"}],"curies":[{"name":"wp","href":"https:\/\/api.w.org\/{rel}","templated":true}]}}