{"id":7739,"date":"2024-02-19T16:18:23","date_gmt":"2024-02-19T19:18:23","guid":{"rendered":"https:\/\/institutos.ufrrj.br\/icsa\/?page_id=7739"},"modified":"2024-04-19T02:05:37","modified_gmt":"2024-04-19T05:05:37","slug":"diretorio-academico-de-economia","status":"publish","type":"page","link":"https:\/\/institutos.ufrrj.br\/icsa\/diretorio-academico-de-economia\/","title":{"rendered":""},"content":{"rendered":"<h1><span style=\"color: #003366;\">DIRET\u00d3RIO ACAD\u00caMICO DE ECONOMIA (DAECO)<\/span><\/h1>\n<hr \/>\n<p><span style=\"color: initial; font-size: revert;\">Ao assumir a gest\u00e3o do Diret\u00f3rio Acad\u00eamico de Economia (DAECO) para o mandato 2023\/2024, reconhecemos a import\u00e2ncia fundamental da representatividade estudantil na constru\u00e7\u00e3o de uma comunidade acad\u00eamica mais justa, inclusiva e participativa. Nossa miss\u00e3o, para al\u00e9m da administra\u00e7\u00e3o de quest\u00f5es burocr\u00e1ticas, \u00e9 tamb\u00e9m um compromisso em sermos a voz dos estudantes, defender seus interesses e trabalhar incansavelmente para promover um ambiente de aprendizado enriquecedor e acolhedor para todos. Nossa gest\u00e3o est\u00e1 firmemente comprometida em estabelecer um di\u00e1logo aberto e constante com todos os membros da comunidade acad\u00eamica e seus diversos n\u00facleos, criando canais eficazes de comunica\u00e7\u00e3o e participa\u00e7\u00e3o. Acreditamos que \u00e9 essencial ouvir as necessidades, sugest\u00f5es e preocupa\u00e7\u00f5es dos estudantes para podermos represent\u00e1-los da melhor maneira poss\u00edvel. Desejamos representar os alunos de forma realista e sensata em \u00e1reas abertas ao di\u00e1logo com as inst\u00e2ncias interessadas. Al\u00e9m disso, entendemos que a diversidade \u00e9 uma riqueza que enriquece nosso ambiente de aprendizado. Estamos empenhados em garantir que o DAECO seja um espa\u00e7o inclusivo, onde todos os estudantes se sintam representados.<\/span><\/p>\n<hr \/>\n<h3><span style=\"color: #003366;\"><strong>COMPOSI\u00c7\u00c3O<\/strong><\/span><\/h3>\n<p><strong><span style=\"color: #003366;\">Presidente &#8220;Coordena\u00e7\u00e3o&#8221; Geral<\/span><\/strong>: Manoela Dias Clemente;<\/p>\n<p><strong><span style=\"color: #003366;\">Diretoria &#8220;Coordena\u00e7\u00e3o&#8221; de Finan\u00e7as<\/span><\/strong>: Luana Fernandes Gervasio; Darvyn Vicenzo da Silva Fonseca Tavares;<\/p>\n<p><span style=\"color: #003366;\"><strong>Diretoria &#8220;Coordena\u00e7\u00e3o&#8221; de Comunica\u00e7\u00e3o<\/strong><\/span>: Rochane Tavares de Oliveira;<\/p>\n<p><strong><span style=\"color: #003366;\">Diretoria &#8220;Coordena\u00e7\u00e3o&#8221; de Ensino, Pesquisa e Extens\u00e3o<\/span><\/strong>: Lucas Tavares Freitas; Jorge Sousa Jalloul; Mirella Gabriela Bernardino de Oliveira;<\/p>\n<p><strong><span style=\"color: #003366;\">Diretoria &#8220;Coordena\u00e7\u00e3o&#8221; de Esporte, Cultura e Lazer<\/span><\/strong>: Gustavo dos Santos Moraes Mello; Felipe Jaymes do Nascimento Beta.<\/p>\n","protected":false},"excerpt":{"rendered":"<p>DIRET\u00d3RIO ACAD\u00caMICO DE ECONOMIA (DAECO) Ao assumir a gest\u00e3o do Diret\u00f3rio Acad\u00eamico de Economia (DAECO) para o mandato 2023\/2024, reconhecemos <a class=\"read-more\" href=\"https:\/\/institutos.ufrrj.br\/icsa\/diretorio-academico-de-economia\/\">&#8230; <em>leia mais <\/em> <i class=\"fa fa-long-arrow-right\"><\/i><\/a><\/p>\n","protected":false},"author":89,"featured_media":0,"parent":0,"menu_order":0,"comment_status":"closed","ping_status":"closed","template":"","meta":{"_acf_changed":false,"_themeisle_gutenberg_block_has_review":false,"footnotes":"","_links_to":"","_links_to_target":""},"class_list":["post-7739","page","type-page","status-publish","hentry"],"acf":[],"yoast_head":"<!-- This site is optimized with the Yoast SEO plugin v26.8 - https:\/\/yoast.com\/product\/yoast-seo-wordpress\/ -->\n<title>- ICSA<\/title>\n<meta name=\"robots\" content=\"index, follow, max-snippet:-1, max-image-preview:large, max-video-preview:-1\" \/>\n<link rel=\"canonical\" href=\"https:\/\/institutos.ufrrj.br\/icsa\/diretorio-academico-de-economia\/\" \/>\n<meta property=\"og:locale\" content=\"pt_BR\" \/>\n<meta property=\"og:type\" content=\"article\" \/>\n<meta property=\"og:title\" content=\"- ICSA\" \/>\n<meta property=\"og:description\" content=\"DIRET\u00d3RIO ACAD\u00caMICO DE ECONOMIA (DAECO) Ao assumir a gest\u00e3o do Diret\u00f3rio Acad\u00eamico de Economia (DAECO) para o mandato 2023\/2024, reconhecemos ... leia mais\" \/>\n<meta property=\"og:url\" content=\"https:\/\/institutos.ufrrj.br\/icsa\/diretorio-academico-de-economia\/\" \/>\n<meta property=\"og:site_name\" content=\"ICSA\" \/>\n<meta property=\"article:publisher\" content=\"https:\/\/www.facebook.com\/ICSA-189767328193686\/\" \/>\n<meta property=\"article:modified_time\" content=\"2024-04-19T05:05:37+00:00\" \/>\n<meta name=\"twitter:card\" content=\"summary_large_image\" \/>\n<meta name=\"twitter:label1\" content=\"Est. tempo de leitura\" \/>\n\t<meta name=\"twitter:data1\" content=\"2 minutos\" \/>\n<script type=\"application\/ld+json\" class=\"yoast-schema-graph\">{\"@context\":\"https:\/\/schema.org\",\"@graph\":[{\"@type\":\"WebPage\",\"@id\":\"https:\/\/institutos.ufrrj.br\/icsa\/diretorio-academico-de-economia\/\",\"url\":\"https:\/\/institutos.ufrrj.br\/icsa\/diretorio-academico-de-economia\/\",\"name\":\"- ICSA\",\"isPartOf\":{\"@id\":\"https:\/\/institutos.ufrrj.br\/icsa\/#website\"},\"datePublished\":\"2024-02-19T19:18:23+00:00\",\"dateModified\":\"2024-04-19T05:05:37+00:00\",\"inLanguage\":\"pt-BR\",\"potentialAction\":[{\"@type\":\"ReadAction\",\"target\":[\"https:\/\/institutos.ufrrj.br\/icsa\/diretorio-academico-de-economia\/\"]}]},{\"@type\":\"WebSite\",\"@id\":\"https:\/\/institutos.ufrrj.br\/icsa\/#website\",\"url\":\"https:\/\/institutos.ufrrj.br\/icsa\/\",\"name\":\"ICSA\",\"description\":\"Institutos de Ci\u00eancias Sociais Aplicadas\",\"publisher\":{\"@id\":\"https:\/\/institutos.ufrrj.br\/icsa\/#organization\"},\"potentialAction\":[{\"@type\":\"SearchAction\",\"target\":{\"@type\":\"EntryPoint\",\"urlTemplate\":\"https:\/\/institutos.ufrrj.br\/icsa\/?s={search_term_string}\"},\"query-input\":{\"@type\":\"PropertyValueSpecification\",\"valueRequired\":true,\"valueName\":\"search_term_string\"}}],\"inLanguage\":\"pt-BR\"},{\"@type\":\"Organization\",\"@id\":\"https:\/\/institutos.ufrrj.br\/icsa\/#organization\",\"name\":\"ICSA\",\"url\":\"https:\/\/institutos.ufrrj.br\/icsa\/\",\"logo\":{\"@type\":\"ImageObject\",\"inLanguage\":\"pt-BR\",\"@id\":\"https:\/\/institutos.ufrrj.br\/icsa\/#\/schema\/logo\/image\/\",\"url\":\"https:\/\/institutos.ufrrj.br\/icsa\/wp-content\/uploads\/sites\/101\/2023\/10\/logo_icsa_cor_horz_01-4-1.png\",\"contentUrl\":\"https:\/\/institutos.ufrrj.br\/icsa\/wp-content\/uploads\/sites\/101\/2023\/10\/logo_icsa_cor_horz_01-4-1.png\",\"width\":300,\"height\":101,\"caption\":\"ICSA\"},\"image\":{\"@id\":\"https:\/\/institutos.ufrrj.br\/icsa\/#\/schema\/logo\/image\/\"},\"sameAs\":[\"https:\/\/www.facebook.com\/ICSA-189767328193686\/\",\"https:\/\/www.instagram.com\/icsa.ufrrj\/\",\"https:\/\/www.youtube.com\/@icsaufrrj\"]}]}<\/script>\n<!-- \/ Yoast SEO plugin. -->","yoast_head_json":{"title":"- ICSA","robots":{"index":"index","follow":"follow","max-snippet":"max-snippet:-1","max-image-preview":"max-image-preview:large","max-video-preview":"max-video-preview:-1"},"canonical":"https:\/\/institutos.ufrrj.br\/icsa\/diretorio-academico-de-economia\/","og_locale":"pt_BR","og_type":"article","og_title":"- ICSA","og_description":"DIRET\u00d3RIO ACAD\u00caMICO DE ECONOMIA (DAECO) Ao assumir a gest\u00e3o do Diret\u00f3rio Acad\u00eamico de Economia (DAECO) para o mandato 2023\/2024, reconhecemos ... leia mais","og_url":"https:\/\/institutos.ufrrj.br\/icsa\/diretorio-academico-de-economia\/","og_site_name":"ICSA","article_publisher":"https:\/\/www.facebook.com\/ICSA-189767328193686\/","article_modified_time":"2024-04-19T05:05:37+00:00","twitter_card":"summary_large_image","twitter_misc":{"Est. tempo de leitura":"2 minutos"},"schema":{"@context":"https:\/\/schema.org","@graph":[{"@type":"WebPage","@id":"https:\/\/institutos.ufrrj.br\/icsa\/diretorio-academico-de-economia\/","url":"https:\/\/institutos.ufrrj.br\/icsa\/diretorio-academico-de-economia\/","name":"- ICSA","isPartOf":{"@id":"https:\/\/institutos.ufrrj.br\/icsa\/#website"},"datePublished":"2024-02-19T19:18:23+00:00","dateModified":"2024-04-19T05:05:37+00:00","inLanguage":"pt-BR","potentialAction":[{"@type":"ReadAction","target":["https:\/\/institutos.ufrrj.br\/icsa\/diretorio-academico-de-economia\/"]}]},{"@type":"WebSite","@id":"https:\/\/institutos.ufrrj.br\/icsa\/#website","url":"https:\/\/institutos.ufrrj.br\/icsa\/","name":"ICSA","description":"Institutos de Ci\u00eancias Sociais Aplicadas","publisher":{"@id":"https:\/\/institutos.ufrrj.br\/icsa\/#organization"},"potentialAction":[{"@type":"SearchAction","target":{"@type":"EntryPoint","urlTemplate":"https:\/\/institutos.ufrrj.br\/icsa\/?s={search_term_string}"},"query-input":{"@type":"PropertyValueSpecification","valueRequired":true,"valueName":"search_term_string"}}],"inLanguage":"pt-BR"},{"@type":"Organization","@id":"https:\/\/institutos.ufrrj.br\/icsa\/#organization","name":"ICSA","url":"https:\/\/institutos.ufrrj.br\/icsa\/","logo":{"@type":"ImageObject","inLanguage":"pt-BR","@id":"https:\/\/institutos.ufrrj.br\/icsa\/#\/schema\/logo\/image\/","url":"https:\/\/institutos.ufrrj.br\/icsa\/wp-content\/uploads\/sites\/101\/2023\/10\/logo_icsa_cor_horz_01-4-1.png","contentUrl":"https:\/\/institutos.ufrrj.br\/icsa\/wp-content\/uploads\/sites\/101\/2023\/10\/logo_icsa_cor_horz_01-4-1.png","width":300,"height":101,"caption":"ICSA"},"image":{"@id":"https:\/\/institutos.ufrrj.br\/icsa\/#\/schema\/logo\/image\/"},"sameAs":["https:\/\/www.facebook.com\/ICSA-189767328193686\/","https:\/\/www.instagram.com\/icsa.ufrrj\/","https:\/\/www.youtube.com\/@icsaufrrj"]}]}},"_links":{"self":[{"href":"https:\/\/institutos.ufrrj.br\/icsa\/wp-json\/wp\/v2\/pages\/7739","targetHints":{"allow":["GET"]}}],"collection":[{"href":"https:\/\/institutos.ufrrj.br\/icsa\/wp-json\/wp\/v2\/pages"}],"about":[{"href":"https:\/\/institutos.ufrrj.br\/icsa\/wp-json\/wp\/v2\/types\/page"}],"author":[{"embeddable":true,"href":"https:\/\/institutos.ufrrj.br\/icsa\/wp-json\/wp\/v2\/users\/89"}],"replies":[{"embeddable":true,"href":"https:\/\/institutos.ufrrj.br\/icsa\/wp-json\/wp\/v2\/comments?post=7739"}],"version-history":[{"count":2,"href":"https:\/\/institutos.ufrrj.br\/icsa\/wp-json\/wp\/v2\/pages\/7739\/revisions"}],"predecessor-version":[{"id":8072,"href":"https:\/\/institutos.ufrrj.br\/icsa\/wp-json\/wp\/v2\/pages\/7739\/revisions\/8072"}],"wp:attachment":[{"href":"https:\/\/institutos.ufrrj.br\/icsa\/wp-json\/wp\/v2\/media?parent=7739"}],"curies":[{"name":"wp","href":"https:\/\/api.w.org\/{rel}","templated":true}]}}