{"id":8815,"date":"2025-04-24T12:23:29","date_gmt":"2025-04-24T15:23:29","guid":{"rendered":"https:\/\/institutos.ufrrj.br\/icsa\/?page_id=8815"},"modified":"2025-04-24T12:23:30","modified_gmt":"2025-04-24T15:23:30","slug":"8815-2","status":"publish","type":"page","link":"https:\/\/institutos.ufrrj.br\/icsa\/8815-2\/","title":{"rendered":""},"content":{"rendered":"\n<p><strong>AMBEV Conecta 2024<\/strong><\/p>\n\n\n\n<p>A Dire\u00e7\u00e3o ICSA 2023\/2027 realizou no dia 17 de abril de 2024 (Audit\u00f3rio Paulo Freire), em parceria com o Grupo AMBEV, o \u201cAMBEV Conecta\u201d.\u00a0 <\/p>\n\n\n\n<p>Para saber mais sobre este evento, clique <strong><a href=\"https:\/\/institutos.ufrrj.br\/icsa\/ambev-conecta-2024\/\">aqui<\/a><\/strong><\/p>\n\n\n\n<hr class=\"wp-block-separator has-alpha-channel-opacity\"\/>\n\n\n\n<p><strong>Inaugura\u00e7\u00e3o da Rota de Acessibilidade ICHS\/ICSA\/IE<\/strong><\/p>\n\n\n\n<p>No dia 02 de julho de 2024, nossa Administra\u00e7\u00e3o Central, em conjunto com as Dire\u00e7\u00f5es do ICSA, ICHS e IE, realizaram a inaugura\u00e7\u00e3o da Rota de Acessibilidade e Inclus\u00e3o deste complexo. A referida obra trouxe melhorias significativas para nossas edifica\u00e7\u00f5es. Al\u00e9m disso, por meio de esfor\u00e7os impetrados pela Dire\u00e7\u00e3o ICSA, pela Prefeitura Municipal e o Setor de Parques e Jardins, realizamos a\u00e7\u00f5es significativas de paisagismo ao nosso ambiente interno.<\/p>\n\n\n\n<p>Para saber mais sobre este evento, clique <strong><a href=\"https:\/\/institutos.ufrrj.br\/icsa\/inauguracao-da-rota-de-acessibilidade-ichs-icsa-ie\/\">aqui<\/a><\/strong><\/p>\n\n\n\n<hr class=\"wp-block-separator has-alpha-channel-opacity\"\/>\n\n\n\n<p><strong>Plantios nos Estacionamentos do ICSA\/ICHS e PPG<\/strong><\/p>\n\n\n\n<p>A Dire\u00e7\u00e3o do ICSA (2023\/2027) prospectou, com o aux\u00edlio do Prof. Dr. Daniel Ribeiro (DeCE\/PPGE), uma prof\u00edcua parceria com o Programa de P\u00f3s-Gradua\u00e7\u00e3o Internacional em Florestas Urbanas da UFRRJ. O intuito desta foi a realiza\u00e7\u00e3o de plantios de \u00e1rvores ao longo dos estacionamentos do ICSA\/ICHS e PPG, buscando propiciar aos seus usu\u00e1rios um melhor conforto t\u00e9rmico.&nbsp;<\/p>\n\n\n\n<p>Para saber mais sobre este evento, clique <a href=\"https:\/\/institutos.ufrrj.br\/icsa\/plantios-nos-estacionamentos-do-icsa-ichs-e-ppg\/\"><strong>aqui<\/strong><\/a><\/p>\n\n\n\n<hr class=\"wp-block-separator has-alpha-channel-opacity\"\/>\n\n\n\n<p><strong>Oficina \u201cHotel Revenue Management\u201d:<\/strong><\/p>\n\n\n\n<p>Dire\u00e7\u00e3o ICSA (2023\/2027), no dia 26 de setembro de 2024 ofertamos a capacita\u00e7\u00e3o \u201cHotel Revenue Management: preceitos, princ\u00edpios e estrat\u00e9gias para a maximiza\u00e7\u00e3o de lucros\u201d para bolsistas, terceirizado e t\u00e9cnicos administrativos que atuam no Hotel Escola. A proposta desta atividade foi a de prover um workshop que versasse sobre a import\u00e2ncia do RM para a hotelaria contempor\u00e2nea, pontuando as m\u00e9tricas que balizam a efic\u00e1cia deste instrumento de gest\u00e3o.<\/p>\n\n\n\n<p>Para saber mais sobre este evento, clique <a href=\"https:\/\/institutos.ufrrj.br\/icsa\/hotel-revenue-management-preceitos-principios-e-estrategias-para-a-maximizacao-de-lucros\/\"><strong>aqui<\/strong><\/a><\/p>\n\n\n\n<hr class=\"wp-block-separator has-alpha-channel-opacity\"\/>\n\n\n\n<p><strong>II Feira de Est\u00e1gio do ICSA:<\/strong><\/p>\n\n\n\n<p>Realizada entre os dias 14, 15 e 16 de outubro de 2024 a Dire\u00e7\u00e3o ICSA (2023\/2027) deu in\u00edcio \u00e0 II Feira de Est\u00e1gios do ICSA, contando com as seguintes participa\u00e7\u00f5es: Centro de Integra\u00e7\u00e3o Escola Empresa; F\u00e1brica Carioca de Catalisadores (FCC SA); Michelin; Banco Nacional de Desenvolvimento Econ\u00f4mico e Social (BNDES); Grand Hyatt; Ita\u00fa Unibanco; e a Procuradoria Geral do Estado do Rio de Janeiro (PGE-RJ).<\/p>\n\n\n\n<p>Para saber mais sobre este evento, clique <a href=\"https:\/\/institutos.ufrrj.br\/icsa\/ii-feira-de-estagio-dia-15-10-2024\/\"><strong>aqui<\/strong><\/a><\/p>\n\n\n\n<hr class=\"wp-block-separator has-alpha-channel-opacity\"\/>\n\n\n\n<p><strong>III Oficina de Capacita\u00e7\u00e3o Discente do ICSA:<\/strong><\/p>\n\n\n\n<p>Como uma das iniciativas apresentadas em seu plano de gest\u00e3o, a Dire\u00e7\u00e3o ICSA (2023\/2027) realizou, em 26 de novembro de 2024, a III Oficina de Capacita\u00e7\u00e3o Discente, cuja tem\u00e1tica versou sobre \u201cM\u00f3dulo B\u00e1sico da Planilha de Excel\u201d.<\/p>\n\n\n\n<p>Para saber mais sobre este evento, clique <strong><a href=\"https:\/\/institutos.ufrrj.br\/icsa\/iii-oficina-de-capacitacao-discente\/\">aqui<\/a><\/strong><\/p>\n\n\n\n<p><\/p>\n","protected":false},"excerpt":{"rendered":"<p>AMBEV Conecta 2024 A Dire\u00e7\u00e3o ICSA 2023\/2027 realizou no dia 17 de abril de 2024 (Audit\u00f3rio Paulo Freire), em parceria <a class=\"read-more\" href=\"https:\/\/institutos.ufrrj.br\/icsa\/8815-2\/\">&#8230; <em>leia mais <\/em> <i class=\"fa fa-long-arrow-right\"><\/i><\/a><\/p>\n","protected":false},"author":89,"featured_media":0,"parent":0,"menu_order":0,"comment_status":"closed","ping_status":"closed","template":"","meta":{"_acf_changed":false,"_themeisle_gutenberg_block_has_review":false,"footnotes":"","_links_to":"","_links_to_target":""},"class_list":["post-8815","page","type-page","status-publish","hentry"],"acf":[],"yoast_head":"<!-- This site is optimized with the Yoast SEO plugin v26.8 - https:\/\/yoast.com\/product\/yoast-seo-wordpress\/ -->\n<title>- ICSA<\/title>\n<meta name=\"robots\" content=\"index, follow, max-snippet:-1, max-image-preview:large, max-video-preview:-1\" \/>\n<link rel=\"canonical\" href=\"https:\/\/institutos.ufrrj.br\/icsa\/8815-2\/\" \/>\n<meta property=\"og:locale\" content=\"pt_BR\" \/>\n<meta property=\"og:type\" content=\"article\" \/>\n<meta property=\"og:title\" content=\"- ICSA\" \/>\n<meta property=\"og:description\" content=\"AMBEV Conecta 2024 A Dire\u00e7\u00e3o ICSA 2023\/2027 realizou no dia 17 de abril de 2024 (Audit\u00f3rio Paulo Freire), em parceria ... leia mais\" \/>\n<meta property=\"og:url\" content=\"https:\/\/institutos.ufrrj.br\/icsa\/8815-2\/\" \/>\n<meta property=\"og:site_name\" content=\"ICSA\" \/>\n<meta property=\"article:publisher\" content=\"https:\/\/www.facebook.com\/ICSA-189767328193686\/\" \/>\n<meta property=\"article:modified_time\" content=\"2025-04-24T15:23:30+00:00\" \/>\n<meta name=\"twitter:card\" content=\"summary_large_image\" \/>\n<meta name=\"twitter:label1\" content=\"Est. tempo de leitura\" \/>\n\t<meta name=\"twitter:data1\" content=\"3 minutos\" \/>\n<script type=\"application\/ld+json\" class=\"yoast-schema-graph\">{\"@context\":\"https:\/\/schema.org\",\"@graph\":[{\"@type\":\"WebPage\",\"@id\":\"https:\/\/institutos.ufrrj.br\/icsa\/8815-2\/\",\"url\":\"https:\/\/institutos.ufrrj.br\/icsa\/8815-2\/\",\"name\":\"- ICSA\",\"isPartOf\":{\"@id\":\"https:\/\/institutos.ufrrj.br\/icsa\/#website\"},\"datePublished\":\"2025-04-24T15:23:29+00:00\",\"dateModified\":\"2025-04-24T15:23:30+00:00\",\"inLanguage\":\"pt-BR\",\"potentialAction\":[{\"@type\":\"ReadAction\",\"target\":[\"https:\/\/institutos.ufrrj.br\/icsa\/8815-2\/\"]}]},{\"@type\":\"WebSite\",\"@id\":\"https:\/\/institutos.ufrrj.br\/icsa\/#website\",\"url\":\"https:\/\/institutos.ufrrj.br\/icsa\/\",\"name\":\"ICSA\",\"description\":\"Institutos de Ci\u00eancias Sociais Aplicadas\",\"publisher\":{\"@id\":\"https:\/\/institutos.ufrrj.br\/icsa\/#organization\"},\"potentialAction\":[{\"@type\":\"SearchAction\",\"target\":{\"@type\":\"EntryPoint\",\"urlTemplate\":\"https:\/\/institutos.ufrrj.br\/icsa\/?s={search_term_string}\"},\"query-input\":{\"@type\":\"PropertyValueSpecification\",\"valueRequired\":true,\"valueName\":\"search_term_string\"}}],\"inLanguage\":\"pt-BR\"},{\"@type\":\"Organization\",\"@id\":\"https:\/\/institutos.ufrrj.br\/icsa\/#organization\",\"name\":\"ICSA\",\"url\":\"https:\/\/institutos.ufrrj.br\/icsa\/\",\"logo\":{\"@type\":\"ImageObject\",\"inLanguage\":\"pt-BR\",\"@id\":\"https:\/\/institutos.ufrrj.br\/icsa\/#\/schema\/logo\/image\/\",\"url\":\"https:\/\/institutos.ufrrj.br\/icsa\/wp-content\/uploads\/sites\/101\/2023\/10\/logo_icsa_cor_horz_01-4-1.png\",\"contentUrl\":\"https:\/\/institutos.ufrrj.br\/icsa\/wp-content\/uploads\/sites\/101\/2023\/10\/logo_icsa_cor_horz_01-4-1.png\",\"width\":300,\"height\":101,\"caption\":\"ICSA\"},\"image\":{\"@id\":\"https:\/\/institutos.ufrrj.br\/icsa\/#\/schema\/logo\/image\/\"},\"sameAs\":[\"https:\/\/www.facebook.com\/ICSA-189767328193686\/\",\"https:\/\/www.instagram.com\/icsa.ufrrj\/\",\"https:\/\/www.youtube.com\/@icsaufrrj\"]}]}<\/script>\n<!-- \/ Yoast SEO plugin. -->","yoast_head_json":{"title":"- ICSA","robots":{"index":"index","follow":"follow","max-snippet":"max-snippet:-1","max-image-preview":"max-image-preview:large","max-video-preview":"max-video-preview:-1"},"canonical":"https:\/\/institutos.ufrrj.br\/icsa\/8815-2\/","og_locale":"pt_BR","og_type":"article","og_title":"- ICSA","og_description":"AMBEV Conecta 2024 A Dire\u00e7\u00e3o ICSA 2023\/2027 realizou no dia 17 de abril de 2024 (Audit\u00f3rio Paulo Freire), em parceria ... leia mais","og_url":"https:\/\/institutos.ufrrj.br\/icsa\/8815-2\/","og_site_name":"ICSA","article_publisher":"https:\/\/www.facebook.com\/ICSA-189767328193686\/","article_modified_time":"2025-04-24T15:23:30+00:00","twitter_card":"summary_large_image","twitter_misc":{"Est. tempo de leitura":"3 minutos"},"schema":{"@context":"https:\/\/schema.org","@graph":[{"@type":"WebPage","@id":"https:\/\/institutos.ufrrj.br\/icsa\/8815-2\/","url":"https:\/\/institutos.ufrrj.br\/icsa\/8815-2\/","name":"- ICSA","isPartOf":{"@id":"https:\/\/institutos.ufrrj.br\/icsa\/#website"},"datePublished":"2025-04-24T15:23:29+00:00","dateModified":"2025-04-24T15:23:30+00:00","inLanguage":"pt-BR","potentialAction":[{"@type":"ReadAction","target":["https:\/\/institutos.ufrrj.br\/icsa\/8815-2\/"]}]},{"@type":"WebSite","@id":"https:\/\/institutos.ufrrj.br\/icsa\/#website","url":"https:\/\/institutos.ufrrj.br\/icsa\/","name":"ICSA","description":"Institutos de Ci\u00eancias Sociais Aplicadas","publisher":{"@id":"https:\/\/institutos.ufrrj.br\/icsa\/#organization"},"potentialAction":[{"@type":"SearchAction","target":{"@type":"EntryPoint","urlTemplate":"https:\/\/institutos.ufrrj.br\/icsa\/?s={search_term_string}"},"query-input":{"@type":"PropertyValueSpecification","valueRequired":true,"valueName":"search_term_string"}}],"inLanguage":"pt-BR"},{"@type":"Organization","@id":"https:\/\/institutos.ufrrj.br\/icsa\/#organization","name":"ICSA","url":"https:\/\/institutos.ufrrj.br\/icsa\/","logo":{"@type":"ImageObject","inLanguage":"pt-BR","@id":"https:\/\/institutos.ufrrj.br\/icsa\/#\/schema\/logo\/image\/","url":"https:\/\/institutos.ufrrj.br\/icsa\/wp-content\/uploads\/sites\/101\/2023\/10\/logo_icsa_cor_horz_01-4-1.png","contentUrl":"https:\/\/institutos.ufrrj.br\/icsa\/wp-content\/uploads\/sites\/101\/2023\/10\/logo_icsa_cor_horz_01-4-1.png","width":300,"height":101,"caption":"ICSA"},"image":{"@id":"https:\/\/institutos.ufrrj.br\/icsa\/#\/schema\/logo\/image\/"},"sameAs":["https:\/\/www.facebook.com\/ICSA-189767328193686\/","https:\/\/www.instagram.com\/icsa.ufrrj\/","https:\/\/www.youtube.com\/@icsaufrrj"]}]}},"_links":{"self":[{"href":"https:\/\/institutos.ufrrj.br\/icsa\/wp-json\/wp\/v2\/pages\/8815","targetHints":{"allow":["GET"]}}],"collection":[{"href":"https:\/\/institutos.ufrrj.br\/icsa\/wp-json\/wp\/v2\/pages"}],"about":[{"href":"https:\/\/institutos.ufrrj.br\/icsa\/wp-json\/wp\/v2\/types\/page"}],"author":[{"embeddable":true,"href":"https:\/\/institutos.ufrrj.br\/icsa\/wp-json\/wp\/v2\/users\/89"}],"replies":[{"embeddable":true,"href":"https:\/\/institutos.ufrrj.br\/icsa\/wp-json\/wp\/v2\/comments?post=8815"}],"version-history":[{"count":2,"href":"https:\/\/institutos.ufrrj.br\/icsa\/wp-json\/wp\/v2\/pages\/8815\/revisions"}],"predecessor-version":[{"id":8817,"href":"https:\/\/institutos.ufrrj.br\/icsa\/wp-json\/wp\/v2\/pages\/8815\/revisions\/8817"}],"wp:attachment":[{"href":"https:\/\/institutos.ufrrj.br\/icsa\/wp-json\/wp\/v2\/media?parent=8815"}],"curies":[{"name":"wp","href":"https:\/\/api.w.org\/{rel}","templated":true}]}}