{"id":8830,"date":"2025-04-24T12:28:52","date_gmt":"2025-04-24T15:28:52","guid":{"rendered":"https:\/\/institutos.ufrrj.br\/icsa\/?page_id=8830"},"modified":"2025-04-24T12:28:52","modified_gmt":"2025-04-24T15:28:52","slug":"8830-2","status":"publish","type":"page","link":"https:\/\/institutos.ufrrj.br\/icsa\/8830-2\/","title":{"rendered":""},"content":{"rendered":"\n<p><strong>III Oficina de Capacita\u00e7\u00e3o Docente\/TAE do ICSA<\/strong><\/p>\n\n\n\n<p>Entre os dias 15 e 16 de abril de 2025, a Dire\u00e7\u00e3o ICSA (2023\/2027) realizou a 3\u00aa Oficina de Capacita\u00e7\u00e3o Docente\/TAE de seu Instituto. As referidas capacita\u00e7\u00f5es s\u00e3o uma proposta desta Dire\u00e7\u00e3o, cuja inten\u00e7\u00e3o \u00e9 prover qualifica\u00e7\u00f5es \u00e0s expertises de nossa comunidade. Logo, esta \u00faltima edi\u00e7\u00e3o tratou a tem\u00e1tica \u201ccapta\u00e7\u00e3o de recursos externos\u201d, por meio de projetos desenvolvidos por nossos docentes e t\u00e9cnicos-administrativos.<\/p>\n\n\n\n<p>Para saber mais sobre este evento, clique <a href=\"https:\/\/institutos.ufrrj.br\/icsa\/3a-oficina-de-capacitacao-docente-tae-icsa\/\"><strong>aqui<\/strong><\/a><\/p>\n\n\n\n<hr class=\"wp-block-separator has-alpha-channel-opacity\"\/>\n\n\n\n<p><strong>Inaugura\u00e7\u00e3o do N\u00facleo de Pr\u00e1ticas Cont\u00e1beis e Financeiras (NPCF DCCF\/ICSA)<\/strong><\/p>\n\n\n\n<p>A Dire\u00e7\u00e3o do ICSA (2023\/2027) celebrou mais uma importante conquista para nosso Instituto: 09 de abril de 2025 que se tornou um marco com a inaugura\u00e7\u00e3o do N\u00facleo de Pr\u00e1ticas Cont\u00e1beis e Financeiras (NPCF). No NPCF, docentes e discentes ter\u00e3o a oportunidade de maximizar a excel\u00eancia de suas pr\u00e1ticas de ensino, pesquisa e extens\u00e3o. Dessa maneira, a Dire\u00e7\u00e3o do ICSA (2023\/2027) lhes deseja um \u00f3timo aproveitamento deste espa\u00e7o.<\/p>\n\n\n\n<p>Para saber mais sobre este evento, clique <strong><a href=\"https:\/\/institutos.ufrrj.br\/icsa\/inauguracao-do-nucleo-de-praticas-contabeis-e-financeiras-npcf-dccf-icsa\/\">aqui<\/a><\/strong><\/p>\n\n\n\n<hr class=\"wp-block-separator has-alpha-channel-opacity\"\/>\n\n\n\n<p><strong>Tutoria de Matem\u00e1tica para Discentes ICSA<\/strong><\/p>\n\n\n\n<p>Em 2025 a Dire\u00e7\u00e3o ICSA (2023\/2025), em parceria com a Coordena\u00e7\u00e3o de Tutoria de Matem\u00e1tica da UFRRJ, coordenada pelos docentes Wilian e Daniel, do Instituto de Ci\u00eancias Exatas, iniciou o oferecimento de tutoria de matem\u00e1tica para os discentes ICSA.<\/p>\n\n\n\n<p>Para saber mais sobre este evento, clique <strong><a href=\"https:\/\/institutos.ufrrj.br\/icsa\/em-parceria-com-a-coordenacao-de-tutoria-em-matematica-da-ufrrj-a-direcao-icsa-2023-2027-iniciam-turma-para-alunos-icsa\/\">aqui<\/a><\/strong><\/p>\n","protected":false},"excerpt":{"rendered":"<p>III Oficina de Capacita\u00e7\u00e3o Docente\/TAE do ICSA Entre os dias 15 e 16 de abril de 2025, a Dire\u00e7\u00e3o ICSA <a class=\"read-more\" href=\"https:\/\/institutos.ufrrj.br\/icsa\/8830-2\/\">&#8230; <em>leia mais <\/em> <i class=\"fa fa-long-arrow-right\"><\/i><\/a><\/p>\n","protected":false},"author":89,"featured_media":0,"parent":0,"menu_order":0,"comment_status":"closed","ping_status":"closed","template":"","meta":{"_acf_changed":false,"_themeisle_gutenberg_block_has_review":false,"footnotes":"","_links_to":"","_links_to_target":""},"class_list":["post-8830","page","type-page","status-publish","hentry"],"acf":[],"yoast_head":"<!-- This site is optimized with the Yoast SEO plugin v26.8 - https:\/\/yoast.com\/product\/yoast-seo-wordpress\/ -->\n<title>- ICSA<\/title>\n<meta name=\"robots\" content=\"index, follow, max-snippet:-1, max-image-preview:large, max-video-preview:-1\" \/>\n<link rel=\"canonical\" href=\"https:\/\/institutos.ufrrj.br\/icsa\/8830-2\/\" \/>\n<meta property=\"og:locale\" content=\"pt_BR\" \/>\n<meta property=\"og:type\" content=\"article\" \/>\n<meta property=\"og:title\" content=\"- ICSA\" \/>\n<meta property=\"og:description\" content=\"III Oficina de Capacita\u00e7\u00e3o Docente\/TAE do ICSA Entre os dias 15 e 16 de abril de 2025, a Dire\u00e7\u00e3o ICSA ... leia mais\" \/>\n<meta property=\"og:url\" content=\"https:\/\/institutos.ufrrj.br\/icsa\/8830-2\/\" \/>\n<meta property=\"og:site_name\" content=\"ICSA\" \/>\n<meta property=\"article:publisher\" content=\"https:\/\/www.facebook.com\/ICSA-189767328193686\/\" \/>\n<meta name=\"twitter:card\" content=\"summary_large_image\" \/>\n<meta name=\"twitter:label1\" content=\"Est. tempo de leitura\" \/>\n\t<meta name=\"twitter:data1\" content=\"2 minutos\" \/>\n<script type=\"application\/ld+json\" class=\"yoast-schema-graph\">{\"@context\":\"https:\/\/schema.org\",\"@graph\":[{\"@type\":\"WebPage\",\"@id\":\"https:\/\/institutos.ufrrj.br\/icsa\/8830-2\/\",\"url\":\"https:\/\/institutos.ufrrj.br\/icsa\/8830-2\/\",\"name\":\"- ICSA\",\"isPartOf\":{\"@id\":\"https:\/\/institutos.ufrrj.br\/icsa\/#website\"},\"datePublished\":\"2025-04-24T15:28:52+00:00\",\"inLanguage\":\"pt-BR\",\"potentialAction\":[{\"@type\":\"ReadAction\",\"target\":[\"https:\/\/institutos.ufrrj.br\/icsa\/8830-2\/\"]}]},{\"@type\":\"WebSite\",\"@id\":\"https:\/\/institutos.ufrrj.br\/icsa\/#website\",\"url\":\"https:\/\/institutos.ufrrj.br\/icsa\/\",\"name\":\"ICSA\",\"description\":\"Institutos de Ci\u00eancias Sociais Aplicadas\",\"publisher\":{\"@id\":\"https:\/\/institutos.ufrrj.br\/icsa\/#organization\"},\"potentialAction\":[{\"@type\":\"SearchAction\",\"target\":{\"@type\":\"EntryPoint\",\"urlTemplate\":\"https:\/\/institutos.ufrrj.br\/icsa\/?s={search_term_string}\"},\"query-input\":{\"@type\":\"PropertyValueSpecification\",\"valueRequired\":true,\"valueName\":\"search_term_string\"}}],\"inLanguage\":\"pt-BR\"},{\"@type\":\"Organization\",\"@id\":\"https:\/\/institutos.ufrrj.br\/icsa\/#organization\",\"name\":\"ICSA\",\"url\":\"https:\/\/institutos.ufrrj.br\/icsa\/\",\"logo\":{\"@type\":\"ImageObject\",\"inLanguage\":\"pt-BR\",\"@id\":\"https:\/\/institutos.ufrrj.br\/icsa\/#\/schema\/logo\/image\/\",\"url\":\"https:\/\/institutos.ufrrj.br\/icsa\/wp-content\/uploads\/sites\/101\/2023\/10\/logo_icsa_cor_horz_01-4-1.png\",\"contentUrl\":\"https:\/\/institutos.ufrrj.br\/icsa\/wp-content\/uploads\/sites\/101\/2023\/10\/logo_icsa_cor_horz_01-4-1.png\",\"width\":300,\"height\":101,\"caption\":\"ICSA\"},\"image\":{\"@id\":\"https:\/\/institutos.ufrrj.br\/icsa\/#\/schema\/logo\/image\/\"},\"sameAs\":[\"https:\/\/www.facebook.com\/ICSA-189767328193686\/\",\"https:\/\/www.instagram.com\/icsa.ufrrj\/\",\"https:\/\/www.youtube.com\/@icsaufrrj\"]}]}<\/script>\n<!-- \/ Yoast SEO plugin. -->","yoast_head_json":{"title":"- ICSA","robots":{"index":"index","follow":"follow","max-snippet":"max-snippet:-1","max-image-preview":"max-image-preview:large","max-video-preview":"max-video-preview:-1"},"canonical":"https:\/\/institutos.ufrrj.br\/icsa\/8830-2\/","og_locale":"pt_BR","og_type":"article","og_title":"- ICSA","og_description":"III Oficina de Capacita\u00e7\u00e3o Docente\/TAE do ICSA Entre os dias 15 e 16 de abril de 2025, a Dire\u00e7\u00e3o ICSA ... leia mais","og_url":"https:\/\/institutos.ufrrj.br\/icsa\/8830-2\/","og_site_name":"ICSA","article_publisher":"https:\/\/www.facebook.com\/ICSA-189767328193686\/","twitter_card":"summary_large_image","twitter_misc":{"Est. tempo de leitura":"2 minutos"},"schema":{"@context":"https:\/\/schema.org","@graph":[{"@type":"WebPage","@id":"https:\/\/institutos.ufrrj.br\/icsa\/8830-2\/","url":"https:\/\/institutos.ufrrj.br\/icsa\/8830-2\/","name":"- ICSA","isPartOf":{"@id":"https:\/\/institutos.ufrrj.br\/icsa\/#website"},"datePublished":"2025-04-24T15:28:52+00:00","inLanguage":"pt-BR","potentialAction":[{"@type":"ReadAction","target":["https:\/\/institutos.ufrrj.br\/icsa\/8830-2\/"]}]},{"@type":"WebSite","@id":"https:\/\/institutos.ufrrj.br\/icsa\/#website","url":"https:\/\/institutos.ufrrj.br\/icsa\/","name":"ICSA","description":"Institutos de Ci\u00eancias Sociais Aplicadas","publisher":{"@id":"https:\/\/institutos.ufrrj.br\/icsa\/#organization"},"potentialAction":[{"@type":"SearchAction","target":{"@type":"EntryPoint","urlTemplate":"https:\/\/institutos.ufrrj.br\/icsa\/?s={search_term_string}"},"query-input":{"@type":"PropertyValueSpecification","valueRequired":true,"valueName":"search_term_string"}}],"inLanguage":"pt-BR"},{"@type":"Organization","@id":"https:\/\/institutos.ufrrj.br\/icsa\/#organization","name":"ICSA","url":"https:\/\/institutos.ufrrj.br\/icsa\/","logo":{"@type":"ImageObject","inLanguage":"pt-BR","@id":"https:\/\/institutos.ufrrj.br\/icsa\/#\/schema\/logo\/image\/","url":"https:\/\/institutos.ufrrj.br\/icsa\/wp-content\/uploads\/sites\/101\/2023\/10\/logo_icsa_cor_horz_01-4-1.png","contentUrl":"https:\/\/institutos.ufrrj.br\/icsa\/wp-content\/uploads\/sites\/101\/2023\/10\/logo_icsa_cor_horz_01-4-1.png","width":300,"height":101,"caption":"ICSA"},"image":{"@id":"https:\/\/institutos.ufrrj.br\/icsa\/#\/schema\/logo\/image\/"},"sameAs":["https:\/\/www.facebook.com\/ICSA-189767328193686\/","https:\/\/www.instagram.com\/icsa.ufrrj\/","https:\/\/www.youtube.com\/@icsaufrrj"]}]}},"_links":{"self":[{"href":"https:\/\/institutos.ufrrj.br\/icsa\/wp-json\/wp\/v2\/pages\/8830","targetHints":{"allow":["GET"]}}],"collection":[{"href":"https:\/\/institutos.ufrrj.br\/icsa\/wp-json\/wp\/v2\/pages"}],"about":[{"href":"https:\/\/institutos.ufrrj.br\/icsa\/wp-json\/wp\/v2\/types\/page"}],"author":[{"embeddable":true,"href":"https:\/\/institutos.ufrrj.br\/icsa\/wp-json\/wp\/v2\/users\/89"}],"replies":[{"embeddable":true,"href":"https:\/\/institutos.ufrrj.br\/icsa\/wp-json\/wp\/v2\/comments?post=8830"}],"version-history":[{"count":1,"href":"https:\/\/institutos.ufrrj.br\/icsa\/wp-json\/wp\/v2\/pages\/8830\/revisions"}],"predecessor-version":[{"id":8831,"href":"https:\/\/institutos.ufrrj.br\/icsa\/wp-json\/wp\/v2\/pages\/8830\/revisions\/8831"}],"wp:attachment":[{"href":"https:\/\/institutos.ufrrj.br\/icsa\/wp-json\/wp\/v2\/media?parent=8830"}],"curies":[{"name":"wp","href":"https:\/\/api.w.org\/{rel}","templated":true}]}}