{"id":8839,"date":"2025-04-24T12:34:26","date_gmt":"2025-04-24T15:34:26","guid":{"rendered":"https:\/\/institutos.ufrrj.br\/icsa\/?page_id=8839"},"modified":"2025-04-24T12:36:56","modified_gmt":"2025-04-24T15:36:56","slug":"conselho-de-ensino-pesquisa-e-extensao-de-area","status":"publish","type":"page","link":"https:\/\/institutos.ufrrj.br\/icsa\/conselho-de-ensino-pesquisa-e-extensao-de-area\/","title":{"rendered":"CEPEA &#8211; CSA"},"content":{"rendered":"\n<p>De acordo com o Regimento da UFRRJ (Art. 25 \u2013 Se\u00e7\u00e3o VI), o Conselho de Ensino, Pesquisa e Extens\u00e3o de \u00c1rea (CEPEA) \u00e9 o \u00f3rg\u00e3o superior que estabelece a pol\u00edtica acad\u00eamica por \u00e1rea de conhecimento, deliberando sobre todos os assuntos relativos a atividades de ensino, pesquisa e extens\u00e3o da \u00e1rea, nos limites das normas estabelecidas pelo CEPE.<\/p>\n\n\n\n<p>No tocante \u00e0s suas compet\u00eancias, o Art. 50 do Regimento supracitado estabelece o seguinte:<br>I \u2013 estabelecer a pol\u00edtica acad\u00eamica, coordenar, supervisionar e deliberar sobre as atividades de ensino, pesquisa e extens\u00e3o da \u00e1rea;<br>II \u2013 estabelecer normas acad\u00eamicas da \u00e1rea, em conson\u00e2ncia com as diretrizes emanadas do CEPE;<br>III \u2013 avaliar, para encaminhamento ao CEPE, propostas de cria\u00e7\u00e3o e suspens\u00e3o de cursos de gradua\u00e7\u00e3o e de p\u00f3s-gradua\u00e7\u00e3o da \u00e1rea;<br>IV \u2013 avaliar e emitir parecer sobre os Projetos Pedag\u00f3gicos de Cursos da \u00e1rea e suas matrizes curriculares para encaminhamento ao CEPE;<br>V \u2013 avaliar, propor e emitir parecer sobre conv\u00eanios, ajustes, acordos e outras formas de colabora\u00e7\u00e3o universit\u00e1ria na \u00e1rea;<br>VI \u2013 aprovar bancas de concurso p\u00fablico para docentes da \u00e1rea, encaminhadas pelos CONSUNIs;<br>VII \u2013 aprovar o resultado de concurso p\u00fablico para docentes da \u00e1rea;<br>VIII \u2013 aprovar normas gerais de acesso aos cursos de p\u00f3s-gradua\u00e7\u00e3o da \u00e1rea, a partir de proposta elaborada pelo Colegiado do Curso;<br>IX \u2013 aprovar pedidos de afastamento por mais de trinta dias para capacita\u00e7\u00e3o de servidores do quadro permanente;<br>X \u2013 acompanhar, tra\u00e7ar as diretrizes de avalia\u00e7\u00e3o e supervisionar os cursos e programas da \u00e1rea.<\/p>\n\n\n\n<p>Quer saber mais sobre este Conselho? Veja o Regimento da UFRRJ, clicando <a href=\"https:\/\/institutos.ufrrj.br\/icsa\/wp-content\/uploads\/sites\/101\/2025\/04\/UFRRJ-Estatuto-e-Regimento.pdf\"><strong>aqui<\/strong><\/a><\/p>\n\n\n\n<p><\/p>\n","protected":false},"excerpt":{"rendered":"<p>De acordo com o Regimento da UFRRJ (Art. 25 \u2013 Se\u00e7\u00e3o VI), o Conselho de Ensino, Pesquisa e Extens\u00e3o de <a class=\"read-more\" href=\"https:\/\/institutos.ufrrj.br\/icsa\/conselho-de-ensino-pesquisa-e-extensao-de-area\/\">&#8230; <em>leia mais <\/em> <i class=\"fa fa-long-arrow-right\"><\/i><\/a><\/p>\n","protected":false},"author":89,"featured_media":0,"parent":0,"menu_order":0,"comment_status":"closed","ping_status":"closed","template":"","meta":{"_acf_changed":false,"_themeisle_gutenberg_block_has_review":false,"footnotes":"","_links_to":"","_links_to_target":""},"class_list":["post-8839","page","type-page","status-publish","hentry"],"acf":[],"yoast_head":"<!-- This site is optimized with the Yoast SEO plugin v26.8 - https:\/\/yoast.com\/product\/yoast-seo-wordpress\/ -->\n<title>CEPEA - CSA - ICSA<\/title>\n<meta name=\"robots\" content=\"index, follow, max-snippet:-1, max-image-preview:large, max-video-preview:-1\" \/>\n<link rel=\"canonical\" href=\"https:\/\/institutos.ufrrj.br\/icsa\/conselho-de-ensino-pesquisa-e-extensao-de-area\/\" \/>\n<meta property=\"og:locale\" content=\"pt_BR\" \/>\n<meta property=\"og:type\" content=\"article\" \/>\n<meta property=\"og:title\" content=\"CEPEA - CSA - ICSA\" \/>\n<meta property=\"og:description\" content=\"De acordo com o Regimento da UFRRJ (Art. 25 \u2013 Se\u00e7\u00e3o VI), o Conselho de Ensino, Pesquisa e Extens\u00e3o de ... leia mais\" \/>\n<meta property=\"og:url\" content=\"https:\/\/institutos.ufrrj.br\/icsa\/conselho-de-ensino-pesquisa-e-extensao-de-area\/\" \/>\n<meta property=\"og:site_name\" content=\"ICSA\" \/>\n<meta property=\"article:publisher\" content=\"https:\/\/www.facebook.com\/ICSA-189767328193686\/\" \/>\n<meta property=\"article:modified_time\" content=\"2025-04-24T15:36:56+00:00\" \/>\n<meta name=\"twitter:card\" content=\"summary_large_image\" \/>\n<meta name=\"twitter:label1\" content=\"Est. tempo de leitura\" \/>\n\t<meta name=\"twitter:data1\" content=\"2 minutos\" \/>\n<script type=\"application\/ld+json\" class=\"yoast-schema-graph\">{\"@context\":\"https:\/\/schema.org\",\"@graph\":[{\"@type\":\"WebPage\",\"@id\":\"https:\/\/institutos.ufrrj.br\/icsa\/conselho-de-ensino-pesquisa-e-extensao-de-area\/\",\"url\":\"https:\/\/institutos.ufrrj.br\/icsa\/conselho-de-ensino-pesquisa-e-extensao-de-area\/\",\"name\":\"CEPEA - CSA - ICSA\",\"isPartOf\":{\"@id\":\"https:\/\/institutos.ufrrj.br\/icsa\/#website\"},\"datePublished\":\"2025-04-24T15:34:26+00:00\",\"dateModified\":\"2025-04-24T15:36:56+00:00\",\"breadcrumb\":{\"@id\":\"https:\/\/institutos.ufrrj.br\/icsa\/conselho-de-ensino-pesquisa-e-extensao-de-area\/#breadcrumb\"},\"inLanguage\":\"pt-BR\",\"potentialAction\":[{\"@type\":\"ReadAction\",\"target\":[\"https:\/\/institutos.ufrrj.br\/icsa\/conselho-de-ensino-pesquisa-e-extensao-de-area\/\"]}]},{\"@type\":\"BreadcrumbList\",\"@id\":\"https:\/\/institutos.ufrrj.br\/icsa\/conselho-de-ensino-pesquisa-e-extensao-de-area\/#breadcrumb\",\"itemListElement\":[{\"@type\":\"ListItem\",\"position\":1,\"name\":\"In\u00edcio\",\"item\":\"https:\/\/institutos.ufrrj.br\/icsa\/\"},{\"@type\":\"ListItem\",\"position\":2,\"name\":\"CEPEA &#8211; CSA\"}]},{\"@type\":\"WebSite\",\"@id\":\"https:\/\/institutos.ufrrj.br\/icsa\/#website\",\"url\":\"https:\/\/institutos.ufrrj.br\/icsa\/\",\"name\":\"ICSA\",\"description\":\"Institutos de Ci\u00eancias Sociais Aplicadas\",\"publisher\":{\"@id\":\"https:\/\/institutos.ufrrj.br\/icsa\/#organization\"},\"potentialAction\":[{\"@type\":\"SearchAction\",\"target\":{\"@type\":\"EntryPoint\",\"urlTemplate\":\"https:\/\/institutos.ufrrj.br\/icsa\/?s={search_term_string}\"},\"query-input\":{\"@type\":\"PropertyValueSpecification\",\"valueRequired\":true,\"valueName\":\"search_term_string\"}}],\"inLanguage\":\"pt-BR\"},{\"@type\":\"Organization\",\"@id\":\"https:\/\/institutos.ufrrj.br\/icsa\/#organization\",\"name\":\"ICSA\",\"url\":\"https:\/\/institutos.ufrrj.br\/icsa\/\",\"logo\":{\"@type\":\"ImageObject\",\"inLanguage\":\"pt-BR\",\"@id\":\"https:\/\/institutos.ufrrj.br\/icsa\/#\/schema\/logo\/image\/\",\"url\":\"https:\/\/institutos.ufrrj.br\/icsa\/wp-content\/uploads\/sites\/101\/2023\/10\/logo_icsa_cor_horz_01-4-1.png\",\"contentUrl\":\"https:\/\/institutos.ufrrj.br\/icsa\/wp-content\/uploads\/sites\/101\/2023\/10\/logo_icsa_cor_horz_01-4-1.png\",\"width\":300,\"height\":101,\"caption\":\"ICSA\"},\"image\":{\"@id\":\"https:\/\/institutos.ufrrj.br\/icsa\/#\/schema\/logo\/image\/\"},\"sameAs\":[\"https:\/\/www.facebook.com\/ICSA-189767328193686\/\",\"https:\/\/www.instagram.com\/icsa.ufrrj\/\",\"https:\/\/www.youtube.com\/@icsaufrrj\"]}]}<\/script>\n<!-- \/ Yoast SEO plugin. -->","yoast_head_json":{"title":"CEPEA - CSA - ICSA","robots":{"index":"index","follow":"follow","max-snippet":"max-snippet:-1","max-image-preview":"max-image-preview:large","max-video-preview":"max-video-preview:-1"},"canonical":"https:\/\/institutos.ufrrj.br\/icsa\/conselho-de-ensino-pesquisa-e-extensao-de-area\/","og_locale":"pt_BR","og_type":"article","og_title":"CEPEA - CSA - ICSA","og_description":"De acordo com o Regimento da UFRRJ (Art. 25 \u2013 Se\u00e7\u00e3o VI), o Conselho de Ensino, Pesquisa e Extens\u00e3o de ... leia mais","og_url":"https:\/\/institutos.ufrrj.br\/icsa\/conselho-de-ensino-pesquisa-e-extensao-de-area\/","og_site_name":"ICSA","article_publisher":"https:\/\/www.facebook.com\/ICSA-189767328193686\/","article_modified_time":"2025-04-24T15:36:56+00:00","twitter_card":"summary_large_image","twitter_misc":{"Est. tempo de leitura":"2 minutos"},"schema":{"@context":"https:\/\/schema.org","@graph":[{"@type":"WebPage","@id":"https:\/\/institutos.ufrrj.br\/icsa\/conselho-de-ensino-pesquisa-e-extensao-de-area\/","url":"https:\/\/institutos.ufrrj.br\/icsa\/conselho-de-ensino-pesquisa-e-extensao-de-area\/","name":"CEPEA - CSA - ICSA","isPartOf":{"@id":"https:\/\/institutos.ufrrj.br\/icsa\/#website"},"datePublished":"2025-04-24T15:34:26+00:00","dateModified":"2025-04-24T15:36:56+00:00","breadcrumb":{"@id":"https:\/\/institutos.ufrrj.br\/icsa\/conselho-de-ensino-pesquisa-e-extensao-de-area\/#breadcrumb"},"inLanguage":"pt-BR","potentialAction":[{"@type":"ReadAction","target":["https:\/\/institutos.ufrrj.br\/icsa\/conselho-de-ensino-pesquisa-e-extensao-de-area\/"]}]},{"@type":"BreadcrumbList","@id":"https:\/\/institutos.ufrrj.br\/icsa\/conselho-de-ensino-pesquisa-e-extensao-de-area\/#breadcrumb","itemListElement":[{"@type":"ListItem","position":1,"name":"In\u00edcio","item":"https:\/\/institutos.ufrrj.br\/icsa\/"},{"@type":"ListItem","position":2,"name":"CEPEA &#8211; CSA"}]},{"@type":"WebSite","@id":"https:\/\/institutos.ufrrj.br\/icsa\/#website","url":"https:\/\/institutos.ufrrj.br\/icsa\/","name":"ICSA","description":"Institutos de Ci\u00eancias Sociais Aplicadas","publisher":{"@id":"https:\/\/institutos.ufrrj.br\/icsa\/#organization"},"potentialAction":[{"@type":"SearchAction","target":{"@type":"EntryPoint","urlTemplate":"https:\/\/institutos.ufrrj.br\/icsa\/?s={search_term_string}"},"query-input":{"@type":"PropertyValueSpecification","valueRequired":true,"valueName":"search_term_string"}}],"inLanguage":"pt-BR"},{"@type":"Organization","@id":"https:\/\/institutos.ufrrj.br\/icsa\/#organization","name":"ICSA","url":"https:\/\/institutos.ufrrj.br\/icsa\/","logo":{"@type":"ImageObject","inLanguage":"pt-BR","@id":"https:\/\/institutos.ufrrj.br\/icsa\/#\/schema\/logo\/image\/","url":"https:\/\/institutos.ufrrj.br\/icsa\/wp-content\/uploads\/sites\/101\/2023\/10\/logo_icsa_cor_horz_01-4-1.png","contentUrl":"https:\/\/institutos.ufrrj.br\/icsa\/wp-content\/uploads\/sites\/101\/2023\/10\/logo_icsa_cor_horz_01-4-1.png","width":300,"height":101,"caption":"ICSA"},"image":{"@id":"https:\/\/institutos.ufrrj.br\/icsa\/#\/schema\/logo\/image\/"},"sameAs":["https:\/\/www.facebook.com\/ICSA-189767328193686\/","https:\/\/www.instagram.com\/icsa.ufrrj\/","https:\/\/www.youtube.com\/@icsaufrrj"]}]}},"_links":{"self":[{"href":"https:\/\/institutos.ufrrj.br\/icsa\/wp-json\/wp\/v2\/pages\/8839","targetHints":{"allow":["GET"]}}],"collection":[{"href":"https:\/\/institutos.ufrrj.br\/icsa\/wp-json\/wp\/v2\/pages"}],"about":[{"href":"https:\/\/institutos.ufrrj.br\/icsa\/wp-json\/wp\/v2\/types\/page"}],"author":[{"embeddable":true,"href":"https:\/\/institutos.ufrrj.br\/icsa\/wp-json\/wp\/v2\/users\/89"}],"replies":[{"embeddable":true,"href":"https:\/\/institutos.ufrrj.br\/icsa\/wp-json\/wp\/v2\/comments?post=8839"}],"version-history":[{"count":3,"href":"https:\/\/institutos.ufrrj.br\/icsa\/wp-json\/wp\/v2\/pages\/8839\/revisions"}],"predecessor-version":[{"id":8846,"href":"https:\/\/institutos.ufrrj.br\/icsa\/wp-json\/wp\/v2\/pages\/8839\/revisions\/8846"}],"wp:attachment":[{"href":"https:\/\/institutos.ufrrj.br\/icsa\/wp-json\/wp\/v2\/media?parent=8839"}],"curies":[{"name":"wp","href":"https:\/\/api.w.org\/{rel}","templated":true}]}}