{"id":922,"date":"2018-10-30T17:10:58","date_gmt":"2018-10-30T17:10:58","guid":{"rendered":"http:\/\/institutos.ufrrj.br\/icsa\/?page_id=922"},"modified":"2020-01-30T19:35:24","modified_gmt":"2020-01-30T19:35:24","slug":"apresentacao","status":"publish","type":"page","link":"https:\/\/institutos.ufrrj.br\/icsa\/apresentacao\/","title":{"rendered":"Apresenta\u00e7\u00e3o do DAP"},"content":{"rendered":"<h4><strong>APRESENTA\u00c7\u00c3O<\/strong><\/h4>\n<p>De acordo com a <a href=\"http:\/\/www.ufrrj.br\/soc\/DOCS\/Delib%20015-2012%20CONSU%20-%20ESTATUTO%20e%20REGIMENTO.pdf\">Delibera\u00e7\u00e3o UFRRJ N\u00b0 015\/2012, Art. 63<\/a>, a estrutura acad\u00eamica da Universidade Federal Rural do Rio de Janeiro se organiza em unidades de ensino superior denominadas\u00a0Institutos e em subunidades denominadas Departamentos, que desenvolvem atividades de\u00a0ensino, pesquisa e extens\u00e3o.<\/p>\n<p>\u00a7 6\u00ba \u2013 O Departamento, de car\u00e1ter acad\u00eamico-administrativo e indivis\u00edvel em sua organiza\u00e7\u00e3o, \u00e9 a menor fra\u00e7\u00e3o da estrutura universit\u00e1ria e inst\u00e2ncia b\u00e1sica de articula\u00e7\u00e3o docente, oferecendo atividades de ensino, pesquisa e extens\u00e3o, garantindo espa\u00e7o de agrega\u00e7\u00e3o, aprofundamento e discuss\u00e3o de docentes, discentes e t\u00e9cnicos.<\/p>\n<p>&nbsp;<\/p>\n<h4><strong>INTRODU\u00c7\u00c3O<\/strong><\/h4>\n<p>Com a constitui\u00e7\u00e3o do Campo de P\u00fablicas, bem como o cen\u00e1rio de expans\u00e3o do ensino superior proporcionado pelo REUNI, nos anos 2000, novos cursos ligados \u00e0 \u00e1rea de Administra\u00e7\u00e3o P\u00fablica, Pol\u00edticas P\u00fablicas e Gest\u00e3o Social foram criados em institui\u00e7\u00f5es de todas as regi\u00f5es do Brasil. Em pouco mais de 10 anos, foram criados mais de 200 cursos ligados \u00e0 \u00e1rea no pa\u00eds, o que incluiu cursos de gradua\u00e7\u00e3o, presenciais e \u00e0 dist\u00e2ncia, bem como os cursos de forma\u00e7\u00e3o de tecn\u00f3logos (PIRES et al., 2014).<\/p>\n<p>Foi nesse contexto que o curso de gradua\u00e7\u00e3o em Administra\u00e7\u00e3o P\u00fablica (Bacharelado) foi autorizado pela Resolu\u00e7\u00e3o CONSU n\u00ba 31 de 14 de agosto de 2009, de acordo com o art. 65 do Estatuto da Universidade Federal Rural do Rio de Janeiro, combinado com a al\u00ednea \u201cY\u201d do art. 8\u00ba do Regimento Geral da mesma Universidade.<\/p>\n<p>Em 2014 ocorreu o reconhecimento das especificidades da Administra\u00e7\u00e3o P\u00fablica e do Campo de P\u00fablicas, com a consolida\u00e7\u00e3o das suas Diretrizes Curriculares Nacionais (DCNs) pela <a href=\"http:\/\/portal.mec.gov.br\/index.php?option=com_docman&amp;view=download&amp;alias=14957-rces001-14&amp;Itemid=30192\">Resolu\u00e7\u00e3o n\u00ba 1 de 13 de janeiro de 2014<\/a>. Essas diretrizes confirmaram o car\u00e1ter multidisciplinar e plural da gradua\u00e7\u00e3o em Administra\u00e7\u00e3o P\u00fablica, que deve estar pautada por princ\u00edpios \u00e9ticos e democr\u00e1ticos.<\/p>\n<p>&nbsp;<\/p>\n<h4><strong>SOBRE O CURSO DE GRADUA\u00c7\u00c3O EM ADMINISTRA\u00c7\u00c3O P\u00daBLICA<\/strong><\/h4>\n<p>O curso de gradua\u00e7\u00e3o em Administra\u00e7\u00e3o P\u00fablica \u00e9 ofertado no campus de Serop\u00e9dica da UFRRJ e teve matriculada a sua primeira turma no segundo semestre do ano de 2010.<\/p>\n<p>O curso na modalidade presencial tem oferta de 45 vagas anuais (entrada \u00fanica, sempre no segundo semestre), em turno de funcionamento no per\u00edodo noturno, com dura\u00e7\u00e3o de 8 semestres no m\u00ednimo e 14 semestres no m\u00e1ximo. Possui duas linhas de forma\u00e7\u00e3o: (1) Elabora\u00e7\u00e3o e gest\u00e3o de pol\u00edticas p\u00fablicas e (2) Gest\u00e3o de or\u00e7amento e finan\u00e7as p\u00fablicas.<\/p>\n<p>De acordo com a Resolu\u00e7\u00e3o n\u00ba 1 de 13.01.2014, Art. 3\u00ba: O curso de gradua\u00e7\u00e3o em Administra\u00e7\u00e3o P\u00fablica dever\u00e1 propiciar forma\u00e7\u00e3o humanista e cr\u00edtica de profissionais e pesquisadores, tornando-os aptos a atuar como pol\u00edticos, administradores ou gestores p\u00fablicos na administra\u00e7\u00e3o p\u00fablica estatal e n\u00e3o estatal, nacional e internacional, e analistas e formuladores de pol\u00edticas p\u00fablicas.<\/p>\n<p>Com o fortalecimento do curso, no dia 04 de dezembro de 2015, atrav\u00e9s do processo 23083.003801\/2015-44, com a delibera\u00e7\u00e3o n\u00ba 64, um grupo de 12 professores formaram o departamento de Administra\u00e7\u00e3o P\u00fablica.<\/p>\n<p>Acredita-se que a reuni\u00e3o desses professores em um departamento, possa contribuir para que seja reduzido o mimetismo da administra\u00e7\u00e3o p\u00fablica com as pesquisas e disciplinas de administra\u00e7\u00e3o, ao passo que podem ser desenvolvidas uma jurisdi\u00e7\u00e3o sobre um n\u00edtido corpo de conhecimentos e tecnologias administrativas exclusivamente voltadas para a gest\u00e3o p\u00fablica.<\/p>\n<p>Al\u00e9m disso, poder\u00e1 ser estruturado e planejado cursos, atividades de pesquisa e extens\u00e3o espec\u00edfica para os profissionais da \u00e1rea p\u00fablica, fortalecendo seu senso cr\u00edtico e compromisso com o bem comum.<\/p>\n<p>&nbsp;<\/p>\n<h4><strong>a) A<\/strong><strong>\u00c7\u00d5<\/strong><strong>ES DE ENSINO<\/strong><a href=\"#_ftn1\" name=\"_ftnref1\"><strong><sup>[1]<\/sup><\/strong><\/a><\/h4>\n<p>As disciplinas que o departamento de Administra\u00e7\u00e3o P\u00fablica oferece visam propiciar ao aluno uma vis\u00e3o geral dos aspectos legais, sociais, e econ\u00f4micos que caracterizam a administra\u00e7\u00e3o p\u00fablica brasileira, tendo em conta as necessidades do mercado profissional e o equil\u00edbrio entre disciplinas te\u00f3ricas e aplicadas.<\/p>\n<p>&nbsp;<\/p>\n<h4><strong>\u00a0b<\/strong><strong>) A<\/strong><strong>\u00c7\u00d5<\/strong><strong>ES DE PESQUISA<\/strong><a href=\"#_ftn2\" name=\"_ftnref2\"><strong><sup>[2]<\/sup><\/strong><\/a><\/h4>\n<p>Os professores que fazem parte do departamento de Administra\u00e7\u00e3o P\u00fablica atuam em projetos e grupos de pesquisa, al\u00e9m de orientarem alunos na inicia\u00e7\u00e3o cient\u00edfica. Os projetos de pesquisa abrangem tem\u00e1ticas diversas referentes \u00e0s Pol\u00edticas P\u00fablicas e \u00e0 Gest\u00e3o Governamental, oferecendo uma ampla gama de oportunidades aos discentes para se envolverem com a academia.<\/p>\n<p><a href=\"#_ftnref1\" name=\"_ftn1\"><\/a><\/p>\n<p>&nbsp;<\/p>\n<h4><strong>c) A<\/strong><strong>\u00c7\u00d5<\/strong><strong>ES DE EXTENS<\/strong><strong>\u00c3<\/strong><strong>O<\/strong><a href=\"#_ftn1\" name=\"_ftnref1\"><strong><sup>[3]<\/sup><\/strong><\/a><\/h4>\n<p>O curso de Administra\u00e7\u00e3o P\u00fablica da UFRRJ vem sendo pensado e implementado com a proposta de valoriza\u00e7\u00e3o das atividades extraclasse. Entre elas \u00e9 poss\u00edvel destacar as a\u00e7\u00f5es realizadas no \u00e2mbito das disciplinas: Projetos P\u00fablicos; Responsabilidade Socioambiental e Sustentabilidade; e Projetos de Cidadania e Inclus\u00e3o Social. Nessas disciplinas, os alunos realizaram atividades de extens\u00e3o e interven\u00e7\u00e3o direta na comunidade e na pr\u00f3pria universidade, construindo uma ponte entre teoria e pr\u00e1tica.<\/p>\n<p>Acredita-se que o departamento a ser criado, manter\u00e1 essa tradi\u00e7\u00e3o, e poder\u00e1 inclusive fortalece-la, fazendo com que os professores atuem de forma conjunta e mais aut\u00f4noma nas atividades que beneficiar\u00e3o principalmente a gest\u00e3o p\u00fablica e a comunidade do entorno da UFRRJ.<\/p>\n<p>&nbsp;<\/p>\n<p>&nbsp;<\/p>\n<p><sup>[1]<\/sup>\u00a0Esse item foi elaborado a partir do artigo: SOUZA, G. C. de. Et ali. O Curso de Gradua\u00e7\u00e3o em Administra\u00e7\u00e3o P\u00fablica da UFRRJ. UDESC, 2015. p. (209-225). O artigo encontra-se no livro:\u00a0VENDRAMINI, Patr\u00edcia; ALMEIDA, Lindijane.\u00a0<strong>Pioneirismo, Renova\u00e7\u00e3o e Desafios<\/strong>: Experi\u00eancias do Campo de P\u00fablicas no Brasil. Florian\u00f3polis: UDESC, 2017.<\/p>\n<h4><sup>[2]\u00a0\u00a0Idem nota 01.<\/sup><\/h4>\n<p><sup>[3]<\/sup> Idem nota 01.<\/p>\n<p>&nbsp;<\/p>\n","protected":false},"excerpt":{"rendered":"<p>APRESENTA\u00c7\u00c3O De acordo com a Delibera\u00e7\u00e3o UFRRJ N\u00b0 015\/2012, Art. 63, a estrutura acad\u00eamica da Universidade Federal Rural do Rio <a class=\"read-more\" href=\"https:\/\/institutos.ufrrj.br\/icsa\/apresentacao\/\">&#8230; <em>leia mais <\/em> <i class=\"fa fa-long-arrow-right\"><\/i><\/a><\/p>\n","protected":false},"author":37,"featured_media":0,"parent":0,"menu_order":0,"comment_status":"closed","ping_status":"closed","template":"","meta":{"_acf_changed":false,"_themeisle_gutenberg_block_has_review":false,"footnotes":"","_links_to":"","_links_to_target":""},"class_list":["post-922","page","type-page","status-publish","hentry"],"acf":[],"yoast_head":"<!-- This site is optimized with the Yoast SEO plugin v26.8 - https:\/\/yoast.com\/product\/yoast-seo-wordpress\/ -->\n<title>Apresenta\u00e7\u00e3o do DAP - ICSA<\/title>\n<meta name=\"robots\" content=\"index, follow, max-snippet:-1, max-image-preview:large, max-video-preview:-1\" \/>\n<link rel=\"canonical\" href=\"https:\/\/institutos.ufrrj.br\/icsa\/apresentacao\/\" \/>\n<meta property=\"og:locale\" content=\"pt_BR\" \/>\n<meta property=\"og:type\" content=\"article\" \/>\n<meta property=\"og:title\" content=\"Apresenta\u00e7\u00e3o do DAP - ICSA\" \/>\n<meta property=\"og:description\" content=\"APRESENTA\u00c7\u00c3O De acordo com a Delibera\u00e7\u00e3o UFRRJ N\u00b0 015\/2012, Art. 63, a estrutura acad\u00eamica da Universidade Federal Rural do Rio ... leia mais\" \/>\n<meta property=\"og:url\" content=\"https:\/\/institutos.ufrrj.br\/icsa\/apresentacao\/\" \/>\n<meta property=\"og:site_name\" content=\"ICSA\" \/>\n<meta property=\"article:publisher\" content=\"https:\/\/www.facebook.com\/ICSA-189767328193686\/\" \/>\n<meta property=\"article:modified_time\" content=\"2020-01-30T19:35:24+00:00\" \/>\n<meta name=\"twitter:card\" content=\"summary_large_image\" \/>\n<meta name=\"twitter:label1\" content=\"Est. tempo de leitura\" \/>\n\t<meta name=\"twitter:data1\" content=\"5 minutos\" \/>\n<script type=\"application\/ld+json\" class=\"yoast-schema-graph\">{\"@context\":\"https:\/\/schema.org\",\"@graph\":[{\"@type\":\"WebPage\",\"@id\":\"https:\/\/institutos.ufrrj.br\/icsa\/apresentacao\/\",\"url\":\"https:\/\/institutos.ufrrj.br\/icsa\/apresentacao\/\",\"name\":\"Apresenta\u00e7\u00e3o do DAP - ICSA\",\"isPartOf\":{\"@id\":\"https:\/\/institutos.ufrrj.br\/icsa\/#website\"},\"datePublished\":\"2018-10-30T17:10:58+00:00\",\"dateModified\":\"2020-01-30T19:35:24+00:00\",\"breadcrumb\":{\"@id\":\"https:\/\/institutos.ufrrj.br\/icsa\/apresentacao\/#breadcrumb\"},\"inLanguage\":\"pt-BR\",\"potentialAction\":[{\"@type\":\"ReadAction\",\"target\":[\"https:\/\/institutos.ufrrj.br\/icsa\/apresentacao\/\"]}]},{\"@type\":\"BreadcrumbList\",\"@id\":\"https:\/\/institutos.ufrrj.br\/icsa\/apresentacao\/#breadcrumb\",\"itemListElement\":[{\"@type\":\"ListItem\",\"position\":1,\"name\":\"In\u00edcio\",\"item\":\"https:\/\/institutos.ufrrj.br\/icsa\/\"},{\"@type\":\"ListItem\",\"position\":2,\"name\":\"Apresenta\u00e7\u00e3o do DAP\"}]},{\"@type\":\"WebSite\",\"@id\":\"https:\/\/institutos.ufrrj.br\/icsa\/#website\",\"url\":\"https:\/\/institutos.ufrrj.br\/icsa\/\",\"name\":\"ICSA\",\"description\":\"Institutos de Ci\u00eancias Sociais Aplicadas\",\"publisher\":{\"@id\":\"https:\/\/institutos.ufrrj.br\/icsa\/#organization\"},\"potentialAction\":[{\"@type\":\"SearchAction\",\"target\":{\"@type\":\"EntryPoint\",\"urlTemplate\":\"https:\/\/institutos.ufrrj.br\/icsa\/?s={search_term_string}\"},\"query-input\":{\"@type\":\"PropertyValueSpecification\",\"valueRequired\":true,\"valueName\":\"search_term_string\"}}],\"inLanguage\":\"pt-BR\"},{\"@type\":\"Organization\",\"@id\":\"https:\/\/institutos.ufrrj.br\/icsa\/#organization\",\"name\":\"ICSA\",\"url\":\"https:\/\/institutos.ufrrj.br\/icsa\/\",\"logo\":{\"@type\":\"ImageObject\",\"inLanguage\":\"pt-BR\",\"@id\":\"https:\/\/institutos.ufrrj.br\/icsa\/#\/schema\/logo\/image\/\",\"url\":\"https:\/\/institutos.ufrrj.br\/icsa\/wp-content\/uploads\/sites\/101\/2023\/10\/logo_icsa_cor_horz_01-4-1.png\",\"contentUrl\":\"https:\/\/institutos.ufrrj.br\/icsa\/wp-content\/uploads\/sites\/101\/2023\/10\/logo_icsa_cor_horz_01-4-1.png\",\"width\":300,\"height\":101,\"caption\":\"ICSA\"},\"image\":{\"@id\":\"https:\/\/institutos.ufrrj.br\/icsa\/#\/schema\/logo\/image\/\"},\"sameAs\":[\"https:\/\/www.facebook.com\/ICSA-189767328193686\/\",\"https:\/\/www.instagram.com\/icsa.ufrrj\/\",\"https:\/\/www.youtube.com\/@icsaufrrj\"]}]}<\/script>\n<!-- \/ Yoast SEO plugin. -->","yoast_head_json":{"title":"Apresenta\u00e7\u00e3o do DAP - ICSA","robots":{"index":"index","follow":"follow","max-snippet":"max-snippet:-1","max-image-preview":"max-image-preview:large","max-video-preview":"max-video-preview:-1"},"canonical":"https:\/\/institutos.ufrrj.br\/icsa\/apresentacao\/","og_locale":"pt_BR","og_type":"article","og_title":"Apresenta\u00e7\u00e3o do DAP - ICSA","og_description":"APRESENTA\u00c7\u00c3O De acordo com a Delibera\u00e7\u00e3o UFRRJ N\u00b0 015\/2012, Art. 63, a estrutura acad\u00eamica da Universidade Federal Rural do Rio ... leia mais","og_url":"https:\/\/institutos.ufrrj.br\/icsa\/apresentacao\/","og_site_name":"ICSA","article_publisher":"https:\/\/www.facebook.com\/ICSA-189767328193686\/","article_modified_time":"2020-01-30T19:35:24+00:00","twitter_card":"summary_large_image","twitter_misc":{"Est. tempo de leitura":"5 minutos"},"schema":{"@context":"https:\/\/schema.org","@graph":[{"@type":"WebPage","@id":"https:\/\/institutos.ufrrj.br\/icsa\/apresentacao\/","url":"https:\/\/institutos.ufrrj.br\/icsa\/apresentacao\/","name":"Apresenta\u00e7\u00e3o do DAP - ICSA","isPartOf":{"@id":"https:\/\/institutos.ufrrj.br\/icsa\/#website"},"datePublished":"2018-10-30T17:10:58+00:00","dateModified":"2020-01-30T19:35:24+00:00","breadcrumb":{"@id":"https:\/\/institutos.ufrrj.br\/icsa\/apresentacao\/#breadcrumb"},"inLanguage":"pt-BR","potentialAction":[{"@type":"ReadAction","target":["https:\/\/institutos.ufrrj.br\/icsa\/apresentacao\/"]}]},{"@type":"BreadcrumbList","@id":"https:\/\/institutos.ufrrj.br\/icsa\/apresentacao\/#breadcrumb","itemListElement":[{"@type":"ListItem","position":1,"name":"In\u00edcio","item":"https:\/\/institutos.ufrrj.br\/icsa\/"},{"@type":"ListItem","position":2,"name":"Apresenta\u00e7\u00e3o do DAP"}]},{"@type":"WebSite","@id":"https:\/\/institutos.ufrrj.br\/icsa\/#website","url":"https:\/\/institutos.ufrrj.br\/icsa\/","name":"ICSA","description":"Institutos de Ci\u00eancias Sociais Aplicadas","publisher":{"@id":"https:\/\/institutos.ufrrj.br\/icsa\/#organization"},"potentialAction":[{"@type":"SearchAction","target":{"@type":"EntryPoint","urlTemplate":"https:\/\/institutos.ufrrj.br\/icsa\/?s={search_term_string}"},"query-input":{"@type":"PropertyValueSpecification","valueRequired":true,"valueName":"search_term_string"}}],"inLanguage":"pt-BR"},{"@type":"Organization","@id":"https:\/\/institutos.ufrrj.br\/icsa\/#organization","name":"ICSA","url":"https:\/\/institutos.ufrrj.br\/icsa\/","logo":{"@type":"ImageObject","inLanguage":"pt-BR","@id":"https:\/\/institutos.ufrrj.br\/icsa\/#\/schema\/logo\/image\/","url":"https:\/\/institutos.ufrrj.br\/icsa\/wp-content\/uploads\/sites\/101\/2023\/10\/logo_icsa_cor_horz_01-4-1.png","contentUrl":"https:\/\/institutos.ufrrj.br\/icsa\/wp-content\/uploads\/sites\/101\/2023\/10\/logo_icsa_cor_horz_01-4-1.png","width":300,"height":101,"caption":"ICSA"},"image":{"@id":"https:\/\/institutos.ufrrj.br\/icsa\/#\/schema\/logo\/image\/"},"sameAs":["https:\/\/www.facebook.com\/ICSA-189767328193686\/","https:\/\/www.instagram.com\/icsa.ufrrj\/","https:\/\/www.youtube.com\/@icsaufrrj"]}]}},"_links":{"self":[{"href":"https:\/\/institutos.ufrrj.br\/icsa\/wp-json\/wp\/v2\/pages\/922","targetHints":{"allow":["GET"]}}],"collection":[{"href":"https:\/\/institutos.ufrrj.br\/icsa\/wp-json\/wp\/v2\/pages"}],"about":[{"href":"https:\/\/institutos.ufrrj.br\/icsa\/wp-json\/wp\/v2\/types\/page"}],"author":[{"embeddable":true,"href":"https:\/\/institutos.ufrrj.br\/icsa\/wp-json\/wp\/v2\/users\/37"}],"replies":[{"embeddable":true,"href":"https:\/\/institutos.ufrrj.br\/icsa\/wp-json\/wp\/v2\/comments?post=922"}],"version-history":[{"count":13,"href":"https:\/\/institutos.ufrrj.br\/icsa\/wp-json\/wp\/v2\/pages\/922\/revisions"}],"predecessor-version":[{"id":3969,"href":"https:\/\/institutos.ufrrj.br\/icsa\/wp-json\/wp\/v2\/pages\/922\/revisions\/3969"}],"wp:attachment":[{"href":"https:\/\/institutos.ufrrj.br\/icsa\/wp-json\/wp\/v2\/media?parent=922"}],"curies":[{"name":"wp","href":"https:\/\/api.w.org\/{rel}","templated":true}]}}