{"id":110,"date":"2018-08-13T17:12:47","date_gmt":"2018-08-13T20:12:47","guid":{"rendered":"http:\/\/institutos.ufrrj.br\/ie\/?page_id=110"},"modified":"2023-06-19T15:27:34","modified_gmt":"2023-06-19T18:27:34","slug":"secretaria","status":"publish","type":"page","link":"https:\/\/institutos.ufrrj.br\/ie\/secretaria\/","title":{"rendered":"Secretaria Administrativa e de Gest\u00e3o"},"content":{"rendered":"<p>Marcos C\u00e2ndido de Oliveira\u00a0 &#8211; Assistente de Aluno<\/p>\n<p>Luana Cirino Bretas Corr\u00eaa &#8211; Secret\u00e1ria Executiva<\/p>\n<p>Marcelo Chi Wang Siu &#8211; Administrador<\/p>\n<p>Cl\u00e1udia Valeria Otranto Alves &#8211; Pedagoga<\/p>\n","protected":false},"excerpt":{"rendered":"<p>Marcos C\u00e2ndido de Oliveira\u00a0 &#8211; Assistente de Aluno Luana Cirino Bretas Corr\u00eaa &#8211; Secret\u00e1ria Executiva Marcelo Chi Wang Siu &#8211; Administrador Cl\u00e1udia [&hellip;]<\/p>\n","protected":false},"author":20,"featured_media":0,"parent":0,"menu_order":0,"comment_status":"closed","ping_status":"closed","template":"","meta":{"_acf_changed":false,"_themeisle_gutenberg_block_has_review":false,"footnotes":""},"class_list":["post-110","page","type-page","status-publish","hentry"],"acf":[],"yoast_head":"<!-- This site is optimized with the Yoast SEO plugin v26.8 - https:\/\/yoast.com\/product\/yoast-seo-wordpress\/ -->\n<title>Secretaria Administrativa e de Gest\u00e3o - Instituto de Educa\u00e7\u00e3o<\/title>\n<meta name=\"robots\" content=\"index, follow, max-snippet:-1, max-image-preview:large, max-video-preview:-1\" \/>\n<link rel=\"canonical\" href=\"https:\/\/institutos.ufrrj.br\/ie\/secretaria\/\" \/>\n<meta property=\"og:locale\" content=\"pt_BR\" \/>\n<meta property=\"og:type\" content=\"article\" \/>\n<meta property=\"og:title\" content=\"Secretaria Administrativa e de Gest\u00e3o - Instituto de Educa\u00e7\u00e3o\" \/>\n<meta property=\"og:description\" content=\"Marcos C\u00e2ndido de Oliveira\u00a0 &#8211; Assistente de Aluno Luana Cirino Bretas Corr\u00eaa &#8211; Secret\u00e1ria Executiva Marcelo Chi Wang Siu &#8211; Administrador Cl\u00e1udia [&hellip;]\" \/>\n<meta property=\"og:url\" content=\"https:\/\/institutos.ufrrj.br\/ie\/secretaria\/\" \/>\n<meta property=\"og:site_name\" content=\"Instituto de Educa\u00e7\u00e3o\" \/>\n<meta property=\"article:modified_time\" content=\"2023-06-19T18:27:34+00:00\" \/>\n<meta name=\"twitter:card\" content=\"summary_large_image\" \/>\n<script type=\"application\/ld+json\" class=\"yoast-schema-graph\">{\"@context\":\"https:\/\/schema.org\",\"@graph\":[{\"@type\":\"WebPage\",\"@id\":\"https:\/\/institutos.ufrrj.br\/ie\/secretaria\/\",\"url\":\"https:\/\/institutos.ufrrj.br\/ie\/secretaria\/\",\"name\":\"Secretaria Administrativa e de Gest\u00e3o - Instituto de Educa\u00e7\u00e3o\",\"isPartOf\":{\"@id\":\"https:\/\/institutos.ufrrj.br\/ie\/#website\"},\"datePublished\":\"2018-08-13T20:12:47+00:00\",\"dateModified\":\"2023-06-19T18:27:34+00:00\",\"breadcrumb\":{\"@id\":\"https:\/\/institutos.ufrrj.br\/ie\/secretaria\/#breadcrumb\"},\"inLanguage\":\"pt-BR\",\"potentialAction\":[{\"@type\":\"ReadAction\",\"target\":[\"https:\/\/institutos.ufrrj.br\/ie\/secretaria\/\"]}]},{\"@type\":\"BreadcrumbList\",\"@id\":\"https:\/\/institutos.ufrrj.br\/ie\/secretaria\/#breadcrumb\",\"itemListElement\":[{\"@type\":\"ListItem\",\"position\":1,\"name\":\"In\u00edcio\",\"item\":\"https:\/\/institutos.ufrrj.br\/ie\/\"},{\"@type\":\"ListItem\",\"position\":2,\"name\":\"Secretaria Administrativa e de Gest\u00e3o\"}]},{\"@type\":\"WebSite\",\"@id\":\"https:\/\/institutos.ufrrj.br\/ie\/#website\",\"url\":\"https:\/\/institutos.ufrrj.br\/ie\/\",\"name\":\"Instituto de Educa\u00e7\u00e3o\",\"description\":\"CAMPUS SEROP\u00c9DICA \u2013 UFRRJ\",\"publisher\":{\"@id\":\"https:\/\/institutos.ufrrj.br\/ie\/#organization\"},\"potentialAction\":[{\"@type\":\"SearchAction\",\"target\":{\"@type\":\"EntryPoint\",\"urlTemplate\":\"https:\/\/institutos.ufrrj.br\/ie\/?s={search_term_string}\"},\"query-input\":{\"@type\":\"PropertyValueSpecification\",\"valueRequired\":true,\"valueName\":\"search_term_string\"}}],\"inLanguage\":\"pt-BR\"},{\"@type\":\"Organization\",\"@id\":\"https:\/\/institutos.ufrrj.br\/ie\/#organization\",\"name\":\"UFRRJ - Universidade Federal Rural do Rio de Janeiro\",\"url\":\"https:\/\/institutos.ufrrj.br\/ie\/\",\"logo\":{\"@type\":\"ImageObject\",\"inLanguage\":\"pt-BR\",\"@id\":\"https:\/\/institutos.ufrrj.br\/ie\/#\/schema\/logo\/image\/\",\"url\":\"https:\/\/institutos.ufrrj.br\/ie\/wp-content\/uploads\/sites\/104\/2023\/06\/logo_ie.png\",\"contentUrl\":\"https:\/\/institutos.ufrrj.br\/ie\/wp-content\/uploads\/sites\/104\/2023\/06\/logo_ie.png\",\"width\":500,\"height\":110,\"caption\":\"UFRRJ - Universidade Federal Rural do Rio de Janeiro\"},\"image\":{\"@id\":\"https:\/\/institutos.ufrrj.br\/ie\/#\/schema\/logo\/image\/\"}}]}<\/script>\n<!-- \/ Yoast SEO plugin. -->","yoast_head_json":{"title":"Secretaria Administrativa e de Gest\u00e3o - Instituto de Educa\u00e7\u00e3o","robots":{"index":"index","follow":"follow","max-snippet":"max-snippet:-1","max-image-preview":"max-image-preview:large","max-video-preview":"max-video-preview:-1"},"canonical":"https:\/\/institutos.ufrrj.br\/ie\/secretaria\/","og_locale":"pt_BR","og_type":"article","og_title":"Secretaria Administrativa e de Gest\u00e3o - Instituto de Educa\u00e7\u00e3o","og_description":"Marcos C\u00e2ndido de Oliveira\u00a0 &#8211; Assistente de Aluno Luana Cirino Bretas Corr\u00eaa &#8211; Secret\u00e1ria Executiva Marcelo Chi Wang Siu &#8211; Administrador Cl\u00e1udia [&hellip;]","og_url":"https:\/\/institutos.ufrrj.br\/ie\/secretaria\/","og_site_name":"Instituto de Educa\u00e7\u00e3o","article_modified_time":"2023-06-19T18:27:34+00:00","twitter_card":"summary_large_image","schema":{"@context":"https:\/\/schema.org","@graph":[{"@type":"WebPage","@id":"https:\/\/institutos.ufrrj.br\/ie\/secretaria\/","url":"https:\/\/institutos.ufrrj.br\/ie\/secretaria\/","name":"Secretaria Administrativa e de Gest\u00e3o - Instituto de Educa\u00e7\u00e3o","isPartOf":{"@id":"https:\/\/institutos.ufrrj.br\/ie\/#website"},"datePublished":"2018-08-13T20:12:47+00:00","dateModified":"2023-06-19T18:27:34+00:00","breadcrumb":{"@id":"https:\/\/institutos.ufrrj.br\/ie\/secretaria\/#breadcrumb"},"inLanguage":"pt-BR","potentialAction":[{"@type":"ReadAction","target":["https:\/\/institutos.ufrrj.br\/ie\/secretaria\/"]}]},{"@type":"BreadcrumbList","@id":"https:\/\/institutos.ufrrj.br\/ie\/secretaria\/#breadcrumb","itemListElement":[{"@type":"ListItem","position":1,"name":"In\u00edcio","item":"https:\/\/institutos.ufrrj.br\/ie\/"},{"@type":"ListItem","position":2,"name":"Secretaria Administrativa e de Gest\u00e3o"}]},{"@type":"WebSite","@id":"https:\/\/institutos.ufrrj.br\/ie\/#website","url":"https:\/\/institutos.ufrrj.br\/ie\/","name":"Instituto de Educa\u00e7\u00e3o","description":"CAMPUS SEROP\u00c9DICA \u2013 UFRRJ","publisher":{"@id":"https:\/\/institutos.ufrrj.br\/ie\/#organization"},"potentialAction":[{"@type":"SearchAction","target":{"@type":"EntryPoint","urlTemplate":"https:\/\/institutos.ufrrj.br\/ie\/?s={search_term_string}"},"query-input":{"@type":"PropertyValueSpecification","valueRequired":true,"valueName":"search_term_string"}}],"inLanguage":"pt-BR"},{"@type":"Organization","@id":"https:\/\/institutos.ufrrj.br\/ie\/#organization","name":"UFRRJ - Universidade Federal Rural do Rio de Janeiro","url":"https:\/\/institutos.ufrrj.br\/ie\/","logo":{"@type":"ImageObject","inLanguage":"pt-BR","@id":"https:\/\/institutos.ufrrj.br\/ie\/#\/schema\/logo\/image\/","url":"https:\/\/institutos.ufrrj.br\/ie\/wp-content\/uploads\/sites\/104\/2023\/06\/logo_ie.png","contentUrl":"https:\/\/institutos.ufrrj.br\/ie\/wp-content\/uploads\/sites\/104\/2023\/06\/logo_ie.png","width":500,"height":110,"caption":"UFRRJ - Universidade Federal Rural do Rio de Janeiro"},"image":{"@id":"https:\/\/institutos.ufrrj.br\/ie\/#\/schema\/logo\/image\/"}}]}},"_links":{"self":[{"href":"https:\/\/institutos.ufrrj.br\/ie\/wp-json\/wp\/v2\/pages\/110","targetHints":{"allow":["GET"]}}],"collection":[{"href":"https:\/\/institutos.ufrrj.br\/ie\/wp-json\/wp\/v2\/pages"}],"about":[{"href":"https:\/\/institutos.ufrrj.br\/ie\/wp-json\/wp\/v2\/types\/page"}],"author":[{"embeddable":true,"href":"https:\/\/institutos.ufrrj.br\/ie\/wp-json\/wp\/v2\/users\/20"}],"replies":[{"embeddable":true,"href":"https:\/\/institutos.ufrrj.br\/ie\/wp-json\/wp\/v2\/comments?post=110"}],"version-history":[{"count":3,"href":"https:\/\/institutos.ufrrj.br\/ie\/wp-json\/wp\/v2\/pages\/110\/revisions"}],"predecessor-version":[{"id":424,"href":"https:\/\/institutos.ufrrj.br\/ie\/wp-json\/wp\/v2\/pages\/110\/revisions\/424"}],"wp:attachment":[{"href":"https:\/\/institutos.ufrrj.br\/ie\/wp-json\/wp\/v2\/media?parent=110"}],"curies":[{"name":"wp","href":"https:\/\/api.w.org\/{rel}","templated":true}]}}