{"id":112,"date":"2018-08-13T17:13:00","date_gmt":"2018-08-13T20:13:00","guid":{"rendered":"http:\/\/institutos.ufrrj.br\/ie\/?page_id=112"},"modified":"2023-06-19T15:16:04","modified_gmt":"2023-06-19T18:16:04","slug":"direcao","status":"publish","type":"page","link":"https:\/\/institutos.ufrrj.br\/ie\/direcao\/","title":{"rendered":"Dire\u00e7\u00e3o"},"content":{"rendered":"\n<p><strong>Diretora do Instituto<\/strong>: Ana Cristina Souza dos Santos<\/p>\n\n\n<div class=\"wp-block-image\">\n<figure class=\"alignleft is-resized\"><a href=\"http:\/\/institutos.ufrrj.br\/ie\/direcao\/ana-cristina\/\" rel=\"attachment wp-att-259\"><img loading=\"lazy\" decoding=\"async\" src=\"http:\/\/institutos.ufrrj.br\/ie\/wp-content\/uploads\/sites\/104\/2019\/05\/ANA-CRISTINA-300x270.png\" alt=\"\" class=\"wp-image-259\" width=\"225\" height=\"203\" srcset=\"https:\/\/institutos.ufrrj.br\/ie\/wp-content\/uploads\/sites\/104\/2019\/05\/ANA-CRISTINA-300x270.png 300w, https:\/\/institutos.ufrrj.br\/ie\/wp-content\/uploads\/sites\/104\/2019\/05\/ANA-CRISTINA-768x690.png 768w, https:\/\/institutos.ufrrj.br\/ie\/wp-content\/uploads\/sites\/104\/2019\/05\/ANA-CRISTINA-1024x920.png 1024w, https:\/\/institutos.ufrrj.br\/ie\/wp-content\/uploads\/sites\/104\/2019\/05\/ANA-CRISTINA.png 1246w\" sizes=\"auto, (max-width: 225px) 100vw, 225px\" \/><\/a><figcaption class=\"wp-element-caption\">Ana Cristina Souza dos Santos<\/figcaption><\/figure>\n<\/div>\n\n\n<p class=\"has-text-align-center\">Possui gradua\u00e7\u00e3o em Licenciatura Em Ci\u00eancias Habilita\u00e7\u00e3o Em Qu\u00edmica pela Universidade Federal Rural do Rio de Janeiro (1987), mestrado em Qu\u00edmica Org\u00e2nica pela Universidade Federal Rural do Rio de Janeiro (1991) e doutorado em Qu\u00edmica pela Universidade Federal Rural do Rio de Janeiro (2002). Atualmente \u00e9 Professora Associada IV da Universidade Federal Rural do Rio de Janeiro. Tem experi\u00eancia na \u00e1rea de Educa\u00e7\u00e3o, com \u00eanfase em Ensino de Ci\u00eancias, atuando principalmente nos seguintes temas: transdisciplinaridade, interdisciplinaridade, forma\u00e7\u00e3o de professores, ensino de qu\u00edmica e ensino de ci\u00eancias. Foi professora do Mestrado Acad\u00eamico em Educa\u00e7\u00e3o Agr\u00edcola\/UFRRJ de 2003 a 2017. Foi Coordenadora do Mestrado Profissional em Educa\u00e7\u00e3o em Ci\u00eancias e Matem\u00e1tica do Instituto de Educa\u00e7\u00e3o da UFRRJ (PPGEduCIMAT) no per\u00edodo de 2015 a 2017. \u00c9 Professora do PPGEduCIMAT. Diretora do Instituto de Educa\u00e7\u00e3o da UFRRJ (2017-2021 e 2021 a 2025).<span class=\"texto\">\u00a0<\/span><\/p>\n\n\n\n<p class=\"has-text-align-center\"><strong>E-mail:<\/strong><em>&nbsp;anacrissantos.ufrrj@yahoo.com.br<\/em><\/p>\n\n\n\n<div class=\"wp-block-buttons is-content-justification-center is-layout-flex wp-container-core-buttons-is-layout-16018d1d wp-block-buttons-is-layout-flex\">\n<div class=\"wp-block-button\"><a class=\"wp-block-button__link wp-element-button\" href=\"http:\/\/lattes.cnpq.br\/4663575610102204\">Acessar Lattes<\/a><\/div>\n<\/div>\n\n\n\n<div style=\"height:83px\" aria-hidden=\"true\" class=\"wp-block-spacer\"><\/div>\n\n\n\n<p><strong>Vice-Diretora<\/strong>: Luciene Alves Miguez Naiff<\/p>\n\n\n<div class=\"wp-block-image\">\n<figure class=\"alignleft size-full is-resized\"><img loading=\"lazy\" decoding=\"async\" src=\"https:\/\/institutos.ufrrj.br\/ie\/wp-content\/uploads\/sites\/104\/2023\/06\/Prof-Luciene-Naiff-2.jpg\" alt=\"\" class=\"wp-image-421\" width=\"182\" height=\"182\" srcset=\"https:\/\/institutos.ufrrj.br\/ie\/wp-content\/uploads\/sites\/104\/2023\/06\/Prof-Luciene-Naiff-2.jpg 100w, https:\/\/institutos.ufrrj.br\/ie\/wp-content\/uploads\/sites\/104\/2023\/06\/Prof-Luciene-Naiff-2-75x75.jpg 75w\" sizes=\"auto, (max-width: 182px) 100vw, 182px\" \/><figcaption class=\"wp-element-caption\">Luciene Alves Miguez Naiff<\/figcaption><\/figure>\n<\/div>\n\n\n<p class=\"has-text-align-center\">Possui gradua\u00e7\u00e3o em Psicologia pela Universidade Federal do Rio de Janeiro (1996), mestrado em Psicologia Social pela Universidade do Estado do Rio de Janeiro (2000) e doutorado em Psicologia Social pela Universidade do Estado do Rio de Janeiro (2005). P\u00f3s- doutorado em Psicologia Social pelo ICS Universidade de Lisboa. Atualmente \u00e9 professora associada da Universidade Federal Rural do Rio de Janeiro e representante da ANPEPP pelo Programa de p\u00f3s-gradua\u00e7\u00e3o strico-sensu em Psicologia da UFRRJ Tem experi\u00eancia na \u00e1rea de Psicologia Social com \u00eanfase em Representa\u00e7\u00f5es Sociais, mem\u00f3ria social ,identidade, preconceito e discrimina\u00e7\u00e3o, atuando principalmente nos seguintes temas: educa\u00e7\u00e3o, juventude, fam\u00edlia. exclus\u00e3o social e situa\u00e7\u00f5es de migra\u00e7\u00f5es e ref\u00fagios e preconceito social . Foi vice presidente da Regional da Associa\u00e7\u00e3o Brasileira de Psicologia Social Rio bi\u00eanio 2010-2012 .Coordenador do GT Identidade, Mem\u00f3ria e representa\u00e7\u00f5es sociais da ANPEPP bi\u00eanio 2016-2018. \u00c9 filiada ao Centro Internacional de pesquisas em Representa\u00e7\u00f5es Sociais e Psicologia social Serge Moscovici. Jovem Cientista do Nosso Estado tri\u00eanio 2009-2011. Jovem Cientista do Nossa Estado tri\u00eanio 2012-2015. Membro efetiva da diretoria da ADEPS. Bolsista de produtividade em pesquisa pelo CNPq por tr\u00eas tri\u00eanios. \u00c9 professora colaboradora e orientadora de doutorado do Programa de p\u00f3s-gradua\u00e7\u00e3o em Psicossociologia de comunidades e Ecologia social da UFRJ e professora permanente do Programa de P\u00f3s-Gradua\u00e7\u00e3o em Psicologia da UFRRJ. Pesquisadora associada do CIEO- Centro de Investiga\u00e7\u00e3o sobre Espa\u00e7os e Organiza\u00e7\u00e3o da Universidade do Algarve. Presidente da Associa\u00e7\u00e3o para o desenvolvimento da Psicologia Social &#8211; ADEPS Assessora da CAPES na Comiss\u00e3o de avalia\u00e7\u00e3o de livros da Quadrienal 2013-2017 e 2017-2021<\/p>\n\n\n\n<p class=\"has-text-align-center\"><strong>E-mail:<\/strong>\u00a0lunaiff@ufrrj.br<\/p>\n\n\n\n<div class=\"wp-block-buttons is-content-justification-center is-layout-flex wp-container-core-buttons-is-layout-16018d1d wp-block-buttons-is-layout-flex\">\n<div class=\"wp-block-button\"><a class=\"wp-block-button__link wp-element-button\" href=\"http:\/\/lattes.cnpq.br\/9061038772334584\" target=\"_blank\" rel=\"noreferrer noopener\">Acessar Lattes<\/a><\/div>\n<\/div>\n","protected":false},"excerpt":{"rendered":"<p>Diretora do Instituto: Ana Cristina Souza dos Santos Possui gradua\u00e7\u00e3o em Licenciatura Em Ci\u00eancias Habilita\u00e7\u00e3o Em Qu\u00edmica pela Universidade Federal Rural do [&hellip;]<\/p>\n","protected":false},"author":20,"featured_media":0,"parent":0,"menu_order":0,"comment_status":"closed","ping_status":"closed","template":"","meta":{"_acf_changed":false,"_themeisle_gutenberg_block_has_review":false,"footnotes":""},"class_list":["post-112","page","type-page","status-publish","hentry"],"acf":[],"yoast_head":"<!-- This site is optimized with the Yoast SEO plugin v26.8 - https:\/\/yoast.com\/product\/yoast-seo-wordpress\/ -->\n<title>Dire\u00e7\u00e3o - Instituto de Educa\u00e7\u00e3o<\/title>\n<meta name=\"robots\" content=\"index, follow, max-snippet:-1, max-image-preview:large, max-video-preview:-1\" \/>\n<link rel=\"canonical\" href=\"https:\/\/institutos.ufrrj.br\/ie\/direcao\/\" \/>\n<meta property=\"og:locale\" content=\"pt_BR\" \/>\n<meta property=\"og:type\" content=\"article\" \/>\n<meta property=\"og:title\" content=\"Dire\u00e7\u00e3o - Instituto de Educa\u00e7\u00e3o\" \/>\n<meta property=\"og:description\" content=\"Diretora do Instituto: Ana Cristina Souza dos Santos Possui gradua\u00e7\u00e3o em Licenciatura Em Ci\u00eancias Habilita\u00e7\u00e3o Em Qu\u00edmica pela Universidade Federal Rural do [&hellip;]\" \/>\n<meta property=\"og:url\" content=\"https:\/\/institutos.ufrrj.br\/ie\/direcao\/\" \/>\n<meta property=\"og:site_name\" content=\"Instituto de Educa\u00e7\u00e3o\" \/>\n<meta property=\"article:modified_time\" content=\"2023-06-19T18:16:04+00:00\" \/>\n<meta property=\"og:image\" content=\"http:\/\/institutos.ufrrj.br\/ie\/wp-content\/uploads\/sites\/104\/2019\/05\/ANA-CRISTINA-300x270.png\" \/>\n<meta name=\"twitter:card\" content=\"summary_large_image\" \/>\n<meta name=\"twitter:label1\" content=\"Est. tempo de leitura\" \/>\n\t<meta name=\"twitter:data1\" content=\"2 minutos\" \/>\n<script type=\"application\/ld+json\" class=\"yoast-schema-graph\">{\"@context\":\"https:\/\/schema.org\",\"@graph\":[{\"@type\":\"WebPage\",\"@id\":\"https:\/\/institutos.ufrrj.br\/ie\/direcao\/\",\"url\":\"https:\/\/institutos.ufrrj.br\/ie\/direcao\/\",\"name\":\"Dire\u00e7\u00e3o - Instituto de Educa\u00e7\u00e3o\",\"isPartOf\":{\"@id\":\"https:\/\/institutos.ufrrj.br\/ie\/#website\"},\"primaryImageOfPage\":{\"@id\":\"https:\/\/institutos.ufrrj.br\/ie\/direcao\/#primaryimage\"},\"image\":{\"@id\":\"https:\/\/institutos.ufrrj.br\/ie\/direcao\/#primaryimage\"},\"thumbnailUrl\":\"http:\/\/institutos.ufrrj.br\/ie\/wp-content\/uploads\/sites\/104\/2019\/05\/ANA-CRISTINA-300x270.png\",\"datePublished\":\"2018-08-13T20:13:00+00:00\",\"dateModified\":\"2023-06-19T18:16:04+00:00\",\"breadcrumb\":{\"@id\":\"https:\/\/institutos.ufrrj.br\/ie\/direcao\/#breadcrumb\"},\"inLanguage\":\"pt-BR\",\"potentialAction\":[{\"@type\":\"ReadAction\",\"target\":[\"https:\/\/institutos.ufrrj.br\/ie\/direcao\/\"]}]},{\"@type\":\"ImageObject\",\"inLanguage\":\"pt-BR\",\"@id\":\"https:\/\/institutos.ufrrj.br\/ie\/direcao\/#primaryimage\",\"url\":\"https:\/\/institutos.ufrrj.br\/ie\/wp-content\/uploads\/sites\/104\/2019\/05\/ANA-CRISTINA.png\",\"contentUrl\":\"https:\/\/institutos.ufrrj.br\/ie\/wp-content\/uploads\/sites\/104\/2019\/05\/ANA-CRISTINA.png\",\"width\":1246,\"height\":1120,\"caption\":\"Diretora do Instituto: Ana Cristina Souza dos Santos\"},{\"@type\":\"BreadcrumbList\",\"@id\":\"https:\/\/institutos.ufrrj.br\/ie\/direcao\/#breadcrumb\",\"itemListElement\":[{\"@type\":\"ListItem\",\"position\":1,\"name\":\"In\u00edcio\",\"item\":\"https:\/\/institutos.ufrrj.br\/ie\/\"},{\"@type\":\"ListItem\",\"position\":2,\"name\":\"Dire\u00e7\u00e3o\"}]},{\"@type\":\"WebSite\",\"@id\":\"https:\/\/institutos.ufrrj.br\/ie\/#website\",\"url\":\"https:\/\/institutos.ufrrj.br\/ie\/\",\"name\":\"Instituto de Educa\u00e7\u00e3o\",\"description\":\"CAMPUS SEROP\u00c9DICA \u2013 UFRRJ\",\"publisher\":{\"@id\":\"https:\/\/institutos.ufrrj.br\/ie\/#organization\"},\"potentialAction\":[{\"@type\":\"SearchAction\",\"target\":{\"@type\":\"EntryPoint\",\"urlTemplate\":\"https:\/\/institutos.ufrrj.br\/ie\/?s={search_term_string}\"},\"query-input\":{\"@type\":\"PropertyValueSpecification\",\"valueRequired\":true,\"valueName\":\"search_term_string\"}}],\"inLanguage\":\"pt-BR\"},{\"@type\":\"Organization\",\"@id\":\"https:\/\/institutos.ufrrj.br\/ie\/#organization\",\"name\":\"UFRRJ - Universidade Federal Rural do Rio de Janeiro\",\"url\":\"https:\/\/institutos.ufrrj.br\/ie\/\",\"logo\":{\"@type\":\"ImageObject\",\"inLanguage\":\"pt-BR\",\"@id\":\"https:\/\/institutos.ufrrj.br\/ie\/#\/schema\/logo\/image\/\",\"url\":\"https:\/\/institutos.ufrrj.br\/ie\/wp-content\/uploads\/sites\/104\/2023\/06\/logo_ie.png\",\"contentUrl\":\"https:\/\/institutos.ufrrj.br\/ie\/wp-content\/uploads\/sites\/104\/2023\/06\/logo_ie.png\",\"width\":500,\"height\":110,\"caption\":\"UFRRJ - Universidade Federal Rural do Rio de Janeiro\"},\"image\":{\"@id\":\"https:\/\/institutos.ufrrj.br\/ie\/#\/schema\/logo\/image\/\"}}]}<\/script>\n<!-- \/ Yoast SEO plugin. -->","yoast_head_json":{"title":"Dire\u00e7\u00e3o - Instituto de Educa\u00e7\u00e3o","robots":{"index":"index","follow":"follow","max-snippet":"max-snippet:-1","max-image-preview":"max-image-preview:large","max-video-preview":"max-video-preview:-1"},"canonical":"https:\/\/institutos.ufrrj.br\/ie\/direcao\/","og_locale":"pt_BR","og_type":"article","og_title":"Dire\u00e7\u00e3o - Instituto de Educa\u00e7\u00e3o","og_description":"Diretora do Instituto: Ana Cristina Souza dos Santos Possui gradua\u00e7\u00e3o em Licenciatura Em Ci\u00eancias Habilita\u00e7\u00e3o Em Qu\u00edmica pela Universidade Federal Rural do [&hellip;]","og_url":"https:\/\/institutos.ufrrj.br\/ie\/direcao\/","og_site_name":"Instituto de Educa\u00e7\u00e3o","article_modified_time":"2023-06-19T18:16:04+00:00","og_image":[{"url":"http:\/\/institutos.ufrrj.br\/ie\/wp-content\/uploads\/sites\/104\/2019\/05\/ANA-CRISTINA-300x270.png","type":"","width":"","height":""}],"twitter_card":"summary_large_image","twitter_misc":{"Est. tempo de leitura":"2 minutos"},"schema":{"@context":"https:\/\/schema.org","@graph":[{"@type":"WebPage","@id":"https:\/\/institutos.ufrrj.br\/ie\/direcao\/","url":"https:\/\/institutos.ufrrj.br\/ie\/direcao\/","name":"Dire\u00e7\u00e3o - Instituto de Educa\u00e7\u00e3o","isPartOf":{"@id":"https:\/\/institutos.ufrrj.br\/ie\/#website"},"primaryImageOfPage":{"@id":"https:\/\/institutos.ufrrj.br\/ie\/direcao\/#primaryimage"},"image":{"@id":"https:\/\/institutos.ufrrj.br\/ie\/direcao\/#primaryimage"},"thumbnailUrl":"http:\/\/institutos.ufrrj.br\/ie\/wp-content\/uploads\/sites\/104\/2019\/05\/ANA-CRISTINA-300x270.png","datePublished":"2018-08-13T20:13:00+00:00","dateModified":"2023-06-19T18:16:04+00:00","breadcrumb":{"@id":"https:\/\/institutos.ufrrj.br\/ie\/direcao\/#breadcrumb"},"inLanguage":"pt-BR","potentialAction":[{"@type":"ReadAction","target":["https:\/\/institutos.ufrrj.br\/ie\/direcao\/"]}]},{"@type":"ImageObject","inLanguage":"pt-BR","@id":"https:\/\/institutos.ufrrj.br\/ie\/direcao\/#primaryimage","url":"https:\/\/institutos.ufrrj.br\/ie\/wp-content\/uploads\/sites\/104\/2019\/05\/ANA-CRISTINA.png","contentUrl":"https:\/\/institutos.ufrrj.br\/ie\/wp-content\/uploads\/sites\/104\/2019\/05\/ANA-CRISTINA.png","width":1246,"height":1120,"caption":"Diretora do Instituto: Ana Cristina Souza dos Santos"},{"@type":"BreadcrumbList","@id":"https:\/\/institutos.ufrrj.br\/ie\/direcao\/#breadcrumb","itemListElement":[{"@type":"ListItem","position":1,"name":"In\u00edcio","item":"https:\/\/institutos.ufrrj.br\/ie\/"},{"@type":"ListItem","position":2,"name":"Dire\u00e7\u00e3o"}]},{"@type":"WebSite","@id":"https:\/\/institutos.ufrrj.br\/ie\/#website","url":"https:\/\/institutos.ufrrj.br\/ie\/","name":"Instituto de Educa\u00e7\u00e3o","description":"CAMPUS SEROP\u00c9DICA \u2013 UFRRJ","publisher":{"@id":"https:\/\/institutos.ufrrj.br\/ie\/#organization"},"potentialAction":[{"@type":"SearchAction","target":{"@type":"EntryPoint","urlTemplate":"https:\/\/institutos.ufrrj.br\/ie\/?s={search_term_string}"},"query-input":{"@type":"PropertyValueSpecification","valueRequired":true,"valueName":"search_term_string"}}],"inLanguage":"pt-BR"},{"@type":"Organization","@id":"https:\/\/institutos.ufrrj.br\/ie\/#organization","name":"UFRRJ - Universidade Federal Rural do Rio de Janeiro","url":"https:\/\/institutos.ufrrj.br\/ie\/","logo":{"@type":"ImageObject","inLanguage":"pt-BR","@id":"https:\/\/institutos.ufrrj.br\/ie\/#\/schema\/logo\/image\/","url":"https:\/\/institutos.ufrrj.br\/ie\/wp-content\/uploads\/sites\/104\/2023\/06\/logo_ie.png","contentUrl":"https:\/\/institutos.ufrrj.br\/ie\/wp-content\/uploads\/sites\/104\/2023\/06\/logo_ie.png","width":500,"height":110,"caption":"UFRRJ - Universidade Federal Rural do Rio de Janeiro"},"image":{"@id":"https:\/\/institutos.ufrrj.br\/ie\/#\/schema\/logo\/image\/"}}]}},"_links":{"self":[{"href":"https:\/\/institutos.ufrrj.br\/ie\/wp-json\/wp\/v2\/pages\/112","targetHints":{"allow":["GET"]}}],"collection":[{"href":"https:\/\/institutos.ufrrj.br\/ie\/wp-json\/wp\/v2\/pages"}],"about":[{"href":"https:\/\/institutos.ufrrj.br\/ie\/wp-json\/wp\/v2\/types\/page"}],"author":[{"embeddable":true,"href":"https:\/\/institutos.ufrrj.br\/ie\/wp-json\/wp\/v2\/users\/20"}],"replies":[{"embeddable":true,"href":"https:\/\/institutos.ufrrj.br\/ie\/wp-json\/wp\/v2\/comments?post=112"}],"version-history":[{"count":11,"href":"https:\/\/institutos.ufrrj.br\/ie\/wp-json\/wp\/v2\/pages\/112\/revisions"}],"predecessor-version":[{"id":422,"href":"https:\/\/institutos.ufrrj.br\/ie\/wp-json\/wp\/v2\/pages\/112\/revisions\/422"}],"wp:attachment":[{"href":"https:\/\/institutos.ufrrj.br\/ie\/wp-json\/wp\/v2\/media?parent=112"}],"curies":[{"name":"wp","href":"https:\/\/api.w.org\/{rel}","templated":true}]}}