{"id":127,"date":"2018-08-14T14:38:54","date_gmt":"2018-08-14T17:38:54","guid":{"rendered":"http:\/\/institutos.ufrrj.br\/ie\/?page_id=127"},"modified":"2025-05-08T13:47:33","modified_gmt":"2025-05-08T16:47:33","slug":"pos-graduacao-2","status":"publish","type":"page","link":"https:\/\/institutos.ufrrj.br\/ie\/pos-graduacao-2\/","title":{"rendered":"P\u00f3s-Gradua\u00e7\u00e3o"},"content":{"rendered":"<p>N\u00e3o pode deixar de ser considerada a atua\u00e7\u00e3o expressiva do IE tamb\u00e9m na P\u00f3s-Gradua\u00e7\u00e3o e na pesquisa institucional, resultante de crescente maturidade acad\u00eamico-cient\u00edfica do corpo docente, uma vez que hoje o IE disp\u00f5e de op\u00e7\u00f5es em cursos de p\u00f3s-gradua\u00e7\u00e3o <em>stricto sensu<\/em>. Quase todos os 95 professores dos departamentos do IE participam, densa e\/ou eventualmente, em um ou mais dos seguintes cursos de p\u00f3s-gradua\u00e7\u00e3o da UFRRJ:<\/p>\n<ul>\n<li><strong>Programa de P\u00f3s-gradua\u00e7\u00e3o em Psicologia \u2013 IE;<\/strong><\/li>\n<li><strong>Programa de P\u00f3s-Gradua\u00e7\u00e3o em Educa\u00e7\u00e3o, Contextos Contempor\u00e2neos e Demandas Populares (PPGEduc) \u2013 compreendendo Curso de Mestrado e Doutorado, consolidando uma parceria entre IE\/IM;<\/strong><\/li>\n<li><strong>Programa de P\u00f3s-Gradua\u00e7\u00e3o em Educa\u00e7\u00e3o em Ci\u00eancias e Matem\u00e1tica \u2013 PPGEduCIMAT- IE;<\/strong><\/li>\n<li><strong>Mestrado Profissional Educa\u00e7\u00e3o F\u00edsica em Rede Nacional da UFRRJ.<\/strong><\/li>\n<\/ul>\n<p>Para al\u00e9m destes, ciclicamente, o IE oferece, atrav\u00e9s de seus departamentos, cursos de p\u00f3s-gradua\u00e7\u00e3o <em>lato sensu<\/em>, hoje secundarizados, em favor do <em>stricto sensu<\/em>.<\/p>\n<p>Resumindo, ante as novas reconfigura\u00e7\u00f5es trazidas com o Programa de Apoio a Planos de Reestrutura\u00e7\u00e3o e Expans\u00e3o das Universidades Federais (REUNI) em 2007, o IE passou a abrigar em seus pr\u00e9dios: quatro departamentos, cinco Colegiados de Cursos de Gradua\u00e7\u00e3o e tr\u00eas Programas de P\u00f3s-Gradua\u00e7\u00e3o stricto sensu. Todo esse empreendimento \u00e9 dinamizado por um total de 95 docentes, mantidos em seu Quadro Permanente de professores.<\/p>\n<p>Entretanto, no contexto da UFRRJ, o IE atua como o principal <em>locus<\/em> de forma\u00e7\u00e3o pedag\u00f3gica profissional, em n\u00edvel de licenciatura, sendo fundamental no sentido de responder a anseios e necessidades socialmente vinculados aos processos de educa\u00e7\u00e3o escolar, sobretudo, loco-regionais, em todos os segmentos do sistema educacional brasileiro e, assim, contribui forte e significativamente, para o cumprimento das fun\u00e7\u00f5es social e acad\u00eamica da Institui\u00e7\u00e3o. O IE \u00e9 mantido, pois, como unidade que tem por objetivo atender a exig\u00eancias curriculares de forma\u00e7\u00e3o de professores e complementa\u00e7\u00e3o pedag\u00f3gica dos cursos de licenciatura existentes, al\u00e9m de viabilizar a implanta\u00e7\u00e3o de outros cursos e de outros cong\u00eaneres tamb\u00e9m em n\u00edvel de p\u00f3s-gradua\u00e7\u00e3o.<\/p>\n","protected":false},"excerpt":{"rendered":"<p>N\u00e3o pode deixar de ser considerada a atua\u00e7\u00e3o expressiva do IE tamb\u00e9m na P\u00f3s-Gradua\u00e7\u00e3o e na pesquisa institucional, resultante de crescente maturidade [&hellip;]<\/p>\n","protected":false},"author":39,"featured_media":0,"parent":0,"menu_order":0,"comment_status":"closed","ping_status":"closed","template":"","meta":{"_acf_changed":false,"_themeisle_gutenberg_block_has_review":false,"footnotes":""},"class_list":["post-127","page","type-page","status-publish","hentry"],"acf":[],"yoast_head":"<!-- This site is optimized with the Yoast SEO plugin v26.8 - https:\/\/yoast.com\/product\/yoast-seo-wordpress\/ -->\n<title>P\u00f3s-Gradua\u00e7\u00e3o - Instituto de Educa\u00e7\u00e3o<\/title>\n<meta name=\"robots\" content=\"index, follow, max-snippet:-1, max-image-preview:large, max-video-preview:-1\" \/>\n<link rel=\"canonical\" href=\"https:\/\/institutos.ufrrj.br\/ie\/pos-graduacao-2\/\" \/>\n<meta property=\"og:locale\" content=\"pt_BR\" \/>\n<meta property=\"og:type\" content=\"article\" \/>\n<meta property=\"og:title\" content=\"P\u00f3s-Gradua\u00e7\u00e3o - Instituto de Educa\u00e7\u00e3o\" \/>\n<meta property=\"og:description\" content=\"N\u00e3o pode deixar de ser considerada a atua\u00e7\u00e3o expressiva do IE tamb\u00e9m na P\u00f3s-Gradua\u00e7\u00e3o e na pesquisa institucional, resultante de crescente maturidade [&hellip;]\" \/>\n<meta property=\"og:url\" content=\"https:\/\/institutos.ufrrj.br\/ie\/pos-graduacao-2\/\" \/>\n<meta property=\"og:site_name\" content=\"Instituto de Educa\u00e7\u00e3o\" \/>\n<meta property=\"article:modified_time\" content=\"2025-05-08T16:47:33+00:00\" \/>\n<meta name=\"twitter:card\" content=\"summary_large_image\" \/>\n<meta name=\"twitter:label1\" content=\"Est. tempo de leitura\" \/>\n\t<meta name=\"twitter:data1\" content=\"2 minutos\" \/>\n<script type=\"application\/ld+json\" class=\"yoast-schema-graph\">{\"@context\":\"https:\/\/schema.org\",\"@graph\":[{\"@type\":\"WebPage\",\"@id\":\"https:\/\/institutos.ufrrj.br\/ie\/pos-graduacao-2\/\",\"url\":\"https:\/\/institutos.ufrrj.br\/ie\/pos-graduacao-2\/\",\"name\":\"P\u00f3s-Gradua\u00e7\u00e3o - Instituto de Educa\u00e7\u00e3o\",\"isPartOf\":{\"@id\":\"https:\/\/institutos.ufrrj.br\/ie\/#website\"},\"datePublished\":\"2018-08-14T17:38:54+00:00\",\"dateModified\":\"2025-05-08T16:47:33+00:00\",\"breadcrumb\":{\"@id\":\"https:\/\/institutos.ufrrj.br\/ie\/pos-graduacao-2\/#breadcrumb\"},\"inLanguage\":\"pt-BR\",\"potentialAction\":[{\"@type\":\"ReadAction\",\"target\":[\"https:\/\/institutos.ufrrj.br\/ie\/pos-graduacao-2\/\"]}]},{\"@type\":\"BreadcrumbList\",\"@id\":\"https:\/\/institutos.ufrrj.br\/ie\/pos-graduacao-2\/#breadcrumb\",\"itemListElement\":[{\"@type\":\"ListItem\",\"position\":1,\"name\":\"In\u00edcio\",\"item\":\"https:\/\/institutos.ufrrj.br\/ie\/\"},{\"@type\":\"ListItem\",\"position\":2,\"name\":\"P\u00f3s-Gradua\u00e7\u00e3o\"}]},{\"@type\":\"WebSite\",\"@id\":\"https:\/\/institutos.ufrrj.br\/ie\/#website\",\"url\":\"https:\/\/institutos.ufrrj.br\/ie\/\",\"name\":\"Instituto de Educa\u00e7\u00e3o\",\"description\":\"CAMPUS SEROP\u00c9DICA \u2013 UFRRJ\",\"publisher\":{\"@id\":\"https:\/\/institutos.ufrrj.br\/ie\/#organization\"},\"potentialAction\":[{\"@type\":\"SearchAction\",\"target\":{\"@type\":\"EntryPoint\",\"urlTemplate\":\"https:\/\/institutos.ufrrj.br\/ie\/?s={search_term_string}\"},\"query-input\":{\"@type\":\"PropertyValueSpecification\",\"valueRequired\":true,\"valueName\":\"search_term_string\"}}],\"inLanguage\":\"pt-BR\"},{\"@type\":\"Organization\",\"@id\":\"https:\/\/institutos.ufrrj.br\/ie\/#organization\",\"name\":\"UFRRJ - Universidade Federal Rural do Rio de Janeiro\",\"url\":\"https:\/\/institutos.ufrrj.br\/ie\/\",\"logo\":{\"@type\":\"ImageObject\",\"inLanguage\":\"pt-BR\",\"@id\":\"https:\/\/institutos.ufrrj.br\/ie\/#\/schema\/logo\/image\/\",\"url\":\"https:\/\/institutos.ufrrj.br\/ie\/wp-content\/uploads\/sites\/104\/2023\/06\/logo_ie.png\",\"contentUrl\":\"https:\/\/institutos.ufrrj.br\/ie\/wp-content\/uploads\/sites\/104\/2023\/06\/logo_ie.png\",\"width\":500,\"height\":110,\"caption\":\"UFRRJ - Universidade Federal Rural do Rio de Janeiro\"},\"image\":{\"@id\":\"https:\/\/institutos.ufrrj.br\/ie\/#\/schema\/logo\/image\/\"}}]}<\/script>\n<!-- \/ Yoast SEO plugin. -->","yoast_head_json":{"title":"P\u00f3s-Gradua\u00e7\u00e3o - Instituto de Educa\u00e7\u00e3o","robots":{"index":"index","follow":"follow","max-snippet":"max-snippet:-1","max-image-preview":"max-image-preview:large","max-video-preview":"max-video-preview:-1"},"canonical":"https:\/\/institutos.ufrrj.br\/ie\/pos-graduacao-2\/","og_locale":"pt_BR","og_type":"article","og_title":"P\u00f3s-Gradua\u00e7\u00e3o - Instituto de Educa\u00e7\u00e3o","og_description":"N\u00e3o pode deixar de ser considerada a atua\u00e7\u00e3o expressiva do IE tamb\u00e9m na P\u00f3s-Gradua\u00e7\u00e3o e na pesquisa institucional, resultante de crescente maturidade [&hellip;]","og_url":"https:\/\/institutos.ufrrj.br\/ie\/pos-graduacao-2\/","og_site_name":"Instituto de Educa\u00e7\u00e3o","article_modified_time":"2025-05-08T16:47:33+00:00","twitter_card":"summary_large_image","twitter_misc":{"Est. tempo de leitura":"2 minutos"},"schema":{"@context":"https:\/\/schema.org","@graph":[{"@type":"WebPage","@id":"https:\/\/institutos.ufrrj.br\/ie\/pos-graduacao-2\/","url":"https:\/\/institutos.ufrrj.br\/ie\/pos-graduacao-2\/","name":"P\u00f3s-Gradua\u00e7\u00e3o - Instituto de Educa\u00e7\u00e3o","isPartOf":{"@id":"https:\/\/institutos.ufrrj.br\/ie\/#website"},"datePublished":"2018-08-14T17:38:54+00:00","dateModified":"2025-05-08T16:47:33+00:00","breadcrumb":{"@id":"https:\/\/institutos.ufrrj.br\/ie\/pos-graduacao-2\/#breadcrumb"},"inLanguage":"pt-BR","potentialAction":[{"@type":"ReadAction","target":["https:\/\/institutos.ufrrj.br\/ie\/pos-graduacao-2\/"]}]},{"@type":"BreadcrumbList","@id":"https:\/\/institutos.ufrrj.br\/ie\/pos-graduacao-2\/#breadcrumb","itemListElement":[{"@type":"ListItem","position":1,"name":"In\u00edcio","item":"https:\/\/institutos.ufrrj.br\/ie\/"},{"@type":"ListItem","position":2,"name":"P\u00f3s-Gradua\u00e7\u00e3o"}]},{"@type":"WebSite","@id":"https:\/\/institutos.ufrrj.br\/ie\/#website","url":"https:\/\/institutos.ufrrj.br\/ie\/","name":"Instituto de Educa\u00e7\u00e3o","description":"CAMPUS SEROP\u00c9DICA \u2013 UFRRJ","publisher":{"@id":"https:\/\/institutos.ufrrj.br\/ie\/#organization"},"potentialAction":[{"@type":"SearchAction","target":{"@type":"EntryPoint","urlTemplate":"https:\/\/institutos.ufrrj.br\/ie\/?s={search_term_string}"},"query-input":{"@type":"PropertyValueSpecification","valueRequired":true,"valueName":"search_term_string"}}],"inLanguage":"pt-BR"},{"@type":"Organization","@id":"https:\/\/institutos.ufrrj.br\/ie\/#organization","name":"UFRRJ - Universidade Federal Rural do Rio de Janeiro","url":"https:\/\/institutos.ufrrj.br\/ie\/","logo":{"@type":"ImageObject","inLanguage":"pt-BR","@id":"https:\/\/institutos.ufrrj.br\/ie\/#\/schema\/logo\/image\/","url":"https:\/\/institutos.ufrrj.br\/ie\/wp-content\/uploads\/sites\/104\/2023\/06\/logo_ie.png","contentUrl":"https:\/\/institutos.ufrrj.br\/ie\/wp-content\/uploads\/sites\/104\/2023\/06\/logo_ie.png","width":500,"height":110,"caption":"UFRRJ - Universidade Federal Rural do Rio de Janeiro"},"image":{"@id":"https:\/\/institutos.ufrrj.br\/ie\/#\/schema\/logo\/image\/"}}]}},"_links":{"self":[{"href":"https:\/\/institutos.ufrrj.br\/ie\/wp-json\/wp\/v2\/pages\/127","targetHints":{"allow":["GET"]}}],"collection":[{"href":"https:\/\/institutos.ufrrj.br\/ie\/wp-json\/wp\/v2\/pages"}],"about":[{"href":"https:\/\/institutos.ufrrj.br\/ie\/wp-json\/wp\/v2\/types\/page"}],"author":[{"embeddable":true,"href":"https:\/\/institutos.ufrrj.br\/ie\/wp-json\/wp\/v2\/users\/39"}],"replies":[{"embeddable":true,"href":"https:\/\/institutos.ufrrj.br\/ie\/wp-json\/wp\/v2\/comments?post=127"}],"version-history":[{"count":5,"href":"https:\/\/institutos.ufrrj.br\/ie\/wp-json\/wp\/v2\/pages\/127\/revisions"}],"predecessor-version":[{"id":505,"href":"https:\/\/institutos.ufrrj.br\/ie\/wp-json\/wp\/v2\/pages\/127\/revisions\/505"}],"wp:attachment":[{"href":"https:\/\/institutos.ufrrj.br\/ie\/wp-json\/wp\/v2\/media?parent=127"}],"curies":[{"name":"wp","href":"https:\/\/api.w.org\/{rel}","templated":true}]}}