{"id":132,"date":"2018-08-14T14:47:35","date_gmt":"2018-08-14T17:47:35","guid":{"rendered":"http:\/\/institutos.ufrrj.br\/ie\/?page_id=132"},"modified":"2019-07-28T17:11:05","modified_gmt":"2019-07-28T20:11:05","slug":"departamento-de-educacao-do-campo-movimentos-sociais-e-diversidade","status":"publish","type":"page","link":"https:\/\/institutos.ufrrj.br\/ie\/departamento-de-educacao-do-campo-movimentos-sociais-e-diversidade\/","title":{"rendered":"Departamento de Educa\u00e7\u00e3o do Campo Movimentos Sociais e Diversidade"},"content":{"rendered":"<p><strong>Corpo docente<\/strong><\/p>\n<p style=\"text-align: left\">ALLAN ROCHA DAMASCENO\u00a0<span style=\"color: #3366ff\"><a style=\"color: #3366ff\" href=\"http:\/\/lattes.cnpq.br\/0177717397152120\">Lattes<\/a><\/span><\/p>\n<p style=\"text-align: left\">ALOISIO JORGE DE JESUS MONTEIRO<span style=\"color: #3366ff\">\u00a0<a style=\"color: #3366ff\" href=\"http:\/\/lattes.cnpq.br\/3934201639828808\" target=\"_blank\" rel=\"noopener\">Lattes<\/a><\/span><\/p>\n<p style=\"text-align: left\">ANNA MARIA PEREIRA ESTEVES\u00a0<span style=\"color: #3366ff\"><a style=\"color: #3366ff\" href=\"http:\/\/lattes.cnpq.br\/3936756582877161\" target=\"_blank\" rel=\"noopener\">Lattes\u00a0<\/a><\/span><\/p>\n<p style=\"text-align: left\">FABIANA DE CARVALHO DIAS ARAUJO &#8211;<em>\u00a0<span style=\"color: #3366ff\"><a style=\"color: #3366ff\" href=\"http:\/\/lattes.cnpq.br\/3819666975989064\" target=\"_blank\" rel=\"noopener\">Lattes<\/a><\/span><\/em><\/p>\n<p style=\"text-align: left\">GRACIELA BONASSA GARCIA<span style=\"color: #3366ff\">\u00a0<a style=\"color: #3366ff\" href=\"http:\/\/lattes.cnpq.br\/7755941452357538\" target=\"_blank\" rel=\"noopener\">Lattes<\/a><\/span><\/p>\n<p style=\"text-align: left\">IGOR SIMONI HOMEM DE CARVALHO<span style=\"color: #3366ff\">\u00a0<a style=\"color: #3366ff\" href=\"http:\/\/lattes.cnpq.br\/9076416889597788\" target=\"_blank\" rel=\"noopener\">Lattes<\/a><\/span><\/p>\n<p style=\"text-align: left\">LUIZ FERNANDES DE OLIVEIRA<span style=\"color: #3366ff\">\u00a0<a style=\"color: #3366ff\" href=\"http:\/\/lattes.cnpq.br\/7006752768658988\" target=\"_blank\" rel=\"noopener\">Lattes<\/a><\/span><\/p>\n<p style=\"text-align: left\">JOSELINA DA SILVA\u00a0<span style=\"color: #3366ff\">\u00a0<a style=\"color: #3366ff\" href=\"http:\/\/lattes.cnpq.br\/1785433331883652\" target=\"_blank\" rel=\"noopener\">Lattes<\/a><\/span><\/p>\n<p style=\"text-align: left\">MARILIA LOPES DE CAMPOS\u00a0<span style=\"color: #3366ff\"><a style=\"color: #3366ff\" href=\"http:\/\/lattes.cnpq.br\/4058430310291204\" target=\"_blank\" rel=\"noopener\">Lattes<\/a><\/span><\/p>\n<p style=\"text-align: left\">LIA MARIA TEIXEIRA DE OLIVEIRA\u00a0<span style=\"color: #3366ff\"><a style=\"color: #3366ff\" href=\"http:\/\/lattes.cnpq.br\/1917858404070055\" target=\"_blank\" rel=\"noopener\">Lattes<\/a><\/span><\/p>\n<p style=\"text-align: left\">NELY FEITOZA ARRAIS<span style=\"color: #3366ff\">\u00a0<a style=\"color: #3366ff\" href=\"http:\/\/lattes.cnpq.br\/4975201079635879\" target=\"_blank\" rel=\"noopener\">Lattes<\/a><\/span><\/p>\n<p style=\"text-align: left\">RAFAEL MAUL DE CARVALHO COSTA<span style=\"color: #3366ff\">\u00a0<a style=\"color: #3366ff\" href=\"http:\/\/lattes.cnpq.br\/8583076511172943\" target=\"_blank\" rel=\"noopener\">Lattes<\/a><\/span><\/p>\n<p style=\"text-align: left\">RAMOFLY BICALHO DOS SANTOS\u00a0<span style=\"color: #3366ff\"><a style=\"color: #3366ff\" href=\"http:\/\/lattes.cnpq.br\/3815218617988955\" target=\"_blank\" rel=\"noopener\">Lattes<\/a><\/span><\/p>\n<p style=\"text-align: left\">ROBERTA MARIA LOBO DA SILVA<span style=\"color: #3366ff\">\u00a0<a style=\"color: #3366ff\" href=\"http:\/\/lattes.cnpq.br\/1306253672621273\" target=\"_blank\" rel=\"noopener\">Lattes<\/a><\/span><\/p>\n<p style=\"text-align: left\">RONALD APOLINARIO DE LIRA<span style=\"color: #3366ff\">\u00a0<a style=\"color: #3366ff\" href=\"http:\/\/lattes.cnpq.br\/4155530450084819\" target=\"_blank\" rel=\"noopener\">Lattes<\/a><\/span><\/p>\n<p style=\"text-align: left\">TARCI GOMES PARAJARA<span style=\"color: #3366ff\">\u00a0<a style=\"color: #3366ff\" href=\"https:\/\/www.escavador.com\/sobre\/5662030\/tarci-gomes-parajara\" target=\"_blank\" rel=\"noopener\">Lattes<\/a><\/span><\/p>\n<p style=\"text-align: center\"><strong>T\u00e9cnica-Administrativa<\/strong><\/p>\n<p style=\"text-align: center\">MILLENA FERNANDES DE LIMA DIAS<\/p>\n","protected":false},"excerpt":{"rendered":"<p>Corpo docente ALLAN ROCHA DAMASCENO\u00a0Lattes ALOISIO JORGE DE JESUS MONTEIRO\u00a0Lattes ANNA MARIA PEREIRA ESTEVES\u00a0Lattes\u00a0 FABIANA DE CARVALHO DIAS ARAUJO &#8211;\u00a0Lattes GRACIELA BONASSA [&hellip;]<\/p>\n","protected":false},"author":39,"featured_media":0,"parent":0,"menu_order":0,"comment_status":"closed","ping_status":"closed","template":"","meta":{"_acf_changed":false,"_themeisle_gutenberg_block_has_review":false,"footnotes":""},"class_list":["post-132","page","type-page","status-publish","hentry"],"acf":[],"yoast_head":"<!-- This site is optimized with the Yoast SEO plugin v26.8 - https:\/\/yoast.com\/product\/yoast-seo-wordpress\/ -->\n<title>Departamento de Educa\u00e7\u00e3o do Campo Movimentos Sociais e Diversidade - Instituto de Educa\u00e7\u00e3o<\/title>\n<meta name=\"robots\" content=\"index, follow, max-snippet:-1, max-image-preview:large, max-video-preview:-1\" \/>\n<link rel=\"canonical\" href=\"https:\/\/institutos.ufrrj.br\/ie\/departamento-de-educacao-do-campo-movimentos-sociais-e-diversidade\/\" \/>\n<meta property=\"og:locale\" content=\"pt_BR\" \/>\n<meta property=\"og:type\" content=\"article\" \/>\n<meta property=\"og:title\" content=\"Departamento de Educa\u00e7\u00e3o do Campo Movimentos Sociais e Diversidade - Instituto de Educa\u00e7\u00e3o\" \/>\n<meta property=\"og:description\" content=\"Corpo docente ALLAN ROCHA DAMASCENO\u00a0Lattes ALOISIO JORGE DE JESUS MONTEIRO\u00a0Lattes ANNA MARIA PEREIRA ESTEVES\u00a0Lattes\u00a0 FABIANA DE CARVALHO DIAS ARAUJO &#8211;\u00a0Lattes GRACIELA BONASSA [&hellip;]\" \/>\n<meta property=\"og:url\" content=\"https:\/\/institutos.ufrrj.br\/ie\/departamento-de-educacao-do-campo-movimentos-sociais-e-diversidade\/\" \/>\n<meta property=\"og:site_name\" content=\"Instituto de Educa\u00e7\u00e3o\" \/>\n<meta property=\"article:modified_time\" content=\"2019-07-28T20:11:05+00:00\" \/>\n<meta name=\"twitter:card\" content=\"summary_large_image\" \/>\n<script type=\"application\/ld+json\" class=\"yoast-schema-graph\">{\"@context\":\"https:\/\/schema.org\",\"@graph\":[{\"@type\":\"WebPage\",\"@id\":\"https:\/\/institutos.ufrrj.br\/ie\/departamento-de-educacao-do-campo-movimentos-sociais-e-diversidade\/\",\"url\":\"https:\/\/institutos.ufrrj.br\/ie\/departamento-de-educacao-do-campo-movimentos-sociais-e-diversidade\/\",\"name\":\"Departamento de Educa\u00e7\u00e3o do Campo Movimentos Sociais e Diversidade - Instituto de Educa\u00e7\u00e3o\",\"isPartOf\":{\"@id\":\"https:\/\/institutos.ufrrj.br\/ie\/#website\"},\"datePublished\":\"2018-08-14T17:47:35+00:00\",\"dateModified\":\"2019-07-28T20:11:05+00:00\",\"breadcrumb\":{\"@id\":\"https:\/\/institutos.ufrrj.br\/ie\/departamento-de-educacao-do-campo-movimentos-sociais-e-diversidade\/#breadcrumb\"},\"inLanguage\":\"pt-BR\",\"potentialAction\":[{\"@type\":\"ReadAction\",\"target\":[\"https:\/\/institutos.ufrrj.br\/ie\/departamento-de-educacao-do-campo-movimentos-sociais-e-diversidade\/\"]}]},{\"@type\":\"BreadcrumbList\",\"@id\":\"https:\/\/institutos.ufrrj.br\/ie\/departamento-de-educacao-do-campo-movimentos-sociais-e-diversidade\/#breadcrumb\",\"itemListElement\":[{\"@type\":\"ListItem\",\"position\":1,\"name\":\"In\u00edcio\",\"item\":\"https:\/\/institutos.ufrrj.br\/ie\/\"},{\"@type\":\"ListItem\",\"position\":2,\"name\":\"Departamento de Educa\u00e7\u00e3o do Campo Movimentos Sociais e Diversidade\"}]},{\"@type\":\"WebSite\",\"@id\":\"https:\/\/institutos.ufrrj.br\/ie\/#website\",\"url\":\"https:\/\/institutos.ufrrj.br\/ie\/\",\"name\":\"Instituto de Educa\u00e7\u00e3o\",\"description\":\"CAMPUS SEROP\u00c9DICA \u2013 UFRRJ\",\"publisher\":{\"@id\":\"https:\/\/institutos.ufrrj.br\/ie\/#organization\"},\"potentialAction\":[{\"@type\":\"SearchAction\",\"target\":{\"@type\":\"EntryPoint\",\"urlTemplate\":\"https:\/\/institutos.ufrrj.br\/ie\/?s={search_term_string}\"},\"query-input\":{\"@type\":\"PropertyValueSpecification\",\"valueRequired\":true,\"valueName\":\"search_term_string\"}}],\"inLanguage\":\"pt-BR\"},{\"@type\":\"Organization\",\"@id\":\"https:\/\/institutos.ufrrj.br\/ie\/#organization\",\"name\":\"UFRRJ - Universidade Federal Rural do Rio de Janeiro\",\"url\":\"https:\/\/institutos.ufrrj.br\/ie\/\",\"logo\":{\"@type\":\"ImageObject\",\"inLanguage\":\"pt-BR\",\"@id\":\"https:\/\/institutos.ufrrj.br\/ie\/#\/schema\/logo\/image\/\",\"url\":\"https:\/\/institutos.ufrrj.br\/ie\/wp-content\/uploads\/sites\/104\/2023\/06\/logo_ie.png\",\"contentUrl\":\"https:\/\/institutos.ufrrj.br\/ie\/wp-content\/uploads\/sites\/104\/2023\/06\/logo_ie.png\",\"width\":500,\"height\":110,\"caption\":\"UFRRJ - Universidade Federal Rural do Rio de Janeiro\"},\"image\":{\"@id\":\"https:\/\/institutos.ufrrj.br\/ie\/#\/schema\/logo\/image\/\"}}]}<\/script>\n<!-- \/ Yoast SEO plugin. -->","yoast_head_json":{"title":"Departamento de Educa\u00e7\u00e3o do Campo Movimentos Sociais e Diversidade - Instituto de Educa\u00e7\u00e3o","robots":{"index":"index","follow":"follow","max-snippet":"max-snippet:-1","max-image-preview":"max-image-preview:large","max-video-preview":"max-video-preview:-1"},"canonical":"https:\/\/institutos.ufrrj.br\/ie\/departamento-de-educacao-do-campo-movimentos-sociais-e-diversidade\/","og_locale":"pt_BR","og_type":"article","og_title":"Departamento de Educa\u00e7\u00e3o do Campo Movimentos Sociais e Diversidade - Instituto de Educa\u00e7\u00e3o","og_description":"Corpo docente ALLAN ROCHA DAMASCENO\u00a0Lattes ALOISIO JORGE DE JESUS MONTEIRO\u00a0Lattes ANNA MARIA PEREIRA ESTEVES\u00a0Lattes\u00a0 FABIANA DE CARVALHO DIAS ARAUJO &#8211;\u00a0Lattes GRACIELA BONASSA [&hellip;]","og_url":"https:\/\/institutos.ufrrj.br\/ie\/departamento-de-educacao-do-campo-movimentos-sociais-e-diversidade\/","og_site_name":"Instituto de Educa\u00e7\u00e3o","article_modified_time":"2019-07-28T20:11:05+00:00","twitter_card":"summary_large_image","schema":{"@context":"https:\/\/schema.org","@graph":[{"@type":"WebPage","@id":"https:\/\/institutos.ufrrj.br\/ie\/departamento-de-educacao-do-campo-movimentos-sociais-e-diversidade\/","url":"https:\/\/institutos.ufrrj.br\/ie\/departamento-de-educacao-do-campo-movimentos-sociais-e-diversidade\/","name":"Departamento de Educa\u00e7\u00e3o do Campo Movimentos Sociais e Diversidade - Instituto de Educa\u00e7\u00e3o","isPartOf":{"@id":"https:\/\/institutos.ufrrj.br\/ie\/#website"},"datePublished":"2018-08-14T17:47:35+00:00","dateModified":"2019-07-28T20:11:05+00:00","breadcrumb":{"@id":"https:\/\/institutos.ufrrj.br\/ie\/departamento-de-educacao-do-campo-movimentos-sociais-e-diversidade\/#breadcrumb"},"inLanguage":"pt-BR","potentialAction":[{"@type":"ReadAction","target":["https:\/\/institutos.ufrrj.br\/ie\/departamento-de-educacao-do-campo-movimentos-sociais-e-diversidade\/"]}]},{"@type":"BreadcrumbList","@id":"https:\/\/institutos.ufrrj.br\/ie\/departamento-de-educacao-do-campo-movimentos-sociais-e-diversidade\/#breadcrumb","itemListElement":[{"@type":"ListItem","position":1,"name":"In\u00edcio","item":"https:\/\/institutos.ufrrj.br\/ie\/"},{"@type":"ListItem","position":2,"name":"Departamento de Educa\u00e7\u00e3o do Campo Movimentos Sociais e Diversidade"}]},{"@type":"WebSite","@id":"https:\/\/institutos.ufrrj.br\/ie\/#website","url":"https:\/\/institutos.ufrrj.br\/ie\/","name":"Instituto de Educa\u00e7\u00e3o","description":"CAMPUS SEROP\u00c9DICA \u2013 UFRRJ","publisher":{"@id":"https:\/\/institutos.ufrrj.br\/ie\/#organization"},"potentialAction":[{"@type":"SearchAction","target":{"@type":"EntryPoint","urlTemplate":"https:\/\/institutos.ufrrj.br\/ie\/?s={search_term_string}"},"query-input":{"@type":"PropertyValueSpecification","valueRequired":true,"valueName":"search_term_string"}}],"inLanguage":"pt-BR"},{"@type":"Organization","@id":"https:\/\/institutos.ufrrj.br\/ie\/#organization","name":"UFRRJ - Universidade Federal Rural do Rio de Janeiro","url":"https:\/\/institutos.ufrrj.br\/ie\/","logo":{"@type":"ImageObject","inLanguage":"pt-BR","@id":"https:\/\/institutos.ufrrj.br\/ie\/#\/schema\/logo\/image\/","url":"https:\/\/institutos.ufrrj.br\/ie\/wp-content\/uploads\/sites\/104\/2023\/06\/logo_ie.png","contentUrl":"https:\/\/institutos.ufrrj.br\/ie\/wp-content\/uploads\/sites\/104\/2023\/06\/logo_ie.png","width":500,"height":110,"caption":"UFRRJ - Universidade Federal Rural do Rio de Janeiro"},"image":{"@id":"https:\/\/institutos.ufrrj.br\/ie\/#\/schema\/logo\/image\/"}}]}},"_links":{"self":[{"href":"https:\/\/institutos.ufrrj.br\/ie\/wp-json\/wp\/v2\/pages\/132","targetHints":{"allow":["GET"]}}],"collection":[{"href":"https:\/\/institutos.ufrrj.br\/ie\/wp-json\/wp\/v2\/pages"}],"about":[{"href":"https:\/\/institutos.ufrrj.br\/ie\/wp-json\/wp\/v2\/types\/page"}],"author":[{"embeddable":true,"href":"https:\/\/institutos.ufrrj.br\/ie\/wp-json\/wp\/v2\/users\/39"}],"replies":[{"embeddable":true,"href":"https:\/\/institutos.ufrrj.br\/ie\/wp-json\/wp\/v2\/comments?post=132"}],"version-history":[{"count":10,"href":"https:\/\/institutos.ufrrj.br\/ie\/wp-json\/wp\/v2\/pages\/132\/revisions"}],"predecessor-version":[{"id":320,"href":"https:\/\/institutos.ufrrj.br\/ie\/wp-json\/wp\/v2\/pages\/132\/revisions\/320"}],"wp:attachment":[{"href":"https:\/\/institutos.ufrrj.br\/ie\/wp-json\/wp\/v2\/media?parent=132"}],"curies":[{"name":"wp","href":"https:\/\/api.w.org\/{rel}","templated":true}]}}