{"id":135,"date":"2018-08-14T14:52:54","date_gmt":"2018-08-14T17:52:54","guid":{"rendered":"http:\/\/institutos.ufrrj.br\/ie\/?page_id=135"},"modified":"2019-07-28T17:15:09","modified_gmt":"2019-07-28T20:15:09","slug":"departamento-de-psicologia","status":"publish","type":"page","link":"https:\/\/institutos.ufrrj.br\/ie\/departamento-de-psicologia\/","title":{"rendered":"Departamento de Psicologia"},"content":{"rendered":"<blockquote><p><strong>CORPO DOCENTE<\/strong><\/p>\n<p>ANA CLAUDIA DE AZEVEDO PEIXOTO\u00a0\u00a0<span style=\"color: #3366ff\">\u00a0<a style=\"color: #3366ff\" href=\"http:\/\/lattes.cnpq.br\/8401119661754632\">Lattes<\/a><\/span><\/p>\n<p>BERNARDO BITTENCOURT SUPRANI\u00a0\u00a0<span style=\"color: #3366ff\"><a style=\"color: #3366ff\" href=\"http:\/\/lattes.cnpq.br\/4526440084147139\">Lattes<\/a><\/span><\/p>\n<p>CARLA CRISTINE VICENTE\u00a0\u00a0<span style=\"color: #3366ff\"><a style=\"color: #3366ff\" href=\"http:\/\/lattes.cnpq.br\/4123812582222156\">Lattes<\/a><\/span><\/p>\n<p>DEBORAH UHR\u00a0\u00a0<span style=\"color: #3366ff\"><a style=\"color: #3366ff\" href=\"http:\/\/lattes.cnpq.br\/2530831274773815\">Lattes<\/a><\/span><\/p>\n<p>DENIS GIOVANI MONTEIRO NAIFF\u00a0\u00a0<span style=\"color: #3366ff\">\u00a0<a style=\"color: #3366ff\" href=\"http:\/\/lattes.cnpq.br\/7130312932739910\">Lattes<\/a><\/span><\/p>\n<p>EMMY UEHARA PIRES\u00a0\u00a0<span style=\"color: #3366ff\"><a style=\"color: #3366ff\" href=\"http:\/\/lattes.cnpq.br\/6389610616100719\">Lattes<\/a><\/span><span style=\"color: #3366ff\"><a style=\"color: #3366ff\" href=\"http:\/\/lattes.cnpq.br\/6389610616100719\">\u00a0<\/a><\/span><\/p>\n<p>LILIAN MARIA BORGES GONZALEZ\u00a0\u00a0<span style=\"color: #3366ff\">\u00a0<a style=\"color: #3366ff\" href=\"http:\/\/lattes.cnpq.br\/0531526137015076\">Lattes<\/a><\/span><\/p>\n<p>LUCIENE ALVES MIGUEZ NAIFF\u00a0 \u00a0<span style=\"color: #3366ff\"><a style=\"color: #3366ff\" href=\"http:\/\/lattes.cnpq.br\/8033891142878879\">Lattes<\/a><\/span><\/p>\n<p>LUCIENE DE FATIMA ROCINHOLI\u00a0\u00a0<span style=\"color: #3366ff\">\u00a0<a style=\"color: #3366ff\" href=\"http:\/\/lattes.cnpq.br\/8939383842421721\">Lattes<\/a><\/span><\/p>\n<p>LUNA RODRIGUES FREITAS SILVA\u00a0 \u00a0<span style=\"color: #3366ff\"><a style=\"color: #3366ff\" href=\"http:\/\/lattes.cnpq.br\/0506413251322538\">Lattes<\/a><\/span><\/p>\n<p>MARCELO PRINCESWAL\u00a0\u00a0<span style=\"color: #3366ff\">\u00a0<a style=\"color: #3366ff\" href=\"http:\/\/lattes.cnpq.br\/1768839082341541\">Lattes<\/a><\/span><\/p>\n<p>MARCUS VINICIUS DE ARAUJO CAMARA\u00a0 \u00a0<span style=\"color: #3366ff\"><a style=\"color: #3366ff\" href=\"http:\/\/lattes.cnpq.br\/7018607911182481\">Lattes<\/a><\/span><\/p>\n<p>NILTON SOUSA DA SILVA\u00a0\u00a0<span style=\"color: #3366ff\">\u00a0<a style=\"color: #3366ff\" href=\"http:\/\/lattes.cnpq.br\/3803335892269540\">Lattes<\/a><\/span><\/p>\n<p>RONALD CLAY DOS SANTOS ERICEIRA\u00a0 \u00a0<span style=\"color: #3366ff\"><a style=\"color: #3366ff\" href=\"http:\/\/lattes.cnpq.br\/7411392702332062\">Lattes<\/a><\/span><\/p>\n<p>ROSA CRISTINA MONTEIRO\u00a0\u00a0<span style=\"color: #3366ff\">\u00a0<a style=\"color: #3366ff\" href=\"http:\/\/lattes.cnpq.br\/4703453783397917\">Lattes<\/a><\/span><\/p>\n<p>ROSANE BRAGA DE MELO\u00a0\u00a0<span style=\"color: #3366ff\">\u00a0<a style=\"color: #3366ff\" href=\"http:\/\/lattes.cnpq.br\/3912419521668113\">Lattes<\/a><\/span><\/p>\n<p>SILVIA MARIA MELO GON\u00c7ALVES\u00a0 \u00a0<span style=\"color: #3366ff\"><a style=\"color: #3366ff\" href=\"http:\/\/lattes.cnpq.br\/4323286140400528\" target=\"_blank\" rel=\"noopener\">Lattes<\/a><\/span><\/p>\n<p>VALERIA MARQUES DE OLIVEIRA\u00a0 \u00a0<span style=\"color: #3366ff\"><a style=\"color: #3366ff\" href=\"http:\/\/lattes.cnpq.br\/4323286140400528\" target=\"_blank\" rel=\"noopener\">Lattes<\/a><\/span><\/p>\n<p>WANDERSON FERNANDES DE SOUZA\u00a0\u00a0<span style=\"color: #3366ff\"><a style=\"color: #3366ff\" href=\"http:\/\/lattes.cnpq.br\/7822122440477341\" target=\"_blank\" rel=\"noopener\">Lattes<\/a><\/span><\/p>\n<p style=\"text-align: center\">\n<\/blockquote>\n<p style=\"text-align: center\"><strong>T\u00e9cnico Administrativo<\/strong><\/p>\n<p style=\"text-align: center\">Rosangela Lopes<\/p>\n<p>&nbsp;<\/p>\n","protected":false},"excerpt":{"rendered":"<p>CORPO DOCENTE ANA CLAUDIA DE AZEVEDO PEIXOTO\u00a0\u00a0\u00a0Lattes BERNARDO BITTENCOURT SUPRANI\u00a0\u00a0Lattes CARLA CRISTINE VICENTE\u00a0\u00a0Lattes DEBORAH UHR\u00a0\u00a0Lattes DENIS GIOVANI MONTEIRO NAIFF\u00a0\u00a0\u00a0Lattes EMMY UEHARA PIRES\u00a0\u00a0Lattes\u00a0 [&hellip;]<\/p>\n","protected":false},"author":39,"featured_media":0,"parent":0,"menu_order":0,"comment_status":"closed","ping_status":"closed","template":"","meta":{"_acf_changed":false,"_themeisle_gutenberg_block_has_review":false,"footnotes":""},"class_list":["post-135","page","type-page","status-publish","hentry"],"acf":[],"yoast_head":"<!-- This site is optimized with the Yoast SEO plugin v26.8 - https:\/\/yoast.com\/product\/yoast-seo-wordpress\/ -->\n<title>Departamento de Psicologia - Instituto de Educa\u00e7\u00e3o<\/title>\n<meta name=\"robots\" content=\"index, follow, max-snippet:-1, max-image-preview:large, max-video-preview:-1\" \/>\n<link rel=\"canonical\" href=\"https:\/\/institutos.ufrrj.br\/ie\/departamento-de-psicologia\/\" \/>\n<meta property=\"og:locale\" content=\"pt_BR\" \/>\n<meta property=\"og:type\" content=\"article\" \/>\n<meta property=\"og:title\" content=\"Departamento de Psicologia - Instituto de Educa\u00e7\u00e3o\" \/>\n<meta property=\"og:description\" content=\"CORPO DOCENTE ANA CLAUDIA DE AZEVEDO PEIXOTO\u00a0\u00a0\u00a0Lattes BERNARDO BITTENCOURT SUPRANI\u00a0\u00a0Lattes CARLA CRISTINE VICENTE\u00a0\u00a0Lattes DEBORAH UHR\u00a0\u00a0Lattes DENIS GIOVANI MONTEIRO NAIFF\u00a0\u00a0\u00a0Lattes EMMY UEHARA PIRES\u00a0\u00a0Lattes\u00a0 [&hellip;]\" \/>\n<meta property=\"og:url\" content=\"https:\/\/institutos.ufrrj.br\/ie\/departamento-de-psicologia\/\" \/>\n<meta property=\"og:site_name\" content=\"Instituto de Educa\u00e7\u00e3o\" \/>\n<meta property=\"article:modified_time\" content=\"2019-07-28T20:15:09+00:00\" \/>\n<meta name=\"twitter:card\" content=\"summary_large_image\" \/>\n<script type=\"application\/ld+json\" class=\"yoast-schema-graph\">{\"@context\":\"https:\/\/schema.org\",\"@graph\":[{\"@type\":\"WebPage\",\"@id\":\"https:\/\/institutos.ufrrj.br\/ie\/departamento-de-psicologia\/\",\"url\":\"https:\/\/institutos.ufrrj.br\/ie\/departamento-de-psicologia\/\",\"name\":\"Departamento de Psicologia - Instituto de Educa\u00e7\u00e3o\",\"isPartOf\":{\"@id\":\"https:\/\/institutos.ufrrj.br\/ie\/#website\"},\"datePublished\":\"2018-08-14T17:52:54+00:00\",\"dateModified\":\"2019-07-28T20:15:09+00:00\",\"breadcrumb\":{\"@id\":\"https:\/\/institutos.ufrrj.br\/ie\/departamento-de-psicologia\/#breadcrumb\"},\"inLanguage\":\"pt-BR\",\"potentialAction\":[{\"@type\":\"ReadAction\",\"target\":[\"https:\/\/institutos.ufrrj.br\/ie\/departamento-de-psicologia\/\"]}]},{\"@type\":\"BreadcrumbList\",\"@id\":\"https:\/\/institutos.ufrrj.br\/ie\/departamento-de-psicologia\/#breadcrumb\",\"itemListElement\":[{\"@type\":\"ListItem\",\"position\":1,\"name\":\"In\u00edcio\",\"item\":\"https:\/\/institutos.ufrrj.br\/ie\/\"},{\"@type\":\"ListItem\",\"position\":2,\"name\":\"Departamento de Psicologia\"}]},{\"@type\":\"WebSite\",\"@id\":\"https:\/\/institutos.ufrrj.br\/ie\/#website\",\"url\":\"https:\/\/institutos.ufrrj.br\/ie\/\",\"name\":\"Instituto de Educa\u00e7\u00e3o\",\"description\":\"CAMPUS SEROP\u00c9DICA \u2013 UFRRJ\",\"publisher\":{\"@id\":\"https:\/\/institutos.ufrrj.br\/ie\/#organization\"},\"potentialAction\":[{\"@type\":\"SearchAction\",\"target\":{\"@type\":\"EntryPoint\",\"urlTemplate\":\"https:\/\/institutos.ufrrj.br\/ie\/?s={search_term_string}\"},\"query-input\":{\"@type\":\"PropertyValueSpecification\",\"valueRequired\":true,\"valueName\":\"search_term_string\"}}],\"inLanguage\":\"pt-BR\"},{\"@type\":\"Organization\",\"@id\":\"https:\/\/institutos.ufrrj.br\/ie\/#organization\",\"name\":\"UFRRJ - Universidade Federal Rural do Rio de Janeiro\",\"url\":\"https:\/\/institutos.ufrrj.br\/ie\/\",\"logo\":{\"@type\":\"ImageObject\",\"inLanguage\":\"pt-BR\",\"@id\":\"https:\/\/institutos.ufrrj.br\/ie\/#\/schema\/logo\/image\/\",\"url\":\"https:\/\/institutos.ufrrj.br\/ie\/wp-content\/uploads\/sites\/104\/2023\/06\/logo_ie.png\",\"contentUrl\":\"https:\/\/institutos.ufrrj.br\/ie\/wp-content\/uploads\/sites\/104\/2023\/06\/logo_ie.png\",\"width\":500,\"height\":110,\"caption\":\"UFRRJ - Universidade Federal Rural do Rio de Janeiro\"},\"image\":{\"@id\":\"https:\/\/institutos.ufrrj.br\/ie\/#\/schema\/logo\/image\/\"}}]}<\/script>\n<!-- \/ Yoast SEO plugin. -->","yoast_head_json":{"title":"Departamento de Psicologia - Instituto de Educa\u00e7\u00e3o","robots":{"index":"index","follow":"follow","max-snippet":"max-snippet:-1","max-image-preview":"max-image-preview:large","max-video-preview":"max-video-preview:-1"},"canonical":"https:\/\/institutos.ufrrj.br\/ie\/departamento-de-psicologia\/","og_locale":"pt_BR","og_type":"article","og_title":"Departamento de Psicologia - Instituto de Educa\u00e7\u00e3o","og_description":"CORPO DOCENTE ANA CLAUDIA DE AZEVEDO PEIXOTO\u00a0\u00a0\u00a0Lattes BERNARDO BITTENCOURT SUPRANI\u00a0\u00a0Lattes CARLA CRISTINE VICENTE\u00a0\u00a0Lattes DEBORAH UHR\u00a0\u00a0Lattes DENIS GIOVANI MONTEIRO NAIFF\u00a0\u00a0\u00a0Lattes EMMY UEHARA PIRES\u00a0\u00a0Lattes\u00a0 [&hellip;]","og_url":"https:\/\/institutos.ufrrj.br\/ie\/departamento-de-psicologia\/","og_site_name":"Instituto de Educa\u00e7\u00e3o","article_modified_time":"2019-07-28T20:15:09+00:00","twitter_card":"summary_large_image","schema":{"@context":"https:\/\/schema.org","@graph":[{"@type":"WebPage","@id":"https:\/\/institutos.ufrrj.br\/ie\/departamento-de-psicologia\/","url":"https:\/\/institutos.ufrrj.br\/ie\/departamento-de-psicologia\/","name":"Departamento de Psicologia - Instituto de Educa\u00e7\u00e3o","isPartOf":{"@id":"https:\/\/institutos.ufrrj.br\/ie\/#website"},"datePublished":"2018-08-14T17:52:54+00:00","dateModified":"2019-07-28T20:15:09+00:00","breadcrumb":{"@id":"https:\/\/institutos.ufrrj.br\/ie\/departamento-de-psicologia\/#breadcrumb"},"inLanguage":"pt-BR","potentialAction":[{"@type":"ReadAction","target":["https:\/\/institutos.ufrrj.br\/ie\/departamento-de-psicologia\/"]}]},{"@type":"BreadcrumbList","@id":"https:\/\/institutos.ufrrj.br\/ie\/departamento-de-psicologia\/#breadcrumb","itemListElement":[{"@type":"ListItem","position":1,"name":"In\u00edcio","item":"https:\/\/institutos.ufrrj.br\/ie\/"},{"@type":"ListItem","position":2,"name":"Departamento de Psicologia"}]},{"@type":"WebSite","@id":"https:\/\/institutos.ufrrj.br\/ie\/#website","url":"https:\/\/institutos.ufrrj.br\/ie\/","name":"Instituto de Educa\u00e7\u00e3o","description":"CAMPUS SEROP\u00c9DICA \u2013 UFRRJ","publisher":{"@id":"https:\/\/institutos.ufrrj.br\/ie\/#organization"},"potentialAction":[{"@type":"SearchAction","target":{"@type":"EntryPoint","urlTemplate":"https:\/\/institutos.ufrrj.br\/ie\/?s={search_term_string}"},"query-input":{"@type":"PropertyValueSpecification","valueRequired":true,"valueName":"search_term_string"}}],"inLanguage":"pt-BR"},{"@type":"Organization","@id":"https:\/\/institutos.ufrrj.br\/ie\/#organization","name":"UFRRJ - Universidade Federal Rural do Rio de Janeiro","url":"https:\/\/institutos.ufrrj.br\/ie\/","logo":{"@type":"ImageObject","inLanguage":"pt-BR","@id":"https:\/\/institutos.ufrrj.br\/ie\/#\/schema\/logo\/image\/","url":"https:\/\/institutos.ufrrj.br\/ie\/wp-content\/uploads\/sites\/104\/2023\/06\/logo_ie.png","contentUrl":"https:\/\/institutos.ufrrj.br\/ie\/wp-content\/uploads\/sites\/104\/2023\/06\/logo_ie.png","width":500,"height":110,"caption":"UFRRJ - Universidade Federal Rural do Rio de Janeiro"},"image":{"@id":"https:\/\/institutos.ufrrj.br\/ie\/#\/schema\/logo\/image\/"}}]}},"_links":{"self":[{"href":"https:\/\/institutos.ufrrj.br\/ie\/wp-json\/wp\/v2\/pages\/135","targetHints":{"allow":["GET"]}}],"collection":[{"href":"https:\/\/institutos.ufrrj.br\/ie\/wp-json\/wp\/v2\/pages"}],"about":[{"href":"https:\/\/institutos.ufrrj.br\/ie\/wp-json\/wp\/v2\/types\/page"}],"author":[{"embeddable":true,"href":"https:\/\/institutos.ufrrj.br\/ie\/wp-json\/wp\/v2\/users\/39"}],"replies":[{"embeddable":true,"href":"https:\/\/institutos.ufrrj.br\/ie\/wp-json\/wp\/v2\/comments?post=135"}],"version-history":[{"count":7,"href":"https:\/\/institutos.ufrrj.br\/ie\/wp-json\/wp\/v2\/pages\/135\/revisions"}],"predecessor-version":[{"id":322,"href":"https:\/\/institutos.ufrrj.br\/ie\/wp-json\/wp\/v2\/pages\/135\/revisions\/322"}],"wp:attachment":[{"href":"https:\/\/institutos.ufrrj.br\/ie\/wp-json\/wp\/v2\/media?parent=135"}],"curies":[{"name":"wp","href":"https:\/\/api.w.org\/{rel}","templated":true}]}}