{"id":149,"date":"2018-08-14T15:17:05","date_gmt":"2018-08-14T18:17:05","guid":{"rendered":"http:\/\/institutos.ufrrj.br\/ie\/?page_id=149"},"modified":"2025-06-03T16:41:51","modified_gmt":"2025-06-03T19:41:51","slug":"departamento-de-teoria-e-planejamento-do-ensino-dtpe","status":"publish","type":"page","link":"https:\/\/institutos.ufrrj.br\/ie\/departamento-de-teoria-e-planejamento-do-ensino-dtpe\/","title":{"rendered":"Departamento de Teoria e Planejamento do Ensino (DTPE)"},"content":{"rendered":"<p style=\"text-align: center;\"><strong>CORPO DOCENTE<\/strong><\/p>\n<p>ADRIANA ALVES FERNANDES COSTA\u00a0<a href=\"http:\/\/lattes.cnpq.br\/7762675379021738\"><span style=\"color: #0000ff;\"> Lattes<\/span><\/a><\/p>\n<p>ADRIANA CARVALHO SILVA<a href=\"http:\/\/lattes.cnpq.br\/6312922290409292\"><span style=\"color: #0000ff;\"> Lattes<\/span><\/a><\/p>\n<p>AMAURI MENDES PEREIRA <a href=\"http:\/\/lattes.cnpq.br\/2005836026921987\"><span style=\"color: #0000ff;\">Lattes<\/span><\/a><\/p>\n<p>AMPARO VILLA CUPOLILLO <a href=\"http:\/\/lattes.cnpq.br\/5482837394103537\"><span style=\"color: #0000ff;\">Lattes<\/span><\/a><\/p>\n<p>ANA CRISTINA SOUZA DOS SANTOS <a href=\"http:\/\/lattes.cnpq.br\/4663575610102204\"><span style=\"color: #0000ff;\">Lattes<\/span><\/a><\/p>\n<p>ANA MARIA DANTAS SOARES <a href=\"http:\/\/lattes.cnpq.br\/3776117532043539\"><span style=\"color: #0000ff;\">Lattes<\/span><\/a><\/p>\n<p>ANDREA SONIA BERENBLUM <a href=\"http:\/\/lattes.cnpq.br\/4697912841146817\"><span style=\"color: #0000ff;\">Lattes<\/span><\/a><\/p>\n<p>BENJAMIN CARVALHO TEIXEIRA PINTO <a href=\"http:\/\/lattes.cnpq.br\/2942265386518858\"><span style=\"color: #0000ff;\">Lattes<\/span><\/a><\/p>\n<p>BRUNO CARDOSO DE MENEZES BAHIA <a href=\"http:\/\/lattes.cnpq.br\/0728241677912831\"><span style=\"color: #0000ff;\">Lattes<\/span><\/a><\/p>\n<p>BRUNO MATOS VIEIRA <a href=\"http:\/\/lattes.cnpq.br\/1816191758677900\"><span style=\"color: #0000ff;\">Lattes<\/span><\/a><\/p>\n<p>EDM\u00c9A OLIVEIRA DOS SANTOS <a href=\"http:\/\/lattes.cnpq.br\/4023554724278836\"><span style=\"color: #0000ff;\">Lattes<\/span><\/a><\/p>\n<p>ELIANE FAZOLO FREIRE<a href=\"http:\/\/lattes.cnpq.br\/8637944734079854\"><span style=\"color: #0000ff;\"> Lattes<\/span><\/a><\/p>\n<p>FABR\u00cdCIA VELLASQUEZ PAIVA\u00a0<a href=\"http:\/\/lattes.cnpq.br\/6349241585859531\"><span style=\"color: #0000ff;\">Lattes<\/span><\/a><\/p>\n<p>FERNANDO BONADIA DE OLIVEIRA\u00a0<a href=\"http:\/\/lattes.cnpq.br\/2160894883696321\"><span style=\"color: #0000ff;\">Lattes<\/span><\/a><\/p>\n<p>FERNANDO C\u00c9SAR FERREIRA GOUV\u00caA\u00a0<a href=\"http:\/\/lattes.cnpq.br\/6186337020612168\"><span style=\"color: #0000ff;\">Lattes<\/span><\/a><\/p>\n<p>JOS\u00c9 RICARDO DA SILVA RAMOS\u00a0<a href=\"http:\/\/lattes.cnpq.br\/5133720913525187\"><span style=\"color: #0000ff;\">Lattes<\/span><\/a><\/p>\n<p>JUACIARA BARROZO GOMES\u00a0<a href=\"http:\/\/lattes.cnpq.br\/0155514453475678\"><span style=\"color: #0000ff;\">Lattes<\/span><\/a><\/p>\n<p>LANA CLAUDIA DE SOUZA FONSECA\u00a0<a href=\"http:\/\/lattes.cnpq.br\/5084376565424146\"><span style=\"color: #0000ff;\">Lattes<\/span><\/a><\/p>\n<p>LILIAN COUTO CORDEIRO ESTOLANO\u00a0<a href=\"http:\/\/lattes.cnpq.br\/8241978928027519\"><span style=\"color: #0000ff;\">Lattes<\/span><\/a><\/p>\n<p>LILIANE BARREIRA SANCHEZ\u00a0<a href=\"http:\/\/lattes.cnpq.br\/7875754985048131\"><span style=\"color: #0000ff;\">Lattes<\/span><\/a><\/p>\n<p>LIZ DENIZE CARVALHO PAIVA\u00a0<a href=\"http:\/\/lattes.cnpq.br\/9816342888670620\"><span style=\"color: #0000ff;\">Lattes<\/span><\/a><\/p>\n<p>LUCIA APARECIDA VALADARES SARTORIO\u00a0<a href=\"http:\/\/lattes.cnpq.br\/0065490535281260\">\u00a0<span style=\"color: #0000ff;\">Lattes<\/span><\/a><\/p>\n<p>LUIZA ALVES DE OLIVEIRA\u00a0\u00a0<a href=\"http:\/\/lattes.cnpq.br\/8903633990618166\"><span style=\"color: #0000ff;\">Lattes<\/span><\/a><\/p>\n<p>MARCELO ALMEIDA BAIRRAL\u00a0\u00a0<a href=\"http:\/\/lattes.cnpq.br\/0159010164759435\"><span style=\"color: #0000ff;\">Lattes<\/span><\/a><\/p>\n<p>MARCIO DE ALBUQUERQUE VIANNA\u00a0<a href=\"http:\/\/lattes.cnpq.br\/1194444335975667\">\u00a0<span style=\"color: #0000ff;\">Lattes<\/span><\/a><\/p>\n<p>MARCO ANTONIO DE MORAES\u00a0<a href=\"http:\/\/lattes.cnpq.br\/7588974924153413\"><span style=\"color: #0000ff;\">Lattes<\/span><\/a><\/p>\n<p>MARIA ANG\u00c9LICA DA GAMA CABRAL COUTINHO\u00a0<a href=\"http:\/\/lattes.cnpq.br\/4328826368811697\"><span style=\"color: #0000ff;\">Lattes<\/span><\/a><\/p>\n<p>M\u00cdRIAN MORELLI LIMA<a href=\"http:\/\/lattes.cnpq.br\/3181817513133485\">\u00a0<span style=\"color: #0000ff;\">Lattes<\/span><\/a><\/p>\n<p>N\u00c1DIA MARIA PEREIRA DE SOUZA\u00a0<a href=\"http:\/\/lattes.cnpq.br\/3482614478463727\"><span style=\"color: #0000ff;\">Lattes<\/span><\/a><\/p>\n<p>REGINA MARIA DE OLIVEIRA RIBEIRO\u00a0<a href=\"http:\/\/lattes.cnpq.br\/5787065440504096\"><span style=\"color: #0000ff;\">Lattes<\/span><\/a><\/p>\n<p>SABRINA GALENO DA COSTA\u00a0<a href=\"http:\/\/lattes.cnpq.br\/9829838279133736\"><span style=\"color: #0000ff;\">Lattes<\/span><\/a><\/p>\n<p>SILVIA MOREIRA GOULART\u00a0<a href=\"http:\/\/lattes.cnpq.br\/0346538916616057\"><span style=\"color: #0000ff;\">Lattes<\/span><\/a><\/p>\n<p>SIMONE BATISTA DA SILVA\u00a0\u00a0<a href=\"http:\/\/lattes.cnpq.br\/1985424809328384\"><span style=\"color: #0000ff;\">Lattes<\/span><\/a><\/p>\n<p>SUEMY YUKIZAKI\u00a0\u00a0<a href=\"http:\/\/lattes.cnpq.br\/2122375026816115\"><span style=\"color: #0000ff;\">Lattes<\/span><\/a><\/p>\n<p>VIVIANE DE SOUZA RODRIGUES\u00a0\u00a0<a href=\"http:\/\/lattes.cnpq.br\/1854461228384158\"><span style=\"color: #0000ff;\">Lattes<\/span><\/a><\/p>\n<p>WANDERLEY DA SILVA\u00a0\u00a0<a href=\"http:\/\/lattes.cnpq.br\/1894566485754183\"><span style=\"color: #0000ff;\">Lattes<\/span><\/a><\/p>\n<p>ZILENE MOREIRA PEREIRA <a href=\"http:\/\/lattes.cnpq.br\/9827016932616129\">Lattes<\/a><\/p>\n<p style=\"text-align: center;\"><strong>T\u00e9cnicos administrativos<\/strong><\/p>\n<p style=\"text-align: center;\">FABIANE MOREIRA ELIZIARIO RIBEIRO<\/p>\n<p style=\"text-align: center;\">MARCELO SIU<\/p>\n","protected":false},"excerpt":{"rendered":"<p>CORPO DOCENTE ADRIANA ALVES FERNANDES COSTA\u00a0 Lattes ADRIANA CARVALHO SILVA Lattes AMAURI MENDES PEREIRA Lattes AMPARO VILLA CUPOLILLO Lattes ANA CRISTINA SOUZA [&hellip;]<\/p>\n","protected":false},"author":39,"featured_media":0,"parent":0,"menu_order":0,"comment_status":"closed","ping_status":"closed","template":"","meta":{"_acf_changed":false,"_themeisle_gutenberg_block_has_review":false,"footnotes":""},"class_list":["post-149","page","type-page","status-publish","hentry"],"acf":[],"yoast_head":"<!-- This site is optimized with the Yoast SEO plugin v26.8 - https:\/\/yoast.com\/product\/yoast-seo-wordpress\/ -->\n<title>Departamento de Teoria e Planejamento do Ensino (DTPE) - Instituto de Educa\u00e7\u00e3o<\/title>\n<meta name=\"robots\" content=\"index, follow, max-snippet:-1, max-image-preview:large, max-video-preview:-1\" \/>\n<link rel=\"canonical\" href=\"https:\/\/institutos.ufrrj.br\/ie\/departamento-de-teoria-e-planejamento-do-ensino-dtpe\/\" \/>\n<meta property=\"og:locale\" content=\"pt_BR\" \/>\n<meta property=\"og:type\" content=\"article\" \/>\n<meta property=\"og:title\" content=\"Departamento de Teoria e Planejamento do Ensino (DTPE) - Instituto de Educa\u00e7\u00e3o\" \/>\n<meta property=\"og:description\" content=\"CORPO DOCENTE ADRIANA ALVES FERNANDES COSTA\u00a0 Lattes ADRIANA CARVALHO SILVA Lattes AMAURI MENDES PEREIRA Lattes AMPARO VILLA CUPOLILLO Lattes ANA CRISTINA SOUZA [&hellip;]\" \/>\n<meta property=\"og:url\" content=\"https:\/\/institutos.ufrrj.br\/ie\/departamento-de-teoria-e-planejamento-do-ensino-dtpe\/\" \/>\n<meta property=\"og:site_name\" content=\"Instituto de Educa\u00e7\u00e3o\" \/>\n<meta property=\"article:modified_time\" content=\"2025-06-03T19:41:51+00:00\" \/>\n<meta name=\"twitter:card\" content=\"summary_large_image\" \/>\n<meta name=\"twitter:label1\" content=\"Est. tempo de leitura\" \/>\n\t<meta name=\"twitter:data1\" content=\"1 minuto\" \/>\n<script type=\"application\/ld+json\" class=\"yoast-schema-graph\">{\"@context\":\"https:\/\/schema.org\",\"@graph\":[{\"@type\":\"WebPage\",\"@id\":\"https:\/\/institutos.ufrrj.br\/ie\/departamento-de-teoria-e-planejamento-do-ensino-dtpe\/\",\"url\":\"https:\/\/institutos.ufrrj.br\/ie\/departamento-de-teoria-e-planejamento-do-ensino-dtpe\/\",\"name\":\"Departamento de Teoria e Planejamento do Ensino (DTPE) - Instituto de Educa\u00e7\u00e3o\",\"isPartOf\":{\"@id\":\"https:\/\/institutos.ufrrj.br\/ie\/#website\"},\"datePublished\":\"2018-08-14T18:17:05+00:00\",\"dateModified\":\"2025-06-03T19:41:51+00:00\",\"breadcrumb\":{\"@id\":\"https:\/\/institutos.ufrrj.br\/ie\/departamento-de-teoria-e-planejamento-do-ensino-dtpe\/#breadcrumb\"},\"inLanguage\":\"pt-BR\",\"potentialAction\":[{\"@type\":\"ReadAction\",\"target\":[\"https:\/\/institutos.ufrrj.br\/ie\/departamento-de-teoria-e-planejamento-do-ensino-dtpe\/\"]}]},{\"@type\":\"BreadcrumbList\",\"@id\":\"https:\/\/institutos.ufrrj.br\/ie\/departamento-de-teoria-e-planejamento-do-ensino-dtpe\/#breadcrumb\",\"itemListElement\":[{\"@type\":\"ListItem\",\"position\":1,\"name\":\"In\u00edcio\",\"item\":\"https:\/\/institutos.ufrrj.br\/ie\/\"},{\"@type\":\"ListItem\",\"position\":2,\"name\":\"Departamento de Teoria e Planejamento do Ensino (DTPE)\"}]},{\"@type\":\"WebSite\",\"@id\":\"https:\/\/institutos.ufrrj.br\/ie\/#website\",\"url\":\"https:\/\/institutos.ufrrj.br\/ie\/\",\"name\":\"Instituto de Educa\u00e7\u00e3o\",\"description\":\"CAMPUS SEROP\u00c9DICA \u2013 UFRRJ\",\"publisher\":{\"@id\":\"https:\/\/institutos.ufrrj.br\/ie\/#organization\"},\"potentialAction\":[{\"@type\":\"SearchAction\",\"target\":{\"@type\":\"EntryPoint\",\"urlTemplate\":\"https:\/\/institutos.ufrrj.br\/ie\/?s={search_term_string}\"},\"query-input\":{\"@type\":\"PropertyValueSpecification\",\"valueRequired\":true,\"valueName\":\"search_term_string\"}}],\"inLanguage\":\"pt-BR\"},{\"@type\":\"Organization\",\"@id\":\"https:\/\/institutos.ufrrj.br\/ie\/#organization\",\"name\":\"UFRRJ - Universidade Federal Rural do Rio de Janeiro\",\"url\":\"https:\/\/institutos.ufrrj.br\/ie\/\",\"logo\":{\"@type\":\"ImageObject\",\"inLanguage\":\"pt-BR\",\"@id\":\"https:\/\/institutos.ufrrj.br\/ie\/#\/schema\/logo\/image\/\",\"url\":\"https:\/\/institutos.ufrrj.br\/ie\/wp-content\/uploads\/sites\/104\/2023\/06\/logo_ie.png\",\"contentUrl\":\"https:\/\/institutos.ufrrj.br\/ie\/wp-content\/uploads\/sites\/104\/2023\/06\/logo_ie.png\",\"width\":500,\"height\":110,\"caption\":\"UFRRJ - Universidade Federal Rural do Rio de Janeiro\"},\"image\":{\"@id\":\"https:\/\/institutos.ufrrj.br\/ie\/#\/schema\/logo\/image\/\"}}]}<\/script>\n<!-- \/ Yoast SEO plugin. -->","yoast_head_json":{"title":"Departamento de Teoria e Planejamento do Ensino (DTPE) - Instituto de Educa\u00e7\u00e3o","robots":{"index":"index","follow":"follow","max-snippet":"max-snippet:-1","max-image-preview":"max-image-preview:large","max-video-preview":"max-video-preview:-1"},"canonical":"https:\/\/institutos.ufrrj.br\/ie\/departamento-de-teoria-e-planejamento-do-ensino-dtpe\/","og_locale":"pt_BR","og_type":"article","og_title":"Departamento de Teoria e Planejamento do Ensino (DTPE) - Instituto de Educa\u00e7\u00e3o","og_description":"CORPO DOCENTE ADRIANA ALVES FERNANDES COSTA\u00a0 Lattes ADRIANA CARVALHO SILVA Lattes AMAURI MENDES PEREIRA Lattes AMPARO VILLA CUPOLILLO Lattes ANA CRISTINA SOUZA [&hellip;]","og_url":"https:\/\/institutos.ufrrj.br\/ie\/departamento-de-teoria-e-planejamento-do-ensino-dtpe\/","og_site_name":"Instituto de Educa\u00e7\u00e3o","article_modified_time":"2025-06-03T19:41:51+00:00","twitter_card":"summary_large_image","twitter_misc":{"Est. tempo de leitura":"1 minuto"},"schema":{"@context":"https:\/\/schema.org","@graph":[{"@type":"WebPage","@id":"https:\/\/institutos.ufrrj.br\/ie\/departamento-de-teoria-e-planejamento-do-ensino-dtpe\/","url":"https:\/\/institutos.ufrrj.br\/ie\/departamento-de-teoria-e-planejamento-do-ensino-dtpe\/","name":"Departamento de Teoria e Planejamento do Ensino (DTPE) - Instituto de Educa\u00e7\u00e3o","isPartOf":{"@id":"https:\/\/institutos.ufrrj.br\/ie\/#website"},"datePublished":"2018-08-14T18:17:05+00:00","dateModified":"2025-06-03T19:41:51+00:00","breadcrumb":{"@id":"https:\/\/institutos.ufrrj.br\/ie\/departamento-de-teoria-e-planejamento-do-ensino-dtpe\/#breadcrumb"},"inLanguage":"pt-BR","potentialAction":[{"@type":"ReadAction","target":["https:\/\/institutos.ufrrj.br\/ie\/departamento-de-teoria-e-planejamento-do-ensino-dtpe\/"]}]},{"@type":"BreadcrumbList","@id":"https:\/\/institutos.ufrrj.br\/ie\/departamento-de-teoria-e-planejamento-do-ensino-dtpe\/#breadcrumb","itemListElement":[{"@type":"ListItem","position":1,"name":"In\u00edcio","item":"https:\/\/institutos.ufrrj.br\/ie\/"},{"@type":"ListItem","position":2,"name":"Departamento de Teoria e Planejamento do Ensino (DTPE)"}]},{"@type":"WebSite","@id":"https:\/\/institutos.ufrrj.br\/ie\/#website","url":"https:\/\/institutos.ufrrj.br\/ie\/","name":"Instituto de Educa\u00e7\u00e3o","description":"CAMPUS SEROP\u00c9DICA \u2013 UFRRJ","publisher":{"@id":"https:\/\/institutos.ufrrj.br\/ie\/#organization"},"potentialAction":[{"@type":"SearchAction","target":{"@type":"EntryPoint","urlTemplate":"https:\/\/institutos.ufrrj.br\/ie\/?s={search_term_string}"},"query-input":{"@type":"PropertyValueSpecification","valueRequired":true,"valueName":"search_term_string"}}],"inLanguage":"pt-BR"},{"@type":"Organization","@id":"https:\/\/institutos.ufrrj.br\/ie\/#organization","name":"UFRRJ - Universidade Federal Rural do Rio de Janeiro","url":"https:\/\/institutos.ufrrj.br\/ie\/","logo":{"@type":"ImageObject","inLanguage":"pt-BR","@id":"https:\/\/institutos.ufrrj.br\/ie\/#\/schema\/logo\/image\/","url":"https:\/\/institutos.ufrrj.br\/ie\/wp-content\/uploads\/sites\/104\/2023\/06\/logo_ie.png","contentUrl":"https:\/\/institutos.ufrrj.br\/ie\/wp-content\/uploads\/sites\/104\/2023\/06\/logo_ie.png","width":500,"height":110,"caption":"UFRRJ - Universidade Federal Rural do Rio de Janeiro"},"image":{"@id":"https:\/\/institutos.ufrrj.br\/ie\/#\/schema\/logo\/image\/"}}]}},"_links":{"self":[{"href":"https:\/\/institutos.ufrrj.br\/ie\/wp-json\/wp\/v2\/pages\/149","targetHints":{"allow":["GET"]}}],"collection":[{"href":"https:\/\/institutos.ufrrj.br\/ie\/wp-json\/wp\/v2\/pages"}],"about":[{"href":"https:\/\/institutos.ufrrj.br\/ie\/wp-json\/wp\/v2\/types\/page"}],"author":[{"embeddable":true,"href":"https:\/\/institutos.ufrrj.br\/ie\/wp-json\/wp\/v2\/users\/39"}],"replies":[{"embeddable":true,"href":"https:\/\/institutos.ufrrj.br\/ie\/wp-json\/wp\/v2\/comments?post=149"}],"version-history":[{"count":5,"href":"https:\/\/institutos.ufrrj.br\/ie\/wp-json\/wp\/v2\/pages\/149\/revisions"}],"predecessor-version":[{"id":518,"href":"https:\/\/institutos.ufrrj.br\/ie\/wp-json\/wp\/v2\/pages\/149\/revisions\/518"}],"wp:attachment":[{"href":"https:\/\/institutos.ufrrj.br\/ie\/wp-json\/wp\/v2\/media?parent=149"}],"curies":[{"name":"wp","href":"https:\/\/api.w.org\/{rel}","templated":true}]}}