{"id":152,"date":"2018-08-14T15:18:39","date_gmt":"2018-08-14T18:18:39","guid":{"rendered":"http:\/\/institutos.ufrrj.br\/ie\/?page_id=152"},"modified":"2019-07-28T17:56:13","modified_gmt":"2019-07-28T20:56:13","slug":"departamento-de-educacao-fisica-e-desportosdefd","status":"publish","type":"page","link":"https:\/\/institutos.ufrrj.br\/ie\/departamento-de-educacao-fisica-e-desportosdefd\/","title":{"rendered":"Departamento de Educa\u00e7\u00e3o F\u00edsica e Desportos(DEFD)"},"content":{"rendered":"<p style=\"text-align: center\"><strong>Corpo docente<\/strong><\/p>\n<p><span style=\"font-family: Times New Roman, serif\"><span style=\"font-size: medium\">ALDAIR JOSE DE OLIVEIRA<span style=\"color: #0000ff\">\u00a0\u00a0<a style=\"color: #0000ff\" href=\"http:\/\/lattes.cnpq.br\/7669724967517451\">Lattes<\/a><\/span><\/span><\/span><\/p>\n<p>ANDERSON LUIZ BEZERRA DA SILVEIRA <a href=\"http:\/\/lattes.cnpq.br\/2389812933788850\"><span style=\"color: #0000ff\">Lattes<\/span><\/a><\/p>\n<p>ERIKA MARIA KOPP XAVIER DA SILVEIRA <a href=\"http:\/\/lattes.cnpq.br\/9061038772334584\"><span style=\"color: #0000ff\">Lattes<\/span><\/a><\/p>\n<p>FABIANE FROTA DA ROCHA MORGADO<a href=\"http:\/\/lattes.cnpq.br\/1988074625618984\"> <span style=\"color: #0000ff\">Lattes<\/span><\/a><\/p>\n<p>FABRIZIO DI MASI <span style=\"color: #0000ff\"><a style=\"color: #0000ff\" href=\"http:\/\/lattes.cnpq.br\/2187462253602448\">Lattes<\/a><\/span><\/p>\n<p>FRANCIS NATALLY DE ALMEIDA ANACLETO <span style=\"color: #0000ff\"><a style=\"color: #0000ff\" href=\"http:\/\/lattes.cnpq.br\/2187462253602448\">Lattes<\/a><\/span><\/p>\n<p>JOSE CAMILO CAMOES <a href=\"http:\/\/lattes.cnpq.br\/7641097332924456\"><span style=\"color: #0000ff\">Lattes<\/span><\/a><\/p>\n<p>JOS\u00c9 HENRIQUE DOS SANTOS <a href=\"http:\/\/lattes.cnpq.br\/3330684865751520\"><span style=\"color: #0000ff\">Lattes<\/span><\/a><\/p>\n<p>M\u00c1RCIA DA SILVA CAMPE\u00c3O<a href=\"http:\/\/lattes.cnpq.br\/7534888048551637\"> <span style=\"color: #0000ff\">Lattes<\/span><\/a><\/p>\n<p>RICARDO RUFFONI<a href=\"http:\/\/lattes.cnpq.br\/8193088509334234\"><span style=\"color: #0000ff\"> Lattes<\/span><\/a><\/p>\n<p>RONALDO C\u00c9SAR NOLASCO <a href=\"http:\/\/lattes.cnpq.br\/8071771070472090\"><span style=\"color: #0000ff\">Lattes<\/span><\/a><\/p>\n<p>SEBASTI\u00c3O NEVES SERRANO<a href=\"http:\/\/lattes.cnpq.br\/8137167031119480\"><span style=\"color: #0000ff\"> Lattes<\/span><\/a><\/p>\n<p>VAL\u00c9RIA NASCIMENTO LEBEIS PIRES <a href=\"http:\/\/lattes.cnpq.br\/0935439503269817\"><span style=\"color: #0000ff\">Lattes<\/span><\/a><\/p>\n<p>WALTER JACINTO NUNES <a href=\"http:\/\/lattes.cnpq.br\/7700950121584786\"><span style=\"color: #0000ff\">Lattes<\/span><\/a><\/p>\n<p style=\"text-align: center\"><strong>T\u00e9cnicos administrativos<\/strong><\/p>\n<p style=\"text-align: center\">ANTONIO CARLOS RAMOS<\/p>\n<p style=\"text-align: center\">EZILEA MORAES DE SOUZA CARDOSO<\/p>\n<p style=\"text-align: center\">JOS\u00c9 LUIZ FIGUEIRA<\/p>\n<p style=\"text-align: center\">RONALDO DELESPORTE DOS SANTOS<\/p>\n<p>&nbsp;<\/p>\n","protected":false},"excerpt":{"rendered":"<p>Corpo docente ALDAIR JOSE DE OLIVEIRA\u00a0\u00a0Lattes ANDERSON LUIZ BEZERRA DA SILVEIRA Lattes ERIKA MARIA KOPP XAVIER DA SILVEIRA Lattes FABIANE FROTA DA [&hellip;]<\/p>\n","protected":false},"author":39,"featured_media":0,"parent":0,"menu_order":0,"comment_status":"closed","ping_status":"closed","template":"","meta":{"_acf_changed":false,"_themeisle_gutenberg_block_has_review":false,"footnotes":""},"class_list":["post-152","page","type-page","status-publish","hentry"],"acf":[],"yoast_head":"<!-- This site is optimized with the Yoast SEO plugin v26.8 - https:\/\/yoast.com\/product\/yoast-seo-wordpress\/ -->\n<title>Departamento de Educa\u00e7\u00e3o F\u00edsica e Desportos(DEFD) - Instituto de Educa\u00e7\u00e3o<\/title>\n<meta name=\"robots\" content=\"index, follow, max-snippet:-1, max-image-preview:large, max-video-preview:-1\" \/>\n<link rel=\"canonical\" href=\"https:\/\/institutos.ufrrj.br\/ie\/departamento-de-educacao-fisica-e-desportosdefd\/\" \/>\n<meta property=\"og:locale\" content=\"pt_BR\" \/>\n<meta property=\"og:type\" content=\"article\" \/>\n<meta property=\"og:title\" content=\"Departamento de Educa\u00e7\u00e3o F\u00edsica e Desportos(DEFD) - Instituto de Educa\u00e7\u00e3o\" \/>\n<meta property=\"og:description\" content=\"Corpo docente ALDAIR JOSE DE OLIVEIRA\u00a0\u00a0Lattes ANDERSON LUIZ BEZERRA DA SILVEIRA Lattes ERIKA MARIA KOPP XAVIER DA SILVEIRA Lattes FABIANE FROTA DA [&hellip;]\" \/>\n<meta property=\"og:url\" content=\"https:\/\/institutos.ufrrj.br\/ie\/departamento-de-educacao-fisica-e-desportosdefd\/\" \/>\n<meta property=\"og:site_name\" content=\"Instituto de Educa\u00e7\u00e3o\" \/>\n<meta property=\"article:modified_time\" content=\"2019-07-28T20:56:13+00:00\" \/>\n<meta name=\"twitter:card\" content=\"summary_large_image\" \/>\n<script type=\"application\/ld+json\" class=\"yoast-schema-graph\">{\"@context\":\"https:\/\/schema.org\",\"@graph\":[{\"@type\":\"WebPage\",\"@id\":\"https:\/\/institutos.ufrrj.br\/ie\/departamento-de-educacao-fisica-e-desportosdefd\/\",\"url\":\"https:\/\/institutos.ufrrj.br\/ie\/departamento-de-educacao-fisica-e-desportosdefd\/\",\"name\":\"Departamento de Educa\u00e7\u00e3o F\u00edsica e Desportos(DEFD) - Instituto de Educa\u00e7\u00e3o\",\"isPartOf\":{\"@id\":\"https:\/\/institutos.ufrrj.br\/ie\/#website\"},\"datePublished\":\"2018-08-14T18:18:39+00:00\",\"dateModified\":\"2019-07-28T20:56:13+00:00\",\"breadcrumb\":{\"@id\":\"https:\/\/institutos.ufrrj.br\/ie\/departamento-de-educacao-fisica-e-desportosdefd\/#breadcrumb\"},\"inLanguage\":\"pt-BR\",\"potentialAction\":[{\"@type\":\"ReadAction\",\"target\":[\"https:\/\/institutos.ufrrj.br\/ie\/departamento-de-educacao-fisica-e-desportosdefd\/\"]}]},{\"@type\":\"BreadcrumbList\",\"@id\":\"https:\/\/institutos.ufrrj.br\/ie\/departamento-de-educacao-fisica-e-desportosdefd\/#breadcrumb\",\"itemListElement\":[{\"@type\":\"ListItem\",\"position\":1,\"name\":\"In\u00edcio\",\"item\":\"https:\/\/institutos.ufrrj.br\/ie\/\"},{\"@type\":\"ListItem\",\"position\":2,\"name\":\"Departamento de Educa\u00e7\u00e3o F\u00edsica e Desportos(DEFD)\"}]},{\"@type\":\"WebSite\",\"@id\":\"https:\/\/institutos.ufrrj.br\/ie\/#website\",\"url\":\"https:\/\/institutos.ufrrj.br\/ie\/\",\"name\":\"Instituto de Educa\u00e7\u00e3o\",\"description\":\"CAMPUS SEROP\u00c9DICA \u2013 UFRRJ\",\"publisher\":{\"@id\":\"https:\/\/institutos.ufrrj.br\/ie\/#organization\"},\"potentialAction\":[{\"@type\":\"SearchAction\",\"target\":{\"@type\":\"EntryPoint\",\"urlTemplate\":\"https:\/\/institutos.ufrrj.br\/ie\/?s={search_term_string}\"},\"query-input\":{\"@type\":\"PropertyValueSpecification\",\"valueRequired\":true,\"valueName\":\"search_term_string\"}}],\"inLanguage\":\"pt-BR\"},{\"@type\":\"Organization\",\"@id\":\"https:\/\/institutos.ufrrj.br\/ie\/#organization\",\"name\":\"UFRRJ - Universidade Federal Rural do Rio de Janeiro\",\"url\":\"https:\/\/institutos.ufrrj.br\/ie\/\",\"logo\":{\"@type\":\"ImageObject\",\"inLanguage\":\"pt-BR\",\"@id\":\"https:\/\/institutos.ufrrj.br\/ie\/#\/schema\/logo\/image\/\",\"url\":\"https:\/\/institutos.ufrrj.br\/ie\/wp-content\/uploads\/sites\/104\/2023\/06\/logo_ie.png\",\"contentUrl\":\"https:\/\/institutos.ufrrj.br\/ie\/wp-content\/uploads\/sites\/104\/2023\/06\/logo_ie.png\",\"width\":500,\"height\":110,\"caption\":\"UFRRJ - Universidade Federal Rural do Rio de Janeiro\"},\"image\":{\"@id\":\"https:\/\/institutos.ufrrj.br\/ie\/#\/schema\/logo\/image\/\"}}]}<\/script>\n<!-- \/ Yoast SEO plugin. -->","yoast_head_json":{"title":"Departamento de Educa\u00e7\u00e3o F\u00edsica e Desportos(DEFD) - Instituto de Educa\u00e7\u00e3o","robots":{"index":"index","follow":"follow","max-snippet":"max-snippet:-1","max-image-preview":"max-image-preview:large","max-video-preview":"max-video-preview:-1"},"canonical":"https:\/\/institutos.ufrrj.br\/ie\/departamento-de-educacao-fisica-e-desportosdefd\/","og_locale":"pt_BR","og_type":"article","og_title":"Departamento de Educa\u00e7\u00e3o F\u00edsica e Desportos(DEFD) - Instituto de Educa\u00e7\u00e3o","og_description":"Corpo docente ALDAIR JOSE DE OLIVEIRA\u00a0\u00a0Lattes ANDERSON LUIZ BEZERRA DA SILVEIRA Lattes ERIKA MARIA KOPP XAVIER DA SILVEIRA Lattes FABIANE FROTA DA [&hellip;]","og_url":"https:\/\/institutos.ufrrj.br\/ie\/departamento-de-educacao-fisica-e-desportosdefd\/","og_site_name":"Instituto de Educa\u00e7\u00e3o","article_modified_time":"2019-07-28T20:56:13+00:00","twitter_card":"summary_large_image","schema":{"@context":"https:\/\/schema.org","@graph":[{"@type":"WebPage","@id":"https:\/\/institutos.ufrrj.br\/ie\/departamento-de-educacao-fisica-e-desportosdefd\/","url":"https:\/\/institutos.ufrrj.br\/ie\/departamento-de-educacao-fisica-e-desportosdefd\/","name":"Departamento de Educa\u00e7\u00e3o F\u00edsica e Desportos(DEFD) - Instituto de Educa\u00e7\u00e3o","isPartOf":{"@id":"https:\/\/institutos.ufrrj.br\/ie\/#website"},"datePublished":"2018-08-14T18:18:39+00:00","dateModified":"2019-07-28T20:56:13+00:00","breadcrumb":{"@id":"https:\/\/institutos.ufrrj.br\/ie\/departamento-de-educacao-fisica-e-desportosdefd\/#breadcrumb"},"inLanguage":"pt-BR","potentialAction":[{"@type":"ReadAction","target":["https:\/\/institutos.ufrrj.br\/ie\/departamento-de-educacao-fisica-e-desportosdefd\/"]}]},{"@type":"BreadcrumbList","@id":"https:\/\/institutos.ufrrj.br\/ie\/departamento-de-educacao-fisica-e-desportosdefd\/#breadcrumb","itemListElement":[{"@type":"ListItem","position":1,"name":"In\u00edcio","item":"https:\/\/institutos.ufrrj.br\/ie\/"},{"@type":"ListItem","position":2,"name":"Departamento de Educa\u00e7\u00e3o F\u00edsica e Desportos(DEFD)"}]},{"@type":"WebSite","@id":"https:\/\/institutos.ufrrj.br\/ie\/#website","url":"https:\/\/institutos.ufrrj.br\/ie\/","name":"Instituto de Educa\u00e7\u00e3o","description":"CAMPUS SEROP\u00c9DICA \u2013 UFRRJ","publisher":{"@id":"https:\/\/institutos.ufrrj.br\/ie\/#organization"},"potentialAction":[{"@type":"SearchAction","target":{"@type":"EntryPoint","urlTemplate":"https:\/\/institutos.ufrrj.br\/ie\/?s={search_term_string}"},"query-input":{"@type":"PropertyValueSpecification","valueRequired":true,"valueName":"search_term_string"}}],"inLanguage":"pt-BR"},{"@type":"Organization","@id":"https:\/\/institutos.ufrrj.br\/ie\/#organization","name":"UFRRJ - Universidade Federal Rural do Rio de Janeiro","url":"https:\/\/institutos.ufrrj.br\/ie\/","logo":{"@type":"ImageObject","inLanguage":"pt-BR","@id":"https:\/\/institutos.ufrrj.br\/ie\/#\/schema\/logo\/image\/","url":"https:\/\/institutos.ufrrj.br\/ie\/wp-content\/uploads\/sites\/104\/2023\/06\/logo_ie.png","contentUrl":"https:\/\/institutos.ufrrj.br\/ie\/wp-content\/uploads\/sites\/104\/2023\/06\/logo_ie.png","width":500,"height":110,"caption":"UFRRJ - Universidade Federal Rural do Rio de Janeiro"},"image":{"@id":"https:\/\/institutos.ufrrj.br\/ie\/#\/schema\/logo\/image\/"}}]}},"_links":{"self":[{"href":"https:\/\/institutos.ufrrj.br\/ie\/wp-json\/wp\/v2\/pages\/152","targetHints":{"allow":["GET"]}}],"collection":[{"href":"https:\/\/institutos.ufrrj.br\/ie\/wp-json\/wp\/v2\/pages"}],"about":[{"href":"https:\/\/institutos.ufrrj.br\/ie\/wp-json\/wp\/v2\/types\/page"}],"author":[{"embeddable":true,"href":"https:\/\/institutos.ufrrj.br\/ie\/wp-json\/wp\/v2\/users\/39"}],"replies":[{"embeddable":true,"href":"https:\/\/institutos.ufrrj.br\/ie\/wp-json\/wp\/v2\/comments?post=152"}],"version-history":[{"count":4,"href":"https:\/\/institutos.ufrrj.br\/ie\/wp-json\/wp\/v2\/pages\/152\/revisions"}],"predecessor-version":[{"id":326,"href":"https:\/\/institutos.ufrrj.br\/ie\/wp-json\/wp\/v2\/pages\/152\/revisions\/326"}],"wp:attachment":[{"href":"https:\/\/institutos.ufrrj.br\/ie\/wp-json\/wp\/v2\/media?parent=152"}],"curies":[{"name":"wp","href":"https:\/\/api.w.org\/{rel}","templated":true}]}}