{"id":283,"date":"2019-05-18T18:55:19","date_gmt":"2019-05-18T21:55:19","guid":{"rendered":"http:\/\/institutos.ufrrj.br\/ie\/?page_id=283"},"modified":"2019-05-18T19:13:30","modified_gmt":"2019-05-18T22:13:30","slug":"graduacao-2","status":"publish","type":"page","link":"https:\/\/institutos.ufrrj.br\/ie\/graduacao-2\/","title":{"rendered":"Gradua\u00e7\u00e3o"},"content":{"rendered":"<p><strong>Coordena\u00e7\u00e3o do curso de gradua\u00e7\u00e3o em Ci\u00eancias Agr\u00edcolas\u00a0<\/strong><\/p>\n<ul>\n<li>Cristiane Moffati Galindo &#8211; T\u00e9cnica Administrativa<\/li>\n<li>Tarci Gomes Parajara &#8211; Coordenadora<\/li>\n<\/ul>\n<p><strong>Coordena\u00e7\u00e3o do curso em Educa\u00e7\u00e3o do Campo<\/strong><\/p>\n<ul>\n<li>Ronald Apolinario de Lima &#8211; Coordenador<\/li>\n<\/ul>\n<p><strong>Coordena\u00e7\u00e3o do curso de Educa\u00e7\u00e3o F\u00edsica<\/strong><\/p>\n<ul>\n<li>Fabiane Frota da Rocha Morgado &#8211; Coordenadora<\/li>\n<\/ul>\n<p><strong>Coordena\u00e7\u00e3o do curso de gradua\u00e7\u00e3o em pedagogia\u00a0<\/strong><\/p>\n<ul>\n<li>Jorge Eduardo da Silveira Nascimento &#8211; T\u00e9cnico Administrativo<\/li>\n<li>Miriam Morelli Lima &#8211; Coordenadora<\/li>\n<\/ul>\n<p><strong>Coordena\u00e7\u00e3o do curso de gradua\u00e7\u00e3o em psicologia<\/strong><\/p>\n<ul>\n<li>Katia Firmino de Souza &#8211; T\u00e9cnica Administrativa<\/li>\n<li>Monica Haua de Jesus &#8211; T\u00e9cnica Administrativa\/SPA<\/li>\n<\/ul>\n","protected":false},"excerpt":{"rendered":"<p>Coordena\u00e7\u00e3o do curso de gradua\u00e7\u00e3o em Ci\u00eancias Agr\u00edcolas\u00a0 Cristiane Moffati Galindo &#8211; T\u00e9cnica Administrativa Tarci Gomes Parajara &#8211; Coordenadora Coordena\u00e7\u00e3o do curso [&hellip;]<\/p>\n","protected":false},"author":13,"featured_media":0,"parent":0,"menu_order":0,"comment_status":"closed","ping_status":"closed","template":"","meta":{"_acf_changed":false,"_themeisle_gutenberg_block_has_review":false,"footnotes":""},"class_list":["post-283","page","type-page","status-publish","hentry"],"acf":[],"yoast_head":"<!-- This site is optimized with the Yoast SEO plugin v26.8 - https:\/\/yoast.com\/product\/yoast-seo-wordpress\/ -->\n<title>Gradua\u00e7\u00e3o - Instituto de Educa\u00e7\u00e3o<\/title>\n<meta name=\"robots\" content=\"index, follow, max-snippet:-1, max-image-preview:large, max-video-preview:-1\" \/>\n<link rel=\"canonical\" href=\"https:\/\/institutos.ufrrj.br\/ie\/graduacao-2\/\" \/>\n<meta property=\"og:locale\" content=\"pt_BR\" \/>\n<meta property=\"og:type\" content=\"article\" \/>\n<meta property=\"og:title\" content=\"Gradua\u00e7\u00e3o - Instituto de Educa\u00e7\u00e3o\" \/>\n<meta property=\"og:description\" content=\"Coordena\u00e7\u00e3o do curso de gradua\u00e7\u00e3o em Ci\u00eancias Agr\u00edcolas\u00a0 Cristiane Moffati Galindo &#8211; T\u00e9cnica Administrativa Tarci Gomes Parajara &#8211; Coordenadora Coordena\u00e7\u00e3o do curso [&hellip;]\" \/>\n<meta property=\"og:url\" content=\"https:\/\/institutos.ufrrj.br\/ie\/graduacao-2\/\" \/>\n<meta property=\"og:site_name\" content=\"Instituto de Educa\u00e7\u00e3o\" \/>\n<meta property=\"article:modified_time\" content=\"2019-05-18T22:13:30+00:00\" \/>\n<meta name=\"twitter:card\" content=\"summary_large_image\" \/>\n<meta name=\"twitter:label1\" content=\"Est. tempo de leitura\" \/>\n\t<meta name=\"twitter:data1\" content=\"1 minuto\" \/>\n<script type=\"application\/ld+json\" class=\"yoast-schema-graph\">{\"@context\":\"https:\/\/schema.org\",\"@graph\":[{\"@type\":\"WebPage\",\"@id\":\"https:\/\/institutos.ufrrj.br\/ie\/graduacao-2\/\",\"url\":\"https:\/\/institutos.ufrrj.br\/ie\/graduacao-2\/\",\"name\":\"Gradua\u00e7\u00e3o - Instituto de Educa\u00e7\u00e3o\",\"isPartOf\":{\"@id\":\"https:\/\/institutos.ufrrj.br\/ie\/#website\"},\"datePublished\":\"2019-05-18T21:55:19+00:00\",\"dateModified\":\"2019-05-18T22:13:30+00:00\",\"breadcrumb\":{\"@id\":\"https:\/\/institutos.ufrrj.br\/ie\/graduacao-2\/#breadcrumb\"},\"inLanguage\":\"pt-BR\",\"potentialAction\":[{\"@type\":\"ReadAction\",\"target\":[\"https:\/\/institutos.ufrrj.br\/ie\/graduacao-2\/\"]}]},{\"@type\":\"BreadcrumbList\",\"@id\":\"https:\/\/institutos.ufrrj.br\/ie\/graduacao-2\/#breadcrumb\",\"itemListElement\":[{\"@type\":\"ListItem\",\"position\":1,\"name\":\"In\u00edcio\",\"item\":\"https:\/\/institutos.ufrrj.br\/ie\/\"},{\"@type\":\"ListItem\",\"position\":2,\"name\":\"Gradua\u00e7\u00e3o\"}]},{\"@type\":\"WebSite\",\"@id\":\"https:\/\/institutos.ufrrj.br\/ie\/#website\",\"url\":\"https:\/\/institutos.ufrrj.br\/ie\/\",\"name\":\"Instituto de Educa\u00e7\u00e3o\",\"description\":\"CAMPUS SEROP\u00c9DICA \u2013 UFRRJ\",\"publisher\":{\"@id\":\"https:\/\/institutos.ufrrj.br\/ie\/#organization\"},\"potentialAction\":[{\"@type\":\"SearchAction\",\"target\":{\"@type\":\"EntryPoint\",\"urlTemplate\":\"https:\/\/institutos.ufrrj.br\/ie\/?s={search_term_string}\"},\"query-input\":{\"@type\":\"PropertyValueSpecification\",\"valueRequired\":true,\"valueName\":\"search_term_string\"}}],\"inLanguage\":\"pt-BR\"},{\"@type\":\"Organization\",\"@id\":\"https:\/\/institutos.ufrrj.br\/ie\/#organization\",\"name\":\"UFRRJ - Universidade Federal Rural do Rio de Janeiro\",\"url\":\"https:\/\/institutos.ufrrj.br\/ie\/\",\"logo\":{\"@type\":\"ImageObject\",\"inLanguage\":\"pt-BR\",\"@id\":\"https:\/\/institutos.ufrrj.br\/ie\/#\/schema\/logo\/image\/\",\"url\":\"https:\/\/institutos.ufrrj.br\/ie\/wp-content\/uploads\/sites\/104\/2023\/06\/logo_ie.png\",\"contentUrl\":\"https:\/\/institutos.ufrrj.br\/ie\/wp-content\/uploads\/sites\/104\/2023\/06\/logo_ie.png\",\"width\":500,\"height\":110,\"caption\":\"UFRRJ - Universidade Federal Rural do Rio de Janeiro\"},\"image\":{\"@id\":\"https:\/\/institutos.ufrrj.br\/ie\/#\/schema\/logo\/image\/\"}}]}<\/script>\n<!-- \/ Yoast SEO plugin. -->","yoast_head_json":{"title":"Gradua\u00e7\u00e3o - Instituto de Educa\u00e7\u00e3o","robots":{"index":"index","follow":"follow","max-snippet":"max-snippet:-1","max-image-preview":"max-image-preview:large","max-video-preview":"max-video-preview:-1"},"canonical":"https:\/\/institutos.ufrrj.br\/ie\/graduacao-2\/","og_locale":"pt_BR","og_type":"article","og_title":"Gradua\u00e7\u00e3o - Instituto de Educa\u00e7\u00e3o","og_description":"Coordena\u00e7\u00e3o do curso de gradua\u00e7\u00e3o em Ci\u00eancias Agr\u00edcolas\u00a0 Cristiane Moffati Galindo &#8211; T\u00e9cnica Administrativa Tarci Gomes Parajara &#8211; Coordenadora Coordena\u00e7\u00e3o do curso [&hellip;]","og_url":"https:\/\/institutos.ufrrj.br\/ie\/graduacao-2\/","og_site_name":"Instituto de Educa\u00e7\u00e3o","article_modified_time":"2019-05-18T22:13:30+00:00","twitter_card":"summary_large_image","twitter_misc":{"Est. tempo de leitura":"1 minuto"},"schema":{"@context":"https:\/\/schema.org","@graph":[{"@type":"WebPage","@id":"https:\/\/institutos.ufrrj.br\/ie\/graduacao-2\/","url":"https:\/\/institutos.ufrrj.br\/ie\/graduacao-2\/","name":"Gradua\u00e7\u00e3o - Instituto de Educa\u00e7\u00e3o","isPartOf":{"@id":"https:\/\/institutos.ufrrj.br\/ie\/#website"},"datePublished":"2019-05-18T21:55:19+00:00","dateModified":"2019-05-18T22:13:30+00:00","breadcrumb":{"@id":"https:\/\/institutos.ufrrj.br\/ie\/graduacao-2\/#breadcrumb"},"inLanguage":"pt-BR","potentialAction":[{"@type":"ReadAction","target":["https:\/\/institutos.ufrrj.br\/ie\/graduacao-2\/"]}]},{"@type":"BreadcrumbList","@id":"https:\/\/institutos.ufrrj.br\/ie\/graduacao-2\/#breadcrumb","itemListElement":[{"@type":"ListItem","position":1,"name":"In\u00edcio","item":"https:\/\/institutos.ufrrj.br\/ie\/"},{"@type":"ListItem","position":2,"name":"Gradua\u00e7\u00e3o"}]},{"@type":"WebSite","@id":"https:\/\/institutos.ufrrj.br\/ie\/#website","url":"https:\/\/institutos.ufrrj.br\/ie\/","name":"Instituto de Educa\u00e7\u00e3o","description":"CAMPUS SEROP\u00c9DICA \u2013 UFRRJ","publisher":{"@id":"https:\/\/institutos.ufrrj.br\/ie\/#organization"},"potentialAction":[{"@type":"SearchAction","target":{"@type":"EntryPoint","urlTemplate":"https:\/\/institutos.ufrrj.br\/ie\/?s={search_term_string}"},"query-input":{"@type":"PropertyValueSpecification","valueRequired":true,"valueName":"search_term_string"}}],"inLanguage":"pt-BR"},{"@type":"Organization","@id":"https:\/\/institutos.ufrrj.br\/ie\/#organization","name":"UFRRJ - Universidade Federal Rural do Rio de Janeiro","url":"https:\/\/institutos.ufrrj.br\/ie\/","logo":{"@type":"ImageObject","inLanguage":"pt-BR","@id":"https:\/\/institutos.ufrrj.br\/ie\/#\/schema\/logo\/image\/","url":"https:\/\/institutos.ufrrj.br\/ie\/wp-content\/uploads\/sites\/104\/2023\/06\/logo_ie.png","contentUrl":"https:\/\/institutos.ufrrj.br\/ie\/wp-content\/uploads\/sites\/104\/2023\/06\/logo_ie.png","width":500,"height":110,"caption":"UFRRJ - Universidade Federal Rural do Rio de Janeiro"},"image":{"@id":"https:\/\/institutos.ufrrj.br\/ie\/#\/schema\/logo\/image\/"}}]}},"_links":{"self":[{"href":"https:\/\/institutos.ufrrj.br\/ie\/wp-json\/wp\/v2\/pages\/283","targetHints":{"allow":["GET"]}}],"collection":[{"href":"https:\/\/institutos.ufrrj.br\/ie\/wp-json\/wp\/v2\/pages"}],"about":[{"href":"https:\/\/institutos.ufrrj.br\/ie\/wp-json\/wp\/v2\/types\/page"}],"author":[{"embeddable":true,"href":"https:\/\/institutos.ufrrj.br\/ie\/wp-json\/wp\/v2\/users\/13"}],"replies":[{"embeddable":true,"href":"https:\/\/institutos.ufrrj.br\/ie\/wp-json\/wp\/v2\/comments?post=283"}],"version-history":[{"count":2,"href":"https:\/\/institutos.ufrrj.br\/ie\/wp-json\/wp\/v2\/pages\/283\/revisions"}],"predecessor-version":[{"id":287,"href":"https:\/\/institutos.ufrrj.br\/ie\/wp-json\/wp\/v2\/pages\/283\/revisions\/287"}],"wp:attachment":[{"href":"https:\/\/institutos.ufrrj.br\/ie\/wp-json\/wp\/v2\/media?parent=283"}],"curies":[{"name":"wp","href":"https:\/\/api.w.org\/{rel}","templated":true}]}}