{"id":35,"date":"2016-10-14T14:17:25","date_gmt":"2016-10-14T17:17:25","guid":{"rendered":"http:\/\/institutos.ufrrj.br\/ie\/?page_id=35"},"modified":"2019-05-29T16:30:32","modified_gmt":"2019-05-29T19:30:32","slug":"localizacao","status":"publish","type":"page","link":"https:\/\/institutos.ufrrj.br\/ie\/localizacao\/","title":{"rendered":"Localiza\u00e7\u00e3o"},"content":{"rendered":"<p>O Instituto de Educa\u00e7\u00e3o da UFRRJ localiza-se dentro do Pr\u00e9dio de Ci\u00eancias Humanas e Sociais,\u00a0 no km 47 da antiga rodovia Rio &#8211; SP, no munic\u00edpio de Serop\u00e9dica, no Rio de Janeiro. As coordenadas mais precisas podem ser encontradas no<span style=\"color: #0000ff\"><strong> <a style=\"color: #0000ff\" href=\"https:\/\/www.google.com\/maps\/place\/Instituto+de+Ci%C3%AAncias+Humanas+e+Sociais\/@-22.7657774,-43.6849508,687m\/data=!3m1!1e3!4m5!3m4!1s0x99564f01060767:0xd4702397d2f216ba!8m2!3d-22.7657825!4d-43.6827618\">Google Maps<\/a><\/strong><\/span>.<\/p>\n<p><a href=\"https:\/\/www.google.com\/maps\/place\/Instituto+de+Educa%C3%A7%C3%A3o\/@-22.7657774,-43.6849508,687m\/data=!3m1!1e3!4m12!1m6!3m5!1s0x99564f01060767:0xd4702397d2f216ba!2sInstituto+de+Ci%C3%AAncias+Humanas+e+Sociais!8m2!3d-22.7657825!4d-43.6827618!3m4!1s0x0:0x24a9169c598969b3!8m2!3d-22.766232!4d-43.6830072\" rel=\"attachment wp-att-312\"><img loading=\"lazy\" decoding=\"async\" class=\"alignnone size-full wp-image-312\" src=\"http:\/\/institutos.ufrrj.br\/ie\/wp-content\/uploads\/sites\/104\/2019\/05\/ICHS-redimensao.png\" alt=\"\" width=\"768\" height=\"363\" srcset=\"https:\/\/institutos.ufrrj.br\/ie\/wp-content\/uploads\/sites\/104\/2019\/05\/ICHS-redimensao.png 768w, https:\/\/institutos.ufrrj.br\/ie\/wp-content\/uploads\/sites\/104\/2019\/05\/ICHS-redimensao-300x142.png 300w\" sizes=\"auto, (max-width: 768px) 100vw, 768px\" \/><\/a><\/p>\n<p>&nbsp;<\/p>\n","protected":false},"excerpt":{"rendered":"<p>O Instituto de Educa\u00e7\u00e3o da UFRRJ localiza-se dentro do Pr\u00e9dio de Ci\u00eancias Humanas e Sociais,\u00a0 no km 47 da antiga rodovia Rio [&hellip;]<\/p>\n","protected":false},"author":20,"featured_media":0,"parent":0,"menu_order":0,"comment_status":"closed","ping_status":"closed","template":"","meta":{"_acf_changed":false,"_themeisle_gutenberg_block_has_review":false,"footnotes":""},"class_list":["post-35","page","type-page","status-publish","hentry"],"acf":[],"yoast_head":"<!-- This site is optimized with the Yoast SEO plugin v26.8 - https:\/\/yoast.com\/product\/yoast-seo-wordpress\/ -->\n<title>Localiza\u00e7\u00e3o - Instituto de Educa\u00e7\u00e3o<\/title>\n<meta name=\"robots\" content=\"index, follow, max-snippet:-1, max-image-preview:large, max-video-preview:-1\" \/>\n<link rel=\"canonical\" href=\"https:\/\/institutos.ufrrj.br\/ie\/localizacao\/\" \/>\n<meta property=\"og:locale\" content=\"pt_BR\" \/>\n<meta property=\"og:type\" content=\"article\" \/>\n<meta property=\"og:title\" content=\"Localiza\u00e7\u00e3o - Instituto de Educa\u00e7\u00e3o\" \/>\n<meta property=\"og:description\" content=\"O Instituto de Educa\u00e7\u00e3o da UFRRJ localiza-se dentro do Pr\u00e9dio de Ci\u00eancias Humanas e Sociais,\u00a0 no km 47 da antiga rodovia Rio [&hellip;]\" \/>\n<meta property=\"og:url\" content=\"https:\/\/institutos.ufrrj.br\/ie\/localizacao\/\" \/>\n<meta property=\"og:site_name\" content=\"Instituto de Educa\u00e7\u00e3o\" \/>\n<meta property=\"article:modified_time\" content=\"2019-05-29T19:30:32+00:00\" \/>\n<meta property=\"og:image\" content=\"http:\/\/institutos.ufrrj.br\/ie\/wp-content\/uploads\/sites\/104\/2019\/05\/ICHS-redimensao.png\" \/>\n<meta name=\"twitter:card\" content=\"summary_large_image\" \/>\n<script type=\"application\/ld+json\" class=\"yoast-schema-graph\">{\"@context\":\"https:\/\/schema.org\",\"@graph\":[{\"@type\":\"WebPage\",\"@id\":\"https:\/\/institutos.ufrrj.br\/ie\/localizacao\/\",\"url\":\"https:\/\/institutos.ufrrj.br\/ie\/localizacao\/\",\"name\":\"Localiza\u00e7\u00e3o - Instituto de Educa\u00e7\u00e3o\",\"isPartOf\":{\"@id\":\"https:\/\/institutos.ufrrj.br\/ie\/#website\"},\"primaryImageOfPage\":{\"@id\":\"https:\/\/institutos.ufrrj.br\/ie\/localizacao\/#primaryimage\"},\"image\":{\"@id\":\"https:\/\/institutos.ufrrj.br\/ie\/localizacao\/#primaryimage\"},\"thumbnailUrl\":\"http:\/\/institutos.ufrrj.br\/ie\/wp-content\/uploads\/sites\/104\/2019\/05\/ICHS-redimensao.png\",\"datePublished\":\"2016-10-14T17:17:25+00:00\",\"dateModified\":\"2019-05-29T19:30:32+00:00\",\"breadcrumb\":{\"@id\":\"https:\/\/institutos.ufrrj.br\/ie\/localizacao\/#breadcrumb\"},\"inLanguage\":\"pt-BR\",\"potentialAction\":[{\"@type\":\"ReadAction\",\"target\":[\"https:\/\/institutos.ufrrj.br\/ie\/localizacao\/\"]}]},{\"@type\":\"ImageObject\",\"inLanguage\":\"pt-BR\",\"@id\":\"https:\/\/institutos.ufrrj.br\/ie\/localizacao\/#primaryimage\",\"url\":\"https:\/\/institutos.ufrrj.br\/ie\/wp-content\/uploads\/sites\/104\/2019\/05\/ICHS-redimensao.png\",\"contentUrl\":\"https:\/\/institutos.ufrrj.br\/ie\/wp-content\/uploads\/sites\/104\/2019\/05\/ICHS-redimensao.png\",\"width\":768,\"height\":363},{\"@type\":\"BreadcrumbList\",\"@id\":\"https:\/\/institutos.ufrrj.br\/ie\/localizacao\/#breadcrumb\",\"itemListElement\":[{\"@type\":\"ListItem\",\"position\":1,\"name\":\"In\u00edcio\",\"item\":\"https:\/\/institutos.ufrrj.br\/ie\/\"},{\"@type\":\"ListItem\",\"position\":2,\"name\":\"Localiza\u00e7\u00e3o\"}]},{\"@type\":\"WebSite\",\"@id\":\"https:\/\/institutos.ufrrj.br\/ie\/#website\",\"url\":\"https:\/\/institutos.ufrrj.br\/ie\/\",\"name\":\"Instituto de Educa\u00e7\u00e3o\",\"description\":\"CAMPUS SEROP\u00c9DICA \u2013 UFRRJ\",\"publisher\":{\"@id\":\"https:\/\/institutos.ufrrj.br\/ie\/#organization\"},\"potentialAction\":[{\"@type\":\"SearchAction\",\"target\":{\"@type\":\"EntryPoint\",\"urlTemplate\":\"https:\/\/institutos.ufrrj.br\/ie\/?s={search_term_string}\"},\"query-input\":{\"@type\":\"PropertyValueSpecification\",\"valueRequired\":true,\"valueName\":\"search_term_string\"}}],\"inLanguage\":\"pt-BR\"},{\"@type\":\"Organization\",\"@id\":\"https:\/\/institutos.ufrrj.br\/ie\/#organization\",\"name\":\"UFRRJ - Universidade Federal Rural do Rio de Janeiro\",\"url\":\"https:\/\/institutos.ufrrj.br\/ie\/\",\"logo\":{\"@type\":\"ImageObject\",\"inLanguage\":\"pt-BR\",\"@id\":\"https:\/\/institutos.ufrrj.br\/ie\/#\/schema\/logo\/image\/\",\"url\":\"https:\/\/institutos.ufrrj.br\/ie\/wp-content\/uploads\/sites\/104\/2023\/06\/logo_ie.png\",\"contentUrl\":\"https:\/\/institutos.ufrrj.br\/ie\/wp-content\/uploads\/sites\/104\/2023\/06\/logo_ie.png\",\"width\":500,\"height\":110,\"caption\":\"UFRRJ - Universidade Federal Rural do Rio de Janeiro\"},\"image\":{\"@id\":\"https:\/\/institutos.ufrrj.br\/ie\/#\/schema\/logo\/image\/\"}}]}<\/script>\n<!-- \/ Yoast SEO plugin. -->","yoast_head_json":{"title":"Localiza\u00e7\u00e3o - Instituto de Educa\u00e7\u00e3o","robots":{"index":"index","follow":"follow","max-snippet":"max-snippet:-1","max-image-preview":"max-image-preview:large","max-video-preview":"max-video-preview:-1"},"canonical":"https:\/\/institutos.ufrrj.br\/ie\/localizacao\/","og_locale":"pt_BR","og_type":"article","og_title":"Localiza\u00e7\u00e3o - Instituto de Educa\u00e7\u00e3o","og_description":"O Instituto de Educa\u00e7\u00e3o da UFRRJ localiza-se dentro do Pr\u00e9dio de Ci\u00eancias Humanas e Sociais,\u00a0 no km 47 da antiga rodovia Rio [&hellip;]","og_url":"https:\/\/institutos.ufrrj.br\/ie\/localizacao\/","og_site_name":"Instituto de Educa\u00e7\u00e3o","article_modified_time":"2019-05-29T19:30:32+00:00","og_image":[{"url":"http:\/\/institutos.ufrrj.br\/ie\/wp-content\/uploads\/sites\/104\/2019\/05\/ICHS-redimensao.png","type":"","width":"","height":""}],"twitter_card":"summary_large_image","schema":{"@context":"https:\/\/schema.org","@graph":[{"@type":"WebPage","@id":"https:\/\/institutos.ufrrj.br\/ie\/localizacao\/","url":"https:\/\/institutos.ufrrj.br\/ie\/localizacao\/","name":"Localiza\u00e7\u00e3o - Instituto de Educa\u00e7\u00e3o","isPartOf":{"@id":"https:\/\/institutos.ufrrj.br\/ie\/#website"},"primaryImageOfPage":{"@id":"https:\/\/institutos.ufrrj.br\/ie\/localizacao\/#primaryimage"},"image":{"@id":"https:\/\/institutos.ufrrj.br\/ie\/localizacao\/#primaryimage"},"thumbnailUrl":"http:\/\/institutos.ufrrj.br\/ie\/wp-content\/uploads\/sites\/104\/2019\/05\/ICHS-redimensao.png","datePublished":"2016-10-14T17:17:25+00:00","dateModified":"2019-05-29T19:30:32+00:00","breadcrumb":{"@id":"https:\/\/institutos.ufrrj.br\/ie\/localizacao\/#breadcrumb"},"inLanguage":"pt-BR","potentialAction":[{"@type":"ReadAction","target":["https:\/\/institutos.ufrrj.br\/ie\/localizacao\/"]}]},{"@type":"ImageObject","inLanguage":"pt-BR","@id":"https:\/\/institutos.ufrrj.br\/ie\/localizacao\/#primaryimage","url":"https:\/\/institutos.ufrrj.br\/ie\/wp-content\/uploads\/sites\/104\/2019\/05\/ICHS-redimensao.png","contentUrl":"https:\/\/institutos.ufrrj.br\/ie\/wp-content\/uploads\/sites\/104\/2019\/05\/ICHS-redimensao.png","width":768,"height":363},{"@type":"BreadcrumbList","@id":"https:\/\/institutos.ufrrj.br\/ie\/localizacao\/#breadcrumb","itemListElement":[{"@type":"ListItem","position":1,"name":"In\u00edcio","item":"https:\/\/institutos.ufrrj.br\/ie\/"},{"@type":"ListItem","position":2,"name":"Localiza\u00e7\u00e3o"}]},{"@type":"WebSite","@id":"https:\/\/institutos.ufrrj.br\/ie\/#website","url":"https:\/\/institutos.ufrrj.br\/ie\/","name":"Instituto de Educa\u00e7\u00e3o","description":"CAMPUS SEROP\u00c9DICA \u2013 UFRRJ","publisher":{"@id":"https:\/\/institutos.ufrrj.br\/ie\/#organization"},"potentialAction":[{"@type":"SearchAction","target":{"@type":"EntryPoint","urlTemplate":"https:\/\/institutos.ufrrj.br\/ie\/?s={search_term_string}"},"query-input":{"@type":"PropertyValueSpecification","valueRequired":true,"valueName":"search_term_string"}}],"inLanguage":"pt-BR"},{"@type":"Organization","@id":"https:\/\/institutos.ufrrj.br\/ie\/#organization","name":"UFRRJ - Universidade Federal Rural do Rio de Janeiro","url":"https:\/\/institutos.ufrrj.br\/ie\/","logo":{"@type":"ImageObject","inLanguage":"pt-BR","@id":"https:\/\/institutos.ufrrj.br\/ie\/#\/schema\/logo\/image\/","url":"https:\/\/institutos.ufrrj.br\/ie\/wp-content\/uploads\/sites\/104\/2023\/06\/logo_ie.png","contentUrl":"https:\/\/institutos.ufrrj.br\/ie\/wp-content\/uploads\/sites\/104\/2023\/06\/logo_ie.png","width":500,"height":110,"caption":"UFRRJ - Universidade Federal Rural do Rio de Janeiro"},"image":{"@id":"https:\/\/institutos.ufrrj.br\/ie\/#\/schema\/logo\/image\/"}}]}},"_links":{"self":[{"href":"https:\/\/institutos.ufrrj.br\/ie\/wp-json\/wp\/v2\/pages\/35","targetHints":{"allow":["GET"]}}],"collection":[{"href":"https:\/\/institutos.ufrrj.br\/ie\/wp-json\/wp\/v2\/pages"}],"about":[{"href":"https:\/\/institutos.ufrrj.br\/ie\/wp-json\/wp\/v2\/types\/page"}],"author":[{"embeddable":true,"href":"https:\/\/institutos.ufrrj.br\/ie\/wp-json\/wp\/v2\/users\/20"}],"replies":[{"embeddable":true,"href":"https:\/\/institutos.ufrrj.br\/ie\/wp-json\/wp\/v2\/comments?post=35"}],"version-history":[{"count":10,"href":"https:\/\/institutos.ufrrj.br\/ie\/wp-json\/wp\/v2\/pages\/35\/revisions"}],"predecessor-version":[{"id":231,"href":"https:\/\/institutos.ufrrj.br\/ie\/wp-json\/wp\/v2\/pages\/35\/revisions\/231"}],"wp:attachment":[{"href":"https:\/\/institutos.ufrrj.br\/ie\/wp-json\/wp\/v2\/media?parent=35"}],"curies":[{"name":"wp","href":"https:\/\/api.w.org\/{rel}","templated":true}]}}