{"id":495,"date":"2025-05-08T13:39:09","date_gmt":"2025-05-08T16:39:09","guid":{"rendered":"https:\/\/institutos.ufrrj.br\/ie\/?page_id=495"},"modified":"2025-05-08T13:45:40","modified_gmt":"2025-05-08T16:45:40","slug":"mestrado-profissional-educacao-fisica-em-rede-nacional-proef-2","status":"publish","type":"page","link":"https:\/\/institutos.ufrrj.br\/ie\/mestrado-profissional-educacao-fisica-em-rede-nacional-proef-2\/","title":{"rendered":"Mestrado Profissional Educa\u00e7\u00e3o F\u00edsica em Rede Nacional (ProEF)"},"content":{"rendered":"\n<figure class=\"wp-block-image size-large is-resized\"><a href=\"https:\/\/sites.google.com\/view\/proef-ufrrj\/?pli=1\" target=\"_blank\" rel=\"https:\/\/sites.google.com\/view\/proef-ufrrj\/?pli=1 noopener\"><img loading=\"lazy\" decoding=\"async\" width=\"1024\" height=\"326\" src=\"https:\/\/institutos.ufrrj.br\/ie\/wp-content\/uploads\/sites\/104\/2025\/05\/proef-1024x326.png\" alt=\"\" class=\"wp-image-497\" style=\"width:804px;height:auto\" srcset=\"https:\/\/institutos.ufrrj.br\/ie\/wp-content\/uploads\/sites\/104\/2025\/05\/proef-1024x326.png 1024w, https:\/\/institutos.ufrrj.br\/ie\/wp-content\/uploads\/sites\/104\/2025\/05\/proef-300x96.png 300w, https:\/\/institutos.ufrrj.br\/ie\/wp-content\/uploads\/sites\/104\/2025\/05\/proef-768x245.png 768w, https:\/\/institutos.ufrrj.br\/ie\/wp-content\/uploads\/sites\/104\/2025\/05\/proef.png 1271w\" sizes=\"auto, (max-width: 1024px) 100vw, 1024px\" \/><\/a><\/figure>\n","protected":false},"excerpt":{"rendered":"","protected":false},"author":87,"featured_media":497,"parent":0,"menu_order":0,"comment_status":"closed","ping_status":"closed","template":"","meta":{"_acf_changed":false,"_themeisle_gutenberg_block_has_review":false,"footnotes":""},"class_list":["post-495","page","type-page","status-publish","has-post-thumbnail","hentry"],"acf":[],"yoast_head":"<!-- This site is optimized with the Yoast SEO plugin v26.8 - https:\/\/yoast.com\/product\/yoast-seo-wordpress\/ -->\n<title>Mestrado Profissional Educa\u00e7\u00e3o F\u00edsica em Rede Nacional (ProEF) - Instituto de Educa\u00e7\u00e3o<\/title>\n<meta name=\"robots\" content=\"index, follow, max-snippet:-1, max-image-preview:large, max-video-preview:-1\" \/>\n<link rel=\"canonical\" href=\"https:\/\/institutos.ufrrj.br\/ie\/mestrado-profissional-educacao-fisica-em-rede-nacional-proef-2\/\" \/>\n<meta property=\"og:locale\" content=\"pt_BR\" \/>\n<meta property=\"og:type\" content=\"article\" \/>\n<meta property=\"og:title\" content=\"Mestrado Profissional Educa\u00e7\u00e3o F\u00edsica em Rede Nacional (ProEF) - Instituto de Educa\u00e7\u00e3o\" \/>\n<meta property=\"og:url\" content=\"https:\/\/institutos.ufrrj.br\/ie\/mestrado-profissional-educacao-fisica-em-rede-nacional-proef-2\/\" \/>\n<meta property=\"og:site_name\" content=\"Instituto de Educa\u00e7\u00e3o\" \/>\n<meta property=\"article:modified_time\" content=\"2025-05-08T16:45:40+00:00\" \/>\n<meta property=\"og:image\" content=\"https:\/\/institutos.ufrrj.br\/ie\/wp-content\/uploads\/sites\/104\/2025\/05\/proef.png\" \/>\n\t<meta property=\"og:image:width\" content=\"1271\" \/>\n\t<meta property=\"og:image:height\" content=\"405\" \/>\n\t<meta property=\"og:image:type\" content=\"image\/png\" \/>\n<meta name=\"twitter:card\" content=\"summary_large_image\" \/>\n<script type=\"application\/ld+json\" class=\"yoast-schema-graph\">{\"@context\":\"https:\/\/schema.org\",\"@graph\":[{\"@type\":\"WebPage\",\"@id\":\"https:\/\/institutos.ufrrj.br\/ie\/mestrado-profissional-educacao-fisica-em-rede-nacional-proef-2\/\",\"url\":\"https:\/\/institutos.ufrrj.br\/ie\/mestrado-profissional-educacao-fisica-em-rede-nacional-proef-2\/\",\"name\":\"Mestrado Profissional Educa\u00e7\u00e3o F\u00edsica em Rede Nacional (ProEF) - Instituto de Educa\u00e7\u00e3o\",\"isPartOf\":{\"@id\":\"https:\/\/institutos.ufrrj.br\/ie\/#website\"},\"primaryImageOfPage\":{\"@id\":\"https:\/\/institutos.ufrrj.br\/ie\/mestrado-profissional-educacao-fisica-em-rede-nacional-proef-2\/#primaryimage\"},\"image\":{\"@id\":\"https:\/\/institutos.ufrrj.br\/ie\/mestrado-profissional-educacao-fisica-em-rede-nacional-proef-2\/#primaryimage\"},\"thumbnailUrl\":\"https:\/\/institutos.ufrrj.br\/ie\/wp-content\/uploads\/sites\/104\/2025\/05\/proef.png\",\"datePublished\":\"2025-05-08T16:39:09+00:00\",\"dateModified\":\"2025-05-08T16:45:40+00:00\",\"breadcrumb\":{\"@id\":\"https:\/\/institutos.ufrrj.br\/ie\/mestrado-profissional-educacao-fisica-em-rede-nacional-proef-2\/#breadcrumb\"},\"inLanguage\":\"pt-BR\",\"potentialAction\":[{\"@type\":\"ReadAction\",\"target\":[\"https:\/\/institutos.ufrrj.br\/ie\/mestrado-profissional-educacao-fisica-em-rede-nacional-proef-2\/\"]}]},{\"@type\":\"ImageObject\",\"inLanguage\":\"pt-BR\",\"@id\":\"https:\/\/institutos.ufrrj.br\/ie\/mestrado-profissional-educacao-fisica-em-rede-nacional-proef-2\/#primaryimage\",\"url\":\"https:\/\/institutos.ufrrj.br\/ie\/wp-content\/uploads\/sites\/104\/2025\/05\/proef.png\",\"contentUrl\":\"https:\/\/institutos.ufrrj.br\/ie\/wp-content\/uploads\/sites\/104\/2025\/05\/proef.png\",\"width\":1271,\"height\":405,\"caption\":\"https:\/\/sites.google.com\/view\/proef-ufrrj\/?pli=1\"},{\"@type\":\"BreadcrumbList\",\"@id\":\"https:\/\/institutos.ufrrj.br\/ie\/mestrado-profissional-educacao-fisica-em-rede-nacional-proef-2\/#breadcrumb\",\"itemListElement\":[{\"@type\":\"ListItem\",\"position\":1,\"name\":\"In\u00edcio\",\"item\":\"https:\/\/institutos.ufrrj.br\/ie\/\"},{\"@type\":\"ListItem\",\"position\":2,\"name\":\"Mestrado Profissional Educa\u00e7\u00e3o F\u00edsica em Rede Nacional (ProEF)\"}]},{\"@type\":\"WebSite\",\"@id\":\"https:\/\/institutos.ufrrj.br\/ie\/#website\",\"url\":\"https:\/\/institutos.ufrrj.br\/ie\/\",\"name\":\"Instituto de Educa\u00e7\u00e3o\",\"description\":\"CAMPUS SEROP\u00c9DICA \u2013 UFRRJ\",\"publisher\":{\"@id\":\"https:\/\/institutos.ufrrj.br\/ie\/#organization\"},\"potentialAction\":[{\"@type\":\"SearchAction\",\"target\":{\"@type\":\"EntryPoint\",\"urlTemplate\":\"https:\/\/institutos.ufrrj.br\/ie\/?s={search_term_string}\"},\"query-input\":{\"@type\":\"PropertyValueSpecification\",\"valueRequired\":true,\"valueName\":\"search_term_string\"}}],\"inLanguage\":\"pt-BR\"},{\"@type\":\"Organization\",\"@id\":\"https:\/\/institutos.ufrrj.br\/ie\/#organization\",\"name\":\"UFRRJ - Universidade Federal Rural do Rio de Janeiro\",\"url\":\"https:\/\/institutos.ufrrj.br\/ie\/\",\"logo\":{\"@type\":\"ImageObject\",\"inLanguage\":\"pt-BR\",\"@id\":\"https:\/\/institutos.ufrrj.br\/ie\/#\/schema\/logo\/image\/\",\"url\":\"https:\/\/institutos.ufrrj.br\/ie\/wp-content\/uploads\/sites\/104\/2023\/06\/logo_ie.png\",\"contentUrl\":\"https:\/\/institutos.ufrrj.br\/ie\/wp-content\/uploads\/sites\/104\/2023\/06\/logo_ie.png\",\"width\":500,\"height\":110,\"caption\":\"UFRRJ - Universidade Federal Rural do Rio de Janeiro\"},\"image\":{\"@id\":\"https:\/\/institutos.ufrrj.br\/ie\/#\/schema\/logo\/image\/\"}}]}<\/script>\n<!-- \/ Yoast SEO plugin. -->","yoast_head_json":{"title":"Mestrado Profissional Educa\u00e7\u00e3o F\u00edsica em Rede Nacional (ProEF) - Instituto de Educa\u00e7\u00e3o","robots":{"index":"index","follow":"follow","max-snippet":"max-snippet:-1","max-image-preview":"max-image-preview:large","max-video-preview":"max-video-preview:-1"},"canonical":"https:\/\/institutos.ufrrj.br\/ie\/mestrado-profissional-educacao-fisica-em-rede-nacional-proef-2\/","og_locale":"pt_BR","og_type":"article","og_title":"Mestrado Profissional Educa\u00e7\u00e3o F\u00edsica em Rede Nacional (ProEF) - Instituto de Educa\u00e7\u00e3o","og_url":"https:\/\/institutos.ufrrj.br\/ie\/mestrado-profissional-educacao-fisica-em-rede-nacional-proef-2\/","og_site_name":"Instituto de Educa\u00e7\u00e3o","article_modified_time":"2025-05-08T16:45:40+00:00","og_image":[{"width":1271,"height":405,"url":"https:\/\/institutos.ufrrj.br\/ie\/wp-content\/uploads\/sites\/104\/2025\/05\/proef.png","type":"image\/png"}],"twitter_card":"summary_large_image","schema":{"@context":"https:\/\/schema.org","@graph":[{"@type":"WebPage","@id":"https:\/\/institutos.ufrrj.br\/ie\/mestrado-profissional-educacao-fisica-em-rede-nacional-proef-2\/","url":"https:\/\/institutos.ufrrj.br\/ie\/mestrado-profissional-educacao-fisica-em-rede-nacional-proef-2\/","name":"Mestrado Profissional Educa\u00e7\u00e3o F\u00edsica em Rede Nacional (ProEF) - Instituto de Educa\u00e7\u00e3o","isPartOf":{"@id":"https:\/\/institutos.ufrrj.br\/ie\/#website"},"primaryImageOfPage":{"@id":"https:\/\/institutos.ufrrj.br\/ie\/mestrado-profissional-educacao-fisica-em-rede-nacional-proef-2\/#primaryimage"},"image":{"@id":"https:\/\/institutos.ufrrj.br\/ie\/mestrado-profissional-educacao-fisica-em-rede-nacional-proef-2\/#primaryimage"},"thumbnailUrl":"https:\/\/institutos.ufrrj.br\/ie\/wp-content\/uploads\/sites\/104\/2025\/05\/proef.png","datePublished":"2025-05-08T16:39:09+00:00","dateModified":"2025-05-08T16:45:40+00:00","breadcrumb":{"@id":"https:\/\/institutos.ufrrj.br\/ie\/mestrado-profissional-educacao-fisica-em-rede-nacional-proef-2\/#breadcrumb"},"inLanguage":"pt-BR","potentialAction":[{"@type":"ReadAction","target":["https:\/\/institutos.ufrrj.br\/ie\/mestrado-profissional-educacao-fisica-em-rede-nacional-proef-2\/"]}]},{"@type":"ImageObject","inLanguage":"pt-BR","@id":"https:\/\/institutos.ufrrj.br\/ie\/mestrado-profissional-educacao-fisica-em-rede-nacional-proef-2\/#primaryimage","url":"https:\/\/institutos.ufrrj.br\/ie\/wp-content\/uploads\/sites\/104\/2025\/05\/proef.png","contentUrl":"https:\/\/institutos.ufrrj.br\/ie\/wp-content\/uploads\/sites\/104\/2025\/05\/proef.png","width":1271,"height":405,"caption":"https:\/\/sites.google.com\/view\/proef-ufrrj\/?pli=1"},{"@type":"BreadcrumbList","@id":"https:\/\/institutos.ufrrj.br\/ie\/mestrado-profissional-educacao-fisica-em-rede-nacional-proef-2\/#breadcrumb","itemListElement":[{"@type":"ListItem","position":1,"name":"In\u00edcio","item":"https:\/\/institutos.ufrrj.br\/ie\/"},{"@type":"ListItem","position":2,"name":"Mestrado Profissional Educa\u00e7\u00e3o F\u00edsica em Rede Nacional (ProEF)"}]},{"@type":"WebSite","@id":"https:\/\/institutos.ufrrj.br\/ie\/#website","url":"https:\/\/institutos.ufrrj.br\/ie\/","name":"Instituto de Educa\u00e7\u00e3o","description":"CAMPUS SEROP\u00c9DICA \u2013 UFRRJ","publisher":{"@id":"https:\/\/institutos.ufrrj.br\/ie\/#organization"},"potentialAction":[{"@type":"SearchAction","target":{"@type":"EntryPoint","urlTemplate":"https:\/\/institutos.ufrrj.br\/ie\/?s={search_term_string}"},"query-input":{"@type":"PropertyValueSpecification","valueRequired":true,"valueName":"search_term_string"}}],"inLanguage":"pt-BR"},{"@type":"Organization","@id":"https:\/\/institutos.ufrrj.br\/ie\/#organization","name":"UFRRJ - Universidade Federal Rural do Rio de Janeiro","url":"https:\/\/institutos.ufrrj.br\/ie\/","logo":{"@type":"ImageObject","inLanguage":"pt-BR","@id":"https:\/\/institutos.ufrrj.br\/ie\/#\/schema\/logo\/image\/","url":"https:\/\/institutos.ufrrj.br\/ie\/wp-content\/uploads\/sites\/104\/2023\/06\/logo_ie.png","contentUrl":"https:\/\/institutos.ufrrj.br\/ie\/wp-content\/uploads\/sites\/104\/2023\/06\/logo_ie.png","width":500,"height":110,"caption":"UFRRJ - Universidade Federal Rural do Rio de Janeiro"},"image":{"@id":"https:\/\/institutos.ufrrj.br\/ie\/#\/schema\/logo\/image\/"}}]}},"_links":{"self":[{"href":"https:\/\/institutos.ufrrj.br\/ie\/wp-json\/wp\/v2\/pages\/495","targetHints":{"allow":["GET"]}}],"collection":[{"href":"https:\/\/institutos.ufrrj.br\/ie\/wp-json\/wp\/v2\/pages"}],"about":[{"href":"https:\/\/institutos.ufrrj.br\/ie\/wp-json\/wp\/v2\/types\/page"}],"author":[{"embeddable":true,"href":"https:\/\/institutos.ufrrj.br\/ie\/wp-json\/wp\/v2\/users\/87"}],"replies":[{"embeddable":true,"href":"https:\/\/institutos.ufrrj.br\/ie\/wp-json\/wp\/v2\/comments?post=495"}],"version-history":[{"count":4,"href":"https:\/\/institutos.ufrrj.br\/ie\/wp-json\/wp\/v2\/pages\/495\/revisions"}],"predecessor-version":[{"id":504,"href":"https:\/\/institutos.ufrrj.br\/ie\/wp-json\/wp\/v2\/pages\/495\/revisions\/504"}],"wp:featuredmedia":[{"embeddable":true,"href":"https:\/\/institutos.ufrrj.br\/ie\/wp-json\/wp\/v2\/media\/497"}],"wp:attachment":[{"href":"https:\/\/institutos.ufrrj.br\/ie\/wp-json\/wp\/v2\/media?parent=495"}],"curies":[{"name":"wp","href":"https:\/\/api.w.org\/{rel}","templated":true}]}}