{"id":173,"date":"2014-12-02T12:41:06","date_gmt":"2014-12-02T12:41:06","guid":{"rendered":"http:\/\/institutos.ufrrj.br\/if\/?page_id=173"},"modified":"2026-02-02T16:39:19","modified_gmt":"2026-02-02T16:39:19","slug":"calendario-de-reunioes","status":"publish","type":"page","link":"https:\/\/institutos.ufrrj.br\/if\/calendario-de-reunioes\/","title":{"rendered":"Calend\u00e1rio de Reuni\u00f5es"},"content":{"rendered":"<table style=\"height: 1199px\" width=\"698\">\n<tbody>\n<tr>\n<td colspan=\"3\" width=\"271\">\n<h3 style=\"text-align: center\"><strong>CONSUNI\/IF <span style=\"color: #800000\">2026<\/span>&nbsp;&#8211; Reuni\u00f5es Ordin\u00e1rias *<br \/>\n<\/strong><\/h3>\n<\/td>\n<\/tr>\n<tr>\n<td width=\"105\">\n<p style=\"text-align: center\"><strong>Dia da Semana<\/strong><\/p>\n<\/td>\n<td style=\"text-align: center\" width=\"114\">\n<p style=\"text-align: center\"><strong>Data<\/strong><\/p>\n<\/td>\n<td style=\"text-align: center\" width=\"53\">\n<p style=\"text-align: center\"><strong>Hora<\/strong><\/p>\n<\/td>\n<\/tr>\n<tr>\n<td style=\"text-align: center\" width=\"105\"><strong>*<\/strong><\/td>\n<td style=\"text-align: center\" width=\"114\"><strong>*<\/strong><\/td>\n<td style=\"text-align: center\" width=\"53\"><strong>*<\/strong><\/td>\n<\/tr>\n<tr>\n<td width=\"105\">\n<p style=\"text-align: center\"><strong>Segunda-feira<\/strong><\/p>\n<\/td>\n<td style=\"text-align: center\" width=\"114\"><strong>09\/02\/2026<\/strong><\/td>\n<td style=\"text-align: center\" width=\"53\">\n<p style=\"text-align: center\"><strong>10:00 h<\/strong><\/p>\n<\/td>\n<\/tr>\n<tr>\n<td style=\"text-align: center\" width=\"105\"><strong>Segunda-feira<\/strong><\/td>\n<td style=\"text-align: center\" width=\"114\"><strong>09\/03\/2026<\/strong><\/td>\n<td style=\"text-align: center\" width=\"53\"><strong>10:00 h<\/strong><\/td>\n<\/tr>\n<tr>\n<td style=\"text-align: center\" width=\"105\"><strong>Sexta-feira<\/strong><\/td>\n<td style=\"text-align: center\" width=\"114\"><strong>10\/04\/2026<\/strong><\/td>\n<td style=\"text-align: center\" width=\"53\"><strong>10:00 h<\/strong><\/td>\n<\/tr>\n<tr>\n<td style=\"text-align: center\" width=\"105\"><strong>Sexta-feira<\/strong><\/td>\n<td style=\"text-align: center\" width=\"114\"><strong>08\/05\/2026<\/strong><\/td>\n<td style=\"text-align: center\" width=\"53\"><strong>10:00 h<\/strong><\/td>\n<\/tr>\n<tr>\n<td style=\"text-align: center\" width=\"105\"><strong>Segunda-feira<\/strong><\/td>\n<td style=\"text-align: center\" width=\"114\"><strong>08\/06\/2026<\/strong><\/td>\n<td style=\"text-align: center\" width=\"53\"><strong>10:00 h<\/strong><\/td>\n<\/tr>\n<tr>\n<td style=\"text-align: center\" width=\"105\"><strong>Sexta-feira<\/strong><\/td>\n<td style=\"text-align: center\" width=\"114\"><strong>10\/07\/2026<\/strong><\/td>\n<td style=\"text-align: center\" width=\"53\"><strong>10:00 h<\/strong><\/td>\n<\/tr>\n<tr>\n<td style=\"text-align: center\" width=\"105\"><strong>Segunda-feira<\/strong><\/td>\n<td style=\"text-align: center\" width=\"114\"><strong>10\/08\/2026<\/strong><\/td>\n<td style=\"text-align: center\" width=\"53\"><strong>10:00 h<\/strong><\/td>\n<\/tr>\n<tr>\n<td style=\"text-align: center\" width=\"105\"><strong>Sexta-feira<\/strong><\/td>\n<td style=\"text-align: center\" width=\"114\"><strong>11\/09\/2026<\/strong><\/td>\n<td style=\"text-align: center\" width=\"53\"><strong>10:00 h<\/strong><\/td>\n<\/tr>\n<tr>\n<td style=\"text-align: center\" width=\"105\"><strong>Sexta-feira<\/strong><\/td>\n<td style=\"text-align: center\" width=\"114\"><strong>16\/10\/2026<\/strong><\/td>\n<td style=\"text-align: center\" width=\"53\"><strong>10:00 h<\/strong><\/td>\n<\/tr>\n<tr>\n<td style=\"text-align: center\" width=\"105\"><strong>Segunda-feira<\/strong><\/td>\n<td style=\"text-align: center\" width=\"114\"><strong>09\/11\/2026<\/strong><\/td>\n<td style=\"text-align: center\" width=\"53\"><strong>10:00 h<\/strong><\/td>\n<\/tr>\n<tr>\n<td style=\"text-align: center\" width=\"105\"><strong>Segunda-feira<\/strong><\/td>\n<td style=\"text-align: center\" width=\"114\"><strong>07\/12\/2026<\/strong><\/td>\n<td style=\"text-align: center\" width=\"53\"><strong>10:00 h<\/strong><\/td>\n<\/tr>\n<\/tbody>\n<\/table>\n<p>*As reuni\u00f5es s\u00e3o p\u00fablicas e acontecem na Sala de Reuni\u00f5es Professor Roberto Samanez Mercado localizada no Pr\u00e9dio da Diretoria do Instituto de Florestas.<\/p>\n<p>Calend\u00e1rio de reuni\u00f5es do ano de 2026, aprovado segundo <a href=\"https:\/\/sipac.ufrrj.br\/public\/jsp\/documentos\/documento_visualizacao.jsf?idDoc=2014309\" target=\"_blank\" rel=\"noopener\">Delibera\u00e7\u00e3o N\u00ba 615 \/ 2025<\/a> &#8211; IF, de 8 de dezembro de 2025. Dispon\u00edvel <a href=\"https:\/\/sipac.ufrrj.br\/public\/jsp\/documentos\/documento_visualizacao.jsf?idDoc=2014309\" target=\"_blank\" rel=\"noopener\">aqui.<\/a><\/p>\n","protected":false},"excerpt":{"rendered":"<p>CONSUNI\/IF 2026&nbsp;&#8211; Reuni\u00f5es Ordin\u00e1rias * Dia da Semana Data Hora * * * Segunda-feira 09\/02\/2026 10:00 h Segunda-feira 09\/03\/2026 10:00 h Sexta-feira [&hellip;]<\/p>\n","protected":false},"author":8,"featured_media":0,"parent":0,"menu_order":0,"comment_status":"open","ping_status":"open","template":"","meta":{"_acf_changed":false,"ngg_post_thumbnail":0,"_themeisle_gutenberg_block_has_review":false,"footnotes":"","_links_to":"","_links_to_target":""},"class_list":["post-173","page","type-page","status-publish","hentry"],"acf":[],"yoast_head":"<!-- This site is optimized with the Yoast SEO plugin v26.8 - https:\/\/yoast.com\/product\/yoast-seo-wordpress\/ -->\n<title>Calend\u00e1rio de Reuni\u00f5es - IF<\/title>\n<meta name=\"robots\" content=\"index, follow, max-snippet:-1, max-image-preview:large, max-video-preview:-1\" \/>\n<link rel=\"canonical\" href=\"https:\/\/institutos.ufrrj.br\/if\/calendario-de-reunioes\/\" \/>\n<meta property=\"og:locale\" content=\"pt_BR\" \/>\n<meta property=\"og:type\" content=\"article\" \/>\n<meta property=\"og:title\" content=\"Calend\u00e1rio de Reuni\u00f5es - IF\" \/>\n<meta property=\"og:description\" content=\"CONSUNI\/IF 2026&nbsp;&#8211; Reuni\u00f5es Ordin\u00e1rias * Dia da Semana Data Hora * * * Segunda-feira 09\/02\/2026 10:00 h Segunda-feira 09\/03\/2026 10:00 h Sexta-feira [&hellip;]\" \/>\n<meta property=\"og:url\" content=\"https:\/\/institutos.ufrrj.br\/if\/calendario-de-reunioes\/\" \/>\n<meta property=\"og:site_name\" content=\"IF\" \/>\n<meta property=\"article:modified_time\" content=\"2026-02-02T16:39:19+00:00\" \/>\n<meta name=\"twitter:card\" content=\"summary_large_image\" \/>\n<meta name=\"twitter:label1\" content=\"Est. tempo de leitura\" \/>\n\t<meta name=\"twitter:data1\" content=\"1 minuto\" \/>\n<script type=\"application\/ld+json\" class=\"yoast-schema-graph\">{\"@context\":\"https:\/\/schema.org\",\"@graph\":[{\"@type\":\"WebPage\",\"@id\":\"https:\/\/institutos.ufrrj.br\/if\/calendario-de-reunioes\/\",\"url\":\"https:\/\/institutos.ufrrj.br\/if\/calendario-de-reunioes\/\",\"name\":\"Calend\u00e1rio de Reuni\u00f5es - IF\",\"isPartOf\":{\"@id\":\"https:\/\/institutos.ufrrj.br\/if\/#website\"},\"datePublished\":\"2014-12-02T12:41:06+00:00\",\"dateModified\":\"2026-02-02T16:39:19+00:00\",\"breadcrumb\":{\"@id\":\"https:\/\/institutos.ufrrj.br\/if\/calendario-de-reunioes\/#breadcrumb\"},\"inLanguage\":\"pt-BR\",\"potentialAction\":[{\"@type\":\"ReadAction\",\"target\":[\"https:\/\/institutos.ufrrj.br\/if\/calendario-de-reunioes\/\"]}]},{\"@type\":\"BreadcrumbList\",\"@id\":\"https:\/\/institutos.ufrrj.br\/if\/calendario-de-reunioes\/#breadcrumb\",\"itemListElement\":[{\"@type\":\"ListItem\",\"position\":1,\"name\":\"In\u00edcio\",\"item\":\"https:\/\/institutos.ufrrj.br\/if\/\"},{\"@type\":\"ListItem\",\"position\":2,\"name\":\"Calend\u00e1rio de Reuni\u00f5es\"}]},{\"@type\":\"WebSite\",\"@id\":\"https:\/\/institutos.ufrrj.br\/if\/#website\",\"url\":\"https:\/\/institutos.ufrrj.br\/if\/\",\"name\":\"IF - Instituto de Floresta\",\"description\":\"Instituto de Florestas\",\"potentialAction\":[{\"@type\":\"SearchAction\",\"target\":{\"@type\":\"EntryPoint\",\"urlTemplate\":\"https:\/\/institutos.ufrrj.br\/if\/?s={search_term_string}\"},\"query-input\":{\"@type\":\"PropertyValueSpecification\",\"valueRequired\":true,\"valueName\":\"search_term_string\"}}],\"inLanguage\":\"pt-BR\"}]}<\/script>\n<!-- \/ Yoast SEO plugin. -->","yoast_head_json":{"title":"Calend\u00e1rio de Reuni\u00f5es - IF","robots":{"index":"index","follow":"follow","max-snippet":"max-snippet:-1","max-image-preview":"max-image-preview:large","max-video-preview":"max-video-preview:-1"},"canonical":"https:\/\/institutos.ufrrj.br\/if\/calendario-de-reunioes\/","og_locale":"pt_BR","og_type":"article","og_title":"Calend\u00e1rio de Reuni\u00f5es - IF","og_description":"CONSUNI\/IF 2026&nbsp;&#8211; Reuni\u00f5es Ordin\u00e1rias * Dia da Semana Data Hora * * * Segunda-feira 09\/02\/2026 10:00 h Segunda-feira 09\/03\/2026 10:00 h Sexta-feira [&hellip;]","og_url":"https:\/\/institutos.ufrrj.br\/if\/calendario-de-reunioes\/","og_site_name":"IF","article_modified_time":"2026-02-02T16:39:19+00:00","twitter_card":"summary_large_image","twitter_misc":{"Est. tempo de leitura":"1 minuto"},"schema":{"@context":"https:\/\/schema.org","@graph":[{"@type":"WebPage","@id":"https:\/\/institutos.ufrrj.br\/if\/calendario-de-reunioes\/","url":"https:\/\/institutos.ufrrj.br\/if\/calendario-de-reunioes\/","name":"Calend\u00e1rio de Reuni\u00f5es - IF","isPartOf":{"@id":"https:\/\/institutos.ufrrj.br\/if\/#website"},"datePublished":"2014-12-02T12:41:06+00:00","dateModified":"2026-02-02T16:39:19+00:00","breadcrumb":{"@id":"https:\/\/institutos.ufrrj.br\/if\/calendario-de-reunioes\/#breadcrumb"},"inLanguage":"pt-BR","potentialAction":[{"@type":"ReadAction","target":["https:\/\/institutos.ufrrj.br\/if\/calendario-de-reunioes\/"]}]},{"@type":"BreadcrumbList","@id":"https:\/\/institutos.ufrrj.br\/if\/calendario-de-reunioes\/#breadcrumb","itemListElement":[{"@type":"ListItem","position":1,"name":"In\u00edcio","item":"https:\/\/institutos.ufrrj.br\/if\/"},{"@type":"ListItem","position":2,"name":"Calend\u00e1rio de Reuni\u00f5es"}]},{"@type":"WebSite","@id":"https:\/\/institutos.ufrrj.br\/if\/#website","url":"https:\/\/institutos.ufrrj.br\/if\/","name":"IF - Instituto de Floresta","description":"Instituto de Florestas","potentialAction":[{"@type":"SearchAction","target":{"@type":"EntryPoint","urlTemplate":"https:\/\/institutos.ufrrj.br\/if\/?s={search_term_string}"},"query-input":{"@type":"PropertyValueSpecification","valueRequired":true,"valueName":"search_term_string"}}],"inLanguage":"pt-BR"}]}},"_links":{"self":[{"href":"https:\/\/institutos.ufrrj.br\/if\/wp-json\/wp\/v2\/pages\/173","targetHints":{"allow":["GET"]}}],"collection":[{"href":"https:\/\/institutos.ufrrj.br\/if\/wp-json\/wp\/v2\/pages"}],"about":[{"href":"https:\/\/institutos.ufrrj.br\/if\/wp-json\/wp\/v2\/types\/page"}],"author":[{"embeddable":true,"href":"https:\/\/institutos.ufrrj.br\/if\/wp-json\/wp\/v2\/users\/8"}],"replies":[{"embeddable":true,"href":"https:\/\/institutos.ufrrj.br\/if\/wp-json\/wp\/v2\/comments?post=173"}],"version-history":[{"count":22,"href":"https:\/\/institutos.ufrrj.br\/if\/wp-json\/wp\/v2\/pages\/173\/revisions"}],"predecessor-version":[{"id":4607,"href":"https:\/\/institutos.ufrrj.br\/if\/wp-json\/wp\/v2\/pages\/173\/revisions\/4607"}],"wp:attachment":[{"href":"https:\/\/institutos.ufrrj.br\/if\/wp-json\/wp\/v2\/media?parent=173"}],"curies":[{"name":"wp","href":"https:\/\/api.w.org\/{rel}","templated":true}]}}